{"id":41113,"date":"2025-05-18T12:32:23","date_gmt":"2025-05-18T09:32:23","guid":{"rendered":"https:\/\/miumjau.ee\/toode\/frigera-dziovinti-vistienos-skrandziai-150-g\/"},"modified":"2026-01-19T22:46:24","modified_gmt":"2026-01-19T20:46:24","slug":"frigera-dziovinti-vistienos-skrandziai-150-g","status":"publish","type":"product","link":"https:\/\/miumjau.ee\/lt\/produktas\/frigera-dziovinti-vistienos-skrandziai-150-g\/","title":{"rendered":"Frigera d\u017eiovinti vi\u0161tienos skrand\u017eiai, 150 g"},"content":{"rendered":"","protected":false},"excerpt":{"rendered":"<p>FRIGERA d\u017eiovinti vi\u0161tienos skrandukai yra skan\u016bs ir lengvai vir\u0161kinami skan\u0117stai, puikiai tinkantys vis\u0173 dyd\u017ei\u0173 ir am\u017eiaus \u0161unims. \u0160ie 100% nat\u016bral\u016bs skan\u0117stai pagaminti i\u0161 auk\u0161tos kokyb\u0117s vi\u0161tienos, be konservant\u0173 ir dirbtini\u0173 da\u017eikli\u0173. Vi\u0161tienos skrandukai yra turtingi baltymais ir svarbiomis maistin\u0117mis med\u017eiagomis, palaikan\u010diomis vir\u0161kinim\u0105 bei suteikian\u010diomis energijos ir gardaus atlygio kiekvienai dienai. Puikiai tinka net ir jautresn\u0117s vir\u0161kinimo sistemos \u0161unims!<\/p>\n<p><strong>Grynasis kiekis:<\/strong> 150 g.<strong>Sudedamosios dalys:<\/strong> 100% vi\u0161tienos skrandukai.<strong>Analitin\u0117 sud\u0117tis:<\/strong> \u017ealias baltymas 83,6%, \u017eali riebalai 4,1%, \u017eali pelenai 4,3%, dr\u0117gm\u0117 7,2%.<strong>\u0160\u0117rimo rekomendacijos:<\/strong> duokite kaip skan\u0117st\u0105 tarp valgym\u0173 arba kaip atlyg\u012f kaip subalansuotos mitybos dal\u012f. U\u017etikrinkite, kad \u0161uo visada tur\u0117t\u0173 \u0161vie\u017eio vandens. Tinka kasdieniam naudojimui, bet duokite tik pri\u017ei\u016brint. Netinka \u017emoni\u0173 maistui.<\/p>\n","protected":false},"featured_media":41239,"template":"","meta":[],"product_brand":[],"product_cat":[540,524],"product_tag":[],"class_list":{"0":"post-41113","1":"product","2":"type-product","3":"status-publish","4":"has-post-thumbnail","6":"product_cat-skanestai-sunims","7":"product_cat-kaup24-lt","9":"first","10":"instock","11":"sale","12":"taxable","13":"shipping-taxable","14":"purchasable","15":"product-type-simple"},"yoast_head":"<!-- This site is optimized with the Yoast SEO plugin v27.2 - https:\/\/yoast.com\/product\/yoast-seo-wordpress\/ -->\n<title>Frigera d\u017eiovinti vi\u0161tienos skrand\u017eiai, 150 g - MiuMjau<\/title>\n<meta name=\"robots\" content=\"index, follow, max-snippet:-1, max-image-preview:large, max-video-preview:-1\" \/>\n<link rel=\"canonical\" href=\"https:\/\/miumjau.ee\/lt\/produktas\/frigera-dziovinti-vistienos-skrandziai-150-g\/\" \/>\n<meta property=\"og:locale\" content=\"lt_LT\" \/>\n<meta property=\"og:type\" content=\"article\" \/>\n<meta property=\"og:title\" content=\"Frigera d\u017eiovinti vi\u0161tienos skrand\u017eiai, 150 g - MiuMjau\" \/>\n<meta property=\"og:description\" content=\"FRIGERA d\u017eiovinti vi\u0161tienos skrandukai yra skan\u016bs ir lengvai vir\u0161kinami skan\u0117stai, puikiai tinkantys vis\u0173 dyd\u017ei\u0173 ir am\u017eiaus \u0161unims. \u0160ie 100% nat\u016bral\u016bs skan\u0117stai pagaminti i\u0161 auk\u0161tos kokyb\u0117s vi\u0161tienos, be konservant\u0173 ir dirbtini\u0173 da\u017eikli\u0173. Vi\u0161tienos skrandukai yra turtingi baltymais ir svarbiomis maistin\u0117mis med\u017eiagomis, palaikan\u010diomis vir\u0161kinim\u0105 bei suteikian\u010diomis energijos ir gardaus atlygio kiekvienai dienai. Puikiai tinka net ir jautresn\u0117s vir\u0161kinimo sistemos \u0161unims! Grynasis kiekis: 150 g.Sudedamosios dalys: 100% vi\u0161tienos skrandukai.Analitin\u0117 sud\u0117tis: \u017ealias baltymas 83,6%, \u017eali riebalai 4,1%, \u017eali pelenai 4,3%, dr\u0117gm\u0117 7,2%.\u0160\u0117rimo rekomendacijos: duokite kaip skan\u0117st\u0105 tarp valgym\u0173 arba kaip atlyg\u012f kaip subalansuotos mitybos dal\u012f. U\u017etikrinkite, kad \u0161uo visada tur\u0117t\u0173 \u0161vie\u017eio vandens. Tinka kasdieniam naudojimui, bet duokite tik pri\u017ei\u016brint. Netinka \u017emoni\u0173 maistui.\" \/>\n<meta property=\"og:url\" content=\"https:\/\/miumjau.ee\/lt\/produktas\/frigera-dziovinti-vistienos-skrandziai-150-g\/\" \/>\n<meta property=\"og:site_name\" content=\"MiuMjau\" \/>\n<meta property=\"article:publisher\" content=\"https:\/\/www.facebook.com\/miumjaupood\/\" \/>\n<meta property=\"article:modified_time\" content=\"2026-01-19T20:46:24+00:00\" \/>\n<meta property=\"og:image\" content=\"https:\/\/miumjau.ee\/wp-content\/uploads\/2025\/05\/frigera-koerte-maius-kana-magu-150g-1-Photoroom.jpg\" \/>\n\t<meta property=\"og:image:width\" content=\"600\" \/>\n\t<meta property=\"og:image:height\" content=\"800\" \/>\n\t<meta property=\"og:image:type\" content=\"image\/jpeg\" \/>\n<meta name=\"twitter:card\" content=\"summary_large_image\" \/>\n<script type=\"application\/ld+json\" class=\"yoast-schema-graph\">{\"@context\":\"https:\/\/schema.org\",\"@graph\":[{\"@type\":\"WebPage\",\"@id\":\"https:\/\/miumjau.ee\/lt\/produktas\/frigera-dziovinti-vistienos-skrandziai-150-g\/\",\"url\":\"https:\/\/miumjau.ee\/lt\/produktas\/frigera-dziovinti-vistienos-skrandziai-150-g\/\",\"name\":\"Frigera d\u017eiovinti vi\u0161tienos skrand\u017eiai, 150 g - MiuMjau\",\"isPartOf\":{\"@id\":\"https:\/\/miumjau.ee\/#website\"},\"primaryImageOfPage\":{\"@id\":\"https:\/\/miumjau.ee\/lt\/produktas\/frigera-dziovinti-vistienos-skrandziai-150-g\/#primaryimage\"},\"image\":{\"@id\":\"https:\/\/miumjau.ee\/lt\/produktas\/frigera-dziovinti-vistienos-skrandziai-150-g\/#primaryimage\"},\"thumbnailUrl\":\"https:\/\/miumjau.ee\/wp-content\/uploads\/2025\/05\/frigera-koerte-maius-kana-magu-150g-1-Photoroom.jpg\",\"datePublished\":\"2025-05-18T09:32:23+00:00\",\"dateModified\":\"2026-01-19T20:46:24+00:00\",\"breadcrumb\":{\"@id\":\"https:\/\/miumjau.ee\/lt\/produktas\/frigera-dziovinti-vistienos-skrandziai-150-g\/#breadcrumb\"},\"inLanguage\":\"lt-LT\",\"potentialAction\":[{\"@type\":\"ReadAction\",\"target\":[\"https:\/\/miumjau.ee\/lt\/produktas\/frigera-dziovinti-vistienos-skrandziai-150-g\/\"]}]},{\"@type\":\"ImageObject\",\"inLanguage\":\"lt-LT\",\"@id\":\"https:\/\/miumjau.ee\/lt\/produktas\/frigera-dziovinti-vistienos-skrandziai-150-g\/#primaryimage\",\"url\":\"https:\/\/miumjau.ee\/wp-content\/uploads\/2025\/05\/frigera-koerte-maius-kana-magu-150g-1-Photoroom.jpg\",\"contentUrl\":\"https:\/\/miumjau.ee\/wp-content\/uploads\/2025\/05\/frigera-koerte-maius-kana-magu-150g-1-Photoroom.jpg\",\"width\":600,\"height\":800,\"caption\":\"Frigera kuivatatud kana magu, 150 g\"},{\"@type\":\"BreadcrumbList\",\"@id\":\"https:\/\/miumjau.ee\/lt\/produktas\/frigera-dziovinti-vistienos-skrandziai-150-g\/#breadcrumb\",\"itemListElement\":[{\"@type\":\"ListItem\",\"position\":1,\"name\":\"Home\",\"item\":\"https:\/\/miumjau.ee\/lt\/\"},{\"@type\":\"ListItem\",\"position\":2,\"name\":\"Parduotuv\u0117\",\"item\":\"https:\/\/miumjau.ee\/lt\/parduotuve\/\"},{\"@type\":\"ListItem\",\"position\":3,\"name\":\"Frigera d\u017eiovinti vi\u0161tienos skrand\u017eiai, 150 g\"}]},{\"@type\":\"WebSite\",\"@id\":\"https:\/\/miumjau.ee\/#website\",\"url\":\"https:\/\/miumjau.ee\/\",\"name\":\"MiuMjau\",\"description\":\"Kraapimispuud kassidele\",\"publisher\":{\"@id\":\"https:\/\/miumjau.ee\/#organization\"},\"potentialAction\":[{\"@type\":\"SearchAction\",\"target\":{\"@type\":\"EntryPoint\",\"urlTemplate\":\"https:\/\/miumjau.ee\/?s={search_term_string}\"},\"query-input\":{\"@type\":\"PropertyValueSpecification\",\"valueRequired\":true,\"valueName\":\"search_term_string\"}}],\"inLanguage\":\"lt-LT\"},{\"@type\":\"Organization\",\"@id\":\"https:\/\/miumjau.ee\/#organization\",\"name\":\"MiuMjau O\u00dc\",\"url\":\"https:\/\/miumjau.ee\/\",\"logo\":{\"@type\":\"ImageObject\",\"inLanguage\":\"lt-LT\",\"@id\":\"https:\/\/miumjau.ee\/#\/schema\/logo\/image\/\",\"url\":\"https:\/\/miumjau.ee\/wp-content\/uploads\/2022\/04\/MiuMjau-logo-kollane.png\",\"contentUrl\":\"https:\/\/miumjau.ee\/wp-content\/uploads\/2022\/04\/MiuMjau-logo-kollane.png\",\"width\":219,\"height\":100,\"caption\":\"MiuMjau O\u00dc\"},\"image\":{\"@id\":\"https:\/\/miumjau.ee\/#\/schema\/logo\/image\/\"},\"sameAs\":[\"https:\/\/www.facebook.com\/miumjaupood\/\"]}]}<\/script>\n<!-- \/ Yoast SEO plugin. -->","yoast_head_json":{"title":"Frigera d\u017eiovinti vi\u0161tienos skrand\u017eiai, 150 g - MiuMjau","robots":{"index":"index","follow":"follow","max-snippet":"max-snippet:-1","max-image-preview":"max-image-preview:large","max-video-preview":"max-video-preview:-1"},"canonical":"https:\/\/miumjau.ee\/lt\/produktas\/frigera-dziovinti-vistienos-skrandziai-150-g\/","og_locale":"lt_LT","og_type":"article","og_title":"Frigera d\u017eiovinti vi\u0161tienos skrand\u017eiai, 150 g - MiuMjau","og_description":"FRIGERA d\u017eiovinti vi\u0161tienos skrandukai yra skan\u016bs ir lengvai vir\u0161kinami skan\u0117stai, puikiai tinkantys vis\u0173 dyd\u017ei\u0173 ir am\u017eiaus \u0161unims. \u0160ie 100% nat\u016bral\u016bs skan\u0117stai pagaminti i\u0161 auk\u0161tos kokyb\u0117s vi\u0161tienos, be konservant\u0173 ir dirbtini\u0173 da\u017eikli\u0173. Vi\u0161tienos skrandukai yra turtingi baltymais ir svarbiomis maistin\u0117mis med\u017eiagomis, palaikan\u010diomis vir\u0161kinim\u0105 bei suteikian\u010diomis energijos ir gardaus atlygio kiekvienai dienai. Puikiai tinka net ir jautresn\u0117s vir\u0161kinimo sistemos \u0161unims! Grynasis kiekis: 150 g.Sudedamosios dalys: 100% vi\u0161tienos skrandukai.Analitin\u0117 sud\u0117tis: \u017ealias baltymas 83,6%, \u017eali riebalai 4,1%, \u017eali pelenai 4,3%, dr\u0117gm\u0117 7,2%.\u0160\u0117rimo rekomendacijos: duokite kaip skan\u0117st\u0105 tarp valgym\u0173 arba kaip atlyg\u012f kaip subalansuotos mitybos dal\u012f. U\u017etikrinkite, kad \u0161uo visada tur\u0117t\u0173 \u0161vie\u017eio vandens. Tinka kasdieniam naudojimui, bet duokite tik pri\u017ei\u016brint. Netinka \u017emoni\u0173 maistui.","og_url":"https:\/\/miumjau.ee\/lt\/produktas\/frigera-dziovinti-vistienos-skrandziai-150-g\/","og_site_name":"MiuMjau","article_publisher":"https:\/\/www.facebook.com\/miumjaupood\/","article_modified_time":"2026-01-19T20:46:24+00:00","og_image":[{"width":600,"height":800,"url":"https:\/\/miumjau.ee\/wp-content\/uploads\/2025\/05\/frigera-koerte-maius-kana-magu-150g-1-Photoroom.jpg","type":"image\/jpeg"}],"twitter_card":"summary_large_image","schema":{"@context":"https:\/\/schema.org","@graph":[{"@type":"WebPage","@id":"https:\/\/miumjau.ee\/lt\/produktas\/frigera-dziovinti-vistienos-skrandziai-150-g\/","url":"https:\/\/miumjau.ee\/lt\/produktas\/frigera-dziovinti-vistienos-skrandziai-150-g\/","name":"Frigera d\u017eiovinti vi\u0161tienos skrand\u017eiai, 150 g - MiuMjau","isPartOf":{"@id":"https:\/\/miumjau.ee\/#website"},"primaryImageOfPage":{"@id":"https:\/\/miumjau.ee\/lt\/produktas\/frigera-dziovinti-vistienos-skrandziai-150-g\/#primaryimage"},"image":{"@id":"https:\/\/miumjau.ee\/lt\/produktas\/frigera-dziovinti-vistienos-skrandziai-150-g\/#primaryimage"},"thumbnailUrl":"https:\/\/miumjau.ee\/wp-content\/uploads\/2025\/05\/frigera-koerte-maius-kana-magu-150g-1-Photoroom.jpg","datePublished":"2025-05-18T09:32:23+00:00","dateModified":"2026-01-19T20:46:24+00:00","breadcrumb":{"@id":"https:\/\/miumjau.ee\/lt\/produktas\/frigera-dziovinti-vistienos-skrandziai-150-g\/#breadcrumb"},"inLanguage":"lt-LT","potentialAction":[{"@type":"ReadAction","target":["https:\/\/miumjau.ee\/lt\/produktas\/frigera-dziovinti-vistienos-skrandziai-150-g\/"]}]},{"@type":"ImageObject","inLanguage":"lt-LT","@id":"https:\/\/miumjau.ee\/lt\/produktas\/frigera-dziovinti-vistienos-skrandziai-150-g\/#primaryimage","url":"https:\/\/miumjau.ee\/wp-content\/uploads\/2025\/05\/frigera-koerte-maius-kana-magu-150g-1-Photoroom.jpg","contentUrl":"https:\/\/miumjau.ee\/wp-content\/uploads\/2025\/05\/frigera-koerte-maius-kana-magu-150g-1-Photoroom.jpg","width":600,"height":800,"caption":"Frigera kuivatatud kana magu, 150 g"},{"@type":"BreadcrumbList","@id":"https:\/\/miumjau.ee\/lt\/produktas\/frigera-dziovinti-vistienos-skrandziai-150-g\/#breadcrumb","itemListElement":[{"@type":"ListItem","position":1,"name":"Home","item":"https:\/\/miumjau.ee\/lt\/"},{"@type":"ListItem","position":2,"name":"Parduotuv\u0117","item":"https:\/\/miumjau.ee\/lt\/parduotuve\/"},{"@type":"ListItem","position":3,"name":"Frigera d\u017eiovinti vi\u0161tienos skrand\u017eiai, 150 g"}]},{"@type":"WebSite","@id":"https:\/\/miumjau.ee\/#website","url":"https:\/\/miumjau.ee\/","name":"MiuMjau","description":"Kraapimispuud kassidele","publisher":{"@id":"https:\/\/miumjau.ee\/#organization"},"potentialAction":[{"@type":"SearchAction","target":{"@type":"EntryPoint","urlTemplate":"https:\/\/miumjau.ee\/?s={search_term_string}"},"query-input":{"@type":"PropertyValueSpecification","valueRequired":true,"valueName":"search_term_string"}}],"inLanguage":"lt-LT"},{"@type":"Organization","@id":"https:\/\/miumjau.ee\/#organization","name":"MiuMjau O\u00dc","url":"https:\/\/miumjau.ee\/","logo":{"@type":"ImageObject","inLanguage":"lt-LT","@id":"https:\/\/miumjau.ee\/#\/schema\/logo\/image\/","url":"https:\/\/miumjau.ee\/wp-content\/uploads\/2022\/04\/MiuMjau-logo-kollane.png","contentUrl":"https:\/\/miumjau.ee\/wp-content\/uploads\/2022\/04\/MiuMjau-logo-kollane.png","width":219,"height":100,"caption":"MiuMjau O\u00dc"},"image":{"@id":"https:\/\/miumjau.ee\/#\/schema\/logo\/image\/"},"sameAs":["https:\/\/www.facebook.com\/miumjaupood\/"]}]}},"_links":{"self":[{"href":"https:\/\/miumjau.ee\/lt\/wp-json\/wp\/v2\/product\/41113","targetHints":{"allow":["GET"]}}],"collection":[{"href":"https:\/\/miumjau.ee\/lt\/wp-json\/wp\/v2\/product"}],"about":[{"href":"https:\/\/miumjau.ee\/lt\/wp-json\/wp\/v2\/types\/product"}],"wp:featuredmedia":[{"embeddable":true,"href":"https:\/\/miumjau.ee\/lt\/wp-json\/wp\/v2\/media\/41239"}],"wp:attachment":[{"href":"https:\/\/miumjau.ee\/lt\/wp-json\/wp\/v2\/media?parent=41113"}],"wp:term":[{"taxonomy":"product_brand","embeddable":true,"href":"https:\/\/miumjau.ee\/lt\/wp-json\/wp\/v2\/product_brand?post=41113"},{"taxonomy":"product_cat","embeddable":true,"href":"https:\/\/miumjau.ee\/lt\/wp-json\/wp\/v2\/product_cat?post=41113"},{"taxonomy":"product_tag","embeddable":true,"href":"https:\/\/miumjau.ee\/lt\/wp-json\/wp\/v2\/product_tag?post=41113"}],"curies":[{"name":"wp","href":"https:\/\/api.w.org\/{rel}","templated":true}]}}