{"id":41112,"date":"2025-05-18T12:08:53","date_gmt":"2025-05-18T09:08:53","guid":{"rendered":"https:\/\/miumjau.ee\/toode\/frigera-suns-skanestas-zuvies-ziedai-2-vnt-min-110-g\/"},"modified":"2026-01-07T20:54:10","modified_gmt":"2026-01-07T18:54:10","slug":"frigera-suns-skanestas-zuvies-ziedai-2-vnt-min-110-g","status":"publish","type":"product","link":"https:\/\/miumjau.ee\/lt\/produktas\/frigera-suns-skanestas-zuvies-ziedai-2-vnt-min-110-g\/","title":{"rendered":"Frigera \u0161uns skan\u0117stas, \u017euvies \u017eiedai, 2 vnt (min. 110 g)"},"content":{"rendered":"","protected":false},"excerpt":{"rendered":"<p>Frigera \u0161un\u0173 skan\u0117stas \u201e\u017euvies \u017eiedas\u201c yra nat\u016bralus ir sveikas bei puikiai tinka vis\u0173 dyd\u017ei\u0173 \u0161unims! \u0160ie tra\u0161k\u016bs gabaliukai neturi joki\u0173 dirbtini\u0173 pried\u0173 ar gr\u016bd\u0173 ir pagaminti i\u0161 100% \u017euvies. \u017duvies oda yra puikus omega-3 riebal\u0173 r\u016bg\u0161\u010di\u0173 \u0161altinis. Pavargote ie\u0161koti s\u0105moningo skan\u0117sto, kuriuo gal\u0117tum\u0117te palepinti savo linkus\u012f priaugti svorio ar jautr\u0173 augintin\u012f? Paie\u0161kos baigtos \u2013 FRIGERA \u017euvies \u017eiedas yra b\u016btent tai, ko reikia! Lengvai vir\u0161kinamas skan\u0117stas, kuriame gausu kokybi\u0161ko gyv\u016bninio baltymo, omega-3 riebal\u0173 r\u016bg\u0161\u010di\u0173 ir nauding\u0173 aliej\u0173. Omega-3 padeda i\u0161laikyti \u0161uns kail\u012f blizgant\u012f ir od\u0105 sveik\u0105, ma\u017eina nie\u017eul\u012f bei sausum\u0105, o kartu stiprina bendr\u0105 sveikat\u0105. \u0160velniai d\u017eiovintas ir \u012f tra\u0161k\u0173 \u017eied\u0105 suformuotas skan\u0117stas padeda valyti dantis ir ma\u017eina apna\u0161as. Skirtingai nei daugelis kit\u0173 rinkoje esan\u010di\u0173 \u017euvies skan\u0117st\u0173, m\u016bs\u0173 \u017eiedai gaminami tik i\u0161 \u017euvies odos, be riebaus m\u0117sos pertekliaus \u2013 tai rei\u0161kia ma\u017eesn\u012f riebal\u0173 kiek\u012f ir protingesn\u012f pasirinkim\u0105 tavo mylimam augintiniui!<\/p>\n<p><strong>Grynasis kiekis:<\/strong> 110 g.<br \/>\n<strong>Sudedamosios dalys:<\/strong> 100% \u017euvis.<br \/>\n<strong>Analitin\u0117 sud\u0117tis:<\/strong> \u017ealias baltymas 50%, \u017eali riebalai 12%, \u017eali pelenai 10%, dr\u0117gm\u0117 14%.<br \/>\n<strong>\u0160\u0117rimo rekomendacijos:<\/strong> duokite kaip skan\u0117st\u0105 tarp valgym\u0173 arba kaip atlyg\u012f kaip subalansuotos mitybos dal\u012f. U\u017etikrinkite, kad \u0161uo visada tur\u0117t\u0173 \u0161vie\u017eio vandens. Tinka kasdieniam naudojimui, bet duokite tik pri\u017ei\u016brint. Netinka \u017emoni\u0173 maistui.<\/p>\n","protected":false},"featured_media":41238,"template":"","meta":[],"product_brand":[],"product_cat":[524,540],"product_tag":[],"class_list":{"0":"post-41112","1":"product","2":"type-product","3":"status-publish","4":"has-post-thumbnail","6":"product_cat-kaup24-lt","7":"product_cat-skanestai-sunims","9":"first","10":"instock","11":"taxable","12":"shipping-taxable","13":"purchasable","14":"product-type-simple"},"yoast_head":"<!-- This site is optimized with the Yoast SEO plugin v27.4 - https:\/\/yoast.com\/product\/yoast-seo-wordpress\/ -->\n<title>Frigera \u0161uns skan\u0117stas, \u017euvies \u017eiedai, 2 vnt (min. 110 g) - MiuMjau<\/title>\n<meta name=\"robots\" content=\"index, follow, max-snippet:-1, max-image-preview:large, max-video-preview:-1\" \/>\n<link rel=\"canonical\" href=\"https:\/\/miumjau.ee\/lt\/produktas\/frigera-suns-skanestas-zuvies-ziedai-2-vnt-min-110-g\/\" \/>\n<meta property=\"og:locale\" content=\"lt_LT\" \/>\n<meta property=\"og:type\" content=\"article\" \/>\n<meta property=\"og:title\" content=\"Frigera \u0161uns skan\u0117stas, \u017euvies \u017eiedai, 2 vnt (min. 110 g) - MiuMjau\" \/>\n<meta property=\"og:description\" content=\"Frigera \u0161un\u0173 skan\u0117stas \u201e\u017euvies \u017eiedas\u201c yra nat\u016bralus ir sveikas bei puikiai tinka vis\u0173 dyd\u017ei\u0173 \u0161unims! \u0160ie tra\u0161k\u016bs gabaliukai neturi joki\u0173 dirbtini\u0173 pried\u0173 ar gr\u016bd\u0173 ir pagaminti i\u0161 100% \u017euvies. \u017duvies oda yra puikus omega-3 riebal\u0173 r\u016bg\u0161\u010di\u0173 \u0161altinis. Pavargote ie\u0161koti s\u0105moningo skan\u0117sto, kuriuo gal\u0117tum\u0117te palepinti savo linkus\u012f priaugti svorio ar jautr\u0173 augintin\u012f? Paie\u0161kos baigtos \u2013 FRIGERA \u017euvies \u017eiedas yra b\u016btent tai, ko reikia! Lengvai vir\u0161kinamas skan\u0117stas, kuriame gausu kokybi\u0161ko gyv\u016bninio baltymo, omega-3 riebal\u0173 r\u016bg\u0161\u010di\u0173 ir nauding\u0173 aliej\u0173. Omega-3 padeda i\u0161laikyti \u0161uns kail\u012f blizgant\u012f ir od\u0105 sveik\u0105, ma\u017eina nie\u017eul\u012f bei sausum\u0105, o kartu stiprina bendr\u0105 sveikat\u0105. \u0160velniai d\u017eiovintas ir \u012f tra\u0161k\u0173 \u017eied\u0105 suformuotas skan\u0117stas padeda valyti dantis ir ma\u017eina apna\u0161as. Skirtingai nei daugelis kit\u0173 rinkoje esan\u010di\u0173 \u017euvies skan\u0117st\u0173, m\u016bs\u0173 \u017eiedai gaminami tik i\u0161 \u017euvies odos, be riebaus m\u0117sos pertekliaus \u2013 tai rei\u0161kia ma\u017eesn\u012f riebal\u0173 kiek\u012f ir protingesn\u012f pasirinkim\u0105 tavo mylimam augintiniui!  Grynasis kiekis: 110 g. Sudedamosios dalys: 100% \u017euvis. Analitin\u0117 sud\u0117tis: \u017ealias baltymas 50%, \u017eali riebalai 12%, \u017eali pelenai 10%, dr\u0117gm\u0117 14%. \u0160\u0117rimo rekomendacijos: duokite kaip skan\u0117st\u0105 tarp valgym\u0173 arba kaip atlyg\u012f kaip subalansuotos mitybos dal\u012f. U\u017etikrinkite, kad \u0161uo visada tur\u0117t\u0173 \u0161vie\u017eio vandens. Tinka kasdieniam naudojimui, bet duokite tik pri\u017ei\u016brint. Netinka \u017emoni\u0173 maistui.\" \/>\n<meta property=\"og:url\" content=\"https:\/\/miumjau.ee\/lt\/produktas\/frigera-suns-skanestas-zuvies-ziedai-2-vnt-min-110-g\/\" \/>\n<meta property=\"og:site_name\" content=\"MiuMjau\" \/>\n<meta property=\"article:publisher\" content=\"https:\/\/www.facebook.com\/miumjaupood\/\" \/>\n<meta property=\"article:modified_time\" content=\"2026-01-07T18:54:10+00:00\" \/>\n<meta property=\"og:image\" content=\"https:\/\/miumjau.ee\/wp-content\/uploads\/2025\/05\/frigera-koerte-maius-kalasoorik-2tk-min-110g-1-Photoroom.jpg\" \/>\n\t<meta property=\"og:image:width\" content=\"600\" \/>\n\t<meta property=\"og:image:height\" content=\"800\" \/>\n\t<meta property=\"og:image:type\" content=\"image\/jpeg\" \/>\n<meta name=\"twitter:card\" content=\"summary_large_image\" \/>\n<script type=\"application\/ld+json\" class=\"yoast-schema-graph\">{\"@context\":\"https:\\\/\\\/schema.org\",\"@graph\":[{\"@type\":\"WebPage\",\"@id\":\"https:\\\/\\\/miumjau.ee\\\/lt\\\/produktas\\\/frigera-suns-skanestas-zuvies-ziedai-2-vnt-min-110-g\\\/\",\"url\":\"https:\\\/\\\/miumjau.ee\\\/lt\\\/produktas\\\/frigera-suns-skanestas-zuvies-ziedai-2-vnt-min-110-g\\\/\",\"name\":\"Frigera \u0161uns skan\u0117stas, \u017euvies \u017eiedai, 2 vnt (min. 110 g) - MiuMjau\",\"isPartOf\":{\"@id\":\"https:\\\/\\\/miumjau.ee\\\/#website\"},\"primaryImageOfPage\":{\"@id\":\"https:\\\/\\\/miumjau.ee\\\/lt\\\/produktas\\\/frigera-suns-skanestas-zuvies-ziedai-2-vnt-min-110-g\\\/#primaryimage\"},\"image\":{\"@id\":\"https:\\\/\\\/miumjau.ee\\\/lt\\\/produktas\\\/frigera-suns-skanestas-zuvies-ziedai-2-vnt-min-110-g\\\/#primaryimage\"},\"thumbnailUrl\":\"https:\\\/\\\/miumjau.ee\\\/wp-content\\\/uploads\\\/2025\\\/05\\\/frigera-koerte-maius-kalasoorik-2tk-min-110g-1-Photoroom.jpg\",\"datePublished\":\"2025-05-18T09:08:53+00:00\",\"dateModified\":\"2026-01-07T18:54:10+00:00\",\"breadcrumb\":{\"@id\":\"https:\\\/\\\/miumjau.ee\\\/lt\\\/produktas\\\/frigera-suns-skanestas-zuvies-ziedai-2-vnt-min-110-g\\\/#breadcrumb\"},\"inLanguage\":\"lt-LT\",\"potentialAction\":[{\"@type\":\"ReadAction\",\"target\":[\"https:\\\/\\\/miumjau.ee\\\/lt\\\/produktas\\\/frigera-suns-skanestas-zuvies-ziedai-2-vnt-min-110-g\\\/\"]}]},{\"@type\":\"ImageObject\",\"inLanguage\":\"lt-LT\",\"@id\":\"https:\\\/\\\/miumjau.ee\\\/lt\\\/produktas\\\/frigera-suns-skanestas-zuvies-ziedai-2-vnt-min-110-g\\\/#primaryimage\",\"url\":\"https:\\\/\\\/miumjau.ee\\\/wp-content\\\/uploads\\\/2025\\\/05\\\/frigera-koerte-maius-kalasoorik-2tk-min-110g-1-Photoroom.jpg\",\"contentUrl\":\"https:\\\/\\\/miumjau.ee\\\/wp-content\\\/uploads\\\/2025\\\/05\\\/frigera-koerte-maius-kalasoorik-2tk-min-110g-1-Photoroom.jpg\",\"width\":600,\"height\":800,\"caption\":\"Frigera koerte maius, kala s\u00f5\u00f5rik, 2 tk (min. 110 g)\"},{\"@type\":\"BreadcrumbList\",\"@id\":\"https:\\\/\\\/miumjau.ee\\\/lt\\\/produktas\\\/frigera-suns-skanestas-zuvies-ziedai-2-vnt-min-110-g\\\/#breadcrumb\",\"itemListElement\":[{\"@type\":\"ListItem\",\"position\":1,\"name\":\"Home\",\"item\":\"https:\\\/\\\/miumjau.ee\\\/lt\\\/\"},{\"@type\":\"ListItem\",\"position\":2,\"name\":\"Parduotuv\u0117\",\"item\":\"https:\\\/\\\/miumjau.ee\\\/lt\\\/parduotuve\\\/\"},{\"@type\":\"ListItem\",\"position\":3,\"name\":\"Frigera \u0161uns skan\u0117stas, \u017euvies \u017eiedai, 2 vnt (min. 110 g)\"}]},{\"@type\":\"WebSite\",\"@id\":\"https:\\\/\\\/miumjau.ee\\\/#website\",\"url\":\"https:\\\/\\\/miumjau.ee\\\/\",\"name\":\"MiuMjau\",\"description\":\"Kraapimispuud kassidele\",\"publisher\":{\"@id\":\"https:\\\/\\\/miumjau.ee\\\/#organization\"},\"potentialAction\":[{\"@type\":\"SearchAction\",\"target\":{\"@type\":\"EntryPoint\",\"urlTemplate\":\"https:\\\/\\\/miumjau.ee\\\/?s={search_term_string}\"},\"query-input\":{\"@type\":\"PropertyValueSpecification\",\"valueRequired\":true,\"valueName\":\"search_term_string\"}}],\"inLanguage\":\"lt-LT\"},{\"@type\":\"Organization\",\"@id\":\"https:\\\/\\\/miumjau.ee\\\/#organization\",\"name\":\"MiuMjau O\u00dc\",\"url\":\"https:\\\/\\\/miumjau.ee\\\/\",\"logo\":{\"@type\":\"ImageObject\",\"inLanguage\":\"lt-LT\",\"@id\":\"https:\\\/\\\/miumjau.ee\\\/#\\\/schema\\\/logo\\\/image\\\/\",\"url\":\"https:\\\/\\\/miumjau.ee\\\/wp-content\\\/uploads\\\/2022\\\/04\\\/MiuMjau-logo-kollane.png\",\"contentUrl\":\"https:\\\/\\\/miumjau.ee\\\/wp-content\\\/uploads\\\/2022\\\/04\\\/MiuMjau-logo-kollane.png\",\"width\":219,\"height\":100,\"caption\":\"MiuMjau O\u00dc\"},\"image\":{\"@id\":\"https:\\\/\\\/miumjau.ee\\\/#\\\/schema\\\/logo\\\/image\\\/\"},\"sameAs\":[\"https:\\\/\\\/www.facebook.com\\\/miumjaupood\\\/\"]}]}<\/script>\n<!-- \/ Yoast SEO plugin. -->","yoast_head_json":{"title":"Frigera \u0161uns skan\u0117stas, \u017euvies \u017eiedai, 2 vnt (min. 110 g) - MiuMjau","robots":{"index":"index","follow":"follow","max-snippet":"max-snippet:-1","max-image-preview":"max-image-preview:large","max-video-preview":"max-video-preview:-1"},"canonical":"https:\/\/miumjau.ee\/lt\/produktas\/frigera-suns-skanestas-zuvies-ziedai-2-vnt-min-110-g\/","og_locale":"lt_LT","og_type":"article","og_title":"Frigera \u0161uns skan\u0117stas, \u017euvies \u017eiedai, 2 vnt (min. 110 g) - MiuMjau","og_description":"Frigera \u0161un\u0173 skan\u0117stas \u201e\u017euvies \u017eiedas\u201c yra nat\u016bralus ir sveikas bei puikiai tinka vis\u0173 dyd\u017ei\u0173 \u0161unims! \u0160ie tra\u0161k\u016bs gabaliukai neturi joki\u0173 dirbtini\u0173 pried\u0173 ar gr\u016bd\u0173 ir pagaminti i\u0161 100% \u017euvies. \u017duvies oda yra puikus omega-3 riebal\u0173 r\u016bg\u0161\u010di\u0173 \u0161altinis. Pavargote ie\u0161koti s\u0105moningo skan\u0117sto, kuriuo gal\u0117tum\u0117te palepinti savo linkus\u012f priaugti svorio ar jautr\u0173 augintin\u012f? Paie\u0161kos baigtos \u2013 FRIGERA \u017euvies \u017eiedas yra b\u016btent tai, ko reikia! Lengvai vir\u0161kinamas skan\u0117stas, kuriame gausu kokybi\u0161ko gyv\u016bninio baltymo, omega-3 riebal\u0173 r\u016bg\u0161\u010di\u0173 ir nauding\u0173 aliej\u0173. Omega-3 padeda i\u0161laikyti \u0161uns kail\u012f blizgant\u012f ir od\u0105 sveik\u0105, ma\u017eina nie\u017eul\u012f bei sausum\u0105, o kartu stiprina bendr\u0105 sveikat\u0105. \u0160velniai d\u017eiovintas ir \u012f tra\u0161k\u0173 \u017eied\u0105 suformuotas skan\u0117stas padeda valyti dantis ir ma\u017eina apna\u0161as. Skirtingai nei daugelis kit\u0173 rinkoje esan\u010di\u0173 \u017euvies skan\u0117st\u0173, m\u016bs\u0173 \u017eiedai gaminami tik i\u0161 \u017euvies odos, be riebaus m\u0117sos pertekliaus \u2013 tai rei\u0161kia ma\u017eesn\u012f riebal\u0173 kiek\u012f ir protingesn\u012f pasirinkim\u0105 tavo mylimam augintiniui!  Grynasis kiekis: 110 g. Sudedamosios dalys: 100% \u017euvis. Analitin\u0117 sud\u0117tis: \u017ealias baltymas 50%, \u017eali riebalai 12%, \u017eali pelenai 10%, dr\u0117gm\u0117 14%. \u0160\u0117rimo rekomendacijos: duokite kaip skan\u0117st\u0105 tarp valgym\u0173 arba kaip atlyg\u012f kaip subalansuotos mitybos dal\u012f. U\u017etikrinkite, kad \u0161uo visada tur\u0117t\u0173 \u0161vie\u017eio vandens. Tinka kasdieniam naudojimui, bet duokite tik pri\u017ei\u016brint. Netinka \u017emoni\u0173 maistui.","og_url":"https:\/\/miumjau.ee\/lt\/produktas\/frigera-suns-skanestas-zuvies-ziedai-2-vnt-min-110-g\/","og_site_name":"MiuMjau","article_publisher":"https:\/\/www.facebook.com\/miumjaupood\/","article_modified_time":"2026-01-07T18:54:10+00:00","og_image":[{"width":600,"height":800,"url":"https:\/\/miumjau.ee\/wp-content\/uploads\/2025\/05\/frigera-koerte-maius-kalasoorik-2tk-min-110g-1-Photoroom.jpg","type":"image\/jpeg"}],"twitter_card":"summary_large_image","schema":{"@context":"https:\/\/schema.org","@graph":[{"@type":"WebPage","@id":"https:\/\/miumjau.ee\/lt\/produktas\/frigera-suns-skanestas-zuvies-ziedai-2-vnt-min-110-g\/","url":"https:\/\/miumjau.ee\/lt\/produktas\/frigera-suns-skanestas-zuvies-ziedai-2-vnt-min-110-g\/","name":"Frigera \u0161uns skan\u0117stas, \u017euvies \u017eiedai, 2 vnt (min. 110 g) - MiuMjau","isPartOf":{"@id":"https:\/\/miumjau.ee\/#website"},"primaryImageOfPage":{"@id":"https:\/\/miumjau.ee\/lt\/produktas\/frigera-suns-skanestas-zuvies-ziedai-2-vnt-min-110-g\/#primaryimage"},"image":{"@id":"https:\/\/miumjau.ee\/lt\/produktas\/frigera-suns-skanestas-zuvies-ziedai-2-vnt-min-110-g\/#primaryimage"},"thumbnailUrl":"https:\/\/miumjau.ee\/wp-content\/uploads\/2025\/05\/frigera-koerte-maius-kalasoorik-2tk-min-110g-1-Photoroom.jpg","datePublished":"2025-05-18T09:08:53+00:00","dateModified":"2026-01-07T18:54:10+00:00","breadcrumb":{"@id":"https:\/\/miumjau.ee\/lt\/produktas\/frigera-suns-skanestas-zuvies-ziedai-2-vnt-min-110-g\/#breadcrumb"},"inLanguage":"lt-LT","potentialAction":[{"@type":"ReadAction","target":["https:\/\/miumjau.ee\/lt\/produktas\/frigera-suns-skanestas-zuvies-ziedai-2-vnt-min-110-g\/"]}]},{"@type":"ImageObject","inLanguage":"lt-LT","@id":"https:\/\/miumjau.ee\/lt\/produktas\/frigera-suns-skanestas-zuvies-ziedai-2-vnt-min-110-g\/#primaryimage","url":"https:\/\/miumjau.ee\/wp-content\/uploads\/2025\/05\/frigera-koerte-maius-kalasoorik-2tk-min-110g-1-Photoroom.jpg","contentUrl":"https:\/\/miumjau.ee\/wp-content\/uploads\/2025\/05\/frigera-koerte-maius-kalasoorik-2tk-min-110g-1-Photoroom.jpg","width":600,"height":800,"caption":"Frigera koerte maius, kala s\u00f5\u00f5rik, 2 tk (min. 110 g)"},{"@type":"BreadcrumbList","@id":"https:\/\/miumjau.ee\/lt\/produktas\/frigera-suns-skanestas-zuvies-ziedai-2-vnt-min-110-g\/#breadcrumb","itemListElement":[{"@type":"ListItem","position":1,"name":"Home","item":"https:\/\/miumjau.ee\/lt\/"},{"@type":"ListItem","position":2,"name":"Parduotuv\u0117","item":"https:\/\/miumjau.ee\/lt\/parduotuve\/"},{"@type":"ListItem","position":3,"name":"Frigera \u0161uns skan\u0117stas, \u017euvies \u017eiedai, 2 vnt (min. 110 g)"}]},{"@type":"WebSite","@id":"https:\/\/miumjau.ee\/#website","url":"https:\/\/miumjau.ee\/","name":"MiuMjau","description":"Kraapimispuud kassidele","publisher":{"@id":"https:\/\/miumjau.ee\/#organization"},"potentialAction":[{"@type":"SearchAction","target":{"@type":"EntryPoint","urlTemplate":"https:\/\/miumjau.ee\/?s={search_term_string}"},"query-input":{"@type":"PropertyValueSpecification","valueRequired":true,"valueName":"search_term_string"}}],"inLanguage":"lt-LT"},{"@type":"Organization","@id":"https:\/\/miumjau.ee\/#organization","name":"MiuMjau O\u00dc","url":"https:\/\/miumjau.ee\/","logo":{"@type":"ImageObject","inLanguage":"lt-LT","@id":"https:\/\/miumjau.ee\/#\/schema\/logo\/image\/","url":"https:\/\/miumjau.ee\/wp-content\/uploads\/2022\/04\/MiuMjau-logo-kollane.png","contentUrl":"https:\/\/miumjau.ee\/wp-content\/uploads\/2022\/04\/MiuMjau-logo-kollane.png","width":219,"height":100,"caption":"MiuMjau O\u00dc"},"image":{"@id":"https:\/\/miumjau.ee\/#\/schema\/logo\/image\/"},"sameAs":["https:\/\/www.facebook.com\/miumjaupood\/"]}]}},"_links":{"self":[{"href":"https:\/\/miumjau.ee\/lt\/wp-json\/wp\/v2\/product\/41112","targetHints":{"allow":["GET"]}}],"collection":[{"href":"https:\/\/miumjau.ee\/lt\/wp-json\/wp\/v2\/product"}],"about":[{"href":"https:\/\/miumjau.ee\/lt\/wp-json\/wp\/v2\/types\/product"}],"wp:featuredmedia":[{"embeddable":true,"href":"https:\/\/miumjau.ee\/lt\/wp-json\/wp\/v2\/media\/41238"}],"wp:attachment":[{"href":"https:\/\/miumjau.ee\/lt\/wp-json\/wp\/v2\/media?parent=41112"}],"wp:term":[{"taxonomy":"product_brand","embeddable":true,"href":"https:\/\/miumjau.ee\/lt\/wp-json\/wp\/v2\/product_brand?post=41112"},{"taxonomy":"product_cat","embeddable":true,"href":"https:\/\/miumjau.ee\/lt\/wp-json\/wp\/v2\/product_cat?post=41112"},{"taxonomy":"product_tag","embeddable":true,"href":"https:\/\/miumjau.ee\/lt\/wp-json\/wp\/v2\/product_tag?post=41112"}],"curies":[{"name":"wp","href":"https:\/\/api.w.org\/{rel}","templated":true}]}}