{"id":41111,"date":"2025-05-18T11:50:28","date_gmt":"2025-05-18T08:50:28","guid":{"rendered":"https:\/\/miumjau.ee\/toode\/frigera-dziovinta-zuvies-oda-100-g\/"},"modified":"2026-01-07T20:54:17","modified_gmt":"2026-01-07T18:54:17","slug":"frigera-dziovinta-zuvies-oda-100-g","status":"publish","type":"product","link":"https:\/\/miumjau.ee\/lt\/produktas\/frigera-dziovinta-zuvies-oda-100-g\/","title":{"rendered":"Frigera d\u017eiovinta \u017euvies oda, 100 g"},"content":{"rendered":"","protected":false},"excerpt":{"rendered":"<p>FRIGERA d\u017eiovinta \u017euvies oda yra nat\u016bralus ir sveikas skan\u0117stas, puikiai tinkantis vis\u0173 dyd\u017ei\u0173 \u0161unims! \u0160ie tra\u0161k\u016bs gabaliukai neturi joki\u0173 dirbtini\u0173 pried\u0173 ar gr\u016bd\u0173 ir pagaminti i\u0161 100% \u017euvies. \u017duvies oda yra puikus omega-3 riebal\u0173 r\u016bg\u0161\u010di\u0173 \u0161altinis, kuris padeda i\u0161laikyti \u0161uns kail\u012f blizgant\u012f, o od\u0105 \u2013 sveik\u0105. Ji taip pat palaiko s\u0105nari\u0173 veikl\u0105 ir padeda suma\u017einti u\u017edegimus. D\u017eiovinimo procesas i\u0161saugo visas vertingas maistines med\u017eiagas ir daro \u0161\u012f skan\u0117st\u0105 nauding\u0105 dantims, nes kramtydamas \u0161uo padeda pa\u0161alinti apna\u0161as.<\/p>\n<p><strong>Grynasis kiekis:<\/strong> 100 g.<strong>Sudedamosios dalys:<\/strong> 100% \u017euvies oda.<strong>Analitin\u0117 sud\u0117tis:<\/strong> \u017ealias baltymas 83%, \u017eali riebalai 3%, \u017eali pelenai 12%, dr\u0117gm\u0117 8%.<strong>\u0160\u0117rimo rekomendacijos:<\/strong> duokite kaip skan\u0117st\u0105 tarp valgym\u0173 arba kaip atlyg\u012f kaip subalansuotos mitybos dal\u012f. U\u017etikrinkite, kad \u0161uo visada tur\u0117t\u0173 \u0161vie\u017eio vandens. Tinka kasdieniam naudojimui, bet duokite tik pri\u017ei\u016brint. Netinka \u017emoni\u0173 maistui.<\/p>\n","protected":false},"featured_media":41237,"template":"","meta":[],"product_brand":[],"product_cat":[540,524],"product_tag":[],"class_list":{"0":"post-41111","1":"product","2":"type-product","3":"status-publish","4":"has-post-thumbnail","6":"product_cat-skanestai-sunims","7":"product_cat-kaup24-lt","9":"first","10":"instock","11":"taxable","12":"shipping-taxable","13":"purchasable","14":"product-type-simple"},"yoast_head":"<!-- This site is optimized with the Yoast SEO plugin v27.2 - https:\/\/yoast.com\/product\/yoast-seo-wordpress\/ -->\n<title>Frigera d\u017eiovinta \u017euvies oda, 100 g - MiuMjau<\/title>\n<meta name=\"robots\" content=\"index, follow, max-snippet:-1, max-image-preview:large, max-video-preview:-1\" \/>\n<link rel=\"canonical\" href=\"https:\/\/miumjau.ee\/lt\/produktas\/frigera-dziovinta-zuvies-oda-100-g\/\" \/>\n<meta property=\"og:locale\" content=\"lt_LT\" \/>\n<meta property=\"og:type\" content=\"article\" \/>\n<meta property=\"og:title\" content=\"Frigera d\u017eiovinta \u017euvies oda, 100 g - MiuMjau\" \/>\n<meta property=\"og:description\" content=\"FRIGERA d\u017eiovinta \u017euvies oda yra nat\u016bralus ir sveikas skan\u0117stas, puikiai tinkantis vis\u0173 dyd\u017ei\u0173 \u0161unims! \u0160ie tra\u0161k\u016bs gabaliukai neturi joki\u0173 dirbtini\u0173 pried\u0173 ar gr\u016bd\u0173 ir pagaminti i\u0161 100% \u017euvies. \u017duvies oda yra puikus omega-3 riebal\u0173 r\u016bg\u0161\u010di\u0173 \u0161altinis, kuris padeda i\u0161laikyti \u0161uns kail\u012f blizgant\u012f, o od\u0105 \u2013 sveik\u0105. Ji taip pat palaiko s\u0105nari\u0173 veikl\u0105 ir padeda suma\u017einti u\u017edegimus. D\u017eiovinimo procesas i\u0161saugo visas vertingas maistines med\u017eiagas ir daro \u0161\u012f skan\u0117st\u0105 nauding\u0105 dantims, nes kramtydamas \u0161uo padeda pa\u0161alinti apna\u0161as. Grynasis kiekis: 100 g.Sudedamosios dalys: 100% \u017euvies oda.Analitin\u0117 sud\u0117tis: \u017ealias baltymas 83%, \u017eali riebalai 3%, \u017eali pelenai 12%, dr\u0117gm\u0117 8%.\u0160\u0117rimo rekomendacijos: duokite kaip skan\u0117st\u0105 tarp valgym\u0173 arba kaip atlyg\u012f kaip subalansuotos mitybos dal\u012f. U\u017etikrinkite, kad \u0161uo visada tur\u0117t\u0173 \u0161vie\u017eio vandens. Tinka kasdieniam naudojimui, bet duokite tik pri\u017ei\u016brint. Netinka \u017emoni\u0173 maistui.\" \/>\n<meta property=\"og:url\" content=\"https:\/\/miumjau.ee\/lt\/produktas\/frigera-dziovinta-zuvies-oda-100-g\/\" \/>\n<meta property=\"og:site_name\" content=\"MiuMjau\" \/>\n<meta property=\"article:publisher\" content=\"https:\/\/www.facebook.com\/miumjaupood\/\" \/>\n<meta property=\"article:modified_time\" content=\"2026-01-07T18:54:17+00:00\" \/>\n<meta property=\"og:image\" content=\"https:\/\/miumjau.ee\/wp-content\/uploads\/2025\/05\/frigera-koerte-maius-kalanahk-100g-1-Photoroom.jpg\" \/>\n\t<meta property=\"og:image:width\" content=\"600\" \/>\n\t<meta property=\"og:image:height\" content=\"800\" \/>\n\t<meta property=\"og:image:type\" content=\"image\/jpeg\" \/>\n<meta name=\"twitter:card\" content=\"summary_large_image\" \/>\n<script type=\"application\/ld+json\" class=\"yoast-schema-graph\">{\"@context\":\"https:\/\/schema.org\",\"@graph\":[{\"@type\":\"WebPage\",\"@id\":\"https:\/\/miumjau.ee\/lt\/produktas\/frigera-dziovinta-zuvies-oda-100-g\/\",\"url\":\"https:\/\/miumjau.ee\/lt\/produktas\/frigera-dziovinta-zuvies-oda-100-g\/\",\"name\":\"Frigera d\u017eiovinta \u017euvies oda, 100 g - MiuMjau\",\"isPartOf\":{\"@id\":\"https:\/\/miumjau.ee\/#website\"},\"primaryImageOfPage\":{\"@id\":\"https:\/\/miumjau.ee\/lt\/produktas\/frigera-dziovinta-zuvies-oda-100-g\/#primaryimage\"},\"image\":{\"@id\":\"https:\/\/miumjau.ee\/lt\/produktas\/frigera-dziovinta-zuvies-oda-100-g\/#primaryimage\"},\"thumbnailUrl\":\"https:\/\/miumjau.ee\/wp-content\/uploads\/2025\/05\/frigera-koerte-maius-kalanahk-100g-1-Photoroom.jpg\",\"datePublished\":\"2025-05-18T08:50:28+00:00\",\"dateModified\":\"2026-01-07T18:54:17+00:00\",\"breadcrumb\":{\"@id\":\"https:\/\/miumjau.ee\/lt\/produktas\/frigera-dziovinta-zuvies-oda-100-g\/#breadcrumb\"},\"inLanguage\":\"lt-LT\",\"potentialAction\":[{\"@type\":\"ReadAction\",\"target\":[\"https:\/\/miumjau.ee\/lt\/produktas\/frigera-dziovinta-zuvies-oda-100-g\/\"]}]},{\"@type\":\"ImageObject\",\"inLanguage\":\"lt-LT\",\"@id\":\"https:\/\/miumjau.ee\/lt\/produktas\/frigera-dziovinta-zuvies-oda-100-g\/#primaryimage\",\"url\":\"https:\/\/miumjau.ee\/wp-content\/uploads\/2025\/05\/frigera-koerte-maius-kalanahk-100g-1-Photoroom.jpg\",\"contentUrl\":\"https:\/\/miumjau.ee\/wp-content\/uploads\/2025\/05\/frigera-koerte-maius-kalanahk-100g-1-Photoroom.jpg\",\"width\":600,\"height\":800,\"caption\":\"Frigera kuivatatud kalanahk, 100 g\"},{\"@type\":\"BreadcrumbList\",\"@id\":\"https:\/\/miumjau.ee\/lt\/produktas\/frigera-dziovinta-zuvies-oda-100-g\/#breadcrumb\",\"itemListElement\":[{\"@type\":\"ListItem\",\"position\":1,\"name\":\"Home\",\"item\":\"https:\/\/miumjau.ee\/lt\/\"},{\"@type\":\"ListItem\",\"position\":2,\"name\":\"Parduotuv\u0117\",\"item\":\"https:\/\/miumjau.ee\/lt\/parduotuve\/\"},{\"@type\":\"ListItem\",\"position\":3,\"name\":\"Frigera d\u017eiovinta \u017euvies oda, 100 g\"}]},{\"@type\":\"WebSite\",\"@id\":\"https:\/\/miumjau.ee\/#website\",\"url\":\"https:\/\/miumjau.ee\/\",\"name\":\"MiuMjau\",\"description\":\"Kraapimispuud kassidele\",\"publisher\":{\"@id\":\"https:\/\/miumjau.ee\/#organization\"},\"potentialAction\":[{\"@type\":\"SearchAction\",\"target\":{\"@type\":\"EntryPoint\",\"urlTemplate\":\"https:\/\/miumjau.ee\/?s={search_term_string}\"},\"query-input\":{\"@type\":\"PropertyValueSpecification\",\"valueRequired\":true,\"valueName\":\"search_term_string\"}}],\"inLanguage\":\"lt-LT\"},{\"@type\":\"Organization\",\"@id\":\"https:\/\/miumjau.ee\/#organization\",\"name\":\"MiuMjau O\u00dc\",\"url\":\"https:\/\/miumjau.ee\/\",\"logo\":{\"@type\":\"ImageObject\",\"inLanguage\":\"lt-LT\",\"@id\":\"https:\/\/miumjau.ee\/#\/schema\/logo\/image\/\",\"url\":\"https:\/\/miumjau.ee\/wp-content\/uploads\/2022\/04\/MiuMjau-logo-kollane.png\",\"contentUrl\":\"https:\/\/miumjau.ee\/wp-content\/uploads\/2022\/04\/MiuMjau-logo-kollane.png\",\"width\":219,\"height\":100,\"caption\":\"MiuMjau O\u00dc\"},\"image\":{\"@id\":\"https:\/\/miumjau.ee\/#\/schema\/logo\/image\/\"},\"sameAs\":[\"https:\/\/www.facebook.com\/miumjaupood\/\"]}]}<\/script>\n<!-- \/ Yoast SEO plugin. -->","yoast_head_json":{"title":"Frigera d\u017eiovinta \u017euvies oda, 100 g - MiuMjau","robots":{"index":"index","follow":"follow","max-snippet":"max-snippet:-1","max-image-preview":"max-image-preview:large","max-video-preview":"max-video-preview:-1"},"canonical":"https:\/\/miumjau.ee\/lt\/produktas\/frigera-dziovinta-zuvies-oda-100-g\/","og_locale":"lt_LT","og_type":"article","og_title":"Frigera d\u017eiovinta \u017euvies oda, 100 g - MiuMjau","og_description":"FRIGERA d\u017eiovinta \u017euvies oda yra nat\u016bralus ir sveikas skan\u0117stas, puikiai tinkantis vis\u0173 dyd\u017ei\u0173 \u0161unims! \u0160ie tra\u0161k\u016bs gabaliukai neturi joki\u0173 dirbtini\u0173 pried\u0173 ar gr\u016bd\u0173 ir pagaminti i\u0161 100% \u017euvies. \u017duvies oda yra puikus omega-3 riebal\u0173 r\u016bg\u0161\u010di\u0173 \u0161altinis, kuris padeda i\u0161laikyti \u0161uns kail\u012f blizgant\u012f, o od\u0105 \u2013 sveik\u0105. Ji taip pat palaiko s\u0105nari\u0173 veikl\u0105 ir padeda suma\u017einti u\u017edegimus. D\u017eiovinimo procesas i\u0161saugo visas vertingas maistines med\u017eiagas ir daro \u0161\u012f skan\u0117st\u0105 nauding\u0105 dantims, nes kramtydamas \u0161uo padeda pa\u0161alinti apna\u0161as. Grynasis kiekis: 100 g.Sudedamosios dalys: 100% \u017euvies oda.Analitin\u0117 sud\u0117tis: \u017ealias baltymas 83%, \u017eali riebalai 3%, \u017eali pelenai 12%, dr\u0117gm\u0117 8%.\u0160\u0117rimo rekomendacijos: duokite kaip skan\u0117st\u0105 tarp valgym\u0173 arba kaip atlyg\u012f kaip subalansuotos mitybos dal\u012f. U\u017etikrinkite, kad \u0161uo visada tur\u0117t\u0173 \u0161vie\u017eio vandens. Tinka kasdieniam naudojimui, bet duokite tik pri\u017ei\u016brint. Netinka \u017emoni\u0173 maistui.","og_url":"https:\/\/miumjau.ee\/lt\/produktas\/frigera-dziovinta-zuvies-oda-100-g\/","og_site_name":"MiuMjau","article_publisher":"https:\/\/www.facebook.com\/miumjaupood\/","article_modified_time":"2026-01-07T18:54:17+00:00","og_image":[{"width":600,"height":800,"url":"https:\/\/miumjau.ee\/wp-content\/uploads\/2025\/05\/frigera-koerte-maius-kalanahk-100g-1-Photoroom.jpg","type":"image\/jpeg"}],"twitter_card":"summary_large_image","schema":{"@context":"https:\/\/schema.org","@graph":[{"@type":"WebPage","@id":"https:\/\/miumjau.ee\/lt\/produktas\/frigera-dziovinta-zuvies-oda-100-g\/","url":"https:\/\/miumjau.ee\/lt\/produktas\/frigera-dziovinta-zuvies-oda-100-g\/","name":"Frigera d\u017eiovinta \u017euvies oda, 100 g - MiuMjau","isPartOf":{"@id":"https:\/\/miumjau.ee\/#website"},"primaryImageOfPage":{"@id":"https:\/\/miumjau.ee\/lt\/produktas\/frigera-dziovinta-zuvies-oda-100-g\/#primaryimage"},"image":{"@id":"https:\/\/miumjau.ee\/lt\/produktas\/frigera-dziovinta-zuvies-oda-100-g\/#primaryimage"},"thumbnailUrl":"https:\/\/miumjau.ee\/wp-content\/uploads\/2025\/05\/frigera-koerte-maius-kalanahk-100g-1-Photoroom.jpg","datePublished":"2025-05-18T08:50:28+00:00","dateModified":"2026-01-07T18:54:17+00:00","breadcrumb":{"@id":"https:\/\/miumjau.ee\/lt\/produktas\/frigera-dziovinta-zuvies-oda-100-g\/#breadcrumb"},"inLanguage":"lt-LT","potentialAction":[{"@type":"ReadAction","target":["https:\/\/miumjau.ee\/lt\/produktas\/frigera-dziovinta-zuvies-oda-100-g\/"]}]},{"@type":"ImageObject","inLanguage":"lt-LT","@id":"https:\/\/miumjau.ee\/lt\/produktas\/frigera-dziovinta-zuvies-oda-100-g\/#primaryimage","url":"https:\/\/miumjau.ee\/wp-content\/uploads\/2025\/05\/frigera-koerte-maius-kalanahk-100g-1-Photoroom.jpg","contentUrl":"https:\/\/miumjau.ee\/wp-content\/uploads\/2025\/05\/frigera-koerte-maius-kalanahk-100g-1-Photoroom.jpg","width":600,"height":800,"caption":"Frigera kuivatatud kalanahk, 100 g"},{"@type":"BreadcrumbList","@id":"https:\/\/miumjau.ee\/lt\/produktas\/frigera-dziovinta-zuvies-oda-100-g\/#breadcrumb","itemListElement":[{"@type":"ListItem","position":1,"name":"Home","item":"https:\/\/miumjau.ee\/lt\/"},{"@type":"ListItem","position":2,"name":"Parduotuv\u0117","item":"https:\/\/miumjau.ee\/lt\/parduotuve\/"},{"@type":"ListItem","position":3,"name":"Frigera d\u017eiovinta \u017euvies oda, 100 g"}]},{"@type":"WebSite","@id":"https:\/\/miumjau.ee\/#website","url":"https:\/\/miumjau.ee\/","name":"MiuMjau","description":"Kraapimispuud kassidele","publisher":{"@id":"https:\/\/miumjau.ee\/#organization"},"potentialAction":[{"@type":"SearchAction","target":{"@type":"EntryPoint","urlTemplate":"https:\/\/miumjau.ee\/?s={search_term_string}"},"query-input":{"@type":"PropertyValueSpecification","valueRequired":true,"valueName":"search_term_string"}}],"inLanguage":"lt-LT"},{"@type":"Organization","@id":"https:\/\/miumjau.ee\/#organization","name":"MiuMjau O\u00dc","url":"https:\/\/miumjau.ee\/","logo":{"@type":"ImageObject","inLanguage":"lt-LT","@id":"https:\/\/miumjau.ee\/#\/schema\/logo\/image\/","url":"https:\/\/miumjau.ee\/wp-content\/uploads\/2022\/04\/MiuMjau-logo-kollane.png","contentUrl":"https:\/\/miumjau.ee\/wp-content\/uploads\/2022\/04\/MiuMjau-logo-kollane.png","width":219,"height":100,"caption":"MiuMjau O\u00dc"},"image":{"@id":"https:\/\/miumjau.ee\/#\/schema\/logo\/image\/"},"sameAs":["https:\/\/www.facebook.com\/miumjaupood\/"]}]}},"_links":{"self":[{"href":"https:\/\/miumjau.ee\/lt\/wp-json\/wp\/v2\/product\/41111","targetHints":{"allow":["GET"]}}],"collection":[{"href":"https:\/\/miumjau.ee\/lt\/wp-json\/wp\/v2\/product"}],"about":[{"href":"https:\/\/miumjau.ee\/lt\/wp-json\/wp\/v2\/types\/product"}],"wp:featuredmedia":[{"embeddable":true,"href":"https:\/\/miumjau.ee\/lt\/wp-json\/wp\/v2\/media\/41237"}],"wp:attachment":[{"href":"https:\/\/miumjau.ee\/lt\/wp-json\/wp\/v2\/media?parent=41111"}],"wp:term":[{"taxonomy":"product_brand","embeddable":true,"href":"https:\/\/miumjau.ee\/lt\/wp-json\/wp\/v2\/product_brand?post=41111"},{"taxonomy":"product_cat","embeddable":true,"href":"https:\/\/miumjau.ee\/lt\/wp-json\/wp\/v2\/product_cat?post=41111"},{"taxonomy":"product_tag","embeddable":true,"href":"https:\/\/miumjau.ee\/lt\/wp-json\/wp\/v2\/product_tag?post=41111"}],"curies":[{"name":"wp","href":"https:\/\/api.w.org\/{rel}","templated":true}]}}