{"id":41110,"date":"2025-05-18T11:45:06","date_gmt":"2025-05-18T08:45:06","guid":{"rendered":"https:\/\/miumjau.ee\/toode\/frigera-lasisos-treniruociu-skanestai-96-lasisos-100-g\/"},"modified":"2026-01-07T20:54:17","modified_gmt":"2026-01-07T18:54:17","slug":"frigera-lasisos-treniruociu-skanestai-96-lasisos-100-g","status":"publish","type":"product","link":"https:\/\/miumjau.ee\/lt\/produktas\/frigera-lasisos-treniruociu-skanestai-96-lasisos-100-g\/","title":{"rendered":"Frigera la\u0161i\u0161os treniruo\u010di\u0173 skan\u0117stai, 96 % la\u0161i\u0161os, 100 g"},"content":{"rendered":"","protected":false},"excerpt":{"rendered":"<p>FRIGERA la\u0161i\u0161os treniruo\u010di\u0173 skan\u0117stai yra universal\u016bs ir sveiki. Kod\u0117l duoti savo keturkojui draugui nuobod\u017eius ir riebius skan\u0117stus, kai gali j\u012f palepinti dvigubai naudingais u\u017ekand\u017eiais? M\u016bs\u0173 gard\u016bs la\u0161i\u0161os treniruo\u010di\u0173 k\u0105sneliai yra b\u016btent tai, ko reikia tavo \u0161uniui! \u0160velniai d\u017eiovinti, mink\u0161ti, bet kartu lengvai tra\u0161k\u016bs, jie pilni nauding\u0173 maistini\u0173 med\u017eiag\u0173. \u0160ie skan\u0117stai yra turtingi baltymais ir omega-3 riebal\u0173 r\u016bg\u0161timis \u2013 tai b\u016btinosios riebal\u0173 r\u016bg\u0161tys, kuri\u0173 \u0161uns organizmas pats negamina ir kurias reikia gauti su maistu. Omega-3 palaiko blizgant\u012f kail\u012f, ma\u017eina odos sausum\u0105 ir nie\u017eul\u012f bei suteikia daugyb\u0119 kit\u0173 sveikatos privalum\u0173. D\u0117l patogaus dyd\u017eio \u0161ie skan\u0117stai idealiai tinka treniruot\u0117ms vis\u0173 dyd\u017ei\u0173 \u0161unims. Tikras dvigubas naudos ir skonio laim\u0117jimas! Nedvejok ir palepink savo augintin\u012f \u0161iuo funkciniu u\u017ekand\u017eiu!<\/p>\n<p><strong>Grynasis kiekis:<\/strong> 100 g<strong>Sudedamosios dalys:<\/strong> 96% la\u0161i\u0161a, 4% \u017eirni\u0173 baltymai.<strong>Analitin\u0117 sud\u0117tis:<\/strong> \u017ealias baltymas 58%, \u017eali riebalai 10,5%, \u017eali pelenai 3,5%, \u017ealia l\u0105steliena 1,5%, dr\u0117gm\u0117 12%.<strong>\u0160\u0117rimo rekomendacijos:<\/strong> duokite kaip skan\u0117st\u0105 tarp valgym\u0173 arba kaip atlyg\u012f kaip subalansuotos mitybos dal\u012f. U\u017etikrinkite, kad \u0161uo visada tur\u0117t\u0173 \u0161vie\u017eio vandens. Tinka kasdieniam naudojimui, bet duokite tik pri\u017ei\u016brint. Netinka \u017emoni\u0173 maistui.<\/p>\n","protected":false},"featured_media":41236,"template":"","meta":[],"product_brand":[],"product_cat":[524,540],"product_tag":[],"class_list":{"0":"post-41110","1":"product","2":"type-product","3":"status-publish","4":"has-post-thumbnail","6":"product_cat-kaup24-lt","7":"product_cat-skanestai-sunims","9":"first","10":"instock","11":"taxable","12":"shipping-taxable","13":"purchasable","14":"product-type-simple"},"yoast_head":"<!-- This site is optimized with the Yoast SEO plugin v27.4 - https:\/\/yoast.com\/product\/yoast-seo-wordpress\/ -->\n<title>Frigera la\u0161i\u0161os treniruo\u010di\u0173 skan\u0117stai, 96 % la\u0161i\u0161os, 100 g - MiuMjau<\/title>\n<meta name=\"robots\" content=\"index, follow, max-snippet:-1, max-image-preview:large, max-video-preview:-1\" \/>\n<link rel=\"canonical\" href=\"https:\/\/miumjau.ee\/lt\/produktas\/frigera-lasisos-treniruociu-skanestai-96-lasisos-100-g\/\" \/>\n<meta property=\"og:locale\" content=\"lt_LT\" \/>\n<meta property=\"og:type\" content=\"article\" \/>\n<meta property=\"og:title\" content=\"Frigera la\u0161i\u0161os treniruo\u010di\u0173 skan\u0117stai, 96 % la\u0161i\u0161os, 100 g - MiuMjau\" \/>\n<meta property=\"og:description\" content=\"FRIGERA la\u0161i\u0161os treniruo\u010di\u0173 skan\u0117stai yra universal\u016bs ir sveiki. Kod\u0117l duoti savo keturkojui draugui nuobod\u017eius ir riebius skan\u0117stus, kai gali j\u012f palepinti dvigubai naudingais u\u017ekand\u017eiais? M\u016bs\u0173 gard\u016bs la\u0161i\u0161os treniruo\u010di\u0173 k\u0105sneliai yra b\u016btent tai, ko reikia tavo \u0161uniui! \u0160velniai d\u017eiovinti, mink\u0161ti, bet kartu lengvai tra\u0161k\u016bs, jie pilni nauding\u0173 maistini\u0173 med\u017eiag\u0173. \u0160ie skan\u0117stai yra turtingi baltymais ir omega-3 riebal\u0173 r\u016bg\u0161timis \u2013 tai b\u016btinosios riebal\u0173 r\u016bg\u0161tys, kuri\u0173 \u0161uns organizmas pats negamina ir kurias reikia gauti su maistu. Omega-3 palaiko blizgant\u012f kail\u012f, ma\u017eina odos sausum\u0105 ir nie\u017eul\u012f bei suteikia daugyb\u0119 kit\u0173 sveikatos privalum\u0173. D\u0117l patogaus dyd\u017eio \u0161ie skan\u0117stai idealiai tinka treniruot\u0117ms vis\u0173 dyd\u017ei\u0173 \u0161unims. Tikras dvigubas naudos ir skonio laim\u0117jimas! Nedvejok ir palepink savo augintin\u012f \u0161iuo funkciniu u\u017ekand\u017eiu! Grynasis kiekis: 100 gSudedamosios dalys: 96% la\u0161i\u0161a, 4% \u017eirni\u0173 baltymai.Analitin\u0117 sud\u0117tis: \u017ealias baltymas 58%, \u017eali riebalai 10,5%, \u017eali pelenai 3,5%, \u017ealia l\u0105steliena 1,5%, dr\u0117gm\u0117 12%.\u0160\u0117rimo rekomendacijos: duokite kaip skan\u0117st\u0105 tarp valgym\u0173 arba kaip atlyg\u012f kaip subalansuotos mitybos dal\u012f. U\u017etikrinkite, kad \u0161uo visada tur\u0117t\u0173 \u0161vie\u017eio vandens. Tinka kasdieniam naudojimui, bet duokite tik pri\u017ei\u016brint. Netinka \u017emoni\u0173 maistui.\" \/>\n<meta property=\"og:url\" content=\"https:\/\/miumjau.ee\/lt\/produktas\/frigera-lasisos-treniruociu-skanestai-96-lasisos-100-g\/\" \/>\n<meta property=\"og:site_name\" content=\"MiuMjau\" \/>\n<meta property=\"article:publisher\" content=\"https:\/\/www.facebook.com\/miumjaupood\/\" \/>\n<meta property=\"article:modified_time\" content=\"2026-01-07T18:54:17+00:00\" \/>\n<meta property=\"og:image\" content=\"https:\/\/miumjau.ee\/wp-content\/uploads\/2025\/05\/frigera-koerte-maius-lohe-treeningmaiused-100g-1-Photoroom.jpg\" \/>\n\t<meta property=\"og:image:width\" content=\"600\" \/>\n\t<meta property=\"og:image:height\" content=\"800\" \/>\n\t<meta property=\"og:image:type\" content=\"image\/jpeg\" \/>\n<meta name=\"twitter:card\" content=\"summary_large_image\" \/>\n<script type=\"application\/ld+json\" class=\"yoast-schema-graph\">{\"@context\":\"https:\\\/\\\/schema.org\",\"@graph\":[{\"@type\":\"WebPage\",\"@id\":\"https:\\\/\\\/miumjau.ee\\\/lt\\\/produktas\\\/frigera-lasisos-treniruociu-skanestai-96-lasisos-100-g\\\/\",\"url\":\"https:\\\/\\\/miumjau.ee\\\/lt\\\/produktas\\\/frigera-lasisos-treniruociu-skanestai-96-lasisos-100-g\\\/\",\"name\":\"Frigera la\u0161i\u0161os treniruo\u010di\u0173 skan\u0117stai, 96 % la\u0161i\u0161os, 100 g - MiuMjau\",\"isPartOf\":{\"@id\":\"https:\\\/\\\/miumjau.ee\\\/#website\"},\"primaryImageOfPage\":{\"@id\":\"https:\\\/\\\/miumjau.ee\\\/lt\\\/produktas\\\/frigera-lasisos-treniruociu-skanestai-96-lasisos-100-g\\\/#primaryimage\"},\"image\":{\"@id\":\"https:\\\/\\\/miumjau.ee\\\/lt\\\/produktas\\\/frigera-lasisos-treniruociu-skanestai-96-lasisos-100-g\\\/#primaryimage\"},\"thumbnailUrl\":\"https:\\\/\\\/miumjau.ee\\\/wp-content\\\/uploads\\\/2025\\\/05\\\/frigera-koerte-maius-lohe-treeningmaiused-100g-1-Photoroom.jpg\",\"datePublished\":\"2025-05-18T08:45:06+00:00\",\"dateModified\":\"2026-01-07T18:54:17+00:00\",\"breadcrumb\":{\"@id\":\"https:\\\/\\\/miumjau.ee\\\/lt\\\/produktas\\\/frigera-lasisos-treniruociu-skanestai-96-lasisos-100-g\\\/#breadcrumb\"},\"inLanguage\":\"lt-LT\",\"potentialAction\":[{\"@type\":\"ReadAction\",\"target\":[\"https:\\\/\\\/miumjau.ee\\\/lt\\\/produktas\\\/frigera-lasisos-treniruociu-skanestai-96-lasisos-100-g\\\/\"]}]},{\"@type\":\"ImageObject\",\"inLanguage\":\"lt-LT\",\"@id\":\"https:\\\/\\\/miumjau.ee\\\/lt\\\/produktas\\\/frigera-lasisos-treniruociu-skanestai-96-lasisos-100-g\\\/#primaryimage\",\"url\":\"https:\\\/\\\/miumjau.ee\\\/wp-content\\\/uploads\\\/2025\\\/05\\\/frigera-koerte-maius-lohe-treeningmaiused-100g-1-Photoroom.jpg\",\"contentUrl\":\"https:\\\/\\\/miumjau.ee\\\/wp-content\\\/uploads\\\/2025\\\/05\\\/frigera-koerte-maius-lohe-treeningmaiused-100g-1-Photoroom.jpg\",\"width\":600,\"height\":800,\"caption\":\"Frigera l\u00f5he treeningmaiused 96% l\u00f5he, 100 g\"},{\"@type\":\"BreadcrumbList\",\"@id\":\"https:\\\/\\\/miumjau.ee\\\/lt\\\/produktas\\\/frigera-lasisos-treniruociu-skanestai-96-lasisos-100-g\\\/#breadcrumb\",\"itemListElement\":[{\"@type\":\"ListItem\",\"position\":1,\"name\":\"Home\",\"item\":\"https:\\\/\\\/miumjau.ee\\\/lt\\\/\"},{\"@type\":\"ListItem\",\"position\":2,\"name\":\"Parduotuv\u0117\",\"item\":\"https:\\\/\\\/miumjau.ee\\\/lt\\\/parduotuve\\\/\"},{\"@type\":\"ListItem\",\"position\":3,\"name\":\"Frigera la\u0161i\u0161os treniruo\u010di\u0173 skan\u0117stai, 96 % la\u0161i\u0161os, 100 g\"}]},{\"@type\":\"WebSite\",\"@id\":\"https:\\\/\\\/miumjau.ee\\\/#website\",\"url\":\"https:\\\/\\\/miumjau.ee\\\/\",\"name\":\"MiuMjau\",\"description\":\"Kraapimispuud kassidele\",\"publisher\":{\"@id\":\"https:\\\/\\\/miumjau.ee\\\/#organization\"},\"potentialAction\":[{\"@type\":\"SearchAction\",\"target\":{\"@type\":\"EntryPoint\",\"urlTemplate\":\"https:\\\/\\\/miumjau.ee\\\/?s={search_term_string}\"},\"query-input\":{\"@type\":\"PropertyValueSpecification\",\"valueRequired\":true,\"valueName\":\"search_term_string\"}}],\"inLanguage\":\"lt-LT\"},{\"@type\":\"Organization\",\"@id\":\"https:\\\/\\\/miumjau.ee\\\/#organization\",\"name\":\"MiuMjau O\u00dc\",\"url\":\"https:\\\/\\\/miumjau.ee\\\/\",\"logo\":{\"@type\":\"ImageObject\",\"inLanguage\":\"lt-LT\",\"@id\":\"https:\\\/\\\/miumjau.ee\\\/#\\\/schema\\\/logo\\\/image\\\/\",\"url\":\"https:\\\/\\\/miumjau.ee\\\/wp-content\\\/uploads\\\/2022\\\/04\\\/MiuMjau-logo-kollane.png\",\"contentUrl\":\"https:\\\/\\\/miumjau.ee\\\/wp-content\\\/uploads\\\/2022\\\/04\\\/MiuMjau-logo-kollane.png\",\"width\":219,\"height\":100,\"caption\":\"MiuMjau O\u00dc\"},\"image\":{\"@id\":\"https:\\\/\\\/miumjau.ee\\\/#\\\/schema\\\/logo\\\/image\\\/\"},\"sameAs\":[\"https:\\\/\\\/www.facebook.com\\\/miumjaupood\\\/\"]}]}<\/script>\n<!-- \/ Yoast SEO plugin. -->","yoast_head_json":{"title":"Frigera la\u0161i\u0161os treniruo\u010di\u0173 skan\u0117stai, 96 % la\u0161i\u0161os, 100 g - MiuMjau","robots":{"index":"index","follow":"follow","max-snippet":"max-snippet:-1","max-image-preview":"max-image-preview:large","max-video-preview":"max-video-preview:-1"},"canonical":"https:\/\/miumjau.ee\/lt\/produktas\/frigera-lasisos-treniruociu-skanestai-96-lasisos-100-g\/","og_locale":"lt_LT","og_type":"article","og_title":"Frigera la\u0161i\u0161os treniruo\u010di\u0173 skan\u0117stai, 96 % la\u0161i\u0161os, 100 g - MiuMjau","og_description":"FRIGERA la\u0161i\u0161os treniruo\u010di\u0173 skan\u0117stai yra universal\u016bs ir sveiki. Kod\u0117l duoti savo keturkojui draugui nuobod\u017eius ir riebius skan\u0117stus, kai gali j\u012f palepinti dvigubai naudingais u\u017ekand\u017eiais? M\u016bs\u0173 gard\u016bs la\u0161i\u0161os treniruo\u010di\u0173 k\u0105sneliai yra b\u016btent tai, ko reikia tavo \u0161uniui! \u0160velniai d\u017eiovinti, mink\u0161ti, bet kartu lengvai tra\u0161k\u016bs, jie pilni nauding\u0173 maistini\u0173 med\u017eiag\u0173. \u0160ie skan\u0117stai yra turtingi baltymais ir omega-3 riebal\u0173 r\u016bg\u0161timis \u2013 tai b\u016btinosios riebal\u0173 r\u016bg\u0161tys, kuri\u0173 \u0161uns organizmas pats negamina ir kurias reikia gauti su maistu. Omega-3 palaiko blizgant\u012f kail\u012f, ma\u017eina odos sausum\u0105 ir nie\u017eul\u012f bei suteikia daugyb\u0119 kit\u0173 sveikatos privalum\u0173. D\u0117l patogaus dyd\u017eio \u0161ie skan\u0117stai idealiai tinka treniruot\u0117ms vis\u0173 dyd\u017ei\u0173 \u0161unims. Tikras dvigubas naudos ir skonio laim\u0117jimas! Nedvejok ir palepink savo augintin\u012f \u0161iuo funkciniu u\u017ekand\u017eiu! Grynasis kiekis: 100 gSudedamosios dalys: 96% la\u0161i\u0161a, 4% \u017eirni\u0173 baltymai.Analitin\u0117 sud\u0117tis: \u017ealias baltymas 58%, \u017eali riebalai 10,5%, \u017eali pelenai 3,5%, \u017ealia l\u0105steliena 1,5%, dr\u0117gm\u0117 12%.\u0160\u0117rimo rekomendacijos: duokite kaip skan\u0117st\u0105 tarp valgym\u0173 arba kaip atlyg\u012f kaip subalansuotos mitybos dal\u012f. U\u017etikrinkite, kad \u0161uo visada tur\u0117t\u0173 \u0161vie\u017eio vandens. Tinka kasdieniam naudojimui, bet duokite tik pri\u017ei\u016brint. Netinka \u017emoni\u0173 maistui.","og_url":"https:\/\/miumjau.ee\/lt\/produktas\/frigera-lasisos-treniruociu-skanestai-96-lasisos-100-g\/","og_site_name":"MiuMjau","article_publisher":"https:\/\/www.facebook.com\/miumjaupood\/","article_modified_time":"2026-01-07T18:54:17+00:00","og_image":[{"width":600,"height":800,"url":"https:\/\/miumjau.ee\/wp-content\/uploads\/2025\/05\/frigera-koerte-maius-lohe-treeningmaiused-100g-1-Photoroom.jpg","type":"image\/jpeg"}],"twitter_card":"summary_large_image","schema":{"@context":"https:\/\/schema.org","@graph":[{"@type":"WebPage","@id":"https:\/\/miumjau.ee\/lt\/produktas\/frigera-lasisos-treniruociu-skanestai-96-lasisos-100-g\/","url":"https:\/\/miumjau.ee\/lt\/produktas\/frigera-lasisos-treniruociu-skanestai-96-lasisos-100-g\/","name":"Frigera la\u0161i\u0161os treniruo\u010di\u0173 skan\u0117stai, 96 % la\u0161i\u0161os, 100 g - MiuMjau","isPartOf":{"@id":"https:\/\/miumjau.ee\/#website"},"primaryImageOfPage":{"@id":"https:\/\/miumjau.ee\/lt\/produktas\/frigera-lasisos-treniruociu-skanestai-96-lasisos-100-g\/#primaryimage"},"image":{"@id":"https:\/\/miumjau.ee\/lt\/produktas\/frigera-lasisos-treniruociu-skanestai-96-lasisos-100-g\/#primaryimage"},"thumbnailUrl":"https:\/\/miumjau.ee\/wp-content\/uploads\/2025\/05\/frigera-koerte-maius-lohe-treeningmaiused-100g-1-Photoroom.jpg","datePublished":"2025-05-18T08:45:06+00:00","dateModified":"2026-01-07T18:54:17+00:00","breadcrumb":{"@id":"https:\/\/miumjau.ee\/lt\/produktas\/frigera-lasisos-treniruociu-skanestai-96-lasisos-100-g\/#breadcrumb"},"inLanguage":"lt-LT","potentialAction":[{"@type":"ReadAction","target":["https:\/\/miumjau.ee\/lt\/produktas\/frigera-lasisos-treniruociu-skanestai-96-lasisos-100-g\/"]}]},{"@type":"ImageObject","inLanguage":"lt-LT","@id":"https:\/\/miumjau.ee\/lt\/produktas\/frigera-lasisos-treniruociu-skanestai-96-lasisos-100-g\/#primaryimage","url":"https:\/\/miumjau.ee\/wp-content\/uploads\/2025\/05\/frigera-koerte-maius-lohe-treeningmaiused-100g-1-Photoroom.jpg","contentUrl":"https:\/\/miumjau.ee\/wp-content\/uploads\/2025\/05\/frigera-koerte-maius-lohe-treeningmaiused-100g-1-Photoroom.jpg","width":600,"height":800,"caption":"Frigera l\u00f5he treeningmaiused 96% l\u00f5he, 100 g"},{"@type":"BreadcrumbList","@id":"https:\/\/miumjau.ee\/lt\/produktas\/frigera-lasisos-treniruociu-skanestai-96-lasisos-100-g\/#breadcrumb","itemListElement":[{"@type":"ListItem","position":1,"name":"Home","item":"https:\/\/miumjau.ee\/lt\/"},{"@type":"ListItem","position":2,"name":"Parduotuv\u0117","item":"https:\/\/miumjau.ee\/lt\/parduotuve\/"},{"@type":"ListItem","position":3,"name":"Frigera la\u0161i\u0161os treniruo\u010di\u0173 skan\u0117stai, 96 % la\u0161i\u0161os, 100 g"}]},{"@type":"WebSite","@id":"https:\/\/miumjau.ee\/#website","url":"https:\/\/miumjau.ee\/","name":"MiuMjau","description":"Kraapimispuud kassidele","publisher":{"@id":"https:\/\/miumjau.ee\/#organization"},"potentialAction":[{"@type":"SearchAction","target":{"@type":"EntryPoint","urlTemplate":"https:\/\/miumjau.ee\/?s={search_term_string}"},"query-input":{"@type":"PropertyValueSpecification","valueRequired":true,"valueName":"search_term_string"}}],"inLanguage":"lt-LT"},{"@type":"Organization","@id":"https:\/\/miumjau.ee\/#organization","name":"MiuMjau O\u00dc","url":"https:\/\/miumjau.ee\/","logo":{"@type":"ImageObject","inLanguage":"lt-LT","@id":"https:\/\/miumjau.ee\/#\/schema\/logo\/image\/","url":"https:\/\/miumjau.ee\/wp-content\/uploads\/2022\/04\/MiuMjau-logo-kollane.png","contentUrl":"https:\/\/miumjau.ee\/wp-content\/uploads\/2022\/04\/MiuMjau-logo-kollane.png","width":219,"height":100,"caption":"MiuMjau O\u00dc"},"image":{"@id":"https:\/\/miumjau.ee\/#\/schema\/logo\/image\/"},"sameAs":["https:\/\/www.facebook.com\/miumjaupood\/"]}]}},"_links":{"self":[{"href":"https:\/\/miumjau.ee\/lt\/wp-json\/wp\/v2\/product\/41110","targetHints":{"allow":["GET"]}}],"collection":[{"href":"https:\/\/miumjau.ee\/lt\/wp-json\/wp\/v2\/product"}],"about":[{"href":"https:\/\/miumjau.ee\/lt\/wp-json\/wp\/v2\/types\/product"}],"wp:featuredmedia":[{"embeddable":true,"href":"https:\/\/miumjau.ee\/lt\/wp-json\/wp\/v2\/media\/41236"}],"wp:attachment":[{"href":"https:\/\/miumjau.ee\/lt\/wp-json\/wp\/v2\/media?parent=41110"}],"wp:term":[{"taxonomy":"product_brand","embeddable":true,"href":"https:\/\/miumjau.ee\/lt\/wp-json\/wp\/v2\/product_brand?post=41110"},{"taxonomy":"product_cat","embeddable":true,"href":"https:\/\/miumjau.ee\/lt\/wp-json\/wp\/v2\/product_cat?post=41110"},{"taxonomy":"product_tag","embeddable":true,"href":"https:\/\/miumjau.ee\/lt\/wp-json\/wp\/v2\/product_tag?post=41110"}],"curies":[{"name":"wp","href":"https:\/\/api.w.org\/{rel}","templated":true}]}}