{"id":41109,"date":"2025-05-18T11:35:22","date_gmt":"2025-05-18T08:35:22","guid":{"rendered":"https:\/\/miumjau.ee\/toode\/frigera-suns-skanestas-dziovinti-menkes-uzkandziai-250-g\/"},"modified":"2026-01-07T20:54:17","modified_gmt":"2026-01-07T18:54:17","slug":"frigera-suns-skanestas-dziovinti-menkes-uzkandziai-250-g","status":"publish","type":"product","link":"https:\/\/miumjau.ee\/lt\/produktas\/frigera-suns-skanestas-dziovinti-menkes-uzkandziai-250-g\/","title":{"rendered":"Frigera \u0161uns skan\u0117stas, d\u017eiovinti menk\u0117s u\u017ekand\u017eiai, 250 g"},"content":{"rendered":"","protected":false},"excerpt":{"rendered":"<p>FRIGERA \u0161un\u0173 skan\u0117stas \u2013 menki\u0173 u\u017ekand\u017eiai yra maistingi ir universal\u016bs, puikiai tinkantys net antsvorio turintiems \u0161unims! Lengvai vir\u0161kinama baltoji \u017euvis yra gausi nauding\u0173 maistini\u0173 med\u017eiag\u0173. Be didelio baltym\u0173 kiekio, \u0161ie skan\u0117stai taip pat turtingi omega-3 riebal\u0173 r\u016bg\u0161timis \u2013 b\u016btinos \u0161uns organizmui, bet pa\u010dio organizmo negaminamos, tod\u0117l turi b\u016bti gaunamos su maistu. Omega-3 palaiko blizgant\u012f kail\u012f, ma\u017eina nie\u017e\u0117jim\u0105 ir odos sausum\u0105 bei skatina \u0161irdies ir kraujagysli\u0173 sveikat\u0105. \u0160velnus d\u017eiovinimo procesas suteikia tra\u0161ki\u0105 ir lengvai kramtom\u0105 tekst\u016br\u0105, kuri padeda nat\u016braliai valyti dantis kramtant. D\u0117l savo patogaus dyd\u017eio ir trapumo \u0161ie skan\u0117stai tinka vis\u0173 dyd\u017ei\u0173 \u0161unims ir puikiai tinka ie\u0161kojimo \u017eaidimams.<\/p>\n<p><strong>Grynasis kiekis:<\/strong> 250 g<br \/>\n<strong>Sudedamosios dalys:<\/strong> 100% \u017euvis.<br \/>\n<strong>Analitin\u0117 sud\u0117tis:<\/strong> \u017ealias baltymas 77,84%, \u017eali riebalai 4,12%, dr\u0117gm\u0117 12,44%.<br \/>\n<strong>\u0160\u0117rimo rekomendacijos:<\/strong> duokite kaip skan\u0117st\u0105 tarp valgym\u0173 arba kaip atlyg\u012f. U\u017etikrinkite, kad \u0161uo visada tur\u0117t\u0173 \u0161vie\u017eio vandens. Tinka kasdieniam naudojimui, ta\u010diau naudoti tik pri\u017ei\u016brint. Neskirta \u017emoni\u0173 maistui.<\/p>\n","protected":false},"featured_media":41317,"template":"","meta":[],"product_brand":[],"product_cat":[524,540],"product_tag":[],"class_list":{"0":"post-41109","1":"product","2":"type-product","3":"status-publish","4":"has-post-thumbnail","6":"product_cat-kaup24-lt","7":"product_cat-skanestai-sunims","9":"first","10":"instock","11":"taxable","12":"shipping-taxable","13":"purchasable","14":"product-type-simple"},"yoast_head":"<!-- This site is optimized with the Yoast SEO plugin v27.4 - https:\/\/yoast.com\/product\/yoast-seo-wordpress\/ -->\n<title>Frigera \u0161uns skan\u0117stas, d\u017eiovinti menk\u0117s u\u017ekand\u017eiai, 250 g - MiuMjau<\/title>\n<meta name=\"robots\" content=\"index, follow, max-snippet:-1, max-image-preview:large, max-video-preview:-1\" \/>\n<link rel=\"canonical\" href=\"https:\/\/miumjau.ee\/lt\/produktas\/frigera-suns-skanestas-dziovinti-menkes-uzkandziai-250-g\/\" \/>\n<meta property=\"og:locale\" content=\"lt_LT\" \/>\n<meta property=\"og:type\" content=\"article\" \/>\n<meta property=\"og:title\" content=\"Frigera \u0161uns skan\u0117stas, d\u017eiovinti menk\u0117s u\u017ekand\u017eiai, 250 g - MiuMjau\" \/>\n<meta property=\"og:description\" content=\"FRIGERA \u0161un\u0173 skan\u0117stas \u2013 menki\u0173 u\u017ekand\u017eiai yra maistingi ir universal\u016bs, puikiai tinkantys net antsvorio turintiems \u0161unims! Lengvai vir\u0161kinama baltoji \u017euvis yra gausi nauding\u0173 maistini\u0173 med\u017eiag\u0173. Be didelio baltym\u0173 kiekio, \u0161ie skan\u0117stai taip pat turtingi omega-3 riebal\u0173 r\u016bg\u0161timis \u2013 b\u016btinos \u0161uns organizmui, bet pa\u010dio organizmo negaminamos, tod\u0117l turi b\u016bti gaunamos su maistu. Omega-3 palaiko blizgant\u012f kail\u012f, ma\u017eina nie\u017e\u0117jim\u0105 ir odos sausum\u0105 bei skatina \u0161irdies ir kraujagysli\u0173 sveikat\u0105. \u0160velnus d\u017eiovinimo procesas suteikia tra\u0161ki\u0105 ir lengvai kramtom\u0105 tekst\u016br\u0105, kuri padeda nat\u016braliai valyti dantis kramtant. D\u0117l savo patogaus dyd\u017eio ir trapumo \u0161ie skan\u0117stai tinka vis\u0173 dyd\u017ei\u0173 \u0161unims ir puikiai tinka ie\u0161kojimo \u017eaidimams. Grynasis kiekis: 250 g  Sudedamosios dalys: 100% \u017euvis.  Analitin\u0117 sud\u0117tis: \u017ealias baltymas 77,84%, \u017eali riebalai 4,12%, dr\u0117gm\u0117 12,44%.  \u0160\u0117rimo rekomendacijos: duokite kaip skan\u0117st\u0105 tarp valgym\u0173 arba kaip atlyg\u012f. U\u017etikrinkite, kad \u0161uo visada tur\u0117t\u0173 \u0161vie\u017eio vandens. Tinka kasdieniam naudojimui, ta\u010diau naudoti tik pri\u017ei\u016brint. Neskirta \u017emoni\u0173 maistui.\" \/>\n<meta property=\"og:url\" content=\"https:\/\/miumjau.ee\/lt\/produktas\/frigera-suns-skanestas-dziovinti-menkes-uzkandziai-250-g\/\" \/>\n<meta property=\"og:site_name\" content=\"MiuMjau\" \/>\n<meta property=\"article:publisher\" content=\"https:\/\/www.facebook.com\/miumjaupood\/\" \/>\n<meta property=\"article:modified_time\" content=\"2026-01-07T18:54:17+00:00\" \/>\n<meta property=\"og:image\" content=\"https:\/\/miumjau.ee\/wp-content\/uploads\/2025\/05\/frigera-koerte-maius-tursasnakid-250g-Photoroom.jpg\" \/>\n\t<meta property=\"og:image:width\" content=\"600\" \/>\n\t<meta property=\"og:image:height\" content=\"800\" \/>\n\t<meta property=\"og:image:type\" content=\"image\/jpeg\" \/>\n<meta name=\"twitter:card\" content=\"summary_large_image\" \/>\n<script type=\"application\/ld+json\" class=\"yoast-schema-graph\">{\"@context\":\"https:\\\/\\\/schema.org\",\"@graph\":[{\"@type\":\"WebPage\",\"@id\":\"https:\\\/\\\/miumjau.ee\\\/lt\\\/produktas\\\/frigera-suns-skanestas-dziovinti-menkes-uzkandziai-250-g\\\/\",\"url\":\"https:\\\/\\\/miumjau.ee\\\/lt\\\/produktas\\\/frigera-suns-skanestas-dziovinti-menkes-uzkandziai-250-g\\\/\",\"name\":\"Frigera \u0161uns skan\u0117stas, d\u017eiovinti menk\u0117s u\u017ekand\u017eiai, 250 g - MiuMjau\",\"isPartOf\":{\"@id\":\"https:\\\/\\\/miumjau.ee\\\/#website\"},\"primaryImageOfPage\":{\"@id\":\"https:\\\/\\\/miumjau.ee\\\/lt\\\/produktas\\\/frigera-suns-skanestas-dziovinti-menkes-uzkandziai-250-g\\\/#primaryimage\"},\"image\":{\"@id\":\"https:\\\/\\\/miumjau.ee\\\/lt\\\/produktas\\\/frigera-suns-skanestas-dziovinti-menkes-uzkandziai-250-g\\\/#primaryimage\"},\"thumbnailUrl\":\"https:\\\/\\\/miumjau.ee\\\/wp-content\\\/uploads\\\/2025\\\/05\\\/frigera-koerte-maius-tursasnakid-250g-Photoroom.jpg\",\"datePublished\":\"2025-05-18T08:35:22+00:00\",\"dateModified\":\"2026-01-07T18:54:17+00:00\",\"breadcrumb\":{\"@id\":\"https:\\\/\\\/miumjau.ee\\\/lt\\\/produktas\\\/frigera-suns-skanestas-dziovinti-menkes-uzkandziai-250-g\\\/#breadcrumb\"},\"inLanguage\":\"lt-LT\",\"potentialAction\":[{\"@type\":\"ReadAction\",\"target\":[\"https:\\\/\\\/miumjau.ee\\\/lt\\\/produktas\\\/frigera-suns-skanestas-dziovinti-menkes-uzkandziai-250-g\\\/\"]}]},{\"@type\":\"ImageObject\",\"inLanguage\":\"lt-LT\",\"@id\":\"https:\\\/\\\/miumjau.ee\\\/lt\\\/produktas\\\/frigera-suns-skanestas-dziovinti-menkes-uzkandziai-250-g\\\/#primaryimage\",\"url\":\"https:\\\/\\\/miumjau.ee\\\/wp-content\\\/uploads\\\/2025\\\/05\\\/frigera-koerte-maius-tursasnakid-250g-Photoroom.jpg\",\"contentUrl\":\"https:\\\/\\\/miumjau.ee\\\/wp-content\\\/uploads\\\/2025\\\/05\\\/frigera-koerte-maius-tursasnakid-250g-Photoroom.jpg\",\"width\":600,\"height\":800,\"caption\":\"Frigera koerte maius, tursa sn\u00e4kid, 250 g\"},{\"@type\":\"BreadcrumbList\",\"@id\":\"https:\\\/\\\/miumjau.ee\\\/lt\\\/produktas\\\/frigera-suns-skanestas-dziovinti-menkes-uzkandziai-250-g\\\/#breadcrumb\",\"itemListElement\":[{\"@type\":\"ListItem\",\"position\":1,\"name\":\"Home\",\"item\":\"https:\\\/\\\/miumjau.ee\\\/lt\\\/\"},{\"@type\":\"ListItem\",\"position\":2,\"name\":\"Parduotuv\u0117\",\"item\":\"https:\\\/\\\/miumjau.ee\\\/lt\\\/parduotuve\\\/\"},{\"@type\":\"ListItem\",\"position\":3,\"name\":\"Frigera \u0161uns skan\u0117stas, d\u017eiovinti menk\u0117s u\u017ekand\u017eiai, 250 g\"}]},{\"@type\":\"WebSite\",\"@id\":\"https:\\\/\\\/miumjau.ee\\\/#website\",\"url\":\"https:\\\/\\\/miumjau.ee\\\/\",\"name\":\"MiuMjau\",\"description\":\"Kraapimispuud kassidele\",\"publisher\":{\"@id\":\"https:\\\/\\\/miumjau.ee\\\/#organization\"},\"potentialAction\":[{\"@type\":\"SearchAction\",\"target\":{\"@type\":\"EntryPoint\",\"urlTemplate\":\"https:\\\/\\\/miumjau.ee\\\/?s={search_term_string}\"},\"query-input\":{\"@type\":\"PropertyValueSpecification\",\"valueRequired\":true,\"valueName\":\"search_term_string\"}}],\"inLanguage\":\"lt-LT\"},{\"@type\":\"Organization\",\"@id\":\"https:\\\/\\\/miumjau.ee\\\/#organization\",\"name\":\"MiuMjau O\u00dc\",\"url\":\"https:\\\/\\\/miumjau.ee\\\/\",\"logo\":{\"@type\":\"ImageObject\",\"inLanguage\":\"lt-LT\",\"@id\":\"https:\\\/\\\/miumjau.ee\\\/#\\\/schema\\\/logo\\\/image\\\/\",\"url\":\"https:\\\/\\\/miumjau.ee\\\/wp-content\\\/uploads\\\/2022\\\/04\\\/MiuMjau-logo-kollane.png\",\"contentUrl\":\"https:\\\/\\\/miumjau.ee\\\/wp-content\\\/uploads\\\/2022\\\/04\\\/MiuMjau-logo-kollane.png\",\"width\":219,\"height\":100,\"caption\":\"MiuMjau O\u00dc\"},\"image\":{\"@id\":\"https:\\\/\\\/miumjau.ee\\\/#\\\/schema\\\/logo\\\/image\\\/\"},\"sameAs\":[\"https:\\\/\\\/www.facebook.com\\\/miumjaupood\\\/\"]}]}<\/script>\n<!-- \/ Yoast SEO plugin. -->","yoast_head_json":{"title":"Frigera \u0161uns skan\u0117stas, d\u017eiovinti menk\u0117s u\u017ekand\u017eiai, 250 g - MiuMjau","robots":{"index":"index","follow":"follow","max-snippet":"max-snippet:-1","max-image-preview":"max-image-preview:large","max-video-preview":"max-video-preview:-1"},"canonical":"https:\/\/miumjau.ee\/lt\/produktas\/frigera-suns-skanestas-dziovinti-menkes-uzkandziai-250-g\/","og_locale":"lt_LT","og_type":"article","og_title":"Frigera \u0161uns skan\u0117stas, d\u017eiovinti menk\u0117s u\u017ekand\u017eiai, 250 g - MiuMjau","og_description":"FRIGERA \u0161un\u0173 skan\u0117stas \u2013 menki\u0173 u\u017ekand\u017eiai yra maistingi ir universal\u016bs, puikiai tinkantys net antsvorio turintiems \u0161unims! Lengvai vir\u0161kinama baltoji \u017euvis yra gausi nauding\u0173 maistini\u0173 med\u017eiag\u0173. Be didelio baltym\u0173 kiekio, \u0161ie skan\u0117stai taip pat turtingi omega-3 riebal\u0173 r\u016bg\u0161timis \u2013 b\u016btinos \u0161uns organizmui, bet pa\u010dio organizmo negaminamos, tod\u0117l turi b\u016bti gaunamos su maistu. Omega-3 palaiko blizgant\u012f kail\u012f, ma\u017eina nie\u017e\u0117jim\u0105 ir odos sausum\u0105 bei skatina \u0161irdies ir kraujagysli\u0173 sveikat\u0105. \u0160velnus d\u017eiovinimo procesas suteikia tra\u0161ki\u0105 ir lengvai kramtom\u0105 tekst\u016br\u0105, kuri padeda nat\u016braliai valyti dantis kramtant. D\u0117l savo patogaus dyd\u017eio ir trapumo \u0161ie skan\u0117stai tinka vis\u0173 dyd\u017ei\u0173 \u0161unims ir puikiai tinka ie\u0161kojimo \u017eaidimams. Grynasis kiekis: 250 g  Sudedamosios dalys: 100% \u017euvis.  Analitin\u0117 sud\u0117tis: \u017ealias baltymas 77,84%, \u017eali riebalai 4,12%, dr\u0117gm\u0117 12,44%.  \u0160\u0117rimo rekomendacijos: duokite kaip skan\u0117st\u0105 tarp valgym\u0173 arba kaip atlyg\u012f. U\u017etikrinkite, kad \u0161uo visada tur\u0117t\u0173 \u0161vie\u017eio vandens. Tinka kasdieniam naudojimui, ta\u010diau naudoti tik pri\u017ei\u016brint. Neskirta \u017emoni\u0173 maistui.","og_url":"https:\/\/miumjau.ee\/lt\/produktas\/frigera-suns-skanestas-dziovinti-menkes-uzkandziai-250-g\/","og_site_name":"MiuMjau","article_publisher":"https:\/\/www.facebook.com\/miumjaupood\/","article_modified_time":"2026-01-07T18:54:17+00:00","og_image":[{"width":600,"height":800,"url":"https:\/\/miumjau.ee\/wp-content\/uploads\/2025\/05\/frigera-koerte-maius-tursasnakid-250g-Photoroom.jpg","type":"image\/jpeg"}],"twitter_card":"summary_large_image","schema":{"@context":"https:\/\/schema.org","@graph":[{"@type":"WebPage","@id":"https:\/\/miumjau.ee\/lt\/produktas\/frigera-suns-skanestas-dziovinti-menkes-uzkandziai-250-g\/","url":"https:\/\/miumjau.ee\/lt\/produktas\/frigera-suns-skanestas-dziovinti-menkes-uzkandziai-250-g\/","name":"Frigera \u0161uns skan\u0117stas, d\u017eiovinti menk\u0117s u\u017ekand\u017eiai, 250 g - MiuMjau","isPartOf":{"@id":"https:\/\/miumjau.ee\/#website"},"primaryImageOfPage":{"@id":"https:\/\/miumjau.ee\/lt\/produktas\/frigera-suns-skanestas-dziovinti-menkes-uzkandziai-250-g\/#primaryimage"},"image":{"@id":"https:\/\/miumjau.ee\/lt\/produktas\/frigera-suns-skanestas-dziovinti-menkes-uzkandziai-250-g\/#primaryimage"},"thumbnailUrl":"https:\/\/miumjau.ee\/wp-content\/uploads\/2025\/05\/frigera-koerte-maius-tursasnakid-250g-Photoroom.jpg","datePublished":"2025-05-18T08:35:22+00:00","dateModified":"2026-01-07T18:54:17+00:00","breadcrumb":{"@id":"https:\/\/miumjau.ee\/lt\/produktas\/frigera-suns-skanestas-dziovinti-menkes-uzkandziai-250-g\/#breadcrumb"},"inLanguage":"lt-LT","potentialAction":[{"@type":"ReadAction","target":["https:\/\/miumjau.ee\/lt\/produktas\/frigera-suns-skanestas-dziovinti-menkes-uzkandziai-250-g\/"]}]},{"@type":"ImageObject","inLanguage":"lt-LT","@id":"https:\/\/miumjau.ee\/lt\/produktas\/frigera-suns-skanestas-dziovinti-menkes-uzkandziai-250-g\/#primaryimage","url":"https:\/\/miumjau.ee\/wp-content\/uploads\/2025\/05\/frigera-koerte-maius-tursasnakid-250g-Photoroom.jpg","contentUrl":"https:\/\/miumjau.ee\/wp-content\/uploads\/2025\/05\/frigera-koerte-maius-tursasnakid-250g-Photoroom.jpg","width":600,"height":800,"caption":"Frigera koerte maius, tursa sn\u00e4kid, 250 g"},{"@type":"BreadcrumbList","@id":"https:\/\/miumjau.ee\/lt\/produktas\/frigera-suns-skanestas-dziovinti-menkes-uzkandziai-250-g\/#breadcrumb","itemListElement":[{"@type":"ListItem","position":1,"name":"Home","item":"https:\/\/miumjau.ee\/lt\/"},{"@type":"ListItem","position":2,"name":"Parduotuv\u0117","item":"https:\/\/miumjau.ee\/lt\/parduotuve\/"},{"@type":"ListItem","position":3,"name":"Frigera \u0161uns skan\u0117stas, d\u017eiovinti menk\u0117s u\u017ekand\u017eiai, 250 g"}]},{"@type":"WebSite","@id":"https:\/\/miumjau.ee\/#website","url":"https:\/\/miumjau.ee\/","name":"MiuMjau","description":"Kraapimispuud kassidele","publisher":{"@id":"https:\/\/miumjau.ee\/#organization"},"potentialAction":[{"@type":"SearchAction","target":{"@type":"EntryPoint","urlTemplate":"https:\/\/miumjau.ee\/?s={search_term_string}"},"query-input":{"@type":"PropertyValueSpecification","valueRequired":true,"valueName":"search_term_string"}}],"inLanguage":"lt-LT"},{"@type":"Organization","@id":"https:\/\/miumjau.ee\/#organization","name":"MiuMjau O\u00dc","url":"https:\/\/miumjau.ee\/","logo":{"@type":"ImageObject","inLanguage":"lt-LT","@id":"https:\/\/miumjau.ee\/#\/schema\/logo\/image\/","url":"https:\/\/miumjau.ee\/wp-content\/uploads\/2022\/04\/MiuMjau-logo-kollane.png","contentUrl":"https:\/\/miumjau.ee\/wp-content\/uploads\/2022\/04\/MiuMjau-logo-kollane.png","width":219,"height":100,"caption":"MiuMjau O\u00dc"},"image":{"@id":"https:\/\/miumjau.ee\/#\/schema\/logo\/image\/"},"sameAs":["https:\/\/www.facebook.com\/miumjaupood\/"]}]}},"_links":{"self":[{"href":"https:\/\/miumjau.ee\/lt\/wp-json\/wp\/v2\/product\/41109","targetHints":{"allow":["GET"]}}],"collection":[{"href":"https:\/\/miumjau.ee\/lt\/wp-json\/wp\/v2\/product"}],"about":[{"href":"https:\/\/miumjau.ee\/lt\/wp-json\/wp\/v2\/types\/product"}],"wp:featuredmedia":[{"embeddable":true,"href":"https:\/\/miumjau.ee\/lt\/wp-json\/wp\/v2\/media\/41317"}],"wp:attachment":[{"href":"https:\/\/miumjau.ee\/lt\/wp-json\/wp\/v2\/media?parent=41109"}],"wp:term":[{"taxonomy":"product_brand","embeddable":true,"href":"https:\/\/miumjau.ee\/lt\/wp-json\/wp\/v2\/product_brand?post=41109"},{"taxonomy":"product_cat","embeddable":true,"href":"https:\/\/miumjau.ee\/lt\/wp-json\/wp\/v2\/product_cat?post=41109"},{"taxonomy":"product_tag","embeddable":true,"href":"https:\/\/miumjau.ee\/lt\/wp-json\/wp\/v2\/product_tag?post=41109"}],"curies":[{"name":"wp","href":"https:\/\/api.w.org\/{rel}","templated":true}]}}