{"id":41105,"date":"2025-05-16T00:01:06","date_gmt":"2025-05-15T21:01:06","guid":{"rendered":"https:\/\/miumjau.ee\/toode\/frigera-pusiau-dregni-mesingi-skanestai-su-eriena-165-g\/"},"modified":"2026-01-07T20:54:17","modified_gmt":"2026-01-07T18:54:17","slug":"frigera-pusiau-dregni-mesingi-skanestai-su-eriena-165-g","status":"publish","type":"product","link":"https:\/\/miumjau.ee\/lt\/produktas\/frigera-pusiau-dregni-mesingi-skanestai-su-eriena-165-g\/","title":{"rendered":"Frigera pusiau dr\u0117gni m\u0117singi skan\u0117stai su \u0117riena, 165 g"},"content":{"rendered":"","protected":false},"excerpt":{"rendered":"<p>Frigera pusiau dr\u0117gn\u0173 skan\u0117st\u0173 serijos tikri flagmanai! Be glitimo ir su itin auk\u0161tu \u2013 net 85% \u2013 m\u0117sos kiekiu! Net jautriausi \u0161unys neatsispirs \u0161iems gard\u0117siams. Pagaminti tik i\u0161 auk\u0161\u010diausios kokyb\u0117s ingredient\u0173, be konservant\u0173 ir dirbtini\u0173 da\u017eikli\u0173 \u2013 tai vieni sveikiausi\u0173 skan\u0117st\u0173 rinkoje.<br \/>\nKaip ir visi Frigera mink\u0161ti skan\u0117stai, jie patogaus dyd\u017eio ir supakuoti prakti\u0161kai.<\/p>\n<p><strong>Sudedamosios dalys:<\/strong> m\u0117sa ir gyv\u016bnin\u0117s kilm\u0117s produktai (85,00% m\u0117sos kiekis, \u012fskaitant 9,50% avienos milt\u0173), augalin\u0117s kilm\u0117s produktai, aliejai ir riebalai, mineralai<br \/>\n<strong>Analitin\u0117 sud\u0117tis:<\/strong> \u017ealias baltymas 48,8%, \u017eali riebalai 9,6%, pelenai 0,84%, skaidulos 1,6%, dr\u0117gm\u0117 21%<br \/>\nDuokite <strong>Frigera<\/strong> skan\u0117st\u0173 tarp valgym\u0173 kaip atlyg\u012f ar papild\u0105 subalansuotai mitybai. Visada pasir\u016bpinkite, kad \u0161uo tur\u0117t\u0173 \u0161vie\u017eio vandens. Neskirta \u017emoni\u0173 maistui.<\/p>\n","protected":false},"featured_media":41303,"template":"","meta":[],"product_brand":[],"product_cat":[540,524],"product_tag":[],"class_list":{"0":"post-41105","1":"product","2":"type-product","3":"status-publish","4":"has-post-thumbnail","6":"product_cat-skanestai-sunims","7":"product_cat-kaup24-lt","9":"first","10":"instock","11":"sale","12":"taxable","13":"shipping-taxable","14":"purchasable","15":"product-type-simple"},"yoast_head":"<!-- This site is optimized with the Yoast SEO plugin v27.2 - https:\/\/yoast.com\/product\/yoast-seo-wordpress\/ -->\n<title>Frigera pusiau dr\u0117gni m\u0117singi skan\u0117stai su \u0117riena, 165 g - MiuMjau<\/title>\n<meta name=\"robots\" content=\"index, follow, max-snippet:-1, max-image-preview:large, max-video-preview:-1\" \/>\n<link rel=\"canonical\" href=\"https:\/\/miumjau.ee\/lt\/produktas\/frigera-pusiau-dregni-mesingi-skanestai-su-eriena-165-g\/\" \/>\n<meta property=\"og:locale\" content=\"lt_LT\" \/>\n<meta property=\"og:type\" content=\"article\" \/>\n<meta property=\"og:title\" content=\"Frigera pusiau dr\u0117gni m\u0117singi skan\u0117stai su \u0117riena, 165 g - MiuMjau\" \/>\n<meta property=\"og:description\" content=\"Frigera pusiau dr\u0117gn\u0173 skan\u0117st\u0173 serijos tikri flagmanai! Be glitimo ir su itin auk\u0161tu \u2013 net 85% \u2013 m\u0117sos kiekiu! Net jautriausi \u0161unys neatsispirs \u0161iems gard\u0117siams. Pagaminti tik i\u0161 auk\u0161\u010diausios kokyb\u0117s ingredient\u0173, be konservant\u0173 ir dirbtini\u0173 da\u017eikli\u0173 \u2013 tai vieni sveikiausi\u0173 skan\u0117st\u0173 rinkoje. Kaip ir visi Frigera mink\u0161ti skan\u0117stai, jie patogaus dyd\u017eio ir supakuoti prakti\u0161kai.  Sudedamosios dalys: m\u0117sa ir gyv\u016bnin\u0117s kilm\u0117s produktai (85,00% m\u0117sos kiekis, \u012fskaitant 9,50% avienos milt\u0173), augalin\u0117s kilm\u0117s produktai, aliejai ir riebalai, mineralai Analitin\u0117 sud\u0117tis: \u017ealias baltymas 48,8%, \u017eali riebalai 9,6%, pelenai 0,84%, skaidulos 1,6%, dr\u0117gm\u0117 21% Duokite Frigera skan\u0117st\u0173 tarp valgym\u0173 kaip atlyg\u012f ar papild\u0105 subalansuotai mitybai. Visada pasir\u016bpinkite, kad \u0161uo tur\u0117t\u0173 \u0161vie\u017eio vandens. Neskirta \u017emoni\u0173 maistui.\" \/>\n<meta property=\"og:url\" content=\"https:\/\/miumjau.ee\/lt\/produktas\/frigera-pusiau-dregni-mesingi-skanestai-su-eriena-165-g\/\" \/>\n<meta property=\"og:site_name\" content=\"MiuMjau\" \/>\n<meta property=\"article:publisher\" content=\"https:\/\/www.facebook.com\/miumjaupood\/\" \/>\n<meta property=\"article:modified_time\" content=\"2026-01-07T18:54:17+00:00\" \/>\n<meta property=\"og:image\" content=\"https:\/\/miumjau.ee\/wp-content\/uploads\/2025\/05\/frigera-poolniisked-pehmed-maiused-gluteenivaba-korge-lihasisaldusega-lammas-165g-1-Photoroom.jpg\" \/>\n\t<meta property=\"og:image:width\" content=\"600\" \/>\n\t<meta property=\"og:image:height\" content=\"800\" \/>\n\t<meta property=\"og:image:type\" content=\"image\/jpeg\" \/>\n<meta name=\"twitter:card\" content=\"summary_large_image\" \/>\n<script type=\"application\/ld+json\" class=\"yoast-schema-graph\">{\"@context\":\"https:\/\/schema.org\",\"@graph\":[{\"@type\":\"WebPage\",\"@id\":\"https:\/\/miumjau.ee\/lt\/produktas\/frigera-pusiau-dregni-mesingi-skanestai-su-eriena-165-g\/\",\"url\":\"https:\/\/miumjau.ee\/lt\/produktas\/frigera-pusiau-dregni-mesingi-skanestai-su-eriena-165-g\/\",\"name\":\"Frigera pusiau dr\u0117gni m\u0117singi skan\u0117stai su \u0117riena, 165 g - MiuMjau\",\"isPartOf\":{\"@id\":\"https:\/\/miumjau.ee\/#website\"},\"primaryImageOfPage\":{\"@id\":\"https:\/\/miumjau.ee\/lt\/produktas\/frigera-pusiau-dregni-mesingi-skanestai-su-eriena-165-g\/#primaryimage\"},\"image\":{\"@id\":\"https:\/\/miumjau.ee\/lt\/produktas\/frigera-pusiau-dregni-mesingi-skanestai-su-eriena-165-g\/#primaryimage\"},\"thumbnailUrl\":\"https:\/\/miumjau.ee\/wp-content\/uploads\/2025\/05\/frigera-poolniisked-pehmed-maiused-gluteenivaba-korge-lihasisaldusega-lammas-165g-1-Photoroom.jpg\",\"datePublished\":\"2025-05-15T21:01:06+00:00\",\"dateModified\":\"2026-01-07T18:54:17+00:00\",\"breadcrumb\":{\"@id\":\"https:\/\/miumjau.ee\/lt\/produktas\/frigera-pusiau-dregni-mesingi-skanestai-su-eriena-165-g\/#breadcrumb\"},\"inLanguage\":\"lt-LT\",\"potentialAction\":[{\"@type\":\"ReadAction\",\"target\":[\"https:\/\/miumjau.ee\/lt\/produktas\/frigera-pusiau-dregni-mesingi-skanestai-su-eriena-165-g\/\"]}]},{\"@type\":\"ImageObject\",\"inLanguage\":\"lt-LT\",\"@id\":\"https:\/\/miumjau.ee\/lt\/produktas\/frigera-pusiau-dregni-mesingi-skanestai-su-eriena-165-g\/#primaryimage\",\"url\":\"https:\/\/miumjau.ee\/wp-content\/uploads\/2025\/05\/frigera-poolniisked-pehmed-maiused-gluteenivaba-korge-lihasisaldusega-lammas-165g-1-Photoroom.jpg\",\"contentUrl\":\"https:\/\/miumjau.ee\/wp-content\/uploads\/2025\/05\/frigera-poolniisked-pehmed-maiused-gluteenivaba-korge-lihasisaldusega-lammas-165g-1-Photoroom.jpg\",\"width\":600,\"height\":800,\"caption\":\"Frigera poolniisked ja liharohked maiused lambaga 165 g\"},{\"@type\":\"BreadcrumbList\",\"@id\":\"https:\/\/miumjau.ee\/lt\/produktas\/frigera-pusiau-dregni-mesingi-skanestai-su-eriena-165-g\/#breadcrumb\",\"itemListElement\":[{\"@type\":\"ListItem\",\"position\":1,\"name\":\"Home\",\"item\":\"https:\/\/miumjau.ee\/lt\/\"},{\"@type\":\"ListItem\",\"position\":2,\"name\":\"Parduotuv\u0117\",\"item\":\"https:\/\/miumjau.ee\/lt\/parduotuve\/\"},{\"@type\":\"ListItem\",\"position\":3,\"name\":\"Frigera pusiau dr\u0117gni m\u0117singi skan\u0117stai su \u0117riena, 165 g\"}]},{\"@type\":\"WebSite\",\"@id\":\"https:\/\/miumjau.ee\/#website\",\"url\":\"https:\/\/miumjau.ee\/\",\"name\":\"MiuMjau\",\"description\":\"Kraapimispuud kassidele\",\"publisher\":{\"@id\":\"https:\/\/miumjau.ee\/#organization\"},\"potentialAction\":[{\"@type\":\"SearchAction\",\"target\":{\"@type\":\"EntryPoint\",\"urlTemplate\":\"https:\/\/miumjau.ee\/?s={search_term_string}\"},\"query-input\":{\"@type\":\"PropertyValueSpecification\",\"valueRequired\":true,\"valueName\":\"search_term_string\"}}],\"inLanguage\":\"lt-LT\"},{\"@type\":\"Organization\",\"@id\":\"https:\/\/miumjau.ee\/#organization\",\"name\":\"MiuMjau O\u00dc\",\"url\":\"https:\/\/miumjau.ee\/\",\"logo\":{\"@type\":\"ImageObject\",\"inLanguage\":\"lt-LT\",\"@id\":\"https:\/\/miumjau.ee\/#\/schema\/logo\/image\/\",\"url\":\"https:\/\/miumjau.ee\/wp-content\/uploads\/2022\/04\/MiuMjau-logo-kollane.png\",\"contentUrl\":\"https:\/\/miumjau.ee\/wp-content\/uploads\/2022\/04\/MiuMjau-logo-kollane.png\",\"width\":219,\"height\":100,\"caption\":\"MiuMjau O\u00dc\"},\"image\":{\"@id\":\"https:\/\/miumjau.ee\/#\/schema\/logo\/image\/\"},\"sameAs\":[\"https:\/\/www.facebook.com\/miumjaupood\/\"]}]}<\/script>\n<!-- \/ Yoast SEO plugin. -->","yoast_head_json":{"title":"Frigera pusiau dr\u0117gni m\u0117singi skan\u0117stai su \u0117riena, 165 g - MiuMjau","robots":{"index":"index","follow":"follow","max-snippet":"max-snippet:-1","max-image-preview":"max-image-preview:large","max-video-preview":"max-video-preview:-1"},"canonical":"https:\/\/miumjau.ee\/lt\/produktas\/frigera-pusiau-dregni-mesingi-skanestai-su-eriena-165-g\/","og_locale":"lt_LT","og_type":"article","og_title":"Frigera pusiau dr\u0117gni m\u0117singi skan\u0117stai su \u0117riena, 165 g - MiuMjau","og_description":"Frigera pusiau dr\u0117gn\u0173 skan\u0117st\u0173 serijos tikri flagmanai! Be glitimo ir su itin auk\u0161tu \u2013 net 85% \u2013 m\u0117sos kiekiu! Net jautriausi \u0161unys neatsispirs \u0161iems gard\u0117siams. Pagaminti tik i\u0161 auk\u0161\u010diausios kokyb\u0117s ingredient\u0173, be konservant\u0173 ir dirbtini\u0173 da\u017eikli\u0173 \u2013 tai vieni sveikiausi\u0173 skan\u0117st\u0173 rinkoje. Kaip ir visi Frigera mink\u0161ti skan\u0117stai, jie patogaus dyd\u017eio ir supakuoti prakti\u0161kai.  Sudedamosios dalys: m\u0117sa ir gyv\u016bnin\u0117s kilm\u0117s produktai (85,00% m\u0117sos kiekis, \u012fskaitant 9,50% avienos milt\u0173), augalin\u0117s kilm\u0117s produktai, aliejai ir riebalai, mineralai Analitin\u0117 sud\u0117tis: \u017ealias baltymas 48,8%, \u017eali riebalai 9,6%, pelenai 0,84%, skaidulos 1,6%, dr\u0117gm\u0117 21% Duokite Frigera skan\u0117st\u0173 tarp valgym\u0173 kaip atlyg\u012f ar papild\u0105 subalansuotai mitybai. Visada pasir\u016bpinkite, kad \u0161uo tur\u0117t\u0173 \u0161vie\u017eio vandens. Neskirta \u017emoni\u0173 maistui.","og_url":"https:\/\/miumjau.ee\/lt\/produktas\/frigera-pusiau-dregni-mesingi-skanestai-su-eriena-165-g\/","og_site_name":"MiuMjau","article_publisher":"https:\/\/www.facebook.com\/miumjaupood\/","article_modified_time":"2026-01-07T18:54:17+00:00","og_image":[{"width":600,"height":800,"url":"https:\/\/miumjau.ee\/wp-content\/uploads\/2025\/05\/frigera-poolniisked-pehmed-maiused-gluteenivaba-korge-lihasisaldusega-lammas-165g-1-Photoroom.jpg","type":"image\/jpeg"}],"twitter_card":"summary_large_image","schema":{"@context":"https:\/\/schema.org","@graph":[{"@type":"WebPage","@id":"https:\/\/miumjau.ee\/lt\/produktas\/frigera-pusiau-dregni-mesingi-skanestai-su-eriena-165-g\/","url":"https:\/\/miumjau.ee\/lt\/produktas\/frigera-pusiau-dregni-mesingi-skanestai-su-eriena-165-g\/","name":"Frigera pusiau dr\u0117gni m\u0117singi skan\u0117stai su \u0117riena, 165 g - MiuMjau","isPartOf":{"@id":"https:\/\/miumjau.ee\/#website"},"primaryImageOfPage":{"@id":"https:\/\/miumjau.ee\/lt\/produktas\/frigera-pusiau-dregni-mesingi-skanestai-su-eriena-165-g\/#primaryimage"},"image":{"@id":"https:\/\/miumjau.ee\/lt\/produktas\/frigera-pusiau-dregni-mesingi-skanestai-su-eriena-165-g\/#primaryimage"},"thumbnailUrl":"https:\/\/miumjau.ee\/wp-content\/uploads\/2025\/05\/frigera-poolniisked-pehmed-maiused-gluteenivaba-korge-lihasisaldusega-lammas-165g-1-Photoroom.jpg","datePublished":"2025-05-15T21:01:06+00:00","dateModified":"2026-01-07T18:54:17+00:00","breadcrumb":{"@id":"https:\/\/miumjau.ee\/lt\/produktas\/frigera-pusiau-dregni-mesingi-skanestai-su-eriena-165-g\/#breadcrumb"},"inLanguage":"lt-LT","potentialAction":[{"@type":"ReadAction","target":["https:\/\/miumjau.ee\/lt\/produktas\/frigera-pusiau-dregni-mesingi-skanestai-su-eriena-165-g\/"]}]},{"@type":"ImageObject","inLanguage":"lt-LT","@id":"https:\/\/miumjau.ee\/lt\/produktas\/frigera-pusiau-dregni-mesingi-skanestai-su-eriena-165-g\/#primaryimage","url":"https:\/\/miumjau.ee\/wp-content\/uploads\/2025\/05\/frigera-poolniisked-pehmed-maiused-gluteenivaba-korge-lihasisaldusega-lammas-165g-1-Photoroom.jpg","contentUrl":"https:\/\/miumjau.ee\/wp-content\/uploads\/2025\/05\/frigera-poolniisked-pehmed-maiused-gluteenivaba-korge-lihasisaldusega-lammas-165g-1-Photoroom.jpg","width":600,"height":800,"caption":"Frigera poolniisked ja liharohked maiused lambaga 165 g"},{"@type":"BreadcrumbList","@id":"https:\/\/miumjau.ee\/lt\/produktas\/frigera-pusiau-dregni-mesingi-skanestai-su-eriena-165-g\/#breadcrumb","itemListElement":[{"@type":"ListItem","position":1,"name":"Home","item":"https:\/\/miumjau.ee\/lt\/"},{"@type":"ListItem","position":2,"name":"Parduotuv\u0117","item":"https:\/\/miumjau.ee\/lt\/parduotuve\/"},{"@type":"ListItem","position":3,"name":"Frigera pusiau dr\u0117gni m\u0117singi skan\u0117stai su \u0117riena, 165 g"}]},{"@type":"WebSite","@id":"https:\/\/miumjau.ee\/#website","url":"https:\/\/miumjau.ee\/","name":"MiuMjau","description":"Kraapimispuud kassidele","publisher":{"@id":"https:\/\/miumjau.ee\/#organization"},"potentialAction":[{"@type":"SearchAction","target":{"@type":"EntryPoint","urlTemplate":"https:\/\/miumjau.ee\/?s={search_term_string}"},"query-input":{"@type":"PropertyValueSpecification","valueRequired":true,"valueName":"search_term_string"}}],"inLanguage":"lt-LT"},{"@type":"Organization","@id":"https:\/\/miumjau.ee\/#organization","name":"MiuMjau O\u00dc","url":"https:\/\/miumjau.ee\/","logo":{"@type":"ImageObject","inLanguage":"lt-LT","@id":"https:\/\/miumjau.ee\/#\/schema\/logo\/image\/","url":"https:\/\/miumjau.ee\/wp-content\/uploads\/2022\/04\/MiuMjau-logo-kollane.png","contentUrl":"https:\/\/miumjau.ee\/wp-content\/uploads\/2022\/04\/MiuMjau-logo-kollane.png","width":219,"height":100,"caption":"MiuMjau O\u00dc"},"image":{"@id":"https:\/\/miumjau.ee\/#\/schema\/logo\/image\/"},"sameAs":["https:\/\/www.facebook.com\/miumjaupood\/"]}]}},"_links":{"self":[{"href":"https:\/\/miumjau.ee\/lt\/wp-json\/wp\/v2\/product\/41105","targetHints":{"allow":["GET"]}}],"collection":[{"href":"https:\/\/miumjau.ee\/lt\/wp-json\/wp\/v2\/product"}],"about":[{"href":"https:\/\/miumjau.ee\/lt\/wp-json\/wp\/v2\/types\/product"}],"wp:featuredmedia":[{"embeddable":true,"href":"https:\/\/miumjau.ee\/lt\/wp-json\/wp\/v2\/media\/41303"}],"wp:attachment":[{"href":"https:\/\/miumjau.ee\/lt\/wp-json\/wp\/v2\/media?parent=41105"}],"wp:term":[{"taxonomy":"product_brand","embeddable":true,"href":"https:\/\/miumjau.ee\/lt\/wp-json\/wp\/v2\/product_brand?post=41105"},{"taxonomy":"product_cat","embeddable":true,"href":"https:\/\/miumjau.ee\/lt\/wp-json\/wp\/v2\/product_cat?post=41105"},{"taxonomy":"product_tag","embeddable":true,"href":"https:\/\/miumjau.ee\/lt\/wp-json\/wp\/v2\/product_tag?post=41105"}],"curies":[{"name":"wp","href":"https:\/\/api.w.org\/{rel}","templated":true}]}}