{"id":41102,"date":"2025-03-21T11:59:36","date_gmt":"2025-03-21T09:59:36","guid":{"rendered":"https:\/\/miumjau.ee\/toode\/tofu-kates-kraikas-papai-nano-technology-2-mm-5-kg\/"},"modified":"2026-01-07T20:54:24","modified_gmt":"2026-01-07T18:54:24","slug":"tofu-kates-kraikas-papai-nano-technology-2-mm-5-kg","status":"publish","type":"product","link":"https:\/\/miumjau.ee\/lt\/produktas\/tofu-kates-kraikas-papai-nano-technology-2-mm-5-kg\/","title":{"rendered":"Tofu kat\u0117s kraikas Papai Nano-technology 2 mm, 5 kg"},"content":{"rendered":"","protected":false},"excerpt":{"rendered":"<p>Profesionalus kvapo kontrol\u0117s produktas \u2013 nat\u016bralus dezodorantas su autenti\u0161ku antibakteriniu sertifikatu.<br \/>\nTofu ka\u010di\u0173 kraikas, kuriuo galite tikrai pasitik\u0117ti!<br \/>\nTofu ka\u010di\u0173 kraikas Papai Nano Antibakterinis pakelia kraiko kokyb\u0117s standart\u0105 \u012f nauj\u0105 lyg\u012f. Naudojant nanotechnologij\u0105, \u012f kraik\u0105 \u012ftraukti antibakteriniai mineralai, kurie suteikia jam tikr\u0105 antibakterin\u012f poveik\u012f. Sertifikuota Honkongo STC bandym\u0173 centro \u2013 antibakterinis veiksmingumas vir\u0161ija 90%! \u0160is kraikas ne tik naikina bakterijas, bet ir puikiai neutralizuoja nemalonius kvapus. Tai \u017eymiai suma\u017eina ka\u010di\u0173 s\u0105lyt\u012f su bakterijomis ir virusais, padeda i\u0161vengti \u0161lapimo tak\u0173 infekcij\u0173, saugo augintinio sveikat\u0105 ir nam\u0173 higien\u0105. Profesionalus kvap\u0173 \u0161alinimo poveikis yra gerokai stipresnis nei daugumos kit\u0173 tofu kraik\u0173 rinkoje. Nuo\u0161ird\u017eiai rekomenduojame visiems ka\u010di\u0173 \u0161eimininkams i\u0161bandyti \u0161\u012f inovatyv\u0173 produkt\u0105.<\/p>\n<p>Sudedamosios dalys: 90% \u017eirni\u0173 pluo\u0161to mi\u0161inys (\u017eirni\u0173 pluo\u0161tas, soj\u0173 mas\u0117, kukur\u016bz\u0173 miltai, Nano antibakteriniai mineralai), guaro guma ir vanduo.<\/p>\n<p><strong>Kod\u0117l verta rinktis Papai tofu kraik\u0105? Kuo jis i\u0161siskiria i\u0161 pigesni\u0173 variant\u0173?<\/strong><\/p>\n<ul>\n<li>Tarnauja ilgiau<\/li>\n<li>Galima sunaudoti iki paskutinio gr\u016bdelio, nereikia keisti viso kraiko i\u0161 karto<\/li>\n<li>Keliskart auk\u0161tesn\u0117s kokyb\u0117s (tofu kokyb\u0119 lemia \u017eirni\u0173 milt\u0173 kiekis \u2013 Papai tofu sud\u0117tyje jo yra bent 80%)<\/li>\n<li>Puikiai susiformuoja \u012f gumulus<\/li>\n<li>Labai gerai sugeria ir neutralizuoja kvapus d\u0117l puikios sud\u0117ties<\/li>\n<li>D\u0117l greito sugeriamumo \u0161lapimo gumulai neprilimpa prie d\u0117\u017e\u0117s dugno \u2013 sp\u0117ja susiformuoti dar prie\u0161 tai. U\u017etikrinkite, kad d\u0117\u017e\u0117je b\u016bt\u0173 pakankamai kraiko sluoksnis.<\/li>\n<li>Saugus net ma\u017eiems ka\u010diukams (gali nety\u010dia \u0161iek tiek praryti), nes neturi kvapi\u0173j\u0173 pried\u0173 ar kit\u0173 netinkam\u0173 med\u017eiag\u0173.<\/li>\n<\/ul>\n<p>Naudojimo instrukcija:<br \/>\n\u012eberkite bent 5 cm sluoksn\u012f tofu kraiko \u012f d\u0117\u017e\u0117s dugn\u0105. Reguliariai pa\u0161alinkite gumulus. Papildykite kraik\u0105, kai jo suma\u017e\u0117ja. Nenaudokite \u0161io kraiko kartu su kit\u0173 r\u016b\u0161i\u0173 tofu kraikais. Gumulus galima i\u0161mesti \u012f klozet\u0105 ma\u017eais kiekiais.<\/p>\n<p>Pakuot\u0117: 5 kg \u2013 tinka net didesn\u0117ms d\u0117\u017e\u0117ms.<\/p>\n<p>MiuMjau O\u00dc yra oficialus Papai Tofu ka\u010di\u0173 kraiko platintojas ir \u0161iuo metu vienintelis Europoje. I\u0161bandykite auk\u0161\u010diausios kokyb\u0117s tofu kraik\u0105!<\/p>\n","protected":false},"featured_media":41315,"template":"","meta":[],"product_brand":[],"product_cat":[530,524],"product_tag":[],"class_list":{"0":"post-41102","1":"product","2":"type-product","3":"status-publish","4":"has-post-thumbnail","6":"product_cat-kaciu-kraikas","7":"product_cat-kaup24-lt","9":"first","10":"instock","11":"sale","12":"taxable","13":"shipping-taxable","14":"purchasable","15":"product-type-simple"},"yoast_head":"<!-- This site is optimized with the Yoast SEO plugin v27.2 - https:\/\/yoast.com\/product\/yoast-seo-wordpress\/ -->\n<title>Tofu kat\u0117s kraikas Papai Nano-technology 2 mm, 5 kg - MiuMjau<\/title>\n<meta name=\"robots\" content=\"index, follow, max-snippet:-1, max-image-preview:large, max-video-preview:-1\" \/>\n<link rel=\"canonical\" href=\"https:\/\/miumjau.ee\/lt\/produktas\/tofu-kates-kraikas-papai-nano-technology-2-mm-5-kg\/\" \/>\n<meta property=\"og:locale\" content=\"lt_LT\" \/>\n<meta property=\"og:type\" content=\"article\" \/>\n<meta property=\"og:title\" content=\"Tofu kat\u0117s kraikas Papai Nano-technology 2 mm, 5 kg - MiuMjau\" \/>\n<meta property=\"og:description\" content=\"Profesionalus kvapo kontrol\u0117s produktas \u2013 nat\u016bralus dezodorantas su autenti\u0161ku antibakteriniu sertifikatu.  Tofu ka\u010di\u0173 kraikas, kuriuo galite tikrai pasitik\u0117ti!  Tofu ka\u010di\u0173 kraikas Papai Nano Antibakterinis pakelia kraiko kokyb\u0117s standart\u0105 \u012f nauj\u0105 lyg\u012f. Naudojant nanotechnologij\u0105, \u012f kraik\u0105 \u012ftraukti antibakteriniai mineralai, kurie suteikia jam tikr\u0105 antibakterin\u012f poveik\u012f. Sertifikuota Honkongo STC bandym\u0173 centro \u2013 antibakterinis veiksmingumas vir\u0161ija 90%! \u0160is kraikas ne tik naikina bakterijas, bet ir puikiai neutralizuoja nemalonius kvapus. Tai \u017eymiai suma\u017eina ka\u010di\u0173 s\u0105lyt\u012f su bakterijomis ir virusais, padeda i\u0161vengti \u0161lapimo tak\u0173 infekcij\u0173, saugo augintinio sveikat\u0105 ir nam\u0173 higien\u0105. Profesionalus kvap\u0173 \u0161alinimo poveikis yra gerokai stipresnis nei daugumos kit\u0173 tofu kraik\u0173 rinkoje. Nuo\u0161ird\u017eiai rekomenduojame visiems ka\u010di\u0173 \u0161eimininkams i\u0161bandyti \u0161\u012f inovatyv\u0173 produkt\u0105. Sudedamosios dalys: 90% \u017eirni\u0173 pluo\u0161to mi\u0161inys (\u017eirni\u0173 pluo\u0161tas, soj\u0173 mas\u0117, kukur\u016bz\u0173 miltai, Nano antibakteriniai mineralai), guaro guma ir vanduo. Kod\u0117l verta rinktis Papai tofu kraik\u0105? Kuo jis i\u0161siskiria i\u0161 pigesni\u0173 variant\u0173? Tarnauja ilgiau Galima sunaudoti iki paskutinio gr\u016bdelio, nereikia keisti viso kraiko i\u0161 karto Keliskart auk\u0161tesn\u0117s kokyb\u0117s (tofu kokyb\u0119 lemia \u017eirni\u0173 milt\u0173 kiekis \u2013 Papai tofu sud\u0117tyje jo yra bent 80%) Puikiai susiformuoja \u012f gumulus Labai gerai sugeria ir neutralizuoja kvapus d\u0117l puikios sud\u0117ties D\u0117l greito sugeriamumo \u0161lapimo gumulai neprilimpa prie d\u0117\u017e\u0117s dugno \u2013 sp\u0117ja susiformuoti dar prie\u0161 tai. U\u017etikrinkite, kad d\u0117\u017e\u0117je b\u016bt\u0173 pakankamai kraiko sluoksnis. Saugus net ma\u017eiems ka\u010diukams (gali nety\u010dia \u0161iek tiek praryti), nes neturi kvapi\u0173j\u0173 pried\u0173 ar kit\u0173 netinkam\u0173 med\u017eiag\u0173.  Naudojimo instrukcija:  \u012eberkite bent 5 cm sluoksn\u012f tofu kraiko \u012f d\u0117\u017e\u0117s dugn\u0105. Reguliariai pa\u0161alinkite gumulus. Papildykite kraik\u0105, kai jo suma\u017e\u0117ja. Nenaudokite \u0161io kraiko kartu su kit\u0173 r\u016b\u0161i\u0173 tofu kraikais. Gumulus galima i\u0161mesti \u012f klozet\u0105 ma\u017eais kiekiais. Pakuot\u0117: 5 kg \u2013 tinka net didesn\u0117ms d\u0117\u017e\u0117ms. MiuMjau O\u00dc yra oficialus Papai Tofu ka\u010di\u0173 kraiko platintojas ir \u0161iuo metu vienintelis Europoje. I\u0161bandykite auk\u0161\u010diausios kokyb\u0117s tofu kraik\u0105!\" \/>\n<meta property=\"og:url\" content=\"https:\/\/miumjau.ee\/lt\/produktas\/tofu-kates-kraikas-papai-nano-technology-2-mm-5-kg\/\" \/>\n<meta property=\"og:site_name\" content=\"MiuMjau\" \/>\n<meta property=\"article:publisher\" content=\"https:\/\/www.facebook.com\/miumjaupood\/\" \/>\n<meta property=\"article:modified_time\" content=\"2026-01-07T18:54:24+00:00\" \/>\n<meta property=\"og:image\" content=\"https:\/\/miumjau.ee\/wp-content\/uploads\/2025\/10\/tofu-kassiliiv-papai1-1.jpg\" \/>\n\t<meta property=\"og:image:width\" content=\"600\" \/>\n\t<meta property=\"og:image:height\" content=\"800\" \/>\n\t<meta property=\"og:image:type\" content=\"image\/jpeg\" \/>\n<meta name=\"twitter:card\" content=\"summary_large_image\" \/>\n<script type=\"application\/ld+json\" class=\"yoast-schema-graph\">{\"@context\":\"https:\/\/schema.org\",\"@graph\":[{\"@type\":\"WebPage\",\"@id\":\"https:\/\/miumjau.ee\/lt\/produktas\/tofu-kates-kraikas-papai-nano-technology-2-mm-5-kg\/\",\"url\":\"https:\/\/miumjau.ee\/lt\/produktas\/tofu-kates-kraikas-papai-nano-technology-2-mm-5-kg\/\",\"name\":\"Tofu kat\u0117s kraikas Papai Nano-technology 2 mm, 5 kg - MiuMjau\",\"isPartOf\":{\"@id\":\"https:\/\/miumjau.ee\/#website\"},\"primaryImageOfPage\":{\"@id\":\"https:\/\/miumjau.ee\/lt\/produktas\/tofu-kates-kraikas-papai-nano-technology-2-mm-5-kg\/#primaryimage\"},\"image\":{\"@id\":\"https:\/\/miumjau.ee\/lt\/produktas\/tofu-kates-kraikas-papai-nano-technology-2-mm-5-kg\/#primaryimage\"},\"thumbnailUrl\":\"https:\/\/miumjau.ee\/wp-content\/uploads\/2025\/10\/tofu-kassiliiv-papai1-1.jpg\",\"datePublished\":\"2025-03-21T09:59:36+00:00\",\"dateModified\":\"2026-01-07T18:54:24+00:00\",\"breadcrumb\":{\"@id\":\"https:\/\/miumjau.ee\/lt\/produktas\/tofu-kates-kraikas-papai-nano-technology-2-mm-5-kg\/#breadcrumb\"},\"inLanguage\":\"lt-LT\",\"potentialAction\":[{\"@type\":\"ReadAction\",\"target\":[\"https:\/\/miumjau.ee\/lt\/produktas\/tofu-kates-kraikas-papai-nano-technology-2-mm-5-kg\/\"]}]},{\"@type\":\"ImageObject\",\"inLanguage\":\"lt-LT\",\"@id\":\"https:\/\/miumjau.ee\/lt\/produktas\/tofu-kates-kraikas-papai-nano-technology-2-mm-5-kg\/#primaryimage\",\"url\":\"https:\/\/miumjau.ee\/wp-content\/uploads\/2025\/10\/tofu-kassiliiv-papai1-1.jpg\",\"contentUrl\":\"https:\/\/miumjau.ee\/wp-content\/uploads\/2025\/10\/tofu-kassiliiv-papai1-1.jpg\",\"width\":600,\"height\":800,\"caption\":\"Papai tofu kassiliiv\"},{\"@type\":\"BreadcrumbList\",\"@id\":\"https:\/\/miumjau.ee\/lt\/produktas\/tofu-kates-kraikas-papai-nano-technology-2-mm-5-kg\/#breadcrumb\",\"itemListElement\":[{\"@type\":\"ListItem\",\"position\":1,\"name\":\"Home\",\"item\":\"https:\/\/miumjau.ee\/lt\/\"},{\"@type\":\"ListItem\",\"position\":2,\"name\":\"Parduotuv\u0117\",\"item\":\"https:\/\/miumjau.ee\/lt\/parduotuve\/\"},{\"@type\":\"ListItem\",\"position\":3,\"name\":\"Tofu kat\u0117s kraikas Papai Nano-technology 2 mm, 5 kg\"}]},{\"@type\":\"WebSite\",\"@id\":\"https:\/\/miumjau.ee\/#website\",\"url\":\"https:\/\/miumjau.ee\/\",\"name\":\"MiuMjau\",\"description\":\"Kraapimispuud kassidele\",\"publisher\":{\"@id\":\"https:\/\/miumjau.ee\/#organization\"},\"potentialAction\":[{\"@type\":\"SearchAction\",\"target\":{\"@type\":\"EntryPoint\",\"urlTemplate\":\"https:\/\/miumjau.ee\/?s={search_term_string}\"},\"query-input\":{\"@type\":\"PropertyValueSpecification\",\"valueRequired\":true,\"valueName\":\"search_term_string\"}}],\"inLanguage\":\"lt-LT\"},{\"@type\":\"Organization\",\"@id\":\"https:\/\/miumjau.ee\/#organization\",\"name\":\"MiuMjau O\u00dc\",\"url\":\"https:\/\/miumjau.ee\/\",\"logo\":{\"@type\":\"ImageObject\",\"inLanguage\":\"lt-LT\",\"@id\":\"https:\/\/miumjau.ee\/#\/schema\/logo\/image\/\",\"url\":\"https:\/\/miumjau.ee\/wp-content\/uploads\/2022\/04\/MiuMjau-logo-kollane.png\",\"contentUrl\":\"https:\/\/miumjau.ee\/wp-content\/uploads\/2022\/04\/MiuMjau-logo-kollane.png\",\"width\":219,\"height\":100,\"caption\":\"MiuMjau O\u00dc\"},\"image\":{\"@id\":\"https:\/\/miumjau.ee\/#\/schema\/logo\/image\/\"},\"sameAs\":[\"https:\/\/www.facebook.com\/miumjaupood\/\"]}]}<\/script>\n<!-- \/ Yoast SEO plugin. -->","yoast_head_json":{"title":"Tofu kat\u0117s kraikas Papai Nano-technology 2 mm, 5 kg - MiuMjau","robots":{"index":"index","follow":"follow","max-snippet":"max-snippet:-1","max-image-preview":"max-image-preview:large","max-video-preview":"max-video-preview:-1"},"canonical":"https:\/\/miumjau.ee\/lt\/produktas\/tofu-kates-kraikas-papai-nano-technology-2-mm-5-kg\/","og_locale":"lt_LT","og_type":"article","og_title":"Tofu kat\u0117s kraikas Papai Nano-technology 2 mm, 5 kg - MiuMjau","og_description":"Profesionalus kvapo kontrol\u0117s produktas \u2013 nat\u016bralus dezodorantas su autenti\u0161ku antibakteriniu sertifikatu.  Tofu ka\u010di\u0173 kraikas, kuriuo galite tikrai pasitik\u0117ti!  Tofu ka\u010di\u0173 kraikas Papai Nano Antibakterinis pakelia kraiko kokyb\u0117s standart\u0105 \u012f nauj\u0105 lyg\u012f. Naudojant nanotechnologij\u0105, \u012f kraik\u0105 \u012ftraukti antibakteriniai mineralai, kurie suteikia jam tikr\u0105 antibakterin\u012f poveik\u012f. Sertifikuota Honkongo STC bandym\u0173 centro \u2013 antibakterinis veiksmingumas vir\u0161ija 90%! \u0160is kraikas ne tik naikina bakterijas, bet ir puikiai neutralizuoja nemalonius kvapus. Tai \u017eymiai suma\u017eina ka\u010di\u0173 s\u0105lyt\u012f su bakterijomis ir virusais, padeda i\u0161vengti \u0161lapimo tak\u0173 infekcij\u0173, saugo augintinio sveikat\u0105 ir nam\u0173 higien\u0105. Profesionalus kvap\u0173 \u0161alinimo poveikis yra gerokai stipresnis nei daugumos kit\u0173 tofu kraik\u0173 rinkoje. Nuo\u0161ird\u017eiai rekomenduojame visiems ka\u010di\u0173 \u0161eimininkams i\u0161bandyti \u0161\u012f inovatyv\u0173 produkt\u0105. Sudedamosios dalys: 90% \u017eirni\u0173 pluo\u0161to mi\u0161inys (\u017eirni\u0173 pluo\u0161tas, soj\u0173 mas\u0117, kukur\u016bz\u0173 miltai, Nano antibakteriniai mineralai), guaro guma ir vanduo. Kod\u0117l verta rinktis Papai tofu kraik\u0105? Kuo jis i\u0161siskiria i\u0161 pigesni\u0173 variant\u0173? Tarnauja ilgiau Galima sunaudoti iki paskutinio gr\u016bdelio, nereikia keisti viso kraiko i\u0161 karto Keliskart auk\u0161tesn\u0117s kokyb\u0117s (tofu kokyb\u0119 lemia \u017eirni\u0173 milt\u0173 kiekis \u2013 Papai tofu sud\u0117tyje jo yra bent 80%) Puikiai susiformuoja \u012f gumulus Labai gerai sugeria ir neutralizuoja kvapus d\u0117l puikios sud\u0117ties D\u0117l greito sugeriamumo \u0161lapimo gumulai neprilimpa prie d\u0117\u017e\u0117s dugno \u2013 sp\u0117ja susiformuoti dar prie\u0161 tai. U\u017etikrinkite, kad d\u0117\u017e\u0117je b\u016bt\u0173 pakankamai kraiko sluoksnis. Saugus net ma\u017eiems ka\u010diukams (gali nety\u010dia \u0161iek tiek praryti), nes neturi kvapi\u0173j\u0173 pried\u0173 ar kit\u0173 netinkam\u0173 med\u017eiag\u0173.  Naudojimo instrukcija:  \u012eberkite bent 5 cm sluoksn\u012f tofu kraiko \u012f d\u0117\u017e\u0117s dugn\u0105. Reguliariai pa\u0161alinkite gumulus. Papildykite kraik\u0105, kai jo suma\u017e\u0117ja. Nenaudokite \u0161io kraiko kartu su kit\u0173 r\u016b\u0161i\u0173 tofu kraikais. Gumulus galima i\u0161mesti \u012f klozet\u0105 ma\u017eais kiekiais. Pakuot\u0117: 5 kg \u2013 tinka net didesn\u0117ms d\u0117\u017e\u0117ms. MiuMjau O\u00dc yra oficialus Papai Tofu ka\u010di\u0173 kraiko platintojas ir \u0161iuo metu vienintelis Europoje. I\u0161bandykite auk\u0161\u010diausios kokyb\u0117s tofu kraik\u0105!","og_url":"https:\/\/miumjau.ee\/lt\/produktas\/tofu-kates-kraikas-papai-nano-technology-2-mm-5-kg\/","og_site_name":"MiuMjau","article_publisher":"https:\/\/www.facebook.com\/miumjaupood\/","article_modified_time":"2026-01-07T18:54:24+00:00","og_image":[{"width":600,"height":800,"url":"https:\/\/miumjau.ee\/wp-content\/uploads\/2025\/10\/tofu-kassiliiv-papai1-1.jpg","type":"image\/jpeg"}],"twitter_card":"summary_large_image","schema":{"@context":"https:\/\/schema.org","@graph":[{"@type":"WebPage","@id":"https:\/\/miumjau.ee\/lt\/produktas\/tofu-kates-kraikas-papai-nano-technology-2-mm-5-kg\/","url":"https:\/\/miumjau.ee\/lt\/produktas\/tofu-kates-kraikas-papai-nano-technology-2-mm-5-kg\/","name":"Tofu kat\u0117s kraikas Papai Nano-technology 2 mm, 5 kg - MiuMjau","isPartOf":{"@id":"https:\/\/miumjau.ee\/#website"},"primaryImageOfPage":{"@id":"https:\/\/miumjau.ee\/lt\/produktas\/tofu-kates-kraikas-papai-nano-technology-2-mm-5-kg\/#primaryimage"},"image":{"@id":"https:\/\/miumjau.ee\/lt\/produktas\/tofu-kates-kraikas-papai-nano-technology-2-mm-5-kg\/#primaryimage"},"thumbnailUrl":"https:\/\/miumjau.ee\/wp-content\/uploads\/2025\/10\/tofu-kassiliiv-papai1-1.jpg","datePublished":"2025-03-21T09:59:36+00:00","dateModified":"2026-01-07T18:54:24+00:00","breadcrumb":{"@id":"https:\/\/miumjau.ee\/lt\/produktas\/tofu-kates-kraikas-papai-nano-technology-2-mm-5-kg\/#breadcrumb"},"inLanguage":"lt-LT","potentialAction":[{"@type":"ReadAction","target":["https:\/\/miumjau.ee\/lt\/produktas\/tofu-kates-kraikas-papai-nano-technology-2-mm-5-kg\/"]}]},{"@type":"ImageObject","inLanguage":"lt-LT","@id":"https:\/\/miumjau.ee\/lt\/produktas\/tofu-kates-kraikas-papai-nano-technology-2-mm-5-kg\/#primaryimage","url":"https:\/\/miumjau.ee\/wp-content\/uploads\/2025\/10\/tofu-kassiliiv-papai1-1.jpg","contentUrl":"https:\/\/miumjau.ee\/wp-content\/uploads\/2025\/10\/tofu-kassiliiv-papai1-1.jpg","width":600,"height":800,"caption":"Papai tofu kassiliiv"},{"@type":"BreadcrumbList","@id":"https:\/\/miumjau.ee\/lt\/produktas\/tofu-kates-kraikas-papai-nano-technology-2-mm-5-kg\/#breadcrumb","itemListElement":[{"@type":"ListItem","position":1,"name":"Home","item":"https:\/\/miumjau.ee\/lt\/"},{"@type":"ListItem","position":2,"name":"Parduotuv\u0117","item":"https:\/\/miumjau.ee\/lt\/parduotuve\/"},{"@type":"ListItem","position":3,"name":"Tofu kat\u0117s kraikas Papai Nano-technology 2 mm, 5 kg"}]},{"@type":"WebSite","@id":"https:\/\/miumjau.ee\/#website","url":"https:\/\/miumjau.ee\/","name":"MiuMjau","description":"Kraapimispuud kassidele","publisher":{"@id":"https:\/\/miumjau.ee\/#organization"},"potentialAction":[{"@type":"SearchAction","target":{"@type":"EntryPoint","urlTemplate":"https:\/\/miumjau.ee\/?s={search_term_string}"},"query-input":{"@type":"PropertyValueSpecification","valueRequired":true,"valueName":"search_term_string"}}],"inLanguage":"lt-LT"},{"@type":"Organization","@id":"https:\/\/miumjau.ee\/#organization","name":"MiuMjau O\u00dc","url":"https:\/\/miumjau.ee\/","logo":{"@type":"ImageObject","inLanguage":"lt-LT","@id":"https:\/\/miumjau.ee\/#\/schema\/logo\/image\/","url":"https:\/\/miumjau.ee\/wp-content\/uploads\/2022\/04\/MiuMjau-logo-kollane.png","contentUrl":"https:\/\/miumjau.ee\/wp-content\/uploads\/2022\/04\/MiuMjau-logo-kollane.png","width":219,"height":100,"caption":"MiuMjau O\u00dc"},"image":{"@id":"https:\/\/miumjau.ee\/#\/schema\/logo\/image\/"},"sameAs":["https:\/\/www.facebook.com\/miumjaupood\/"]}]}},"_links":{"self":[{"href":"https:\/\/miumjau.ee\/lt\/wp-json\/wp\/v2\/product\/41102","targetHints":{"allow":["GET"]}}],"collection":[{"href":"https:\/\/miumjau.ee\/lt\/wp-json\/wp\/v2\/product"}],"about":[{"href":"https:\/\/miumjau.ee\/lt\/wp-json\/wp\/v2\/types\/product"}],"wp:featuredmedia":[{"embeddable":true,"href":"https:\/\/miumjau.ee\/lt\/wp-json\/wp\/v2\/media\/41315"}],"wp:attachment":[{"href":"https:\/\/miumjau.ee\/lt\/wp-json\/wp\/v2\/media?parent=41102"}],"wp:term":[{"taxonomy":"product_brand","embeddable":true,"href":"https:\/\/miumjau.ee\/lt\/wp-json\/wp\/v2\/product_brand?post=41102"},{"taxonomy":"product_cat","embeddable":true,"href":"https:\/\/miumjau.ee\/lt\/wp-json\/wp\/v2\/product_cat?post=41102"},{"taxonomy":"product_tag","embeddable":true,"href":"https:\/\/miumjau.ee\/lt\/wp-json\/wp\/v2\/product_tag?post=41102"}],"curies":[{"name":"wp","href":"https:\/\/api.w.org\/{rel}","templated":true}]}}