{"id":41101,"date":"2024-12-03T11:09:04","date_gmt":"2024-12-03T09:09:04","guid":{"rendered":"https:\/\/miumjau.ee\/toode\/aatas-cat-tantalizing-slapias-maistas-su-tunu-ir-surimi-24-x-80-g\/"},"modified":"2026-01-07T20:54:24","modified_gmt":"2026-01-07T18:54:24","slug":"aatas-cat-tantalizing-slapias-maistas-su-tunu-ir-surimi-24-x-80-g","status":"publish","type":"product","link":"https:\/\/miumjau.ee\/lt\/produktas\/aatas-cat-tantalizing-slapias-maistas-su-tunu-ir-surimi-24-x-80-g\/","title":{"rendered":"Aatas Cat Tantalizing \u0161lapias maistas su tunu ir surimi, 24 \u00d7 80 g"},"content":{"rendered":"","protected":false},"excerpt":{"rendered":"<p>Puikaus skonio \u0161lapias pa\u0161aras kat\u0117ms, turintis daug m\u0117sos ir auk\u0161\u010diausios kokyb\u0117s ingredient\u0173. J\u016bs\u0173 katei jis tikrai patiks! Pirkdami tikr\u0105 m\u0117s\u0105 turint\u012f maist\u0105, r\u016bpinat\u0117s savo kat\u0117s sveikata.<\/p>\n<ul>\n<li>Nat\u016brali m\u0117sa<\/li>\n<li>Ma\u017eai riebal\u0173 ir kalorij\u0173<\/li>\n<li>Patinka net i\u0161rankiausioms<\/li>\n<li>Be gr\u016bd\u0173<\/li>\n<li>Be konservant\u0173<\/li>\n<li>Be GMO<\/li>\n<\/ul>\n<p><strong>Sudedamosios dalys: <\/strong>Tuno sultinys, tunas, surimis, tir\u0161tikliai.<\/p>\n<p><strong>Energija: <\/strong>480,0 kcal\/kg 38,4 kcal\/skardin\u0117<\/p>\n<p><strong>Analitin\u0117 sud\u0117tis: <\/strong>\u017dalias baltymas (min) 11,50%, \u017eali riebalai (min) 0,60%, \u017ealios skaidulos (maks) 0,20%, dr\u0117gm\u0117 (maks) 86,0%, pelenai (maks) 1,50%.<\/p>\n","protected":false},"featured_media":41300,"template":"","meta":[],"product_brand":[],"product_cat":[526,524],"product_tag":[],"class_list":{"0":"post-41101","1":"product","2":"type-product","3":"status-publish","4":"has-post-thumbnail","6":"product_cat-slapias-maistas","7":"product_cat-kaup24-lt","9":"first","10":"instock","11":"taxable","12":"shipping-taxable","13":"purchasable","14":"product-type-simple"},"yoast_head":"<!-- This site is optimized with the Yoast SEO plugin v27.2 - https:\/\/yoast.com\/product\/yoast-seo-wordpress\/ -->\n<title>Aatas Cat Tantalizing \u0161lapias maistas su tunu ir surimi, 24 \u00d7 80 g - MiuMjau<\/title>\n<meta name=\"robots\" content=\"index, follow, max-snippet:-1, max-image-preview:large, max-video-preview:-1\" \/>\n<link rel=\"canonical\" href=\"https:\/\/miumjau.ee\/lt\/produktas\/aatas-cat-tantalizing-slapias-maistas-su-tunu-ir-surimi-24-x-80-g\/\" \/>\n<meta property=\"og:locale\" content=\"lt_LT\" \/>\n<meta property=\"og:type\" content=\"article\" \/>\n<meta property=\"og:title\" content=\"Aatas Cat Tantalizing \u0161lapias maistas su tunu ir surimi, 24 \u00d7 80 g - MiuMjau\" \/>\n<meta property=\"og:description\" content=\"Puikaus skonio \u0161lapias pa\u0161aras kat\u0117ms, turintis daug m\u0117sos ir auk\u0161\u010diausios kokyb\u0117s ingredient\u0173. J\u016bs\u0173 katei jis tikrai patiks! Pirkdami tikr\u0105 m\u0117s\u0105 turint\u012f maist\u0105, r\u016bpinat\u0117s savo kat\u0117s sveikata. Nat\u016brali m\u0117sa Ma\u017eai riebal\u0173 ir kalorij\u0173 Patinka net i\u0161rankiausioms Be gr\u016bd\u0173 Be konservant\u0173 Be GMO Sudedamosios dalys: Tuno sultinys, tunas, surimis, tir\u0161tikliai. Energija: 480,0 kcal\/kg 38,4 kcal\/skardin\u0117 Analitin\u0117 sud\u0117tis: \u017dalias baltymas (min) 11,50%, \u017eali riebalai (min) 0,60%, \u017ealios skaidulos (maks) 0,20%, dr\u0117gm\u0117 (maks) 86,0%, pelenai (maks) 1,50%.\" \/>\n<meta property=\"og:url\" content=\"https:\/\/miumjau.ee\/lt\/produktas\/aatas-cat-tantalizing-slapias-maistas-su-tunu-ir-surimi-24-x-80-g\/\" \/>\n<meta property=\"og:site_name\" content=\"MiuMjau\" \/>\n<meta property=\"article:publisher\" content=\"https:\/\/www.facebook.com\/miumjaupood\/\" \/>\n<meta property=\"article:modified_time\" content=\"2026-01-07T18:54:24+00:00\" \/>\n<meta property=\"og:image\" content=\"https:\/\/miumjau.ee\/wp-content\/uploads\/2024\/11\/Tuna-_-Surimi-Photoroom.jpg\" \/>\n\t<meta property=\"og:image:width\" content=\"600\" \/>\n\t<meta property=\"og:image:height\" content=\"800\" \/>\n\t<meta property=\"og:image:type\" content=\"image\/jpeg\" \/>\n<meta name=\"twitter:card\" content=\"summary_large_image\" \/>\n<script type=\"application\/ld+json\" class=\"yoast-schema-graph\">{\"@context\":\"https:\/\/schema.org\",\"@graph\":[{\"@type\":\"WebPage\",\"@id\":\"https:\/\/miumjau.ee\/lt\/produktas\/aatas-cat-tantalizing-slapias-maistas-su-tunu-ir-surimi-24-x-80-g\/\",\"url\":\"https:\/\/miumjau.ee\/lt\/produktas\/aatas-cat-tantalizing-slapias-maistas-su-tunu-ir-surimi-24-x-80-g\/\",\"name\":\"Aatas Cat Tantalizing \u0161lapias maistas su tunu ir surimi, 24 \u00d7 80 g - MiuMjau\",\"isPartOf\":{\"@id\":\"https:\/\/miumjau.ee\/#website\"},\"primaryImageOfPage\":{\"@id\":\"https:\/\/miumjau.ee\/lt\/produktas\/aatas-cat-tantalizing-slapias-maistas-su-tunu-ir-surimi-24-x-80-g\/#primaryimage\"},\"image\":{\"@id\":\"https:\/\/miumjau.ee\/lt\/produktas\/aatas-cat-tantalizing-slapias-maistas-su-tunu-ir-surimi-24-x-80-g\/#primaryimage\"},\"thumbnailUrl\":\"https:\/\/miumjau.ee\/wp-content\/uploads\/2024\/11\/Tuna-_-Surimi-Photoroom.jpg\",\"datePublished\":\"2024-12-03T09:09:04+00:00\",\"dateModified\":\"2026-01-07T18:54:24+00:00\",\"breadcrumb\":{\"@id\":\"https:\/\/miumjau.ee\/lt\/produktas\/aatas-cat-tantalizing-slapias-maistas-su-tunu-ir-surimi-24-x-80-g\/#breadcrumb\"},\"inLanguage\":\"lt-LT\",\"potentialAction\":[{\"@type\":\"ReadAction\",\"target\":[\"https:\/\/miumjau.ee\/lt\/produktas\/aatas-cat-tantalizing-slapias-maistas-su-tunu-ir-surimi-24-x-80-g\/\"]}]},{\"@type\":\"ImageObject\",\"inLanguage\":\"lt-LT\",\"@id\":\"https:\/\/miumjau.ee\/lt\/produktas\/aatas-cat-tantalizing-slapias-maistas-su-tunu-ir-surimi-24-x-80-g\/#primaryimage\",\"url\":\"https:\/\/miumjau.ee\/wp-content\/uploads\/2024\/11\/Tuna-_-Surimi-Photoroom.jpg\",\"contentUrl\":\"https:\/\/miumjau.ee\/wp-content\/uploads\/2024\/11\/Tuna-_-Surimi-Photoroom.jpg\",\"width\":600,\"height\":800,\"caption\":\"Aatas Cat Tantalizing m\u00e4rgtoit tuunikala ja surimiga 80g\"},{\"@type\":\"BreadcrumbList\",\"@id\":\"https:\/\/miumjau.ee\/lt\/produktas\/aatas-cat-tantalizing-slapias-maistas-su-tunu-ir-surimi-24-x-80-g\/#breadcrumb\",\"itemListElement\":[{\"@type\":\"ListItem\",\"position\":1,\"name\":\"Home\",\"item\":\"https:\/\/miumjau.ee\/lt\/\"},{\"@type\":\"ListItem\",\"position\":2,\"name\":\"Parduotuv\u0117\",\"item\":\"https:\/\/miumjau.ee\/lt\/parduotuve\/\"},{\"@type\":\"ListItem\",\"position\":3,\"name\":\"Aatas Cat Tantalizing \u0161lapias maistas su tunu ir surimi, 24 \u00d7 80 g\"}]},{\"@type\":\"WebSite\",\"@id\":\"https:\/\/miumjau.ee\/#website\",\"url\":\"https:\/\/miumjau.ee\/\",\"name\":\"MiuMjau\",\"description\":\"Kraapimispuud kassidele\",\"publisher\":{\"@id\":\"https:\/\/miumjau.ee\/#organization\"},\"potentialAction\":[{\"@type\":\"SearchAction\",\"target\":{\"@type\":\"EntryPoint\",\"urlTemplate\":\"https:\/\/miumjau.ee\/?s={search_term_string}\"},\"query-input\":{\"@type\":\"PropertyValueSpecification\",\"valueRequired\":true,\"valueName\":\"search_term_string\"}}],\"inLanguage\":\"lt-LT\"},{\"@type\":\"Organization\",\"@id\":\"https:\/\/miumjau.ee\/#organization\",\"name\":\"MiuMjau O\u00dc\",\"url\":\"https:\/\/miumjau.ee\/\",\"logo\":{\"@type\":\"ImageObject\",\"inLanguage\":\"lt-LT\",\"@id\":\"https:\/\/miumjau.ee\/#\/schema\/logo\/image\/\",\"url\":\"https:\/\/miumjau.ee\/wp-content\/uploads\/2022\/04\/MiuMjau-logo-kollane.png\",\"contentUrl\":\"https:\/\/miumjau.ee\/wp-content\/uploads\/2022\/04\/MiuMjau-logo-kollane.png\",\"width\":219,\"height\":100,\"caption\":\"MiuMjau O\u00dc\"},\"image\":{\"@id\":\"https:\/\/miumjau.ee\/#\/schema\/logo\/image\/\"},\"sameAs\":[\"https:\/\/www.facebook.com\/miumjaupood\/\"]}]}<\/script>\n<!-- \/ Yoast SEO plugin. -->","yoast_head_json":{"title":"Aatas Cat Tantalizing \u0161lapias maistas su tunu ir surimi, 24 \u00d7 80 g - MiuMjau","robots":{"index":"index","follow":"follow","max-snippet":"max-snippet:-1","max-image-preview":"max-image-preview:large","max-video-preview":"max-video-preview:-1"},"canonical":"https:\/\/miumjau.ee\/lt\/produktas\/aatas-cat-tantalizing-slapias-maistas-su-tunu-ir-surimi-24-x-80-g\/","og_locale":"lt_LT","og_type":"article","og_title":"Aatas Cat Tantalizing \u0161lapias maistas su tunu ir surimi, 24 \u00d7 80 g - MiuMjau","og_description":"Puikaus skonio \u0161lapias pa\u0161aras kat\u0117ms, turintis daug m\u0117sos ir auk\u0161\u010diausios kokyb\u0117s ingredient\u0173. J\u016bs\u0173 katei jis tikrai patiks! Pirkdami tikr\u0105 m\u0117s\u0105 turint\u012f maist\u0105, r\u016bpinat\u0117s savo kat\u0117s sveikata. Nat\u016brali m\u0117sa Ma\u017eai riebal\u0173 ir kalorij\u0173 Patinka net i\u0161rankiausioms Be gr\u016bd\u0173 Be konservant\u0173 Be GMO Sudedamosios dalys: Tuno sultinys, tunas, surimis, tir\u0161tikliai. Energija: 480,0 kcal\/kg 38,4 kcal\/skardin\u0117 Analitin\u0117 sud\u0117tis: \u017dalias baltymas (min) 11,50%, \u017eali riebalai (min) 0,60%, \u017ealios skaidulos (maks) 0,20%, dr\u0117gm\u0117 (maks) 86,0%, pelenai (maks) 1,50%.","og_url":"https:\/\/miumjau.ee\/lt\/produktas\/aatas-cat-tantalizing-slapias-maistas-su-tunu-ir-surimi-24-x-80-g\/","og_site_name":"MiuMjau","article_publisher":"https:\/\/www.facebook.com\/miumjaupood\/","article_modified_time":"2026-01-07T18:54:24+00:00","og_image":[{"width":600,"height":800,"url":"https:\/\/miumjau.ee\/wp-content\/uploads\/2024\/11\/Tuna-_-Surimi-Photoroom.jpg","type":"image\/jpeg"}],"twitter_card":"summary_large_image","schema":{"@context":"https:\/\/schema.org","@graph":[{"@type":"WebPage","@id":"https:\/\/miumjau.ee\/lt\/produktas\/aatas-cat-tantalizing-slapias-maistas-su-tunu-ir-surimi-24-x-80-g\/","url":"https:\/\/miumjau.ee\/lt\/produktas\/aatas-cat-tantalizing-slapias-maistas-su-tunu-ir-surimi-24-x-80-g\/","name":"Aatas Cat Tantalizing \u0161lapias maistas su tunu ir surimi, 24 \u00d7 80 g - MiuMjau","isPartOf":{"@id":"https:\/\/miumjau.ee\/#website"},"primaryImageOfPage":{"@id":"https:\/\/miumjau.ee\/lt\/produktas\/aatas-cat-tantalizing-slapias-maistas-su-tunu-ir-surimi-24-x-80-g\/#primaryimage"},"image":{"@id":"https:\/\/miumjau.ee\/lt\/produktas\/aatas-cat-tantalizing-slapias-maistas-su-tunu-ir-surimi-24-x-80-g\/#primaryimage"},"thumbnailUrl":"https:\/\/miumjau.ee\/wp-content\/uploads\/2024\/11\/Tuna-_-Surimi-Photoroom.jpg","datePublished":"2024-12-03T09:09:04+00:00","dateModified":"2026-01-07T18:54:24+00:00","breadcrumb":{"@id":"https:\/\/miumjau.ee\/lt\/produktas\/aatas-cat-tantalizing-slapias-maistas-su-tunu-ir-surimi-24-x-80-g\/#breadcrumb"},"inLanguage":"lt-LT","potentialAction":[{"@type":"ReadAction","target":["https:\/\/miumjau.ee\/lt\/produktas\/aatas-cat-tantalizing-slapias-maistas-su-tunu-ir-surimi-24-x-80-g\/"]}]},{"@type":"ImageObject","inLanguage":"lt-LT","@id":"https:\/\/miumjau.ee\/lt\/produktas\/aatas-cat-tantalizing-slapias-maistas-su-tunu-ir-surimi-24-x-80-g\/#primaryimage","url":"https:\/\/miumjau.ee\/wp-content\/uploads\/2024\/11\/Tuna-_-Surimi-Photoroom.jpg","contentUrl":"https:\/\/miumjau.ee\/wp-content\/uploads\/2024\/11\/Tuna-_-Surimi-Photoroom.jpg","width":600,"height":800,"caption":"Aatas Cat Tantalizing m\u00e4rgtoit tuunikala ja surimiga 80g"},{"@type":"BreadcrumbList","@id":"https:\/\/miumjau.ee\/lt\/produktas\/aatas-cat-tantalizing-slapias-maistas-su-tunu-ir-surimi-24-x-80-g\/#breadcrumb","itemListElement":[{"@type":"ListItem","position":1,"name":"Home","item":"https:\/\/miumjau.ee\/lt\/"},{"@type":"ListItem","position":2,"name":"Parduotuv\u0117","item":"https:\/\/miumjau.ee\/lt\/parduotuve\/"},{"@type":"ListItem","position":3,"name":"Aatas Cat Tantalizing \u0161lapias maistas su tunu ir surimi, 24 \u00d7 80 g"}]},{"@type":"WebSite","@id":"https:\/\/miumjau.ee\/#website","url":"https:\/\/miumjau.ee\/","name":"MiuMjau","description":"Kraapimispuud kassidele","publisher":{"@id":"https:\/\/miumjau.ee\/#organization"},"potentialAction":[{"@type":"SearchAction","target":{"@type":"EntryPoint","urlTemplate":"https:\/\/miumjau.ee\/?s={search_term_string}"},"query-input":{"@type":"PropertyValueSpecification","valueRequired":true,"valueName":"search_term_string"}}],"inLanguage":"lt-LT"},{"@type":"Organization","@id":"https:\/\/miumjau.ee\/#organization","name":"MiuMjau O\u00dc","url":"https:\/\/miumjau.ee\/","logo":{"@type":"ImageObject","inLanguage":"lt-LT","@id":"https:\/\/miumjau.ee\/#\/schema\/logo\/image\/","url":"https:\/\/miumjau.ee\/wp-content\/uploads\/2022\/04\/MiuMjau-logo-kollane.png","contentUrl":"https:\/\/miumjau.ee\/wp-content\/uploads\/2022\/04\/MiuMjau-logo-kollane.png","width":219,"height":100,"caption":"MiuMjau O\u00dc"},"image":{"@id":"https:\/\/miumjau.ee\/#\/schema\/logo\/image\/"},"sameAs":["https:\/\/www.facebook.com\/miumjaupood\/"]}]}},"_links":{"self":[{"href":"https:\/\/miumjau.ee\/lt\/wp-json\/wp\/v2\/product\/41101","targetHints":{"allow":["GET"]}}],"collection":[{"href":"https:\/\/miumjau.ee\/lt\/wp-json\/wp\/v2\/product"}],"about":[{"href":"https:\/\/miumjau.ee\/lt\/wp-json\/wp\/v2\/types\/product"}],"wp:featuredmedia":[{"embeddable":true,"href":"https:\/\/miumjau.ee\/lt\/wp-json\/wp\/v2\/media\/41300"}],"wp:attachment":[{"href":"https:\/\/miumjau.ee\/lt\/wp-json\/wp\/v2\/media?parent=41101"}],"wp:term":[{"taxonomy":"product_brand","embeddable":true,"href":"https:\/\/miumjau.ee\/lt\/wp-json\/wp\/v2\/product_brand?post=41101"},{"taxonomy":"product_cat","embeddable":true,"href":"https:\/\/miumjau.ee\/lt\/wp-json\/wp\/v2\/product_cat?post=41101"},{"taxonomy":"product_tag","embeddable":true,"href":"https:\/\/miumjau.ee\/lt\/wp-json\/wp\/v2\/product_tag?post=41101"}],"curies":[{"name":"wp","href":"https:\/\/api.w.org\/{rel}","templated":true}]}}