{"id":41097,"date":"2024-12-03T11:08:58","date_gmt":"2024-12-03T09:08:58","guid":{"rendered":"https:\/\/miumjau.ee\/toode\/aatas-cat-tantalizing-slapias-maistas-su-tunu-ir-lasisa-24-x-80-g\/"},"modified":"2026-01-07T20:54:24","modified_gmt":"2026-01-07T18:54:24","slug":"aatas-cat-tantalizing-slapias-maistas-su-tunu-ir-lasisa-24-x-80-g","status":"publish","type":"product","link":"https:\/\/miumjau.ee\/lt\/produktas\/aatas-cat-tantalizing-slapias-maistas-su-tunu-ir-lasisa-24-x-80-g\/","title":{"rendered":"Aatas Cat Tantalizing \u0161lapias maistas su tunu ir la\u0161i\u0161a, 24 \u00d7 80 g"},"content":{"rendered":"","protected":false},"excerpt":{"rendered":"<p>Aatas Cat kana su krevet\u0117mis drebu\u010diuose \u2013 gardus, subalansuotas pa\u0161aras, skirtas kat\u0117ms, m\u0117gstan\u010dioms subtil\u0173 j\u016bros skon\u012f. Pagamintas i\u0161 auk\u0161tos kokyb\u0117s vi\u0161tienos ir kreve\u010di\u0173 gabal\u0117li\u0173, \u0161is pa\u0161aras pasi\u017eymi nat\u016braliu aromatu, kuris patiks net i\u0161rankiausioms kat\u0117ms. Drebu\u010diai suteikia maloni\u0105 tekst\u016br\u0105 ir padeda palaikyti kat\u0117s hidratacij\u0105. Be dirbtini\u0173 da\u017eikli\u0173, kvapi\u0173j\u0173 med\u017eiag\u0173 ar konservant\u0173.<\/p>\n<p>Sud\u0117tis: vi\u0161tiena, krevet\u0117s, vanduo, augalin\u0117s kilm\u0117s tir\u0161tikliai, mineralai.<br \/>\nAnalizin\u0117s sudedamosios dalys: baltymai 12 %, riebalai 1 %, \u017eali pelenai 1 %, skaidulos 0,5 %, dr\u0117gm\u0117 85 %.<br \/>\nRekomenduojama patiekti kambario temperat\u016broje.<br \/>\nGrynasis kiekis \u2013 80 g.<\/p>\n","protected":false},"featured_media":41294,"template":"","meta":[],"product_brand":[],"product_cat":[526,524],"product_tag":[],"class_list":{"0":"post-41097","1":"product","2":"type-product","3":"status-publish","4":"has-post-thumbnail","6":"product_cat-slapias-maistas","7":"product_cat-kaup24-lt","9":"first","10":"instock","11":"taxable","12":"shipping-taxable","13":"purchasable","14":"product-type-simple"},"yoast_head":"<!-- This site is optimized with the Yoast SEO plugin v27.2 - https:\/\/yoast.com\/product\/yoast-seo-wordpress\/ -->\n<title>Aatas Cat Tantalizing \u0161lapias maistas su tunu ir la\u0161i\u0161a, 24 \u00d7 80 g - MiuMjau<\/title>\n<meta name=\"robots\" content=\"index, follow, max-snippet:-1, max-image-preview:large, max-video-preview:-1\" \/>\n<link rel=\"canonical\" href=\"https:\/\/miumjau.ee\/lt\/produktas\/aatas-cat-tantalizing-slapias-maistas-su-tunu-ir-lasisa-24-x-80-g\/\" \/>\n<meta property=\"og:locale\" content=\"lt_LT\" \/>\n<meta property=\"og:type\" content=\"article\" \/>\n<meta property=\"og:title\" content=\"Aatas Cat Tantalizing \u0161lapias maistas su tunu ir la\u0161i\u0161a, 24 \u00d7 80 g - MiuMjau\" \/>\n<meta property=\"og:description\" content=\"Aatas Cat kana su krevet\u0117mis drebu\u010diuose \u2013 gardus, subalansuotas pa\u0161aras, skirtas kat\u0117ms, m\u0117gstan\u010dioms subtil\u0173 j\u016bros skon\u012f. Pagamintas i\u0161 auk\u0161tos kokyb\u0117s vi\u0161tienos ir kreve\u010di\u0173 gabal\u0117li\u0173, \u0161is pa\u0161aras pasi\u017eymi nat\u016braliu aromatu, kuris patiks net i\u0161rankiausioms kat\u0117ms. Drebu\u010diai suteikia maloni\u0105 tekst\u016br\u0105 ir padeda palaikyti kat\u0117s hidratacij\u0105. Be dirbtini\u0173 da\u017eikli\u0173, kvapi\u0173j\u0173 med\u017eiag\u0173 ar konservant\u0173. Sud\u0117tis: vi\u0161tiena, krevet\u0117s, vanduo, augalin\u0117s kilm\u0117s tir\u0161tikliai, mineralai.  Analizin\u0117s sudedamosios dalys: baltymai 12 %, riebalai 1 %, \u017eali pelenai 1 %, skaidulos 0,5 %, dr\u0117gm\u0117 85 %.  Rekomenduojama patiekti kambario temperat\u016broje.  Grynasis kiekis \u2013 80 g.\" \/>\n<meta property=\"og:url\" content=\"https:\/\/miumjau.ee\/lt\/produktas\/aatas-cat-tantalizing-slapias-maistas-su-tunu-ir-lasisa-24-x-80-g\/\" \/>\n<meta property=\"og:site_name\" content=\"MiuMjau\" \/>\n<meta property=\"article:publisher\" content=\"https:\/\/www.facebook.com\/miumjaupood\/\" \/>\n<meta property=\"article:modified_time\" content=\"2026-01-07T18:54:24+00:00\" \/>\n<meta property=\"og:image\" content=\"https:\/\/miumjau.ee\/wp-content\/uploads\/2024\/11\/aatas-tantalizing-konserv-kassidele4.jpg\" \/>\n\t<meta property=\"og:image:width\" content=\"600\" \/>\n\t<meta property=\"og:image:height\" content=\"800\" \/>\n\t<meta property=\"og:image:type\" content=\"image\/jpeg\" \/>\n<meta name=\"twitter:card\" content=\"summary_large_image\" \/>\n<script type=\"application\/ld+json\" class=\"yoast-schema-graph\">{\"@context\":\"https:\/\/schema.org\",\"@graph\":[{\"@type\":\"WebPage\",\"@id\":\"https:\/\/miumjau.ee\/lt\/produktas\/aatas-cat-tantalizing-slapias-maistas-su-tunu-ir-lasisa-24-x-80-g\/\",\"url\":\"https:\/\/miumjau.ee\/lt\/produktas\/aatas-cat-tantalizing-slapias-maistas-su-tunu-ir-lasisa-24-x-80-g\/\",\"name\":\"Aatas Cat Tantalizing \u0161lapias maistas su tunu ir la\u0161i\u0161a, 24 \u00d7 80 g - MiuMjau\",\"isPartOf\":{\"@id\":\"https:\/\/miumjau.ee\/#website\"},\"primaryImageOfPage\":{\"@id\":\"https:\/\/miumjau.ee\/lt\/produktas\/aatas-cat-tantalizing-slapias-maistas-su-tunu-ir-lasisa-24-x-80-g\/#primaryimage\"},\"image\":{\"@id\":\"https:\/\/miumjau.ee\/lt\/produktas\/aatas-cat-tantalizing-slapias-maistas-su-tunu-ir-lasisa-24-x-80-g\/#primaryimage\"},\"thumbnailUrl\":\"https:\/\/miumjau.ee\/wp-content\/uploads\/2024\/11\/aatas-tantalizing-konserv-kassidele4.jpg\",\"datePublished\":\"2024-12-03T09:08:58+00:00\",\"dateModified\":\"2026-01-07T18:54:24+00:00\",\"breadcrumb\":{\"@id\":\"https:\/\/miumjau.ee\/lt\/produktas\/aatas-cat-tantalizing-slapias-maistas-su-tunu-ir-lasisa-24-x-80-g\/#breadcrumb\"},\"inLanguage\":\"lt-LT\",\"potentialAction\":[{\"@type\":\"ReadAction\",\"target\":[\"https:\/\/miumjau.ee\/lt\/produktas\/aatas-cat-tantalizing-slapias-maistas-su-tunu-ir-lasisa-24-x-80-g\/\"]}]},{\"@type\":\"ImageObject\",\"inLanguage\":\"lt-LT\",\"@id\":\"https:\/\/miumjau.ee\/lt\/produktas\/aatas-cat-tantalizing-slapias-maistas-su-tunu-ir-lasisa-24-x-80-g\/#primaryimage\",\"url\":\"https:\/\/miumjau.ee\/wp-content\/uploads\/2024\/11\/aatas-tantalizing-konserv-kassidele4.jpg\",\"contentUrl\":\"https:\/\/miumjau.ee\/wp-content\/uploads\/2024\/11\/aatas-tantalizing-konserv-kassidele4.jpg\",\"width\":600,\"height\":800,\"caption\":\"Aatas Cat Tantalizing m\u00e4rgtoit tuunikala ja l\u00f5hega 80 g\"},{\"@type\":\"BreadcrumbList\",\"@id\":\"https:\/\/miumjau.ee\/lt\/produktas\/aatas-cat-tantalizing-slapias-maistas-su-tunu-ir-lasisa-24-x-80-g\/#breadcrumb\",\"itemListElement\":[{\"@type\":\"ListItem\",\"position\":1,\"name\":\"Home\",\"item\":\"https:\/\/miumjau.ee\/lt\/\"},{\"@type\":\"ListItem\",\"position\":2,\"name\":\"Parduotuv\u0117\",\"item\":\"https:\/\/miumjau.ee\/lt\/parduotuve\/\"},{\"@type\":\"ListItem\",\"position\":3,\"name\":\"Aatas Cat Tantalizing \u0161lapias maistas su tunu ir la\u0161i\u0161a, 24 \u00d7 80 g\"}]},{\"@type\":\"WebSite\",\"@id\":\"https:\/\/miumjau.ee\/#website\",\"url\":\"https:\/\/miumjau.ee\/\",\"name\":\"MiuMjau\",\"description\":\"Kraapimispuud kassidele\",\"publisher\":{\"@id\":\"https:\/\/miumjau.ee\/#organization\"},\"potentialAction\":[{\"@type\":\"SearchAction\",\"target\":{\"@type\":\"EntryPoint\",\"urlTemplate\":\"https:\/\/miumjau.ee\/?s={search_term_string}\"},\"query-input\":{\"@type\":\"PropertyValueSpecification\",\"valueRequired\":true,\"valueName\":\"search_term_string\"}}],\"inLanguage\":\"lt-LT\"},{\"@type\":\"Organization\",\"@id\":\"https:\/\/miumjau.ee\/#organization\",\"name\":\"MiuMjau O\u00dc\",\"url\":\"https:\/\/miumjau.ee\/\",\"logo\":{\"@type\":\"ImageObject\",\"inLanguage\":\"lt-LT\",\"@id\":\"https:\/\/miumjau.ee\/#\/schema\/logo\/image\/\",\"url\":\"https:\/\/miumjau.ee\/wp-content\/uploads\/2022\/04\/MiuMjau-logo-kollane.png\",\"contentUrl\":\"https:\/\/miumjau.ee\/wp-content\/uploads\/2022\/04\/MiuMjau-logo-kollane.png\",\"width\":219,\"height\":100,\"caption\":\"MiuMjau O\u00dc\"},\"image\":{\"@id\":\"https:\/\/miumjau.ee\/#\/schema\/logo\/image\/\"},\"sameAs\":[\"https:\/\/www.facebook.com\/miumjaupood\/\"]}]}<\/script>\n<!-- \/ Yoast SEO plugin. -->","yoast_head_json":{"title":"Aatas Cat Tantalizing \u0161lapias maistas su tunu ir la\u0161i\u0161a, 24 \u00d7 80 g - MiuMjau","robots":{"index":"index","follow":"follow","max-snippet":"max-snippet:-1","max-image-preview":"max-image-preview:large","max-video-preview":"max-video-preview:-1"},"canonical":"https:\/\/miumjau.ee\/lt\/produktas\/aatas-cat-tantalizing-slapias-maistas-su-tunu-ir-lasisa-24-x-80-g\/","og_locale":"lt_LT","og_type":"article","og_title":"Aatas Cat Tantalizing \u0161lapias maistas su tunu ir la\u0161i\u0161a, 24 \u00d7 80 g - MiuMjau","og_description":"Aatas Cat kana su krevet\u0117mis drebu\u010diuose \u2013 gardus, subalansuotas pa\u0161aras, skirtas kat\u0117ms, m\u0117gstan\u010dioms subtil\u0173 j\u016bros skon\u012f. Pagamintas i\u0161 auk\u0161tos kokyb\u0117s vi\u0161tienos ir kreve\u010di\u0173 gabal\u0117li\u0173, \u0161is pa\u0161aras pasi\u017eymi nat\u016braliu aromatu, kuris patiks net i\u0161rankiausioms kat\u0117ms. Drebu\u010diai suteikia maloni\u0105 tekst\u016br\u0105 ir padeda palaikyti kat\u0117s hidratacij\u0105. Be dirbtini\u0173 da\u017eikli\u0173, kvapi\u0173j\u0173 med\u017eiag\u0173 ar konservant\u0173. Sud\u0117tis: vi\u0161tiena, krevet\u0117s, vanduo, augalin\u0117s kilm\u0117s tir\u0161tikliai, mineralai.  Analizin\u0117s sudedamosios dalys: baltymai 12 %, riebalai 1 %, \u017eali pelenai 1 %, skaidulos 0,5 %, dr\u0117gm\u0117 85 %.  Rekomenduojama patiekti kambario temperat\u016broje.  Grynasis kiekis \u2013 80 g.","og_url":"https:\/\/miumjau.ee\/lt\/produktas\/aatas-cat-tantalizing-slapias-maistas-su-tunu-ir-lasisa-24-x-80-g\/","og_site_name":"MiuMjau","article_publisher":"https:\/\/www.facebook.com\/miumjaupood\/","article_modified_time":"2026-01-07T18:54:24+00:00","og_image":[{"width":600,"height":800,"url":"https:\/\/miumjau.ee\/wp-content\/uploads\/2024\/11\/aatas-tantalizing-konserv-kassidele4.jpg","type":"image\/jpeg"}],"twitter_card":"summary_large_image","schema":{"@context":"https:\/\/schema.org","@graph":[{"@type":"WebPage","@id":"https:\/\/miumjau.ee\/lt\/produktas\/aatas-cat-tantalizing-slapias-maistas-su-tunu-ir-lasisa-24-x-80-g\/","url":"https:\/\/miumjau.ee\/lt\/produktas\/aatas-cat-tantalizing-slapias-maistas-su-tunu-ir-lasisa-24-x-80-g\/","name":"Aatas Cat Tantalizing \u0161lapias maistas su tunu ir la\u0161i\u0161a, 24 \u00d7 80 g - MiuMjau","isPartOf":{"@id":"https:\/\/miumjau.ee\/#website"},"primaryImageOfPage":{"@id":"https:\/\/miumjau.ee\/lt\/produktas\/aatas-cat-tantalizing-slapias-maistas-su-tunu-ir-lasisa-24-x-80-g\/#primaryimage"},"image":{"@id":"https:\/\/miumjau.ee\/lt\/produktas\/aatas-cat-tantalizing-slapias-maistas-su-tunu-ir-lasisa-24-x-80-g\/#primaryimage"},"thumbnailUrl":"https:\/\/miumjau.ee\/wp-content\/uploads\/2024\/11\/aatas-tantalizing-konserv-kassidele4.jpg","datePublished":"2024-12-03T09:08:58+00:00","dateModified":"2026-01-07T18:54:24+00:00","breadcrumb":{"@id":"https:\/\/miumjau.ee\/lt\/produktas\/aatas-cat-tantalizing-slapias-maistas-su-tunu-ir-lasisa-24-x-80-g\/#breadcrumb"},"inLanguage":"lt-LT","potentialAction":[{"@type":"ReadAction","target":["https:\/\/miumjau.ee\/lt\/produktas\/aatas-cat-tantalizing-slapias-maistas-su-tunu-ir-lasisa-24-x-80-g\/"]}]},{"@type":"ImageObject","inLanguage":"lt-LT","@id":"https:\/\/miumjau.ee\/lt\/produktas\/aatas-cat-tantalizing-slapias-maistas-su-tunu-ir-lasisa-24-x-80-g\/#primaryimage","url":"https:\/\/miumjau.ee\/wp-content\/uploads\/2024\/11\/aatas-tantalizing-konserv-kassidele4.jpg","contentUrl":"https:\/\/miumjau.ee\/wp-content\/uploads\/2024\/11\/aatas-tantalizing-konserv-kassidele4.jpg","width":600,"height":800,"caption":"Aatas Cat Tantalizing m\u00e4rgtoit tuunikala ja l\u00f5hega 80 g"},{"@type":"BreadcrumbList","@id":"https:\/\/miumjau.ee\/lt\/produktas\/aatas-cat-tantalizing-slapias-maistas-su-tunu-ir-lasisa-24-x-80-g\/#breadcrumb","itemListElement":[{"@type":"ListItem","position":1,"name":"Home","item":"https:\/\/miumjau.ee\/lt\/"},{"@type":"ListItem","position":2,"name":"Parduotuv\u0117","item":"https:\/\/miumjau.ee\/lt\/parduotuve\/"},{"@type":"ListItem","position":3,"name":"Aatas Cat Tantalizing \u0161lapias maistas su tunu ir la\u0161i\u0161a, 24 \u00d7 80 g"}]},{"@type":"WebSite","@id":"https:\/\/miumjau.ee\/#website","url":"https:\/\/miumjau.ee\/","name":"MiuMjau","description":"Kraapimispuud kassidele","publisher":{"@id":"https:\/\/miumjau.ee\/#organization"},"potentialAction":[{"@type":"SearchAction","target":{"@type":"EntryPoint","urlTemplate":"https:\/\/miumjau.ee\/?s={search_term_string}"},"query-input":{"@type":"PropertyValueSpecification","valueRequired":true,"valueName":"search_term_string"}}],"inLanguage":"lt-LT"},{"@type":"Organization","@id":"https:\/\/miumjau.ee\/#organization","name":"MiuMjau O\u00dc","url":"https:\/\/miumjau.ee\/","logo":{"@type":"ImageObject","inLanguage":"lt-LT","@id":"https:\/\/miumjau.ee\/#\/schema\/logo\/image\/","url":"https:\/\/miumjau.ee\/wp-content\/uploads\/2022\/04\/MiuMjau-logo-kollane.png","contentUrl":"https:\/\/miumjau.ee\/wp-content\/uploads\/2022\/04\/MiuMjau-logo-kollane.png","width":219,"height":100,"caption":"MiuMjau O\u00dc"},"image":{"@id":"https:\/\/miumjau.ee\/#\/schema\/logo\/image\/"},"sameAs":["https:\/\/www.facebook.com\/miumjaupood\/"]}]}},"_links":{"self":[{"href":"https:\/\/miumjau.ee\/lt\/wp-json\/wp\/v2\/product\/41097","targetHints":{"allow":["GET"]}}],"collection":[{"href":"https:\/\/miumjau.ee\/lt\/wp-json\/wp\/v2\/product"}],"about":[{"href":"https:\/\/miumjau.ee\/lt\/wp-json\/wp\/v2\/types\/product"}],"wp:featuredmedia":[{"embeddable":true,"href":"https:\/\/miumjau.ee\/lt\/wp-json\/wp\/v2\/media\/41294"}],"wp:attachment":[{"href":"https:\/\/miumjau.ee\/lt\/wp-json\/wp\/v2\/media?parent=41097"}],"wp:term":[{"taxonomy":"product_brand","embeddable":true,"href":"https:\/\/miumjau.ee\/lt\/wp-json\/wp\/v2\/product_brand?post=41097"},{"taxonomy":"product_cat","embeddable":true,"href":"https:\/\/miumjau.ee\/lt\/wp-json\/wp\/v2\/product_cat?post=41097"},{"taxonomy":"product_tag","embeddable":true,"href":"https:\/\/miumjau.ee\/lt\/wp-json\/wp\/v2\/product_tag?post=41097"}],"curies":[{"name":"wp","href":"https:\/\/api.w.org\/{rel}","templated":true}]}}