{"id":41094,"date":"2024-12-03T11:08:51","date_gmt":"2024-12-03T09:08:51","guid":{"rendered":"https:\/\/miumjau.ee\/toode\/aatas-cat-kreminis-konservas-kates-su-vistiena-ir-tunu-24-x-80-g\/"},"modified":"2026-01-07T20:54:31","modified_gmt":"2026-01-07T18:54:31","slug":"aatas-cat-kreminis-konservas-kates-su-vistiena-ir-tunu-24-x-80-g","status":"publish","type":"product","link":"https:\/\/miumjau.ee\/lt\/produktas\/aatas-cat-kreminis-konservas-kates-su-vistiena-ir-tunu-24-x-80-g\/","title":{"rendered":"Aatas Cat kreminis konservas kat\u0117s su vi\u0161tiena ir tunu, 24 \u00d7 80 g"},"content":{"rendered":"","protected":false},"excerpt":{"rendered":"<p>Turnpike 200 draskykl\u0117 \u2013 tikra laipiojimo karalyst\u0117 j\u016bs\u0173 kat\u0117ms! 200 cm auk\u0161\u010dio konstrukcija leid\u017eia net kelioms kat\u0117ms vienu metu miegoti, \u017eaisti ar steb\u0117ti aplink\u0105. Kiekviena detal\u0117 pagaminta i\u0161 kokybi\u0161k\u0173 med\u017eiag\u0173 \u2013 nuo tvirt\u0173 stulp\u0173 iki itin mink\u0161t\u0173 pagalv\u0117li\u0173.<br \/>\nStulpai, dengti sizaliu, padeda i\u0161laikyti sveikus nagus, o \u012fvair\u016bs lygiai skatina aktyvum\u0105.  <\/p>\n<p>Jei turite kelias kates, Turnpike 200 pad\u0117s i\u0161vengti gin\u010d\u0173 \u2013 poilsio viet\u0173 pakanka visoms. \u0160i draskykl\u0117 puikiai tinka ir ma\u017eesniems kambariams, nes u\u017eima palyginti nedaug vietos.<\/p>\n<p>Auk\u0161tis \u2013 200 cm<br \/>\nPagrindas \u2013 74 \u00d7 50 cm<br \/>\nMaksimali apkrova pakabinamam guoliui \u2013 20 kg<br \/>\nStulp\u0173 storis \u2013 12 cm<br \/>\nPagalv\u0117l\u0117s nuimamos ir skalbiamos<br \/>\nSvoris \u2013 42 kg<\/p>\n","protected":false},"featured_media":41291,"template":"","meta":[],"product_brand":[],"product_cat":[526,524],"product_tag":[],"class_list":{"0":"post-41094","1":"product","2":"type-product","3":"status-publish","4":"has-post-thumbnail","6":"product_cat-slapias-maistas","7":"product_cat-kaup24-lt","9":"first","10":"instock","11":"taxable","12":"shipping-taxable","13":"purchasable","14":"product-type-simple"},"yoast_head":"<!-- This site is optimized with the Yoast SEO plugin v27.2 - https:\/\/yoast.com\/product\/yoast-seo-wordpress\/ -->\n<title>Aatas Cat kreminis konservas kat\u0117s su vi\u0161tiena ir tunu, 24 \u00d7 80 g - MiuMjau<\/title>\n<meta name=\"robots\" content=\"index, follow, max-snippet:-1, max-image-preview:large, max-video-preview:-1\" \/>\n<link rel=\"canonical\" href=\"https:\/\/miumjau.ee\/lt\/produktas\/aatas-cat-kreminis-konservas-kates-su-vistiena-ir-tunu-24-x-80-g\/\" \/>\n<meta property=\"og:locale\" content=\"lt_LT\" \/>\n<meta property=\"og:type\" content=\"article\" \/>\n<meta property=\"og:title\" content=\"Aatas Cat kreminis konservas kat\u0117s su vi\u0161tiena ir tunu, 24 \u00d7 80 g - MiuMjau\" \/>\n<meta property=\"og:description\" content=\"Turnpike 200 draskykl\u0117 \u2013 tikra laipiojimo karalyst\u0117 j\u016bs\u0173 kat\u0117ms! 200 cm auk\u0161\u010dio konstrukcija leid\u017eia net kelioms kat\u0117ms vienu metu miegoti, \u017eaisti ar steb\u0117ti aplink\u0105. Kiekviena detal\u0117 pagaminta i\u0161 kokybi\u0161k\u0173 med\u017eiag\u0173 \u2013 nuo tvirt\u0173 stulp\u0173 iki itin mink\u0161t\u0173 pagalv\u0117li\u0173.  Stulpai, dengti sizaliu, padeda i\u0161laikyti sveikus nagus, o \u012fvair\u016bs lygiai skatina aktyvum\u0105.  Jei turite kelias kates, Turnpike 200 pad\u0117s i\u0161vengti gin\u010d\u0173 \u2013 poilsio viet\u0173 pakanka visoms. \u0160i draskykl\u0117 puikiai tinka ir ma\u017eesniems kambariams, nes u\u017eima palyginti nedaug vietos. Auk\u0161tis \u2013 200 cm  Pagrindas \u2013 74 \u00d7 50 cm  Maksimali apkrova pakabinamam guoliui \u2013 20 kg  Stulp\u0173 storis \u2013 12 cm  Pagalv\u0117l\u0117s nuimamos ir skalbiamos  Svoris \u2013 42 kg\" \/>\n<meta property=\"og:url\" content=\"https:\/\/miumjau.ee\/lt\/produktas\/aatas-cat-kreminis-konservas-kates-su-vistiena-ir-tunu-24-x-80-g\/\" \/>\n<meta property=\"og:site_name\" content=\"MiuMjau\" \/>\n<meta property=\"article:publisher\" content=\"https:\/\/www.facebook.com\/miumjaupood\/\" \/>\n<meta property=\"article:modified_time\" content=\"2026-01-07T18:54:31+00:00\" \/>\n<meta property=\"og:image\" content=\"https:\/\/miumjau.ee\/wp-content\/uploads\/2024\/11\/aatas-cat-creamy-chicken-amp-tuna-konserv-kassidele-Photoroom.jpg\" \/>\n\t<meta property=\"og:image:width\" content=\"600\" \/>\n\t<meta property=\"og:image:height\" content=\"800\" \/>\n\t<meta property=\"og:image:type\" content=\"image\/jpeg\" \/>\n<meta name=\"twitter:card\" content=\"summary_large_image\" \/>\n<script type=\"application\/ld+json\" class=\"yoast-schema-graph\">{\"@context\":\"https:\/\/schema.org\",\"@graph\":[{\"@type\":\"WebPage\",\"@id\":\"https:\/\/miumjau.ee\/lt\/produktas\/aatas-cat-kreminis-konservas-kates-su-vistiena-ir-tunu-24-x-80-g\/\",\"url\":\"https:\/\/miumjau.ee\/lt\/produktas\/aatas-cat-kreminis-konservas-kates-su-vistiena-ir-tunu-24-x-80-g\/\",\"name\":\"Aatas Cat kreminis konservas kat\u0117s su vi\u0161tiena ir tunu, 24 \u00d7 80 g - MiuMjau\",\"isPartOf\":{\"@id\":\"https:\/\/miumjau.ee\/#website\"},\"primaryImageOfPage\":{\"@id\":\"https:\/\/miumjau.ee\/lt\/produktas\/aatas-cat-kreminis-konservas-kates-su-vistiena-ir-tunu-24-x-80-g\/#primaryimage\"},\"image\":{\"@id\":\"https:\/\/miumjau.ee\/lt\/produktas\/aatas-cat-kreminis-konservas-kates-su-vistiena-ir-tunu-24-x-80-g\/#primaryimage\"},\"thumbnailUrl\":\"https:\/\/miumjau.ee\/wp-content\/uploads\/2024\/11\/aatas-cat-creamy-chicken-amp-tuna-konserv-kassidele-Photoroom.jpg\",\"datePublished\":\"2024-12-03T09:08:51+00:00\",\"dateModified\":\"2026-01-07T18:54:31+00:00\",\"breadcrumb\":{\"@id\":\"https:\/\/miumjau.ee\/lt\/produktas\/aatas-cat-kreminis-konservas-kates-su-vistiena-ir-tunu-24-x-80-g\/#breadcrumb\"},\"inLanguage\":\"lt-LT\",\"potentialAction\":[{\"@type\":\"ReadAction\",\"target\":[\"https:\/\/miumjau.ee\/lt\/produktas\/aatas-cat-kreminis-konservas-kates-su-vistiena-ir-tunu-24-x-80-g\/\"]}]},{\"@type\":\"ImageObject\",\"inLanguage\":\"lt-LT\",\"@id\":\"https:\/\/miumjau.ee\/lt\/produktas\/aatas-cat-kreminis-konservas-kates-su-vistiena-ir-tunu-24-x-80-g\/#primaryimage\",\"url\":\"https:\/\/miumjau.ee\/wp-content\/uploads\/2024\/11\/aatas-cat-creamy-chicken-amp-tuna-konserv-kassidele-Photoroom.jpg\",\"contentUrl\":\"https:\/\/miumjau.ee\/wp-content\/uploads\/2024\/11\/aatas-cat-creamy-chicken-amp-tuna-konserv-kassidele-Photoroom.jpg\",\"width\":600,\"height\":800,\"caption\":\"Aatas Cat Creamy Chicken Tuna konserv kassidele 80 g\"},{\"@type\":\"BreadcrumbList\",\"@id\":\"https:\/\/miumjau.ee\/lt\/produktas\/aatas-cat-kreminis-konservas-kates-su-vistiena-ir-tunu-24-x-80-g\/#breadcrumb\",\"itemListElement\":[{\"@type\":\"ListItem\",\"position\":1,\"name\":\"Home\",\"item\":\"https:\/\/miumjau.ee\/lt\/\"},{\"@type\":\"ListItem\",\"position\":2,\"name\":\"Parduotuv\u0117\",\"item\":\"https:\/\/miumjau.ee\/lt\/parduotuve\/\"},{\"@type\":\"ListItem\",\"position\":3,\"name\":\"Aatas Cat kreminis konservas kat\u0117s su vi\u0161tiena ir tunu, 24 \u00d7 80 g\"}]},{\"@type\":\"WebSite\",\"@id\":\"https:\/\/miumjau.ee\/#website\",\"url\":\"https:\/\/miumjau.ee\/\",\"name\":\"MiuMjau\",\"description\":\"Kraapimispuud kassidele\",\"publisher\":{\"@id\":\"https:\/\/miumjau.ee\/#organization\"},\"potentialAction\":[{\"@type\":\"SearchAction\",\"target\":{\"@type\":\"EntryPoint\",\"urlTemplate\":\"https:\/\/miumjau.ee\/?s={search_term_string}\"},\"query-input\":{\"@type\":\"PropertyValueSpecification\",\"valueRequired\":true,\"valueName\":\"search_term_string\"}}],\"inLanguage\":\"lt-LT\"},{\"@type\":\"Organization\",\"@id\":\"https:\/\/miumjau.ee\/#organization\",\"name\":\"MiuMjau O\u00dc\",\"url\":\"https:\/\/miumjau.ee\/\",\"logo\":{\"@type\":\"ImageObject\",\"inLanguage\":\"lt-LT\",\"@id\":\"https:\/\/miumjau.ee\/#\/schema\/logo\/image\/\",\"url\":\"https:\/\/miumjau.ee\/wp-content\/uploads\/2022\/04\/MiuMjau-logo-kollane.png\",\"contentUrl\":\"https:\/\/miumjau.ee\/wp-content\/uploads\/2022\/04\/MiuMjau-logo-kollane.png\",\"width\":219,\"height\":100,\"caption\":\"MiuMjau O\u00dc\"},\"image\":{\"@id\":\"https:\/\/miumjau.ee\/#\/schema\/logo\/image\/\"},\"sameAs\":[\"https:\/\/www.facebook.com\/miumjaupood\/\"]}]}<\/script>\n<!-- \/ Yoast SEO plugin. -->","yoast_head_json":{"title":"Aatas Cat kreminis konservas kat\u0117s su vi\u0161tiena ir tunu, 24 \u00d7 80 g - MiuMjau","robots":{"index":"index","follow":"follow","max-snippet":"max-snippet:-1","max-image-preview":"max-image-preview:large","max-video-preview":"max-video-preview:-1"},"canonical":"https:\/\/miumjau.ee\/lt\/produktas\/aatas-cat-kreminis-konservas-kates-su-vistiena-ir-tunu-24-x-80-g\/","og_locale":"lt_LT","og_type":"article","og_title":"Aatas Cat kreminis konservas kat\u0117s su vi\u0161tiena ir tunu, 24 \u00d7 80 g - MiuMjau","og_description":"Turnpike 200 draskykl\u0117 \u2013 tikra laipiojimo karalyst\u0117 j\u016bs\u0173 kat\u0117ms! 200 cm auk\u0161\u010dio konstrukcija leid\u017eia net kelioms kat\u0117ms vienu metu miegoti, \u017eaisti ar steb\u0117ti aplink\u0105. Kiekviena detal\u0117 pagaminta i\u0161 kokybi\u0161k\u0173 med\u017eiag\u0173 \u2013 nuo tvirt\u0173 stulp\u0173 iki itin mink\u0161t\u0173 pagalv\u0117li\u0173.  Stulpai, dengti sizaliu, padeda i\u0161laikyti sveikus nagus, o \u012fvair\u016bs lygiai skatina aktyvum\u0105.  Jei turite kelias kates, Turnpike 200 pad\u0117s i\u0161vengti gin\u010d\u0173 \u2013 poilsio viet\u0173 pakanka visoms. \u0160i draskykl\u0117 puikiai tinka ir ma\u017eesniems kambariams, nes u\u017eima palyginti nedaug vietos. Auk\u0161tis \u2013 200 cm  Pagrindas \u2013 74 \u00d7 50 cm  Maksimali apkrova pakabinamam guoliui \u2013 20 kg  Stulp\u0173 storis \u2013 12 cm  Pagalv\u0117l\u0117s nuimamos ir skalbiamos  Svoris \u2013 42 kg","og_url":"https:\/\/miumjau.ee\/lt\/produktas\/aatas-cat-kreminis-konservas-kates-su-vistiena-ir-tunu-24-x-80-g\/","og_site_name":"MiuMjau","article_publisher":"https:\/\/www.facebook.com\/miumjaupood\/","article_modified_time":"2026-01-07T18:54:31+00:00","og_image":[{"width":600,"height":800,"url":"https:\/\/miumjau.ee\/wp-content\/uploads\/2024\/11\/aatas-cat-creamy-chicken-amp-tuna-konserv-kassidele-Photoroom.jpg","type":"image\/jpeg"}],"twitter_card":"summary_large_image","schema":{"@context":"https:\/\/schema.org","@graph":[{"@type":"WebPage","@id":"https:\/\/miumjau.ee\/lt\/produktas\/aatas-cat-kreminis-konservas-kates-su-vistiena-ir-tunu-24-x-80-g\/","url":"https:\/\/miumjau.ee\/lt\/produktas\/aatas-cat-kreminis-konservas-kates-su-vistiena-ir-tunu-24-x-80-g\/","name":"Aatas Cat kreminis konservas kat\u0117s su vi\u0161tiena ir tunu, 24 \u00d7 80 g - MiuMjau","isPartOf":{"@id":"https:\/\/miumjau.ee\/#website"},"primaryImageOfPage":{"@id":"https:\/\/miumjau.ee\/lt\/produktas\/aatas-cat-kreminis-konservas-kates-su-vistiena-ir-tunu-24-x-80-g\/#primaryimage"},"image":{"@id":"https:\/\/miumjau.ee\/lt\/produktas\/aatas-cat-kreminis-konservas-kates-su-vistiena-ir-tunu-24-x-80-g\/#primaryimage"},"thumbnailUrl":"https:\/\/miumjau.ee\/wp-content\/uploads\/2024\/11\/aatas-cat-creamy-chicken-amp-tuna-konserv-kassidele-Photoroom.jpg","datePublished":"2024-12-03T09:08:51+00:00","dateModified":"2026-01-07T18:54:31+00:00","breadcrumb":{"@id":"https:\/\/miumjau.ee\/lt\/produktas\/aatas-cat-kreminis-konservas-kates-su-vistiena-ir-tunu-24-x-80-g\/#breadcrumb"},"inLanguage":"lt-LT","potentialAction":[{"@type":"ReadAction","target":["https:\/\/miumjau.ee\/lt\/produktas\/aatas-cat-kreminis-konservas-kates-su-vistiena-ir-tunu-24-x-80-g\/"]}]},{"@type":"ImageObject","inLanguage":"lt-LT","@id":"https:\/\/miumjau.ee\/lt\/produktas\/aatas-cat-kreminis-konservas-kates-su-vistiena-ir-tunu-24-x-80-g\/#primaryimage","url":"https:\/\/miumjau.ee\/wp-content\/uploads\/2024\/11\/aatas-cat-creamy-chicken-amp-tuna-konserv-kassidele-Photoroom.jpg","contentUrl":"https:\/\/miumjau.ee\/wp-content\/uploads\/2024\/11\/aatas-cat-creamy-chicken-amp-tuna-konserv-kassidele-Photoroom.jpg","width":600,"height":800,"caption":"Aatas Cat Creamy Chicken Tuna konserv kassidele 80 g"},{"@type":"BreadcrumbList","@id":"https:\/\/miumjau.ee\/lt\/produktas\/aatas-cat-kreminis-konservas-kates-su-vistiena-ir-tunu-24-x-80-g\/#breadcrumb","itemListElement":[{"@type":"ListItem","position":1,"name":"Home","item":"https:\/\/miumjau.ee\/lt\/"},{"@type":"ListItem","position":2,"name":"Parduotuv\u0117","item":"https:\/\/miumjau.ee\/lt\/parduotuve\/"},{"@type":"ListItem","position":3,"name":"Aatas Cat kreminis konservas kat\u0117s su vi\u0161tiena ir tunu, 24 \u00d7 80 g"}]},{"@type":"WebSite","@id":"https:\/\/miumjau.ee\/#website","url":"https:\/\/miumjau.ee\/","name":"MiuMjau","description":"Kraapimispuud kassidele","publisher":{"@id":"https:\/\/miumjau.ee\/#organization"},"potentialAction":[{"@type":"SearchAction","target":{"@type":"EntryPoint","urlTemplate":"https:\/\/miumjau.ee\/?s={search_term_string}"},"query-input":{"@type":"PropertyValueSpecification","valueRequired":true,"valueName":"search_term_string"}}],"inLanguage":"lt-LT"},{"@type":"Organization","@id":"https:\/\/miumjau.ee\/#organization","name":"MiuMjau O\u00dc","url":"https:\/\/miumjau.ee\/","logo":{"@type":"ImageObject","inLanguage":"lt-LT","@id":"https:\/\/miumjau.ee\/#\/schema\/logo\/image\/","url":"https:\/\/miumjau.ee\/wp-content\/uploads\/2022\/04\/MiuMjau-logo-kollane.png","contentUrl":"https:\/\/miumjau.ee\/wp-content\/uploads\/2022\/04\/MiuMjau-logo-kollane.png","width":219,"height":100,"caption":"MiuMjau O\u00dc"},"image":{"@id":"https:\/\/miumjau.ee\/#\/schema\/logo\/image\/"},"sameAs":["https:\/\/www.facebook.com\/miumjaupood\/"]}]}},"_links":{"self":[{"href":"https:\/\/miumjau.ee\/lt\/wp-json\/wp\/v2\/product\/41094","targetHints":{"allow":["GET"]}}],"collection":[{"href":"https:\/\/miumjau.ee\/lt\/wp-json\/wp\/v2\/product"}],"about":[{"href":"https:\/\/miumjau.ee\/lt\/wp-json\/wp\/v2\/types\/product"}],"wp:featuredmedia":[{"embeddable":true,"href":"https:\/\/miumjau.ee\/lt\/wp-json\/wp\/v2\/media\/41291"}],"wp:attachment":[{"href":"https:\/\/miumjau.ee\/lt\/wp-json\/wp\/v2\/media?parent=41094"}],"wp:term":[{"taxonomy":"product_brand","embeddable":true,"href":"https:\/\/miumjau.ee\/lt\/wp-json\/wp\/v2\/product_brand?post=41094"},{"taxonomy":"product_cat","embeddable":true,"href":"https:\/\/miumjau.ee\/lt\/wp-json\/wp\/v2\/product_cat?post=41094"},{"taxonomy":"product_tag","embeddable":true,"href":"https:\/\/miumjau.ee\/lt\/wp-json\/wp\/v2\/product_tag?post=41094"}],"curies":[{"name":"wp","href":"https:\/\/api.w.org\/{rel}","templated":true}]}}