{"id":41090,"date":"2024-05-29T17:30:53","date_gmt":"2024-05-29T14:30:53","guid":{"rendered":"https:\/\/miumjau.ee\/toode\/draskykle-petrebels-siberian-200-balta\/"},"modified":"2026-01-07T20:54:31","modified_gmt":"2026-01-07T18:54:31","slug":"draskykle-petrebels-siberian-200-balta","status":"publish","type":"product","link":"https:\/\/miumjau.ee\/lt\/produktas\/draskykle-petrebels-siberian-200-balta\/","title":{"rendered":"Draskykl\u0117 Petrebels Siberian 200, balta"},"content":{"rendered":"","protected":false},"excerpt":{"rendered":"<p>Route 210 draskykl\u0117 sukurta tikriems draskymo profesionalams, kurie m\u0117gsta lipti iki pat vir\u0161aus. \u0160iuo modeliu gali naudotis net ir didel\u0117s, sunkesn\u0117s kat\u0117s. Jei j\u016bs\u0173 kat\u0117 m\u0117gsta steb\u0117ti aplink\u0105 ir b\u016bti auk\u0161tai \u2013 Route 210 yra puikus pasirinkimas. D\u0117l keli\u0173 poilsio viet\u0173 \u0161i\u0105 draskykl\u0119 vienu metu gali naudoti kelios kat\u0117s \u2013 vietos pakaks visoms, tod\u0117l pe\u0161tis nereik\u0117s. Ji kompakti\u0161ka, tod\u0117l puikiai tinka bet kokiems namams.<\/p>\n<p>Auk\u0161tis \u2013 210 cm<br \/>\nPagrindas \u2013 76 \u00d7 60 cm  <\/p>\n<p>Pakabinamo guolio maksimali apkrova \u2013 25 kg. Jei j\u016bs\u0173 kat\u0117 labai didel\u0117 arba kelios kat\u0117s m\u0117gsta miegoti kartu, Route 210 puikiai tam tinka.<br \/>\nStulpai yra skirtingo storio \u2013 kai kurie 12 cm, kiti net 15 cm skersmens.<br \/>\nPakabinamas guolis ir mink\u0161ti pagalv\u0117liai yra skalbiami.  <\/p>\n<p>Produktas pristatomas 2 d\u0117\u017e\u0117se, bendras svoris \u2013 54 kg.<\/p>\n","protected":false},"featured_media":41278,"template":"","meta":[],"product_brand":[],"product_cat":[515,524],"product_tag":[],"class_list":{"0":"post-41090","1":"product","2":"type-product","3":"status-publish","4":"has-post-thumbnail","6":"product_cat-petrebels-produktai-dideliems-katems","7":"product_cat-kaup24-lt","8":"product_shipping_class-pakiautomaati-sobimatu-lt","10":"first","11":"outofstock","12":"taxable","13":"shipping-taxable","14":"purchasable","15":"product-type-simple"},"yoast_head":"<!-- This site is optimized with the Yoast SEO plugin v27.2 - https:\/\/yoast.com\/product\/yoast-seo-wordpress\/ -->\n<title>Draskykl\u0117 Petrebels Siberian 200, balta - MiuMjau<\/title>\n<meta name=\"robots\" content=\"index, follow, max-snippet:-1, max-image-preview:large, max-video-preview:-1\" \/>\n<link rel=\"canonical\" href=\"https:\/\/miumjau.ee\/lt\/produktas\/draskykle-petrebels-siberian-200-balta\/\" \/>\n<meta property=\"og:locale\" content=\"lt_LT\" \/>\n<meta property=\"og:type\" content=\"article\" \/>\n<meta property=\"og:title\" content=\"Draskykl\u0117 Petrebels Siberian 200, balta - MiuMjau\" \/>\n<meta property=\"og:description\" content=\"Route 210 draskykl\u0117 sukurta tikriems draskymo profesionalams, kurie m\u0117gsta lipti iki pat vir\u0161aus. \u0160iuo modeliu gali naudotis net ir didel\u0117s, sunkesn\u0117s kat\u0117s. Jei j\u016bs\u0173 kat\u0117 m\u0117gsta steb\u0117ti aplink\u0105 ir b\u016bti auk\u0161tai \u2013 Route 210 yra puikus pasirinkimas. D\u0117l keli\u0173 poilsio viet\u0173 \u0161i\u0105 draskykl\u0119 vienu metu gali naudoti kelios kat\u0117s \u2013 vietos pakaks visoms, tod\u0117l pe\u0161tis nereik\u0117s. Ji kompakti\u0161ka, tod\u0117l puikiai tinka bet kokiems namams. Auk\u0161tis \u2013 210 cm  Pagrindas \u2013 76 \u00d7 60 cm  Pakabinamo guolio maksimali apkrova \u2013 25 kg. Jei j\u016bs\u0173 kat\u0117 labai didel\u0117 arba kelios kat\u0117s m\u0117gsta miegoti kartu, Route 210 puikiai tam tinka.  Stulpai yra skirtingo storio \u2013 kai kurie 12 cm, kiti net 15 cm skersmens.  Pakabinamas guolis ir mink\u0161ti pagalv\u0117liai yra skalbiami.  Produktas pristatomas 2 d\u0117\u017e\u0117se, bendras svoris \u2013 54 kg.\" \/>\n<meta property=\"og:url\" content=\"https:\/\/miumjau.ee\/lt\/produktas\/draskykle-petrebels-siberian-200-balta\/\" \/>\n<meta property=\"og:site_name\" content=\"MiuMjau\" \/>\n<meta property=\"article:publisher\" content=\"https:\/\/www.facebook.com\/miumjaupood\/\" \/>\n<meta property=\"article:modified_time\" content=\"2026-01-07T18:54:31+00:00\" \/>\n<meta property=\"og:image\" content=\"https:\/\/miumjau.ee\/wp-content\/uploads\/2023\/09\/siberian200-valge-kassi-kraapimispuu4.jpg\" \/>\n\t<meta property=\"og:image:width\" content=\"600\" \/>\n\t<meta property=\"og:image:height\" content=\"800\" \/>\n\t<meta property=\"og:image:type\" content=\"image\/jpeg\" \/>\n<meta name=\"twitter:card\" content=\"summary_large_image\" \/>\n<script type=\"application\/ld+json\" class=\"yoast-schema-graph\">{\"@context\":\"https:\/\/schema.org\",\"@graph\":[{\"@type\":\"WebPage\",\"@id\":\"https:\/\/miumjau.ee\/lt\/produktas\/draskykle-petrebels-siberian-200-balta\/\",\"url\":\"https:\/\/miumjau.ee\/lt\/produktas\/draskykle-petrebels-siberian-200-balta\/\",\"name\":\"Draskykl\u0117 Petrebels Siberian 200, balta - MiuMjau\",\"isPartOf\":{\"@id\":\"https:\/\/miumjau.ee\/#website\"},\"primaryImageOfPage\":{\"@id\":\"https:\/\/miumjau.ee\/lt\/produktas\/draskykle-petrebels-siberian-200-balta\/#primaryimage\"},\"image\":{\"@id\":\"https:\/\/miumjau.ee\/lt\/produktas\/draskykle-petrebels-siberian-200-balta\/#primaryimage\"},\"thumbnailUrl\":\"https:\/\/miumjau.ee\/wp-content\/uploads\/2023\/09\/siberian200-valge-kassi-kraapimispuu4.jpg\",\"datePublished\":\"2024-05-29T14:30:53+00:00\",\"dateModified\":\"2026-01-07T18:54:31+00:00\",\"breadcrumb\":{\"@id\":\"https:\/\/miumjau.ee\/lt\/produktas\/draskykle-petrebels-siberian-200-balta\/#breadcrumb\"},\"inLanguage\":\"lt-LT\",\"potentialAction\":[{\"@type\":\"ReadAction\",\"target\":[\"https:\/\/miumjau.ee\/lt\/produktas\/draskykle-petrebels-siberian-200-balta\/\"]}]},{\"@type\":\"ImageObject\",\"inLanguage\":\"lt-LT\",\"@id\":\"https:\/\/miumjau.ee\/lt\/produktas\/draskykle-petrebels-siberian-200-balta\/#primaryimage\",\"url\":\"https:\/\/miumjau.ee\/wp-content\/uploads\/2023\/09\/siberian200-valge-kassi-kraapimispuu4.jpg\",\"contentUrl\":\"https:\/\/miumjau.ee\/wp-content\/uploads\/2023\/09\/siberian200-valge-kassi-kraapimispuu4.jpg\",\"width\":600,\"height\":800,\"caption\":\"PETREBELS Kraapimispuu Siberian 200, antratsiit\"},{\"@type\":\"BreadcrumbList\",\"@id\":\"https:\/\/miumjau.ee\/lt\/produktas\/draskykle-petrebels-siberian-200-balta\/#breadcrumb\",\"itemListElement\":[{\"@type\":\"ListItem\",\"position\":1,\"name\":\"Home\",\"item\":\"https:\/\/miumjau.ee\/lt\/\"},{\"@type\":\"ListItem\",\"position\":2,\"name\":\"Parduotuv\u0117\",\"item\":\"https:\/\/miumjau.ee\/lt\/parduotuve\/\"},{\"@type\":\"ListItem\",\"position\":3,\"name\":\"Draskykl\u0117 Petrebels Siberian 200, balta\"}]},{\"@type\":\"WebSite\",\"@id\":\"https:\/\/miumjau.ee\/#website\",\"url\":\"https:\/\/miumjau.ee\/\",\"name\":\"MiuMjau\",\"description\":\"Kraapimispuud kassidele\",\"publisher\":{\"@id\":\"https:\/\/miumjau.ee\/#organization\"},\"potentialAction\":[{\"@type\":\"SearchAction\",\"target\":{\"@type\":\"EntryPoint\",\"urlTemplate\":\"https:\/\/miumjau.ee\/?s={search_term_string}\"},\"query-input\":{\"@type\":\"PropertyValueSpecification\",\"valueRequired\":true,\"valueName\":\"search_term_string\"}}],\"inLanguage\":\"lt-LT\"},{\"@type\":\"Organization\",\"@id\":\"https:\/\/miumjau.ee\/#organization\",\"name\":\"MiuMjau O\u00dc\",\"url\":\"https:\/\/miumjau.ee\/\",\"logo\":{\"@type\":\"ImageObject\",\"inLanguage\":\"lt-LT\",\"@id\":\"https:\/\/miumjau.ee\/#\/schema\/logo\/image\/\",\"url\":\"https:\/\/miumjau.ee\/wp-content\/uploads\/2022\/04\/MiuMjau-logo-kollane.png\",\"contentUrl\":\"https:\/\/miumjau.ee\/wp-content\/uploads\/2022\/04\/MiuMjau-logo-kollane.png\",\"width\":219,\"height\":100,\"caption\":\"MiuMjau O\u00dc\"},\"image\":{\"@id\":\"https:\/\/miumjau.ee\/#\/schema\/logo\/image\/\"},\"sameAs\":[\"https:\/\/www.facebook.com\/miumjaupood\/\"]}]}<\/script>\n<!-- \/ Yoast SEO plugin. -->","yoast_head_json":{"title":"Draskykl\u0117 Petrebels Siberian 200, balta - MiuMjau","robots":{"index":"index","follow":"follow","max-snippet":"max-snippet:-1","max-image-preview":"max-image-preview:large","max-video-preview":"max-video-preview:-1"},"canonical":"https:\/\/miumjau.ee\/lt\/produktas\/draskykle-petrebels-siberian-200-balta\/","og_locale":"lt_LT","og_type":"article","og_title":"Draskykl\u0117 Petrebels Siberian 200, balta - MiuMjau","og_description":"Route 210 draskykl\u0117 sukurta tikriems draskymo profesionalams, kurie m\u0117gsta lipti iki pat vir\u0161aus. \u0160iuo modeliu gali naudotis net ir didel\u0117s, sunkesn\u0117s kat\u0117s. Jei j\u016bs\u0173 kat\u0117 m\u0117gsta steb\u0117ti aplink\u0105 ir b\u016bti auk\u0161tai \u2013 Route 210 yra puikus pasirinkimas. D\u0117l keli\u0173 poilsio viet\u0173 \u0161i\u0105 draskykl\u0119 vienu metu gali naudoti kelios kat\u0117s \u2013 vietos pakaks visoms, tod\u0117l pe\u0161tis nereik\u0117s. Ji kompakti\u0161ka, tod\u0117l puikiai tinka bet kokiems namams. Auk\u0161tis \u2013 210 cm  Pagrindas \u2013 76 \u00d7 60 cm  Pakabinamo guolio maksimali apkrova \u2013 25 kg. Jei j\u016bs\u0173 kat\u0117 labai didel\u0117 arba kelios kat\u0117s m\u0117gsta miegoti kartu, Route 210 puikiai tam tinka.  Stulpai yra skirtingo storio \u2013 kai kurie 12 cm, kiti net 15 cm skersmens.  Pakabinamas guolis ir mink\u0161ti pagalv\u0117liai yra skalbiami.  Produktas pristatomas 2 d\u0117\u017e\u0117se, bendras svoris \u2013 54 kg.","og_url":"https:\/\/miumjau.ee\/lt\/produktas\/draskykle-petrebels-siberian-200-balta\/","og_site_name":"MiuMjau","article_publisher":"https:\/\/www.facebook.com\/miumjaupood\/","article_modified_time":"2026-01-07T18:54:31+00:00","og_image":[{"width":600,"height":800,"url":"https:\/\/miumjau.ee\/wp-content\/uploads\/2023\/09\/siberian200-valge-kassi-kraapimispuu4.jpg","type":"image\/jpeg"}],"twitter_card":"summary_large_image","schema":{"@context":"https:\/\/schema.org","@graph":[{"@type":"WebPage","@id":"https:\/\/miumjau.ee\/lt\/produktas\/draskykle-petrebels-siberian-200-balta\/","url":"https:\/\/miumjau.ee\/lt\/produktas\/draskykle-petrebels-siberian-200-balta\/","name":"Draskykl\u0117 Petrebels Siberian 200, balta - MiuMjau","isPartOf":{"@id":"https:\/\/miumjau.ee\/#website"},"primaryImageOfPage":{"@id":"https:\/\/miumjau.ee\/lt\/produktas\/draskykle-petrebels-siberian-200-balta\/#primaryimage"},"image":{"@id":"https:\/\/miumjau.ee\/lt\/produktas\/draskykle-petrebels-siberian-200-balta\/#primaryimage"},"thumbnailUrl":"https:\/\/miumjau.ee\/wp-content\/uploads\/2023\/09\/siberian200-valge-kassi-kraapimispuu4.jpg","datePublished":"2024-05-29T14:30:53+00:00","dateModified":"2026-01-07T18:54:31+00:00","breadcrumb":{"@id":"https:\/\/miumjau.ee\/lt\/produktas\/draskykle-petrebels-siberian-200-balta\/#breadcrumb"},"inLanguage":"lt-LT","potentialAction":[{"@type":"ReadAction","target":["https:\/\/miumjau.ee\/lt\/produktas\/draskykle-petrebels-siberian-200-balta\/"]}]},{"@type":"ImageObject","inLanguage":"lt-LT","@id":"https:\/\/miumjau.ee\/lt\/produktas\/draskykle-petrebels-siberian-200-balta\/#primaryimage","url":"https:\/\/miumjau.ee\/wp-content\/uploads\/2023\/09\/siberian200-valge-kassi-kraapimispuu4.jpg","contentUrl":"https:\/\/miumjau.ee\/wp-content\/uploads\/2023\/09\/siberian200-valge-kassi-kraapimispuu4.jpg","width":600,"height":800,"caption":"PETREBELS Kraapimispuu Siberian 200, antratsiit"},{"@type":"BreadcrumbList","@id":"https:\/\/miumjau.ee\/lt\/produktas\/draskykle-petrebels-siberian-200-balta\/#breadcrumb","itemListElement":[{"@type":"ListItem","position":1,"name":"Home","item":"https:\/\/miumjau.ee\/lt\/"},{"@type":"ListItem","position":2,"name":"Parduotuv\u0117","item":"https:\/\/miumjau.ee\/lt\/parduotuve\/"},{"@type":"ListItem","position":3,"name":"Draskykl\u0117 Petrebels Siberian 200, balta"}]},{"@type":"WebSite","@id":"https:\/\/miumjau.ee\/#website","url":"https:\/\/miumjau.ee\/","name":"MiuMjau","description":"Kraapimispuud kassidele","publisher":{"@id":"https:\/\/miumjau.ee\/#organization"},"potentialAction":[{"@type":"SearchAction","target":{"@type":"EntryPoint","urlTemplate":"https:\/\/miumjau.ee\/?s={search_term_string}"},"query-input":{"@type":"PropertyValueSpecification","valueRequired":true,"valueName":"search_term_string"}}],"inLanguage":"lt-LT"},{"@type":"Organization","@id":"https:\/\/miumjau.ee\/#organization","name":"MiuMjau O\u00dc","url":"https:\/\/miumjau.ee\/","logo":{"@type":"ImageObject","inLanguage":"lt-LT","@id":"https:\/\/miumjau.ee\/#\/schema\/logo\/image\/","url":"https:\/\/miumjau.ee\/wp-content\/uploads\/2022\/04\/MiuMjau-logo-kollane.png","contentUrl":"https:\/\/miumjau.ee\/wp-content\/uploads\/2022\/04\/MiuMjau-logo-kollane.png","width":219,"height":100,"caption":"MiuMjau O\u00dc"},"image":{"@id":"https:\/\/miumjau.ee\/#\/schema\/logo\/image\/"},"sameAs":["https:\/\/www.facebook.com\/miumjaupood\/"]}]}},"_links":{"self":[{"href":"https:\/\/miumjau.ee\/lt\/wp-json\/wp\/v2\/product\/41090","targetHints":{"allow":["GET"]}}],"collection":[{"href":"https:\/\/miumjau.ee\/lt\/wp-json\/wp\/v2\/product"}],"about":[{"href":"https:\/\/miumjau.ee\/lt\/wp-json\/wp\/v2\/types\/product"}],"wp:featuredmedia":[{"embeddable":true,"href":"https:\/\/miumjau.ee\/lt\/wp-json\/wp\/v2\/media\/41278"}],"wp:attachment":[{"href":"https:\/\/miumjau.ee\/lt\/wp-json\/wp\/v2\/media?parent=41090"}],"wp:term":[{"taxonomy":"product_brand","embeddable":true,"href":"https:\/\/miumjau.ee\/lt\/wp-json\/wp\/v2\/product_brand?post=41090"},{"taxonomy":"product_cat","embeddable":true,"href":"https:\/\/miumjau.ee\/lt\/wp-json\/wp\/v2\/product_cat?post=41090"},{"taxonomy":"product_tag","embeddable":true,"href":"https:\/\/miumjau.ee\/lt\/wp-json\/wp\/v2\/product_tag?post=41090"}],"curies":[{"name":"wp","href":"https:\/\/api.w.org\/{rel}","templated":true}]}}