{"id":41088,"date":"2024-05-20T17:53:30","date_gmt":"2024-05-20T14:53:30","guid":{"rendered":"https:\/\/miumjau.ee\/toode\/laipiojimo-medis-petrebels-route-180-kremine\/"},"modified":"2026-01-07T20:54:31","modified_gmt":"2026-01-07T18:54:31","slug":"laipiojimo-medis-petrebels-route-180-kremine","status":"publish","type":"product","link":"https:\/\/miumjau.ee\/lt\/produktas\/laipiojimo-medis-petrebels-route-180-kremine\/","title":{"rendered":"Laipiojimo medis Petrebels Route 180, kremin\u0117"},"content":{"rendered":"","protected":false},"excerpt":{"rendered":"<p>Route 180 draskykl\u0117 sukurta tikriems draskymo meistrams, kurie lengvai u\u017elipa iki pat vir\u0161aus. \u0160iuo modeliu gali naudotis net ir didel\u0117s, sunkesn\u0117s kat\u0117s. Jei j\u016bs\u0173 kat\u0117 m\u0117gsta steb\u0117ti aplink\u0105 ir b\u016bti auk\u0161tai \u2013 Route 180 tam puikiai tinka. D\u0117l keli\u0173 poilsio viet\u0173 gamin\u012f gali naudoti kelios kat\u0117s vienu metu. Vietos pakanka visoms \u2013 pe\u0161tis nereik\u0117s! \u0160i draskykl\u0117 kompakti\u0161ka, tod\u0117l puikiai tinka bet kokiems namams ir neu\u017eima daug vietos.<\/p>\n<p>Auk\u0161tis \u2013 180 cm<br \/>\nPagrindas \u2013 76 \u00d7 50 cm<\/p>\n<p>Pakabinamo guolio maksimali apkrova \u2013 15 kg. Jei j\u016bs\u0173 kat\u0117 labai didel\u0117 arba kelios kat\u0117s nori miegoti kartu, rekomenduojame model\u012f Route 210, kurio pakabinam\u0173 guoli\u0173 laikomoji galia siekia 25 kg.<br \/>\nStulp\u0173 storis skiriasi \u2013 kai kurie yra 12 cm, o kiti net 15 cm skersmens!<\/p>\n<p>PS: pakabinamas guolis ir mink\u0161ti pagalv\u0117liai skalbiami ma\u0161inoje.<br \/>\nProduktas pristatomas 2 d\u0117\u017e\u0117se, bendras svoris \u2013 48 kg.<\/p>\n","protected":false},"featured_media":41445,"template":"","meta":[],"product_brand":[],"product_cat":[515,524],"product_tag":[],"class_list":{"0":"post-41088","1":"product","2":"type-product","3":"status-publish","4":"has-post-thumbnail","6":"product_cat-petrebels-produktai-dideliems-katems","7":"product_cat-kaup24-lt","8":"product_shipping_class-pakiautomaati-sobimatu-lt","10":"first","11":"instock","12":"taxable","13":"shipping-taxable","14":"purchasable","15":"product-type-simple"},"yoast_head":"<!-- This site is optimized with the Yoast SEO plugin v27.2 - https:\/\/yoast.com\/product\/yoast-seo-wordpress\/ -->\n<title>Laipiojimo medis Petrebels Route 180, kremin\u0117 - MiuMjau<\/title>\n<meta name=\"robots\" content=\"index, follow, max-snippet:-1, max-image-preview:large, max-video-preview:-1\" \/>\n<link rel=\"canonical\" href=\"https:\/\/miumjau.ee\/lt\/produktas\/laipiojimo-medis-petrebels-route-180-kremine\/\" \/>\n<meta property=\"og:locale\" content=\"lt_LT\" \/>\n<meta property=\"og:type\" content=\"article\" \/>\n<meta property=\"og:title\" content=\"Laipiojimo medis Petrebels Route 180, kremin\u0117 - MiuMjau\" \/>\n<meta property=\"og:description\" content=\"Route 180 draskykl\u0117 sukurta tikriems draskymo meistrams, kurie lengvai u\u017elipa iki pat vir\u0161aus. \u0160iuo modeliu gali naudotis net ir didel\u0117s, sunkesn\u0117s kat\u0117s. Jei j\u016bs\u0173 kat\u0117 m\u0117gsta steb\u0117ti aplink\u0105 ir b\u016bti auk\u0161tai \u2013 Route 180 tam puikiai tinka. D\u0117l keli\u0173 poilsio viet\u0173 gamin\u012f gali naudoti kelios kat\u0117s vienu metu. Vietos pakanka visoms \u2013 pe\u0161tis nereik\u0117s! \u0160i draskykl\u0117 kompakti\u0161ka, tod\u0117l puikiai tinka bet kokiems namams ir neu\u017eima daug vietos. Auk\u0161tis \u2013 180 cm  Pagrindas \u2013 76 \u00d7 50 cm Pakabinamo guolio maksimali apkrova \u2013 15 kg. Jei j\u016bs\u0173 kat\u0117 labai didel\u0117 arba kelios kat\u0117s nori miegoti kartu, rekomenduojame model\u012f Route 210, kurio pakabinam\u0173 guoli\u0173 laikomoji galia siekia 25 kg.  Stulp\u0173 storis skiriasi \u2013 kai kurie yra 12 cm, o kiti net 15 cm skersmens! PS: pakabinamas guolis ir mink\u0161ti pagalv\u0117liai skalbiami ma\u0161inoje.  Produktas pristatomas 2 d\u0117\u017e\u0117se, bendras svoris \u2013 48 kg.\" \/>\n<meta property=\"og:url\" content=\"https:\/\/miumjau.ee\/lt\/produktas\/laipiojimo-medis-petrebels-route-180-kremine\/\" \/>\n<meta property=\"og:site_name\" content=\"MiuMjau\" \/>\n<meta property=\"article:publisher\" content=\"https:\/\/www.facebook.com\/miumjaupood\/\" \/>\n<meta property=\"article:modified_time\" content=\"2026-01-07T18:54:31+00:00\" \/>\n<meta property=\"og:image\" content=\"https:\/\/miumjau.ee\/wp-content\/uploads\/2024\/05\/ronimispuu-route180-kreem1.jpg\" \/>\n\t<meta property=\"og:image:width\" content=\"600\" \/>\n\t<meta property=\"og:image:height\" content=\"800\" \/>\n\t<meta property=\"og:image:type\" content=\"image\/jpeg\" \/>\n<meta name=\"twitter:card\" content=\"summary_large_image\" \/>\n<script type=\"application\/ld+json\" class=\"yoast-schema-graph\">{\"@context\":\"https:\/\/schema.org\",\"@graph\":[{\"@type\":\"WebPage\",\"@id\":\"https:\/\/miumjau.ee\/lt\/produktas\/laipiojimo-medis-petrebels-route-180-kremine\/\",\"url\":\"https:\/\/miumjau.ee\/lt\/produktas\/laipiojimo-medis-petrebels-route-180-kremine\/\",\"name\":\"Laipiojimo medis Petrebels Route 180, kremin\u0117 - MiuMjau\",\"isPartOf\":{\"@id\":\"https:\/\/miumjau.ee\/#website\"},\"primaryImageOfPage\":{\"@id\":\"https:\/\/miumjau.ee\/lt\/produktas\/laipiojimo-medis-petrebels-route-180-kremine\/#primaryimage\"},\"image\":{\"@id\":\"https:\/\/miumjau.ee\/lt\/produktas\/laipiojimo-medis-petrebels-route-180-kremine\/#primaryimage\"},\"thumbnailUrl\":\"https:\/\/miumjau.ee\/wp-content\/uploads\/2024\/05\/ronimispuu-route180-kreem1.jpg\",\"datePublished\":\"2024-05-20T14:53:30+00:00\",\"dateModified\":\"2026-01-07T18:54:31+00:00\",\"breadcrumb\":{\"@id\":\"https:\/\/miumjau.ee\/lt\/produktas\/laipiojimo-medis-petrebels-route-180-kremine\/#breadcrumb\"},\"inLanguage\":\"lt-LT\",\"potentialAction\":[{\"@type\":\"ReadAction\",\"target\":[\"https:\/\/miumjau.ee\/lt\/produktas\/laipiojimo-medis-petrebels-route-180-kremine\/\"]}]},{\"@type\":\"ImageObject\",\"inLanguage\":\"lt-LT\",\"@id\":\"https:\/\/miumjau.ee\/lt\/produktas\/laipiojimo-medis-petrebels-route-180-kremine\/#primaryimage\",\"url\":\"https:\/\/miumjau.ee\/wp-content\/uploads\/2024\/05\/ronimispuu-route180-kreem1.jpg\",\"contentUrl\":\"https:\/\/miumjau.ee\/wp-content\/uploads\/2024\/05\/ronimispuu-route180-kreem1.jpg\",\"width\":600,\"height\":800,\"caption\":\"Ronimispuu Route 180\"},{\"@type\":\"BreadcrumbList\",\"@id\":\"https:\/\/miumjau.ee\/lt\/produktas\/laipiojimo-medis-petrebels-route-180-kremine\/#breadcrumb\",\"itemListElement\":[{\"@type\":\"ListItem\",\"position\":1,\"name\":\"Home\",\"item\":\"https:\/\/miumjau.ee\/lt\/\"},{\"@type\":\"ListItem\",\"position\":2,\"name\":\"Parduotuv\u0117\",\"item\":\"https:\/\/miumjau.ee\/lt\/parduotuve\/\"},{\"@type\":\"ListItem\",\"position\":3,\"name\":\"Laipiojimo medis Petrebels Route 180, kremin\u0117\"}]},{\"@type\":\"WebSite\",\"@id\":\"https:\/\/miumjau.ee\/#website\",\"url\":\"https:\/\/miumjau.ee\/\",\"name\":\"MiuMjau\",\"description\":\"Kraapimispuud kassidele\",\"publisher\":{\"@id\":\"https:\/\/miumjau.ee\/#organization\"},\"potentialAction\":[{\"@type\":\"SearchAction\",\"target\":{\"@type\":\"EntryPoint\",\"urlTemplate\":\"https:\/\/miumjau.ee\/?s={search_term_string}\"},\"query-input\":{\"@type\":\"PropertyValueSpecification\",\"valueRequired\":true,\"valueName\":\"search_term_string\"}}],\"inLanguage\":\"lt-LT\"},{\"@type\":\"Organization\",\"@id\":\"https:\/\/miumjau.ee\/#organization\",\"name\":\"MiuMjau O\u00dc\",\"url\":\"https:\/\/miumjau.ee\/\",\"logo\":{\"@type\":\"ImageObject\",\"inLanguage\":\"lt-LT\",\"@id\":\"https:\/\/miumjau.ee\/#\/schema\/logo\/image\/\",\"url\":\"https:\/\/miumjau.ee\/wp-content\/uploads\/2022\/04\/MiuMjau-logo-kollane.png\",\"contentUrl\":\"https:\/\/miumjau.ee\/wp-content\/uploads\/2022\/04\/MiuMjau-logo-kollane.png\",\"width\":219,\"height\":100,\"caption\":\"MiuMjau O\u00dc\"},\"image\":{\"@id\":\"https:\/\/miumjau.ee\/#\/schema\/logo\/image\/\"},\"sameAs\":[\"https:\/\/www.facebook.com\/miumjaupood\/\"]}]}<\/script>\n<!-- \/ Yoast SEO plugin. -->","yoast_head_json":{"title":"Laipiojimo medis Petrebels Route 180, kremin\u0117 - MiuMjau","robots":{"index":"index","follow":"follow","max-snippet":"max-snippet:-1","max-image-preview":"max-image-preview:large","max-video-preview":"max-video-preview:-1"},"canonical":"https:\/\/miumjau.ee\/lt\/produktas\/laipiojimo-medis-petrebels-route-180-kremine\/","og_locale":"lt_LT","og_type":"article","og_title":"Laipiojimo medis Petrebels Route 180, kremin\u0117 - MiuMjau","og_description":"Route 180 draskykl\u0117 sukurta tikriems draskymo meistrams, kurie lengvai u\u017elipa iki pat vir\u0161aus. \u0160iuo modeliu gali naudotis net ir didel\u0117s, sunkesn\u0117s kat\u0117s. Jei j\u016bs\u0173 kat\u0117 m\u0117gsta steb\u0117ti aplink\u0105 ir b\u016bti auk\u0161tai \u2013 Route 180 tam puikiai tinka. D\u0117l keli\u0173 poilsio viet\u0173 gamin\u012f gali naudoti kelios kat\u0117s vienu metu. Vietos pakanka visoms \u2013 pe\u0161tis nereik\u0117s! \u0160i draskykl\u0117 kompakti\u0161ka, tod\u0117l puikiai tinka bet kokiems namams ir neu\u017eima daug vietos. Auk\u0161tis \u2013 180 cm  Pagrindas \u2013 76 \u00d7 50 cm Pakabinamo guolio maksimali apkrova \u2013 15 kg. Jei j\u016bs\u0173 kat\u0117 labai didel\u0117 arba kelios kat\u0117s nori miegoti kartu, rekomenduojame model\u012f Route 210, kurio pakabinam\u0173 guoli\u0173 laikomoji galia siekia 25 kg.  Stulp\u0173 storis skiriasi \u2013 kai kurie yra 12 cm, o kiti net 15 cm skersmens! PS: pakabinamas guolis ir mink\u0161ti pagalv\u0117liai skalbiami ma\u0161inoje.  Produktas pristatomas 2 d\u0117\u017e\u0117se, bendras svoris \u2013 48 kg.","og_url":"https:\/\/miumjau.ee\/lt\/produktas\/laipiojimo-medis-petrebels-route-180-kremine\/","og_site_name":"MiuMjau","article_publisher":"https:\/\/www.facebook.com\/miumjaupood\/","article_modified_time":"2026-01-07T18:54:31+00:00","og_image":[{"width":600,"height":800,"url":"https:\/\/miumjau.ee\/wp-content\/uploads\/2024\/05\/ronimispuu-route180-kreem1.jpg","type":"image\/jpeg"}],"twitter_card":"summary_large_image","schema":{"@context":"https:\/\/schema.org","@graph":[{"@type":"WebPage","@id":"https:\/\/miumjau.ee\/lt\/produktas\/laipiojimo-medis-petrebels-route-180-kremine\/","url":"https:\/\/miumjau.ee\/lt\/produktas\/laipiojimo-medis-petrebels-route-180-kremine\/","name":"Laipiojimo medis Petrebels Route 180, kremin\u0117 - MiuMjau","isPartOf":{"@id":"https:\/\/miumjau.ee\/#website"},"primaryImageOfPage":{"@id":"https:\/\/miumjau.ee\/lt\/produktas\/laipiojimo-medis-petrebels-route-180-kremine\/#primaryimage"},"image":{"@id":"https:\/\/miumjau.ee\/lt\/produktas\/laipiojimo-medis-petrebels-route-180-kremine\/#primaryimage"},"thumbnailUrl":"https:\/\/miumjau.ee\/wp-content\/uploads\/2024\/05\/ronimispuu-route180-kreem1.jpg","datePublished":"2024-05-20T14:53:30+00:00","dateModified":"2026-01-07T18:54:31+00:00","breadcrumb":{"@id":"https:\/\/miumjau.ee\/lt\/produktas\/laipiojimo-medis-petrebels-route-180-kremine\/#breadcrumb"},"inLanguage":"lt-LT","potentialAction":[{"@type":"ReadAction","target":["https:\/\/miumjau.ee\/lt\/produktas\/laipiojimo-medis-petrebels-route-180-kremine\/"]}]},{"@type":"ImageObject","inLanguage":"lt-LT","@id":"https:\/\/miumjau.ee\/lt\/produktas\/laipiojimo-medis-petrebels-route-180-kremine\/#primaryimage","url":"https:\/\/miumjau.ee\/wp-content\/uploads\/2024\/05\/ronimispuu-route180-kreem1.jpg","contentUrl":"https:\/\/miumjau.ee\/wp-content\/uploads\/2024\/05\/ronimispuu-route180-kreem1.jpg","width":600,"height":800,"caption":"Ronimispuu Route 180"},{"@type":"BreadcrumbList","@id":"https:\/\/miumjau.ee\/lt\/produktas\/laipiojimo-medis-petrebels-route-180-kremine\/#breadcrumb","itemListElement":[{"@type":"ListItem","position":1,"name":"Home","item":"https:\/\/miumjau.ee\/lt\/"},{"@type":"ListItem","position":2,"name":"Parduotuv\u0117","item":"https:\/\/miumjau.ee\/lt\/parduotuve\/"},{"@type":"ListItem","position":3,"name":"Laipiojimo medis Petrebels Route 180, kremin\u0117"}]},{"@type":"WebSite","@id":"https:\/\/miumjau.ee\/#website","url":"https:\/\/miumjau.ee\/","name":"MiuMjau","description":"Kraapimispuud kassidele","publisher":{"@id":"https:\/\/miumjau.ee\/#organization"},"potentialAction":[{"@type":"SearchAction","target":{"@type":"EntryPoint","urlTemplate":"https:\/\/miumjau.ee\/?s={search_term_string}"},"query-input":{"@type":"PropertyValueSpecification","valueRequired":true,"valueName":"search_term_string"}}],"inLanguage":"lt-LT"},{"@type":"Organization","@id":"https:\/\/miumjau.ee\/#organization","name":"MiuMjau O\u00dc","url":"https:\/\/miumjau.ee\/","logo":{"@type":"ImageObject","inLanguage":"lt-LT","@id":"https:\/\/miumjau.ee\/#\/schema\/logo\/image\/","url":"https:\/\/miumjau.ee\/wp-content\/uploads\/2022\/04\/MiuMjau-logo-kollane.png","contentUrl":"https:\/\/miumjau.ee\/wp-content\/uploads\/2022\/04\/MiuMjau-logo-kollane.png","width":219,"height":100,"caption":"MiuMjau O\u00dc"},"image":{"@id":"https:\/\/miumjau.ee\/#\/schema\/logo\/image\/"},"sameAs":["https:\/\/www.facebook.com\/miumjaupood\/"]}]}},"_links":{"self":[{"href":"https:\/\/miumjau.ee\/lt\/wp-json\/wp\/v2\/product\/41088","targetHints":{"allow":["GET"]}}],"collection":[{"href":"https:\/\/miumjau.ee\/lt\/wp-json\/wp\/v2\/product"}],"about":[{"href":"https:\/\/miumjau.ee\/lt\/wp-json\/wp\/v2\/types\/product"}],"wp:featuredmedia":[{"embeddable":true,"href":"https:\/\/miumjau.ee\/lt\/wp-json\/wp\/v2\/media\/41445"}],"wp:attachment":[{"href":"https:\/\/miumjau.ee\/lt\/wp-json\/wp\/v2\/media?parent=41088"}],"wp:term":[{"taxonomy":"product_brand","embeddable":true,"href":"https:\/\/miumjau.ee\/lt\/wp-json\/wp\/v2\/product_brand?post=41088"},{"taxonomy":"product_cat","embeddable":true,"href":"https:\/\/miumjau.ee\/lt\/wp-json\/wp\/v2\/product_cat?post=41088"},{"taxonomy":"product_tag","embeddable":true,"href":"https:\/\/miumjau.ee\/lt\/wp-json\/wp\/v2\/product_tag?post=41088"}],"curies":[{"name":"wp","href":"https:\/\/api.w.org\/{rel}","templated":true}]}}