{"id":41082,"date":"2024-01-07T15:50:08","date_gmt":"2024-01-07T13:50:08","guid":{"rendered":"https:\/\/miumjau.ee\/toode\/sieniniai-laipteliai-petrebels-horizon-1530-rinkinys-pilkai-senos-spalvos\/"},"modified":"2026-01-07T20:54:38","modified_gmt":"2026-01-07T18:54:38","slug":"sieniniai-laipteliai-petrebels-horizon-1530-rinkinys-pilkai-senos-spalvos","status":"publish","type":"product","link":"https:\/\/miumjau.ee\/lt\/produktas\/sieniniai-laipteliai-petrebels-horizon-1530-rinkinys-pilkai-senos-spalvos\/","title":{"rendered":"Sieniniai laipteliai Petrebels Horizon 1530 rinkinys, pilkai senos spalvos"},"content":{"rendered":"","protected":false},"excerpt":{"rendered":"<p>Papildomi sieniniai laipteliai<\/p>\n<p>Komplektas Horizon 1530 susideda i\u0161 2 laipteli\u0173, pagamint\u0173 i\u0161 draskymo stulp\u0173, ir yra puikus papildymas bet kuriam Wall of Rebels kolekcijos elementui. \u0160ie horizontal\u016bs stulpeliai tvirtinami prie sienos \u2013 jie idealiai tinka ne tik laipiojimui, bet ir draskymui. Puikus sprendimas kelioms kat\u0117ms \u2013 sukurkite tikr\u0105 nuotyki\u0173 sien\u0105, prid\u0117dami Wave 70 lentyn\u0105 ar Scratch draskymo plok\u0161t\u0119. Galite sujungti juos su kop\u0117\u010diomis ar guoliais ir suteikti savo katei dar daugiau veiklos.<\/p>\n<p>Komplekte \u2013 2 XL laipteliai su tvirtinimu prie sienos.<br \/>\nMatmenys \u2013 stulpo skersmuo 15 cm, ilgis 30 cm.<br \/>\nPagaminta i\u0161 eukalipto medienos.<br \/>\nKomplekte yra visos reikalingos tvirtinimo detal\u0117s.<\/p>\n","protected":false},"featured_media":41396,"template":"","meta":[],"product_brand":[],"product_cat":[517,524],"product_tag":[],"class_list":{"0":"post-41082","1":"product","2":"type-product","3":"status-publish","4":"has-post-thumbnail","6":"product_cat-laipiojimo-sienele-katems","7":"product_cat-kaup24-lt","9":"first","10":"instock","11":"sale","12":"taxable","13":"shipping-taxable","14":"purchasable","15":"product-type-simple"},"yoast_head":"<!-- This site is optimized with the Yoast SEO plugin v27.2 - https:\/\/yoast.com\/product\/yoast-seo-wordpress\/ -->\n<title>Sieniniai laipteliai Petrebels Horizon 1530 rinkinys, pilkai senos spalvos - MiuMjau<\/title>\n<meta name=\"robots\" content=\"index, follow, max-snippet:-1, max-image-preview:large, max-video-preview:-1\" \/>\n<link rel=\"canonical\" href=\"https:\/\/miumjau.ee\/lt\/toode\/sieniniai-laipteliai-petrebels-horizon-1530-rinkinys-pilkai-senos-spalvos\/\" \/>\n<meta property=\"og:locale\" content=\"lt_LT\" \/>\n<meta property=\"og:type\" content=\"article\" \/>\n<meta property=\"og:title\" content=\"Sieniniai laipteliai Petrebels Horizon 1530 rinkinys, pilkai senos spalvos - MiuMjau\" \/>\n<meta property=\"og:description\" content=\"Papildomi sieniniai laipteliai Komplektas Horizon 1530 susideda i\u0161 2 laipteli\u0173, pagamint\u0173 i\u0161 draskymo stulp\u0173, ir yra puikus papildymas bet kuriam Wall of Rebels kolekcijos elementui. \u0160ie horizontal\u016bs stulpeliai tvirtinami prie sienos \u2013 jie idealiai tinka ne tik laipiojimui, bet ir draskymui. Puikus sprendimas kelioms kat\u0117ms \u2013 sukurkite tikr\u0105 nuotyki\u0173 sien\u0105, prid\u0117dami Wave 70 lentyn\u0105 ar Scratch draskymo plok\u0161t\u0119. Galite sujungti juos su kop\u0117\u010diomis ar guoliais ir suteikti savo katei dar daugiau veiklos. Komplekte \u2013 2 XL laipteliai su tvirtinimu prie sienos.  Matmenys \u2013 stulpo skersmuo 15 cm, ilgis 30 cm.  Pagaminta i\u0161 eukalipto medienos.  Komplekte yra visos reikalingos tvirtinimo detal\u0117s.\" \/>\n<meta property=\"og:url\" content=\"https:\/\/miumjau.ee\/lt\/toode\/sieniniai-laipteliai-petrebels-horizon-1530-rinkinys-pilkai-senos-spalvos\/\" \/>\n<meta property=\"og:site_name\" content=\"MiuMjau\" \/>\n<meta property=\"article:publisher\" content=\"https:\/\/www.facebook.com\/miumjaupood\/\" \/>\n<meta property=\"article:modified_time\" content=\"2026-01-07T18:54:38+00:00\" \/>\n<meta property=\"og:image\" content=\"https:\/\/miumjau.ee\/wp-content\/uploads\/2024\/01\/lisaasted-2tk-horizon-1530-set-old-gray-1.jpeg\" \/>\n\t<meta property=\"og:image:width\" content=\"600\" \/>\n\t<meta property=\"og:image:height\" content=\"800\" \/>\n\t<meta property=\"og:image:type\" content=\"image\/jpeg\" \/>\n<meta name=\"twitter:card\" content=\"summary_large_image\" \/>\n<script type=\"application\/ld+json\" class=\"yoast-schema-graph\">{\"@context\":\"https:\/\/schema.org\",\"@graph\":[{\"@type\":\"WebPage\",\"@id\":\"https:\/\/miumjau.ee\/lt\/toode\/sieniniai-laipteliai-petrebels-horizon-1530-rinkinys-pilkai-senos-spalvos\/\",\"url\":\"https:\/\/miumjau.ee\/lt\/toode\/sieniniai-laipteliai-petrebels-horizon-1530-rinkinys-pilkai-senos-spalvos\/\",\"name\":\"Sieniniai laipteliai Petrebels Horizon 1530 rinkinys, pilkai senos spalvos - MiuMjau\",\"isPartOf\":{\"@id\":\"https:\/\/miumjau.ee\/#website\"},\"primaryImageOfPage\":{\"@id\":\"https:\/\/miumjau.ee\/lt\/toode\/sieniniai-laipteliai-petrebels-horizon-1530-rinkinys-pilkai-senos-spalvos\/#primaryimage\"},\"image\":{\"@id\":\"https:\/\/miumjau.ee\/lt\/toode\/sieniniai-laipteliai-petrebels-horizon-1530-rinkinys-pilkai-senos-spalvos\/#primaryimage\"},\"thumbnailUrl\":\"https:\/\/miumjau.ee\/wp-content\/uploads\/2024\/01\/lisaasted-2tk-horizon-1530-set-old-gray-1.jpeg\",\"datePublished\":\"2024-01-07T13:50:08+00:00\",\"dateModified\":\"2026-01-07T18:54:38+00:00\",\"breadcrumb\":{\"@id\":\"https:\/\/miumjau.ee\/lt\/toode\/sieniniai-laipteliai-petrebels-horizon-1530-rinkinys-pilkai-senos-spalvos\/#breadcrumb\"},\"inLanguage\":\"lt-LT\",\"potentialAction\":[{\"@type\":\"ReadAction\",\"target\":[\"https:\/\/miumjau.ee\/lt\/toode\/sieniniai-laipteliai-petrebels-horizon-1530-rinkinys-pilkai-senos-spalvos\/\"]}]},{\"@type\":\"ImageObject\",\"inLanguage\":\"lt-LT\",\"@id\":\"https:\/\/miumjau.ee\/lt\/toode\/sieniniai-laipteliai-petrebels-horizon-1530-rinkinys-pilkai-senos-spalvos\/#primaryimage\",\"url\":\"https:\/\/miumjau.ee\/wp-content\/uploads\/2024\/01\/lisaasted-2tk-horizon-1530-set-old-gray-1.jpeg\",\"contentUrl\":\"https:\/\/miumjau.ee\/wp-content\/uploads\/2024\/01\/lisaasted-2tk-horizon-1530-set-old-gray-1.jpeg\",\"width\":600,\"height\":800,\"caption\":\"Lisaastmed 2tk, Horizon 1530 set, old gray\"},{\"@type\":\"BreadcrumbList\",\"@id\":\"https:\/\/miumjau.ee\/lt\/toode\/sieniniai-laipteliai-petrebels-horizon-1530-rinkinys-pilkai-senos-spalvos\/#breadcrumb\",\"itemListElement\":[{\"@type\":\"ListItem\",\"position\":1,\"name\":\"Home\",\"item\":\"https:\/\/miumjau.ee\/lt\/\"},{\"@type\":\"ListItem\",\"position\":2,\"name\":\"Parduotuv\u0117\",\"item\":\"https:\/\/miumjau.ee\/lt\/parduotuve\/\"},{\"@type\":\"ListItem\",\"position\":3,\"name\":\"Sieniniai laipteliai Petrebels Horizon 1530 rinkinys, pilkai senos spalvos\"}]},{\"@type\":\"WebSite\",\"@id\":\"https:\/\/miumjau.ee\/#website\",\"url\":\"https:\/\/miumjau.ee\/\",\"name\":\"MiuMjau\",\"description\":\"Kraapimispuud kassidele\",\"publisher\":{\"@id\":\"https:\/\/miumjau.ee\/#organization\"},\"potentialAction\":[{\"@type\":\"SearchAction\",\"target\":{\"@type\":\"EntryPoint\",\"urlTemplate\":\"https:\/\/miumjau.ee\/?s={search_term_string}\"},\"query-input\":{\"@type\":\"PropertyValueSpecification\",\"valueRequired\":true,\"valueName\":\"search_term_string\"}}],\"inLanguage\":\"lt-LT\"},{\"@type\":\"Organization\",\"@id\":\"https:\/\/miumjau.ee\/#organization\",\"name\":\"MiuMjau O\u00dc\",\"url\":\"https:\/\/miumjau.ee\/\",\"logo\":{\"@type\":\"ImageObject\",\"inLanguage\":\"lt-LT\",\"@id\":\"https:\/\/miumjau.ee\/#\/schema\/logo\/image\/\",\"url\":\"https:\/\/miumjau.ee\/wp-content\/uploads\/2022\/04\/MiuMjau-logo-kollane.png\",\"contentUrl\":\"https:\/\/miumjau.ee\/wp-content\/uploads\/2022\/04\/MiuMjau-logo-kollane.png\",\"width\":219,\"height\":100,\"caption\":\"MiuMjau O\u00dc\"},\"image\":{\"@id\":\"https:\/\/miumjau.ee\/#\/schema\/logo\/image\/\"},\"sameAs\":[\"https:\/\/www.facebook.com\/miumjaupood\/\"]}]}<\/script>\n<!-- \/ Yoast SEO plugin. -->","yoast_head_json":{"title":"Sieniniai laipteliai Petrebels Horizon 1530 rinkinys, pilkai senos spalvos - MiuMjau","robots":{"index":"index","follow":"follow","max-snippet":"max-snippet:-1","max-image-preview":"max-image-preview:large","max-video-preview":"max-video-preview:-1"},"canonical":"https:\/\/miumjau.ee\/lt\/toode\/sieniniai-laipteliai-petrebels-horizon-1530-rinkinys-pilkai-senos-spalvos\/","og_locale":"lt_LT","og_type":"article","og_title":"Sieniniai laipteliai Petrebels Horizon 1530 rinkinys, pilkai senos spalvos - MiuMjau","og_description":"Papildomi sieniniai laipteliai Komplektas Horizon 1530 susideda i\u0161 2 laipteli\u0173, pagamint\u0173 i\u0161 draskymo stulp\u0173, ir yra puikus papildymas bet kuriam Wall of Rebels kolekcijos elementui. \u0160ie horizontal\u016bs stulpeliai tvirtinami prie sienos \u2013 jie idealiai tinka ne tik laipiojimui, bet ir draskymui. Puikus sprendimas kelioms kat\u0117ms \u2013 sukurkite tikr\u0105 nuotyki\u0173 sien\u0105, prid\u0117dami Wave 70 lentyn\u0105 ar Scratch draskymo plok\u0161t\u0119. Galite sujungti juos su kop\u0117\u010diomis ar guoliais ir suteikti savo katei dar daugiau veiklos. Komplekte \u2013 2 XL laipteliai su tvirtinimu prie sienos.  Matmenys \u2013 stulpo skersmuo 15 cm, ilgis 30 cm.  Pagaminta i\u0161 eukalipto medienos.  Komplekte yra visos reikalingos tvirtinimo detal\u0117s.","og_url":"https:\/\/miumjau.ee\/lt\/toode\/sieniniai-laipteliai-petrebels-horizon-1530-rinkinys-pilkai-senos-spalvos\/","og_site_name":"MiuMjau","article_publisher":"https:\/\/www.facebook.com\/miumjaupood\/","article_modified_time":"2026-01-07T18:54:38+00:00","og_image":[{"width":600,"height":800,"url":"https:\/\/miumjau.ee\/wp-content\/uploads\/2024\/01\/lisaasted-2tk-horizon-1530-set-old-gray-1.jpeg","type":"image\/jpeg"}],"twitter_card":"summary_large_image","schema":{"@context":"https:\/\/schema.org","@graph":[{"@type":"WebPage","@id":"https:\/\/miumjau.ee\/lt\/toode\/sieniniai-laipteliai-petrebels-horizon-1530-rinkinys-pilkai-senos-spalvos\/","url":"https:\/\/miumjau.ee\/lt\/toode\/sieniniai-laipteliai-petrebels-horizon-1530-rinkinys-pilkai-senos-spalvos\/","name":"Sieniniai laipteliai Petrebels Horizon 1530 rinkinys, pilkai senos spalvos - MiuMjau","isPartOf":{"@id":"https:\/\/miumjau.ee\/#website"},"primaryImageOfPage":{"@id":"https:\/\/miumjau.ee\/lt\/toode\/sieniniai-laipteliai-petrebels-horizon-1530-rinkinys-pilkai-senos-spalvos\/#primaryimage"},"image":{"@id":"https:\/\/miumjau.ee\/lt\/toode\/sieniniai-laipteliai-petrebels-horizon-1530-rinkinys-pilkai-senos-spalvos\/#primaryimage"},"thumbnailUrl":"https:\/\/miumjau.ee\/wp-content\/uploads\/2024\/01\/lisaasted-2tk-horizon-1530-set-old-gray-1.jpeg","datePublished":"2024-01-07T13:50:08+00:00","dateModified":"2026-01-07T18:54:38+00:00","breadcrumb":{"@id":"https:\/\/miumjau.ee\/lt\/toode\/sieniniai-laipteliai-petrebels-horizon-1530-rinkinys-pilkai-senos-spalvos\/#breadcrumb"},"inLanguage":"lt-LT","potentialAction":[{"@type":"ReadAction","target":["https:\/\/miumjau.ee\/lt\/toode\/sieniniai-laipteliai-petrebels-horizon-1530-rinkinys-pilkai-senos-spalvos\/"]}]},{"@type":"ImageObject","inLanguage":"lt-LT","@id":"https:\/\/miumjau.ee\/lt\/toode\/sieniniai-laipteliai-petrebels-horizon-1530-rinkinys-pilkai-senos-spalvos\/#primaryimage","url":"https:\/\/miumjau.ee\/wp-content\/uploads\/2024\/01\/lisaasted-2tk-horizon-1530-set-old-gray-1.jpeg","contentUrl":"https:\/\/miumjau.ee\/wp-content\/uploads\/2024\/01\/lisaasted-2tk-horizon-1530-set-old-gray-1.jpeg","width":600,"height":800,"caption":"Lisaastmed 2tk, Horizon 1530 set, old gray"},{"@type":"BreadcrumbList","@id":"https:\/\/miumjau.ee\/lt\/toode\/sieniniai-laipteliai-petrebels-horizon-1530-rinkinys-pilkai-senos-spalvos\/#breadcrumb","itemListElement":[{"@type":"ListItem","position":1,"name":"Home","item":"https:\/\/miumjau.ee\/lt\/"},{"@type":"ListItem","position":2,"name":"Parduotuv\u0117","item":"https:\/\/miumjau.ee\/lt\/parduotuve\/"},{"@type":"ListItem","position":3,"name":"Sieniniai laipteliai Petrebels Horizon 1530 rinkinys, pilkai senos spalvos"}]},{"@type":"WebSite","@id":"https:\/\/miumjau.ee\/#website","url":"https:\/\/miumjau.ee\/","name":"MiuMjau","description":"Kraapimispuud kassidele","publisher":{"@id":"https:\/\/miumjau.ee\/#organization"},"potentialAction":[{"@type":"SearchAction","target":{"@type":"EntryPoint","urlTemplate":"https:\/\/miumjau.ee\/?s={search_term_string}"},"query-input":{"@type":"PropertyValueSpecification","valueRequired":true,"valueName":"search_term_string"}}],"inLanguage":"lt-LT"},{"@type":"Organization","@id":"https:\/\/miumjau.ee\/#organization","name":"MiuMjau O\u00dc","url":"https:\/\/miumjau.ee\/","logo":{"@type":"ImageObject","inLanguage":"lt-LT","@id":"https:\/\/miumjau.ee\/#\/schema\/logo\/image\/","url":"https:\/\/miumjau.ee\/wp-content\/uploads\/2022\/04\/MiuMjau-logo-kollane.png","contentUrl":"https:\/\/miumjau.ee\/wp-content\/uploads\/2022\/04\/MiuMjau-logo-kollane.png","width":219,"height":100,"caption":"MiuMjau O\u00dc"},"image":{"@id":"https:\/\/miumjau.ee\/#\/schema\/logo\/image\/"},"sameAs":["https:\/\/www.facebook.com\/miumjaupood\/"]}]}},"_links":{"self":[{"href":"https:\/\/miumjau.ee\/lt\/wp-json\/wp\/v2\/product\/41082","targetHints":{"allow":["GET"]}}],"collection":[{"href":"https:\/\/miumjau.ee\/lt\/wp-json\/wp\/v2\/product"}],"about":[{"href":"https:\/\/miumjau.ee\/lt\/wp-json\/wp\/v2\/types\/product"}],"wp:featuredmedia":[{"embeddable":true,"href":"https:\/\/miumjau.ee\/lt\/wp-json\/wp\/v2\/media\/41396"}],"wp:attachment":[{"href":"https:\/\/miumjau.ee\/lt\/wp-json\/wp\/v2\/media?parent=41082"}],"wp:term":[{"taxonomy":"product_brand","embeddable":true,"href":"https:\/\/miumjau.ee\/lt\/wp-json\/wp\/v2\/product_brand?post=41082"},{"taxonomy":"product_cat","embeddable":true,"href":"https:\/\/miumjau.ee\/lt\/wp-json\/wp\/v2\/product_cat?post=41082"},{"taxonomy":"product_tag","embeddable":true,"href":"https:\/\/miumjau.ee\/lt\/wp-json\/wp\/v2\/product_tag?post=41082"}],"curies":[{"name":"wp","href":"https:\/\/api.w.org\/{rel}","templated":true}]}}