{"id":41081,"date":"2024-01-07T11:29:48","date_gmt":"2024-01-07T09:29:48","guid":{"rendered":"https:\/\/miumjau.ee\/toode\/kates-lentyna-laipteliai-petrebels-step-25-rinkinys-rudinto-azuolo-spalvos\/"},"modified":"2026-01-07T20:54:38","modified_gmt":"2026-01-07T18:54:38","slug":"kates-lentyna-laipteliai-petrebels-step-25-rinkinys-rudinto-azuolo-spalvos","status":"publish","type":"product","link":"https:\/\/miumjau.ee\/lt\/produktas\/kates-lentyna-laipteliai-petrebels-step-25-rinkinys-rudinto-azuolo-spalvos\/","title":{"rendered":"Kat\u0117s lentyna, laipteliai Petrebels Step 25 rinkinys, r\u016bdinto \u0105\u017euolo spalvos"},"content":{"rendered":"","protected":false},"excerpt":{"rendered":"<p>Kat\u0117s lentyn\u0173 komplektas Step 25 susideda i\u0161 3 pakop\u0173. \u0160ie horizontal\u016bs laipteliai tvirtinami prie sienos ir leid\u017eia katei patogiai pasiekti auk\u0161\u010diau esan\u010di\u0105 viet\u0105 \u2013 pavyzd\u017eiui, guol\u012f prie lub\u0173. Turite daugiau nei vien\u0105 kat\u0119? Tuomet papildykite savo kat\u0117s sien\u0105 Wave 70 lentyna arba \u012fdomia draskymo plok\u0161te Scratch ir sukurkite tikr\u0105 nuotyki\u0173 park\u0105, prid\u0117dami papildom\u0173 laipteli\u0173, kop\u0117\u010di\u0173 ar tvirt\u0105 guol\u012f.<\/p>\n<p>Komplekte \u2013 3 vnt.<br \/>\nMatmenys \u2013 ilgis 25 cm, plotis 15 cm, auk\u0161tis 10 cm.<br \/>\nPagaminta i\u0161 eukalipto medienos.<br \/>\nDengta itin tvirtu sizalio kilimu, pritvirtintu \u201eVelcro\u201c juosta.<br \/>\nKomplekte yra visos tvirtinimo detal\u0117s sienai.<\/p>\n","protected":false},"featured_media":41387,"template":"","meta":[],"product_brand":[],"product_cat":[517,524],"product_tag":[],"class_list":{"0":"post-41081","1":"product","2":"type-product","3":"status-publish","4":"has-post-thumbnail","6":"product_cat-laipiojimo-sienele-katems","7":"product_cat-kaup24-lt","9":"first","10":"instock","11":"sale","12":"taxable","13":"shipping-taxable","14":"purchasable","15":"product-type-simple"},"yoast_head":"<!-- This site is optimized with the Yoast SEO plugin v27.2 - https:\/\/yoast.com\/product\/yoast-seo-wordpress\/ -->\n<title>Kat\u0117s lentyna, laipteliai Petrebels Step 25 rinkinys, r\u016bdinto \u0105\u017euolo spalvos - MiuMjau<\/title>\n<meta name=\"robots\" content=\"index, follow, max-snippet:-1, max-image-preview:large, max-video-preview:-1\" \/>\n<link rel=\"canonical\" href=\"https:\/\/miumjau.ee\/lt\/toode\/kates-lentyna-laipteliai-petrebels-step-25-rinkinys-rudinto-azuolo-spalvos\/\" \/>\n<meta property=\"og:locale\" content=\"lt_LT\" \/>\n<meta property=\"og:type\" content=\"article\" \/>\n<meta property=\"og:title\" content=\"Kat\u0117s lentyna, laipteliai Petrebels Step 25 rinkinys, r\u016bdinto \u0105\u017euolo spalvos - MiuMjau\" \/>\n<meta property=\"og:description\" content=\"Kat\u0117s lentyn\u0173 komplektas Step 25 susideda i\u0161 3 pakop\u0173. \u0160ie horizontal\u016bs laipteliai tvirtinami prie sienos ir leid\u017eia katei patogiai pasiekti auk\u0161\u010diau esan\u010di\u0105 viet\u0105 \u2013 pavyzd\u017eiui, guol\u012f prie lub\u0173. Turite daugiau nei vien\u0105 kat\u0119? Tuomet papildykite savo kat\u0117s sien\u0105 Wave 70 lentyna arba \u012fdomia draskymo plok\u0161te Scratch ir sukurkite tikr\u0105 nuotyki\u0173 park\u0105, prid\u0117dami papildom\u0173 laipteli\u0173, kop\u0117\u010di\u0173 ar tvirt\u0105 guol\u012f. Komplekte \u2013 3 vnt.  Matmenys \u2013 ilgis 25 cm, plotis 15 cm, auk\u0161tis 10 cm.  Pagaminta i\u0161 eukalipto medienos.  Dengta itin tvirtu sizalio kilimu, pritvirtintu \u201eVelcro\u201c juosta.  Komplekte yra visos tvirtinimo detal\u0117s sienai.\" \/>\n<meta property=\"og:url\" content=\"https:\/\/miumjau.ee\/lt\/toode\/kates-lentyna-laipteliai-petrebels-step-25-rinkinys-rudinto-azuolo-spalvos\/\" \/>\n<meta property=\"og:site_name\" content=\"MiuMjau\" \/>\n<meta property=\"article:publisher\" content=\"https:\/\/www.facebook.com\/miumjaupood\/\" \/>\n<meta property=\"article:modified_time\" content=\"2026-01-07T18:54:38+00:00\" \/>\n<meta property=\"og:image\" content=\"https:\/\/miumjau.ee\/wp-content\/uploads\/2024\/01\/kassi-riiul-step-25-set-rusty-oak-1.jpeg\" \/>\n\t<meta property=\"og:image:width\" content=\"600\" \/>\n\t<meta property=\"og:image:height\" content=\"800\" \/>\n\t<meta property=\"og:image:type\" content=\"image\/jpeg\" \/>\n<meta name=\"twitter:card\" content=\"summary_large_image\" \/>\n<script type=\"application\/ld+json\" class=\"yoast-schema-graph\">{\"@context\":\"https:\/\/schema.org\",\"@graph\":[{\"@type\":\"WebPage\",\"@id\":\"https:\/\/miumjau.ee\/lt\/toode\/kates-lentyna-laipteliai-petrebels-step-25-rinkinys-rudinto-azuolo-spalvos\/\",\"url\":\"https:\/\/miumjau.ee\/lt\/toode\/kates-lentyna-laipteliai-petrebels-step-25-rinkinys-rudinto-azuolo-spalvos\/\",\"name\":\"Kat\u0117s lentyna, laipteliai Petrebels Step 25 rinkinys, r\u016bdinto \u0105\u017euolo spalvos - MiuMjau\",\"isPartOf\":{\"@id\":\"https:\/\/miumjau.ee\/#website\"},\"primaryImageOfPage\":{\"@id\":\"https:\/\/miumjau.ee\/lt\/toode\/kates-lentyna-laipteliai-petrebels-step-25-rinkinys-rudinto-azuolo-spalvos\/#primaryimage\"},\"image\":{\"@id\":\"https:\/\/miumjau.ee\/lt\/toode\/kates-lentyna-laipteliai-petrebels-step-25-rinkinys-rudinto-azuolo-spalvos\/#primaryimage\"},\"thumbnailUrl\":\"https:\/\/miumjau.ee\/wp-content\/uploads\/2024\/01\/kassi-riiul-step-25-set-rusty-oak-1.jpeg\",\"datePublished\":\"2024-01-07T09:29:48+00:00\",\"dateModified\":\"2026-01-07T18:54:38+00:00\",\"breadcrumb\":{\"@id\":\"https:\/\/miumjau.ee\/lt\/toode\/kates-lentyna-laipteliai-petrebels-step-25-rinkinys-rudinto-azuolo-spalvos\/#breadcrumb\"},\"inLanguage\":\"lt-LT\",\"potentialAction\":[{\"@type\":\"ReadAction\",\"target\":[\"https:\/\/miumjau.ee\/lt\/toode\/kates-lentyna-laipteliai-petrebels-step-25-rinkinys-rudinto-azuolo-spalvos\/\"]}]},{\"@type\":\"ImageObject\",\"inLanguage\":\"lt-LT\",\"@id\":\"https:\/\/miumjau.ee\/lt\/toode\/kates-lentyna-laipteliai-petrebels-step-25-rinkinys-rudinto-azuolo-spalvos\/#primaryimage\",\"url\":\"https:\/\/miumjau.ee\/wp-content\/uploads\/2024\/01\/kassi-riiul-step-25-set-rusty-oak-1.jpeg\",\"contentUrl\":\"https:\/\/miumjau.ee\/wp-content\/uploads\/2024\/01\/kassi-riiul-step-25-set-rusty-oak-1.jpeg\",\"width\":600,\"height\":800,\"caption\":\"Kassi riiul, asted 3 tk, Step 25 set, rusty oak\"},{\"@type\":\"BreadcrumbList\",\"@id\":\"https:\/\/miumjau.ee\/lt\/toode\/kates-lentyna-laipteliai-petrebels-step-25-rinkinys-rudinto-azuolo-spalvos\/#breadcrumb\",\"itemListElement\":[{\"@type\":\"ListItem\",\"position\":1,\"name\":\"Home\",\"item\":\"https:\/\/miumjau.ee\/lt\/\"},{\"@type\":\"ListItem\",\"position\":2,\"name\":\"Parduotuv\u0117\",\"item\":\"https:\/\/miumjau.ee\/lt\/parduotuve\/\"},{\"@type\":\"ListItem\",\"position\":3,\"name\":\"Kat\u0117s lentyna, laipteliai Petrebels Step 25 rinkinys, r\u016bdinto \u0105\u017euolo spalvos\"}]},{\"@type\":\"WebSite\",\"@id\":\"https:\/\/miumjau.ee\/#website\",\"url\":\"https:\/\/miumjau.ee\/\",\"name\":\"MiuMjau\",\"description\":\"Kraapimispuud kassidele\",\"publisher\":{\"@id\":\"https:\/\/miumjau.ee\/#organization\"},\"potentialAction\":[{\"@type\":\"SearchAction\",\"target\":{\"@type\":\"EntryPoint\",\"urlTemplate\":\"https:\/\/miumjau.ee\/?s={search_term_string}\"},\"query-input\":{\"@type\":\"PropertyValueSpecification\",\"valueRequired\":true,\"valueName\":\"search_term_string\"}}],\"inLanguage\":\"lt-LT\"},{\"@type\":\"Organization\",\"@id\":\"https:\/\/miumjau.ee\/#organization\",\"name\":\"MiuMjau O\u00dc\",\"url\":\"https:\/\/miumjau.ee\/\",\"logo\":{\"@type\":\"ImageObject\",\"inLanguage\":\"lt-LT\",\"@id\":\"https:\/\/miumjau.ee\/#\/schema\/logo\/image\/\",\"url\":\"https:\/\/miumjau.ee\/wp-content\/uploads\/2022\/04\/MiuMjau-logo-kollane.png\",\"contentUrl\":\"https:\/\/miumjau.ee\/wp-content\/uploads\/2022\/04\/MiuMjau-logo-kollane.png\",\"width\":219,\"height\":100,\"caption\":\"MiuMjau O\u00dc\"},\"image\":{\"@id\":\"https:\/\/miumjau.ee\/#\/schema\/logo\/image\/\"},\"sameAs\":[\"https:\/\/www.facebook.com\/miumjaupood\/\"]}]}<\/script>\n<!-- \/ Yoast SEO plugin. -->","yoast_head_json":{"title":"Kat\u0117s lentyna, laipteliai Petrebels Step 25 rinkinys, r\u016bdinto \u0105\u017euolo spalvos - MiuMjau","robots":{"index":"index","follow":"follow","max-snippet":"max-snippet:-1","max-image-preview":"max-image-preview:large","max-video-preview":"max-video-preview:-1"},"canonical":"https:\/\/miumjau.ee\/lt\/toode\/kates-lentyna-laipteliai-petrebels-step-25-rinkinys-rudinto-azuolo-spalvos\/","og_locale":"lt_LT","og_type":"article","og_title":"Kat\u0117s lentyna, laipteliai Petrebels Step 25 rinkinys, r\u016bdinto \u0105\u017euolo spalvos - MiuMjau","og_description":"Kat\u0117s lentyn\u0173 komplektas Step 25 susideda i\u0161 3 pakop\u0173. \u0160ie horizontal\u016bs laipteliai tvirtinami prie sienos ir leid\u017eia katei patogiai pasiekti auk\u0161\u010diau esan\u010di\u0105 viet\u0105 \u2013 pavyzd\u017eiui, guol\u012f prie lub\u0173. Turite daugiau nei vien\u0105 kat\u0119? Tuomet papildykite savo kat\u0117s sien\u0105 Wave 70 lentyna arba \u012fdomia draskymo plok\u0161te Scratch ir sukurkite tikr\u0105 nuotyki\u0173 park\u0105, prid\u0117dami papildom\u0173 laipteli\u0173, kop\u0117\u010di\u0173 ar tvirt\u0105 guol\u012f. Komplekte \u2013 3 vnt.  Matmenys \u2013 ilgis 25 cm, plotis 15 cm, auk\u0161tis 10 cm.  Pagaminta i\u0161 eukalipto medienos.  Dengta itin tvirtu sizalio kilimu, pritvirtintu \u201eVelcro\u201c juosta.  Komplekte yra visos tvirtinimo detal\u0117s sienai.","og_url":"https:\/\/miumjau.ee\/lt\/toode\/kates-lentyna-laipteliai-petrebels-step-25-rinkinys-rudinto-azuolo-spalvos\/","og_site_name":"MiuMjau","article_publisher":"https:\/\/www.facebook.com\/miumjaupood\/","article_modified_time":"2026-01-07T18:54:38+00:00","og_image":[{"width":600,"height":800,"url":"https:\/\/miumjau.ee\/wp-content\/uploads\/2024\/01\/kassi-riiul-step-25-set-rusty-oak-1.jpeg","type":"image\/jpeg"}],"twitter_card":"summary_large_image","schema":{"@context":"https:\/\/schema.org","@graph":[{"@type":"WebPage","@id":"https:\/\/miumjau.ee\/lt\/toode\/kates-lentyna-laipteliai-petrebels-step-25-rinkinys-rudinto-azuolo-spalvos\/","url":"https:\/\/miumjau.ee\/lt\/toode\/kates-lentyna-laipteliai-petrebels-step-25-rinkinys-rudinto-azuolo-spalvos\/","name":"Kat\u0117s lentyna, laipteliai Petrebels Step 25 rinkinys, r\u016bdinto \u0105\u017euolo spalvos - MiuMjau","isPartOf":{"@id":"https:\/\/miumjau.ee\/#website"},"primaryImageOfPage":{"@id":"https:\/\/miumjau.ee\/lt\/toode\/kates-lentyna-laipteliai-petrebels-step-25-rinkinys-rudinto-azuolo-spalvos\/#primaryimage"},"image":{"@id":"https:\/\/miumjau.ee\/lt\/toode\/kates-lentyna-laipteliai-petrebels-step-25-rinkinys-rudinto-azuolo-spalvos\/#primaryimage"},"thumbnailUrl":"https:\/\/miumjau.ee\/wp-content\/uploads\/2024\/01\/kassi-riiul-step-25-set-rusty-oak-1.jpeg","datePublished":"2024-01-07T09:29:48+00:00","dateModified":"2026-01-07T18:54:38+00:00","breadcrumb":{"@id":"https:\/\/miumjau.ee\/lt\/toode\/kates-lentyna-laipteliai-petrebels-step-25-rinkinys-rudinto-azuolo-spalvos\/#breadcrumb"},"inLanguage":"lt-LT","potentialAction":[{"@type":"ReadAction","target":["https:\/\/miumjau.ee\/lt\/toode\/kates-lentyna-laipteliai-petrebels-step-25-rinkinys-rudinto-azuolo-spalvos\/"]}]},{"@type":"ImageObject","inLanguage":"lt-LT","@id":"https:\/\/miumjau.ee\/lt\/toode\/kates-lentyna-laipteliai-petrebels-step-25-rinkinys-rudinto-azuolo-spalvos\/#primaryimage","url":"https:\/\/miumjau.ee\/wp-content\/uploads\/2024\/01\/kassi-riiul-step-25-set-rusty-oak-1.jpeg","contentUrl":"https:\/\/miumjau.ee\/wp-content\/uploads\/2024\/01\/kassi-riiul-step-25-set-rusty-oak-1.jpeg","width":600,"height":800,"caption":"Kassi riiul, asted 3 tk, Step 25 set, rusty oak"},{"@type":"BreadcrumbList","@id":"https:\/\/miumjau.ee\/lt\/toode\/kates-lentyna-laipteliai-petrebels-step-25-rinkinys-rudinto-azuolo-spalvos\/#breadcrumb","itemListElement":[{"@type":"ListItem","position":1,"name":"Home","item":"https:\/\/miumjau.ee\/lt\/"},{"@type":"ListItem","position":2,"name":"Parduotuv\u0117","item":"https:\/\/miumjau.ee\/lt\/parduotuve\/"},{"@type":"ListItem","position":3,"name":"Kat\u0117s lentyna, laipteliai Petrebels Step 25 rinkinys, r\u016bdinto \u0105\u017euolo spalvos"}]},{"@type":"WebSite","@id":"https:\/\/miumjau.ee\/#website","url":"https:\/\/miumjau.ee\/","name":"MiuMjau","description":"Kraapimispuud kassidele","publisher":{"@id":"https:\/\/miumjau.ee\/#organization"},"potentialAction":[{"@type":"SearchAction","target":{"@type":"EntryPoint","urlTemplate":"https:\/\/miumjau.ee\/?s={search_term_string}"},"query-input":{"@type":"PropertyValueSpecification","valueRequired":true,"valueName":"search_term_string"}}],"inLanguage":"lt-LT"},{"@type":"Organization","@id":"https:\/\/miumjau.ee\/#organization","name":"MiuMjau O\u00dc","url":"https:\/\/miumjau.ee\/","logo":{"@type":"ImageObject","inLanguage":"lt-LT","@id":"https:\/\/miumjau.ee\/#\/schema\/logo\/image\/","url":"https:\/\/miumjau.ee\/wp-content\/uploads\/2022\/04\/MiuMjau-logo-kollane.png","contentUrl":"https:\/\/miumjau.ee\/wp-content\/uploads\/2022\/04\/MiuMjau-logo-kollane.png","width":219,"height":100,"caption":"MiuMjau O\u00dc"},"image":{"@id":"https:\/\/miumjau.ee\/#\/schema\/logo\/image\/"},"sameAs":["https:\/\/www.facebook.com\/miumjaupood\/"]}]}},"_links":{"self":[{"href":"https:\/\/miumjau.ee\/lt\/wp-json\/wp\/v2\/product\/41081","targetHints":{"allow":["GET"]}}],"collection":[{"href":"https:\/\/miumjau.ee\/lt\/wp-json\/wp\/v2\/product"}],"about":[{"href":"https:\/\/miumjau.ee\/lt\/wp-json\/wp\/v2\/types\/product"}],"wp:featuredmedia":[{"embeddable":true,"href":"https:\/\/miumjau.ee\/lt\/wp-json\/wp\/v2\/media\/41387"}],"wp:attachment":[{"href":"https:\/\/miumjau.ee\/lt\/wp-json\/wp\/v2\/media?parent=41081"}],"wp:term":[{"taxonomy":"product_brand","embeddable":true,"href":"https:\/\/miumjau.ee\/lt\/wp-json\/wp\/v2\/product_brand?post=41081"},{"taxonomy":"product_cat","embeddable":true,"href":"https:\/\/miumjau.ee\/lt\/wp-json\/wp\/v2\/product_cat?post=41081"},{"taxonomy":"product_tag","embeddable":true,"href":"https:\/\/miumjau.ee\/lt\/wp-json\/wp\/v2\/product_tag?post=41081"}],"curies":[{"name":"wp","href":"https:\/\/api.w.org\/{rel}","templated":true}]}}