{"id":41076,"date":"2024-01-05T22:33:18","date_gmt":"2024-01-05T20:33:18","guid":{"rendered":"https:\/\/miumjau.ee\/toode\/kates-lentyna-petrebels-corner-lounge-35-pilkai-senos-spalvos\/"},"modified":"2026-01-07T20:54:45","modified_gmt":"2026-01-07T18:54:45","slug":"kates-lentyna-petrebels-corner-lounge-35-pilkai-senos-spalvos","status":"publish","type":"product","link":"https:\/\/miumjau.ee\/lt\/produktas\/kates-lentyna-petrebels-corner-lounge-35-pilkai-senos-spalvos\/","title":{"rendered":"Kat\u0117s lentyna Petrebels Corner Lounge 35, pilkai senos spalvos"},"content":{"rendered":"","protected":false},"excerpt":{"rendered":"<p>Kampinis guolis Corner Lounge 35 turi visk\u0105, ko reikia katei \u2013 ji gali \u010dia \u017eaisti, ils\u0117tis ir, \u017einoma, draskyti. Tai puiku, nes draskymas suteikia kat\u0117ms d\u017eiaugsmo ir palaiko j\u0173 nagus sveikus. \u0160is sizaliu dengtas lentyninis elementas tvirtinamas prie sienos kampu ir priklauso Wall of Rebels kolekcijai, kurioje rasite \u012fvairi\u0173 produkt\u0173 kat\u0117ms \u2013 miegui, \u017eaidimams, laipiojimui, b\u0117giojimui ir draskymui. Visus elementus galima derinti tarpusavyje be galo. Prijunkite \u0161\u012f guol\u012f prie Moon 40 apvalaus guolio arba kit\u0173 element\u0173, pvz., Scratch 70, kop\u0117\u010di\u0173 ar tilto.<\/p>\n<p>Matmenys \u2013 ilgis 35 cm, plotis 35 cm, auk\u0161tis 6 cm.<br \/>\nProdukto svoris \u2013 1,7 kg.<br \/>\nPagamintas i\u0161 vientisos eukalipto medienos.<br \/>\nPadengtas sizalio kilim\u0117liu, tvirtinamu Velcro juosta.<br \/>\nKomplekte yra tvirtinimo detal\u0117s prie sienos.<\/p>\n","protected":false},"featured_media":41340,"template":"","meta":[],"product_brand":[],"product_cat":[517,524],"product_tag":[],"class_list":{"0":"post-41076","1":"product","2":"type-product","3":"status-publish","4":"has-post-thumbnail","6":"product_cat-laipiojimo-sienele-katems","7":"product_cat-kaup24-lt","9":"first","10":"instock","11":"sale","12":"taxable","13":"shipping-taxable","14":"purchasable","15":"product-type-simple"},"yoast_head":"<!-- This site is optimized with the Yoast SEO plugin v27.2 - https:\/\/yoast.com\/product\/yoast-seo-wordpress\/ -->\n<title>Kat\u0117s lentyna Petrebels Corner Lounge 35, pilkai senos spalvos - MiuMjau<\/title>\n<meta name=\"robots\" content=\"index, follow, max-snippet:-1, max-image-preview:large, max-video-preview:-1\" \/>\n<link rel=\"canonical\" href=\"https:\/\/miumjau.ee\/lt\/toode\/kates-lentyna-petrebels-corner-lounge-35-pilkai-senos-spalvos\/\" \/>\n<meta property=\"og:locale\" content=\"lt_LT\" \/>\n<meta property=\"og:type\" content=\"article\" \/>\n<meta property=\"og:title\" content=\"Kat\u0117s lentyna Petrebels Corner Lounge 35, pilkai senos spalvos - MiuMjau\" \/>\n<meta property=\"og:description\" content=\"Kampinis guolis Corner Lounge 35 turi visk\u0105, ko reikia katei \u2013 ji gali \u010dia \u017eaisti, ils\u0117tis ir, \u017einoma, draskyti. Tai puiku, nes draskymas suteikia kat\u0117ms d\u017eiaugsmo ir palaiko j\u0173 nagus sveikus. \u0160is sizaliu dengtas lentyninis elementas tvirtinamas prie sienos kampu ir priklauso Wall of Rebels kolekcijai, kurioje rasite \u012fvairi\u0173 produkt\u0173 kat\u0117ms \u2013 miegui, \u017eaidimams, laipiojimui, b\u0117giojimui ir draskymui. Visus elementus galima derinti tarpusavyje be galo. Prijunkite \u0161\u012f guol\u012f prie Moon 40 apvalaus guolio arba kit\u0173 element\u0173, pvz., Scratch 70, kop\u0117\u010di\u0173 ar tilto. Matmenys \u2013 ilgis 35 cm, plotis 35 cm, auk\u0161tis 6 cm.  Produkto svoris \u2013 1,7 kg.  Pagamintas i\u0161 vientisos eukalipto medienos.  Padengtas sizalio kilim\u0117liu, tvirtinamu Velcro juosta.  Komplekte yra tvirtinimo detal\u0117s prie sienos.\" \/>\n<meta property=\"og:url\" content=\"https:\/\/miumjau.ee\/lt\/toode\/kates-lentyna-petrebels-corner-lounge-35-pilkai-senos-spalvos\/\" \/>\n<meta property=\"og:site_name\" content=\"MiuMjau\" \/>\n<meta property=\"article:publisher\" content=\"https:\/\/www.facebook.com\/miumjaupood\/\" \/>\n<meta property=\"article:modified_time\" content=\"2026-01-07T18:54:45+00:00\" \/>\n<meta property=\"og:image\" content=\"https:\/\/miumjau.ee\/wp-content\/uploads\/2023\/12\/tasapind-nurka-cornerlounge353.jpg\" \/>\n\t<meta property=\"og:image:width\" content=\"600\" \/>\n\t<meta property=\"og:image:height\" content=\"800\" \/>\n\t<meta property=\"og:image:type\" content=\"image\/jpeg\" \/>\n<meta name=\"twitter:card\" content=\"summary_large_image\" \/>\n<script type=\"application\/ld+json\" class=\"yoast-schema-graph\">{\"@context\":\"https:\/\/schema.org\",\"@graph\":[{\"@type\":\"WebPage\",\"@id\":\"https:\/\/miumjau.ee\/lt\/toode\/kates-lentyna-petrebels-corner-lounge-35-pilkai-senos-spalvos\/\",\"url\":\"https:\/\/miumjau.ee\/lt\/toode\/kates-lentyna-petrebels-corner-lounge-35-pilkai-senos-spalvos\/\",\"name\":\"Kat\u0117s lentyna Petrebels Corner Lounge 35, pilkai senos spalvos - MiuMjau\",\"isPartOf\":{\"@id\":\"https:\/\/miumjau.ee\/#website\"},\"primaryImageOfPage\":{\"@id\":\"https:\/\/miumjau.ee\/lt\/toode\/kates-lentyna-petrebels-corner-lounge-35-pilkai-senos-spalvos\/#primaryimage\"},\"image\":{\"@id\":\"https:\/\/miumjau.ee\/lt\/toode\/kates-lentyna-petrebels-corner-lounge-35-pilkai-senos-spalvos\/#primaryimage\"},\"thumbnailUrl\":\"https:\/\/miumjau.ee\/wp-content\/uploads\/2023\/12\/tasapind-nurka-cornerlounge353.jpg\",\"datePublished\":\"2024-01-05T20:33:18+00:00\",\"dateModified\":\"2026-01-07T18:54:45+00:00\",\"breadcrumb\":{\"@id\":\"https:\/\/miumjau.ee\/lt\/toode\/kates-lentyna-petrebels-corner-lounge-35-pilkai-senos-spalvos\/#breadcrumb\"},\"inLanguage\":\"lt-LT\",\"potentialAction\":[{\"@type\":\"ReadAction\",\"target\":[\"https:\/\/miumjau.ee\/lt\/toode\/kates-lentyna-petrebels-corner-lounge-35-pilkai-senos-spalvos\/\"]}]},{\"@type\":\"ImageObject\",\"inLanguage\":\"lt-LT\",\"@id\":\"https:\/\/miumjau.ee\/lt\/toode\/kates-lentyna-petrebels-corner-lounge-35-pilkai-senos-spalvos\/#primaryimage\",\"url\":\"https:\/\/miumjau.ee\/wp-content\/uploads\/2023\/12\/tasapind-nurka-cornerlounge353.jpg\",\"contentUrl\":\"https:\/\/miumjau.ee\/wp-content\/uploads\/2023\/12\/tasapind-nurka-cornerlounge353.jpg\",\"width\":600,\"height\":800,\"caption\":\"Kassi riiul Corner lounge 35 PETREBELS, old gray\"},{\"@type\":\"BreadcrumbList\",\"@id\":\"https:\/\/miumjau.ee\/lt\/toode\/kates-lentyna-petrebels-corner-lounge-35-pilkai-senos-spalvos\/#breadcrumb\",\"itemListElement\":[{\"@type\":\"ListItem\",\"position\":1,\"name\":\"Home\",\"item\":\"https:\/\/miumjau.ee\/lt\/\"},{\"@type\":\"ListItem\",\"position\":2,\"name\":\"Parduotuv\u0117\",\"item\":\"https:\/\/miumjau.ee\/lt\/parduotuve\/\"},{\"@type\":\"ListItem\",\"position\":3,\"name\":\"Kat\u0117s lentyna Petrebels Corner Lounge 35, pilkai senos spalvos\"}]},{\"@type\":\"WebSite\",\"@id\":\"https:\/\/miumjau.ee\/#website\",\"url\":\"https:\/\/miumjau.ee\/\",\"name\":\"MiuMjau\",\"description\":\"Kraapimispuud kassidele\",\"publisher\":{\"@id\":\"https:\/\/miumjau.ee\/#organization\"},\"potentialAction\":[{\"@type\":\"SearchAction\",\"target\":{\"@type\":\"EntryPoint\",\"urlTemplate\":\"https:\/\/miumjau.ee\/?s={search_term_string}\"},\"query-input\":{\"@type\":\"PropertyValueSpecification\",\"valueRequired\":true,\"valueName\":\"search_term_string\"}}],\"inLanguage\":\"lt-LT\"},{\"@type\":\"Organization\",\"@id\":\"https:\/\/miumjau.ee\/#organization\",\"name\":\"MiuMjau O\u00dc\",\"url\":\"https:\/\/miumjau.ee\/\",\"logo\":{\"@type\":\"ImageObject\",\"inLanguage\":\"lt-LT\",\"@id\":\"https:\/\/miumjau.ee\/#\/schema\/logo\/image\/\",\"url\":\"https:\/\/miumjau.ee\/wp-content\/uploads\/2022\/04\/MiuMjau-logo-kollane.png\",\"contentUrl\":\"https:\/\/miumjau.ee\/wp-content\/uploads\/2022\/04\/MiuMjau-logo-kollane.png\",\"width\":219,\"height\":100,\"caption\":\"MiuMjau O\u00dc\"},\"image\":{\"@id\":\"https:\/\/miumjau.ee\/#\/schema\/logo\/image\/\"},\"sameAs\":[\"https:\/\/www.facebook.com\/miumjaupood\/\"]}]}<\/script>\n<!-- \/ Yoast SEO plugin. -->","yoast_head_json":{"title":"Kat\u0117s lentyna Petrebels Corner Lounge 35, pilkai senos spalvos - MiuMjau","robots":{"index":"index","follow":"follow","max-snippet":"max-snippet:-1","max-image-preview":"max-image-preview:large","max-video-preview":"max-video-preview:-1"},"canonical":"https:\/\/miumjau.ee\/lt\/toode\/kates-lentyna-petrebels-corner-lounge-35-pilkai-senos-spalvos\/","og_locale":"lt_LT","og_type":"article","og_title":"Kat\u0117s lentyna Petrebels Corner Lounge 35, pilkai senos spalvos - MiuMjau","og_description":"Kampinis guolis Corner Lounge 35 turi visk\u0105, ko reikia katei \u2013 ji gali \u010dia \u017eaisti, ils\u0117tis ir, \u017einoma, draskyti. Tai puiku, nes draskymas suteikia kat\u0117ms d\u017eiaugsmo ir palaiko j\u0173 nagus sveikus. \u0160is sizaliu dengtas lentyninis elementas tvirtinamas prie sienos kampu ir priklauso Wall of Rebels kolekcijai, kurioje rasite \u012fvairi\u0173 produkt\u0173 kat\u0117ms \u2013 miegui, \u017eaidimams, laipiojimui, b\u0117giojimui ir draskymui. Visus elementus galima derinti tarpusavyje be galo. Prijunkite \u0161\u012f guol\u012f prie Moon 40 apvalaus guolio arba kit\u0173 element\u0173, pvz., Scratch 70, kop\u0117\u010di\u0173 ar tilto. Matmenys \u2013 ilgis 35 cm, plotis 35 cm, auk\u0161tis 6 cm.  Produkto svoris \u2013 1,7 kg.  Pagamintas i\u0161 vientisos eukalipto medienos.  Padengtas sizalio kilim\u0117liu, tvirtinamu Velcro juosta.  Komplekte yra tvirtinimo detal\u0117s prie sienos.","og_url":"https:\/\/miumjau.ee\/lt\/toode\/kates-lentyna-petrebels-corner-lounge-35-pilkai-senos-spalvos\/","og_site_name":"MiuMjau","article_publisher":"https:\/\/www.facebook.com\/miumjaupood\/","article_modified_time":"2026-01-07T18:54:45+00:00","og_image":[{"width":600,"height":800,"url":"https:\/\/miumjau.ee\/wp-content\/uploads\/2023\/12\/tasapind-nurka-cornerlounge353.jpg","type":"image\/jpeg"}],"twitter_card":"summary_large_image","schema":{"@context":"https:\/\/schema.org","@graph":[{"@type":"WebPage","@id":"https:\/\/miumjau.ee\/lt\/toode\/kates-lentyna-petrebels-corner-lounge-35-pilkai-senos-spalvos\/","url":"https:\/\/miumjau.ee\/lt\/toode\/kates-lentyna-petrebels-corner-lounge-35-pilkai-senos-spalvos\/","name":"Kat\u0117s lentyna Petrebels Corner Lounge 35, pilkai senos spalvos - MiuMjau","isPartOf":{"@id":"https:\/\/miumjau.ee\/#website"},"primaryImageOfPage":{"@id":"https:\/\/miumjau.ee\/lt\/toode\/kates-lentyna-petrebels-corner-lounge-35-pilkai-senos-spalvos\/#primaryimage"},"image":{"@id":"https:\/\/miumjau.ee\/lt\/toode\/kates-lentyna-petrebels-corner-lounge-35-pilkai-senos-spalvos\/#primaryimage"},"thumbnailUrl":"https:\/\/miumjau.ee\/wp-content\/uploads\/2023\/12\/tasapind-nurka-cornerlounge353.jpg","datePublished":"2024-01-05T20:33:18+00:00","dateModified":"2026-01-07T18:54:45+00:00","breadcrumb":{"@id":"https:\/\/miumjau.ee\/lt\/toode\/kates-lentyna-petrebels-corner-lounge-35-pilkai-senos-spalvos\/#breadcrumb"},"inLanguage":"lt-LT","potentialAction":[{"@type":"ReadAction","target":["https:\/\/miumjau.ee\/lt\/toode\/kates-lentyna-petrebels-corner-lounge-35-pilkai-senos-spalvos\/"]}]},{"@type":"ImageObject","inLanguage":"lt-LT","@id":"https:\/\/miumjau.ee\/lt\/toode\/kates-lentyna-petrebels-corner-lounge-35-pilkai-senos-spalvos\/#primaryimage","url":"https:\/\/miumjau.ee\/wp-content\/uploads\/2023\/12\/tasapind-nurka-cornerlounge353.jpg","contentUrl":"https:\/\/miumjau.ee\/wp-content\/uploads\/2023\/12\/tasapind-nurka-cornerlounge353.jpg","width":600,"height":800,"caption":"Kassi riiul Corner lounge 35 PETREBELS, old gray"},{"@type":"BreadcrumbList","@id":"https:\/\/miumjau.ee\/lt\/toode\/kates-lentyna-petrebels-corner-lounge-35-pilkai-senos-spalvos\/#breadcrumb","itemListElement":[{"@type":"ListItem","position":1,"name":"Home","item":"https:\/\/miumjau.ee\/lt\/"},{"@type":"ListItem","position":2,"name":"Parduotuv\u0117","item":"https:\/\/miumjau.ee\/lt\/parduotuve\/"},{"@type":"ListItem","position":3,"name":"Kat\u0117s lentyna Petrebels Corner Lounge 35, pilkai senos spalvos"}]},{"@type":"WebSite","@id":"https:\/\/miumjau.ee\/#website","url":"https:\/\/miumjau.ee\/","name":"MiuMjau","description":"Kraapimispuud kassidele","publisher":{"@id":"https:\/\/miumjau.ee\/#organization"},"potentialAction":[{"@type":"SearchAction","target":{"@type":"EntryPoint","urlTemplate":"https:\/\/miumjau.ee\/?s={search_term_string}"},"query-input":{"@type":"PropertyValueSpecification","valueRequired":true,"valueName":"search_term_string"}}],"inLanguage":"lt-LT"},{"@type":"Organization","@id":"https:\/\/miumjau.ee\/#organization","name":"MiuMjau O\u00dc","url":"https:\/\/miumjau.ee\/","logo":{"@type":"ImageObject","inLanguage":"lt-LT","@id":"https:\/\/miumjau.ee\/#\/schema\/logo\/image\/","url":"https:\/\/miumjau.ee\/wp-content\/uploads\/2022\/04\/MiuMjau-logo-kollane.png","contentUrl":"https:\/\/miumjau.ee\/wp-content\/uploads\/2022\/04\/MiuMjau-logo-kollane.png","width":219,"height":100,"caption":"MiuMjau O\u00dc"},"image":{"@id":"https:\/\/miumjau.ee\/#\/schema\/logo\/image\/"},"sameAs":["https:\/\/www.facebook.com\/miumjaupood\/"]}]}},"_links":{"self":[{"href":"https:\/\/miumjau.ee\/lt\/wp-json\/wp\/v2\/product\/41076","targetHints":{"allow":["GET"]}}],"collection":[{"href":"https:\/\/miumjau.ee\/lt\/wp-json\/wp\/v2\/product"}],"about":[{"href":"https:\/\/miumjau.ee\/lt\/wp-json\/wp\/v2\/types\/product"}],"wp:featuredmedia":[{"embeddable":true,"href":"https:\/\/miumjau.ee\/lt\/wp-json\/wp\/v2\/media\/41340"}],"wp:attachment":[{"href":"https:\/\/miumjau.ee\/lt\/wp-json\/wp\/v2\/media?parent=41076"}],"wp:term":[{"taxonomy":"product_brand","embeddable":true,"href":"https:\/\/miumjau.ee\/lt\/wp-json\/wp\/v2\/product_brand?post=41076"},{"taxonomy":"product_cat","embeddable":true,"href":"https:\/\/miumjau.ee\/lt\/wp-json\/wp\/v2\/product_cat?post=41076"},{"taxonomy":"product_tag","embeddable":true,"href":"https:\/\/miumjau.ee\/lt\/wp-json\/wp\/v2\/product_tag?post=41076"}],"curies":[{"name":"wp","href":"https:\/\/api.w.org\/{rel}","templated":true}]}}