{"id":41068,"date":"2024-01-05T11:33:52","date_gmt":"2024-01-05T09:33:52","guid":{"rendered":"https:\/\/miumjau.ee\/toode\/sieninis-draskymo-stulpas-petrebels-climb-1250-rudinto-azuolo-spalvos\/"},"modified":"2026-01-07T20:54:52","modified_gmt":"2026-01-07T18:54:52","slug":"sieninis-draskymo-stulpas-petrebels-climb-1250-rudinto-azuolo-spalvos","status":"publish","type":"product","link":"https:\/\/miumjau.ee\/lt\/produktas\/sieninis-draskymo-stulpas-petrebels-climb-1250-rudinto-azuolo-spalvos\/","title":{"rendered":"Sieninis draskymo stulpas Petrebels Climb 1250, r\u016bdinto \u0105\u017euolo spalvos"},"content":{"rendered":"","protected":false},"excerpt":{"rendered":"<p>Sieninis draskymo stulpas Climb 1250 i\u0161 PetRebels \u2013 auk\u0161tos kokyb\u0117s produktas, kuris patenkins j\u016bs\u0173 kat\u0117s draskymo poreikius! \u0160ie stulpai si\u016blomi trij\u0173 skirting\u0173 ilgi\u0173 ir diametr\u0173. Sujungiant kelis elementus, galima sukurti ilg\u0105 draskymo ar laipiojimo stulp\u0105, kuris veda, pavyzd\u017eiui, iki auk\u0161\u010diau esan\u010dio guolio. Visus elementus galima derinti pagal poreikius \u2013 fantazijai n\u0117ra rib\u0173!<\/p>\n<p>Climb 1250 yra Wall of Rebels kolekcijos dalis \u2013 miel\u0173 ir funkcionali\u0173 produkt\u0173 serijos, skirtos j\u016bs\u0173 kat\u0117s sienai. Stulpas tvirtinamas horizontaliai arba vertikaliai, puikiai tinka draskymui (o kat\u0117s tai m\u0117gsta!). Be to, j\u012f galima naudoti kaip jungiam\u0105j\u012f element\u0105 tarp kit\u0173 produkt\u0173, pvz., tarp Lazy 50 ir Scratch. Po piet\u0173 miego j\u016bs\u0173 kat\u0117 gal\u0117s i\u0161kart i\u0161sitiesti ir pasidraskyti! Papildykite savo sien\u0105 kreivu guoliu Curve 70 ir sukurkite \u012fdom\u0173 tilt\u0105, kop\u0117\u010dias ar net Box Bag tunel\u012f.<\/p>\n<p>Komplekte \u2013 paruo\u0161tas rinkinys su tvirtinimo detal\u0117mis.<br \/>\nNorint sukurti ilgesn\u012f draskymo stulp\u0105, galima \u012fsigyti papildom\u0173 element\u0173.<br \/>\nMatmenys \u2013 skersmuo 12 cm, ilgis 50 cm.<br \/>\nPagamintas i\u0161 tvirtos eukalipto medienos.<\/p>\n","protected":false},"featured_media":41817,"template":"","meta":[],"product_brand":[],"product_cat":[517,524],"product_tag":[],"class_list":{"0":"post-41068","1":"product","2":"type-product","3":"status-publish","4":"has-post-thumbnail","6":"product_cat-laipiojimo-sienele-katems","7":"product_cat-kaup24-lt","9":"first","10":"instock","11":"sale","12":"taxable","13":"shipping-taxable","14":"purchasable","15":"product-type-simple"},"yoast_head":"<!-- This site is optimized with the Yoast SEO plugin v27.2 - https:\/\/yoast.com\/product\/yoast-seo-wordpress\/ -->\n<title>Sieninis draskymo stulpas Petrebels Climb 1250, r\u016bdinto \u0105\u017euolo spalvos - MiuMjau<\/title>\n<meta name=\"robots\" content=\"index, follow, max-snippet:-1, max-image-preview:large, max-video-preview:-1\" \/>\n<link rel=\"canonical\" href=\"https:\/\/miumjau.ee\/lt\/toode\/sieninis-draskymo-stulpas-petrebels-climb-1250-rudinto-azuolo-spalvos\/\" \/>\n<meta property=\"og:locale\" content=\"lt_LT\" \/>\n<meta property=\"og:type\" content=\"article\" \/>\n<meta property=\"og:title\" content=\"Sieninis draskymo stulpas Petrebels Climb 1250, r\u016bdinto \u0105\u017euolo spalvos - MiuMjau\" \/>\n<meta property=\"og:description\" content=\"Sieninis draskymo stulpas Climb 1250 i\u0161 PetRebels \u2013 auk\u0161tos kokyb\u0117s produktas, kuris patenkins j\u016bs\u0173 kat\u0117s draskymo poreikius! \u0160ie stulpai si\u016blomi trij\u0173 skirting\u0173 ilgi\u0173 ir diametr\u0173. Sujungiant kelis elementus, galima sukurti ilg\u0105 draskymo ar laipiojimo stulp\u0105, kuris veda, pavyzd\u017eiui, iki auk\u0161\u010diau esan\u010dio guolio. Visus elementus galima derinti pagal poreikius \u2013 fantazijai n\u0117ra rib\u0173! Climb 1250 yra Wall of Rebels kolekcijos dalis \u2013 miel\u0173 ir funkcionali\u0173 produkt\u0173 serijos, skirtos j\u016bs\u0173 kat\u0117s sienai. Stulpas tvirtinamas horizontaliai arba vertikaliai, puikiai tinka draskymui (o kat\u0117s tai m\u0117gsta!). Be to, j\u012f galima naudoti kaip jungiam\u0105j\u012f element\u0105 tarp kit\u0173 produkt\u0173, pvz., tarp Lazy 50 ir Scratch. Po piet\u0173 miego j\u016bs\u0173 kat\u0117 gal\u0117s i\u0161kart i\u0161sitiesti ir pasidraskyti! Papildykite savo sien\u0105 kreivu guoliu Curve 70 ir sukurkite \u012fdom\u0173 tilt\u0105, kop\u0117\u010dias ar net Box Bag tunel\u012f. Komplekte \u2013 paruo\u0161tas rinkinys su tvirtinimo detal\u0117mis.  Norint sukurti ilgesn\u012f draskymo stulp\u0105, galima \u012fsigyti papildom\u0173 element\u0173.  Matmenys \u2013 skersmuo 12 cm, ilgis 50 cm.  Pagamintas i\u0161 tvirtos eukalipto medienos.\" \/>\n<meta property=\"og:url\" content=\"https:\/\/miumjau.ee\/lt\/toode\/sieninis-draskymo-stulpas-petrebels-climb-1250-rudinto-azuolo-spalvos\/\" \/>\n<meta property=\"og:site_name\" content=\"MiuMjau\" \/>\n<meta property=\"article:publisher\" content=\"https:\/\/www.facebook.com\/miumjaupood\/\" \/>\n<meta property=\"article:modified_time\" content=\"2026-01-07T18:54:52+00:00\" \/>\n<meta property=\"og:image\" content=\"https:\/\/miumjau.ee\/wp-content\/uploads\/2024\/01\/kraapimispost-seinale-125014.jpg\" \/>\n\t<meta property=\"og:image:width\" content=\"600\" \/>\n\t<meta property=\"og:image:height\" content=\"800\" \/>\n\t<meta property=\"og:image:type\" content=\"image\/jpeg\" \/>\n<meta name=\"twitter:card\" content=\"summary_large_image\" \/>\n<script type=\"application\/ld+json\" class=\"yoast-schema-graph\">{\"@context\":\"https:\/\/schema.org\",\"@graph\":[{\"@type\":\"WebPage\",\"@id\":\"https:\/\/miumjau.ee\/lt\/toode\/sieninis-draskymo-stulpas-petrebels-climb-1250-rudinto-azuolo-spalvos\/\",\"url\":\"https:\/\/miumjau.ee\/lt\/toode\/sieninis-draskymo-stulpas-petrebels-climb-1250-rudinto-azuolo-spalvos\/\",\"name\":\"Sieninis draskymo stulpas Petrebels Climb 1250, r\u016bdinto \u0105\u017euolo spalvos - MiuMjau\",\"isPartOf\":{\"@id\":\"https:\/\/miumjau.ee\/#website\"},\"primaryImageOfPage\":{\"@id\":\"https:\/\/miumjau.ee\/lt\/toode\/sieninis-draskymo-stulpas-petrebels-climb-1250-rudinto-azuolo-spalvos\/#primaryimage\"},\"image\":{\"@id\":\"https:\/\/miumjau.ee\/lt\/toode\/sieninis-draskymo-stulpas-petrebels-climb-1250-rudinto-azuolo-spalvos\/#primaryimage\"},\"thumbnailUrl\":\"https:\/\/miumjau.ee\/wp-content\/uploads\/2024\/01\/kraapimispost-seinale-125014.jpg\",\"datePublished\":\"2024-01-05T09:33:52+00:00\",\"dateModified\":\"2026-01-07T18:54:52+00:00\",\"breadcrumb\":{\"@id\":\"https:\/\/miumjau.ee\/lt\/toode\/sieninis-draskymo-stulpas-petrebels-climb-1250-rudinto-azuolo-spalvos\/#breadcrumb\"},\"inLanguage\":\"lt-LT\",\"potentialAction\":[{\"@type\":\"ReadAction\",\"target\":[\"https:\/\/miumjau.ee\/lt\/toode\/sieninis-draskymo-stulpas-petrebels-climb-1250-rudinto-azuolo-spalvos\/\"]}]},{\"@type\":\"ImageObject\",\"inLanguage\":\"lt-LT\",\"@id\":\"https:\/\/miumjau.ee\/lt\/toode\/sieninis-draskymo-stulpas-petrebels-climb-1250-rudinto-azuolo-spalvos\/#primaryimage\",\"url\":\"https:\/\/miumjau.ee\/wp-content\/uploads\/2024\/01\/kraapimispost-seinale-125014.jpg\",\"contentUrl\":\"https:\/\/miumjau.ee\/wp-content\/uploads\/2024\/01\/kraapimispost-seinale-125014.jpg\",\"width\":600,\"height\":800,\"caption\":\"Kraapimispost seinale 1250\"},{\"@type\":\"BreadcrumbList\",\"@id\":\"https:\/\/miumjau.ee\/lt\/toode\/sieninis-draskymo-stulpas-petrebels-climb-1250-rudinto-azuolo-spalvos\/#breadcrumb\",\"itemListElement\":[{\"@type\":\"ListItem\",\"position\":1,\"name\":\"Home\",\"item\":\"https:\/\/miumjau.ee\/lt\/\"},{\"@type\":\"ListItem\",\"position\":2,\"name\":\"Parduotuv\u0117\",\"item\":\"https:\/\/miumjau.ee\/lt\/parduotuve\/\"},{\"@type\":\"ListItem\",\"position\":3,\"name\":\"Sieninis draskymo stulpas Petrebels Climb 1250, r\u016bdinto \u0105\u017euolo spalvos\"}]},{\"@type\":\"WebSite\",\"@id\":\"https:\/\/miumjau.ee\/#website\",\"url\":\"https:\/\/miumjau.ee\/\",\"name\":\"MiuMjau\",\"description\":\"Kraapimispuud kassidele\",\"publisher\":{\"@id\":\"https:\/\/miumjau.ee\/#organization\"},\"potentialAction\":[{\"@type\":\"SearchAction\",\"target\":{\"@type\":\"EntryPoint\",\"urlTemplate\":\"https:\/\/miumjau.ee\/?s={search_term_string}\"},\"query-input\":{\"@type\":\"PropertyValueSpecification\",\"valueRequired\":true,\"valueName\":\"search_term_string\"}}],\"inLanguage\":\"lt-LT\"},{\"@type\":\"Organization\",\"@id\":\"https:\/\/miumjau.ee\/#organization\",\"name\":\"MiuMjau O\u00dc\",\"url\":\"https:\/\/miumjau.ee\/\",\"logo\":{\"@type\":\"ImageObject\",\"inLanguage\":\"lt-LT\",\"@id\":\"https:\/\/miumjau.ee\/#\/schema\/logo\/image\/\",\"url\":\"https:\/\/miumjau.ee\/wp-content\/uploads\/2022\/04\/MiuMjau-logo-kollane.png\",\"contentUrl\":\"https:\/\/miumjau.ee\/wp-content\/uploads\/2022\/04\/MiuMjau-logo-kollane.png\",\"width\":219,\"height\":100,\"caption\":\"MiuMjau O\u00dc\"},\"image\":{\"@id\":\"https:\/\/miumjau.ee\/#\/schema\/logo\/image\/\"},\"sameAs\":[\"https:\/\/www.facebook.com\/miumjaupood\/\"]}]}<\/script>\n<!-- \/ Yoast SEO plugin. -->","yoast_head_json":{"title":"Sieninis draskymo stulpas Petrebels Climb 1250, r\u016bdinto \u0105\u017euolo spalvos - MiuMjau","robots":{"index":"index","follow":"follow","max-snippet":"max-snippet:-1","max-image-preview":"max-image-preview:large","max-video-preview":"max-video-preview:-1"},"canonical":"https:\/\/miumjau.ee\/lt\/toode\/sieninis-draskymo-stulpas-petrebels-climb-1250-rudinto-azuolo-spalvos\/","og_locale":"lt_LT","og_type":"article","og_title":"Sieninis draskymo stulpas Petrebels Climb 1250, r\u016bdinto \u0105\u017euolo spalvos - MiuMjau","og_description":"Sieninis draskymo stulpas Climb 1250 i\u0161 PetRebels \u2013 auk\u0161tos kokyb\u0117s produktas, kuris patenkins j\u016bs\u0173 kat\u0117s draskymo poreikius! \u0160ie stulpai si\u016blomi trij\u0173 skirting\u0173 ilgi\u0173 ir diametr\u0173. Sujungiant kelis elementus, galima sukurti ilg\u0105 draskymo ar laipiojimo stulp\u0105, kuris veda, pavyzd\u017eiui, iki auk\u0161\u010diau esan\u010dio guolio. Visus elementus galima derinti pagal poreikius \u2013 fantazijai n\u0117ra rib\u0173! Climb 1250 yra Wall of Rebels kolekcijos dalis \u2013 miel\u0173 ir funkcionali\u0173 produkt\u0173 serijos, skirtos j\u016bs\u0173 kat\u0117s sienai. Stulpas tvirtinamas horizontaliai arba vertikaliai, puikiai tinka draskymui (o kat\u0117s tai m\u0117gsta!). Be to, j\u012f galima naudoti kaip jungiam\u0105j\u012f element\u0105 tarp kit\u0173 produkt\u0173, pvz., tarp Lazy 50 ir Scratch. Po piet\u0173 miego j\u016bs\u0173 kat\u0117 gal\u0117s i\u0161kart i\u0161sitiesti ir pasidraskyti! Papildykite savo sien\u0105 kreivu guoliu Curve 70 ir sukurkite \u012fdom\u0173 tilt\u0105, kop\u0117\u010dias ar net Box Bag tunel\u012f. Komplekte \u2013 paruo\u0161tas rinkinys su tvirtinimo detal\u0117mis.  Norint sukurti ilgesn\u012f draskymo stulp\u0105, galima \u012fsigyti papildom\u0173 element\u0173.  Matmenys \u2013 skersmuo 12 cm, ilgis 50 cm.  Pagamintas i\u0161 tvirtos eukalipto medienos.","og_url":"https:\/\/miumjau.ee\/lt\/toode\/sieninis-draskymo-stulpas-petrebels-climb-1250-rudinto-azuolo-spalvos\/","og_site_name":"MiuMjau","article_publisher":"https:\/\/www.facebook.com\/miumjaupood\/","article_modified_time":"2026-01-07T18:54:52+00:00","og_image":[{"width":600,"height":800,"url":"https:\/\/miumjau.ee\/wp-content\/uploads\/2024\/01\/kraapimispost-seinale-125014.jpg","type":"image\/jpeg"}],"twitter_card":"summary_large_image","schema":{"@context":"https:\/\/schema.org","@graph":[{"@type":"WebPage","@id":"https:\/\/miumjau.ee\/lt\/toode\/sieninis-draskymo-stulpas-petrebels-climb-1250-rudinto-azuolo-spalvos\/","url":"https:\/\/miumjau.ee\/lt\/toode\/sieninis-draskymo-stulpas-petrebels-climb-1250-rudinto-azuolo-spalvos\/","name":"Sieninis draskymo stulpas Petrebels Climb 1250, r\u016bdinto \u0105\u017euolo spalvos - MiuMjau","isPartOf":{"@id":"https:\/\/miumjau.ee\/#website"},"primaryImageOfPage":{"@id":"https:\/\/miumjau.ee\/lt\/toode\/sieninis-draskymo-stulpas-petrebels-climb-1250-rudinto-azuolo-spalvos\/#primaryimage"},"image":{"@id":"https:\/\/miumjau.ee\/lt\/toode\/sieninis-draskymo-stulpas-petrebels-climb-1250-rudinto-azuolo-spalvos\/#primaryimage"},"thumbnailUrl":"https:\/\/miumjau.ee\/wp-content\/uploads\/2024\/01\/kraapimispost-seinale-125014.jpg","datePublished":"2024-01-05T09:33:52+00:00","dateModified":"2026-01-07T18:54:52+00:00","breadcrumb":{"@id":"https:\/\/miumjau.ee\/lt\/toode\/sieninis-draskymo-stulpas-petrebels-climb-1250-rudinto-azuolo-spalvos\/#breadcrumb"},"inLanguage":"lt-LT","potentialAction":[{"@type":"ReadAction","target":["https:\/\/miumjau.ee\/lt\/toode\/sieninis-draskymo-stulpas-petrebels-climb-1250-rudinto-azuolo-spalvos\/"]}]},{"@type":"ImageObject","inLanguage":"lt-LT","@id":"https:\/\/miumjau.ee\/lt\/toode\/sieninis-draskymo-stulpas-petrebels-climb-1250-rudinto-azuolo-spalvos\/#primaryimage","url":"https:\/\/miumjau.ee\/wp-content\/uploads\/2024\/01\/kraapimispost-seinale-125014.jpg","contentUrl":"https:\/\/miumjau.ee\/wp-content\/uploads\/2024\/01\/kraapimispost-seinale-125014.jpg","width":600,"height":800,"caption":"Kraapimispost seinale 1250"},{"@type":"BreadcrumbList","@id":"https:\/\/miumjau.ee\/lt\/toode\/sieninis-draskymo-stulpas-petrebels-climb-1250-rudinto-azuolo-spalvos\/#breadcrumb","itemListElement":[{"@type":"ListItem","position":1,"name":"Home","item":"https:\/\/miumjau.ee\/lt\/"},{"@type":"ListItem","position":2,"name":"Parduotuv\u0117","item":"https:\/\/miumjau.ee\/lt\/parduotuve\/"},{"@type":"ListItem","position":3,"name":"Sieninis draskymo stulpas Petrebels Climb 1250, r\u016bdinto \u0105\u017euolo spalvos"}]},{"@type":"WebSite","@id":"https:\/\/miumjau.ee\/#website","url":"https:\/\/miumjau.ee\/","name":"MiuMjau","description":"Kraapimispuud kassidele","publisher":{"@id":"https:\/\/miumjau.ee\/#organization"},"potentialAction":[{"@type":"SearchAction","target":{"@type":"EntryPoint","urlTemplate":"https:\/\/miumjau.ee\/?s={search_term_string}"},"query-input":{"@type":"PropertyValueSpecification","valueRequired":true,"valueName":"search_term_string"}}],"inLanguage":"lt-LT"},{"@type":"Organization","@id":"https:\/\/miumjau.ee\/#organization","name":"MiuMjau O\u00dc","url":"https:\/\/miumjau.ee\/","logo":{"@type":"ImageObject","inLanguage":"lt-LT","@id":"https:\/\/miumjau.ee\/#\/schema\/logo\/image\/","url":"https:\/\/miumjau.ee\/wp-content\/uploads\/2022\/04\/MiuMjau-logo-kollane.png","contentUrl":"https:\/\/miumjau.ee\/wp-content\/uploads\/2022\/04\/MiuMjau-logo-kollane.png","width":219,"height":100,"caption":"MiuMjau O\u00dc"},"image":{"@id":"https:\/\/miumjau.ee\/#\/schema\/logo\/image\/"},"sameAs":["https:\/\/www.facebook.com\/miumjaupood\/"]}]}},"_links":{"self":[{"href":"https:\/\/miumjau.ee\/lt\/wp-json\/wp\/v2\/product\/41068","targetHints":{"allow":["GET"]}}],"collection":[{"href":"https:\/\/miumjau.ee\/lt\/wp-json\/wp\/v2\/product"}],"about":[{"href":"https:\/\/miumjau.ee\/lt\/wp-json\/wp\/v2\/types\/product"}],"wp:featuredmedia":[{"embeddable":true,"href":"https:\/\/miumjau.ee\/lt\/wp-json\/wp\/v2\/media\/41817"}],"wp:attachment":[{"href":"https:\/\/miumjau.ee\/lt\/wp-json\/wp\/v2\/media?parent=41068"}],"wp:term":[{"taxonomy":"product_brand","embeddable":true,"href":"https:\/\/miumjau.ee\/lt\/wp-json\/wp\/v2\/product_brand?post=41068"},{"taxonomy":"product_cat","embeddable":true,"href":"https:\/\/miumjau.ee\/lt\/wp-json\/wp\/v2\/product_cat?post=41068"},{"taxonomy":"product_tag","embeddable":true,"href":"https:\/\/miumjau.ee\/lt\/wp-json\/wp\/v2\/product_tag?post=41068"}],"curies":[{"name":"wp","href":"https:\/\/api.w.org\/{rel}","templated":true}]}}