{"id":41066,"date":"2024-01-05T11:01:22","date_gmt":"2024-01-05T09:01:22","guid":{"rendered":"https:\/\/miumjau.ee\/toode\/sienine-lova-petrebels-hang-round-1548-venge-spalvos\/"},"modified":"2026-01-07T20:54:52","modified_gmt":"2026-01-07T18:54:52","slug":"sienine-lova-petrebels-hang-round-1548-venge-spalvos","status":"publish","type":"product","link":"https:\/\/miumjau.ee\/lt\/produktas\/sienine-lova-petrebels-hang-round-1548-venge-spalvos\/","title":{"rendered":"Sienin\u0117 lova Petrebels Hang Round 1548, venge spalvos"},"content":{"rendered":"","protected":false},"excerpt":{"rendered":"<p>Kat\u0117s guolio modelis 1548 i\u0161 PetRebels skirtas tvirtinimui prie sienos ir priklauso did\u017eiajai Wall of Rebels kolekcijai. Naudokite vaizduot\u0119 ir sukurkite savo katei svajoni\u0173 laipiojimo sien\u0105 \u2013 pasirinkdami elementus, kurie jums patinka ir j\u016bs\u0173 katei yra naudingi bei \u012fdom\u016bs.<\/p>\n<p>\u0160io modelio privalumas \u2013 u\u017etrauktuku nuimamas ir skalbiamas u\u017evalkalas, kuris prailgina produkto tarnavimo laik\u0105. Kat\u0117s m\u0117gsta ils\u0117tis mink\u0161tuose guoliuose. Kam u\u017eimti grind\u0173 plot\u0105, jei galima ant sienos \u012frengti tikr\u0105 nuotyki\u0173 park\u0105 su \u012fvairiais elementais? \u012esitikinkite, kad j\u016bs\u0173 kat\u0117 lengvai pasieks savo guol\u012f \u2013 tam naudokite papildomus laiptelius, kop\u0117\u010dias ar rampas.<\/p>\n<p>Matmenys \u2013 skersmuo 48 cm, auk\u0161tis 6 cm.<br \/>\nKomplekte yra Disc 15 ir Hold 15 tvirtinimui prie sienos.<br \/>\nVisos reikalingos montavimo detal\u0117s yra komplekte!<\/p>\n","protected":false},"featured_media":41812,"template":"","meta":[],"product_brand":[],"product_cat":[517,524],"product_tag":[],"class_list":{"0":"post-41066","1":"product","2":"type-product","3":"status-publish","4":"has-post-thumbnail","6":"product_cat-laipiojimo-sienele-katems","7":"product_cat-kaup24-lt","8":"product_shipping_class-pakiautomaati-sobimatu-lt","10":"first","11":"instock","12":"sale","13":"taxable","14":"shipping-taxable","15":"purchasable","16":"product-type-simple"},"yoast_head":"<!-- This site is optimized with the Yoast SEO plugin v27.2 - https:\/\/yoast.com\/product\/yoast-seo-wordpress\/ -->\n<title>Sienin\u0117 lova Petrebels Hang Round 1548, venge spalvos - MiuMjau<\/title>\n<meta name=\"robots\" content=\"index, follow, max-snippet:-1, max-image-preview:large, max-video-preview:-1\" \/>\n<link rel=\"canonical\" href=\"https:\/\/miumjau.ee\/lt\/toode\/sienine-lova-petrebels-hang-round-1548-venge-spalvos\/\" \/>\n<meta property=\"og:locale\" content=\"lt_LT\" \/>\n<meta property=\"og:type\" content=\"article\" \/>\n<meta property=\"og:title\" content=\"Sienin\u0117 lova Petrebels Hang Round 1548, venge spalvos - MiuMjau\" \/>\n<meta property=\"og:description\" content=\"Kat\u0117s guolio modelis 1548 i\u0161 PetRebels skirtas tvirtinimui prie sienos ir priklauso did\u017eiajai Wall of Rebels kolekcijai. Naudokite vaizduot\u0119 ir sukurkite savo katei svajoni\u0173 laipiojimo sien\u0105 \u2013 pasirinkdami elementus, kurie jums patinka ir j\u016bs\u0173 katei yra naudingi bei \u012fdom\u016bs. \u0160io modelio privalumas \u2013 u\u017etrauktuku nuimamas ir skalbiamas u\u017evalkalas, kuris prailgina produkto tarnavimo laik\u0105. Kat\u0117s m\u0117gsta ils\u0117tis mink\u0161tuose guoliuose. Kam u\u017eimti grind\u0173 plot\u0105, jei galima ant sienos \u012frengti tikr\u0105 nuotyki\u0173 park\u0105 su \u012fvairiais elementais? \u012esitikinkite, kad j\u016bs\u0173 kat\u0117 lengvai pasieks savo guol\u012f \u2013 tam naudokite papildomus laiptelius, kop\u0117\u010dias ar rampas. Matmenys \u2013 skersmuo 48 cm, auk\u0161tis 6 cm.  Komplekte yra Disc 15 ir Hold 15 tvirtinimui prie sienos.  Visos reikalingos montavimo detal\u0117s yra komplekte!\" \/>\n<meta property=\"og:url\" content=\"https:\/\/miumjau.ee\/lt\/toode\/sienine-lova-petrebels-hang-round-1548-venge-spalvos\/\" \/>\n<meta property=\"og:site_name\" content=\"MiuMjau\" \/>\n<meta property=\"article:publisher\" content=\"https:\/\/www.facebook.com\/miumjaupood\/\" \/>\n<meta property=\"article:modified_time\" content=\"2026-01-07T18:54:52+00:00\" \/>\n<meta property=\"og:image\" content=\"https:\/\/miumjau.ee\/wp-content\/uploads\/2024\/01\/kassi-pesa-hang-round-154819.jpg\" \/>\n\t<meta property=\"og:image:width\" content=\"600\" \/>\n\t<meta property=\"og:image:height\" content=\"800\" \/>\n\t<meta property=\"og:image:type\" content=\"image\/jpeg\" \/>\n<meta name=\"twitter:card\" content=\"summary_large_image\" \/>\n<script type=\"application\/ld+json\" class=\"yoast-schema-graph\">{\"@context\":\"https:\/\/schema.org\",\"@graph\":[{\"@type\":\"WebPage\",\"@id\":\"https:\/\/miumjau.ee\/lt\/toode\/sienine-lova-petrebels-hang-round-1548-venge-spalvos\/\",\"url\":\"https:\/\/miumjau.ee\/lt\/toode\/sienine-lova-petrebels-hang-round-1548-venge-spalvos\/\",\"name\":\"Sienin\u0117 lova Petrebels Hang Round 1548, venge spalvos - MiuMjau\",\"isPartOf\":{\"@id\":\"https:\/\/miumjau.ee\/#website\"},\"primaryImageOfPage\":{\"@id\":\"https:\/\/miumjau.ee\/lt\/toode\/sienine-lova-petrebels-hang-round-1548-venge-spalvos\/#primaryimage\"},\"image\":{\"@id\":\"https:\/\/miumjau.ee\/lt\/toode\/sienine-lova-petrebels-hang-round-1548-venge-spalvos\/#primaryimage\"},\"thumbnailUrl\":\"https:\/\/miumjau.ee\/wp-content\/uploads\/2024\/01\/kassi-pesa-hang-round-154819.jpg\",\"datePublished\":\"2024-01-05T09:01:22+00:00\",\"dateModified\":\"2026-01-07T18:54:52+00:00\",\"breadcrumb\":{\"@id\":\"https:\/\/miumjau.ee\/lt\/toode\/sienine-lova-petrebels-hang-round-1548-venge-spalvos\/#breadcrumb\"},\"inLanguage\":\"lt-LT\",\"potentialAction\":[{\"@type\":\"ReadAction\",\"target\":[\"https:\/\/miumjau.ee\/lt\/toode\/sienine-lova-petrebels-hang-round-1548-venge-spalvos\/\"]}]},{\"@type\":\"ImageObject\",\"inLanguage\":\"lt-LT\",\"@id\":\"https:\/\/miumjau.ee\/lt\/toode\/sienine-lova-petrebels-hang-round-1548-venge-spalvos\/#primaryimage\",\"url\":\"https:\/\/miumjau.ee\/wp-content\/uploads\/2024\/01\/kassi-pesa-hang-round-154819.jpg\",\"contentUrl\":\"https:\/\/miumjau.ee\/wp-content\/uploads\/2024\/01\/kassi-pesa-hang-round-154819.jpg\",\"width\":600,\"height\":800,\"caption\":\"Kassi pesa seinale 1548, \u00fcmar,\"},{\"@type\":\"BreadcrumbList\",\"@id\":\"https:\/\/miumjau.ee\/lt\/toode\/sienine-lova-petrebels-hang-round-1548-venge-spalvos\/#breadcrumb\",\"itemListElement\":[{\"@type\":\"ListItem\",\"position\":1,\"name\":\"Home\",\"item\":\"https:\/\/miumjau.ee\/lt\/\"},{\"@type\":\"ListItem\",\"position\":2,\"name\":\"Parduotuv\u0117\",\"item\":\"https:\/\/miumjau.ee\/lt\/parduotuve\/\"},{\"@type\":\"ListItem\",\"position\":3,\"name\":\"Sienin\u0117 lova Petrebels Hang Round 1548, venge spalvos\"}]},{\"@type\":\"WebSite\",\"@id\":\"https:\/\/miumjau.ee\/#website\",\"url\":\"https:\/\/miumjau.ee\/\",\"name\":\"MiuMjau\",\"description\":\"Kraapimispuud kassidele\",\"publisher\":{\"@id\":\"https:\/\/miumjau.ee\/#organization\"},\"potentialAction\":[{\"@type\":\"SearchAction\",\"target\":{\"@type\":\"EntryPoint\",\"urlTemplate\":\"https:\/\/miumjau.ee\/?s={search_term_string}\"},\"query-input\":{\"@type\":\"PropertyValueSpecification\",\"valueRequired\":true,\"valueName\":\"search_term_string\"}}],\"inLanguage\":\"lt-LT\"},{\"@type\":\"Organization\",\"@id\":\"https:\/\/miumjau.ee\/#organization\",\"name\":\"MiuMjau O\u00dc\",\"url\":\"https:\/\/miumjau.ee\/\",\"logo\":{\"@type\":\"ImageObject\",\"inLanguage\":\"lt-LT\",\"@id\":\"https:\/\/miumjau.ee\/#\/schema\/logo\/image\/\",\"url\":\"https:\/\/miumjau.ee\/wp-content\/uploads\/2022\/04\/MiuMjau-logo-kollane.png\",\"contentUrl\":\"https:\/\/miumjau.ee\/wp-content\/uploads\/2022\/04\/MiuMjau-logo-kollane.png\",\"width\":219,\"height\":100,\"caption\":\"MiuMjau O\u00dc\"},\"image\":{\"@id\":\"https:\/\/miumjau.ee\/#\/schema\/logo\/image\/\"},\"sameAs\":[\"https:\/\/www.facebook.com\/miumjaupood\/\"]}]}<\/script>\n<!-- \/ Yoast SEO plugin. -->","yoast_head_json":{"title":"Sienin\u0117 lova Petrebels Hang Round 1548, venge spalvos - MiuMjau","robots":{"index":"index","follow":"follow","max-snippet":"max-snippet:-1","max-image-preview":"max-image-preview:large","max-video-preview":"max-video-preview:-1"},"canonical":"https:\/\/miumjau.ee\/lt\/toode\/sienine-lova-petrebels-hang-round-1548-venge-spalvos\/","og_locale":"lt_LT","og_type":"article","og_title":"Sienin\u0117 lova Petrebels Hang Round 1548, venge spalvos - MiuMjau","og_description":"Kat\u0117s guolio modelis 1548 i\u0161 PetRebels skirtas tvirtinimui prie sienos ir priklauso did\u017eiajai Wall of Rebels kolekcijai. Naudokite vaizduot\u0119 ir sukurkite savo katei svajoni\u0173 laipiojimo sien\u0105 \u2013 pasirinkdami elementus, kurie jums patinka ir j\u016bs\u0173 katei yra naudingi bei \u012fdom\u016bs. \u0160io modelio privalumas \u2013 u\u017etrauktuku nuimamas ir skalbiamas u\u017evalkalas, kuris prailgina produkto tarnavimo laik\u0105. Kat\u0117s m\u0117gsta ils\u0117tis mink\u0161tuose guoliuose. Kam u\u017eimti grind\u0173 plot\u0105, jei galima ant sienos \u012frengti tikr\u0105 nuotyki\u0173 park\u0105 su \u012fvairiais elementais? \u012esitikinkite, kad j\u016bs\u0173 kat\u0117 lengvai pasieks savo guol\u012f \u2013 tam naudokite papildomus laiptelius, kop\u0117\u010dias ar rampas. Matmenys \u2013 skersmuo 48 cm, auk\u0161tis 6 cm.  Komplekte yra Disc 15 ir Hold 15 tvirtinimui prie sienos.  Visos reikalingos montavimo detal\u0117s yra komplekte!","og_url":"https:\/\/miumjau.ee\/lt\/toode\/sienine-lova-petrebels-hang-round-1548-venge-spalvos\/","og_site_name":"MiuMjau","article_publisher":"https:\/\/www.facebook.com\/miumjaupood\/","article_modified_time":"2026-01-07T18:54:52+00:00","og_image":[{"width":600,"height":800,"url":"https:\/\/miumjau.ee\/wp-content\/uploads\/2024\/01\/kassi-pesa-hang-round-154819.jpg","type":"image\/jpeg"}],"twitter_card":"summary_large_image","schema":{"@context":"https:\/\/schema.org","@graph":[{"@type":"WebPage","@id":"https:\/\/miumjau.ee\/lt\/toode\/sienine-lova-petrebels-hang-round-1548-venge-spalvos\/","url":"https:\/\/miumjau.ee\/lt\/toode\/sienine-lova-petrebels-hang-round-1548-venge-spalvos\/","name":"Sienin\u0117 lova Petrebels Hang Round 1548, venge spalvos - MiuMjau","isPartOf":{"@id":"https:\/\/miumjau.ee\/#website"},"primaryImageOfPage":{"@id":"https:\/\/miumjau.ee\/lt\/toode\/sienine-lova-petrebels-hang-round-1548-venge-spalvos\/#primaryimage"},"image":{"@id":"https:\/\/miumjau.ee\/lt\/toode\/sienine-lova-petrebels-hang-round-1548-venge-spalvos\/#primaryimage"},"thumbnailUrl":"https:\/\/miumjau.ee\/wp-content\/uploads\/2024\/01\/kassi-pesa-hang-round-154819.jpg","datePublished":"2024-01-05T09:01:22+00:00","dateModified":"2026-01-07T18:54:52+00:00","breadcrumb":{"@id":"https:\/\/miumjau.ee\/lt\/toode\/sienine-lova-petrebels-hang-round-1548-venge-spalvos\/#breadcrumb"},"inLanguage":"lt-LT","potentialAction":[{"@type":"ReadAction","target":["https:\/\/miumjau.ee\/lt\/toode\/sienine-lova-petrebels-hang-round-1548-venge-spalvos\/"]}]},{"@type":"ImageObject","inLanguage":"lt-LT","@id":"https:\/\/miumjau.ee\/lt\/toode\/sienine-lova-petrebels-hang-round-1548-venge-spalvos\/#primaryimage","url":"https:\/\/miumjau.ee\/wp-content\/uploads\/2024\/01\/kassi-pesa-hang-round-154819.jpg","contentUrl":"https:\/\/miumjau.ee\/wp-content\/uploads\/2024\/01\/kassi-pesa-hang-round-154819.jpg","width":600,"height":800,"caption":"Kassi pesa seinale 1548, \u00fcmar,"},{"@type":"BreadcrumbList","@id":"https:\/\/miumjau.ee\/lt\/toode\/sienine-lova-petrebels-hang-round-1548-venge-spalvos\/#breadcrumb","itemListElement":[{"@type":"ListItem","position":1,"name":"Home","item":"https:\/\/miumjau.ee\/lt\/"},{"@type":"ListItem","position":2,"name":"Parduotuv\u0117","item":"https:\/\/miumjau.ee\/lt\/parduotuve\/"},{"@type":"ListItem","position":3,"name":"Sienin\u0117 lova Petrebels Hang Round 1548, venge spalvos"}]},{"@type":"WebSite","@id":"https:\/\/miumjau.ee\/#website","url":"https:\/\/miumjau.ee\/","name":"MiuMjau","description":"Kraapimispuud kassidele","publisher":{"@id":"https:\/\/miumjau.ee\/#organization"},"potentialAction":[{"@type":"SearchAction","target":{"@type":"EntryPoint","urlTemplate":"https:\/\/miumjau.ee\/?s={search_term_string}"},"query-input":{"@type":"PropertyValueSpecification","valueRequired":true,"valueName":"search_term_string"}}],"inLanguage":"lt-LT"},{"@type":"Organization","@id":"https:\/\/miumjau.ee\/#organization","name":"MiuMjau O\u00dc","url":"https:\/\/miumjau.ee\/","logo":{"@type":"ImageObject","inLanguage":"lt-LT","@id":"https:\/\/miumjau.ee\/#\/schema\/logo\/image\/","url":"https:\/\/miumjau.ee\/wp-content\/uploads\/2022\/04\/MiuMjau-logo-kollane.png","contentUrl":"https:\/\/miumjau.ee\/wp-content\/uploads\/2022\/04\/MiuMjau-logo-kollane.png","width":219,"height":100,"caption":"MiuMjau O\u00dc"},"image":{"@id":"https:\/\/miumjau.ee\/#\/schema\/logo\/image\/"},"sameAs":["https:\/\/www.facebook.com\/miumjaupood\/"]}]}},"_links":{"self":[{"href":"https:\/\/miumjau.ee\/lt\/wp-json\/wp\/v2\/product\/41066","targetHints":{"allow":["GET"]}}],"collection":[{"href":"https:\/\/miumjau.ee\/lt\/wp-json\/wp\/v2\/product"}],"about":[{"href":"https:\/\/miumjau.ee\/lt\/wp-json\/wp\/v2\/types\/product"}],"wp:featuredmedia":[{"embeddable":true,"href":"https:\/\/miumjau.ee\/lt\/wp-json\/wp\/v2\/media\/41812"}],"wp:attachment":[{"href":"https:\/\/miumjau.ee\/lt\/wp-json\/wp\/v2\/media?parent=41066"}],"wp:term":[{"taxonomy":"product_brand","embeddable":true,"href":"https:\/\/miumjau.ee\/lt\/wp-json\/wp\/v2\/product_brand?post=41066"},{"taxonomy":"product_cat","embeddable":true,"href":"https:\/\/miumjau.ee\/lt\/wp-json\/wp\/v2\/product_cat?post=41066"},{"taxonomy":"product_tag","embeddable":true,"href":"https:\/\/miumjau.ee\/lt\/wp-json\/wp\/v2\/product_tag?post=41066"}],"curies":[{"name":"wp","href":"https:\/\/api.w.org\/{rel}","templated":true}]}}