{"id":41062,"date":"2024-01-04T22:42:34","date_gmt":"2024-01-04T20:42:34","guid":{"rendered":"https:\/\/miumjau.ee\/toode\/sienine-lova-petrebels-box-60-venge-spalvos\/"},"modified":"2026-01-07T20:54:59","modified_gmt":"2026-01-07T18:54:59","slug":"sienine-lova-petrebels-box-60-venge-spalvos","status":"publish","type":"product","link":"https:\/\/miumjau.ee\/lt\/produktas\/sienine-lova-petrebels-box-60-venge-spalvos\/","title":{"rendered":"Sienin\u0117 lova Petrebels Box 60, venge spalvos"},"content":{"rendered":"","protected":false},"excerpt":{"rendered":"<p>Tvirtas sieninis kat\u0117s guolis<\/p>\n<p>Kat\u0117s dievina d\u0117\u017ees \u2013 b\u016btent nuo \u0161ios id\u0117jos prasid\u0117jo m\u016bs\u0173 modelis Box 60. Tai pakabinamas sieninis guolis, erdvus ir patogus, kuriame kiekviena kat\u0117 svajoja apie sald\u0173 mieg\u0105. Be to, guolio vir\u0161us padengtas tvirtu sizalio kilimu \u2013 puikiai tinka draskymui! Box 60 priklauso Wall of Rebels kolekcijai, kurioje rasite daugyb\u0119 puiki\u0173 produkt\u0173 kat\u0117ms \u2013 miegui, \u017eaidimams, laipiojimui, b\u0117giojimui ir draskymui. Visi elementai gali b\u016bti derinami be galo. Sujunkite miego vietas su tiltais Bridge arba Scratch 70 modeliais, o gal net su kop\u0117\u010diomis.<\/p>\n<p>Matmenys \u2013 ilgis 60 cm, plotis 35 cm, auk\u0161tis 35 cm.<br \/>\nProdukto svoris \u2013 8 kg.<br \/>\nGuolis pagamintas i\u0161 lenkto eukalipto faneros, vir\u0161us padengtas sizalio kilimu.<br \/>\nPagalv\u0117l\u0117 4 cm storio, skalbiama, tvirtinama spaud\u0117mis.<br \/>\nTvirtinamas prie sienos tvirta Z formos strypu (pridedama).<\/p>\n","protected":false},"featured_media":41780,"template":"","meta":[],"product_brand":[],"product_cat":[517,524],"product_tag":[],"class_list":{"0":"post-41062","1":"product","2":"type-product","3":"status-publish","4":"has-post-thumbnail","6":"product_cat-laipiojimo-sienele-katems","7":"product_cat-kaup24-lt","8":"product_shipping_class-pakiautomaati-sobimatu-lt","10":"first","11":"instock","12":"sale","13":"taxable","14":"shipping-taxable","15":"purchasable","16":"product-type-simple"},"yoast_head":"<!-- This site is optimized with the Yoast SEO plugin v27.2 - https:\/\/yoast.com\/product\/yoast-seo-wordpress\/ -->\n<title>Sienin\u0117 lova Petrebels Box 60, venge spalvos - MiuMjau<\/title>\n<meta name=\"robots\" content=\"index, follow, max-snippet:-1, max-image-preview:large, max-video-preview:-1\" \/>\n<link rel=\"canonical\" href=\"https:\/\/miumjau.ee\/lt\/toode\/sienine-lova-petrebels-box-60-venge-spalvos\/\" \/>\n<meta property=\"og:locale\" content=\"lt_LT\" \/>\n<meta property=\"og:type\" content=\"article\" \/>\n<meta property=\"og:title\" content=\"Sienin\u0117 lova Petrebels Box 60, venge spalvos - MiuMjau\" \/>\n<meta property=\"og:description\" content=\"Tvirtas sieninis kat\u0117s guolis Kat\u0117s dievina d\u0117\u017ees \u2013 b\u016btent nuo \u0161ios id\u0117jos prasid\u0117jo m\u016bs\u0173 modelis Box 60. Tai pakabinamas sieninis guolis, erdvus ir patogus, kuriame kiekviena kat\u0117 svajoja apie sald\u0173 mieg\u0105. Be to, guolio vir\u0161us padengtas tvirtu sizalio kilimu \u2013 puikiai tinka draskymui! Box 60 priklauso Wall of Rebels kolekcijai, kurioje rasite daugyb\u0119 puiki\u0173 produkt\u0173 kat\u0117ms \u2013 miegui, \u017eaidimams, laipiojimui, b\u0117giojimui ir draskymui. Visi elementai gali b\u016bti derinami be galo. Sujunkite miego vietas su tiltais Bridge arba Scratch 70 modeliais, o gal net su kop\u0117\u010diomis. Matmenys \u2013 ilgis 60 cm, plotis 35 cm, auk\u0161tis 35 cm.  Produkto svoris \u2013 8 kg.  Guolis pagamintas i\u0161 lenkto eukalipto faneros, vir\u0161us padengtas sizalio kilimu.  Pagalv\u0117l\u0117 4 cm storio, skalbiama, tvirtinama spaud\u0117mis.  Tvirtinamas prie sienos tvirta Z formos strypu (pridedama).\" \/>\n<meta property=\"og:url\" content=\"https:\/\/miumjau.ee\/lt\/toode\/sienine-lova-petrebels-box-60-venge-spalvos\/\" \/>\n<meta property=\"og:site_name\" content=\"MiuMjau\" \/>\n<meta property=\"article:publisher\" content=\"https:\/\/www.facebook.com\/miumjaupood\/\" \/>\n<meta property=\"article:modified_time\" content=\"2026-01-07T18:54:59+00:00\" \/>\n<meta property=\"og:image\" content=\"https:\/\/miumjau.ee\/wp-content\/uploads\/2023\/12\/seinakinnitusega-pesa-box604.jpg\" \/>\n\t<meta property=\"og:image:width\" content=\"600\" \/>\n\t<meta property=\"og:image:height\" content=\"800\" \/>\n\t<meta property=\"og:image:type\" content=\"image\/jpeg\" \/>\n<meta name=\"twitter:card\" content=\"summary_large_image\" \/>\n<script type=\"application\/ld+json\" class=\"yoast-schema-graph\">{\"@context\":\"https:\/\/schema.org\",\"@graph\":[{\"@type\":\"WebPage\",\"@id\":\"https:\/\/miumjau.ee\/lt\/toode\/sienine-lova-petrebels-box-60-venge-spalvos\/\",\"url\":\"https:\/\/miumjau.ee\/lt\/toode\/sienine-lova-petrebels-box-60-venge-spalvos\/\",\"name\":\"Sienin\u0117 lova Petrebels Box 60, venge spalvos - MiuMjau\",\"isPartOf\":{\"@id\":\"https:\/\/miumjau.ee\/#website\"},\"primaryImageOfPage\":{\"@id\":\"https:\/\/miumjau.ee\/lt\/toode\/sienine-lova-petrebels-box-60-venge-spalvos\/#primaryimage\"},\"image\":{\"@id\":\"https:\/\/miumjau.ee\/lt\/toode\/sienine-lova-petrebels-box-60-venge-spalvos\/#primaryimage\"},\"thumbnailUrl\":\"https:\/\/miumjau.ee\/wp-content\/uploads\/2023\/12\/seinakinnitusega-pesa-box604.jpg\",\"datePublished\":\"2024-01-04T20:42:34+00:00\",\"dateModified\":\"2026-01-07T18:54:59+00:00\",\"breadcrumb\":{\"@id\":\"https:\/\/miumjau.ee\/lt\/toode\/sienine-lova-petrebels-box-60-venge-spalvos\/#breadcrumb\"},\"inLanguage\":\"lt-LT\",\"potentialAction\":[{\"@type\":\"ReadAction\",\"target\":[\"https:\/\/miumjau.ee\/lt\/toode\/sienine-lova-petrebels-box-60-venge-spalvos\/\"]}]},{\"@type\":\"ImageObject\",\"inLanguage\":\"lt-LT\",\"@id\":\"https:\/\/miumjau.ee\/lt\/toode\/sienine-lova-petrebels-box-60-venge-spalvos\/#primaryimage\",\"url\":\"https:\/\/miumjau.ee\/wp-content\/uploads\/2023\/12\/seinakinnitusega-pesa-box604.jpg\",\"contentUrl\":\"https:\/\/miumjau.ee\/wp-content\/uploads\/2023\/12\/seinakinnitusega-pesa-box604.jpg\",\"width\":600,\"height\":800,\"caption\":\"Pesa seinale Box 60 PETREBELS, wenge\"},{\"@type\":\"BreadcrumbList\",\"@id\":\"https:\/\/miumjau.ee\/lt\/toode\/sienine-lova-petrebels-box-60-venge-spalvos\/#breadcrumb\",\"itemListElement\":[{\"@type\":\"ListItem\",\"position\":1,\"name\":\"Home\",\"item\":\"https:\/\/miumjau.ee\/lt\/\"},{\"@type\":\"ListItem\",\"position\":2,\"name\":\"Parduotuv\u0117\",\"item\":\"https:\/\/miumjau.ee\/lt\/parduotuve\/\"},{\"@type\":\"ListItem\",\"position\":3,\"name\":\"Sienin\u0117 lova Petrebels Box 60, venge spalvos\"}]},{\"@type\":\"WebSite\",\"@id\":\"https:\/\/miumjau.ee\/#website\",\"url\":\"https:\/\/miumjau.ee\/\",\"name\":\"MiuMjau\",\"description\":\"Kraapimispuud kassidele\",\"publisher\":{\"@id\":\"https:\/\/miumjau.ee\/#organization\"},\"potentialAction\":[{\"@type\":\"SearchAction\",\"target\":{\"@type\":\"EntryPoint\",\"urlTemplate\":\"https:\/\/miumjau.ee\/?s={search_term_string}\"},\"query-input\":{\"@type\":\"PropertyValueSpecification\",\"valueRequired\":true,\"valueName\":\"search_term_string\"}}],\"inLanguage\":\"lt-LT\"},{\"@type\":\"Organization\",\"@id\":\"https:\/\/miumjau.ee\/#organization\",\"name\":\"MiuMjau O\u00dc\",\"url\":\"https:\/\/miumjau.ee\/\",\"logo\":{\"@type\":\"ImageObject\",\"inLanguage\":\"lt-LT\",\"@id\":\"https:\/\/miumjau.ee\/#\/schema\/logo\/image\/\",\"url\":\"https:\/\/miumjau.ee\/wp-content\/uploads\/2022\/04\/MiuMjau-logo-kollane.png\",\"contentUrl\":\"https:\/\/miumjau.ee\/wp-content\/uploads\/2022\/04\/MiuMjau-logo-kollane.png\",\"width\":219,\"height\":100,\"caption\":\"MiuMjau O\u00dc\"},\"image\":{\"@id\":\"https:\/\/miumjau.ee\/#\/schema\/logo\/image\/\"},\"sameAs\":[\"https:\/\/www.facebook.com\/miumjaupood\/\"]}]}<\/script>\n<!-- \/ Yoast SEO plugin. -->","yoast_head_json":{"title":"Sienin\u0117 lova Petrebels Box 60, venge spalvos - MiuMjau","robots":{"index":"index","follow":"follow","max-snippet":"max-snippet:-1","max-image-preview":"max-image-preview:large","max-video-preview":"max-video-preview:-1"},"canonical":"https:\/\/miumjau.ee\/lt\/toode\/sienine-lova-petrebels-box-60-venge-spalvos\/","og_locale":"lt_LT","og_type":"article","og_title":"Sienin\u0117 lova Petrebels Box 60, venge spalvos - MiuMjau","og_description":"Tvirtas sieninis kat\u0117s guolis Kat\u0117s dievina d\u0117\u017ees \u2013 b\u016btent nuo \u0161ios id\u0117jos prasid\u0117jo m\u016bs\u0173 modelis Box 60. Tai pakabinamas sieninis guolis, erdvus ir patogus, kuriame kiekviena kat\u0117 svajoja apie sald\u0173 mieg\u0105. Be to, guolio vir\u0161us padengtas tvirtu sizalio kilimu \u2013 puikiai tinka draskymui! Box 60 priklauso Wall of Rebels kolekcijai, kurioje rasite daugyb\u0119 puiki\u0173 produkt\u0173 kat\u0117ms \u2013 miegui, \u017eaidimams, laipiojimui, b\u0117giojimui ir draskymui. Visi elementai gali b\u016bti derinami be galo. Sujunkite miego vietas su tiltais Bridge arba Scratch 70 modeliais, o gal net su kop\u0117\u010diomis. Matmenys \u2013 ilgis 60 cm, plotis 35 cm, auk\u0161tis 35 cm.  Produkto svoris \u2013 8 kg.  Guolis pagamintas i\u0161 lenkto eukalipto faneros, vir\u0161us padengtas sizalio kilimu.  Pagalv\u0117l\u0117 4 cm storio, skalbiama, tvirtinama spaud\u0117mis.  Tvirtinamas prie sienos tvirta Z formos strypu (pridedama).","og_url":"https:\/\/miumjau.ee\/lt\/toode\/sienine-lova-petrebels-box-60-venge-spalvos\/","og_site_name":"MiuMjau","article_publisher":"https:\/\/www.facebook.com\/miumjaupood\/","article_modified_time":"2026-01-07T18:54:59+00:00","og_image":[{"width":600,"height":800,"url":"https:\/\/miumjau.ee\/wp-content\/uploads\/2023\/12\/seinakinnitusega-pesa-box604.jpg","type":"image\/jpeg"}],"twitter_card":"summary_large_image","schema":{"@context":"https:\/\/schema.org","@graph":[{"@type":"WebPage","@id":"https:\/\/miumjau.ee\/lt\/toode\/sienine-lova-petrebels-box-60-venge-spalvos\/","url":"https:\/\/miumjau.ee\/lt\/toode\/sienine-lova-petrebels-box-60-venge-spalvos\/","name":"Sienin\u0117 lova Petrebels Box 60, venge spalvos - MiuMjau","isPartOf":{"@id":"https:\/\/miumjau.ee\/#website"},"primaryImageOfPage":{"@id":"https:\/\/miumjau.ee\/lt\/toode\/sienine-lova-petrebels-box-60-venge-spalvos\/#primaryimage"},"image":{"@id":"https:\/\/miumjau.ee\/lt\/toode\/sienine-lova-petrebels-box-60-venge-spalvos\/#primaryimage"},"thumbnailUrl":"https:\/\/miumjau.ee\/wp-content\/uploads\/2023\/12\/seinakinnitusega-pesa-box604.jpg","datePublished":"2024-01-04T20:42:34+00:00","dateModified":"2026-01-07T18:54:59+00:00","breadcrumb":{"@id":"https:\/\/miumjau.ee\/lt\/toode\/sienine-lova-petrebels-box-60-venge-spalvos\/#breadcrumb"},"inLanguage":"lt-LT","potentialAction":[{"@type":"ReadAction","target":["https:\/\/miumjau.ee\/lt\/toode\/sienine-lova-petrebels-box-60-venge-spalvos\/"]}]},{"@type":"ImageObject","inLanguage":"lt-LT","@id":"https:\/\/miumjau.ee\/lt\/toode\/sienine-lova-petrebels-box-60-venge-spalvos\/#primaryimage","url":"https:\/\/miumjau.ee\/wp-content\/uploads\/2023\/12\/seinakinnitusega-pesa-box604.jpg","contentUrl":"https:\/\/miumjau.ee\/wp-content\/uploads\/2023\/12\/seinakinnitusega-pesa-box604.jpg","width":600,"height":800,"caption":"Pesa seinale Box 60 PETREBELS, wenge"},{"@type":"BreadcrumbList","@id":"https:\/\/miumjau.ee\/lt\/toode\/sienine-lova-petrebels-box-60-venge-spalvos\/#breadcrumb","itemListElement":[{"@type":"ListItem","position":1,"name":"Home","item":"https:\/\/miumjau.ee\/lt\/"},{"@type":"ListItem","position":2,"name":"Parduotuv\u0117","item":"https:\/\/miumjau.ee\/lt\/parduotuve\/"},{"@type":"ListItem","position":3,"name":"Sienin\u0117 lova Petrebels Box 60, venge spalvos"}]},{"@type":"WebSite","@id":"https:\/\/miumjau.ee\/#website","url":"https:\/\/miumjau.ee\/","name":"MiuMjau","description":"Kraapimispuud kassidele","publisher":{"@id":"https:\/\/miumjau.ee\/#organization"},"potentialAction":[{"@type":"SearchAction","target":{"@type":"EntryPoint","urlTemplate":"https:\/\/miumjau.ee\/?s={search_term_string}"},"query-input":{"@type":"PropertyValueSpecification","valueRequired":true,"valueName":"search_term_string"}}],"inLanguage":"lt-LT"},{"@type":"Organization","@id":"https:\/\/miumjau.ee\/#organization","name":"MiuMjau O\u00dc","url":"https:\/\/miumjau.ee\/","logo":{"@type":"ImageObject","inLanguage":"lt-LT","@id":"https:\/\/miumjau.ee\/#\/schema\/logo\/image\/","url":"https:\/\/miumjau.ee\/wp-content\/uploads\/2022\/04\/MiuMjau-logo-kollane.png","contentUrl":"https:\/\/miumjau.ee\/wp-content\/uploads\/2022\/04\/MiuMjau-logo-kollane.png","width":219,"height":100,"caption":"MiuMjau O\u00dc"},"image":{"@id":"https:\/\/miumjau.ee\/#\/schema\/logo\/image\/"},"sameAs":["https:\/\/www.facebook.com\/miumjaupood\/"]}]}},"_links":{"self":[{"href":"https:\/\/miumjau.ee\/lt\/wp-json\/wp\/v2\/product\/41062","targetHints":{"allow":["GET"]}}],"collection":[{"href":"https:\/\/miumjau.ee\/lt\/wp-json\/wp\/v2\/product"}],"about":[{"href":"https:\/\/miumjau.ee\/lt\/wp-json\/wp\/v2\/types\/product"}],"wp:featuredmedia":[{"embeddable":true,"href":"https:\/\/miumjau.ee\/lt\/wp-json\/wp\/v2\/media\/41780"}],"wp:attachment":[{"href":"https:\/\/miumjau.ee\/lt\/wp-json\/wp\/v2\/media?parent=41062"}],"wp:term":[{"taxonomy":"product_brand","embeddable":true,"href":"https:\/\/miumjau.ee\/lt\/wp-json\/wp\/v2\/product_brand?post=41062"},{"taxonomy":"product_cat","embeddable":true,"href":"https:\/\/miumjau.ee\/lt\/wp-json\/wp\/v2\/product_cat?post=41062"},{"taxonomy":"product_tag","embeddable":true,"href":"https:\/\/miumjau.ee\/lt\/wp-json\/wp\/v2\/product_tag?post=41062"}],"curies":[{"name":"wp","href":"https:\/\/api.w.org\/{rel}","templated":true}]}}