{"id":41060,"date":"2024-01-04T21:57:22","date_gmt":"2024-01-04T19:57:22","guid":{"rendered":"https:\/\/miumjau.ee\/toode\/petrebels-sienine-lova-hang-square-1240-pilkai-senos-spalvos\/"},"modified":"2026-01-07T20:54:59","modified_gmt":"2026-01-07T18:54:59","slug":"petrebels-sienine-lova-hang-square-1240-pilkai-senos-spalvos","status":"publish","type":"product","link":"https:\/\/miumjau.ee\/lt\/produktas\/petrebels-sienine-lova-hang-square-1240-pilkai-senos-spalvos\/","title":{"rendered":"Petrebels sienin\u0117 lova Hang Square 1240, pilkai senos spalvos"},"content":{"rendered":"","protected":false},"excerpt":{"rendered":"<p>Sieninis gultas i\u0161 Nyderland\u0173 kokyb\u0117s prek\u0117s \u017eenklo PetRebels \u2013 tai vienas i\u0161 element\u0173 j\u016bs\u0173 planuojamai laipiojimo sienai. Nud\u017eiuginkite savo kat\u0119 prabangiausiu ir mink\u0161\u010diausiu guoliu, kur\u012f lengva pri\u017ei\u016br\u0117ti! U\u017evalkalas su u\u017etrauktuku gali b\u016bti nuimamas ir skalbiamas ma\u0161inoje. Tai vienas i\u0161 Wall of Rebels kolekcijos element\u0173, kur kiekviena detal\u0117 suteikia katei gryn\u0105 d\u017eiaugsm\u0105. B\u016bkite k\u016brybingi \u2013 sukurkite savo augintinei tobul\u0105 laipiojimo sien\u0105, naudodami \u012fvairius elementus, tokius kaip laipteliai, guoliai, draskymo stulpai, kop\u0117\u010dios ir kt.<\/p>\n<p>Matmenys \u2013 40 \u00d7 40 cm, auk\u0161tis 6 cm.<br \/>\nKomplekte yra tvirtinimo detal\u0117s Disc 12 ir Hold 12.<br \/>\nPrid\u0117tos visos reikalingos dalys tvirtinimui prie sienos.<\/p>\n<p>Toks mink\u0161tas ir toks malonus!<\/p>\n","protected":false},"featured_media":41763,"template":"","meta":[],"product_brand":[],"product_cat":[517,524],"product_tag":[],"class_list":{"0":"post-41060","1":"product","2":"type-product","3":"status-publish","4":"has-post-thumbnail","6":"product_cat-laipiojimo-sienele-katems","7":"product_cat-kaup24-lt","8":"product_shipping_class-pakiautomaati-sobimatu-lt","10":"first","11":"instock","12":"sale","13":"taxable","14":"shipping-taxable","15":"purchasable","16":"product-type-simple"},"yoast_head":"<!-- This site is optimized with the Yoast SEO plugin v27.2 - https:\/\/yoast.com\/product\/yoast-seo-wordpress\/ -->\n<title>Petrebels sienin\u0117 lova Hang Square 1240, pilkai senos spalvos - MiuMjau<\/title>\n<meta name=\"robots\" content=\"index, follow, max-snippet:-1, max-image-preview:large, max-video-preview:-1\" \/>\n<link rel=\"canonical\" href=\"https:\/\/miumjau.ee\/lt\/toode\/petrebels-sienine-lova-hang-square-1240-pilkai-senos-spalvos\/\" \/>\n<meta property=\"og:locale\" content=\"lt_LT\" \/>\n<meta property=\"og:type\" content=\"article\" \/>\n<meta property=\"og:title\" content=\"Petrebels sienin\u0117 lova Hang Square 1240, pilkai senos spalvos - MiuMjau\" \/>\n<meta property=\"og:description\" content=\"Sieninis gultas i\u0161 Nyderland\u0173 kokyb\u0117s prek\u0117s \u017eenklo PetRebels \u2013 tai vienas i\u0161 element\u0173 j\u016bs\u0173 planuojamai laipiojimo sienai. Nud\u017eiuginkite savo kat\u0119 prabangiausiu ir mink\u0161\u010diausiu guoliu, kur\u012f lengva pri\u017ei\u016br\u0117ti! U\u017evalkalas su u\u017etrauktuku gali b\u016bti nuimamas ir skalbiamas ma\u0161inoje. Tai vienas i\u0161 Wall of Rebels kolekcijos element\u0173, kur kiekviena detal\u0117 suteikia katei gryn\u0105 d\u017eiaugsm\u0105. B\u016bkite k\u016brybingi \u2013 sukurkite savo augintinei tobul\u0105 laipiojimo sien\u0105, naudodami \u012fvairius elementus, tokius kaip laipteliai, guoliai, draskymo stulpai, kop\u0117\u010dios ir kt. Matmenys \u2013 40 \u00d7 40 cm, auk\u0161tis 6 cm.  Komplekte yra tvirtinimo detal\u0117s Disc 12 ir Hold 12.  Prid\u0117tos visos reikalingos dalys tvirtinimui prie sienos. Toks mink\u0161tas ir toks malonus!\" \/>\n<meta property=\"og:url\" content=\"https:\/\/miumjau.ee\/lt\/toode\/petrebels-sienine-lova-hang-square-1240-pilkai-senos-spalvos\/\" \/>\n<meta property=\"og:site_name\" content=\"MiuMjau\" \/>\n<meta property=\"article:publisher\" content=\"https:\/\/www.facebook.com\/miumjaupood\/\" \/>\n<meta property=\"article:modified_time\" content=\"2026-01-07T18:54:59+00:00\" \/>\n<meta property=\"og:image\" content=\"https:\/\/miumjau.ee\/wp-content\/uploads\/2023\/12\/ripppesa-kassile-hangsquare12403.jpg\" \/>\n\t<meta property=\"og:image:width\" content=\"600\" \/>\n\t<meta property=\"og:image:height\" content=\"800\" \/>\n\t<meta property=\"og:image:type\" content=\"image\/jpeg\" \/>\n<meta name=\"twitter:card\" content=\"summary_large_image\" \/>\n<script type=\"application\/ld+json\" class=\"yoast-schema-graph\">{\"@context\":\"https:\/\/schema.org\",\"@graph\":[{\"@type\":\"WebPage\",\"@id\":\"https:\/\/miumjau.ee\/lt\/toode\/petrebels-sienine-lova-hang-square-1240-pilkai-senos-spalvos\/\",\"url\":\"https:\/\/miumjau.ee\/lt\/toode\/petrebels-sienine-lova-hang-square-1240-pilkai-senos-spalvos\/\",\"name\":\"Petrebels sienin\u0117 lova Hang Square 1240, pilkai senos spalvos - MiuMjau\",\"isPartOf\":{\"@id\":\"https:\/\/miumjau.ee\/#website\"},\"primaryImageOfPage\":{\"@id\":\"https:\/\/miumjau.ee\/lt\/toode\/petrebels-sienine-lova-hang-square-1240-pilkai-senos-spalvos\/#primaryimage\"},\"image\":{\"@id\":\"https:\/\/miumjau.ee\/lt\/toode\/petrebels-sienine-lova-hang-square-1240-pilkai-senos-spalvos\/#primaryimage\"},\"thumbnailUrl\":\"https:\/\/miumjau.ee\/wp-content\/uploads\/2023\/12\/ripppesa-kassile-hangsquare12403.jpg\",\"datePublished\":\"2024-01-04T19:57:22+00:00\",\"dateModified\":\"2026-01-07T18:54:59+00:00\",\"breadcrumb\":{\"@id\":\"https:\/\/miumjau.ee\/lt\/toode\/petrebels-sienine-lova-hang-square-1240-pilkai-senos-spalvos\/#breadcrumb\"},\"inLanguage\":\"lt-LT\",\"potentialAction\":[{\"@type\":\"ReadAction\",\"target\":[\"https:\/\/miumjau.ee\/lt\/toode\/petrebels-sienine-lova-hang-square-1240-pilkai-senos-spalvos\/\"]}]},{\"@type\":\"ImageObject\",\"inLanguage\":\"lt-LT\",\"@id\":\"https:\/\/miumjau.ee\/lt\/toode\/petrebels-sienine-lova-hang-square-1240-pilkai-senos-spalvos\/#primaryimage\",\"url\":\"https:\/\/miumjau.ee\/wp-content\/uploads\/2023\/12\/ripppesa-kassile-hangsquare12403.jpg\",\"contentUrl\":\"https:\/\/miumjau.ee\/wp-content\/uploads\/2023\/12\/ripppesa-kassile-hangsquare12403.jpg\",\"width\":600,\"height\":800,\"caption\":\"ripppesa-kassile-hangsquare1240(3)\"},{\"@type\":\"BreadcrumbList\",\"@id\":\"https:\/\/miumjau.ee\/lt\/toode\/petrebels-sienine-lova-hang-square-1240-pilkai-senos-spalvos\/#breadcrumb\",\"itemListElement\":[{\"@type\":\"ListItem\",\"position\":1,\"name\":\"Home\",\"item\":\"https:\/\/miumjau.ee\/lt\/\"},{\"@type\":\"ListItem\",\"position\":2,\"name\":\"Parduotuv\u0117\",\"item\":\"https:\/\/miumjau.ee\/lt\/parduotuve\/\"},{\"@type\":\"ListItem\",\"position\":3,\"name\":\"Petrebels sienin\u0117 lova Hang Square 1240, pilkai senos spalvos\"}]},{\"@type\":\"WebSite\",\"@id\":\"https:\/\/miumjau.ee\/#website\",\"url\":\"https:\/\/miumjau.ee\/\",\"name\":\"MiuMjau\",\"description\":\"Kraapimispuud kassidele\",\"publisher\":{\"@id\":\"https:\/\/miumjau.ee\/#organization\"},\"potentialAction\":[{\"@type\":\"SearchAction\",\"target\":{\"@type\":\"EntryPoint\",\"urlTemplate\":\"https:\/\/miumjau.ee\/?s={search_term_string}\"},\"query-input\":{\"@type\":\"PropertyValueSpecification\",\"valueRequired\":true,\"valueName\":\"search_term_string\"}}],\"inLanguage\":\"lt-LT\"},{\"@type\":\"Organization\",\"@id\":\"https:\/\/miumjau.ee\/#organization\",\"name\":\"MiuMjau O\u00dc\",\"url\":\"https:\/\/miumjau.ee\/\",\"logo\":{\"@type\":\"ImageObject\",\"inLanguage\":\"lt-LT\",\"@id\":\"https:\/\/miumjau.ee\/#\/schema\/logo\/image\/\",\"url\":\"https:\/\/miumjau.ee\/wp-content\/uploads\/2022\/04\/MiuMjau-logo-kollane.png\",\"contentUrl\":\"https:\/\/miumjau.ee\/wp-content\/uploads\/2022\/04\/MiuMjau-logo-kollane.png\",\"width\":219,\"height\":100,\"caption\":\"MiuMjau O\u00dc\"},\"image\":{\"@id\":\"https:\/\/miumjau.ee\/#\/schema\/logo\/image\/\"},\"sameAs\":[\"https:\/\/www.facebook.com\/miumjaupood\/\"]}]}<\/script>\n<!-- \/ Yoast SEO plugin. -->","yoast_head_json":{"title":"Petrebels sienin\u0117 lova Hang Square 1240, pilkai senos spalvos - MiuMjau","robots":{"index":"index","follow":"follow","max-snippet":"max-snippet:-1","max-image-preview":"max-image-preview:large","max-video-preview":"max-video-preview:-1"},"canonical":"https:\/\/miumjau.ee\/lt\/toode\/petrebels-sienine-lova-hang-square-1240-pilkai-senos-spalvos\/","og_locale":"lt_LT","og_type":"article","og_title":"Petrebels sienin\u0117 lova Hang Square 1240, pilkai senos spalvos - MiuMjau","og_description":"Sieninis gultas i\u0161 Nyderland\u0173 kokyb\u0117s prek\u0117s \u017eenklo PetRebels \u2013 tai vienas i\u0161 element\u0173 j\u016bs\u0173 planuojamai laipiojimo sienai. Nud\u017eiuginkite savo kat\u0119 prabangiausiu ir mink\u0161\u010diausiu guoliu, kur\u012f lengva pri\u017ei\u016br\u0117ti! U\u017evalkalas su u\u017etrauktuku gali b\u016bti nuimamas ir skalbiamas ma\u0161inoje. Tai vienas i\u0161 Wall of Rebels kolekcijos element\u0173, kur kiekviena detal\u0117 suteikia katei gryn\u0105 d\u017eiaugsm\u0105. B\u016bkite k\u016brybingi \u2013 sukurkite savo augintinei tobul\u0105 laipiojimo sien\u0105, naudodami \u012fvairius elementus, tokius kaip laipteliai, guoliai, draskymo stulpai, kop\u0117\u010dios ir kt. Matmenys \u2013 40 \u00d7 40 cm, auk\u0161tis 6 cm.  Komplekte yra tvirtinimo detal\u0117s Disc 12 ir Hold 12.  Prid\u0117tos visos reikalingos dalys tvirtinimui prie sienos. Toks mink\u0161tas ir toks malonus!","og_url":"https:\/\/miumjau.ee\/lt\/toode\/petrebels-sienine-lova-hang-square-1240-pilkai-senos-spalvos\/","og_site_name":"MiuMjau","article_publisher":"https:\/\/www.facebook.com\/miumjaupood\/","article_modified_time":"2026-01-07T18:54:59+00:00","og_image":[{"width":600,"height":800,"url":"https:\/\/miumjau.ee\/wp-content\/uploads\/2023\/12\/ripppesa-kassile-hangsquare12403.jpg","type":"image\/jpeg"}],"twitter_card":"summary_large_image","schema":{"@context":"https:\/\/schema.org","@graph":[{"@type":"WebPage","@id":"https:\/\/miumjau.ee\/lt\/toode\/petrebels-sienine-lova-hang-square-1240-pilkai-senos-spalvos\/","url":"https:\/\/miumjau.ee\/lt\/toode\/petrebels-sienine-lova-hang-square-1240-pilkai-senos-spalvos\/","name":"Petrebels sienin\u0117 lova Hang Square 1240, pilkai senos spalvos - MiuMjau","isPartOf":{"@id":"https:\/\/miumjau.ee\/#website"},"primaryImageOfPage":{"@id":"https:\/\/miumjau.ee\/lt\/toode\/petrebels-sienine-lova-hang-square-1240-pilkai-senos-spalvos\/#primaryimage"},"image":{"@id":"https:\/\/miumjau.ee\/lt\/toode\/petrebels-sienine-lova-hang-square-1240-pilkai-senos-spalvos\/#primaryimage"},"thumbnailUrl":"https:\/\/miumjau.ee\/wp-content\/uploads\/2023\/12\/ripppesa-kassile-hangsquare12403.jpg","datePublished":"2024-01-04T19:57:22+00:00","dateModified":"2026-01-07T18:54:59+00:00","breadcrumb":{"@id":"https:\/\/miumjau.ee\/lt\/toode\/petrebels-sienine-lova-hang-square-1240-pilkai-senos-spalvos\/#breadcrumb"},"inLanguage":"lt-LT","potentialAction":[{"@type":"ReadAction","target":["https:\/\/miumjau.ee\/lt\/toode\/petrebels-sienine-lova-hang-square-1240-pilkai-senos-spalvos\/"]}]},{"@type":"ImageObject","inLanguage":"lt-LT","@id":"https:\/\/miumjau.ee\/lt\/toode\/petrebels-sienine-lova-hang-square-1240-pilkai-senos-spalvos\/#primaryimage","url":"https:\/\/miumjau.ee\/wp-content\/uploads\/2023\/12\/ripppesa-kassile-hangsquare12403.jpg","contentUrl":"https:\/\/miumjau.ee\/wp-content\/uploads\/2023\/12\/ripppesa-kassile-hangsquare12403.jpg","width":600,"height":800,"caption":"ripppesa-kassile-hangsquare1240(3)"},{"@type":"BreadcrumbList","@id":"https:\/\/miumjau.ee\/lt\/toode\/petrebels-sienine-lova-hang-square-1240-pilkai-senos-spalvos\/#breadcrumb","itemListElement":[{"@type":"ListItem","position":1,"name":"Home","item":"https:\/\/miumjau.ee\/lt\/"},{"@type":"ListItem","position":2,"name":"Parduotuv\u0117","item":"https:\/\/miumjau.ee\/lt\/parduotuve\/"},{"@type":"ListItem","position":3,"name":"Petrebels sienin\u0117 lova Hang Square 1240, pilkai senos spalvos"}]},{"@type":"WebSite","@id":"https:\/\/miumjau.ee\/#website","url":"https:\/\/miumjau.ee\/","name":"MiuMjau","description":"Kraapimispuud kassidele","publisher":{"@id":"https:\/\/miumjau.ee\/#organization"},"potentialAction":[{"@type":"SearchAction","target":{"@type":"EntryPoint","urlTemplate":"https:\/\/miumjau.ee\/?s={search_term_string}"},"query-input":{"@type":"PropertyValueSpecification","valueRequired":true,"valueName":"search_term_string"}}],"inLanguage":"lt-LT"},{"@type":"Organization","@id":"https:\/\/miumjau.ee\/#organization","name":"MiuMjau O\u00dc","url":"https:\/\/miumjau.ee\/","logo":{"@type":"ImageObject","inLanguage":"lt-LT","@id":"https:\/\/miumjau.ee\/#\/schema\/logo\/image\/","url":"https:\/\/miumjau.ee\/wp-content\/uploads\/2022\/04\/MiuMjau-logo-kollane.png","contentUrl":"https:\/\/miumjau.ee\/wp-content\/uploads\/2022\/04\/MiuMjau-logo-kollane.png","width":219,"height":100,"caption":"MiuMjau O\u00dc"},"image":{"@id":"https:\/\/miumjau.ee\/#\/schema\/logo\/image\/"},"sameAs":["https:\/\/www.facebook.com\/miumjaupood\/"]}]}},"_links":{"self":[{"href":"https:\/\/miumjau.ee\/lt\/wp-json\/wp\/v2\/product\/41060","targetHints":{"allow":["GET"]}}],"collection":[{"href":"https:\/\/miumjau.ee\/lt\/wp-json\/wp\/v2\/product"}],"about":[{"href":"https:\/\/miumjau.ee\/lt\/wp-json\/wp\/v2\/types\/product"}],"wp:featuredmedia":[{"embeddable":true,"href":"https:\/\/miumjau.ee\/lt\/wp-json\/wp\/v2\/media\/41763"}],"wp:attachment":[{"href":"https:\/\/miumjau.ee\/lt\/wp-json\/wp\/v2\/media?parent=41060"}],"wp:term":[{"taxonomy":"product_brand","embeddable":true,"href":"https:\/\/miumjau.ee\/lt\/wp-json\/wp\/v2\/product_brand?post=41060"},{"taxonomy":"product_cat","embeddable":true,"href":"https:\/\/miumjau.ee\/lt\/wp-json\/wp\/v2\/product_cat?post=41060"},{"taxonomy":"product_tag","embeddable":true,"href":"https:\/\/miumjau.ee\/lt\/wp-json\/wp\/v2\/product_tag?post=41060"}],"curies":[{"name":"wp","href":"https:\/\/api.w.org\/{rel}","templated":true}]}}