{"id":41057,"date":"2024-01-02T22:30:44","date_gmt":"2024-01-02T20:30:44","guid":{"rendered":"https:\/\/miumjau.ee\/toode\/sienine-lova-petrebels-oval-office-60-rudinto-azuolo-spalvos\/"},"modified":"2026-01-07T20:54:59","modified_gmt":"2026-01-07T18:54:59","slug":"sienine-lova-petrebels-oval-office-60-rudinto-azuolo-spalvos","status":"publish","type":"product","link":"https:\/\/miumjau.ee\/lt\/produktas\/sienine-lova-petrebels-oval-office-60-rudinto-azuolo-spalvos\/","title":{"rendered":"Sienin\u0117 lova Petrebels Oval Office 60, r\u016bdinto \u0105\u017euolo spalvos"},"content":{"rendered":"","protected":false},"excerpt":{"rendered":"<p>Oval Office 60 \u2013 tai kat\u0117s namelis su moderniu dizainu. Jis sujungia stili\u0173, funkcionalum\u0105 ir kokyb\u0119. \u0160iame namelyje j\u016bs\u0173 augintin\u0117 tur\u0117s savo asmenin\u0119 erdv\u0119 miegui, \u017eaidimams ir poilsiui. Auk\u0161tos kokyb\u0117s pliu\u0161as u\u017etikrina maksimal\u0173 komfort\u0105, o apvalus \u012f\u0117jimas \u2013 privatumo jausm\u0105. Tvirtas pagrindas ir ilgaam\u017e\u0117s med\u017eiagos garantuoja stabilum\u0105. Tinka ma\u017eoms ir vidutinio dyd\u017eio kat\u0117ms.<\/p>\n<p>Matmenys: 40 \u00d7 40 \u00d7 60 cm (ilgis, plotis, auk\u0161tis)<br \/>\nProdukto svoris \u2013 8,5 kg.<br \/>\nPagrindas pagamintas i\u0161 MDF plok\u0161t\u0117s, aptrauktas mink\u0161tu pliu\u0161u.<br \/>\nPagalv\u0117l\u0117s u\u017evalkalas nusiima ir gali b\u016bti skalbiamas.<\/p>\n","protected":false},"featured_media":41746,"template":"","meta":[],"product_brand":[],"product_cat":[524,517],"product_tag":[],"class_list":{"0":"post-41057","1":"product","2":"type-product","3":"status-publish","4":"has-post-thumbnail","6":"product_cat-kaup24-lt","7":"product_cat-laipiojimo-sienele-katems","8":"product_shipping_class-pakiautomaati-sobimatu-lt","10":"first","11":"outofstock","12":"sale","13":"taxable","14":"shipping-taxable","15":"purchasable","16":"product-type-simple"},"yoast_head":"<!-- This site is optimized with the Yoast SEO plugin v27.4 - https:\/\/yoast.com\/product\/yoast-seo-wordpress\/ -->\n<title>Sienin\u0117 lova Petrebels Oval Office 60, r\u016bdinto \u0105\u017euolo spalvos - MiuMjau<\/title>\n<meta name=\"robots\" content=\"index, follow, max-snippet:-1, max-image-preview:large, max-video-preview:-1\" \/>\n<link rel=\"canonical\" href=\"https:\/\/miumjau.ee\/lt\/toode\/sienine-lova-petrebels-oval-office-60-rudinto-azuolo-spalvos\/\" \/>\n<meta property=\"og:locale\" content=\"lt_LT\" \/>\n<meta property=\"og:type\" content=\"article\" \/>\n<meta property=\"og:title\" content=\"Sienin\u0117 lova Petrebels Oval Office 60, r\u016bdinto \u0105\u017euolo spalvos - MiuMjau\" \/>\n<meta property=\"og:description\" content=\"Oval Office 60 \u2013 tai kat\u0117s namelis su moderniu dizainu. Jis sujungia stili\u0173, funkcionalum\u0105 ir kokyb\u0119. \u0160iame namelyje j\u016bs\u0173 augintin\u0117 tur\u0117s savo asmenin\u0119 erdv\u0119 miegui, \u017eaidimams ir poilsiui. Auk\u0161tos kokyb\u0117s pliu\u0161as u\u017etikrina maksimal\u0173 komfort\u0105, o apvalus \u012f\u0117jimas \u2013 privatumo jausm\u0105. Tvirtas pagrindas ir ilgaam\u017e\u0117s med\u017eiagos garantuoja stabilum\u0105. Tinka ma\u017eoms ir vidutinio dyd\u017eio kat\u0117ms. Matmenys: 40 \u00d7 40 \u00d7 60 cm (ilgis, plotis, auk\u0161tis)  Produkto svoris \u2013 8,5 kg.  Pagrindas pagamintas i\u0161 MDF plok\u0161t\u0117s, aptrauktas mink\u0161tu pliu\u0161u.  Pagalv\u0117l\u0117s u\u017evalkalas nusiima ir gali b\u016bti skalbiamas.\" \/>\n<meta property=\"og:url\" content=\"https:\/\/miumjau.ee\/lt\/toode\/sienine-lova-petrebels-oval-office-60-rudinto-azuolo-spalvos\/\" \/>\n<meta property=\"og:site_name\" content=\"MiuMjau\" \/>\n<meta property=\"article:publisher\" content=\"https:\/\/www.facebook.com\/miumjaupood\/\" \/>\n<meta property=\"article:modified_time\" content=\"2026-01-07T18:54:59+00:00\" \/>\n<meta property=\"og:image\" content=\"https:\/\/miumjau.ee\/wp-content\/uploads\/2023\/12\/seinakinnitusega-pesa-ovaloffice602.jpg\" \/>\n\t<meta property=\"og:image:width\" content=\"600\" \/>\n\t<meta property=\"og:image:height\" content=\"800\" \/>\n\t<meta property=\"og:image:type\" content=\"image\/jpeg\" \/>\n<meta name=\"twitter:card\" content=\"summary_large_image\" \/>\n<script type=\"application\/ld+json\" class=\"yoast-schema-graph\">{\"@context\":\"https:\\\/\\\/schema.org\",\"@graph\":[{\"@type\":\"WebPage\",\"@id\":\"https:\\\/\\\/miumjau.ee\\\/lt\\\/toode\\\/sienine-lova-petrebels-oval-office-60-rudinto-azuolo-spalvos\\\/\",\"url\":\"https:\\\/\\\/miumjau.ee\\\/lt\\\/toode\\\/sienine-lova-petrebels-oval-office-60-rudinto-azuolo-spalvos\\\/\",\"name\":\"Sienin\u0117 lova Petrebels Oval Office 60, r\u016bdinto \u0105\u017euolo spalvos - MiuMjau\",\"isPartOf\":{\"@id\":\"https:\\\/\\\/miumjau.ee\\\/#website\"},\"primaryImageOfPage\":{\"@id\":\"https:\\\/\\\/miumjau.ee\\\/lt\\\/toode\\\/sienine-lova-petrebels-oval-office-60-rudinto-azuolo-spalvos\\\/#primaryimage\"},\"image\":{\"@id\":\"https:\\\/\\\/miumjau.ee\\\/lt\\\/toode\\\/sienine-lova-petrebels-oval-office-60-rudinto-azuolo-spalvos\\\/#primaryimage\"},\"thumbnailUrl\":\"https:\\\/\\\/miumjau.ee\\\/wp-content\\\/uploads\\\/2023\\\/12\\\/seinakinnitusega-pesa-ovaloffice602.jpg\",\"datePublished\":\"2024-01-02T20:30:44+00:00\",\"dateModified\":\"2026-01-07T18:54:59+00:00\",\"breadcrumb\":{\"@id\":\"https:\\\/\\\/miumjau.ee\\\/lt\\\/toode\\\/sienine-lova-petrebels-oval-office-60-rudinto-azuolo-spalvos\\\/#breadcrumb\"},\"inLanguage\":\"lt-LT\",\"potentialAction\":[{\"@type\":\"ReadAction\",\"target\":[\"https:\\\/\\\/miumjau.ee\\\/lt\\\/toode\\\/sienine-lova-petrebels-oval-office-60-rudinto-azuolo-spalvos\\\/\"]}]},{\"@type\":\"ImageObject\",\"inLanguage\":\"lt-LT\",\"@id\":\"https:\\\/\\\/miumjau.ee\\\/lt\\\/toode\\\/sienine-lova-petrebels-oval-office-60-rudinto-azuolo-spalvos\\\/#primaryimage\",\"url\":\"https:\\\/\\\/miumjau.ee\\\/wp-content\\\/uploads\\\/2023\\\/12\\\/seinakinnitusega-pesa-ovaloffice602.jpg\",\"contentUrl\":\"https:\\\/\\\/miumjau.ee\\\/wp-content\\\/uploads\\\/2023\\\/12\\\/seinakinnitusega-pesa-ovaloffice602.jpg\",\"width\":600,\"height\":800,\"caption\":\"Pesa seinale Oval Office 60 PETREBELS, rusty oak\"},{\"@type\":\"BreadcrumbList\",\"@id\":\"https:\\\/\\\/miumjau.ee\\\/lt\\\/toode\\\/sienine-lova-petrebels-oval-office-60-rudinto-azuolo-spalvos\\\/#breadcrumb\",\"itemListElement\":[{\"@type\":\"ListItem\",\"position\":1,\"name\":\"Home\",\"item\":\"https:\\\/\\\/miumjau.ee\\\/lt\\\/\"},{\"@type\":\"ListItem\",\"position\":2,\"name\":\"Parduotuv\u0117\",\"item\":\"https:\\\/\\\/miumjau.ee\\\/lt\\\/parduotuve\\\/\"},{\"@type\":\"ListItem\",\"position\":3,\"name\":\"Sienin\u0117 lova Petrebels Oval Office 60, r\u016bdinto \u0105\u017euolo spalvos\"}]},{\"@type\":\"WebSite\",\"@id\":\"https:\\\/\\\/miumjau.ee\\\/#website\",\"url\":\"https:\\\/\\\/miumjau.ee\\\/\",\"name\":\"MiuMjau\",\"description\":\"Kraapimispuud kassidele\",\"publisher\":{\"@id\":\"https:\\\/\\\/miumjau.ee\\\/#organization\"},\"potentialAction\":[{\"@type\":\"SearchAction\",\"target\":{\"@type\":\"EntryPoint\",\"urlTemplate\":\"https:\\\/\\\/miumjau.ee\\\/?s={search_term_string}\"},\"query-input\":{\"@type\":\"PropertyValueSpecification\",\"valueRequired\":true,\"valueName\":\"search_term_string\"}}],\"inLanguage\":\"lt-LT\"},{\"@type\":\"Organization\",\"@id\":\"https:\\\/\\\/miumjau.ee\\\/#organization\",\"name\":\"MiuMjau O\u00dc\",\"url\":\"https:\\\/\\\/miumjau.ee\\\/\",\"logo\":{\"@type\":\"ImageObject\",\"inLanguage\":\"lt-LT\",\"@id\":\"https:\\\/\\\/miumjau.ee\\\/#\\\/schema\\\/logo\\\/image\\\/\",\"url\":\"https:\\\/\\\/miumjau.ee\\\/wp-content\\\/uploads\\\/2022\\\/04\\\/MiuMjau-logo-kollane.png\",\"contentUrl\":\"https:\\\/\\\/miumjau.ee\\\/wp-content\\\/uploads\\\/2022\\\/04\\\/MiuMjau-logo-kollane.png\",\"width\":219,\"height\":100,\"caption\":\"MiuMjau O\u00dc\"},\"image\":{\"@id\":\"https:\\\/\\\/miumjau.ee\\\/#\\\/schema\\\/logo\\\/image\\\/\"},\"sameAs\":[\"https:\\\/\\\/www.facebook.com\\\/miumjaupood\\\/\"]}]}<\/script>\n<!-- \/ Yoast SEO plugin. -->","yoast_head_json":{"title":"Sienin\u0117 lova Petrebels Oval Office 60, r\u016bdinto \u0105\u017euolo spalvos - MiuMjau","robots":{"index":"index","follow":"follow","max-snippet":"max-snippet:-1","max-image-preview":"max-image-preview:large","max-video-preview":"max-video-preview:-1"},"canonical":"https:\/\/miumjau.ee\/lt\/toode\/sienine-lova-petrebels-oval-office-60-rudinto-azuolo-spalvos\/","og_locale":"lt_LT","og_type":"article","og_title":"Sienin\u0117 lova Petrebels Oval Office 60, r\u016bdinto \u0105\u017euolo spalvos - MiuMjau","og_description":"Oval Office 60 \u2013 tai kat\u0117s namelis su moderniu dizainu. Jis sujungia stili\u0173, funkcionalum\u0105 ir kokyb\u0119. \u0160iame namelyje j\u016bs\u0173 augintin\u0117 tur\u0117s savo asmenin\u0119 erdv\u0119 miegui, \u017eaidimams ir poilsiui. Auk\u0161tos kokyb\u0117s pliu\u0161as u\u017etikrina maksimal\u0173 komfort\u0105, o apvalus \u012f\u0117jimas \u2013 privatumo jausm\u0105. Tvirtas pagrindas ir ilgaam\u017e\u0117s med\u017eiagos garantuoja stabilum\u0105. Tinka ma\u017eoms ir vidutinio dyd\u017eio kat\u0117ms. Matmenys: 40 \u00d7 40 \u00d7 60 cm (ilgis, plotis, auk\u0161tis)  Produkto svoris \u2013 8,5 kg.  Pagrindas pagamintas i\u0161 MDF plok\u0161t\u0117s, aptrauktas mink\u0161tu pliu\u0161u.  Pagalv\u0117l\u0117s u\u017evalkalas nusiima ir gali b\u016bti skalbiamas.","og_url":"https:\/\/miumjau.ee\/lt\/toode\/sienine-lova-petrebels-oval-office-60-rudinto-azuolo-spalvos\/","og_site_name":"MiuMjau","article_publisher":"https:\/\/www.facebook.com\/miumjaupood\/","article_modified_time":"2026-01-07T18:54:59+00:00","og_image":[{"width":600,"height":800,"url":"https:\/\/miumjau.ee\/wp-content\/uploads\/2023\/12\/seinakinnitusega-pesa-ovaloffice602.jpg","type":"image\/jpeg"}],"twitter_card":"summary_large_image","schema":{"@context":"https:\/\/schema.org","@graph":[{"@type":"WebPage","@id":"https:\/\/miumjau.ee\/lt\/toode\/sienine-lova-petrebels-oval-office-60-rudinto-azuolo-spalvos\/","url":"https:\/\/miumjau.ee\/lt\/toode\/sienine-lova-petrebels-oval-office-60-rudinto-azuolo-spalvos\/","name":"Sienin\u0117 lova Petrebels Oval Office 60, r\u016bdinto \u0105\u017euolo spalvos - MiuMjau","isPartOf":{"@id":"https:\/\/miumjau.ee\/#website"},"primaryImageOfPage":{"@id":"https:\/\/miumjau.ee\/lt\/toode\/sienine-lova-petrebels-oval-office-60-rudinto-azuolo-spalvos\/#primaryimage"},"image":{"@id":"https:\/\/miumjau.ee\/lt\/toode\/sienine-lova-petrebels-oval-office-60-rudinto-azuolo-spalvos\/#primaryimage"},"thumbnailUrl":"https:\/\/miumjau.ee\/wp-content\/uploads\/2023\/12\/seinakinnitusega-pesa-ovaloffice602.jpg","datePublished":"2024-01-02T20:30:44+00:00","dateModified":"2026-01-07T18:54:59+00:00","breadcrumb":{"@id":"https:\/\/miumjau.ee\/lt\/toode\/sienine-lova-petrebels-oval-office-60-rudinto-azuolo-spalvos\/#breadcrumb"},"inLanguage":"lt-LT","potentialAction":[{"@type":"ReadAction","target":["https:\/\/miumjau.ee\/lt\/toode\/sienine-lova-petrebels-oval-office-60-rudinto-azuolo-spalvos\/"]}]},{"@type":"ImageObject","inLanguage":"lt-LT","@id":"https:\/\/miumjau.ee\/lt\/toode\/sienine-lova-petrebels-oval-office-60-rudinto-azuolo-spalvos\/#primaryimage","url":"https:\/\/miumjau.ee\/wp-content\/uploads\/2023\/12\/seinakinnitusega-pesa-ovaloffice602.jpg","contentUrl":"https:\/\/miumjau.ee\/wp-content\/uploads\/2023\/12\/seinakinnitusega-pesa-ovaloffice602.jpg","width":600,"height":800,"caption":"Pesa seinale Oval Office 60 PETREBELS, rusty oak"},{"@type":"BreadcrumbList","@id":"https:\/\/miumjau.ee\/lt\/toode\/sienine-lova-petrebels-oval-office-60-rudinto-azuolo-spalvos\/#breadcrumb","itemListElement":[{"@type":"ListItem","position":1,"name":"Home","item":"https:\/\/miumjau.ee\/lt\/"},{"@type":"ListItem","position":2,"name":"Parduotuv\u0117","item":"https:\/\/miumjau.ee\/lt\/parduotuve\/"},{"@type":"ListItem","position":3,"name":"Sienin\u0117 lova Petrebels Oval Office 60, r\u016bdinto \u0105\u017euolo spalvos"}]},{"@type":"WebSite","@id":"https:\/\/miumjau.ee\/#website","url":"https:\/\/miumjau.ee\/","name":"MiuMjau","description":"Kraapimispuud kassidele","publisher":{"@id":"https:\/\/miumjau.ee\/#organization"},"potentialAction":[{"@type":"SearchAction","target":{"@type":"EntryPoint","urlTemplate":"https:\/\/miumjau.ee\/?s={search_term_string}"},"query-input":{"@type":"PropertyValueSpecification","valueRequired":true,"valueName":"search_term_string"}}],"inLanguage":"lt-LT"},{"@type":"Organization","@id":"https:\/\/miumjau.ee\/#organization","name":"MiuMjau O\u00dc","url":"https:\/\/miumjau.ee\/","logo":{"@type":"ImageObject","inLanguage":"lt-LT","@id":"https:\/\/miumjau.ee\/#\/schema\/logo\/image\/","url":"https:\/\/miumjau.ee\/wp-content\/uploads\/2022\/04\/MiuMjau-logo-kollane.png","contentUrl":"https:\/\/miumjau.ee\/wp-content\/uploads\/2022\/04\/MiuMjau-logo-kollane.png","width":219,"height":100,"caption":"MiuMjau O\u00dc"},"image":{"@id":"https:\/\/miumjau.ee\/#\/schema\/logo\/image\/"},"sameAs":["https:\/\/www.facebook.com\/miumjaupood\/"]}]}},"_links":{"self":[{"href":"https:\/\/miumjau.ee\/lt\/wp-json\/wp\/v2\/product\/41057","targetHints":{"allow":["GET"]}}],"collection":[{"href":"https:\/\/miumjau.ee\/lt\/wp-json\/wp\/v2\/product"}],"about":[{"href":"https:\/\/miumjau.ee\/lt\/wp-json\/wp\/v2\/types\/product"}],"wp:featuredmedia":[{"embeddable":true,"href":"https:\/\/miumjau.ee\/lt\/wp-json\/wp\/v2\/media\/41746"}],"wp:attachment":[{"href":"https:\/\/miumjau.ee\/lt\/wp-json\/wp\/v2\/media?parent=41057"}],"wp:term":[{"taxonomy":"product_brand","embeddable":true,"href":"https:\/\/miumjau.ee\/lt\/wp-json\/wp\/v2\/product_brand?post=41057"},{"taxonomy":"product_cat","embeddable":true,"href":"https:\/\/miumjau.ee\/lt\/wp-json\/wp\/v2\/product_cat?post=41057"},{"taxonomy":"product_tag","embeddable":true,"href":"https:\/\/miumjau.ee\/lt\/wp-json\/wp\/v2\/product_tag?post=41057"}],"curies":[{"name":"wp","href":"https:\/\/api.w.org\/{rel}","templated":true}]}}