{"id":41054,"date":"2023-12-28T11:00:22","date_gmt":"2023-12-28T09:00:22","guid":{"rendered":"https:\/\/miumjau.ee\/toode\/kates-lentyna-petrebels-curve-70-venge-spalvos\/"},"modified":"2026-01-07T20:55:06","modified_gmt":"2026-01-07T18:55:06","slug":"kates-lentyna-petrebels-curve-70-venge-spalvos","status":"publish","type":"product","link":"https:\/\/miumjau.ee\/lt\/produktas\/kates-lentyna-petrebels-curve-70-venge-spalvos\/","title":{"rendered":"Kat\u0117s lentyna Petrebels Curve 70, venge spalvos"},"content":{"rendered":"","protected":false},"excerpt":{"rendered":"<p>Sieninis draskymo stulpas Curve 70 \u2013 vienas i\u0161 element\u0173, kuriuo galite papildyti savo kat\u0117s laipiojimo sien\u0105. Tokie elementai da\u017enai naudojami, kai namuose yra vaik\u0173 ar \u0161un\u0173, kurie gali trukdyti katei, d\u0117l ko ji tampa nerami. Kad to i\u0161vengtum\u0117te, sukurkite katei saugi\u0105 erdv\u0119 auk\u0161\u010diau nuo grind\u0173. PetRebels si\u016blo visk\u0105, ko reikia, kad gal\u0117tum\u0117te \u012fgyvendinti \u0161i\u0105 id\u0117j\u0105.<\/p>\n<p>Matmenys \u2013 70 \u00d7 20 \u00d7 16 cm (ilgis, plotis, auk\u0161tis)<br \/>\nProdukto svoris \u2013 4 kg.<br \/>\nPagaminta i\u0161 eukalipto faneros ir padengta kokybi\u0161ku sizaliu.<br \/>\nVisi tvirtinimo prie sienos elementai \u012ftraukti \u012f komplekt\u0105.<\/p>\n<p>Puikiai dera su kitais Wall of Rebels serijos elementais: Moon 40, Relax 50 ar Scratch 70.<\/p>\n","protected":false},"featured_media":41495,"template":"","meta":[],"product_brand":[],"product_cat":[517,524],"product_tag":[],"class_list":{"0":"post-41054","1":"product","2":"type-product","3":"status-publish","4":"has-post-thumbnail","6":"product_cat-laipiojimo-sienele-katems","7":"product_cat-kaup24-lt","8":"product_shipping_class-pakiautomaati-sobimatu-lt","10":"first","11":"instock","12":"sale","13":"taxable","14":"shipping-taxable","15":"purchasable","16":"product-type-simple"},"yoast_head":"<!-- This site is optimized with the Yoast SEO plugin v27.2 - https:\/\/yoast.com\/product\/yoast-seo-wordpress\/ -->\n<title>Kat\u0117s lentyna Petrebels Curve 70, venge spalvos - MiuMjau<\/title>\n<meta name=\"robots\" content=\"index, follow, max-snippet:-1, max-image-preview:large, max-video-preview:-1\" \/>\n<link rel=\"canonical\" href=\"https:\/\/miumjau.ee\/lt\/toode\/kates-lentyna-petrebels-curve-70-venge-spalvos\/\" \/>\n<meta property=\"og:locale\" content=\"lt_LT\" \/>\n<meta property=\"og:type\" content=\"article\" \/>\n<meta property=\"og:title\" content=\"Kat\u0117s lentyna Petrebels Curve 70, venge spalvos - MiuMjau\" \/>\n<meta property=\"og:description\" content=\"Sieninis draskymo stulpas Curve 70 \u2013 vienas i\u0161 element\u0173, kuriuo galite papildyti savo kat\u0117s laipiojimo sien\u0105. Tokie elementai da\u017enai naudojami, kai namuose yra vaik\u0173 ar \u0161un\u0173, kurie gali trukdyti katei, d\u0117l ko ji tampa nerami. Kad to i\u0161vengtum\u0117te, sukurkite katei saugi\u0105 erdv\u0119 auk\u0161\u010diau nuo grind\u0173. PetRebels si\u016blo visk\u0105, ko reikia, kad gal\u0117tum\u0117te \u012fgyvendinti \u0161i\u0105 id\u0117j\u0105. Matmenys \u2013 70 \u00d7 20 \u00d7 16 cm (ilgis, plotis, auk\u0161tis)  Produkto svoris \u2013 4 kg.  Pagaminta i\u0161 eukalipto faneros ir padengta kokybi\u0161ku sizaliu.  Visi tvirtinimo prie sienos elementai \u012ftraukti \u012f komplekt\u0105. Puikiai dera su kitais Wall of Rebels serijos elementais: Moon 40, Relax 50 ar Scratch 70.\" \/>\n<meta property=\"og:url\" content=\"https:\/\/miumjau.ee\/lt\/toode\/kates-lentyna-petrebels-curve-70-venge-spalvos\/\" \/>\n<meta property=\"og:site_name\" content=\"MiuMjau\" \/>\n<meta property=\"article:publisher\" content=\"https:\/\/www.facebook.com\/miumjaupood\/\" \/>\n<meta property=\"article:modified_time\" content=\"2026-01-07T18:55:06+00:00\" \/>\n<meta property=\"og:image\" content=\"https:\/\/miumjau.ee\/wp-content\/uploads\/2023\/12\/kassi-riiul-curve704.jpg\" \/>\n\t<meta property=\"og:image:width\" content=\"600\" \/>\n\t<meta property=\"og:image:height\" content=\"800\" \/>\n\t<meta property=\"og:image:type\" content=\"image\/jpeg\" \/>\n<meta name=\"twitter:card\" content=\"summary_large_image\" \/>\n<script type=\"application\/ld+json\" class=\"yoast-schema-graph\">{\"@context\":\"https:\/\/schema.org\",\"@graph\":[{\"@type\":\"WebPage\",\"@id\":\"https:\/\/miumjau.ee\/lt\/toode\/kates-lentyna-petrebels-curve-70-venge-spalvos\/\",\"url\":\"https:\/\/miumjau.ee\/lt\/toode\/kates-lentyna-petrebels-curve-70-venge-spalvos\/\",\"name\":\"Kat\u0117s lentyna Petrebels Curve 70, venge spalvos - MiuMjau\",\"isPartOf\":{\"@id\":\"https:\/\/miumjau.ee\/#website\"},\"primaryImageOfPage\":{\"@id\":\"https:\/\/miumjau.ee\/lt\/toode\/kates-lentyna-petrebels-curve-70-venge-spalvos\/#primaryimage\"},\"image\":{\"@id\":\"https:\/\/miumjau.ee\/lt\/toode\/kates-lentyna-petrebels-curve-70-venge-spalvos\/#primaryimage\"},\"thumbnailUrl\":\"https:\/\/miumjau.ee\/wp-content\/uploads\/2023\/12\/kassi-riiul-curve704.jpg\",\"datePublished\":\"2023-12-28T09:00:22+00:00\",\"dateModified\":\"2026-01-07T18:55:06+00:00\",\"breadcrumb\":{\"@id\":\"https:\/\/miumjau.ee\/lt\/toode\/kates-lentyna-petrebels-curve-70-venge-spalvos\/#breadcrumb\"},\"inLanguage\":\"lt-LT\",\"potentialAction\":[{\"@type\":\"ReadAction\",\"target\":[\"https:\/\/miumjau.ee\/lt\/toode\/kates-lentyna-petrebels-curve-70-venge-spalvos\/\"]}]},{\"@type\":\"ImageObject\",\"inLanguage\":\"lt-LT\",\"@id\":\"https:\/\/miumjau.ee\/lt\/toode\/kates-lentyna-petrebels-curve-70-venge-spalvos\/#primaryimage\",\"url\":\"https:\/\/miumjau.ee\/wp-content\/uploads\/2023\/12\/kassi-riiul-curve704.jpg\",\"contentUrl\":\"https:\/\/miumjau.ee\/wp-content\/uploads\/2023\/12\/kassi-riiul-curve704.jpg\",\"width\":600,\"height\":800,\"caption\":\"Kassi riiul Curve 70 PETREBELS, wenge\"},{\"@type\":\"BreadcrumbList\",\"@id\":\"https:\/\/miumjau.ee\/lt\/toode\/kates-lentyna-petrebels-curve-70-venge-spalvos\/#breadcrumb\",\"itemListElement\":[{\"@type\":\"ListItem\",\"position\":1,\"name\":\"Home\",\"item\":\"https:\/\/miumjau.ee\/lt\/\"},{\"@type\":\"ListItem\",\"position\":2,\"name\":\"Parduotuv\u0117\",\"item\":\"https:\/\/miumjau.ee\/lt\/parduotuve\/\"},{\"@type\":\"ListItem\",\"position\":3,\"name\":\"Kat\u0117s lentyna Petrebels Curve 70, venge spalvos\"}]},{\"@type\":\"WebSite\",\"@id\":\"https:\/\/miumjau.ee\/#website\",\"url\":\"https:\/\/miumjau.ee\/\",\"name\":\"MiuMjau\",\"description\":\"Kraapimispuud kassidele\",\"publisher\":{\"@id\":\"https:\/\/miumjau.ee\/#organization\"},\"potentialAction\":[{\"@type\":\"SearchAction\",\"target\":{\"@type\":\"EntryPoint\",\"urlTemplate\":\"https:\/\/miumjau.ee\/?s={search_term_string}\"},\"query-input\":{\"@type\":\"PropertyValueSpecification\",\"valueRequired\":true,\"valueName\":\"search_term_string\"}}],\"inLanguage\":\"lt-LT\"},{\"@type\":\"Organization\",\"@id\":\"https:\/\/miumjau.ee\/#organization\",\"name\":\"MiuMjau O\u00dc\",\"url\":\"https:\/\/miumjau.ee\/\",\"logo\":{\"@type\":\"ImageObject\",\"inLanguage\":\"lt-LT\",\"@id\":\"https:\/\/miumjau.ee\/#\/schema\/logo\/image\/\",\"url\":\"https:\/\/miumjau.ee\/wp-content\/uploads\/2022\/04\/MiuMjau-logo-kollane.png\",\"contentUrl\":\"https:\/\/miumjau.ee\/wp-content\/uploads\/2022\/04\/MiuMjau-logo-kollane.png\",\"width\":219,\"height\":100,\"caption\":\"MiuMjau O\u00dc\"},\"image\":{\"@id\":\"https:\/\/miumjau.ee\/#\/schema\/logo\/image\/\"},\"sameAs\":[\"https:\/\/www.facebook.com\/miumjaupood\/\"]}]}<\/script>\n<!-- \/ Yoast SEO plugin. -->","yoast_head_json":{"title":"Kat\u0117s lentyna Petrebels Curve 70, venge spalvos - MiuMjau","robots":{"index":"index","follow":"follow","max-snippet":"max-snippet:-1","max-image-preview":"max-image-preview:large","max-video-preview":"max-video-preview:-1"},"canonical":"https:\/\/miumjau.ee\/lt\/toode\/kates-lentyna-petrebels-curve-70-venge-spalvos\/","og_locale":"lt_LT","og_type":"article","og_title":"Kat\u0117s lentyna Petrebels Curve 70, venge spalvos - MiuMjau","og_description":"Sieninis draskymo stulpas Curve 70 \u2013 vienas i\u0161 element\u0173, kuriuo galite papildyti savo kat\u0117s laipiojimo sien\u0105. Tokie elementai da\u017enai naudojami, kai namuose yra vaik\u0173 ar \u0161un\u0173, kurie gali trukdyti katei, d\u0117l ko ji tampa nerami. Kad to i\u0161vengtum\u0117te, sukurkite katei saugi\u0105 erdv\u0119 auk\u0161\u010diau nuo grind\u0173. PetRebels si\u016blo visk\u0105, ko reikia, kad gal\u0117tum\u0117te \u012fgyvendinti \u0161i\u0105 id\u0117j\u0105. Matmenys \u2013 70 \u00d7 20 \u00d7 16 cm (ilgis, plotis, auk\u0161tis)  Produkto svoris \u2013 4 kg.  Pagaminta i\u0161 eukalipto faneros ir padengta kokybi\u0161ku sizaliu.  Visi tvirtinimo prie sienos elementai \u012ftraukti \u012f komplekt\u0105. Puikiai dera su kitais Wall of Rebels serijos elementais: Moon 40, Relax 50 ar Scratch 70.","og_url":"https:\/\/miumjau.ee\/lt\/toode\/kates-lentyna-petrebels-curve-70-venge-spalvos\/","og_site_name":"MiuMjau","article_publisher":"https:\/\/www.facebook.com\/miumjaupood\/","article_modified_time":"2026-01-07T18:55:06+00:00","og_image":[{"width":600,"height":800,"url":"https:\/\/miumjau.ee\/wp-content\/uploads\/2023\/12\/kassi-riiul-curve704.jpg","type":"image\/jpeg"}],"twitter_card":"summary_large_image","schema":{"@context":"https:\/\/schema.org","@graph":[{"@type":"WebPage","@id":"https:\/\/miumjau.ee\/lt\/toode\/kates-lentyna-petrebels-curve-70-venge-spalvos\/","url":"https:\/\/miumjau.ee\/lt\/toode\/kates-lentyna-petrebels-curve-70-venge-spalvos\/","name":"Kat\u0117s lentyna Petrebels Curve 70, venge spalvos - MiuMjau","isPartOf":{"@id":"https:\/\/miumjau.ee\/#website"},"primaryImageOfPage":{"@id":"https:\/\/miumjau.ee\/lt\/toode\/kates-lentyna-petrebels-curve-70-venge-spalvos\/#primaryimage"},"image":{"@id":"https:\/\/miumjau.ee\/lt\/toode\/kates-lentyna-petrebels-curve-70-venge-spalvos\/#primaryimage"},"thumbnailUrl":"https:\/\/miumjau.ee\/wp-content\/uploads\/2023\/12\/kassi-riiul-curve704.jpg","datePublished":"2023-12-28T09:00:22+00:00","dateModified":"2026-01-07T18:55:06+00:00","breadcrumb":{"@id":"https:\/\/miumjau.ee\/lt\/toode\/kates-lentyna-petrebels-curve-70-venge-spalvos\/#breadcrumb"},"inLanguage":"lt-LT","potentialAction":[{"@type":"ReadAction","target":["https:\/\/miumjau.ee\/lt\/toode\/kates-lentyna-petrebels-curve-70-venge-spalvos\/"]}]},{"@type":"ImageObject","inLanguage":"lt-LT","@id":"https:\/\/miumjau.ee\/lt\/toode\/kates-lentyna-petrebels-curve-70-venge-spalvos\/#primaryimage","url":"https:\/\/miumjau.ee\/wp-content\/uploads\/2023\/12\/kassi-riiul-curve704.jpg","contentUrl":"https:\/\/miumjau.ee\/wp-content\/uploads\/2023\/12\/kassi-riiul-curve704.jpg","width":600,"height":800,"caption":"Kassi riiul Curve 70 PETREBELS, wenge"},{"@type":"BreadcrumbList","@id":"https:\/\/miumjau.ee\/lt\/toode\/kates-lentyna-petrebels-curve-70-venge-spalvos\/#breadcrumb","itemListElement":[{"@type":"ListItem","position":1,"name":"Home","item":"https:\/\/miumjau.ee\/lt\/"},{"@type":"ListItem","position":2,"name":"Parduotuv\u0117","item":"https:\/\/miumjau.ee\/lt\/parduotuve\/"},{"@type":"ListItem","position":3,"name":"Kat\u0117s lentyna Petrebels Curve 70, venge spalvos"}]},{"@type":"WebSite","@id":"https:\/\/miumjau.ee\/#website","url":"https:\/\/miumjau.ee\/","name":"MiuMjau","description":"Kraapimispuud kassidele","publisher":{"@id":"https:\/\/miumjau.ee\/#organization"},"potentialAction":[{"@type":"SearchAction","target":{"@type":"EntryPoint","urlTemplate":"https:\/\/miumjau.ee\/?s={search_term_string}"},"query-input":{"@type":"PropertyValueSpecification","valueRequired":true,"valueName":"search_term_string"}}],"inLanguage":"lt-LT"},{"@type":"Organization","@id":"https:\/\/miumjau.ee\/#organization","name":"MiuMjau O\u00dc","url":"https:\/\/miumjau.ee\/","logo":{"@type":"ImageObject","inLanguage":"lt-LT","@id":"https:\/\/miumjau.ee\/#\/schema\/logo\/image\/","url":"https:\/\/miumjau.ee\/wp-content\/uploads\/2022\/04\/MiuMjau-logo-kollane.png","contentUrl":"https:\/\/miumjau.ee\/wp-content\/uploads\/2022\/04\/MiuMjau-logo-kollane.png","width":219,"height":100,"caption":"MiuMjau O\u00dc"},"image":{"@id":"https:\/\/miumjau.ee\/#\/schema\/logo\/image\/"},"sameAs":["https:\/\/www.facebook.com\/miumjaupood\/"]}]}},"_links":{"self":[{"href":"https:\/\/miumjau.ee\/lt\/wp-json\/wp\/v2\/product\/41054","targetHints":{"allow":["GET"]}}],"collection":[{"href":"https:\/\/miumjau.ee\/lt\/wp-json\/wp\/v2\/product"}],"about":[{"href":"https:\/\/miumjau.ee\/lt\/wp-json\/wp\/v2\/types\/product"}],"wp:featuredmedia":[{"embeddable":true,"href":"https:\/\/miumjau.ee\/lt\/wp-json\/wp\/v2\/media\/41495"}],"wp:attachment":[{"href":"https:\/\/miumjau.ee\/lt\/wp-json\/wp\/v2\/media?parent=41054"}],"wp:term":[{"taxonomy":"product_brand","embeddable":true,"href":"https:\/\/miumjau.ee\/lt\/wp-json\/wp\/v2\/product_brand?post=41054"},{"taxonomy":"product_cat","embeddable":true,"href":"https:\/\/miumjau.ee\/lt\/wp-json\/wp\/v2\/product_cat?post=41054"},{"taxonomy":"product_tag","embeddable":true,"href":"https:\/\/miumjau.ee\/lt\/wp-json\/wp\/v2\/product_tag?post=41054"}],"curies":[{"name":"wp","href":"https:\/\/api.w.org\/{rel}","templated":true}]}}