{"id":41047,"date":"2023-12-28T03:16:03","date_gmt":"2023-12-28T01:16:03","guid":{"rendered":"https:\/\/miumjau.ee\/toode\/kates-lentyna-petrebels-scratch-70-pilkai-senos-spalvos\/"},"modified":"2026-01-07T20:55:13","modified_gmt":"2026-01-07T18:55:13","slug":"kates-lentyna-petrebels-scratch-70-pilkai-senos-spalvos","status":"publish","type":"product","link":"https:\/\/miumjau.ee\/lt\/produktas\/kates-lentyna-petrebels-scratch-70-pilkai-senos-spalvos\/","title":{"rendered":"Kat\u0117s lentyna Petrebels Scratch 70, pilkai senos spalvos"},"content":{"rendered":"","protected":false},"excerpt":{"rendered":"<p>Scratch 70 \u2013 daugiafunkcis draskymo ir laipiojimo elementas kat\u0117ms. Serija sukurta kat\u0117ms miegoti, \u017eaisti, laipioti ir draskyti. Visi elementai gali b\u016bti derinami tarpusavyje. Jei j\u016bs\u0173 kat\u0117 vyresn\u0117 ar ma\u017eiau judri \u2013 tvirtinkite j\u012f ar\u010diau \u017eem\u0117s. Jei ji m\u0117gsta miegoti auk\u0161tai \u2013 naudokite j\u012f kaip pakop\u0105 pakeliui \u012f guol\u012f. U\u017etikrinkite, kad ji gal\u0117t\u0173 lengvai j\u012f pasiekti, sujungdami su kitais elementais.<\/p>\n<p>Spalvos \u2013 pilkas sizalis ir pilka fanera<br \/>\nMatmenys \u2013 ilgis 70 cm, plotis 30 cm, auk\u0161tis 35 cm<br \/>\nProdukto svoris \u2013 5 kg<br \/>\nPagaminta i\u0161 kokybi\u0161kos eukalipto medienos<br \/>\nPakop\u0105 dengiantis draskymo kilim\u0117lis pagamintas i\u0161 kokybi\u0161ko sizalio, pritvirtintas Velcro juosta<br \/>\nVisi tvirtinimo prie sienos elementai yra komplekte.<\/p>\n","protected":false},"featured_media":41964,"template":"","meta":[],"product_brand":[],"product_cat":[517,524],"product_tag":[],"class_list":{"0":"post-41047","1":"product","2":"type-product","3":"status-publish","4":"has-post-thumbnail","6":"product_cat-laipiojimo-sienele-katems","7":"product_cat-kaup24-lt","8":"product_shipping_class-pakiautomaati-sobimatu-lt","10":"first","11":"instock","12":"sale","13":"taxable","14":"shipping-taxable","15":"purchasable","16":"product-type-simple"},"yoast_head":"<!-- This site is optimized with the Yoast SEO plugin v27.2 - https:\/\/yoast.com\/product\/yoast-seo-wordpress\/ -->\n<title>Kat\u0117s lentyna Petrebels Scratch 70, pilkai senos spalvos - MiuMjau<\/title>\n<meta name=\"robots\" content=\"index, follow, max-snippet:-1, max-image-preview:large, max-video-preview:-1\" \/>\n<link rel=\"canonical\" href=\"https:\/\/miumjau.ee\/lt\/toode\/kates-lentyna-petrebels-scratch-70-pilkai-senos-spalvos\/\" \/>\n<meta property=\"og:locale\" content=\"lt_LT\" \/>\n<meta property=\"og:type\" content=\"article\" \/>\n<meta property=\"og:title\" content=\"Kat\u0117s lentyna Petrebels Scratch 70, pilkai senos spalvos - MiuMjau\" \/>\n<meta property=\"og:description\" content=\"Scratch 70 \u2013 daugiafunkcis draskymo ir laipiojimo elementas kat\u0117ms. Serija sukurta kat\u0117ms miegoti, \u017eaisti, laipioti ir draskyti. Visi elementai gali b\u016bti derinami tarpusavyje. Jei j\u016bs\u0173 kat\u0117 vyresn\u0117 ar ma\u017eiau judri \u2013 tvirtinkite j\u012f ar\u010diau \u017eem\u0117s. Jei ji m\u0117gsta miegoti auk\u0161tai \u2013 naudokite j\u012f kaip pakop\u0105 pakeliui \u012f guol\u012f. U\u017etikrinkite, kad ji gal\u0117t\u0173 lengvai j\u012f pasiekti, sujungdami su kitais elementais. Spalvos \u2013 pilkas sizalis ir pilka fanera  Matmenys \u2013 ilgis 70 cm, plotis 30 cm, auk\u0161tis 35 cm  Produkto svoris \u2013 5 kg  Pagaminta i\u0161 kokybi\u0161kos eukalipto medienos  Pakop\u0105 dengiantis draskymo kilim\u0117lis pagamintas i\u0161 kokybi\u0161ko sizalio, pritvirtintas Velcro juosta  Visi tvirtinimo prie sienos elementai yra komplekte.\" \/>\n<meta property=\"og:url\" content=\"https:\/\/miumjau.ee\/lt\/toode\/kates-lentyna-petrebels-scratch-70-pilkai-senos-spalvos\/\" \/>\n<meta property=\"og:site_name\" content=\"MiuMjau\" \/>\n<meta property=\"article:publisher\" content=\"https:\/\/www.facebook.com\/miumjaupood\/\" \/>\n<meta property=\"article:modified_time\" content=\"2026-01-07T18:55:13+00:00\" \/>\n<meta property=\"og:image\" content=\"https:\/\/miumjau.ee\/wp-content\/uploads\/2023\/12\/kassi-riiul-scratch703.jpg\" \/>\n\t<meta property=\"og:image:width\" content=\"600\" \/>\n\t<meta property=\"og:image:height\" content=\"800\" \/>\n\t<meta property=\"og:image:type\" content=\"image\/jpeg\" \/>\n<meta name=\"twitter:card\" content=\"summary_large_image\" \/>\n<script type=\"application\/ld+json\" class=\"yoast-schema-graph\">{\"@context\":\"https:\/\/schema.org\",\"@graph\":[{\"@type\":\"WebPage\",\"@id\":\"https:\/\/miumjau.ee\/lt\/toode\/kates-lentyna-petrebels-scratch-70-pilkai-senos-spalvos\/\",\"url\":\"https:\/\/miumjau.ee\/lt\/toode\/kates-lentyna-petrebels-scratch-70-pilkai-senos-spalvos\/\",\"name\":\"Kat\u0117s lentyna Petrebels Scratch 70, pilkai senos spalvos - MiuMjau\",\"isPartOf\":{\"@id\":\"https:\/\/miumjau.ee\/#website\"},\"primaryImageOfPage\":{\"@id\":\"https:\/\/miumjau.ee\/lt\/toode\/kates-lentyna-petrebels-scratch-70-pilkai-senos-spalvos\/#primaryimage\"},\"image\":{\"@id\":\"https:\/\/miumjau.ee\/lt\/toode\/kates-lentyna-petrebels-scratch-70-pilkai-senos-spalvos\/#primaryimage\"},\"thumbnailUrl\":\"https:\/\/miumjau.ee\/wp-content\/uploads\/2023\/12\/kassi-riiul-scratch703.jpg\",\"datePublished\":\"2023-12-28T01:16:03+00:00\",\"dateModified\":\"2026-01-07T18:55:13+00:00\",\"breadcrumb\":{\"@id\":\"https:\/\/miumjau.ee\/lt\/toode\/kates-lentyna-petrebels-scratch-70-pilkai-senos-spalvos\/#breadcrumb\"},\"inLanguage\":\"lt-LT\",\"potentialAction\":[{\"@type\":\"ReadAction\",\"target\":[\"https:\/\/miumjau.ee\/lt\/toode\/kates-lentyna-petrebels-scratch-70-pilkai-senos-spalvos\/\"]}]},{\"@type\":\"ImageObject\",\"inLanguage\":\"lt-LT\",\"@id\":\"https:\/\/miumjau.ee\/lt\/toode\/kates-lentyna-petrebels-scratch-70-pilkai-senos-spalvos\/#primaryimage\",\"url\":\"https:\/\/miumjau.ee\/wp-content\/uploads\/2023\/12\/kassi-riiul-scratch703.jpg\",\"contentUrl\":\"https:\/\/miumjau.ee\/wp-content\/uploads\/2023\/12\/kassi-riiul-scratch703.jpg\",\"width\":600,\"height\":800,\"caption\":\"Kassi riiul Scratch 70 PETREBELS, old gray\"},{\"@type\":\"BreadcrumbList\",\"@id\":\"https:\/\/miumjau.ee\/lt\/toode\/kates-lentyna-petrebels-scratch-70-pilkai-senos-spalvos\/#breadcrumb\",\"itemListElement\":[{\"@type\":\"ListItem\",\"position\":1,\"name\":\"Home\",\"item\":\"https:\/\/miumjau.ee\/lt\/\"},{\"@type\":\"ListItem\",\"position\":2,\"name\":\"Parduotuv\u0117\",\"item\":\"https:\/\/miumjau.ee\/lt\/parduotuve\/\"},{\"@type\":\"ListItem\",\"position\":3,\"name\":\"Kat\u0117s lentyna Petrebels Scratch 70, pilkai senos spalvos\"}]},{\"@type\":\"WebSite\",\"@id\":\"https:\/\/miumjau.ee\/#website\",\"url\":\"https:\/\/miumjau.ee\/\",\"name\":\"MiuMjau\",\"description\":\"Kraapimispuud kassidele\",\"publisher\":{\"@id\":\"https:\/\/miumjau.ee\/#organization\"},\"potentialAction\":[{\"@type\":\"SearchAction\",\"target\":{\"@type\":\"EntryPoint\",\"urlTemplate\":\"https:\/\/miumjau.ee\/?s={search_term_string}\"},\"query-input\":{\"@type\":\"PropertyValueSpecification\",\"valueRequired\":true,\"valueName\":\"search_term_string\"}}],\"inLanguage\":\"lt-LT\"},{\"@type\":\"Organization\",\"@id\":\"https:\/\/miumjau.ee\/#organization\",\"name\":\"MiuMjau O\u00dc\",\"url\":\"https:\/\/miumjau.ee\/\",\"logo\":{\"@type\":\"ImageObject\",\"inLanguage\":\"lt-LT\",\"@id\":\"https:\/\/miumjau.ee\/#\/schema\/logo\/image\/\",\"url\":\"https:\/\/miumjau.ee\/wp-content\/uploads\/2022\/04\/MiuMjau-logo-kollane.png\",\"contentUrl\":\"https:\/\/miumjau.ee\/wp-content\/uploads\/2022\/04\/MiuMjau-logo-kollane.png\",\"width\":219,\"height\":100,\"caption\":\"MiuMjau O\u00dc\"},\"image\":{\"@id\":\"https:\/\/miumjau.ee\/#\/schema\/logo\/image\/\"},\"sameAs\":[\"https:\/\/www.facebook.com\/miumjaupood\/\"]}]}<\/script>\n<!-- \/ Yoast SEO plugin. -->","yoast_head_json":{"title":"Kat\u0117s lentyna Petrebels Scratch 70, pilkai senos spalvos - MiuMjau","robots":{"index":"index","follow":"follow","max-snippet":"max-snippet:-1","max-image-preview":"max-image-preview:large","max-video-preview":"max-video-preview:-1"},"canonical":"https:\/\/miumjau.ee\/lt\/toode\/kates-lentyna-petrebels-scratch-70-pilkai-senos-spalvos\/","og_locale":"lt_LT","og_type":"article","og_title":"Kat\u0117s lentyna Petrebels Scratch 70, pilkai senos spalvos - MiuMjau","og_description":"Scratch 70 \u2013 daugiafunkcis draskymo ir laipiojimo elementas kat\u0117ms. Serija sukurta kat\u0117ms miegoti, \u017eaisti, laipioti ir draskyti. Visi elementai gali b\u016bti derinami tarpusavyje. Jei j\u016bs\u0173 kat\u0117 vyresn\u0117 ar ma\u017eiau judri \u2013 tvirtinkite j\u012f ar\u010diau \u017eem\u0117s. Jei ji m\u0117gsta miegoti auk\u0161tai \u2013 naudokite j\u012f kaip pakop\u0105 pakeliui \u012f guol\u012f. U\u017etikrinkite, kad ji gal\u0117t\u0173 lengvai j\u012f pasiekti, sujungdami su kitais elementais. Spalvos \u2013 pilkas sizalis ir pilka fanera  Matmenys \u2013 ilgis 70 cm, plotis 30 cm, auk\u0161tis 35 cm  Produkto svoris \u2013 5 kg  Pagaminta i\u0161 kokybi\u0161kos eukalipto medienos  Pakop\u0105 dengiantis draskymo kilim\u0117lis pagamintas i\u0161 kokybi\u0161ko sizalio, pritvirtintas Velcro juosta  Visi tvirtinimo prie sienos elementai yra komplekte.","og_url":"https:\/\/miumjau.ee\/lt\/toode\/kates-lentyna-petrebels-scratch-70-pilkai-senos-spalvos\/","og_site_name":"MiuMjau","article_publisher":"https:\/\/www.facebook.com\/miumjaupood\/","article_modified_time":"2026-01-07T18:55:13+00:00","og_image":[{"width":600,"height":800,"url":"https:\/\/miumjau.ee\/wp-content\/uploads\/2023\/12\/kassi-riiul-scratch703.jpg","type":"image\/jpeg"}],"twitter_card":"summary_large_image","schema":{"@context":"https:\/\/schema.org","@graph":[{"@type":"WebPage","@id":"https:\/\/miumjau.ee\/lt\/toode\/kates-lentyna-petrebels-scratch-70-pilkai-senos-spalvos\/","url":"https:\/\/miumjau.ee\/lt\/toode\/kates-lentyna-petrebels-scratch-70-pilkai-senos-spalvos\/","name":"Kat\u0117s lentyna Petrebels Scratch 70, pilkai senos spalvos - MiuMjau","isPartOf":{"@id":"https:\/\/miumjau.ee\/#website"},"primaryImageOfPage":{"@id":"https:\/\/miumjau.ee\/lt\/toode\/kates-lentyna-petrebels-scratch-70-pilkai-senos-spalvos\/#primaryimage"},"image":{"@id":"https:\/\/miumjau.ee\/lt\/toode\/kates-lentyna-petrebels-scratch-70-pilkai-senos-spalvos\/#primaryimage"},"thumbnailUrl":"https:\/\/miumjau.ee\/wp-content\/uploads\/2023\/12\/kassi-riiul-scratch703.jpg","datePublished":"2023-12-28T01:16:03+00:00","dateModified":"2026-01-07T18:55:13+00:00","breadcrumb":{"@id":"https:\/\/miumjau.ee\/lt\/toode\/kates-lentyna-petrebels-scratch-70-pilkai-senos-spalvos\/#breadcrumb"},"inLanguage":"lt-LT","potentialAction":[{"@type":"ReadAction","target":["https:\/\/miumjau.ee\/lt\/toode\/kates-lentyna-petrebels-scratch-70-pilkai-senos-spalvos\/"]}]},{"@type":"ImageObject","inLanguage":"lt-LT","@id":"https:\/\/miumjau.ee\/lt\/toode\/kates-lentyna-petrebels-scratch-70-pilkai-senos-spalvos\/#primaryimage","url":"https:\/\/miumjau.ee\/wp-content\/uploads\/2023\/12\/kassi-riiul-scratch703.jpg","contentUrl":"https:\/\/miumjau.ee\/wp-content\/uploads\/2023\/12\/kassi-riiul-scratch703.jpg","width":600,"height":800,"caption":"Kassi riiul Scratch 70 PETREBELS, old gray"},{"@type":"BreadcrumbList","@id":"https:\/\/miumjau.ee\/lt\/toode\/kates-lentyna-petrebels-scratch-70-pilkai-senos-spalvos\/#breadcrumb","itemListElement":[{"@type":"ListItem","position":1,"name":"Home","item":"https:\/\/miumjau.ee\/lt\/"},{"@type":"ListItem","position":2,"name":"Parduotuv\u0117","item":"https:\/\/miumjau.ee\/lt\/parduotuve\/"},{"@type":"ListItem","position":3,"name":"Kat\u0117s lentyna Petrebels Scratch 70, pilkai senos spalvos"}]},{"@type":"WebSite","@id":"https:\/\/miumjau.ee\/#website","url":"https:\/\/miumjau.ee\/","name":"MiuMjau","description":"Kraapimispuud kassidele","publisher":{"@id":"https:\/\/miumjau.ee\/#organization"},"potentialAction":[{"@type":"SearchAction","target":{"@type":"EntryPoint","urlTemplate":"https:\/\/miumjau.ee\/?s={search_term_string}"},"query-input":{"@type":"PropertyValueSpecification","valueRequired":true,"valueName":"search_term_string"}}],"inLanguage":"lt-LT"},{"@type":"Organization","@id":"https:\/\/miumjau.ee\/#organization","name":"MiuMjau O\u00dc","url":"https:\/\/miumjau.ee\/","logo":{"@type":"ImageObject","inLanguage":"lt-LT","@id":"https:\/\/miumjau.ee\/#\/schema\/logo\/image\/","url":"https:\/\/miumjau.ee\/wp-content\/uploads\/2022\/04\/MiuMjau-logo-kollane.png","contentUrl":"https:\/\/miumjau.ee\/wp-content\/uploads\/2022\/04\/MiuMjau-logo-kollane.png","width":219,"height":100,"caption":"MiuMjau O\u00dc"},"image":{"@id":"https:\/\/miumjau.ee\/#\/schema\/logo\/image\/"},"sameAs":["https:\/\/www.facebook.com\/miumjaupood\/"]}]}},"_links":{"self":[{"href":"https:\/\/miumjau.ee\/lt\/wp-json\/wp\/v2\/product\/41047","targetHints":{"allow":["GET"]}}],"collection":[{"href":"https:\/\/miumjau.ee\/lt\/wp-json\/wp\/v2\/product"}],"about":[{"href":"https:\/\/miumjau.ee\/lt\/wp-json\/wp\/v2\/types\/product"}],"wp:featuredmedia":[{"embeddable":true,"href":"https:\/\/miumjau.ee\/lt\/wp-json\/wp\/v2\/media\/41964"}],"wp:attachment":[{"href":"https:\/\/miumjau.ee\/lt\/wp-json\/wp\/v2\/media?parent=41047"}],"wp:term":[{"taxonomy":"product_brand","embeddable":true,"href":"https:\/\/miumjau.ee\/lt\/wp-json\/wp\/v2\/product_brand?post=41047"},{"taxonomy":"product_cat","embeddable":true,"href":"https:\/\/miumjau.ee\/lt\/wp-json\/wp\/v2\/product_cat?post=41047"},{"taxonomy":"product_tag","embeddable":true,"href":"https:\/\/miumjau.ee\/lt\/wp-json\/wp\/v2\/product_tag?post=41047"}],"curies":[{"name":"wp","href":"https:\/\/api.w.org\/{rel}","templated":true}]}}