{"id":41042,"date":"2023-12-26T20:59:38","date_gmt":"2023-12-26T18:59:38","guid":{"rendered":"https:\/\/miumjau.ee\/toode\/sienine-lova-moon-40-petrebels-pilkai-senos-spalvos\/"},"modified":"2026-01-07T20:55:13","modified_gmt":"2026-01-07T18:55:13","slug":"sienine-lova-moon-40-petrebels-pilkai-senos-spalvos","status":"publish","type":"product","link":"https:\/\/miumjau.ee\/lt\/produktas\/sienine-lova-moon-40-petrebels-pilkai-senos-spalvos\/","title":{"rendered":"Sienin\u0117 lova Moon 40 Petrebels, pilkai senos spalvos"},"content":{"rendered":"","protected":false},"excerpt":{"rendered":"<p>Kat\u0117s lentyna Relax 50 i\u0161 PetRebels \u2013 vienas i\u0161 sienini\u0173 element\u0173, kuriuo galite papildyti savo kat\u0117s \u017eaidim\u0173 sien\u0105. Tokie sieniniai elementai naudojami tada, kai namuose yra vaik\u0173 ar \u0161un\u0173, kurie gali trukdyti katei, d\u0117l to ji tampa nerami. Kad to i\u0161vengtum\u0117te, galite sukurti katei saugi\u0105 erdv\u0119 auk\u0161\u010diau nuo grind\u0173. PetRebels si\u016blo plat\u0173 toki\u0173 element\u0173 asortiment\u0105, tod\u0117l galite sukurti unikali\u0105 kombinacij\u0105 pagal savo fantazij\u0105.<\/p>\n<p>Matmenys \u2013 50 \u00d7 35 \u00d7 6 cm (ilgis, plotis, auk\u0161tis)<br \/>\nProdukto svoris \u2013 2 kg.<\/p>\n<p>Tai mink\u0161ta ir lygi platforma katei, tvirtinama prie sienos. Gali b\u016bti naudojama kaip steb\u0117jimo vieta ar poilsio vieta.<br \/>\nSerija sukurta kat\u0117ms miegoti, \u017eaisti, laipioti ir draskyti. Elementus galima derinti tarpusavyje. Jei j\u016bs\u0173 kat\u0117 vyresn\u0117, lentyn\u0105 tvirtinkite ar\u010diau \u017eem\u0117s. Jei ji aktyvi ir m\u0117gsta auk\u0161t\u012f \u2013 pakabinkite auk\u0161\u010diau. Kad kat\u0117 gal\u0117t\u0173 j\u0105 lengvai pasiekti, sujunkite su kitais elementais, pvz., kop\u0117\u010diomis ar tiltu.<\/p>\n<p>Mink\u0161tas 4 cm storio u\u017evalkalas tvirtinamas spaud\u0117mis ir skalbiamas ma\u0161inoje.<br \/>\nVisi tvirtinimo prie sienos elementai yra komplekte.<\/p>\n","protected":false},"featured_media":41932,"template":"","meta":[],"product_brand":[],"product_cat":[517,524],"product_tag":[],"class_list":{"0":"post-41042","1":"product","2":"type-product","3":"status-publish","4":"has-post-thumbnail","6":"product_cat-laipiojimo-sienele-katems","7":"product_cat-kaup24-lt","8":"product_shipping_class-pakiautomaati-sobimatu-lt","10":"first","11":"instock","12":"taxable","13":"shipping-taxable","14":"purchasable","15":"product-type-simple"},"yoast_head":"<!-- This site is optimized with the Yoast SEO plugin v27.2 - https:\/\/yoast.com\/product\/yoast-seo-wordpress\/ -->\n<title>Sienin\u0117 lova Moon 40 Petrebels, pilkai senos spalvos - MiuMjau<\/title>\n<meta name=\"robots\" content=\"index, follow, max-snippet:-1, max-image-preview:large, max-video-preview:-1\" \/>\n<link rel=\"canonical\" href=\"https:\/\/miumjau.ee\/lt\/toode\/sienine-lova-moon-40-petrebels-pilkai-senos-spalvos\/\" \/>\n<meta property=\"og:locale\" content=\"lt_LT\" \/>\n<meta property=\"og:type\" content=\"article\" \/>\n<meta property=\"og:title\" content=\"Sienin\u0117 lova Moon 40 Petrebels, pilkai senos spalvos - MiuMjau\" \/>\n<meta property=\"og:description\" content=\"Kat\u0117s lentyna Relax 50 i\u0161 PetRebels \u2013 vienas i\u0161 sienini\u0173 element\u0173, kuriuo galite papildyti savo kat\u0117s \u017eaidim\u0173 sien\u0105. Tokie sieniniai elementai naudojami tada, kai namuose yra vaik\u0173 ar \u0161un\u0173, kurie gali trukdyti katei, d\u0117l to ji tampa nerami. Kad to i\u0161vengtum\u0117te, galite sukurti katei saugi\u0105 erdv\u0119 auk\u0161\u010diau nuo grind\u0173. PetRebels si\u016blo plat\u0173 toki\u0173 element\u0173 asortiment\u0105, tod\u0117l galite sukurti unikali\u0105 kombinacij\u0105 pagal savo fantazij\u0105. Matmenys \u2013 50 \u00d7 35 \u00d7 6 cm (ilgis, plotis, auk\u0161tis)  Produkto svoris \u2013 2 kg. Tai mink\u0161ta ir lygi platforma katei, tvirtinama prie sienos. Gali b\u016bti naudojama kaip steb\u0117jimo vieta ar poilsio vieta.  Serija sukurta kat\u0117ms miegoti, \u017eaisti, laipioti ir draskyti. Elementus galima derinti tarpusavyje. Jei j\u016bs\u0173 kat\u0117 vyresn\u0117, lentyn\u0105 tvirtinkite ar\u010diau \u017eem\u0117s. Jei ji aktyvi ir m\u0117gsta auk\u0161t\u012f \u2013 pakabinkite auk\u0161\u010diau. Kad kat\u0117 gal\u0117t\u0173 j\u0105 lengvai pasiekti, sujunkite su kitais elementais, pvz., kop\u0117\u010diomis ar tiltu. Mink\u0161tas 4 cm storio u\u017evalkalas tvirtinamas spaud\u0117mis ir skalbiamas ma\u0161inoje.  Visi tvirtinimo prie sienos elementai yra komplekte.\" \/>\n<meta property=\"og:url\" content=\"https:\/\/miumjau.ee\/lt\/toode\/sienine-lova-moon-40-petrebels-pilkai-senos-spalvos\/\" \/>\n<meta property=\"og:site_name\" content=\"MiuMjau\" \/>\n<meta property=\"article:publisher\" content=\"https:\/\/www.facebook.com\/miumjaupood\/\" \/>\n<meta property=\"article:modified_time\" content=\"2026-01-07T18:55:13+00:00\" \/>\n<meta property=\"og:image\" content=\"https:\/\/miumjau.ee\/wp-content\/uploads\/2023\/12\/kassi-riiul-moon403.jpg\" \/>\n\t<meta property=\"og:image:width\" content=\"600\" \/>\n\t<meta property=\"og:image:height\" content=\"800\" \/>\n\t<meta property=\"og:image:type\" content=\"image\/jpeg\" \/>\n<meta name=\"twitter:card\" content=\"summary_large_image\" \/>\n<script type=\"application\/ld+json\" class=\"yoast-schema-graph\">{\"@context\":\"https:\/\/schema.org\",\"@graph\":[{\"@type\":\"WebPage\",\"@id\":\"https:\/\/miumjau.ee\/lt\/toode\/sienine-lova-moon-40-petrebels-pilkai-senos-spalvos\/\",\"url\":\"https:\/\/miumjau.ee\/lt\/toode\/sienine-lova-moon-40-petrebels-pilkai-senos-spalvos\/\",\"name\":\"Sienin\u0117 lova Moon 40 Petrebels, pilkai senos spalvos - MiuMjau\",\"isPartOf\":{\"@id\":\"https:\/\/miumjau.ee\/#website\"},\"primaryImageOfPage\":{\"@id\":\"https:\/\/miumjau.ee\/lt\/toode\/sienine-lova-moon-40-petrebels-pilkai-senos-spalvos\/#primaryimage\"},\"image\":{\"@id\":\"https:\/\/miumjau.ee\/lt\/toode\/sienine-lova-moon-40-petrebels-pilkai-senos-spalvos\/#primaryimage\"},\"thumbnailUrl\":\"https:\/\/miumjau.ee\/wp-content\/uploads\/2023\/12\/kassi-riiul-moon403.jpg\",\"datePublished\":\"2023-12-26T18:59:38+00:00\",\"dateModified\":\"2026-01-07T18:55:13+00:00\",\"breadcrumb\":{\"@id\":\"https:\/\/miumjau.ee\/lt\/toode\/sienine-lova-moon-40-petrebels-pilkai-senos-spalvos\/#breadcrumb\"},\"inLanguage\":\"lt-LT\",\"potentialAction\":[{\"@type\":\"ReadAction\",\"target\":[\"https:\/\/miumjau.ee\/lt\/toode\/sienine-lova-moon-40-petrebels-pilkai-senos-spalvos\/\"]}]},{\"@type\":\"ImageObject\",\"inLanguage\":\"lt-LT\",\"@id\":\"https:\/\/miumjau.ee\/lt\/toode\/sienine-lova-moon-40-petrebels-pilkai-senos-spalvos\/#primaryimage\",\"url\":\"https:\/\/miumjau.ee\/wp-content\/uploads\/2023\/12\/kassi-riiul-moon403.jpg\",\"contentUrl\":\"https:\/\/miumjau.ee\/wp-content\/uploads\/2023\/12\/kassi-riiul-moon403.jpg\",\"width\":600,\"height\":800,\"caption\":\"kassi-riiul-moon40(1)\"},{\"@type\":\"BreadcrumbList\",\"@id\":\"https:\/\/miumjau.ee\/lt\/toode\/sienine-lova-moon-40-petrebels-pilkai-senos-spalvos\/#breadcrumb\",\"itemListElement\":[{\"@type\":\"ListItem\",\"position\":1,\"name\":\"Home\",\"item\":\"https:\/\/miumjau.ee\/lt\/\"},{\"@type\":\"ListItem\",\"position\":2,\"name\":\"Parduotuv\u0117\",\"item\":\"https:\/\/miumjau.ee\/lt\/parduotuve\/\"},{\"@type\":\"ListItem\",\"position\":3,\"name\":\"Sienin\u0117 lova Moon 40 Petrebels, pilkai senos spalvos\"}]},{\"@type\":\"WebSite\",\"@id\":\"https:\/\/miumjau.ee\/#website\",\"url\":\"https:\/\/miumjau.ee\/\",\"name\":\"MiuMjau\",\"description\":\"Kraapimispuud kassidele\",\"publisher\":{\"@id\":\"https:\/\/miumjau.ee\/#organization\"},\"potentialAction\":[{\"@type\":\"SearchAction\",\"target\":{\"@type\":\"EntryPoint\",\"urlTemplate\":\"https:\/\/miumjau.ee\/?s={search_term_string}\"},\"query-input\":{\"@type\":\"PropertyValueSpecification\",\"valueRequired\":true,\"valueName\":\"search_term_string\"}}],\"inLanguage\":\"lt-LT\"},{\"@type\":\"Organization\",\"@id\":\"https:\/\/miumjau.ee\/#organization\",\"name\":\"MiuMjau O\u00dc\",\"url\":\"https:\/\/miumjau.ee\/\",\"logo\":{\"@type\":\"ImageObject\",\"inLanguage\":\"lt-LT\",\"@id\":\"https:\/\/miumjau.ee\/#\/schema\/logo\/image\/\",\"url\":\"https:\/\/miumjau.ee\/wp-content\/uploads\/2022\/04\/MiuMjau-logo-kollane.png\",\"contentUrl\":\"https:\/\/miumjau.ee\/wp-content\/uploads\/2022\/04\/MiuMjau-logo-kollane.png\",\"width\":219,\"height\":100,\"caption\":\"MiuMjau O\u00dc\"},\"image\":{\"@id\":\"https:\/\/miumjau.ee\/#\/schema\/logo\/image\/\"},\"sameAs\":[\"https:\/\/www.facebook.com\/miumjaupood\/\"]}]}<\/script>\n<!-- \/ Yoast SEO plugin. -->","yoast_head_json":{"title":"Sienin\u0117 lova Moon 40 Petrebels, pilkai senos spalvos - MiuMjau","robots":{"index":"index","follow":"follow","max-snippet":"max-snippet:-1","max-image-preview":"max-image-preview:large","max-video-preview":"max-video-preview:-1"},"canonical":"https:\/\/miumjau.ee\/lt\/toode\/sienine-lova-moon-40-petrebels-pilkai-senos-spalvos\/","og_locale":"lt_LT","og_type":"article","og_title":"Sienin\u0117 lova Moon 40 Petrebels, pilkai senos spalvos - MiuMjau","og_description":"Kat\u0117s lentyna Relax 50 i\u0161 PetRebels \u2013 vienas i\u0161 sienini\u0173 element\u0173, kuriuo galite papildyti savo kat\u0117s \u017eaidim\u0173 sien\u0105. Tokie sieniniai elementai naudojami tada, kai namuose yra vaik\u0173 ar \u0161un\u0173, kurie gali trukdyti katei, d\u0117l to ji tampa nerami. Kad to i\u0161vengtum\u0117te, galite sukurti katei saugi\u0105 erdv\u0119 auk\u0161\u010diau nuo grind\u0173. PetRebels si\u016blo plat\u0173 toki\u0173 element\u0173 asortiment\u0105, tod\u0117l galite sukurti unikali\u0105 kombinacij\u0105 pagal savo fantazij\u0105. Matmenys \u2013 50 \u00d7 35 \u00d7 6 cm (ilgis, plotis, auk\u0161tis)  Produkto svoris \u2013 2 kg. Tai mink\u0161ta ir lygi platforma katei, tvirtinama prie sienos. Gali b\u016bti naudojama kaip steb\u0117jimo vieta ar poilsio vieta.  Serija sukurta kat\u0117ms miegoti, \u017eaisti, laipioti ir draskyti. Elementus galima derinti tarpusavyje. Jei j\u016bs\u0173 kat\u0117 vyresn\u0117, lentyn\u0105 tvirtinkite ar\u010diau \u017eem\u0117s. Jei ji aktyvi ir m\u0117gsta auk\u0161t\u012f \u2013 pakabinkite auk\u0161\u010diau. Kad kat\u0117 gal\u0117t\u0173 j\u0105 lengvai pasiekti, sujunkite su kitais elementais, pvz., kop\u0117\u010diomis ar tiltu. Mink\u0161tas 4 cm storio u\u017evalkalas tvirtinamas spaud\u0117mis ir skalbiamas ma\u0161inoje.  Visi tvirtinimo prie sienos elementai yra komplekte.","og_url":"https:\/\/miumjau.ee\/lt\/toode\/sienine-lova-moon-40-petrebels-pilkai-senos-spalvos\/","og_site_name":"MiuMjau","article_publisher":"https:\/\/www.facebook.com\/miumjaupood\/","article_modified_time":"2026-01-07T18:55:13+00:00","og_image":[{"width":600,"height":800,"url":"https:\/\/miumjau.ee\/wp-content\/uploads\/2023\/12\/kassi-riiul-moon403.jpg","type":"image\/jpeg"}],"twitter_card":"summary_large_image","schema":{"@context":"https:\/\/schema.org","@graph":[{"@type":"WebPage","@id":"https:\/\/miumjau.ee\/lt\/toode\/sienine-lova-moon-40-petrebels-pilkai-senos-spalvos\/","url":"https:\/\/miumjau.ee\/lt\/toode\/sienine-lova-moon-40-petrebels-pilkai-senos-spalvos\/","name":"Sienin\u0117 lova Moon 40 Petrebels, pilkai senos spalvos - MiuMjau","isPartOf":{"@id":"https:\/\/miumjau.ee\/#website"},"primaryImageOfPage":{"@id":"https:\/\/miumjau.ee\/lt\/toode\/sienine-lova-moon-40-petrebels-pilkai-senos-spalvos\/#primaryimage"},"image":{"@id":"https:\/\/miumjau.ee\/lt\/toode\/sienine-lova-moon-40-petrebels-pilkai-senos-spalvos\/#primaryimage"},"thumbnailUrl":"https:\/\/miumjau.ee\/wp-content\/uploads\/2023\/12\/kassi-riiul-moon403.jpg","datePublished":"2023-12-26T18:59:38+00:00","dateModified":"2026-01-07T18:55:13+00:00","breadcrumb":{"@id":"https:\/\/miumjau.ee\/lt\/toode\/sienine-lova-moon-40-petrebels-pilkai-senos-spalvos\/#breadcrumb"},"inLanguage":"lt-LT","potentialAction":[{"@type":"ReadAction","target":["https:\/\/miumjau.ee\/lt\/toode\/sienine-lova-moon-40-petrebels-pilkai-senos-spalvos\/"]}]},{"@type":"ImageObject","inLanguage":"lt-LT","@id":"https:\/\/miumjau.ee\/lt\/toode\/sienine-lova-moon-40-petrebels-pilkai-senos-spalvos\/#primaryimage","url":"https:\/\/miumjau.ee\/wp-content\/uploads\/2023\/12\/kassi-riiul-moon403.jpg","contentUrl":"https:\/\/miumjau.ee\/wp-content\/uploads\/2023\/12\/kassi-riiul-moon403.jpg","width":600,"height":800,"caption":"kassi-riiul-moon40(1)"},{"@type":"BreadcrumbList","@id":"https:\/\/miumjau.ee\/lt\/toode\/sienine-lova-moon-40-petrebels-pilkai-senos-spalvos\/#breadcrumb","itemListElement":[{"@type":"ListItem","position":1,"name":"Home","item":"https:\/\/miumjau.ee\/lt\/"},{"@type":"ListItem","position":2,"name":"Parduotuv\u0117","item":"https:\/\/miumjau.ee\/lt\/parduotuve\/"},{"@type":"ListItem","position":3,"name":"Sienin\u0117 lova Moon 40 Petrebels, pilkai senos spalvos"}]},{"@type":"WebSite","@id":"https:\/\/miumjau.ee\/#website","url":"https:\/\/miumjau.ee\/","name":"MiuMjau","description":"Kraapimispuud kassidele","publisher":{"@id":"https:\/\/miumjau.ee\/#organization"},"potentialAction":[{"@type":"SearchAction","target":{"@type":"EntryPoint","urlTemplate":"https:\/\/miumjau.ee\/?s={search_term_string}"},"query-input":{"@type":"PropertyValueSpecification","valueRequired":true,"valueName":"search_term_string"}}],"inLanguage":"lt-LT"},{"@type":"Organization","@id":"https:\/\/miumjau.ee\/#organization","name":"MiuMjau O\u00dc","url":"https:\/\/miumjau.ee\/","logo":{"@type":"ImageObject","inLanguage":"lt-LT","@id":"https:\/\/miumjau.ee\/#\/schema\/logo\/image\/","url":"https:\/\/miumjau.ee\/wp-content\/uploads\/2022\/04\/MiuMjau-logo-kollane.png","contentUrl":"https:\/\/miumjau.ee\/wp-content\/uploads\/2022\/04\/MiuMjau-logo-kollane.png","width":219,"height":100,"caption":"MiuMjau O\u00dc"},"image":{"@id":"https:\/\/miumjau.ee\/#\/schema\/logo\/image\/"},"sameAs":["https:\/\/www.facebook.com\/miumjaupood\/"]}]}},"_links":{"self":[{"href":"https:\/\/miumjau.ee\/lt\/wp-json\/wp\/v2\/product\/41042","targetHints":{"allow":["GET"]}}],"collection":[{"href":"https:\/\/miumjau.ee\/lt\/wp-json\/wp\/v2\/product"}],"about":[{"href":"https:\/\/miumjau.ee\/lt\/wp-json\/wp\/v2\/types\/product"}],"wp:featuredmedia":[{"embeddable":true,"href":"https:\/\/miumjau.ee\/lt\/wp-json\/wp\/v2\/media\/41932"}],"wp:attachment":[{"href":"https:\/\/miumjau.ee\/lt\/wp-json\/wp\/v2\/media?parent=41042"}],"wp:term":[{"taxonomy":"product_brand","embeddable":true,"href":"https:\/\/miumjau.ee\/lt\/wp-json\/wp\/v2\/product_brand?post=41042"},{"taxonomy":"product_cat","embeddable":true,"href":"https:\/\/miumjau.ee\/lt\/wp-json\/wp\/v2\/product_cat?post=41042"},{"taxonomy":"product_tag","embeddable":true,"href":"https:\/\/miumjau.ee\/lt\/wp-json\/wp\/v2\/product_tag?post=41042"}],"curies":[{"name":"wp","href":"https:\/\/api.w.org\/{rel}","templated":true}]}}