{"id":41041,"date":"2023-12-26T20:52:15","date_gmt":"2023-12-26T18:52:15","guid":{"rendered":"https:\/\/miumjau.ee\/toode\/sienine-lova-moon-40-petrebels-venge-spalvos\/"},"modified":"2026-01-07T20:55:13","modified_gmt":"2026-01-07T18:55:13","slug":"sienine-lova-moon-40-petrebels-venge-spalvos","status":"publish","type":"product","link":"https:\/\/miumjau.ee\/lt\/produktas\/sienine-lova-moon-40-petrebels-venge-spalvos\/","title":{"rendered":"Sienin\u0117 lova Moon 40 Petrebels, venge spalvos"},"content":{"rendered":"","protected":false},"excerpt":{"rendered":"<p>Sienin\u0117 gultas Moon 40 \u2013 vienas i\u0161 element\u0173, kuriuo galima papildyti kat\u0117s laipiojimo sien\u0105. Tokie sieniniai elementai da\u017enai naudojami, kai namuose yra vaik\u0173 ar \u0161un\u0173, kurie gali trukdyti katei, d\u0117l to ji tampa nervinga. Kad to i\u0161vengtum\u0117te, galite sukurti katei saugi\u0105 erdv\u0119 auk\u0161\u010diau nuo grind\u0173. PetRebels sienini\u0173 element\u0173 kategorijoje rasite visk\u0105, ko reikia, kad sukurtum\u0117te savo augintinei ideali\u0105 laipiojimo konstrukcij\u0105.<\/p>\n<p>Moon 40 matmenys: 40 \u00d7 40 \u00d7 35 cm<br \/>\nProdukto svoris \u2013 4,2 kg.<\/p>\n<p>Apvalaus dizaino sieninis kat\u0117s guolis \u2013 mielas, mink\u0161tas ir patogus. Visa serija sukurta kat\u0117ms miegoti, \u017eaisti, laipioti, b\u0117gioti ir draskyti. Visi elementai gali b\u016bti jungiami tarpusavyje be galo. Jei j\u016bs\u0173 kat\u0117 vyresn\u0117 ar ma\u017eiau judri, guol\u012f tvirtinkite \u017eemai. Aktyvioms kat\u0117ms pakabinkite j\u012f auk\u0161\u010diau ir sujunkite su Wall of Rebels serijos laipteliais, kop\u0117\u010diomis ar tiltu.<\/p>\n<p>Matmenys \u2013 ilgis 40 cm, plotis 40 cm, auk\u0161tis 35 cm<br \/>\nGuolis pagamintas i\u0161 vieno lenkto eukalipto faneros gabalo<br \/>\nMink\u0161tas 2,5 cm storio u\u017evalkalas tvirtinamas spaud\u0117mis ir skalbiamas ma\u0161inoje<br \/>\nVisi tvirtinimo prie sienos elementai \u012ftraukti \u012f komplekt\u0105<\/p>\n","protected":false},"featured_media":41921,"template":"","meta":[],"product_brand":[],"product_cat":[517,524],"product_tag":[],"class_list":{"0":"post-41041","1":"product","2":"type-product","3":"status-publish","4":"has-post-thumbnail","6":"product_cat-laipiojimo-sienele-katems","7":"product_cat-kaup24-lt","8":"product_shipping_class-pakiautomaati-sobimatu-lt","10":"first","11":"instock","12":"sale","13":"taxable","14":"shipping-taxable","15":"purchasable","16":"product-type-simple"},"yoast_head":"<!-- This site is optimized with the Yoast SEO plugin v27.2 - https:\/\/yoast.com\/product\/yoast-seo-wordpress\/ -->\n<title>Sienin\u0117 lova Moon 40 Petrebels, venge spalvos - MiuMjau<\/title>\n<meta name=\"robots\" content=\"index, follow, max-snippet:-1, max-image-preview:large, max-video-preview:-1\" \/>\n<link rel=\"canonical\" href=\"https:\/\/miumjau.ee\/lt\/toode\/sienine-lova-moon-40-petrebels-venge-spalvos\/\" \/>\n<meta property=\"og:locale\" content=\"lt_LT\" \/>\n<meta property=\"og:type\" content=\"article\" \/>\n<meta property=\"og:title\" content=\"Sienin\u0117 lova Moon 40 Petrebels, venge spalvos - MiuMjau\" \/>\n<meta property=\"og:description\" content=\"Sienin\u0117 gultas Moon 40 \u2013 vienas i\u0161 element\u0173, kuriuo galima papildyti kat\u0117s laipiojimo sien\u0105. Tokie sieniniai elementai da\u017enai naudojami, kai namuose yra vaik\u0173 ar \u0161un\u0173, kurie gali trukdyti katei, d\u0117l to ji tampa nervinga. Kad to i\u0161vengtum\u0117te, galite sukurti katei saugi\u0105 erdv\u0119 auk\u0161\u010diau nuo grind\u0173. PetRebels sienini\u0173 element\u0173 kategorijoje rasite visk\u0105, ko reikia, kad sukurtum\u0117te savo augintinei ideali\u0105 laipiojimo konstrukcij\u0105. Moon 40 matmenys: 40 \u00d7 40 \u00d7 35 cm  Produkto svoris \u2013 4,2 kg. Apvalaus dizaino sieninis kat\u0117s guolis \u2013 mielas, mink\u0161tas ir patogus. Visa serija sukurta kat\u0117ms miegoti, \u017eaisti, laipioti, b\u0117gioti ir draskyti. Visi elementai gali b\u016bti jungiami tarpusavyje be galo. Jei j\u016bs\u0173 kat\u0117 vyresn\u0117 ar ma\u017eiau judri, guol\u012f tvirtinkite \u017eemai. Aktyvioms kat\u0117ms pakabinkite j\u012f auk\u0161\u010diau ir sujunkite su Wall of Rebels serijos laipteliais, kop\u0117\u010diomis ar tiltu. Matmenys \u2013 ilgis 40 cm, plotis 40 cm, auk\u0161tis 35 cm  Guolis pagamintas i\u0161 vieno lenkto eukalipto faneros gabalo  Mink\u0161tas 2,5 cm storio u\u017evalkalas tvirtinamas spaud\u0117mis ir skalbiamas ma\u0161inoje  Visi tvirtinimo prie sienos elementai \u012ftraukti \u012f komplekt\u0105\" \/>\n<meta property=\"og:url\" content=\"https:\/\/miumjau.ee\/lt\/toode\/sienine-lova-moon-40-petrebels-venge-spalvos\/\" \/>\n<meta property=\"og:site_name\" content=\"MiuMjau\" \/>\n<meta property=\"article:publisher\" content=\"https:\/\/www.facebook.com\/miumjaupood\/\" \/>\n<meta property=\"article:modified_time\" content=\"2026-01-07T18:55:13+00:00\" \/>\n<meta property=\"og:image\" content=\"https:\/\/miumjau.ee\/wp-content\/uploads\/2023\/12\/kassi-riiul-moon401.jpg\" \/>\n\t<meta property=\"og:image:width\" content=\"600\" \/>\n\t<meta property=\"og:image:height\" content=\"800\" \/>\n\t<meta property=\"og:image:type\" content=\"image\/jpeg\" \/>\n<meta name=\"twitter:card\" content=\"summary_large_image\" \/>\n<script type=\"application\/ld+json\" class=\"yoast-schema-graph\">{\"@context\":\"https:\/\/schema.org\",\"@graph\":[{\"@type\":\"WebPage\",\"@id\":\"https:\/\/miumjau.ee\/lt\/toode\/sienine-lova-moon-40-petrebels-venge-spalvos\/\",\"url\":\"https:\/\/miumjau.ee\/lt\/toode\/sienine-lova-moon-40-petrebels-venge-spalvos\/\",\"name\":\"Sienin\u0117 lova Moon 40 Petrebels, venge spalvos - MiuMjau\",\"isPartOf\":{\"@id\":\"https:\/\/miumjau.ee\/#website\"},\"primaryImageOfPage\":{\"@id\":\"https:\/\/miumjau.ee\/lt\/toode\/sienine-lova-moon-40-petrebels-venge-spalvos\/#primaryimage\"},\"image\":{\"@id\":\"https:\/\/miumjau.ee\/lt\/toode\/sienine-lova-moon-40-petrebels-venge-spalvos\/#primaryimage\"},\"thumbnailUrl\":\"https:\/\/miumjau.ee\/wp-content\/uploads\/2023\/12\/kassi-riiul-moon401.jpg\",\"datePublished\":\"2023-12-26T18:52:15+00:00\",\"dateModified\":\"2026-01-07T18:55:13+00:00\",\"breadcrumb\":{\"@id\":\"https:\/\/miumjau.ee\/lt\/toode\/sienine-lova-moon-40-petrebels-venge-spalvos\/#breadcrumb\"},\"inLanguage\":\"lt-LT\",\"potentialAction\":[{\"@type\":\"ReadAction\",\"target\":[\"https:\/\/miumjau.ee\/lt\/toode\/sienine-lova-moon-40-petrebels-venge-spalvos\/\"]}]},{\"@type\":\"ImageObject\",\"inLanguage\":\"lt-LT\",\"@id\":\"https:\/\/miumjau.ee\/lt\/toode\/sienine-lova-moon-40-petrebels-venge-spalvos\/#primaryimage\",\"url\":\"https:\/\/miumjau.ee\/wp-content\/uploads\/2023\/12\/kassi-riiul-moon401.jpg\",\"contentUrl\":\"https:\/\/miumjau.ee\/wp-content\/uploads\/2023\/12\/kassi-riiul-moon401.jpg\",\"width\":600,\"height\":800,\"caption\":\"kassi-riiul-moon40(1)\"},{\"@type\":\"BreadcrumbList\",\"@id\":\"https:\/\/miumjau.ee\/lt\/toode\/sienine-lova-moon-40-petrebels-venge-spalvos\/#breadcrumb\",\"itemListElement\":[{\"@type\":\"ListItem\",\"position\":1,\"name\":\"Home\",\"item\":\"https:\/\/miumjau.ee\/lt\/\"},{\"@type\":\"ListItem\",\"position\":2,\"name\":\"Parduotuv\u0117\",\"item\":\"https:\/\/miumjau.ee\/lt\/parduotuve\/\"},{\"@type\":\"ListItem\",\"position\":3,\"name\":\"Sienin\u0117 lova Moon 40 Petrebels, venge spalvos\"}]},{\"@type\":\"WebSite\",\"@id\":\"https:\/\/miumjau.ee\/#website\",\"url\":\"https:\/\/miumjau.ee\/\",\"name\":\"MiuMjau\",\"description\":\"Kraapimispuud kassidele\",\"publisher\":{\"@id\":\"https:\/\/miumjau.ee\/#organization\"},\"potentialAction\":[{\"@type\":\"SearchAction\",\"target\":{\"@type\":\"EntryPoint\",\"urlTemplate\":\"https:\/\/miumjau.ee\/?s={search_term_string}\"},\"query-input\":{\"@type\":\"PropertyValueSpecification\",\"valueRequired\":true,\"valueName\":\"search_term_string\"}}],\"inLanguage\":\"lt-LT\"},{\"@type\":\"Organization\",\"@id\":\"https:\/\/miumjau.ee\/#organization\",\"name\":\"MiuMjau O\u00dc\",\"url\":\"https:\/\/miumjau.ee\/\",\"logo\":{\"@type\":\"ImageObject\",\"inLanguage\":\"lt-LT\",\"@id\":\"https:\/\/miumjau.ee\/#\/schema\/logo\/image\/\",\"url\":\"https:\/\/miumjau.ee\/wp-content\/uploads\/2022\/04\/MiuMjau-logo-kollane.png\",\"contentUrl\":\"https:\/\/miumjau.ee\/wp-content\/uploads\/2022\/04\/MiuMjau-logo-kollane.png\",\"width\":219,\"height\":100,\"caption\":\"MiuMjau O\u00dc\"},\"image\":{\"@id\":\"https:\/\/miumjau.ee\/#\/schema\/logo\/image\/\"},\"sameAs\":[\"https:\/\/www.facebook.com\/miumjaupood\/\"]}]}<\/script>\n<!-- \/ Yoast SEO plugin. -->","yoast_head_json":{"title":"Sienin\u0117 lova Moon 40 Petrebels, venge spalvos - MiuMjau","robots":{"index":"index","follow":"follow","max-snippet":"max-snippet:-1","max-image-preview":"max-image-preview:large","max-video-preview":"max-video-preview:-1"},"canonical":"https:\/\/miumjau.ee\/lt\/toode\/sienine-lova-moon-40-petrebels-venge-spalvos\/","og_locale":"lt_LT","og_type":"article","og_title":"Sienin\u0117 lova Moon 40 Petrebels, venge spalvos - MiuMjau","og_description":"Sienin\u0117 gultas Moon 40 \u2013 vienas i\u0161 element\u0173, kuriuo galima papildyti kat\u0117s laipiojimo sien\u0105. Tokie sieniniai elementai da\u017enai naudojami, kai namuose yra vaik\u0173 ar \u0161un\u0173, kurie gali trukdyti katei, d\u0117l to ji tampa nervinga. Kad to i\u0161vengtum\u0117te, galite sukurti katei saugi\u0105 erdv\u0119 auk\u0161\u010diau nuo grind\u0173. PetRebels sienini\u0173 element\u0173 kategorijoje rasite visk\u0105, ko reikia, kad sukurtum\u0117te savo augintinei ideali\u0105 laipiojimo konstrukcij\u0105. Moon 40 matmenys: 40 \u00d7 40 \u00d7 35 cm  Produkto svoris \u2013 4,2 kg. Apvalaus dizaino sieninis kat\u0117s guolis \u2013 mielas, mink\u0161tas ir patogus. Visa serija sukurta kat\u0117ms miegoti, \u017eaisti, laipioti, b\u0117gioti ir draskyti. Visi elementai gali b\u016bti jungiami tarpusavyje be galo. Jei j\u016bs\u0173 kat\u0117 vyresn\u0117 ar ma\u017eiau judri, guol\u012f tvirtinkite \u017eemai. Aktyvioms kat\u0117ms pakabinkite j\u012f auk\u0161\u010diau ir sujunkite su Wall of Rebels serijos laipteliais, kop\u0117\u010diomis ar tiltu. Matmenys \u2013 ilgis 40 cm, plotis 40 cm, auk\u0161tis 35 cm  Guolis pagamintas i\u0161 vieno lenkto eukalipto faneros gabalo  Mink\u0161tas 2,5 cm storio u\u017evalkalas tvirtinamas spaud\u0117mis ir skalbiamas ma\u0161inoje  Visi tvirtinimo prie sienos elementai \u012ftraukti \u012f komplekt\u0105","og_url":"https:\/\/miumjau.ee\/lt\/toode\/sienine-lova-moon-40-petrebels-venge-spalvos\/","og_site_name":"MiuMjau","article_publisher":"https:\/\/www.facebook.com\/miumjaupood\/","article_modified_time":"2026-01-07T18:55:13+00:00","og_image":[{"width":600,"height":800,"url":"https:\/\/miumjau.ee\/wp-content\/uploads\/2023\/12\/kassi-riiul-moon401.jpg","type":"image\/jpeg"}],"twitter_card":"summary_large_image","schema":{"@context":"https:\/\/schema.org","@graph":[{"@type":"WebPage","@id":"https:\/\/miumjau.ee\/lt\/toode\/sienine-lova-moon-40-petrebels-venge-spalvos\/","url":"https:\/\/miumjau.ee\/lt\/toode\/sienine-lova-moon-40-petrebels-venge-spalvos\/","name":"Sienin\u0117 lova Moon 40 Petrebels, venge spalvos - MiuMjau","isPartOf":{"@id":"https:\/\/miumjau.ee\/#website"},"primaryImageOfPage":{"@id":"https:\/\/miumjau.ee\/lt\/toode\/sienine-lova-moon-40-petrebels-venge-spalvos\/#primaryimage"},"image":{"@id":"https:\/\/miumjau.ee\/lt\/toode\/sienine-lova-moon-40-petrebels-venge-spalvos\/#primaryimage"},"thumbnailUrl":"https:\/\/miumjau.ee\/wp-content\/uploads\/2023\/12\/kassi-riiul-moon401.jpg","datePublished":"2023-12-26T18:52:15+00:00","dateModified":"2026-01-07T18:55:13+00:00","breadcrumb":{"@id":"https:\/\/miumjau.ee\/lt\/toode\/sienine-lova-moon-40-petrebels-venge-spalvos\/#breadcrumb"},"inLanguage":"lt-LT","potentialAction":[{"@type":"ReadAction","target":["https:\/\/miumjau.ee\/lt\/toode\/sienine-lova-moon-40-petrebels-venge-spalvos\/"]}]},{"@type":"ImageObject","inLanguage":"lt-LT","@id":"https:\/\/miumjau.ee\/lt\/toode\/sienine-lova-moon-40-petrebels-venge-spalvos\/#primaryimage","url":"https:\/\/miumjau.ee\/wp-content\/uploads\/2023\/12\/kassi-riiul-moon401.jpg","contentUrl":"https:\/\/miumjau.ee\/wp-content\/uploads\/2023\/12\/kassi-riiul-moon401.jpg","width":600,"height":800,"caption":"kassi-riiul-moon40(1)"},{"@type":"BreadcrumbList","@id":"https:\/\/miumjau.ee\/lt\/toode\/sienine-lova-moon-40-petrebels-venge-spalvos\/#breadcrumb","itemListElement":[{"@type":"ListItem","position":1,"name":"Home","item":"https:\/\/miumjau.ee\/lt\/"},{"@type":"ListItem","position":2,"name":"Parduotuv\u0117","item":"https:\/\/miumjau.ee\/lt\/parduotuve\/"},{"@type":"ListItem","position":3,"name":"Sienin\u0117 lova Moon 40 Petrebels, venge spalvos"}]},{"@type":"WebSite","@id":"https:\/\/miumjau.ee\/#website","url":"https:\/\/miumjau.ee\/","name":"MiuMjau","description":"Kraapimispuud kassidele","publisher":{"@id":"https:\/\/miumjau.ee\/#organization"},"potentialAction":[{"@type":"SearchAction","target":{"@type":"EntryPoint","urlTemplate":"https:\/\/miumjau.ee\/?s={search_term_string}"},"query-input":{"@type":"PropertyValueSpecification","valueRequired":true,"valueName":"search_term_string"}}],"inLanguage":"lt-LT"},{"@type":"Organization","@id":"https:\/\/miumjau.ee\/#organization","name":"MiuMjau O\u00dc","url":"https:\/\/miumjau.ee\/","logo":{"@type":"ImageObject","inLanguage":"lt-LT","@id":"https:\/\/miumjau.ee\/#\/schema\/logo\/image\/","url":"https:\/\/miumjau.ee\/wp-content\/uploads\/2022\/04\/MiuMjau-logo-kollane.png","contentUrl":"https:\/\/miumjau.ee\/wp-content\/uploads\/2022\/04\/MiuMjau-logo-kollane.png","width":219,"height":100,"caption":"MiuMjau O\u00dc"},"image":{"@id":"https:\/\/miumjau.ee\/#\/schema\/logo\/image\/"},"sameAs":["https:\/\/www.facebook.com\/miumjaupood\/"]}]}},"_links":{"self":[{"href":"https:\/\/miumjau.ee\/lt\/wp-json\/wp\/v2\/product\/41041","targetHints":{"allow":["GET"]}}],"collection":[{"href":"https:\/\/miumjau.ee\/lt\/wp-json\/wp\/v2\/product"}],"about":[{"href":"https:\/\/miumjau.ee\/lt\/wp-json\/wp\/v2\/types\/product"}],"wp:featuredmedia":[{"embeddable":true,"href":"https:\/\/miumjau.ee\/lt\/wp-json\/wp\/v2\/media\/41921"}],"wp:attachment":[{"href":"https:\/\/miumjau.ee\/lt\/wp-json\/wp\/v2\/media?parent=41041"}],"wp:term":[{"taxonomy":"product_brand","embeddable":true,"href":"https:\/\/miumjau.ee\/lt\/wp-json\/wp\/v2\/product_brand?post=41041"},{"taxonomy":"product_cat","embeddable":true,"href":"https:\/\/miumjau.ee\/lt\/wp-json\/wp\/v2\/product_cat?post=41041"},{"taxonomy":"product_tag","embeddable":true,"href":"https:\/\/miumjau.ee\/lt\/wp-json\/wp\/v2\/product_tag?post=41041"}],"curies":[{"name":"wp","href":"https:\/\/api.w.org\/{rel}","templated":true}]}}