{"id":41040,"date":"2023-12-26T15:41:25","date_gmt":"2023-12-26T13:41:25","guid":{"rendered":"https:\/\/miumjau.ee\/toode\/draskykle-petrebels-route-180-pilka\/"},"modified":"2026-01-07T20:55:13","modified_gmt":"2026-01-07T18:55:13","slug":"draskykle-petrebels-route-180-pilka","status":"publish","type":"product","link":"https:\/\/miumjau.ee\/lt\/produktas\/draskykle-petrebels-route-180-pilka\/","title":{"rendered":"Draskykl\u0117 Petrebels Route 180, pilka"},"content":{"rendered":"","protected":false},"excerpt":{"rendered":"<p>Draskykl\u0117s modelis Route 180 sukurtas tikriems draskymo profesionalams, kuriems u\u017elipti iki pat vir\u0161aus \u2013 kasdienyb\u0117. \u0160iuo modeliu gali naudotis net didel\u0117s ir sunkesn\u0117s kat\u0117s. Jei j\u016bs\u0173 kat\u0117 m\u0117gsta steb\u0117ti aplink\u0105 ir b\u016bti auk\u0161tai, Route 180 tam puikiai tinka. D\u0117l keli\u0173 poilsio viet\u0173 \u0161i draskykl\u0117 tinka kelioms kat\u0117ms vienu metu. Vietos u\u017etenka visoms \u2013 pe\u0161tis nereik\u0117s! Ji kompakti\u0161ka, tod\u0117l puikiai tinka bet kokiems namams ir neu\u017eima daug vietos.<\/p>\n<p>Auk\u0161tis \u2013 180 cm<br \/>\nPagrindas \u2013 76 \u00d7 50 cm<\/p>\n<p>Pakabinamo guolio maksimali apkrova \u2013 15 kg. Jei j\u016bs\u0173 kat\u0117 labai didel\u0117 arba kelios m\u0117gsta miegoti kartu, rekomenduojame model\u012f Route 210, kurio pakabinam\u0173 guoli\u0173 laikomoji galia siekia 25 kg.<br \/>\nStulp\u0173 storis skiriasi \u2013 kai kurie 12 cm, kiti net 15 cm skersmens!<\/p>\n<p>PS: pakabinamas guolis ir mink\u0161ti pagalv\u0117liai skalbiami ma\u0161inoje.<br \/>\nProduktas pristatomas 2 d\u0117\u017e\u0117se, bendras svoris \u2013 48 kg.<\/p>\n","protected":false},"featured_media":41914,"template":"","meta":[],"product_brand":[],"product_cat":[524,513],"product_tag":[],"class_list":{"0":"post-41040","1":"product","2":"type-product","3":"status-publish","4":"has-post-thumbnail","6":"product_cat-kaup24-lt","7":"product_cat-vidutinio-dydzio-draskymo-medziai-petrebels","9":"first","10":"instock","11":"taxable","12":"shipping-taxable","13":"purchasable","14":"product-type-simple"},"yoast_head":"<!-- This site is optimized with the Yoast SEO plugin v27.4 - https:\/\/yoast.com\/product\/yoast-seo-wordpress\/ -->\n<title>Draskykl\u0117 Petrebels Route 180, pilka - MiuMjau<\/title>\n<meta name=\"robots\" content=\"index, follow, max-snippet:-1, max-image-preview:large, max-video-preview:-1\" \/>\n<link rel=\"canonical\" href=\"https:\/\/miumjau.ee\/lt\/produktas\/draskykle-petrebels-route-180-pilka\/\" \/>\n<meta property=\"og:locale\" content=\"lt_LT\" \/>\n<meta property=\"og:type\" content=\"article\" \/>\n<meta property=\"og:title\" content=\"Draskykl\u0117 Petrebels Route 180, pilka - MiuMjau\" \/>\n<meta property=\"og:description\" content=\"Draskykl\u0117s modelis Route 180 sukurtas tikriems draskymo profesionalams, kuriems u\u017elipti iki pat vir\u0161aus \u2013 kasdienyb\u0117. \u0160iuo modeliu gali naudotis net didel\u0117s ir sunkesn\u0117s kat\u0117s. Jei j\u016bs\u0173 kat\u0117 m\u0117gsta steb\u0117ti aplink\u0105 ir b\u016bti auk\u0161tai, Route 180 tam puikiai tinka. D\u0117l keli\u0173 poilsio viet\u0173 \u0161i draskykl\u0117 tinka kelioms kat\u0117ms vienu metu. Vietos u\u017etenka visoms \u2013 pe\u0161tis nereik\u0117s! Ji kompakti\u0161ka, tod\u0117l puikiai tinka bet kokiems namams ir neu\u017eima daug vietos. Auk\u0161tis \u2013 180 cm  Pagrindas \u2013 76 \u00d7 50 cm Pakabinamo guolio maksimali apkrova \u2013 15 kg. Jei j\u016bs\u0173 kat\u0117 labai didel\u0117 arba kelios m\u0117gsta miegoti kartu, rekomenduojame model\u012f Route 210, kurio pakabinam\u0173 guoli\u0173 laikomoji galia siekia 25 kg.  Stulp\u0173 storis skiriasi \u2013 kai kurie 12 cm, kiti net 15 cm skersmens! PS: pakabinamas guolis ir mink\u0161ti pagalv\u0117liai skalbiami ma\u0161inoje.  Produktas pristatomas 2 d\u0117\u017e\u0117se, bendras svoris \u2013 48 kg.\" \/>\n<meta property=\"og:url\" content=\"https:\/\/miumjau.ee\/lt\/produktas\/draskykle-petrebels-route-180-pilka\/\" \/>\n<meta property=\"og:site_name\" content=\"MiuMjau\" \/>\n<meta property=\"article:publisher\" content=\"https:\/\/www.facebook.com\/miumjaupood\/\" \/>\n<meta property=\"article:modified_time\" content=\"2026-01-07T18:55:13+00:00\" \/>\n<meta property=\"og:image\" content=\"https:\/\/miumjau.ee\/wp-content\/uploads\/2023\/12\/kraapimispuu-route180-hall6.jpg\" \/>\n\t<meta property=\"og:image:width\" content=\"600\" \/>\n\t<meta property=\"og:image:height\" content=\"800\" \/>\n\t<meta property=\"og:image:type\" content=\"image\/jpeg\" \/>\n<meta name=\"twitter:card\" content=\"summary_large_image\" \/>\n<script type=\"application\/ld+json\" class=\"yoast-schema-graph\">{\"@context\":\"https:\\\/\\\/schema.org\",\"@graph\":[{\"@type\":\"WebPage\",\"@id\":\"https:\\\/\\\/miumjau.ee\\\/lt\\\/produktas\\\/draskykle-petrebels-route-180-pilka\\\/\",\"url\":\"https:\\\/\\\/miumjau.ee\\\/lt\\\/produktas\\\/draskykle-petrebels-route-180-pilka\\\/\",\"name\":\"Draskykl\u0117 Petrebels Route 180, pilka - MiuMjau\",\"isPartOf\":{\"@id\":\"https:\\\/\\\/miumjau.ee\\\/#website\"},\"primaryImageOfPage\":{\"@id\":\"https:\\\/\\\/miumjau.ee\\\/lt\\\/produktas\\\/draskykle-petrebels-route-180-pilka\\\/#primaryimage\"},\"image\":{\"@id\":\"https:\\\/\\\/miumjau.ee\\\/lt\\\/produktas\\\/draskykle-petrebels-route-180-pilka\\\/#primaryimage\"},\"thumbnailUrl\":\"https:\\\/\\\/miumjau.ee\\\/wp-content\\\/uploads\\\/2023\\\/12\\\/kraapimispuu-route180-hall6.jpg\",\"datePublished\":\"2023-12-26T13:41:25+00:00\",\"dateModified\":\"2026-01-07T18:55:13+00:00\",\"breadcrumb\":{\"@id\":\"https:\\\/\\\/miumjau.ee\\\/lt\\\/produktas\\\/draskykle-petrebels-route-180-pilka\\\/#breadcrumb\"},\"inLanguage\":\"lt-LT\",\"potentialAction\":[{\"@type\":\"ReadAction\",\"target\":[\"https:\\\/\\\/miumjau.ee\\\/lt\\\/produktas\\\/draskykle-petrebels-route-180-pilka\\\/\"]}]},{\"@type\":\"ImageObject\",\"inLanguage\":\"lt-LT\",\"@id\":\"https:\\\/\\\/miumjau.ee\\\/lt\\\/produktas\\\/draskykle-petrebels-route-180-pilka\\\/#primaryimage\",\"url\":\"https:\\\/\\\/miumjau.ee\\\/wp-content\\\/uploads\\\/2023\\\/12\\\/kraapimispuu-route180-hall6.jpg\",\"contentUrl\":\"https:\\\/\\\/miumjau.ee\\\/wp-content\\\/uploads\\\/2023\\\/12\\\/kraapimispuu-route180-hall6.jpg\",\"width\":600,\"height\":800,\"caption\":\"Route 180 kassi kraapimispuu\"},{\"@type\":\"BreadcrumbList\",\"@id\":\"https:\\\/\\\/miumjau.ee\\\/lt\\\/produktas\\\/draskykle-petrebels-route-180-pilka\\\/#breadcrumb\",\"itemListElement\":[{\"@type\":\"ListItem\",\"position\":1,\"name\":\"Home\",\"item\":\"https:\\\/\\\/miumjau.ee\\\/lt\\\/\"},{\"@type\":\"ListItem\",\"position\":2,\"name\":\"Parduotuv\u0117\",\"item\":\"https:\\\/\\\/miumjau.ee\\\/lt\\\/parduotuve\\\/\"},{\"@type\":\"ListItem\",\"position\":3,\"name\":\"Draskykl\u0117 Petrebels Route 180, pilka\"}]},{\"@type\":\"WebSite\",\"@id\":\"https:\\\/\\\/miumjau.ee\\\/#website\",\"url\":\"https:\\\/\\\/miumjau.ee\\\/\",\"name\":\"MiuMjau\",\"description\":\"Kraapimispuud kassidele\",\"publisher\":{\"@id\":\"https:\\\/\\\/miumjau.ee\\\/#organization\"},\"potentialAction\":[{\"@type\":\"SearchAction\",\"target\":{\"@type\":\"EntryPoint\",\"urlTemplate\":\"https:\\\/\\\/miumjau.ee\\\/?s={search_term_string}\"},\"query-input\":{\"@type\":\"PropertyValueSpecification\",\"valueRequired\":true,\"valueName\":\"search_term_string\"}}],\"inLanguage\":\"lt-LT\"},{\"@type\":\"Organization\",\"@id\":\"https:\\\/\\\/miumjau.ee\\\/#organization\",\"name\":\"MiuMjau O\u00dc\",\"url\":\"https:\\\/\\\/miumjau.ee\\\/\",\"logo\":{\"@type\":\"ImageObject\",\"inLanguage\":\"lt-LT\",\"@id\":\"https:\\\/\\\/miumjau.ee\\\/#\\\/schema\\\/logo\\\/image\\\/\",\"url\":\"https:\\\/\\\/miumjau.ee\\\/wp-content\\\/uploads\\\/2022\\\/04\\\/MiuMjau-logo-kollane.png\",\"contentUrl\":\"https:\\\/\\\/miumjau.ee\\\/wp-content\\\/uploads\\\/2022\\\/04\\\/MiuMjau-logo-kollane.png\",\"width\":219,\"height\":100,\"caption\":\"MiuMjau O\u00dc\"},\"image\":{\"@id\":\"https:\\\/\\\/miumjau.ee\\\/#\\\/schema\\\/logo\\\/image\\\/\"},\"sameAs\":[\"https:\\\/\\\/www.facebook.com\\\/miumjaupood\\\/\"]}]}<\/script>\n<!-- \/ Yoast SEO plugin. -->","yoast_head_json":{"title":"Draskykl\u0117 Petrebels Route 180, pilka - MiuMjau","robots":{"index":"index","follow":"follow","max-snippet":"max-snippet:-1","max-image-preview":"max-image-preview:large","max-video-preview":"max-video-preview:-1"},"canonical":"https:\/\/miumjau.ee\/lt\/produktas\/draskykle-petrebels-route-180-pilka\/","og_locale":"lt_LT","og_type":"article","og_title":"Draskykl\u0117 Petrebels Route 180, pilka - MiuMjau","og_description":"Draskykl\u0117s modelis Route 180 sukurtas tikriems draskymo profesionalams, kuriems u\u017elipti iki pat vir\u0161aus \u2013 kasdienyb\u0117. \u0160iuo modeliu gali naudotis net didel\u0117s ir sunkesn\u0117s kat\u0117s. Jei j\u016bs\u0173 kat\u0117 m\u0117gsta steb\u0117ti aplink\u0105 ir b\u016bti auk\u0161tai, Route 180 tam puikiai tinka. D\u0117l keli\u0173 poilsio viet\u0173 \u0161i draskykl\u0117 tinka kelioms kat\u0117ms vienu metu. Vietos u\u017etenka visoms \u2013 pe\u0161tis nereik\u0117s! Ji kompakti\u0161ka, tod\u0117l puikiai tinka bet kokiems namams ir neu\u017eima daug vietos. Auk\u0161tis \u2013 180 cm  Pagrindas \u2013 76 \u00d7 50 cm Pakabinamo guolio maksimali apkrova \u2013 15 kg. Jei j\u016bs\u0173 kat\u0117 labai didel\u0117 arba kelios m\u0117gsta miegoti kartu, rekomenduojame model\u012f Route 210, kurio pakabinam\u0173 guoli\u0173 laikomoji galia siekia 25 kg.  Stulp\u0173 storis skiriasi \u2013 kai kurie 12 cm, kiti net 15 cm skersmens! PS: pakabinamas guolis ir mink\u0161ti pagalv\u0117liai skalbiami ma\u0161inoje.  Produktas pristatomas 2 d\u0117\u017e\u0117se, bendras svoris \u2013 48 kg.","og_url":"https:\/\/miumjau.ee\/lt\/produktas\/draskykle-petrebels-route-180-pilka\/","og_site_name":"MiuMjau","article_publisher":"https:\/\/www.facebook.com\/miumjaupood\/","article_modified_time":"2026-01-07T18:55:13+00:00","og_image":[{"width":600,"height":800,"url":"https:\/\/miumjau.ee\/wp-content\/uploads\/2023\/12\/kraapimispuu-route180-hall6.jpg","type":"image\/jpeg"}],"twitter_card":"summary_large_image","schema":{"@context":"https:\/\/schema.org","@graph":[{"@type":"WebPage","@id":"https:\/\/miumjau.ee\/lt\/produktas\/draskykle-petrebels-route-180-pilka\/","url":"https:\/\/miumjau.ee\/lt\/produktas\/draskykle-petrebels-route-180-pilka\/","name":"Draskykl\u0117 Petrebels Route 180, pilka - MiuMjau","isPartOf":{"@id":"https:\/\/miumjau.ee\/#website"},"primaryImageOfPage":{"@id":"https:\/\/miumjau.ee\/lt\/produktas\/draskykle-petrebels-route-180-pilka\/#primaryimage"},"image":{"@id":"https:\/\/miumjau.ee\/lt\/produktas\/draskykle-petrebels-route-180-pilka\/#primaryimage"},"thumbnailUrl":"https:\/\/miumjau.ee\/wp-content\/uploads\/2023\/12\/kraapimispuu-route180-hall6.jpg","datePublished":"2023-12-26T13:41:25+00:00","dateModified":"2026-01-07T18:55:13+00:00","breadcrumb":{"@id":"https:\/\/miumjau.ee\/lt\/produktas\/draskykle-petrebels-route-180-pilka\/#breadcrumb"},"inLanguage":"lt-LT","potentialAction":[{"@type":"ReadAction","target":["https:\/\/miumjau.ee\/lt\/produktas\/draskykle-petrebels-route-180-pilka\/"]}]},{"@type":"ImageObject","inLanguage":"lt-LT","@id":"https:\/\/miumjau.ee\/lt\/produktas\/draskykle-petrebels-route-180-pilka\/#primaryimage","url":"https:\/\/miumjau.ee\/wp-content\/uploads\/2023\/12\/kraapimispuu-route180-hall6.jpg","contentUrl":"https:\/\/miumjau.ee\/wp-content\/uploads\/2023\/12\/kraapimispuu-route180-hall6.jpg","width":600,"height":800,"caption":"Route 180 kassi kraapimispuu"},{"@type":"BreadcrumbList","@id":"https:\/\/miumjau.ee\/lt\/produktas\/draskykle-petrebels-route-180-pilka\/#breadcrumb","itemListElement":[{"@type":"ListItem","position":1,"name":"Home","item":"https:\/\/miumjau.ee\/lt\/"},{"@type":"ListItem","position":2,"name":"Parduotuv\u0117","item":"https:\/\/miumjau.ee\/lt\/parduotuve\/"},{"@type":"ListItem","position":3,"name":"Draskykl\u0117 Petrebels Route 180, pilka"}]},{"@type":"WebSite","@id":"https:\/\/miumjau.ee\/#website","url":"https:\/\/miumjau.ee\/","name":"MiuMjau","description":"Kraapimispuud kassidele","publisher":{"@id":"https:\/\/miumjau.ee\/#organization"},"potentialAction":[{"@type":"SearchAction","target":{"@type":"EntryPoint","urlTemplate":"https:\/\/miumjau.ee\/?s={search_term_string}"},"query-input":{"@type":"PropertyValueSpecification","valueRequired":true,"valueName":"search_term_string"}}],"inLanguage":"lt-LT"},{"@type":"Organization","@id":"https:\/\/miumjau.ee\/#organization","name":"MiuMjau O\u00dc","url":"https:\/\/miumjau.ee\/","logo":{"@type":"ImageObject","inLanguage":"lt-LT","@id":"https:\/\/miumjau.ee\/#\/schema\/logo\/image\/","url":"https:\/\/miumjau.ee\/wp-content\/uploads\/2022\/04\/MiuMjau-logo-kollane.png","contentUrl":"https:\/\/miumjau.ee\/wp-content\/uploads\/2022\/04\/MiuMjau-logo-kollane.png","width":219,"height":100,"caption":"MiuMjau O\u00dc"},"image":{"@id":"https:\/\/miumjau.ee\/#\/schema\/logo\/image\/"},"sameAs":["https:\/\/www.facebook.com\/miumjaupood\/"]}]}},"_links":{"self":[{"href":"https:\/\/miumjau.ee\/lt\/wp-json\/wp\/v2\/product\/41040","targetHints":{"allow":["GET"]}}],"collection":[{"href":"https:\/\/miumjau.ee\/lt\/wp-json\/wp\/v2\/product"}],"about":[{"href":"https:\/\/miumjau.ee\/lt\/wp-json\/wp\/v2\/types\/product"}],"wp:featuredmedia":[{"embeddable":true,"href":"https:\/\/miumjau.ee\/lt\/wp-json\/wp\/v2\/media\/41914"}],"wp:attachment":[{"href":"https:\/\/miumjau.ee\/lt\/wp-json\/wp\/v2\/media?parent=41040"}],"wp:term":[{"taxonomy":"product_brand","embeddable":true,"href":"https:\/\/miumjau.ee\/lt\/wp-json\/wp\/v2\/product_brand?post=41040"},{"taxonomy":"product_cat","embeddable":true,"href":"https:\/\/miumjau.ee\/lt\/wp-json\/wp\/v2\/product_cat?post=41040"},{"taxonomy":"product_tag","embeddable":true,"href":"https:\/\/miumjau.ee\/lt\/wp-json\/wp\/v2\/product_tag?post=41040"}],"curies":[{"name":"wp","href":"https:\/\/api.w.org\/{rel}","templated":true}]}}