{"id":41038,"date":"2023-09-30T10:08:46","date_gmt":"2023-09-30T07:08:46","guid":{"rendered":"https:\/\/miumjau.ee\/toode\/petrebels-draskykle-turnpike-200-kapucino\/"},"modified":"2026-01-07T20:55:20","modified_gmt":"2026-01-07T18:55:20","slug":"petrebels-draskykle-turnpike-200-kapucino","status":"publish","type":"product","link":"https:\/\/miumjau.ee\/lt\/produktas\/petrebels-draskykle-turnpike-200-kapucino\/","title":{"rendered":"Petrebels draskykl\u0117 Turnpike 200, kapu\u010dino"},"content":{"rendered":"","protected":false},"excerpt":{"rendered":"<p>\u0160is modelis pasi\u017eymi tiesiomis linijomis, aksominiais pagalv\u0117liais ir daugybe jauki\u0173 miego viet\u0173. Nors atrodo \u0161velnus ir mielas, jis labai tvirtas ir ilgaam\u017eis \u2013 atlaiko net pa\u010dius intensyviausius \u017eaidimus. Tai \u012fmanoma d\u0117l itin storos pagrindo plok\u0161t\u0117s ir bent 15 cm storio draskymo stulp\u0173. Ie\u0161kote tikr\u0173 ka\u010di\u0173 r\u016bm\u0173 savo princui ar princesei? Tuomet m\u016bs\u0173 Turnpike 200 \u2013 tobulas pasirinkimas!<\/p>\n<ul>\n<li>Matmenys \u2013 ilgis 76 cm, plotis 76 cm, auk\u0161tis 200 cm<\/li>\n<li>2 ypa\u010d dideli 48 cm skersmens kabinami hamakai<\/li>\n<li>Trys tvirti mega nameliai, kuri\u0173 matmenys 76 \u00d7 30 cm, auk\u0161tis 30 cm<\/li>\n<li>Pridedama itin tvirta virv\u0117 \u017eaidimams<\/li>\n<\/ul>\n<p>Draskykl\u0117 tinkama vis\u0173 svorio kategorij\u0173 ir \u016bgi\u0173 kat\u0117ms. Puikiai tinka ir patinams Maine Coon, Norvegijos mi\u0161ko kat\u0117ms ir kt.<br \/>\nProduktas supakuotas \u012f 5 d\u0117\u017ees, bendras svoris 85,5 kg.<br \/>\nGrynasis svoris (be pakuot\u0117s) \u2013 83 kg.<\/p>\n","protected":false},"featured_media":41900,"template":"","meta":[],"product_brand":[],"product_cat":[515,524],"product_tag":[],"class_list":{"0":"post-41038","1":"product","2":"type-product","3":"status-publish","4":"has-post-thumbnail","6":"product_cat-petrebels-produktai-dideliems-katems","7":"product_cat-kaup24-lt","8":"product_shipping_class-pakiautomaati-sobimatu-lt","10":"first","11":"instock","12":"sale","13":"taxable","14":"shipping-taxable","15":"purchasable","16":"product-type-simple"},"yoast_head":"<!-- This site is optimized with the Yoast SEO plugin v27.2 - https:\/\/yoast.com\/product\/yoast-seo-wordpress\/ -->\n<title>Petrebels draskykl\u0117 Turnpike 200, kapu\u010dino - MiuMjau<\/title>\n<meta name=\"robots\" content=\"index, follow, max-snippet:-1, max-image-preview:large, max-video-preview:-1\" \/>\n<link rel=\"canonical\" href=\"https:\/\/miumjau.ee\/lt\/produktas\/petrebels-draskykle-turnpike-200-kapucino\/\" \/>\n<meta property=\"og:locale\" content=\"lt_LT\" \/>\n<meta property=\"og:type\" content=\"article\" \/>\n<meta property=\"og:title\" content=\"Petrebels draskykl\u0117 Turnpike 200, kapu\u010dino - MiuMjau\" \/>\n<meta property=\"og:description\" content=\"\u0160is modelis pasi\u017eymi tiesiomis linijomis, aksominiais pagalv\u0117liais ir daugybe jauki\u0173 miego viet\u0173. Nors atrodo \u0161velnus ir mielas, jis labai tvirtas ir ilgaam\u017eis \u2013 atlaiko net pa\u010dius intensyviausius \u017eaidimus. Tai \u012fmanoma d\u0117l itin storos pagrindo plok\u0161t\u0117s ir bent 15 cm storio draskymo stulp\u0173. Ie\u0161kote tikr\u0173 ka\u010di\u0173 r\u016bm\u0173 savo princui ar princesei? Tuomet m\u016bs\u0173 Turnpike 200 \u2013 tobulas pasirinkimas! Matmenys \u2013 ilgis 76 cm, plotis 76 cm, auk\u0161tis 200 cm 2 ypa\u010d dideli 48 cm skersmens kabinami hamakai Trys tvirti mega nameliai, kuri\u0173 matmenys 76 \u00d7 30 cm, auk\u0161tis 30 cm Pridedama itin tvirta virv\u0117 \u017eaidimams Draskykl\u0117 tinkama vis\u0173 svorio kategorij\u0173 ir \u016bgi\u0173 kat\u0117ms. Puikiai tinka ir patinams Maine Coon, Norvegijos mi\u0161ko kat\u0117ms ir kt.  Produktas supakuotas \u012f 5 d\u0117\u017ees, bendras svoris 85,5 kg.  Grynasis svoris (be pakuot\u0117s) \u2013 83 kg.\" \/>\n<meta property=\"og:url\" content=\"https:\/\/miumjau.ee\/lt\/produktas\/petrebels-draskykle-turnpike-200-kapucino\/\" \/>\n<meta property=\"og:site_name\" content=\"MiuMjau\" \/>\n<meta property=\"article:publisher\" content=\"https:\/\/www.facebook.com\/miumjaupood\/\" \/>\n<meta property=\"article:modified_time\" content=\"2026-01-07T18:55:20+00:00\" \/>\n<meta property=\"og:image\" content=\"https:\/\/miumjau.ee\/wp-content\/uploads\/2023\/09\/turnpike-200-cappuccino-kassi-kraapimispuu-1.jpg\" \/>\n\t<meta property=\"og:image:width\" content=\"600\" \/>\n\t<meta property=\"og:image:height\" content=\"800\" \/>\n\t<meta property=\"og:image:type\" content=\"image\/jpeg\" \/>\n<meta name=\"twitter:card\" content=\"summary_large_image\" \/>\n<script type=\"application\/ld+json\" class=\"yoast-schema-graph\">{\"@context\":\"https:\/\/schema.org\",\"@graph\":[{\"@type\":\"WebPage\",\"@id\":\"https:\/\/miumjau.ee\/lt\/produktas\/petrebels-draskykle-turnpike-200-kapucino\/\",\"url\":\"https:\/\/miumjau.ee\/lt\/produktas\/petrebels-draskykle-turnpike-200-kapucino\/\",\"name\":\"Petrebels draskykl\u0117 Turnpike 200, kapu\u010dino - MiuMjau\",\"isPartOf\":{\"@id\":\"https:\/\/miumjau.ee\/#website\"},\"primaryImageOfPage\":{\"@id\":\"https:\/\/miumjau.ee\/lt\/produktas\/petrebels-draskykle-turnpike-200-kapucino\/#primaryimage\"},\"image\":{\"@id\":\"https:\/\/miumjau.ee\/lt\/produktas\/petrebels-draskykle-turnpike-200-kapucino\/#primaryimage\"},\"thumbnailUrl\":\"https:\/\/miumjau.ee\/wp-content\/uploads\/2023\/09\/turnpike-200-cappuccino-kassi-kraapimispuu-1.jpg\",\"datePublished\":\"2023-09-30T07:08:46+00:00\",\"dateModified\":\"2026-01-07T18:55:20+00:00\",\"breadcrumb\":{\"@id\":\"https:\/\/miumjau.ee\/lt\/produktas\/petrebels-draskykle-turnpike-200-kapucino\/#breadcrumb\"},\"inLanguage\":\"lt-LT\",\"potentialAction\":[{\"@type\":\"ReadAction\",\"target\":[\"https:\/\/miumjau.ee\/lt\/produktas\/petrebels-draskykle-turnpike-200-kapucino\/\"]}]},{\"@type\":\"ImageObject\",\"inLanguage\":\"lt-LT\",\"@id\":\"https:\/\/miumjau.ee\/lt\/produktas\/petrebels-draskykle-turnpike-200-kapucino\/#primaryimage\",\"url\":\"https:\/\/miumjau.ee\/wp-content\/uploads\/2023\/09\/turnpike-200-cappuccino-kassi-kraapimispuu-1.jpg\",\"contentUrl\":\"https:\/\/miumjau.ee\/wp-content\/uploads\/2023\/09\/turnpike-200-cappuccino-kassi-kraapimispuu-1.jpg\",\"width\":600,\"height\":800},{\"@type\":\"BreadcrumbList\",\"@id\":\"https:\/\/miumjau.ee\/lt\/produktas\/petrebels-draskykle-turnpike-200-kapucino\/#breadcrumb\",\"itemListElement\":[{\"@type\":\"ListItem\",\"position\":1,\"name\":\"Home\",\"item\":\"https:\/\/miumjau.ee\/lt\/\"},{\"@type\":\"ListItem\",\"position\":2,\"name\":\"Parduotuv\u0117\",\"item\":\"https:\/\/miumjau.ee\/lt\/parduotuve\/\"},{\"@type\":\"ListItem\",\"position\":3,\"name\":\"Petrebels draskykl\u0117 Turnpike 200, kapu\u010dino\"}]},{\"@type\":\"WebSite\",\"@id\":\"https:\/\/miumjau.ee\/#website\",\"url\":\"https:\/\/miumjau.ee\/\",\"name\":\"MiuMjau\",\"description\":\"Kraapimispuud kassidele\",\"publisher\":{\"@id\":\"https:\/\/miumjau.ee\/#organization\"},\"potentialAction\":[{\"@type\":\"SearchAction\",\"target\":{\"@type\":\"EntryPoint\",\"urlTemplate\":\"https:\/\/miumjau.ee\/?s={search_term_string}\"},\"query-input\":{\"@type\":\"PropertyValueSpecification\",\"valueRequired\":true,\"valueName\":\"search_term_string\"}}],\"inLanguage\":\"lt-LT\"},{\"@type\":\"Organization\",\"@id\":\"https:\/\/miumjau.ee\/#organization\",\"name\":\"MiuMjau O\u00dc\",\"url\":\"https:\/\/miumjau.ee\/\",\"logo\":{\"@type\":\"ImageObject\",\"inLanguage\":\"lt-LT\",\"@id\":\"https:\/\/miumjau.ee\/#\/schema\/logo\/image\/\",\"url\":\"https:\/\/miumjau.ee\/wp-content\/uploads\/2022\/04\/MiuMjau-logo-kollane.png\",\"contentUrl\":\"https:\/\/miumjau.ee\/wp-content\/uploads\/2022\/04\/MiuMjau-logo-kollane.png\",\"width\":219,\"height\":100,\"caption\":\"MiuMjau O\u00dc\"},\"image\":{\"@id\":\"https:\/\/miumjau.ee\/#\/schema\/logo\/image\/\"},\"sameAs\":[\"https:\/\/www.facebook.com\/miumjaupood\/\"]}]}<\/script>\n<!-- \/ Yoast SEO plugin. -->","yoast_head_json":{"title":"Petrebels draskykl\u0117 Turnpike 200, kapu\u010dino - MiuMjau","robots":{"index":"index","follow":"follow","max-snippet":"max-snippet:-1","max-image-preview":"max-image-preview:large","max-video-preview":"max-video-preview:-1"},"canonical":"https:\/\/miumjau.ee\/lt\/produktas\/petrebels-draskykle-turnpike-200-kapucino\/","og_locale":"lt_LT","og_type":"article","og_title":"Petrebels draskykl\u0117 Turnpike 200, kapu\u010dino - MiuMjau","og_description":"\u0160is modelis pasi\u017eymi tiesiomis linijomis, aksominiais pagalv\u0117liais ir daugybe jauki\u0173 miego viet\u0173. Nors atrodo \u0161velnus ir mielas, jis labai tvirtas ir ilgaam\u017eis \u2013 atlaiko net pa\u010dius intensyviausius \u017eaidimus. Tai \u012fmanoma d\u0117l itin storos pagrindo plok\u0161t\u0117s ir bent 15 cm storio draskymo stulp\u0173. Ie\u0161kote tikr\u0173 ka\u010di\u0173 r\u016bm\u0173 savo princui ar princesei? Tuomet m\u016bs\u0173 Turnpike 200 \u2013 tobulas pasirinkimas! Matmenys \u2013 ilgis 76 cm, plotis 76 cm, auk\u0161tis 200 cm 2 ypa\u010d dideli 48 cm skersmens kabinami hamakai Trys tvirti mega nameliai, kuri\u0173 matmenys 76 \u00d7 30 cm, auk\u0161tis 30 cm Pridedama itin tvirta virv\u0117 \u017eaidimams Draskykl\u0117 tinkama vis\u0173 svorio kategorij\u0173 ir \u016bgi\u0173 kat\u0117ms. Puikiai tinka ir patinams Maine Coon, Norvegijos mi\u0161ko kat\u0117ms ir kt.  Produktas supakuotas \u012f 5 d\u0117\u017ees, bendras svoris 85,5 kg.  Grynasis svoris (be pakuot\u0117s) \u2013 83 kg.","og_url":"https:\/\/miumjau.ee\/lt\/produktas\/petrebels-draskykle-turnpike-200-kapucino\/","og_site_name":"MiuMjau","article_publisher":"https:\/\/www.facebook.com\/miumjaupood\/","article_modified_time":"2026-01-07T18:55:20+00:00","og_image":[{"width":600,"height":800,"url":"https:\/\/miumjau.ee\/wp-content\/uploads\/2023\/09\/turnpike-200-cappuccino-kassi-kraapimispuu-1.jpg","type":"image\/jpeg"}],"twitter_card":"summary_large_image","schema":{"@context":"https:\/\/schema.org","@graph":[{"@type":"WebPage","@id":"https:\/\/miumjau.ee\/lt\/produktas\/petrebels-draskykle-turnpike-200-kapucino\/","url":"https:\/\/miumjau.ee\/lt\/produktas\/petrebels-draskykle-turnpike-200-kapucino\/","name":"Petrebels draskykl\u0117 Turnpike 200, kapu\u010dino - MiuMjau","isPartOf":{"@id":"https:\/\/miumjau.ee\/#website"},"primaryImageOfPage":{"@id":"https:\/\/miumjau.ee\/lt\/produktas\/petrebels-draskykle-turnpike-200-kapucino\/#primaryimage"},"image":{"@id":"https:\/\/miumjau.ee\/lt\/produktas\/petrebels-draskykle-turnpike-200-kapucino\/#primaryimage"},"thumbnailUrl":"https:\/\/miumjau.ee\/wp-content\/uploads\/2023\/09\/turnpike-200-cappuccino-kassi-kraapimispuu-1.jpg","datePublished":"2023-09-30T07:08:46+00:00","dateModified":"2026-01-07T18:55:20+00:00","breadcrumb":{"@id":"https:\/\/miumjau.ee\/lt\/produktas\/petrebels-draskykle-turnpike-200-kapucino\/#breadcrumb"},"inLanguage":"lt-LT","potentialAction":[{"@type":"ReadAction","target":["https:\/\/miumjau.ee\/lt\/produktas\/petrebels-draskykle-turnpike-200-kapucino\/"]}]},{"@type":"ImageObject","inLanguage":"lt-LT","@id":"https:\/\/miumjau.ee\/lt\/produktas\/petrebels-draskykle-turnpike-200-kapucino\/#primaryimage","url":"https:\/\/miumjau.ee\/wp-content\/uploads\/2023\/09\/turnpike-200-cappuccino-kassi-kraapimispuu-1.jpg","contentUrl":"https:\/\/miumjau.ee\/wp-content\/uploads\/2023\/09\/turnpike-200-cappuccino-kassi-kraapimispuu-1.jpg","width":600,"height":800},{"@type":"BreadcrumbList","@id":"https:\/\/miumjau.ee\/lt\/produktas\/petrebels-draskykle-turnpike-200-kapucino\/#breadcrumb","itemListElement":[{"@type":"ListItem","position":1,"name":"Home","item":"https:\/\/miumjau.ee\/lt\/"},{"@type":"ListItem","position":2,"name":"Parduotuv\u0117","item":"https:\/\/miumjau.ee\/lt\/parduotuve\/"},{"@type":"ListItem","position":3,"name":"Petrebels draskykl\u0117 Turnpike 200, kapu\u010dino"}]},{"@type":"WebSite","@id":"https:\/\/miumjau.ee\/#website","url":"https:\/\/miumjau.ee\/","name":"MiuMjau","description":"Kraapimispuud kassidele","publisher":{"@id":"https:\/\/miumjau.ee\/#organization"},"potentialAction":[{"@type":"SearchAction","target":{"@type":"EntryPoint","urlTemplate":"https:\/\/miumjau.ee\/?s={search_term_string}"},"query-input":{"@type":"PropertyValueSpecification","valueRequired":true,"valueName":"search_term_string"}}],"inLanguage":"lt-LT"},{"@type":"Organization","@id":"https:\/\/miumjau.ee\/#organization","name":"MiuMjau O\u00dc","url":"https:\/\/miumjau.ee\/","logo":{"@type":"ImageObject","inLanguage":"lt-LT","@id":"https:\/\/miumjau.ee\/#\/schema\/logo\/image\/","url":"https:\/\/miumjau.ee\/wp-content\/uploads\/2022\/04\/MiuMjau-logo-kollane.png","contentUrl":"https:\/\/miumjau.ee\/wp-content\/uploads\/2022\/04\/MiuMjau-logo-kollane.png","width":219,"height":100,"caption":"MiuMjau O\u00dc"},"image":{"@id":"https:\/\/miumjau.ee\/#\/schema\/logo\/image\/"},"sameAs":["https:\/\/www.facebook.com\/miumjaupood\/"]}]}},"_links":{"self":[{"href":"https:\/\/miumjau.ee\/lt\/wp-json\/wp\/v2\/product\/41038","targetHints":{"allow":["GET"]}}],"collection":[{"href":"https:\/\/miumjau.ee\/lt\/wp-json\/wp\/v2\/product"}],"about":[{"href":"https:\/\/miumjau.ee\/lt\/wp-json\/wp\/v2\/types\/product"}],"wp:featuredmedia":[{"embeddable":true,"href":"https:\/\/miumjau.ee\/lt\/wp-json\/wp\/v2\/media\/41900"}],"wp:attachment":[{"href":"https:\/\/miumjau.ee\/lt\/wp-json\/wp\/v2\/media?parent=41038"}],"wp:term":[{"taxonomy":"product_brand","embeddable":true,"href":"https:\/\/miumjau.ee\/lt\/wp-json\/wp\/v2\/product_brand?post=41038"},{"taxonomy":"product_cat","embeddable":true,"href":"https:\/\/miumjau.ee\/lt\/wp-json\/wp\/v2\/product_cat?post=41038"},{"taxonomy":"product_tag","embeddable":true,"href":"https:\/\/miumjau.ee\/lt\/wp-json\/wp\/v2\/product_tag?post=41038"}],"curies":[{"name":"wp","href":"https:\/\/api.w.org\/{rel}","templated":true}]}}