{"id":41034,"date":"2023-09-30T09:58:40","date_gmt":"2023-09-30T06:58:40","guid":{"rendered":"https:\/\/miumjau.ee\/toode\/draskykle-petrebels-xxl-alley-200-pipirine\/"},"modified":"2026-01-07T20:55:20","modified_gmt":"2026-01-07T18:55:20","slug":"draskykle-petrebels-xxl-alley-200-pipirine","status":"publish","type":"product","link":"https:\/\/miumjau.ee\/lt\/produktas\/draskykle-petrebels-xxl-alley-200-pipirine\/","title":{"rendered":"Draskykl\u0117 Petrebels XXL Alley 200, pipirin\u0117"},"content":{"rendered":"","protected":false},"excerpt":{"rendered":"<p>Ar gyvenate su keliomis kat\u0117mis ar net visa vada? O gal turite vien\u0105 itin aktyv\u0173 murkl\u012f, kur\u012f norite palepinti? Tada erdvi draskykl\u0117 Alley 200 \u2013 j\u016bs\u0173 tikrasis pasirinkimas! Be auk\u0161\u010dio, ji taip pat plati ir tvirta. Ne ma\u017eiau nei 4 kabinami hamakai, 3 XXL dyd\u017eio nameliai ir ypa\u010d plati vir\u0161utin\u0117 poilsio aik\u0161tel\u0117 suteikia visk\u0105, ko kat\u0117 gali nor\u0117ti i\u0161 draskykl\u0117s. Visi itin tvirti stulpai visi\u0161kai dengti sizaliu. Vietos u\u017etenka visiems! Niekada nereik\u0117s bijoti, kad kat\u0117 nukris kartu su draskykle ar kad tai sukels pavoj\u0173 vaikams ar kitiems augintiniams. Konstrukcija visi\u0161kai stabili ir tvirta. Tinka vis\u0173 am\u017ei\u0173 ir dyd\u017ei\u0173 kat\u0117ms \u2013 tiek vienai, tiek kelioms.<br \/>\nPS: visi pagalv\u0117liai skalbiami ma\u0161inoje.<\/p>\n<p>Matmenys: 82 \u00d7 187 \u00d7 200 cm (plotis, ilgis, auk\u0161tis)<br \/>\nProdukto svoris \u2013 104 kg, su pakuote \u2013 108 kg.<\/p>\n","protected":false},"featured_media":41865,"template":"","meta":[],"product_brand":[],"product_cat":[524,515],"product_tag":[],"class_list":{"0":"post-41034","1":"product","2":"type-product","3":"status-publish","4":"has-post-thumbnail","6":"product_cat-kaup24-lt","7":"product_cat-petrebels-produktai-dideliems-katems","9":"first","10":"instock","11":"taxable","12":"shipping-taxable","13":"purchasable","14":"product-type-simple"},"yoast_head":"<!-- This site is optimized with the Yoast SEO plugin v27.4 - https:\/\/yoast.com\/product\/yoast-seo-wordpress\/ -->\n<title>Draskykl\u0117 Petrebels XXL Alley 200, pipirin\u0117 - MiuMjau<\/title>\n<meta name=\"robots\" content=\"index, follow, max-snippet:-1, max-image-preview:large, max-video-preview:-1\" \/>\n<link rel=\"canonical\" href=\"https:\/\/miumjau.ee\/lt\/produktas\/draskykle-petrebels-xxl-alley-200-pipirine\/\" \/>\n<meta property=\"og:locale\" content=\"lt_LT\" \/>\n<meta property=\"og:type\" content=\"article\" \/>\n<meta property=\"og:title\" content=\"Draskykl\u0117 Petrebels XXL Alley 200, pipirin\u0117 - MiuMjau\" \/>\n<meta property=\"og:description\" content=\"Ar gyvenate su keliomis kat\u0117mis ar net visa vada? O gal turite vien\u0105 itin aktyv\u0173 murkl\u012f, kur\u012f norite palepinti? Tada erdvi draskykl\u0117 Alley 200 \u2013 j\u016bs\u0173 tikrasis pasirinkimas! Be auk\u0161\u010dio, ji taip pat plati ir tvirta. Ne ma\u017eiau nei 4 kabinami hamakai, 3 XXL dyd\u017eio nameliai ir ypa\u010d plati vir\u0161utin\u0117 poilsio aik\u0161tel\u0117 suteikia visk\u0105, ko kat\u0117 gali nor\u0117ti i\u0161 draskykl\u0117s. Visi itin tvirti stulpai visi\u0161kai dengti sizaliu. Vietos u\u017etenka visiems! Niekada nereik\u0117s bijoti, kad kat\u0117 nukris kartu su draskykle ar kad tai sukels pavoj\u0173 vaikams ar kitiems augintiniams. Konstrukcija visi\u0161kai stabili ir tvirta. Tinka vis\u0173 am\u017ei\u0173 ir dyd\u017ei\u0173 kat\u0117ms \u2013 tiek vienai, tiek kelioms.  PS: visi pagalv\u0117liai skalbiami ma\u0161inoje. Matmenys: 82 \u00d7 187 \u00d7 200 cm (plotis, ilgis, auk\u0161tis)  Produkto svoris \u2013 104 kg, su pakuote \u2013 108 kg.\" \/>\n<meta property=\"og:url\" content=\"https:\/\/miumjau.ee\/lt\/produktas\/draskykle-petrebels-xxl-alley-200-pipirine\/\" \/>\n<meta property=\"og:site_name\" content=\"MiuMjau\" \/>\n<meta property=\"article:publisher\" content=\"https:\/\/www.facebook.com\/miumjaupood\/\" \/>\n<meta property=\"article:modified_time\" content=\"2026-01-07T18:55:20+00:00\" \/>\n<meta property=\"og:image\" content=\"https:\/\/miumjau.ee\/wp-content\/uploads\/2023\/09\/alley-200-antratsiit-kassi-kraapimispuu-1.jpg\" \/>\n\t<meta property=\"og:image:width\" content=\"600\" \/>\n\t<meta property=\"og:image:height\" content=\"800\" \/>\n\t<meta property=\"og:image:type\" content=\"image\/jpeg\" \/>\n<meta name=\"twitter:card\" content=\"summary_large_image\" \/>\n<script type=\"application\/ld+json\" class=\"yoast-schema-graph\">{\"@context\":\"https:\\\/\\\/schema.org\",\"@graph\":[{\"@type\":\"WebPage\",\"@id\":\"https:\\\/\\\/miumjau.ee\\\/lt\\\/produktas\\\/draskykle-petrebels-xxl-alley-200-pipirine\\\/\",\"url\":\"https:\\\/\\\/miumjau.ee\\\/lt\\\/produktas\\\/draskykle-petrebels-xxl-alley-200-pipirine\\\/\",\"name\":\"Draskykl\u0117 Petrebels XXL Alley 200, pipirin\u0117 - MiuMjau\",\"isPartOf\":{\"@id\":\"https:\\\/\\\/miumjau.ee\\\/#website\"},\"primaryImageOfPage\":{\"@id\":\"https:\\\/\\\/miumjau.ee\\\/lt\\\/produktas\\\/draskykle-petrebels-xxl-alley-200-pipirine\\\/#primaryimage\"},\"image\":{\"@id\":\"https:\\\/\\\/miumjau.ee\\\/lt\\\/produktas\\\/draskykle-petrebels-xxl-alley-200-pipirine\\\/#primaryimage\"},\"thumbnailUrl\":\"https:\\\/\\\/miumjau.ee\\\/wp-content\\\/uploads\\\/2023\\\/09\\\/alley-200-antratsiit-kassi-kraapimispuu-1.jpg\",\"datePublished\":\"2023-09-30T06:58:40+00:00\",\"dateModified\":\"2026-01-07T18:55:20+00:00\",\"breadcrumb\":{\"@id\":\"https:\\\/\\\/miumjau.ee\\\/lt\\\/produktas\\\/draskykle-petrebels-xxl-alley-200-pipirine\\\/#breadcrumb\"},\"inLanguage\":\"lt-LT\",\"potentialAction\":[{\"@type\":\"ReadAction\",\"target\":[\"https:\\\/\\\/miumjau.ee\\\/lt\\\/produktas\\\/draskykle-petrebels-xxl-alley-200-pipirine\\\/\"]}]},{\"@type\":\"ImageObject\",\"inLanguage\":\"lt-LT\",\"@id\":\"https:\\\/\\\/miumjau.ee\\\/lt\\\/produktas\\\/draskykle-petrebels-xxl-alley-200-pipirine\\\/#primaryimage\",\"url\":\"https:\\\/\\\/miumjau.ee\\\/wp-content\\\/uploads\\\/2023\\\/09\\\/alley-200-antratsiit-kassi-kraapimispuu-1.jpg\",\"contentUrl\":\"https:\\\/\\\/miumjau.ee\\\/wp-content\\\/uploads\\\/2023\\\/09\\\/alley-200-antratsiit-kassi-kraapimispuu-1.jpg\",\"width\":600,\"height\":800,\"caption\":\"Alley 200 XXL kraapimispuu\"},{\"@type\":\"BreadcrumbList\",\"@id\":\"https:\\\/\\\/miumjau.ee\\\/lt\\\/produktas\\\/draskykle-petrebels-xxl-alley-200-pipirine\\\/#breadcrumb\",\"itemListElement\":[{\"@type\":\"ListItem\",\"position\":1,\"name\":\"Home\",\"item\":\"https:\\\/\\\/miumjau.ee\\\/lt\\\/\"},{\"@type\":\"ListItem\",\"position\":2,\"name\":\"Parduotuv\u0117\",\"item\":\"https:\\\/\\\/miumjau.ee\\\/lt\\\/parduotuve\\\/\"},{\"@type\":\"ListItem\",\"position\":3,\"name\":\"Draskykl\u0117 Petrebels XXL Alley 200, pipirin\u0117\"}]},{\"@type\":\"WebSite\",\"@id\":\"https:\\\/\\\/miumjau.ee\\\/#website\",\"url\":\"https:\\\/\\\/miumjau.ee\\\/\",\"name\":\"MiuMjau\",\"description\":\"Kraapimispuud kassidele\",\"publisher\":{\"@id\":\"https:\\\/\\\/miumjau.ee\\\/#organization\"},\"potentialAction\":[{\"@type\":\"SearchAction\",\"target\":{\"@type\":\"EntryPoint\",\"urlTemplate\":\"https:\\\/\\\/miumjau.ee\\\/?s={search_term_string}\"},\"query-input\":{\"@type\":\"PropertyValueSpecification\",\"valueRequired\":true,\"valueName\":\"search_term_string\"}}],\"inLanguage\":\"lt-LT\"},{\"@type\":\"Organization\",\"@id\":\"https:\\\/\\\/miumjau.ee\\\/#organization\",\"name\":\"MiuMjau O\u00dc\",\"url\":\"https:\\\/\\\/miumjau.ee\\\/\",\"logo\":{\"@type\":\"ImageObject\",\"inLanguage\":\"lt-LT\",\"@id\":\"https:\\\/\\\/miumjau.ee\\\/#\\\/schema\\\/logo\\\/image\\\/\",\"url\":\"https:\\\/\\\/miumjau.ee\\\/wp-content\\\/uploads\\\/2022\\\/04\\\/MiuMjau-logo-kollane.png\",\"contentUrl\":\"https:\\\/\\\/miumjau.ee\\\/wp-content\\\/uploads\\\/2022\\\/04\\\/MiuMjau-logo-kollane.png\",\"width\":219,\"height\":100,\"caption\":\"MiuMjau O\u00dc\"},\"image\":{\"@id\":\"https:\\\/\\\/miumjau.ee\\\/#\\\/schema\\\/logo\\\/image\\\/\"},\"sameAs\":[\"https:\\\/\\\/www.facebook.com\\\/miumjaupood\\\/\"]}]}<\/script>\n<!-- \/ Yoast SEO plugin. -->","yoast_head_json":{"title":"Draskykl\u0117 Petrebels XXL Alley 200, pipirin\u0117 - MiuMjau","robots":{"index":"index","follow":"follow","max-snippet":"max-snippet:-1","max-image-preview":"max-image-preview:large","max-video-preview":"max-video-preview:-1"},"canonical":"https:\/\/miumjau.ee\/lt\/produktas\/draskykle-petrebels-xxl-alley-200-pipirine\/","og_locale":"lt_LT","og_type":"article","og_title":"Draskykl\u0117 Petrebels XXL Alley 200, pipirin\u0117 - MiuMjau","og_description":"Ar gyvenate su keliomis kat\u0117mis ar net visa vada? O gal turite vien\u0105 itin aktyv\u0173 murkl\u012f, kur\u012f norite palepinti? Tada erdvi draskykl\u0117 Alley 200 \u2013 j\u016bs\u0173 tikrasis pasirinkimas! Be auk\u0161\u010dio, ji taip pat plati ir tvirta. Ne ma\u017eiau nei 4 kabinami hamakai, 3 XXL dyd\u017eio nameliai ir ypa\u010d plati vir\u0161utin\u0117 poilsio aik\u0161tel\u0117 suteikia visk\u0105, ko kat\u0117 gali nor\u0117ti i\u0161 draskykl\u0117s. Visi itin tvirti stulpai visi\u0161kai dengti sizaliu. Vietos u\u017etenka visiems! Niekada nereik\u0117s bijoti, kad kat\u0117 nukris kartu su draskykle ar kad tai sukels pavoj\u0173 vaikams ar kitiems augintiniams. Konstrukcija visi\u0161kai stabili ir tvirta. Tinka vis\u0173 am\u017ei\u0173 ir dyd\u017ei\u0173 kat\u0117ms \u2013 tiek vienai, tiek kelioms.  PS: visi pagalv\u0117liai skalbiami ma\u0161inoje. Matmenys: 82 \u00d7 187 \u00d7 200 cm (plotis, ilgis, auk\u0161tis)  Produkto svoris \u2013 104 kg, su pakuote \u2013 108 kg.","og_url":"https:\/\/miumjau.ee\/lt\/produktas\/draskykle-petrebels-xxl-alley-200-pipirine\/","og_site_name":"MiuMjau","article_publisher":"https:\/\/www.facebook.com\/miumjaupood\/","article_modified_time":"2026-01-07T18:55:20+00:00","og_image":[{"width":600,"height":800,"url":"https:\/\/miumjau.ee\/wp-content\/uploads\/2023\/09\/alley-200-antratsiit-kassi-kraapimispuu-1.jpg","type":"image\/jpeg"}],"twitter_card":"summary_large_image","schema":{"@context":"https:\/\/schema.org","@graph":[{"@type":"WebPage","@id":"https:\/\/miumjau.ee\/lt\/produktas\/draskykle-petrebels-xxl-alley-200-pipirine\/","url":"https:\/\/miumjau.ee\/lt\/produktas\/draskykle-petrebels-xxl-alley-200-pipirine\/","name":"Draskykl\u0117 Petrebels XXL Alley 200, pipirin\u0117 - MiuMjau","isPartOf":{"@id":"https:\/\/miumjau.ee\/#website"},"primaryImageOfPage":{"@id":"https:\/\/miumjau.ee\/lt\/produktas\/draskykle-petrebels-xxl-alley-200-pipirine\/#primaryimage"},"image":{"@id":"https:\/\/miumjau.ee\/lt\/produktas\/draskykle-petrebels-xxl-alley-200-pipirine\/#primaryimage"},"thumbnailUrl":"https:\/\/miumjau.ee\/wp-content\/uploads\/2023\/09\/alley-200-antratsiit-kassi-kraapimispuu-1.jpg","datePublished":"2023-09-30T06:58:40+00:00","dateModified":"2026-01-07T18:55:20+00:00","breadcrumb":{"@id":"https:\/\/miumjau.ee\/lt\/produktas\/draskykle-petrebels-xxl-alley-200-pipirine\/#breadcrumb"},"inLanguage":"lt-LT","potentialAction":[{"@type":"ReadAction","target":["https:\/\/miumjau.ee\/lt\/produktas\/draskykle-petrebels-xxl-alley-200-pipirine\/"]}]},{"@type":"ImageObject","inLanguage":"lt-LT","@id":"https:\/\/miumjau.ee\/lt\/produktas\/draskykle-petrebels-xxl-alley-200-pipirine\/#primaryimage","url":"https:\/\/miumjau.ee\/wp-content\/uploads\/2023\/09\/alley-200-antratsiit-kassi-kraapimispuu-1.jpg","contentUrl":"https:\/\/miumjau.ee\/wp-content\/uploads\/2023\/09\/alley-200-antratsiit-kassi-kraapimispuu-1.jpg","width":600,"height":800,"caption":"Alley 200 XXL kraapimispuu"},{"@type":"BreadcrumbList","@id":"https:\/\/miumjau.ee\/lt\/produktas\/draskykle-petrebels-xxl-alley-200-pipirine\/#breadcrumb","itemListElement":[{"@type":"ListItem","position":1,"name":"Home","item":"https:\/\/miumjau.ee\/lt\/"},{"@type":"ListItem","position":2,"name":"Parduotuv\u0117","item":"https:\/\/miumjau.ee\/lt\/parduotuve\/"},{"@type":"ListItem","position":3,"name":"Draskykl\u0117 Petrebels XXL Alley 200, pipirin\u0117"}]},{"@type":"WebSite","@id":"https:\/\/miumjau.ee\/#website","url":"https:\/\/miumjau.ee\/","name":"MiuMjau","description":"Kraapimispuud kassidele","publisher":{"@id":"https:\/\/miumjau.ee\/#organization"},"potentialAction":[{"@type":"SearchAction","target":{"@type":"EntryPoint","urlTemplate":"https:\/\/miumjau.ee\/?s={search_term_string}"},"query-input":{"@type":"PropertyValueSpecification","valueRequired":true,"valueName":"search_term_string"}}],"inLanguage":"lt-LT"},{"@type":"Organization","@id":"https:\/\/miumjau.ee\/#organization","name":"MiuMjau O\u00dc","url":"https:\/\/miumjau.ee\/","logo":{"@type":"ImageObject","inLanguage":"lt-LT","@id":"https:\/\/miumjau.ee\/#\/schema\/logo\/image\/","url":"https:\/\/miumjau.ee\/wp-content\/uploads\/2022\/04\/MiuMjau-logo-kollane.png","contentUrl":"https:\/\/miumjau.ee\/wp-content\/uploads\/2022\/04\/MiuMjau-logo-kollane.png","width":219,"height":100,"caption":"MiuMjau O\u00dc"},"image":{"@id":"https:\/\/miumjau.ee\/#\/schema\/logo\/image\/"},"sameAs":["https:\/\/www.facebook.com\/miumjaupood\/"]}]}},"_links":{"self":[{"href":"https:\/\/miumjau.ee\/lt\/wp-json\/wp\/v2\/product\/41034","targetHints":{"allow":["GET"]}}],"collection":[{"href":"https:\/\/miumjau.ee\/lt\/wp-json\/wp\/v2\/product"}],"about":[{"href":"https:\/\/miumjau.ee\/lt\/wp-json\/wp\/v2\/types\/product"}],"wp:featuredmedia":[{"embeddable":true,"href":"https:\/\/miumjau.ee\/lt\/wp-json\/wp\/v2\/media\/41865"}],"wp:attachment":[{"href":"https:\/\/miumjau.ee\/lt\/wp-json\/wp\/v2\/media?parent=41034"}],"wp:term":[{"taxonomy":"product_brand","embeddable":true,"href":"https:\/\/miumjau.ee\/lt\/wp-json\/wp\/v2\/product_brand?post=41034"},{"taxonomy":"product_cat","embeddable":true,"href":"https:\/\/miumjau.ee\/lt\/wp-json\/wp\/v2\/product_cat?post=41034"},{"taxonomy":"product_tag","embeddable":true,"href":"https:\/\/miumjau.ee\/lt\/wp-json\/wp\/v2\/product_tag?post=41034"}],"curies":[{"name":"wp","href":"https:\/\/api.w.org\/{rel}","templated":true}]}}