{"id":41031,"date":"2023-09-30T09:49:52","date_gmt":"2023-09-30T06:49:52","guid":{"rendered":"https:\/\/miumjau.ee\/toode\/draskykle-petrebels-cleopatra-134-kremine\/"},"modified":"2026-01-07T20:55:27","modified_gmt":"2026-01-07T18:55:27","slug":"draskykle-petrebels-cleopatra-134-kremine","status":"publish","type":"product","link":"https:\/\/miumjau.ee\/lt\/produktas\/draskykle-petrebels-cleopatra-134-kremine\/","title":{"rendered":"Draskykl\u0117 Petrebels Cleopatra 134, kremin\u0117"},"content":{"rendered":"","protected":false},"excerpt":{"rendered":"<p>Jei kat\u0117 negali i\u0161vykti \u012f Egipt\u0105, Egiptas atkeliauja pas j\u0105 namo! Draskykl\u0117 Cleopatra \u2013 tai grynas prabangos simbolis. Visi stulpai visi\u0161kai padengti draskomu sizaliu. Vir\u0161uje \u012frengtas platus ap\u017evalgos guolis \u2013 vietos pakanka net didel\u0117ms ir sunkioms kat\u0117ms. Steb\u0117jimas kat\u0117ms labai svarbus! Kai \u017eaidimai baigti ir nagai pagal\u0105sti, ma\u017eyl\u0117 gali nusn\u016bsti kabinamame hamake arba jaukiame namelyje, kuriame yra ir privatumo, ir patogumo. \u0160is modelis tinka ir ka\u010diukams, ir senjor\u0117ms, nes papildomos pakopos u\u017etikrina saugum\u0105.<\/p>\n<p>Vir\u0161utin\u0117je platformoje ir namelyje esantys mink\u0161ti pagrindai skalbiami 30 \u00b0C temperat\u016broje.<br \/>\nMatmenys: 55 \u00d7 45 \u00d7 134 cm (ilgis, plotis, auk\u0161tis)<br \/>\nPrabangaus guolio matmenys \u2013 46 \u00d7 55 cm, kabinamo hamako \u2013 40 \u00d7 40 cm.<br \/>\nProdukto svoris \u2013 26,8 kg, su pakuote \u2013 28,3 kg.<\/p>\n<p>B\u016bkite tikra karalien\u0117!<\/p>\n","protected":false},"featured_media":41833,"template":"","meta":[],"product_brand":[],"product_cat":[513,524],"product_tag":[],"class_list":{"0":"post-41031","1":"product","2":"type-product","3":"status-publish","4":"has-post-thumbnail","6":"product_cat-vidutinio-dydzio-draskymo-medziai-petrebels","7":"product_cat-kaup24-lt","8":"product_shipping_class-pakiautomaati-sobimatu-lt","10":"first","11":"instock","12":"sale","13":"taxable","14":"shipping-taxable","15":"purchasable","16":"product-type-simple"},"yoast_head":"<!-- This site is optimized with the Yoast SEO plugin v27.2 - https:\/\/yoast.com\/product\/yoast-seo-wordpress\/ -->\n<title>Draskykl\u0117 Petrebels Cleopatra 134, kremin\u0117 - MiuMjau<\/title>\n<meta name=\"robots\" content=\"index, follow, max-snippet:-1, max-image-preview:large, max-video-preview:-1\" \/>\n<link rel=\"canonical\" href=\"https:\/\/miumjau.ee\/lt\/produktas\/draskykle-petrebels-cleopatra-134-kremine\/\" \/>\n<meta property=\"og:locale\" content=\"lt_LT\" \/>\n<meta property=\"og:type\" content=\"article\" \/>\n<meta property=\"og:title\" content=\"Draskykl\u0117 Petrebels Cleopatra 134, kremin\u0117 - MiuMjau\" \/>\n<meta property=\"og:description\" content=\"Jei kat\u0117 negali i\u0161vykti \u012f Egipt\u0105, Egiptas atkeliauja pas j\u0105 namo! Draskykl\u0117 Cleopatra \u2013 tai grynas prabangos simbolis. Visi stulpai visi\u0161kai padengti draskomu sizaliu. Vir\u0161uje \u012frengtas platus ap\u017evalgos guolis \u2013 vietos pakanka net didel\u0117ms ir sunkioms kat\u0117ms. Steb\u0117jimas kat\u0117ms labai svarbus! Kai \u017eaidimai baigti ir nagai pagal\u0105sti, ma\u017eyl\u0117 gali nusn\u016bsti kabinamame hamake arba jaukiame namelyje, kuriame yra ir privatumo, ir patogumo. \u0160is modelis tinka ir ka\u010diukams, ir senjor\u0117ms, nes papildomos pakopos u\u017etikrina saugum\u0105. Vir\u0161utin\u0117je platformoje ir namelyje esantys mink\u0161ti pagrindai skalbiami 30 \u00b0C temperat\u016broje.  Matmenys: 55 \u00d7 45 \u00d7 134 cm (ilgis, plotis, auk\u0161tis)  Prabangaus guolio matmenys \u2013 46 \u00d7 55 cm, kabinamo hamako \u2013 40 \u00d7 40 cm.  Produkto svoris \u2013 26,8 kg, su pakuote \u2013 28,3 kg. B\u016bkite tikra karalien\u0117!\" \/>\n<meta property=\"og:url\" content=\"https:\/\/miumjau.ee\/lt\/produktas\/draskykle-petrebels-cleopatra-134-kremine\/\" \/>\n<meta property=\"og:site_name\" content=\"MiuMjau\" \/>\n<meta property=\"article:publisher\" content=\"https:\/\/www.facebook.com\/miumjaupood\/\" \/>\n<meta property=\"article:modified_time\" content=\"2026-01-07T18:55:27+00:00\" \/>\n<meta property=\"og:image\" content=\"https:\/\/miumjau.ee\/wp-content\/uploads\/2023\/09\/cleopatra-134-kreem-kassi-kraapimispuu-1.jpg\" \/>\n\t<meta property=\"og:image:width\" content=\"600\" \/>\n\t<meta property=\"og:image:height\" content=\"800\" \/>\n\t<meta property=\"og:image:type\" content=\"image\/jpeg\" \/>\n<meta name=\"twitter:card\" content=\"summary_large_image\" \/>\n<script type=\"application\/ld+json\" class=\"yoast-schema-graph\">{\"@context\":\"https:\/\/schema.org\",\"@graph\":[{\"@type\":\"WebPage\",\"@id\":\"https:\/\/miumjau.ee\/lt\/produktas\/draskykle-petrebels-cleopatra-134-kremine\/\",\"url\":\"https:\/\/miumjau.ee\/lt\/produktas\/draskykle-petrebels-cleopatra-134-kremine\/\",\"name\":\"Draskykl\u0117 Petrebels Cleopatra 134, kremin\u0117 - MiuMjau\",\"isPartOf\":{\"@id\":\"https:\/\/miumjau.ee\/#website\"},\"primaryImageOfPage\":{\"@id\":\"https:\/\/miumjau.ee\/lt\/produktas\/draskykle-petrebels-cleopatra-134-kremine\/#primaryimage\"},\"image\":{\"@id\":\"https:\/\/miumjau.ee\/lt\/produktas\/draskykle-petrebels-cleopatra-134-kremine\/#primaryimage\"},\"thumbnailUrl\":\"https:\/\/miumjau.ee\/wp-content\/uploads\/2023\/09\/cleopatra-134-kreem-kassi-kraapimispuu-1.jpg\",\"datePublished\":\"2023-09-30T06:49:52+00:00\",\"dateModified\":\"2026-01-07T18:55:27+00:00\",\"breadcrumb\":{\"@id\":\"https:\/\/miumjau.ee\/lt\/produktas\/draskykle-petrebels-cleopatra-134-kremine\/#breadcrumb\"},\"inLanguage\":\"lt-LT\",\"potentialAction\":[{\"@type\":\"ReadAction\",\"target\":[\"https:\/\/miumjau.ee\/lt\/produktas\/draskykle-petrebels-cleopatra-134-kremine\/\"]}]},{\"@type\":\"ImageObject\",\"inLanguage\":\"lt-LT\",\"@id\":\"https:\/\/miumjau.ee\/lt\/produktas\/draskykle-petrebels-cleopatra-134-kremine\/#primaryimage\",\"url\":\"https:\/\/miumjau.ee\/wp-content\/uploads\/2023\/09\/cleopatra-134-kreem-kassi-kraapimispuu-1.jpg\",\"contentUrl\":\"https:\/\/miumjau.ee\/wp-content\/uploads\/2023\/09\/cleopatra-134-kreem-kassi-kraapimispuu-1.jpg\",\"width\":600,\"height\":800,\"caption\":\"Cleopatra 134 kraapimispuu PETREBELS\"},{\"@type\":\"BreadcrumbList\",\"@id\":\"https:\/\/miumjau.ee\/lt\/produktas\/draskykle-petrebels-cleopatra-134-kremine\/#breadcrumb\",\"itemListElement\":[{\"@type\":\"ListItem\",\"position\":1,\"name\":\"Home\",\"item\":\"https:\/\/miumjau.ee\/lt\/\"},{\"@type\":\"ListItem\",\"position\":2,\"name\":\"Parduotuv\u0117\",\"item\":\"https:\/\/miumjau.ee\/lt\/parduotuve\/\"},{\"@type\":\"ListItem\",\"position\":3,\"name\":\"Draskykl\u0117 Petrebels Cleopatra 134, kremin\u0117\"}]},{\"@type\":\"WebSite\",\"@id\":\"https:\/\/miumjau.ee\/#website\",\"url\":\"https:\/\/miumjau.ee\/\",\"name\":\"MiuMjau\",\"description\":\"Kraapimispuud kassidele\",\"publisher\":{\"@id\":\"https:\/\/miumjau.ee\/#organization\"},\"potentialAction\":[{\"@type\":\"SearchAction\",\"target\":{\"@type\":\"EntryPoint\",\"urlTemplate\":\"https:\/\/miumjau.ee\/?s={search_term_string}\"},\"query-input\":{\"@type\":\"PropertyValueSpecification\",\"valueRequired\":true,\"valueName\":\"search_term_string\"}}],\"inLanguage\":\"lt-LT\"},{\"@type\":\"Organization\",\"@id\":\"https:\/\/miumjau.ee\/#organization\",\"name\":\"MiuMjau O\u00dc\",\"url\":\"https:\/\/miumjau.ee\/\",\"logo\":{\"@type\":\"ImageObject\",\"inLanguage\":\"lt-LT\",\"@id\":\"https:\/\/miumjau.ee\/#\/schema\/logo\/image\/\",\"url\":\"https:\/\/miumjau.ee\/wp-content\/uploads\/2022\/04\/MiuMjau-logo-kollane.png\",\"contentUrl\":\"https:\/\/miumjau.ee\/wp-content\/uploads\/2022\/04\/MiuMjau-logo-kollane.png\",\"width\":219,\"height\":100,\"caption\":\"MiuMjau O\u00dc\"},\"image\":{\"@id\":\"https:\/\/miumjau.ee\/#\/schema\/logo\/image\/\"},\"sameAs\":[\"https:\/\/www.facebook.com\/miumjaupood\/\"]}]}<\/script>\n<!-- \/ Yoast SEO plugin. -->","yoast_head_json":{"title":"Draskykl\u0117 Petrebels Cleopatra 134, kremin\u0117 - MiuMjau","robots":{"index":"index","follow":"follow","max-snippet":"max-snippet:-1","max-image-preview":"max-image-preview:large","max-video-preview":"max-video-preview:-1"},"canonical":"https:\/\/miumjau.ee\/lt\/produktas\/draskykle-petrebels-cleopatra-134-kremine\/","og_locale":"lt_LT","og_type":"article","og_title":"Draskykl\u0117 Petrebels Cleopatra 134, kremin\u0117 - MiuMjau","og_description":"Jei kat\u0117 negali i\u0161vykti \u012f Egipt\u0105, Egiptas atkeliauja pas j\u0105 namo! Draskykl\u0117 Cleopatra \u2013 tai grynas prabangos simbolis. Visi stulpai visi\u0161kai padengti draskomu sizaliu. Vir\u0161uje \u012frengtas platus ap\u017evalgos guolis \u2013 vietos pakanka net didel\u0117ms ir sunkioms kat\u0117ms. Steb\u0117jimas kat\u0117ms labai svarbus! Kai \u017eaidimai baigti ir nagai pagal\u0105sti, ma\u017eyl\u0117 gali nusn\u016bsti kabinamame hamake arba jaukiame namelyje, kuriame yra ir privatumo, ir patogumo. \u0160is modelis tinka ir ka\u010diukams, ir senjor\u0117ms, nes papildomos pakopos u\u017etikrina saugum\u0105. Vir\u0161utin\u0117je platformoje ir namelyje esantys mink\u0161ti pagrindai skalbiami 30 \u00b0C temperat\u016broje.  Matmenys: 55 \u00d7 45 \u00d7 134 cm (ilgis, plotis, auk\u0161tis)  Prabangaus guolio matmenys \u2013 46 \u00d7 55 cm, kabinamo hamako \u2013 40 \u00d7 40 cm.  Produkto svoris \u2013 26,8 kg, su pakuote \u2013 28,3 kg. B\u016bkite tikra karalien\u0117!","og_url":"https:\/\/miumjau.ee\/lt\/produktas\/draskykle-petrebels-cleopatra-134-kremine\/","og_site_name":"MiuMjau","article_publisher":"https:\/\/www.facebook.com\/miumjaupood\/","article_modified_time":"2026-01-07T18:55:27+00:00","og_image":[{"width":600,"height":800,"url":"https:\/\/miumjau.ee\/wp-content\/uploads\/2023\/09\/cleopatra-134-kreem-kassi-kraapimispuu-1.jpg","type":"image\/jpeg"}],"twitter_card":"summary_large_image","schema":{"@context":"https:\/\/schema.org","@graph":[{"@type":"WebPage","@id":"https:\/\/miumjau.ee\/lt\/produktas\/draskykle-petrebels-cleopatra-134-kremine\/","url":"https:\/\/miumjau.ee\/lt\/produktas\/draskykle-petrebels-cleopatra-134-kremine\/","name":"Draskykl\u0117 Petrebels Cleopatra 134, kremin\u0117 - MiuMjau","isPartOf":{"@id":"https:\/\/miumjau.ee\/#website"},"primaryImageOfPage":{"@id":"https:\/\/miumjau.ee\/lt\/produktas\/draskykle-petrebels-cleopatra-134-kremine\/#primaryimage"},"image":{"@id":"https:\/\/miumjau.ee\/lt\/produktas\/draskykle-petrebels-cleopatra-134-kremine\/#primaryimage"},"thumbnailUrl":"https:\/\/miumjau.ee\/wp-content\/uploads\/2023\/09\/cleopatra-134-kreem-kassi-kraapimispuu-1.jpg","datePublished":"2023-09-30T06:49:52+00:00","dateModified":"2026-01-07T18:55:27+00:00","breadcrumb":{"@id":"https:\/\/miumjau.ee\/lt\/produktas\/draskykle-petrebels-cleopatra-134-kremine\/#breadcrumb"},"inLanguage":"lt-LT","potentialAction":[{"@type":"ReadAction","target":["https:\/\/miumjau.ee\/lt\/produktas\/draskykle-petrebels-cleopatra-134-kremine\/"]}]},{"@type":"ImageObject","inLanguage":"lt-LT","@id":"https:\/\/miumjau.ee\/lt\/produktas\/draskykle-petrebels-cleopatra-134-kremine\/#primaryimage","url":"https:\/\/miumjau.ee\/wp-content\/uploads\/2023\/09\/cleopatra-134-kreem-kassi-kraapimispuu-1.jpg","contentUrl":"https:\/\/miumjau.ee\/wp-content\/uploads\/2023\/09\/cleopatra-134-kreem-kassi-kraapimispuu-1.jpg","width":600,"height":800,"caption":"Cleopatra 134 kraapimispuu PETREBELS"},{"@type":"BreadcrumbList","@id":"https:\/\/miumjau.ee\/lt\/produktas\/draskykle-petrebels-cleopatra-134-kremine\/#breadcrumb","itemListElement":[{"@type":"ListItem","position":1,"name":"Home","item":"https:\/\/miumjau.ee\/lt\/"},{"@type":"ListItem","position":2,"name":"Parduotuv\u0117","item":"https:\/\/miumjau.ee\/lt\/parduotuve\/"},{"@type":"ListItem","position":3,"name":"Draskykl\u0117 Petrebels Cleopatra 134, kremin\u0117"}]},{"@type":"WebSite","@id":"https:\/\/miumjau.ee\/#website","url":"https:\/\/miumjau.ee\/","name":"MiuMjau","description":"Kraapimispuud kassidele","publisher":{"@id":"https:\/\/miumjau.ee\/#organization"},"potentialAction":[{"@type":"SearchAction","target":{"@type":"EntryPoint","urlTemplate":"https:\/\/miumjau.ee\/?s={search_term_string}"},"query-input":{"@type":"PropertyValueSpecification","valueRequired":true,"valueName":"search_term_string"}}],"inLanguage":"lt-LT"},{"@type":"Organization","@id":"https:\/\/miumjau.ee\/#organization","name":"MiuMjau O\u00dc","url":"https:\/\/miumjau.ee\/","logo":{"@type":"ImageObject","inLanguage":"lt-LT","@id":"https:\/\/miumjau.ee\/#\/schema\/logo\/image\/","url":"https:\/\/miumjau.ee\/wp-content\/uploads\/2022\/04\/MiuMjau-logo-kollane.png","contentUrl":"https:\/\/miumjau.ee\/wp-content\/uploads\/2022\/04\/MiuMjau-logo-kollane.png","width":219,"height":100,"caption":"MiuMjau O\u00dc"},"image":{"@id":"https:\/\/miumjau.ee\/#\/schema\/logo\/image\/"},"sameAs":["https:\/\/www.facebook.com\/miumjaupood\/"]}]}},"_links":{"self":[{"href":"https:\/\/miumjau.ee\/lt\/wp-json\/wp\/v2\/product\/41031","targetHints":{"allow":["GET"]}}],"collection":[{"href":"https:\/\/miumjau.ee\/lt\/wp-json\/wp\/v2\/product"}],"about":[{"href":"https:\/\/miumjau.ee\/lt\/wp-json\/wp\/v2\/types\/product"}],"wp:featuredmedia":[{"embeddable":true,"href":"https:\/\/miumjau.ee\/lt\/wp-json\/wp\/v2\/media\/41833"}],"wp:attachment":[{"href":"https:\/\/miumjau.ee\/lt\/wp-json\/wp\/v2\/media?parent=41031"}],"wp:term":[{"taxonomy":"product_brand","embeddable":true,"href":"https:\/\/miumjau.ee\/lt\/wp-json\/wp\/v2\/product_brand?post=41031"},{"taxonomy":"product_cat","embeddable":true,"href":"https:\/\/miumjau.ee\/lt\/wp-json\/wp\/v2\/product_cat?post=41031"},{"taxonomy":"product_tag","embeddable":true,"href":"https:\/\/miumjau.ee\/lt\/wp-json\/wp\/v2\/product_tag?post=41031"}],"curies":[{"name":"wp","href":"https:\/\/api.w.org\/{rel}","templated":true}]}}