{"id":41024,"date":"2023-09-29T12:19:07","date_gmt":"2023-09-29T09:19:07","guid":{"rendered":"https:\/\/miumjau.ee\/toode\/draskykle-petrebels-charlotte-134-kremine\/"},"modified":"2026-01-07T20:55:27","modified_gmt":"2026-01-07T18:55:27","slug":"draskykle-petrebels-charlotte-134-kremine","status":"publish","type":"product","link":"https:\/\/miumjau.ee\/lt\/produktas\/draskykle-petrebels-charlotte-134-kremine\/","title":{"rendered":"Draskykl\u0117 Petrebels Charlotte 134, kremin\u0117"},"content":{"rendered":"","protected":false},"excerpt":{"rendered":"<p>Modelis Charlotte sukurtas pirmiausia galvojant apie kompakti\u0161kum\u0105 \u2013 kad net ir tie, kurie neturi daug vietos, gal\u0117t\u0173 tur\u0117ti kokybi\u0161k\u0105 draskykl\u0119. Vis d\u0117lto \u010dia yra viskas, ko kat\u0117ms reikia. Visi 9 cm storio stulpai visi\u0161kai dengti kokybi\u0161ku draskomu sizaliu, lipimui skirtos keli\u0173 auk\u0161\u010di\u0173 platformos, poilsiui \u2013 u\u017edaras namelis, o ils\u0117jimuisi \u2013 atvira gultin\u0117. Svarbiausia \u2013 vir\u0161uje esanti ap\u017evalgos aik\u0161tel\u0117 leid\u017eia katei steb\u0117ti visk\u0105 aplink. Draskykl\u0117 turi sustiprint\u0105 pagrind\u0105, tod\u0117l yra tvirta ir stabili. Tinka net ir didesn\u0117ms, sunkesn\u0117ms kat\u0117ms.<\/p>\n<p>Produkto svoris 23,1 kg, su pakuote \u2013 25,1 kg.<br \/>\nMatmenys: 59 \u00d7 56 \u00d7 134 cm (ilgis, plotis, auk\u0161tis).<br \/>\nStulp\u0173 skersmuo 9 cm.<br \/>\nNamelis 40 \u00d7 40 cm, auk\u0161tis 30 cm.<\/p>\n","protected":false},"featured_media":42101,"template":"","meta":[],"product_brand":[],"product_cat":[513,524],"product_tag":[],"class_list":{"0":"post-41024","1":"product","2":"type-product","3":"status-publish","4":"has-post-thumbnail","6":"product_cat-vidutinio-dydzio-draskymo-medziai-petrebels","7":"product_cat-kaup24-lt","8":"product_shipping_class-pakiautomaati-sobimatu-lt","10":"first","11":"instock","12":"taxable","13":"shipping-taxable","14":"purchasable","15":"product-type-simple"},"yoast_head":"<!-- This site is optimized with the Yoast SEO plugin v27.2 - https:\/\/yoast.com\/product\/yoast-seo-wordpress\/ -->\n<title>Draskykl\u0117 Petrebels Charlotte 134, kremin\u0117 - MiuMjau<\/title>\n<meta name=\"robots\" content=\"index, follow, max-snippet:-1, max-image-preview:large, max-video-preview:-1\" \/>\n<link rel=\"canonical\" href=\"https:\/\/miumjau.ee\/lt\/produktas\/draskykle-petrebels-charlotte-134-kremine\/\" \/>\n<meta property=\"og:locale\" content=\"lt_LT\" \/>\n<meta property=\"og:type\" content=\"article\" \/>\n<meta property=\"og:title\" content=\"Draskykl\u0117 Petrebels Charlotte 134, kremin\u0117 - MiuMjau\" \/>\n<meta property=\"og:description\" content=\"Modelis Charlotte sukurtas pirmiausia galvojant apie kompakti\u0161kum\u0105 \u2013 kad net ir tie, kurie neturi daug vietos, gal\u0117t\u0173 tur\u0117ti kokybi\u0161k\u0105 draskykl\u0119. Vis d\u0117lto \u010dia yra viskas, ko kat\u0117ms reikia. Visi 9 cm storio stulpai visi\u0161kai dengti kokybi\u0161ku draskomu sizaliu, lipimui skirtos keli\u0173 auk\u0161\u010di\u0173 platformos, poilsiui \u2013 u\u017edaras namelis, o ils\u0117jimuisi \u2013 atvira gultin\u0117. Svarbiausia \u2013 vir\u0161uje esanti ap\u017evalgos aik\u0161tel\u0117 leid\u017eia katei steb\u0117ti visk\u0105 aplink. Draskykl\u0117 turi sustiprint\u0105 pagrind\u0105, tod\u0117l yra tvirta ir stabili. Tinka net ir didesn\u0117ms, sunkesn\u0117ms kat\u0117ms. Produkto svoris 23,1 kg, su pakuote \u2013 25,1 kg.  Matmenys: 59 \u00d7 56 \u00d7 134 cm (ilgis, plotis, auk\u0161tis).  Stulp\u0173 skersmuo 9 cm.  Namelis 40 \u00d7 40 cm, auk\u0161tis 30 cm.\" \/>\n<meta property=\"og:url\" content=\"https:\/\/miumjau.ee\/lt\/produktas\/draskykle-petrebels-charlotte-134-kremine\/\" \/>\n<meta property=\"og:site_name\" content=\"MiuMjau\" \/>\n<meta property=\"article:publisher\" content=\"https:\/\/www.facebook.com\/miumjaupood\/\" \/>\n<meta property=\"article:modified_time\" content=\"2026-01-07T18:55:27+00:00\" \/>\n<meta property=\"og:image\" content=\"https:\/\/miumjau.ee\/wp-content\/uploads\/2023\/09\/charlotte-134-kreem-kassi-kraapimispuu-1.jpg\" \/>\n\t<meta property=\"og:image:width\" content=\"600\" \/>\n\t<meta property=\"og:image:height\" content=\"800\" \/>\n\t<meta property=\"og:image:type\" content=\"image\/jpeg\" \/>\n<meta name=\"twitter:card\" content=\"summary_large_image\" \/>\n<script type=\"application\/ld+json\" class=\"yoast-schema-graph\">{\"@context\":\"https:\/\/schema.org\",\"@graph\":[{\"@type\":\"WebPage\",\"@id\":\"https:\/\/miumjau.ee\/lt\/produktas\/draskykle-petrebels-charlotte-134-kremine\/\",\"url\":\"https:\/\/miumjau.ee\/lt\/produktas\/draskykle-petrebels-charlotte-134-kremine\/\",\"name\":\"Draskykl\u0117 Petrebels Charlotte 134, kremin\u0117 - MiuMjau\",\"isPartOf\":{\"@id\":\"https:\/\/miumjau.ee\/#website\"},\"primaryImageOfPage\":{\"@id\":\"https:\/\/miumjau.ee\/lt\/produktas\/draskykle-petrebels-charlotte-134-kremine\/#primaryimage\"},\"image\":{\"@id\":\"https:\/\/miumjau.ee\/lt\/produktas\/draskykle-petrebels-charlotte-134-kremine\/#primaryimage\"},\"thumbnailUrl\":\"https:\/\/miumjau.ee\/wp-content\/uploads\/2023\/09\/charlotte-134-kreem-kassi-kraapimispuu-1.jpg\",\"datePublished\":\"2023-09-29T09:19:07+00:00\",\"dateModified\":\"2026-01-07T18:55:27+00:00\",\"breadcrumb\":{\"@id\":\"https:\/\/miumjau.ee\/lt\/produktas\/draskykle-petrebels-charlotte-134-kremine\/#breadcrumb\"},\"inLanguage\":\"lt-LT\",\"potentialAction\":[{\"@type\":\"ReadAction\",\"target\":[\"https:\/\/miumjau.ee\/lt\/produktas\/draskykle-petrebels-charlotte-134-kremine\/\"]}]},{\"@type\":\"ImageObject\",\"inLanguage\":\"lt-LT\",\"@id\":\"https:\/\/miumjau.ee\/lt\/produktas\/draskykle-petrebels-charlotte-134-kremine\/#primaryimage\",\"url\":\"https:\/\/miumjau.ee\/wp-content\/uploads\/2023\/09\/charlotte-134-kreem-kassi-kraapimispuu-1.jpg\",\"contentUrl\":\"https:\/\/miumjau.ee\/wp-content\/uploads\/2023\/09\/charlotte-134-kreem-kassi-kraapimispuu-1.jpg\",\"width\":600,\"height\":800,\"caption\":\"Charlotte 134 Petrebels kassi kraapimispuu\"},{\"@type\":\"BreadcrumbList\",\"@id\":\"https:\/\/miumjau.ee\/lt\/produktas\/draskykle-petrebels-charlotte-134-kremine\/#breadcrumb\",\"itemListElement\":[{\"@type\":\"ListItem\",\"position\":1,\"name\":\"Home\",\"item\":\"https:\/\/miumjau.ee\/lt\/\"},{\"@type\":\"ListItem\",\"position\":2,\"name\":\"Parduotuv\u0117\",\"item\":\"https:\/\/miumjau.ee\/lt\/parduotuve\/\"},{\"@type\":\"ListItem\",\"position\":3,\"name\":\"Draskykl\u0117 Petrebels Charlotte 134, kremin\u0117\"}]},{\"@type\":\"WebSite\",\"@id\":\"https:\/\/miumjau.ee\/#website\",\"url\":\"https:\/\/miumjau.ee\/\",\"name\":\"MiuMjau\",\"description\":\"Kraapimispuud kassidele\",\"publisher\":{\"@id\":\"https:\/\/miumjau.ee\/#organization\"},\"potentialAction\":[{\"@type\":\"SearchAction\",\"target\":{\"@type\":\"EntryPoint\",\"urlTemplate\":\"https:\/\/miumjau.ee\/?s={search_term_string}\"},\"query-input\":{\"@type\":\"PropertyValueSpecification\",\"valueRequired\":true,\"valueName\":\"search_term_string\"}}],\"inLanguage\":\"lt-LT\"},{\"@type\":\"Organization\",\"@id\":\"https:\/\/miumjau.ee\/#organization\",\"name\":\"MiuMjau O\u00dc\",\"url\":\"https:\/\/miumjau.ee\/\",\"logo\":{\"@type\":\"ImageObject\",\"inLanguage\":\"lt-LT\",\"@id\":\"https:\/\/miumjau.ee\/#\/schema\/logo\/image\/\",\"url\":\"https:\/\/miumjau.ee\/wp-content\/uploads\/2022\/04\/MiuMjau-logo-kollane.png\",\"contentUrl\":\"https:\/\/miumjau.ee\/wp-content\/uploads\/2022\/04\/MiuMjau-logo-kollane.png\",\"width\":219,\"height\":100,\"caption\":\"MiuMjau O\u00dc\"},\"image\":{\"@id\":\"https:\/\/miumjau.ee\/#\/schema\/logo\/image\/\"},\"sameAs\":[\"https:\/\/www.facebook.com\/miumjaupood\/\"]}]}<\/script>\n<!-- \/ Yoast SEO plugin. -->","yoast_head_json":{"title":"Draskykl\u0117 Petrebels Charlotte 134, kremin\u0117 - MiuMjau","robots":{"index":"index","follow":"follow","max-snippet":"max-snippet:-1","max-image-preview":"max-image-preview:large","max-video-preview":"max-video-preview:-1"},"canonical":"https:\/\/miumjau.ee\/lt\/produktas\/draskykle-petrebels-charlotte-134-kremine\/","og_locale":"lt_LT","og_type":"article","og_title":"Draskykl\u0117 Petrebels Charlotte 134, kremin\u0117 - MiuMjau","og_description":"Modelis Charlotte sukurtas pirmiausia galvojant apie kompakti\u0161kum\u0105 \u2013 kad net ir tie, kurie neturi daug vietos, gal\u0117t\u0173 tur\u0117ti kokybi\u0161k\u0105 draskykl\u0119. Vis d\u0117lto \u010dia yra viskas, ko kat\u0117ms reikia. Visi 9 cm storio stulpai visi\u0161kai dengti kokybi\u0161ku draskomu sizaliu, lipimui skirtos keli\u0173 auk\u0161\u010di\u0173 platformos, poilsiui \u2013 u\u017edaras namelis, o ils\u0117jimuisi \u2013 atvira gultin\u0117. Svarbiausia \u2013 vir\u0161uje esanti ap\u017evalgos aik\u0161tel\u0117 leid\u017eia katei steb\u0117ti visk\u0105 aplink. Draskykl\u0117 turi sustiprint\u0105 pagrind\u0105, tod\u0117l yra tvirta ir stabili. Tinka net ir didesn\u0117ms, sunkesn\u0117ms kat\u0117ms. Produkto svoris 23,1 kg, su pakuote \u2013 25,1 kg.  Matmenys: 59 \u00d7 56 \u00d7 134 cm (ilgis, plotis, auk\u0161tis).  Stulp\u0173 skersmuo 9 cm.  Namelis 40 \u00d7 40 cm, auk\u0161tis 30 cm.","og_url":"https:\/\/miumjau.ee\/lt\/produktas\/draskykle-petrebels-charlotte-134-kremine\/","og_site_name":"MiuMjau","article_publisher":"https:\/\/www.facebook.com\/miumjaupood\/","article_modified_time":"2026-01-07T18:55:27+00:00","og_image":[{"width":600,"height":800,"url":"https:\/\/miumjau.ee\/wp-content\/uploads\/2023\/09\/charlotte-134-kreem-kassi-kraapimispuu-1.jpg","type":"image\/jpeg"}],"twitter_card":"summary_large_image","schema":{"@context":"https:\/\/schema.org","@graph":[{"@type":"WebPage","@id":"https:\/\/miumjau.ee\/lt\/produktas\/draskykle-petrebels-charlotte-134-kremine\/","url":"https:\/\/miumjau.ee\/lt\/produktas\/draskykle-petrebels-charlotte-134-kremine\/","name":"Draskykl\u0117 Petrebels Charlotte 134, kremin\u0117 - MiuMjau","isPartOf":{"@id":"https:\/\/miumjau.ee\/#website"},"primaryImageOfPage":{"@id":"https:\/\/miumjau.ee\/lt\/produktas\/draskykle-petrebels-charlotte-134-kremine\/#primaryimage"},"image":{"@id":"https:\/\/miumjau.ee\/lt\/produktas\/draskykle-petrebels-charlotte-134-kremine\/#primaryimage"},"thumbnailUrl":"https:\/\/miumjau.ee\/wp-content\/uploads\/2023\/09\/charlotte-134-kreem-kassi-kraapimispuu-1.jpg","datePublished":"2023-09-29T09:19:07+00:00","dateModified":"2026-01-07T18:55:27+00:00","breadcrumb":{"@id":"https:\/\/miumjau.ee\/lt\/produktas\/draskykle-petrebels-charlotte-134-kremine\/#breadcrumb"},"inLanguage":"lt-LT","potentialAction":[{"@type":"ReadAction","target":["https:\/\/miumjau.ee\/lt\/produktas\/draskykle-petrebels-charlotte-134-kremine\/"]}]},{"@type":"ImageObject","inLanguage":"lt-LT","@id":"https:\/\/miumjau.ee\/lt\/produktas\/draskykle-petrebels-charlotte-134-kremine\/#primaryimage","url":"https:\/\/miumjau.ee\/wp-content\/uploads\/2023\/09\/charlotte-134-kreem-kassi-kraapimispuu-1.jpg","contentUrl":"https:\/\/miumjau.ee\/wp-content\/uploads\/2023\/09\/charlotte-134-kreem-kassi-kraapimispuu-1.jpg","width":600,"height":800,"caption":"Charlotte 134 Petrebels kassi kraapimispuu"},{"@type":"BreadcrumbList","@id":"https:\/\/miumjau.ee\/lt\/produktas\/draskykle-petrebels-charlotte-134-kremine\/#breadcrumb","itemListElement":[{"@type":"ListItem","position":1,"name":"Home","item":"https:\/\/miumjau.ee\/lt\/"},{"@type":"ListItem","position":2,"name":"Parduotuv\u0117","item":"https:\/\/miumjau.ee\/lt\/parduotuve\/"},{"@type":"ListItem","position":3,"name":"Draskykl\u0117 Petrebels Charlotte 134, kremin\u0117"}]},{"@type":"WebSite","@id":"https:\/\/miumjau.ee\/#website","url":"https:\/\/miumjau.ee\/","name":"MiuMjau","description":"Kraapimispuud kassidele","publisher":{"@id":"https:\/\/miumjau.ee\/#organization"},"potentialAction":[{"@type":"SearchAction","target":{"@type":"EntryPoint","urlTemplate":"https:\/\/miumjau.ee\/?s={search_term_string}"},"query-input":{"@type":"PropertyValueSpecification","valueRequired":true,"valueName":"search_term_string"}}],"inLanguage":"lt-LT"},{"@type":"Organization","@id":"https:\/\/miumjau.ee\/#organization","name":"MiuMjau O\u00dc","url":"https:\/\/miumjau.ee\/","logo":{"@type":"ImageObject","inLanguage":"lt-LT","@id":"https:\/\/miumjau.ee\/#\/schema\/logo\/image\/","url":"https:\/\/miumjau.ee\/wp-content\/uploads\/2022\/04\/MiuMjau-logo-kollane.png","contentUrl":"https:\/\/miumjau.ee\/wp-content\/uploads\/2022\/04\/MiuMjau-logo-kollane.png","width":219,"height":100,"caption":"MiuMjau O\u00dc"},"image":{"@id":"https:\/\/miumjau.ee\/#\/schema\/logo\/image\/"},"sameAs":["https:\/\/www.facebook.com\/miumjaupood\/"]}]}},"_links":{"self":[{"href":"https:\/\/miumjau.ee\/lt\/wp-json\/wp\/v2\/product\/41024","targetHints":{"allow":["GET"]}}],"collection":[{"href":"https:\/\/miumjau.ee\/lt\/wp-json\/wp\/v2\/product"}],"about":[{"href":"https:\/\/miumjau.ee\/lt\/wp-json\/wp\/v2\/types\/product"}],"wp:featuredmedia":[{"embeddable":true,"href":"https:\/\/miumjau.ee\/lt\/wp-json\/wp\/v2\/media\/42101"}],"wp:attachment":[{"href":"https:\/\/miumjau.ee\/lt\/wp-json\/wp\/v2\/media?parent=41024"}],"wp:term":[{"taxonomy":"product_brand","embeddable":true,"href":"https:\/\/miumjau.ee\/lt\/wp-json\/wp\/v2\/product_brand?post=41024"},{"taxonomy":"product_cat","embeddable":true,"href":"https:\/\/miumjau.ee\/lt\/wp-json\/wp\/v2\/product_cat?post=41024"},{"taxonomy":"product_tag","embeddable":true,"href":"https:\/\/miumjau.ee\/lt\/wp-json\/wp\/v2\/product_tag?post=41024"}],"curies":[{"name":"wp","href":"https:\/\/api.w.org\/{rel}","templated":true}]}}