{"id":41019,"date":"2023-09-29T11:52:26","date_gmt":"2023-09-29T08:52:26","guid":{"rendered":"https:\/\/miumjau.ee\/toode\/petrebels-draskymo-vamzdis-superdome-120-kapucino\/"},"modified":"2026-01-07T20:55:34","modified_gmt":"2026-01-07T18:55:34","slug":"petrebels-draskymo-vamzdis-superdome-120-kapucino","status":"publish","type":"product","link":"https:\/\/miumjau.ee\/lt\/produktas\/petrebels-draskymo-vamzdis-superdome-120-kapucino\/","title":{"rendered":"Petrebels draskymo vamzdis Superdome 120, kapu\u010dino"},"content":{"rendered":"","protected":false},"excerpt":{"rendered":"<p>Draskymo vamzdis padengtas ypa\u010d tvirtu sizalio kilimu ir turi papildomai plat\u0173 skersmen\u012f. \u012e\u0117jimai taip pat platesni, kad kiekviena kat\u0117 lengvai pasiekt\u0173 savo mink\u0161t\u0105 vietel\u0119. Tiek ma\u017eesn\u0117s, tiek vyresn\u0117s kat\u0117s. O prabangi \u017eaidim\u0173 virv\u0117 suteikia dar daugiau linksmybi\u0173 j\u016bs\u0173 mai\u0161tingoms kat\u0117ms. Kod\u0117l pavadinimas Superdome? Nes tai vienas stabiliausi\u0173 draskymo vamzd\u017ei\u0173, kokius galima rasti. Taip pat komplekte esantys du pagalv\u0117liai skalbiami ma\u0161inoje. Dizainas \u0161iuolaiki\u0161kas ir stilingas.<\/p>\n<p>Draskykl\u0117 skirta vis\u0173 svorio kategorij\u0173 ir \u016bgio kat\u0117ms. Tinka ir patinams Maine Coon.<\/p>\n<p>Produktas supakuotas \u012f 1 d\u0117\u017e\u0119, svoris 23,5 kg.<br \/>\nSvoris be pakuot\u0117s \u2013 22,3 kg.<br \/>\nMatmenys \u2013 skersmuo 49 cm, auk\u0161tis 118 cm.<\/p>\n","protected":false},"featured_media":42057,"template":"","meta":[],"product_brand":[],"product_cat":[514,524],"product_tag":[],"class_list":{"0":"post-41019","1":"product","2":"type-product","3":"status-publish","4":"has-post-thumbnail","6":"product_cat-draskymo-bokstai-petrebels","7":"product_cat-kaup24-lt","8":"product_shipping_class-pakiautomaati-sobimatu-lt","10":"first","11":"instock","12":"taxable","13":"shipping-taxable","14":"purchasable","15":"product-type-simple"},"yoast_head":"<!-- This site is optimized with the Yoast SEO plugin v27.2 - https:\/\/yoast.com\/product\/yoast-seo-wordpress\/ -->\n<title>Petrebels draskymo vamzdis Superdome 120, kapu\u010dino - MiuMjau<\/title>\n<meta name=\"robots\" content=\"index, follow, max-snippet:-1, max-image-preview:large, max-video-preview:-1\" \/>\n<link rel=\"canonical\" href=\"https:\/\/miumjau.ee\/lt\/produktas\/petrebels-draskymo-vamzdis-superdome-120-kapucino\/\" \/>\n<meta property=\"og:locale\" content=\"lt_LT\" \/>\n<meta property=\"og:type\" content=\"article\" \/>\n<meta property=\"og:title\" content=\"Petrebels draskymo vamzdis Superdome 120, kapu\u010dino - MiuMjau\" \/>\n<meta property=\"og:description\" content=\"Draskymo vamzdis padengtas ypa\u010d tvirtu sizalio kilimu ir turi papildomai plat\u0173 skersmen\u012f. \u012e\u0117jimai taip pat platesni, kad kiekviena kat\u0117 lengvai pasiekt\u0173 savo mink\u0161t\u0105 vietel\u0119. Tiek ma\u017eesn\u0117s, tiek vyresn\u0117s kat\u0117s. O prabangi \u017eaidim\u0173 virv\u0117 suteikia dar daugiau linksmybi\u0173 j\u016bs\u0173 mai\u0161tingoms kat\u0117ms. Kod\u0117l pavadinimas Superdome? Nes tai vienas stabiliausi\u0173 draskymo vamzd\u017ei\u0173, kokius galima rasti. Taip pat komplekte esantys du pagalv\u0117liai skalbiami ma\u0161inoje. Dizainas \u0161iuolaiki\u0161kas ir stilingas. Draskykl\u0117 skirta vis\u0173 svorio kategorij\u0173 ir \u016bgio kat\u0117ms. Tinka ir patinams Maine Coon. Produktas supakuotas \u012f 1 d\u0117\u017e\u0119, svoris 23,5 kg.  Svoris be pakuot\u0117s \u2013 22,3 kg.  Matmenys \u2013 skersmuo 49 cm, auk\u0161tis 118 cm.\" \/>\n<meta property=\"og:url\" content=\"https:\/\/miumjau.ee\/lt\/produktas\/petrebels-draskymo-vamzdis-superdome-120-kapucino\/\" \/>\n<meta property=\"og:site_name\" content=\"MiuMjau\" \/>\n<meta property=\"article:publisher\" content=\"https:\/\/www.facebook.com\/miumjaupood\/\" \/>\n<meta property=\"article:modified_time\" content=\"2026-01-07T18:55:34+00:00\" \/>\n<meta property=\"og:image\" content=\"https:\/\/miumjau.ee\/wp-content\/uploads\/2023\/09\/superdome-120-cappuccino-kassi-kraapimispuu-1.jpg\" \/>\n\t<meta property=\"og:image:width\" content=\"600\" \/>\n\t<meta property=\"og:image:height\" content=\"800\" \/>\n\t<meta property=\"og:image:type\" content=\"image\/jpeg\" \/>\n<meta name=\"twitter:card\" content=\"summary_large_image\" \/>\n<script type=\"application\/ld+json\" class=\"yoast-schema-graph\">{\"@context\":\"https:\/\/schema.org\",\"@graph\":[{\"@type\":\"WebPage\",\"@id\":\"https:\/\/miumjau.ee\/lt\/produktas\/petrebels-draskymo-vamzdis-superdome-120-kapucino\/\",\"url\":\"https:\/\/miumjau.ee\/lt\/produktas\/petrebels-draskymo-vamzdis-superdome-120-kapucino\/\",\"name\":\"Petrebels draskymo vamzdis Superdome 120, kapu\u010dino - MiuMjau\",\"isPartOf\":{\"@id\":\"https:\/\/miumjau.ee\/#website\"},\"primaryImageOfPage\":{\"@id\":\"https:\/\/miumjau.ee\/lt\/produktas\/petrebels-draskymo-vamzdis-superdome-120-kapucino\/#primaryimage\"},\"image\":{\"@id\":\"https:\/\/miumjau.ee\/lt\/produktas\/petrebels-draskymo-vamzdis-superdome-120-kapucino\/#primaryimage\"},\"thumbnailUrl\":\"https:\/\/miumjau.ee\/wp-content\/uploads\/2023\/09\/superdome-120-cappuccino-kassi-kraapimispuu-1.jpg\",\"datePublished\":\"2023-09-29T08:52:26+00:00\",\"dateModified\":\"2026-01-07T18:55:34+00:00\",\"breadcrumb\":{\"@id\":\"https:\/\/miumjau.ee\/lt\/produktas\/petrebels-draskymo-vamzdis-superdome-120-kapucino\/#breadcrumb\"},\"inLanguage\":\"lt-LT\",\"potentialAction\":[{\"@type\":\"ReadAction\",\"target\":[\"https:\/\/miumjau.ee\/lt\/produktas\/petrebels-draskymo-vamzdis-superdome-120-kapucino\/\"]}]},{\"@type\":\"ImageObject\",\"inLanguage\":\"lt-LT\",\"@id\":\"https:\/\/miumjau.ee\/lt\/produktas\/petrebels-draskymo-vamzdis-superdome-120-kapucino\/#primaryimage\",\"url\":\"https:\/\/miumjau.ee\/wp-content\/uploads\/2023\/09\/superdome-120-cappuccino-kassi-kraapimispuu-1.jpg\",\"contentUrl\":\"https:\/\/miumjau.ee\/wp-content\/uploads\/2023\/09\/superdome-120-cappuccino-kassi-kraapimispuu-1.jpg\",\"width\":600,\"height\":800,\"caption\":\"Superdome 120 must kasside kraapimistuub\"},{\"@type\":\"BreadcrumbList\",\"@id\":\"https:\/\/miumjau.ee\/lt\/produktas\/petrebels-draskymo-vamzdis-superdome-120-kapucino\/#breadcrumb\",\"itemListElement\":[{\"@type\":\"ListItem\",\"position\":1,\"name\":\"Home\",\"item\":\"https:\/\/miumjau.ee\/lt\/\"},{\"@type\":\"ListItem\",\"position\":2,\"name\":\"Parduotuv\u0117\",\"item\":\"https:\/\/miumjau.ee\/lt\/parduotuve\/\"},{\"@type\":\"ListItem\",\"position\":3,\"name\":\"Petrebels draskymo vamzdis Superdome 120, kapu\u010dino\"}]},{\"@type\":\"WebSite\",\"@id\":\"https:\/\/miumjau.ee\/#website\",\"url\":\"https:\/\/miumjau.ee\/\",\"name\":\"MiuMjau\",\"description\":\"Kraapimispuud kassidele\",\"publisher\":{\"@id\":\"https:\/\/miumjau.ee\/#organization\"},\"potentialAction\":[{\"@type\":\"SearchAction\",\"target\":{\"@type\":\"EntryPoint\",\"urlTemplate\":\"https:\/\/miumjau.ee\/?s={search_term_string}\"},\"query-input\":{\"@type\":\"PropertyValueSpecification\",\"valueRequired\":true,\"valueName\":\"search_term_string\"}}],\"inLanguage\":\"lt-LT\"},{\"@type\":\"Organization\",\"@id\":\"https:\/\/miumjau.ee\/#organization\",\"name\":\"MiuMjau O\u00dc\",\"url\":\"https:\/\/miumjau.ee\/\",\"logo\":{\"@type\":\"ImageObject\",\"inLanguage\":\"lt-LT\",\"@id\":\"https:\/\/miumjau.ee\/#\/schema\/logo\/image\/\",\"url\":\"https:\/\/miumjau.ee\/wp-content\/uploads\/2022\/04\/MiuMjau-logo-kollane.png\",\"contentUrl\":\"https:\/\/miumjau.ee\/wp-content\/uploads\/2022\/04\/MiuMjau-logo-kollane.png\",\"width\":219,\"height\":100,\"caption\":\"MiuMjau O\u00dc\"},\"image\":{\"@id\":\"https:\/\/miumjau.ee\/#\/schema\/logo\/image\/\"},\"sameAs\":[\"https:\/\/www.facebook.com\/miumjaupood\/\"]}]}<\/script>\n<!-- \/ Yoast SEO plugin. -->","yoast_head_json":{"title":"Petrebels draskymo vamzdis Superdome 120, kapu\u010dino - MiuMjau","robots":{"index":"index","follow":"follow","max-snippet":"max-snippet:-1","max-image-preview":"max-image-preview:large","max-video-preview":"max-video-preview:-1"},"canonical":"https:\/\/miumjau.ee\/lt\/produktas\/petrebels-draskymo-vamzdis-superdome-120-kapucino\/","og_locale":"lt_LT","og_type":"article","og_title":"Petrebels draskymo vamzdis Superdome 120, kapu\u010dino - MiuMjau","og_description":"Draskymo vamzdis padengtas ypa\u010d tvirtu sizalio kilimu ir turi papildomai plat\u0173 skersmen\u012f. \u012e\u0117jimai taip pat platesni, kad kiekviena kat\u0117 lengvai pasiekt\u0173 savo mink\u0161t\u0105 vietel\u0119. Tiek ma\u017eesn\u0117s, tiek vyresn\u0117s kat\u0117s. O prabangi \u017eaidim\u0173 virv\u0117 suteikia dar daugiau linksmybi\u0173 j\u016bs\u0173 mai\u0161tingoms kat\u0117ms. Kod\u0117l pavadinimas Superdome? Nes tai vienas stabiliausi\u0173 draskymo vamzd\u017ei\u0173, kokius galima rasti. Taip pat komplekte esantys du pagalv\u0117liai skalbiami ma\u0161inoje. Dizainas \u0161iuolaiki\u0161kas ir stilingas. Draskykl\u0117 skirta vis\u0173 svorio kategorij\u0173 ir \u016bgio kat\u0117ms. Tinka ir patinams Maine Coon. Produktas supakuotas \u012f 1 d\u0117\u017e\u0119, svoris 23,5 kg.  Svoris be pakuot\u0117s \u2013 22,3 kg.  Matmenys \u2013 skersmuo 49 cm, auk\u0161tis 118 cm.","og_url":"https:\/\/miumjau.ee\/lt\/produktas\/petrebels-draskymo-vamzdis-superdome-120-kapucino\/","og_site_name":"MiuMjau","article_publisher":"https:\/\/www.facebook.com\/miumjaupood\/","article_modified_time":"2026-01-07T18:55:34+00:00","og_image":[{"width":600,"height":800,"url":"https:\/\/miumjau.ee\/wp-content\/uploads\/2023\/09\/superdome-120-cappuccino-kassi-kraapimispuu-1.jpg","type":"image\/jpeg"}],"twitter_card":"summary_large_image","schema":{"@context":"https:\/\/schema.org","@graph":[{"@type":"WebPage","@id":"https:\/\/miumjau.ee\/lt\/produktas\/petrebels-draskymo-vamzdis-superdome-120-kapucino\/","url":"https:\/\/miumjau.ee\/lt\/produktas\/petrebels-draskymo-vamzdis-superdome-120-kapucino\/","name":"Petrebels draskymo vamzdis Superdome 120, kapu\u010dino - MiuMjau","isPartOf":{"@id":"https:\/\/miumjau.ee\/#website"},"primaryImageOfPage":{"@id":"https:\/\/miumjau.ee\/lt\/produktas\/petrebels-draskymo-vamzdis-superdome-120-kapucino\/#primaryimage"},"image":{"@id":"https:\/\/miumjau.ee\/lt\/produktas\/petrebels-draskymo-vamzdis-superdome-120-kapucino\/#primaryimage"},"thumbnailUrl":"https:\/\/miumjau.ee\/wp-content\/uploads\/2023\/09\/superdome-120-cappuccino-kassi-kraapimispuu-1.jpg","datePublished":"2023-09-29T08:52:26+00:00","dateModified":"2026-01-07T18:55:34+00:00","breadcrumb":{"@id":"https:\/\/miumjau.ee\/lt\/produktas\/petrebels-draskymo-vamzdis-superdome-120-kapucino\/#breadcrumb"},"inLanguage":"lt-LT","potentialAction":[{"@type":"ReadAction","target":["https:\/\/miumjau.ee\/lt\/produktas\/petrebels-draskymo-vamzdis-superdome-120-kapucino\/"]}]},{"@type":"ImageObject","inLanguage":"lt-LT","@id":"https:\/\/miumjau.ee\/lt\/produktas\/petrebels-draskymo-vamzdis-superdome-120-kapucino\/#primaryimage","url":"https:\/\/miumjau.ee\/wp-content\/uploads\/2023\/09\/superdome-120-cappuccino-kassi-kraapimispuu-1.jpg","contentUrl":"https:\/\/miumjau.ee\/wp-content\/uploads\/2023\/09\/superdome-120-cappuccino-kassi-kraapimispuu-1.jpg","width":600,"height":800,"caption":"Superdome 120 must kasside kraapimistuub"},{"@type":"BreadcrumbList","@id":"https:\/\/miumjau.ee\/lt\/produktas\/petrebels-draskymo-vamzdis-superdome-120-kapucino\/#breadcrumb","itemListElement":[{"@type":"ListItem","position":1,"name":"Home","item":"https:\/\/miumjau.ee\/lt\/"},{"@type":"ListItem","position":2,"name":"Parduotuv\u0117","item":"https:\/\/miumjau.ee\/lt\/parduotuve\/"},{"@type":"ListItem","position":3,"name":"Petrebels draskymo vamzdis Superdome 120, kapu\u010dino"}]},{"@type":"WebSite","@id":"https:\/\/miumjau.ee\/#website","url":"https:\/\/miumjau.ee\/","name":"MiuMjau","description":"Kraapimispuud kassidele","publisher":{"@id":"https:\/\/miumjau.ee\/#organization"},"potentialAction":[{"@type":"SearchAction","target":{"@type":"EntryPoint","urlTemplate":"https:\/\/miumjau.ee\/?s={search_term_string}"},"query-input":{"@type":"PropertyValueSpecification","valueRequired":true,"valueName":"search_term_string"}}],"inLanguage":"lt-LT"},{"@type":"Organization","@id":"https:\/\/miumjau.ee\/#organization","name":"MiuMjau O\u00dc","url":"https:\/\/miumjau.ee\/","logo":{"@type":"ImageObject","inLanguage":"lt-LT","@id":"https:\/\/miumjau.ee\/#\/schema\/logo\/image\/","url":"https:\/\/miumjau.ee\/wp-content\/uploads\/2022\/04\/MiuMjau-logo-kollane.png","contentUrl":"https:\/\/miumjau.ee\/wp-content\/uploads\/2022\/04\/MiuMjau-logo-kollane.png","width":219,"height":100,"caption":"MiuMjau O\u00dc"},"image":{"@id":"https:\/\/miumjau.ee\/#\/schema\/logo\/image\/"},"sameAs":["https:\/\/www.facebook.com\/miumjaupood\/"]}]}},"_links":{"self":[{"href":"https:\/\/miumjau.ee\/lt\/wp-json\/wp\/v2\/product\/41019","targetHints":{"allow":["GET"]}}],"collection":[{"href":"https:\/\/miumjau.ee\/lt\/wp-json\/wp\/v2\/product"}],"about":[{"href":"https:\/\/miumjau.ee\/lt\/wp-json\/wp\/v2\/types\/product"}],"wp:featuredmedia":[{"embeddable":true,"href":"https:\/\/miumjau.ee\/lt\/wp-json\/wp\/v2\/media\/42057"}],"wp:attachment":[{"href":"https:\/\/miumjau.ee\/lt\/wp-json\/wp\/v2\/media?parent=41019"}],"wp:term":[{"taxonomy":"product_brand","embeddable":true,"href":"https:\/\/miumjau.ee\/lt\/wp-json\/wp\/v2\/product_brand?post=41019"},{"taxonomy":"product_cat","embeddable":true,"href":"https:\/\/miumjau.ee\/lt\/wp-json\/wp\/v2\/product_cat?post=41019"},{"taxonomy":"product_tag","embeddable":true,"href":"https:\/\/miumjau.ee\/lt\/wp-json\/wp\/v2\/product_tag?post=41019"}],"curies":[{"name":"wp","href":"https:\/\/api.w.org\/{rel}","templated":true}]}}