{"id":41018,"date":"2023-09-29T10:51:17","date_gmt":"2023-09-29T07:51:17","guid":{"rendered":"https:\/\/miumjau.ee\/toode\/draskymo-vamzdis-petrebels-dome-110-kapucino\/"},"modified":"2026-01-07T20:55:34","modified_gmt":"2026-01-07T18:55:34","slug":"draskymo-vamzdis-petrebels-dome-110-kapucino","status":"publish","type":"product","link":"https:\/\/miumjau.ee\/lt\/produktas\/draskymo-vamzdis-petrebels-dome-110-kapucino\/","title":{"rendered":"Draskymo vamzdis Petrebels Dome 110, kapu\u010dino"},"content":{"rendered":"","protected":false},"excerpt":{"rendered":"<p>Draskymo vamzdis Dome 110 \u2013 didesnis Dome 80 brolis, trij\u0173 auk\u0161t\u0173 modelis. Auk\u0161tas ir stabilus, visi\u0161kai dengtas draskomu audiniu, su vidiniais pra\u0117jimais. \u017daismingos kat\u0117s j\u012f dievina! Keli\u0173 auk\u0161t\u0173 konstrukcija ideali, kai namuose keli augintiniai arba norite vien\u0105 kat\u0119 ypa\u010d palepinti. Tinka visoms kat\u0117ms.<\/p>\n<p>Matmenys \u2013 45 \u00d7 45 \u00d7 110 cm.<br \/>\nSvoris be pakuot\u0117s \u2013 14,4 kg, su pakuote \u2013 16 kg.<\/p>\n","protected":false},"featured_media":42051,"template":"","meta":[],"product_brand":[],"product_cat":[514,524],"product_tag":[],"class_list":{"0":"post-41018","1":"product","2":"type-product","3":"status-publish","4":"has-post-thumbnail","6":"product_cat-draskymo-bokstai-petrebels","7":"product_cat-kaup24-lt","8":"product_shipping_class-pakiautomaati-sobimatu-lt","10":"first","11":"instock","12":"taxable","13":"shipping-taxable","14":"purchasable","15":"product-type-simple"},"yoast_head":"<!-- This site is optimized with the Yoast SEO plugin v27.2 - https:\/\/yoast.com\/product\/yoast-seo-wordpress\/ -->\n<title>Draskymo vamzdis Petrebels Dome 110, kapu\u010dino - MiuMjau<\/title>\n<meta name=\"robots\" content=\"index, follow, max-snippet:-1, max-image-preview:large, max-video-preview:-1\" \/>\n<link rel=\"canonical\" href=\"https:\/\/miumjau.ee\/lt\/produktas\/draskymo-vamzdis-petrebels-dome-110-kapucino\/\" \/>\n<meta property=\"og:locale\" content=\"lt_LT\" \/>\n<meta property=\"og:type\" content=\"article\" \/>\n<meta property=\"og:title\" content=\"Draskymo vamzdis Petrebels Dome 110, kapu\u010dino - MiuMjau\" \/>\n<meta property=\"og:description\" content=\"Draskymo vamzdis Dome 110 \u2013 didesnis Dome 80 brolis, trij\u0173 auk\u0161t\u0173 modelis. Auk\u0161tas ir stabilus, visi\u0161kai dengtas draskomu audiniu, su vidiniais pra\u0117jimais. \u017daismingos kat\u0117s j\u012f dievina! Keli\u0173 auk\u0161t\u0173 konstrukcija ideali, kai namuose keli augintiniai arba norite vien\u0105 kat\u0119 ypa\u010d palepinti. Tinka visoms kat\u0117ms. Matmenys \u2013 45 \u00d7 45 \u00d7 110 cm.  Svoris be pakuot\u0117s \u2013 14,4 kg, su pakuote \u2013 16 kg.\" \/>\n<meta property=\"og:url\" content=\"https:\/\/miumjau.ee\/lt\/produktas\/draskymo-vamzdis-petrebels-dome-110-kapucino\/\" \/>\n<meta property=\"og:site_name\" content=\"MiuMjau\" \/>\n<meta property=\"article:publisher\" content=\"https:\/\/www.facebook.com\/miumjaupood\/\" \/>\n<meta property=\"article:modified_time\" content=\"2026-01-07T18:55:34+00:00\" \/>\n<meta property=\"og:image\" content=\"https:\/\/miumjau.ee\/wp-content\/uploads\/2023\/09\/dome110-kassi-kraapimispuu-beez6.jpg\" \/>\n\t<meta property=\"og:image:width\" content=\"600\" \/>\n\t<meta property=\"og:image:height\" content=\"800\" \/>\n\t<meta property=\"og:image:type\" content=\"image\/jpeg\" \/>\n<meta name=\"twitter:card\" content=\"summary_large_image\" \/>\n<script type=\"application\/ld+json\" class=\"yoast-schema-graph\">{\"@context\":\"https:\/\/schema.org\",\"@graph\":[{\"@type\":\"WebPage\",\"@id\":\"https:\/\/miumjau.ee\/lt\/produktas\/draskymo-vamzdis-petrebels-dome-110-kapucino\/\",\"url\":\"https:\/\/miumjau.ee\/lt\/produktas\/draskymo-vamzdis-petrebels-dome-110-kapucino\/\",\"name\":\"Draskymo vamzdis Petrebels Dome 110, kapu\u010dino - MiuMjau\",\"isPartOf\":{\"@id\":\"https:\/\/miumjau.ee\/#website\"},\"primaryImageOfPage\":{\"@id\":\"https:\/\/miumjau.ee\/lt\/produktas\/draskymo-vamzdis-petrebels-dome-110-kapucino\/#primaryimage\"},\"image\":{\"@id\":\"https:\/\/miumjau.ee\/lt\/produktas\/draskymo-vamzdis-petrebels-dome-110-kapucino\/#primaryimage\"},\"thumbnailUrl\":\"https:\/\/miumjau.ee\/wp-content\/uploads\/2023\/09\/dome110-kassi-kraapimispuu-beez6.jpg\",\"datePublished\":\"2023-09-29T07:51:17+00:00\",\"dateModified\":\"2026-01-07T18:55:34+00:00\",\"breadcrumb\":{\"@id\":\"https:\/\/miumjau.ee\/lt\/produktas\/draskymo-vamzdis-petrebels-dome-110-kapucino\/#breadcrumb\"},\"inLanguage\":\"lt-LT\",\"potentialAction\":[{\"@type\":\"ReadAction\",\"target\":[\"https:\/\/miumjau.ee\/lt\/produktas\/draskymo-vamzdis-petrebels-dome-110-kapucino\/\"]}]},{\"@type\":\"ImageObject\",\"inLanguage\":\"lt-LT\",\"@id\":\"https:\/\/miumjau.ee\/lt\/produktas\/draskymo-vamzdis-petrebels-dome-110-kapucino\/#primaryimage\",\"url\":\"https:\/\/miumjau.ee\/wp-content\/uploads\/2023\/09\/dome110-kassi-kraapimispuu-beez6.jpg\",\"contentUrl\":\"https:\/\/miumjau.ee\/wp-content\/uploads\/2023\/09\/dome110-kassi-kraapimispuu-beez6.jpg\",\"width\":600,\"height\":800,\"caption\":\"DOme 110 kraapimistuub kassidele Petrebels\"},{\"@type\":\"BreadcrumbList\",\"@id\":\"https:\/\/miumjau.ee\/lt\/produktas\/draskymo-vamzdis-petrebels-dome-110-kapucino\/#breadcrumb\",\"itemListElement\":[{\"@type\":\"ListItem\",\"position\":1,\"name\":\"Home\",\"item\":\"https:\/\/miumjau.ee\/lt\/\"},{\"@type\":\"ListItem\",\"position\":2,\"name\":\"Parduotuv\u0117\",\"item\":\"https:\/\/miumjau.ee\/lt\/parduotuve\/\"},{\"@type\":\"ListItem\",\"position\":3,\"name\":\"Draskymo vamzdis Petrebels Dome 110, kapu\u010dino\"}]},{\"@type\":\"WebSite\",\"@id\":\"https:\/\/miumjau.ee\/#website\",\"url\":\"https:\/\/miumjau.ee\/\",\"name\":\"MiuMjau\",\"description\":\"Kraapimispuud kassidele\",\"publisher\":{\"@id\":\"https:\/\/miumjau.ee\/#organization\"},\"potentialAction\":[{\"@type\":\"SearchAction\",\"target\":{\"@type\":\"EntryPoint\",\"urlTemplate\":\"https:\/\/miumjau.ee\/?s={search_term_string}\"},\"query-input\":{\"@type\":\"PropertyValueSpecification\",\"valueRequired\":true,\"valueName\":\"search_term_string\"}}],\"inLanguage\":\"lt-LT\"},{\"@type\":\"Organization\",\"@id\":\"https:\/\/miumjau.ee\/#organization\",\"name\":\"MiuMjau O\u00dc\",\"url\":\"https:\/\/miumjau.ee\/\",\"logo\":{\"@type\":\"ImageObject\",\"inLanguage\":\"lt-LT\",\"@id\":\"https:\/\/miumjau.ee\/#\/schema\/logo\/image\/\",\"url\":\"https:\/\/miumjau.ee\/wp-content\/uploads\/2022\/04\/MiuMjau-logo-kollane.png\",\"contentUrl\":\"https:\/\/miumjau.ee\/wp-content\/uploads\/2022\/04\/MiuMjau-logo-kollane.png\",\"width\":219,\"height\":100,\"caption\":\"MiuMjau O\u00dc\"},\"image\":{\"@id\":\"https:\/\/miumjau.ee\/#\/schema\/logo\/image\/\"},\"sameAs\":[\"https:\/\/www.facebook.com\/miumjaupood\/\"]}]}<\/script>\n<!-- \/ Yoast SEO plugin. -->","yoast_head_json":{"title":"Draskymo vamzdis Petrebels Dome 110, kapu\u010dino - MiuMjau","robots":{"index":"index","follow":"follow","max-snippet":"max-snippet:-1","max-image-preview":"max-image-preview:large","max-video-preview":"max-video-preview:-1"},"canonical":"https:\/\/miumjau.ee\/lt\/produktas\/draskymo-vamzdis-petrebels-dome-110-kapucino\/","og_locale":"lt_LT","og_type":"article","og_title":"Draskymo vamzdis Petrebels Dome 110, kapu\u010dino - MiuMjau","og_description":"Draskymo vamzdis Dome 110 \u2013 didesnis Dome 80 brolis, trij\u0173 auk\u0161t\u0173 modelis. Auk\u0161tas ir stabilus, visi\u0161kai dengtas draskomu audiniu, su vidiniais pra\u0117jimais. \u017daismingos kat\u0117s j\u012f dievina! Keli\u0173 auk\u0161t\u0173 konstrukcija ideali, kai namuose keli augintiniai arba norite vien\u0105 kat\u0119 ypa\u010d palepinti. Tinka visoms kat\u0117ms. Matmenys \u2013 45 \u00d7 45 \u00d7 110 cm.  Svoris be pakuot\u0117s \u2013 14,4 kg, su pakuote \u2013 16 kg.","og_url":"https:\/\/miumjau.ee\/lt\/produktas\/draskymo-vamzdis-petrebels-dome-110-kapucino\/","og_site_name":"MiuMjau","article_publisher":"https:\/\/www.facebook.com\/miumjaupood\/","article_modified_time":"2026-01-07T18:55:34+00:00","og_image":[{"width":600,"height":800,"url":"https:\/\/miumjau.ee\/wp-content\/uploads\/2023\/09\/dome110-kassi-kraapimispuu-beez6.jpg","type":"image\/jpeg"}],"twitter_card":"summary_large_image","schema":{"@context":"https:\/\/schema.org","@graph":[{"@type":"WebPage","@id":"https:\/\/miumjau.ee\/lt\/produktas\/draskymo-vamzdis-petrebels-dome-110-kapucino\/","url":"https:\/\/miumjau.ee\/lt\/produktas\/draskymo-vamzdis-petrebels-dome-110-kapucino\/","name":"Draskymo vamzdis Petrebels Dome 110, kapu\u010dino - MiuMjau","isPartOf":{"@id":"https:\/\/miumjau.ee\/#website"},"primaryImageOfPage":{"@id":"https:\/\/miumjau.ee\/lt\/produktas\/draskymo-vamzdis-petrebels-dome-110-kapucino\/#primaryimage"},"image":{"@id":"https:\/\/miumjau.ee\/lt\/produktas\/draskymo-vamzdis-petrebels-dome-110-kapucino\/#primaryimage"},"thumbnailUrl":"https:\/\/miumjau.ee\/wp-content\/uploads\/2023\/09\/dome110-kassi-kraapimispuu-beez6.jpg","datePublished":"2023-09-29T07:51:17+00:00","dateModified":"2026-01-07T18:55:34+00:00","breadcrumb":{"@id":"https:\/\/miumjau.ee\/lt\/produktas\/draskymo-vamzdis-petrebels-dome-110-kapucino\/#breadcrumb"},"inLanguage":"lt-LT","potentialAction":[{"@type":"ReadAction","target":["https:\/\/miumjau.ee\/lt\/produktas\/draskymo-vamzdis-petrebels-dome-110-kapucino\/"]}]},{"@type":"ImageObject","inLanguage":"lt-LT","@id":"https:\/\/miumjau.ee\/lt\/produktas\/draskymo-vamzdis-petrebels-dome-110-kapucino\/#primaryimage","url":"https:\/\/miumjau.ee\/wp-content\/uploads\/2023\/09\/dome110-kassi-kraapimispuu-beez6.jpg","contentUrl":"https:\/\/miumjau.ee\/wp-content\/uploads\/2023\/09\/dome110-kassi-kraapimispuu-beez6.jpg","width":600,"height":800,"caption":"DOme 110 kraapimistuub kassidele Petrebels"},{"@type":"BreadcrumbList","@id":"https:\/\/miumjau.ee\/lt\/produktas\/draskymo-vamzdis-petrebels-dome-110-kapucino\/#breadcrumb","itemListElement":[{"@type":"ListItem","position":1,"name":"Home","item":"https:\/\/miumjau.ee\/lt\/"},{"@type":"ListItem","position":2,"name":"Parduotuv\u0117","item":"https:\/\/miumjau.ee\/lt\/parduotuve\/"},{"@type":"ListItem","position":3,"name":"Draskymo vamzdis Petrebels Dome 110, kapu\u010dino"}]},{"@type":"WebSite","@id":"https:\/\/miumjau.ee\/#website","url":"https:\/\/miumjau.ee\/","name":"MiuMjau","description":"Kraapimispuud kassidele","publisher":{"@id":"https:\/\/miumjau.ee\/#organization"},"potentialAction":[{"@type":"SearchAction","target":{"@type":"EntryPoint","urlTemplate":"https:\/\/miumjau.ee\/?s={search_term_string}"},"query-input":{"@type":"PropertyValueSpecification","valueRequired":true,"valueName":"search_term_string"}}],"inLanguage":"lt-LT"},{"@type":"Organization","@id":"https:\/\/miumjau.ee\/#organization","name":"MiuMjau O\u00dc","url":"https:\/\/miumjau.ee\/","logo":{"@type":"ImageObject","inLanguage":"lt-LT","@id":"https:\/\/miumjau.ee\/#\/schema\/logo\/image\/","url":"https:\/\/miumjau.ee\/wp-content\/uploads\/2022\/04\/MiuMjau-logo-kollane.png","contentUrl":"https:\/\/miumjau.ee\/wp-content\/uploads\/2022\/04\/MiuMjau-logo-kollane.png","width":219,"height":100,"caption":"MiuMjau O\u00dc"},"image":{"@id":"https:\/\/miumjau.ee\/#\/schema\/logo\/image\/"},"sameAs":["https:\/\/www.facebook.com\/miumjaupood\/"]}]}},"_links":{"self":[{"href":"https:\/\/miumjau.ee\/lt\/wp-json\/wp\/v2\/product\/41018","targetHints":{"allow":["GET"]}}],"collection":[{"href":"https:\/\/miumjau.ee\/lt\/wp-json\/wp\/v2\/product"}],"about":[{"href":"https:\/\/miumjau.ee\/lt\/wp-json\/wp\/v2\/types\/product"}],"wp:featuredmedia":[{"embeddable":true,"href":"https:\/\/miumjau.ee\/lt\/wp-json\/wp\/v2\/media\/42051"}],"wp:attachment":[{"href":"https:\/\/miumjau.ee\/lt\/wp-json\/wp\/v2\/media?parent=41018"}],"wp:term":[{"taxonomy":"product_brand","embeddable":true,"href":"https:\/\/miumjau.ee\/lt\/wp-json\/wp\/v2\/product_brand?post=41018"},{"taxonomy":"product_cat","embeddable":true,"href":"https:\/\/miumjau.ee\/lt\/wp-json\/wp\/v2\/product_cat?post=41018"},{"taxonomy":"product_tag","embeddable":true,"href":"https:\/\/miumjau.ee\/lt\/wp-json\/wp\/v2\/product_tag?post=41018"}],"curies":[{"name":"wp","href":"https:\/\/api.w.org\/{rel}","templated":true}]}}