{"id":41016,"date":"2023-09-29T10:27:31","date_gmt":"2023-09-29T07:27:31","guid":{"rendered":"https:\/\/miumjau.ee\/toode\/petrebels-draskymo-vamzdis-dome-80-kapucino\/"},"modified":"2026-01-07T20:55:34","modified_gmt":"2026-01-07T18:55:34","slug":"petrebels-draskymo-vamzdis-dome-80-kapucino","status":"publish","type":"product","link":"https:\/\/miumjau.ee\/lt\/produktas\/petrebels-draskymo-vamzdis-dome-80-kapucino\/","title":{"rendered":"Petrebels draskymo vamzdis Dome 80, kapu\u010dino"},"content":{"rendered":"","protected":false},"excerpt":{"rendered":"<p>Draskymo vamzdis Dome 80 \u2013 dviej\u0173 auk\u0161t\u0173 tikras rojus ma\u017eiems ka\u010diukams. Auk\u0161tis parinktas taip, kad jie nenukrist\u0173 ir nesusi\u017eeist\u0173. Viduje galima laipioti i\u0161 vieno auk\u0161to \u012f kit\u0105, o apa\u010dioje \u2013 ramiai nusn\u016bsti po \u017eaidim\u0173. Apatinis pagalv\u0117lis skalbiamas ma\u0161inoje. Visa i\u0161or\u0117 padengta draskomu audiniu \u2013 galima laipioti kaip be\u017ed\u017eione auk\u0161tyn-\u017eemyn, pirmyn-atgal. Vir\u0161uje \u2013 mink\u0161tas gultas, i\u0161 kurio galima steb\u0117ti aplink\u0105 ar sn\u016bduriuoti. Smagu \u017ei\u016br\u0117ti, kaip ma\u017eyliai \u010dia \u017eaid\u017eia sl\u0117pyni\u0173.<\/p>\n<p>Tinka visoms kat\u0117ms \u2013 ma\u017eoms, didel\u0117ms, lengvoms ir sunkioms, bet ma\u017eieji nutr\u016bktgalviai \u010dia ypa\u010d \u017eav\u016bs!<\/p>\n<p>Matmenys \u2013 45 \u00d7 45 \u00d7 80 cm.<br \/>\nSvoris be pakuot\u0117s \u2013 11,4 kg, su pakuote \u2013 12,5 kg.<\/p>\n","protected":false},"featured_media":42032,"template":"","meta":[],"product_brand":[],"product_cat":[514,524],"product_tag":[],"class_list":{"0":"post-41016","1":"product","2":"type-product","3":"status-publish","4":"has-post-thumbnail","6":"product_cat-draskymo-bokstai-petrebels","7":"product_cat-kaup24-lt","8":"product_shipping_class-pakiautomaati-sobimatu-lt","10":"first","11":"instock","12":"sale","13":"taxable","14":"shipping-taxable","15":"purchasable","16":"product-type-simple"},"yoast_head":"<!-- This site is optimized with the Yoast SEO plugin v27.2 - https:\/\/yoast.com\/product\/yoast-seo-wordpress\/ -->\n<title>Petrebels draskymo vamzdis Dome 80, kapu\u010dino - MiuMjau<\/title>\n<meta name=\"robots\" content=\"index, follow, max-snippet:-1, max-image-preview:large, max-video-preview:-1\" \/>\n<link rel=\"canonical\" href=\"https:\/\/miumjau.ee\/lt\/produktas\/petrebels-draskymo-vamzdis-dome-80-kapucino\/\" \/>\n<meta property=\"og:locale\" content=\"lt_LT\" \/>\n<meta property=\"og:type\" content=\"article\" \/>\n<meta property=\"og:title\" content=\"Petrebels draskymo vamzdis Dome 80, kapu\u010dino - MiuMjau\" \/>\n<meta property=\"og:description\" content=\"Draskymo vamzdis Dome 80 \u2013 dviej\u0173 auk\u0161t\u0173 tikras rojus ma\u017eiems ka\u010diukams. Auk\u0161tis parinktas taip, kad jie nenukrist\u0173 ir nesusi\u017eeist\u0173. Viduje galima laipioti i\u0161 vieno auk\u0161to \u012f kit\u0105, o apa\u010dioje \u2013 ramiai nusn\u016bsti po \u017eaidim\u0173. Apatinis pagalv\u0117lis skalbiamas ma\u0161inoje. Visa i\u0161or\u0117 padengta draskomu audiniu \u2013 galima laipioti kaip be\u017ed\u017eione auk\u0161tyn-\u017eemyn, pirmyn-atgal. Vir\u0161uje \u2013 mink\u0161tas gultas, i\u0161 kurio galima steb\u0117ti aplink\u0105 ar sn\u016bduriuoti. Smagu \u017ei\u016br\u0117ti, kaip ma\u017eyliai \u010dia \u017eaid\u017eia sl\u0117pyni\u0173. Tinka visoms kat\u0117ms \u2013 ma\u017eoms, didel\u0117ms, lengvoms ir sunkioms, bet ma\u017eieji nutr\u016bktgalviai \u010dia ypa\u010d \u017eav\u016bs! Matmenys \u2013 45 \u00d7 45 \u00d7 80 cm.  Svoris be pakuot\u0117s \u2013 11,4 kg, su pakuote \u2013 12,5 kg.\" \/>\n<meta property=\"og:url\" content=\"https:\/\/miumjau.ee\/lt\/produktas\/petrebels-draskymo-vamzdis-dome-80-kapucino\/\" \/>\n<meta property=\"og:site_name\" content=\"MiuMjau\" \/>\n<meta property=\"article:publisher\" content=\"https:\/\/www.facebook.com\/miumjaupood\/\" \/>\n<meta property=\"article:modified_time\" content=\"2026-01-07T18:55:34+00:00\" \/>\n<meta property=\"og:image\" content=\"https:\/\/miumjau.ee\/wp-content\/uploads\/2023\/09\/dome80-kassi-kraapimispuu24.jpg\" \/>\n\t<meta property=\"og:image:width\" content=\"600\" \/>\n\t<meta property=\"og:image:height\" content=\"800\" \/>\n\t<meta property=\"og:image:type\" content=\"image\/jpeg\" \/>\n<meta name=\"twitter:card\" content=\"summary_large_image\" \/>\n<script type=\"application\/ld+json\" class=\"yoast-schema-graph\">{\"@context\":\"https:\/\/schema.org\",\"@graph\":[{\"@type\":\"WebPage\",\"@id\":\"https:\/\/miumjau.ee\/lt\/produktas\/petrebels-draskymo-vamzdis-dome-80-kapucino\/\",\"url\":\"https:\/\/miumjau.ee\/lt\/produktas\/petrebels-draskymo-vamzdis-dome-80-kapucino\/\",\"name\":\"Petrebels draskymo vamzdis Dome 80, kapu\u010dino - MiuMjau\",\"isPartOf\":{\"@id\":\"https:\/\/miumjau.ee\/#website\"},\"primaryImageOfPage\":{\"@id\":\"https:\/\/miumjau.ee\/lt\/produktas\/petrebels-draskymo-vamzdis-dome-80-kapucino\/#primaryimage\"},\"image\":{\"@id\":\"https:\/\/miumjau.ee\/lt\/produktas\/petrebels-draskymo-vamzdis-dome-80-kapucino\/#primaryimage\"},\"thumbnailUrl\":\"https:\/\/miumjau.ee\/wp-content\/uploads\/2023\/09\/dome80-kassi-kraapimispuu24.jpg\",\"datePublished\":\"2023-09-29T07:27:31+00:00\",\"dateModified\":\"2026-01-07T18:55:34+00:00\",\"breadcrumb\":{\"@id\":\"https:\/\/miumjau.ee\/lt\/produktas\/petrebels-draskymo-vamzdis-dome-80-kapucino\/#breadcrumb\"},\"inLanguage\":\"lt-LT\",\"potentialAction\":[{\"@type\":\"ReadAction\",\"target\":[\"https:\/\/miumjau.ee\/lt\/produktas\/petrebels-draskymo-vamzdis-dome-80-kapucino\/\"]}]},{\"@type\":\"ImageObject\",\"inLanguage\":\"lt-LT\",\"@id\":\"https:\/\/miumjau.ee\/lt\/produktas\/petrebels-draskymo-vamzdis-dome-80-kapucino\/#primaryimage\",\"url\":\"https:\/\/miumjau.ee\/wp-content\/uploads\/2023\/09\/dome80-kassi-kraapimispuu24.jpg\",\"contentUrl\":\"https:\/\/miumjau.ee\/wp-content\/uploads\/2023\/09\/dome80-kassi-kraapimispuu24.jpg\",\"width\":600,\"height\":800},{\"@type\":\"BreadcrumbList\",\"@id\":\"https:\/\/miumjau.ee\/lt\/produktas\/petrebels-draskymo-vamzdis-dome-80-kapucino\/#breadcrumb\",\"itemListElement\":[{\"@type\":\"ListItem\",\"position\":1,\"name\":\"Home\",\"item\":\"https:\/\/miumjau.ee\/lt\/\"},{\"@type\":\"ListItem\",\"position\":2,\"name\":\"Parduotuv\u0117\",\"item\":\"https:\/\/miumjau.ee\/lt\/parduotuve\/\"},{\"@type\":\"ListItem\",\"position\":3,\"name\":\"Petrebels draskymo vamzdis Dome 80, kapu\u010dino\"}]},{\"@type\":\"WebSite\",\"@id\":\"https:\/\/miumjau.ee\/#website\",\"url\":\"https:\/\/miumjau.ee\/\",\"name\":\"MiuMjau\",\"description\":\"Kraapimispuud kassidele\",\"publisher\":{\"@id\":\"https:\/\/miumjau.ee\/#organization\"},\"potentialAction\":[{\"@type\":\"SearchAction\",\"target\":{\"@type\":\"EntryPoint\",\"urlTemplate\":\"https:\/\/miumjau.ee\/?s={search_term_string}\"},\"query-input\":{\"@type\":\"PropertyValueSpecification\",\"valueRequired\":true,\"valueName\":\"search_term_string\"}}],\"inLanguage\":\"lt-LT\"},{\"@type\":\"Organization\",\"@id\":\"https:\/\/miumjau.ee\/#organization\",\"name\":\"MiuMjau O\u00dc\",\"url\":\"https:\/\/miumjau.ee\/\",\"logo\":{\"@type\":\"ImageObject\",\"inLanguage\":\"lt-LT\",\"@id\":\"https:\/\/miumjau.ee\/#\/schema\/logo\/image\/\",\"url\":\"https:\/\/miumjau.ee\/wp-content\/uploads\/2022\/04\/MiuMjau-logo-kollane.png\",\"contentUrl\":\"https:\/\/miumjau.ee\/wp-content\/uploads\/2022\/04\/MiuMjau-logo-kollane.png\",\"width\":219,\"height\":100,\"caption\":\"MiuMjau O\u00dc\"},\"image\":{\"@id\":\"https:\/\/miumjau.ee\/#\/schema\/logo\/image\/\"},\"sameAs\":[\"https:\/\/www.facebook.com\/miumjaupood\/\"]}]}<\/script>\n<!-- \/ Yoast SEO plugin. -->","yoast_head_json":{"title":"Petrebels draskymo vamzdis Dome 80, kapu\u010dino - MiuMjau","robots":{"index":"index","follow":"follow","max-snippet":"max-snippet:-1","max-image-preview":"max-image-preview:large","max-video-preview":"max-video-preview:-1"},"canonical":"https:\/\/miumjau.ee\/lt\/produktas\/petrebels-draskymo-vamzdis-dome-80-kapucino\/","og_locale":"lt_LT","og_type":"article","og_title":"Petrebels draskymo vamzdis Dome 80, kapu\u010dino - MiuMjau","og_description":"Draskymo vamzdis Dome 80 \u2013 dviej\u0173 auk\u0161t\u0173 tikras rojus ma\u017eiems ka\u010diukams. Auk\u0161tis parinktas taip, kad jie nenukrist\u0173 ir nesusi\u017eeist\u0173. Viduje galima laipioti i\u0161 vieno auk\u0161to \u012f kit\u0105, o apa\u010dioje \u2013 ramiai nusn\u016bsti po \u017eaidim\u0173. Apatinis pagalv\u0117lis skalbiamas ma\u0161inoje. Visa i\u0161or\u0117 padengta draskomu audiniu \u2013 galima laipioti kaip be\u017ed\u017eione auk\u0161tyn-\u017eemyn, pirmyn-atgal. Vir\u0161uje \u2013 mink\u0161tas gultas, i\u0161 kurio galima steb\u0117ti aplink\u0105 ar sn\u016bduriuoti. Smagu \u017ei\u016br\u0117ti, kaip ma\u017eyliai \u010dia \u017eaid\u017eia sl\u0117pyni\u0173. Tinka visoms kat\u0117ms \u2013 ma\u017eoms, didel\u0117ms, lengvoms ir sunkioms, bet ma\u017eieji nutr\u016bktgalviai \u010dia ypa\u010d \u017eav\u016bs! Matmenys \u2013 45 \u00d7 45 \u00d7 80 cm.  Svoris be pakuot\u0117s \u2013 11,4 kg, su pakuote \u2013 12,5 kg.","og_url":"https:\/\/miumjau.ee\/lt\/produktas\/petrebels-draskymo-vamzdis-dome-80-kapucino\/","og_site_name":"MiuMjau","article_publisher":"https:\/\/www.facebook.com\/miumjaupood\/","article_modified_time":"2026-01-07T18:55:34+00:00","og_image":[{"width":600,"height":800,"url":"https:\/\/miumjau.ee\/wp-content\/uploads\/2023\/09\/dome80-kassi-kraapimispuu24.jpg","type":"image\/jpeg"}],"twitter_card":"summary_large_image","schema":{"@context":"https:\/\/schema.org","@graph":[{"@type":"WebPage","@id":"https:\/\/miumjau.ee\/lt\/produktas\/petrebels-draskymo-vamzdis-dome-80-kapucino\/","url":"https:\/\/miumjau.ee\/lt\/produktas\/petrebels-draskymo-vamzdis-dome-80-kapucino\/","name":"Petrebels draskymo vamzdis Dome 80, kapu\u010dino - MiuMjau","isPartOf":{"@id":"https:\/\/miumjau.ee\/#website"},"primaryImageOfPage":{"@id":"https:\/\/miumjau.ee\/lt\/produktas\/petrebels-draskymo-vamzdis-dome-80-kapucino\/#primaryimage"},"image":{"@id":"https:\/\/miumjau.ee\/lt\/produktas\/petrebels-draskymo-vamzdis-dome-80-kapucino\/#primaryimage"},"thumbnailUrl":"https:\/\/miumjau.ee\/wp-content\/uploads\/2023\/09\/dome80-kassi-kraapimispuu24.jpg","datePublished":"2023-09-29T07:27:31+00:00","dateModified":"2026-01-07T18:55:34+00:00","breadcrumb":{"@id":"https:\/\/miumjau.ee\/lt\/produktas\/petrebels-draskymo-vamzdis-dome-80-kapucino\/#breadcrumb"},"inLanguage":"lt-LT","potentialAction":[{"@type":"ReadAction","target":["https:\/\/miumjau.ee\/lt\/produktas\/petrebels-draskymo-vamzdis-dome-80-kapucino\/"]}]},{"@type":"ImageObject","inLanguage":"lt-LT","@id":"https:\/\/miumjau.ee\/lt\/produktas\/petrebels-draskymo-vamzdis-dome-80-kapucino\/#primaryimage","url":"https:\/\/miumjau.ee\/wp-content\/uploads\/2023\/09\/dome80-kassi-kraapimispuu24.jpg","contentUrl":"https:\/\/miumjau.ee\/wp-content\/uploads\/2023\/09\/dome80-kassi-kraapimispuu24.jpg","width":600,"height":800},{"@type":"BreadcrumbList","@id":"https:\/\/miumjau.ee\/lt\/produktas\/petrebels-draskymo-vamzdis-dome-80-kapucino\/#breadcrumb","itemListElement":[{"@type":"ListItem","position":1,"name":"Home","item":"https:\/\/miumjau.ee\/lt\/"},{"@type":"ListItem","position":2,"name":"Parduotuv\u0117","item":"https:\/\/miumjau.ee\/lt\/parduotuve\/"},{"@type":"ListItem","position":3,"name":"Petrebels draskymo vamzdis Dome 80, kapu\u010dino"}]},{"@type":"WebSite","@id":"https:\/\/miumjau.ee\/#website","url":"https:\/\/miumjau.ee\/","name":"MiuMjau","description":"Kraapimispuud kassidele","publisher":{"@id":"https:\/\/miumjau.ee\/#organization"},"potentialAction":[{"@type":"SearchAction","target":{"@type":"EntryPoint","urlTemplate":"https:\/\/miumjau.ee\/?s={search_term_string}"},"query-input":{"@type":"PropertyValueSpecification","valueRequired":true,"valueName":"search_term_string"}}],"inLanguage":"lt-LT"},{"@type":"Organization","@id":"https:\/\/miumjau.ee\/#organization","name":"MiuMjau O\u00dc","url":"https:\/\/miumjau.ee\/","logo":{"@type":"ImageObject","inLanguage":"lt-LT","@id":"https:\/\/miumjau.ee\/#\/schema\/logo\/image\/","url":"https:\/\/miumjau.ee\/wp-content\/uploads\/2022\/04\/MiuMjau-logo-kollane.png","contentUrl":"https:\/\/miumjau.ee\/wp-content\/uploads\/2022\/04\/MiuMjau-logo-kollane.png","width":219,"height":100,"caption":"MiuMjau O\u00dc"},"image":{"@id":"https:\/\/miumjau.ee\/#\/schema\/logo\/image\/"},"sameAs":["https:\/\/www.facebook.com\/miumjaupood\/"]}]}},"_links":{"self":[{"href":"https:\/\/miumjau.ee\/lt\/wp-json\/wp\/v2\/product\/41016","targetHints":{"allow":["GET"]}}],"collection":[{"href":"https:\/\/miumjau.ee\/lt\/wp-json\/wp\/v2\/product"}],"about":[{"href":"https:\/\/miumjau.ee\/lt\/wp-json\/wp\/v2\/types\/product"}],"wp:featuredmedia":[{"embeddable":true,"href":"https:\/\/miumjau.ee\/lt\/wp-json\/wp\/v2\/media\/42032"}],"wp:attachment":[{"href":"https:\/\/miumjau.ee\/lt\/wp-json\/wp\/v2\/media?parent=41016"}],"wp:term":[{"taxonomy":"product_brand","embeddable":true,"href":"https:\/\/miumjau.ee\/lt\/wp-json\/wp\/v2\/product_brand?post=41016"},{"taxonomy":"product_cat","embeddable":true,"href":"https:\/\/miumjau.ee\/lt\/wp-json\/wp\/v2\/product_cat?post=41016"},{"taxonomy":"product_tag","embeddable":true,"href":"https:\/\/miumjau.ee\/lt\/wp-json\/wp\/v2\/product_tag?post=41016"}],"curies":[{"name":"wp","href":"https:\/\/api.w.org\/{rel}","templated":true}]}}