{"id":41012,"date":"2023-09-13T14:48:47","date_gmt":"2023-09-13T11:48:47","guid":{"rendered":"https:\/\/miumjau.ee\/toode\/draskykle-petrebels-ramses-158-kapucino\/"},"modified":"2026-01-07T20:55:42","modified_gmt":"2026-01-07T18:55:42","slug":"draskykle-petrebels-ramses-158-kapucino","status":"publish","type":"product","link":"https:\/\/miumjau.ee\/lt\/produktas\/draskykle-petrebels-ramses-158-kapucino\/","title":{"rendered":"Draskykl\u0117 Petrebels Ramses 158, kapu\u010dino"},"content":{"rendered":"","protected":false},"excerpt":{"rendered":"<p>Draskykl\u0117, tokio pat auk\u0161\u010dio kaip ir j\u016bs\u0173 sve\u010diai! Kat\u0117 gali visk\u0105 steb\u0117ti i\u0161 vir\u0161aus. Visi stulpai visi\u0161kai padengti sizaliu, tad ji gali draskyti kiek tik nori. Skirtingos platformos leid\u017eia laipioti ir \u0161okin\u0117ti, keli\u0173 auk\u0161t\u0173 namelis \u2013 poilsiui ar privatumui, o labai didelis guolis suteikia jaukumo. Jaunesn\u0117ms kat\u0117ms patinka miegoti ir \u017eaisti po vir\u0161utine platforma esan\u010diame hamake. Dizainas apgalvotas taip, kad b\u016bt\u0173 kompakti\u0161kas, stabilus ir neu\u017eimt\u0173 daug vietos. Modernu ir stilinga!<\/p>\n<ul>\n<li>Matmenys \u2013 ilgis 50 cm, gylis 50 cm, auk\u0161tis 158 cm<\/li>\n<li>Tinka vis\u0173 tip\u0173 kat\u0117ms<\/li>\n<li>Vir\u0161uje itin didel\u0117 aik\u0161tel\u0117 \u2013 tikras ap\u017evalgos bok\u0161tas<\/li>\n<li>Pagrindas storesnis (4 cm), u\u017etikrina stabilum\u0105<\/li>\n<\/ul>\n<p>Matmenys pateikti nuotraukoje.<br \/>\nProdukto svoris su pakuote \u2013 34 kg, be pakuot\u0117s \u2013 31,6 kg. Pristatomas dviejose d\u0117\u017e\u0117se.<\/p>\n<p>Produktas turi CE sertifikat\u0105, gamintojas \u2013 Olandijos kokyb\u0117s prek\u0117s \u017eenklas PETREBELS. Investuojame \u012f kokyb\u0119!<\/p>\n","protected":false},"featured_media":42006,"template":"","meta":[],"product_brand":[],"product_cat":[513,524],"product_tag":[],"class_list":{"0":"post-41012","1":"product","2":"type-product","3":"status-publish","4":"has-post-thumbnail","6":"product_cat-vidutinio-dydzio-draskymo-medziai-petrebels","7":"product_cat-kaup24-lt","8":"product_shipping_class-pakiautomaati-sobimatu-lt","10":"first","11":"instock","12":"taxable","13":"shipping-taxable","14":"purchasable","15":"product-type-simple"},"yoast_head":"<!-- This site is optimized with the Yoast SEO plugin v27.2 - https:\/\/yoast.com\/product\/yoast-seo-wordpress\/ -->\n<title>Draskykl\u0117 Petrebels Ramses 158, kapu\u010dino - MiuMjau<\/title>\n<meta name=\"robots\" content=\"index, follow, max-snippet:-1, max-image-preview:large, max-video-preview:-1\" \/>\n<link rel=\"canonical\" href=\"https:\/\/miumjau.ee\/lt\/produktas\/draskykle-petrebels-ramses-158-kapucino\/\" \/>\n<meta property=\"og:locale\" content=\"lt_LT\" \/>\n<meta property=\"og:type\" content=\"article\" \/>\n<meta property=\"og:title\" content=\"Draskykl\u0117 Petrebels Ramses 158, kapu\u010dino - MiuMjau\" \/>\n<meta property=\"og:description\" content=\"Draskykl\u0117, tokio pat auk\u0161\u010dio kaip ir j\u016bs\u0173 sve\u010diai! Kat\u0117 gali visk\u0105 steb\u0117ti i\u0161 vir\u0161aus. Visi stulpai visi\u0161kai padengti sizaliu, tad ji gali draskyti kiek tik nori. Skirtingos platformos leid\u017eia laipioti ir \u0161okin\u0117ti, keli\u0173 auk\u0161t\u0173 namelis \u2013 poilsiui ar privatumui, o labai didelis guolis suteikia jaukumo. Jaunesn\u0117ms kat\u0117ms patinka miegoti ir \u017eaisti po vir\u0161utine platforma esan\u010diame hamake. Dizainas apgalvotas taip, kad b\u016bt\u0173 kompakti\u0161kas, stabilus ir neu\u017eimt\u0173 daug vietos. Modernu ir stilinga! Matmenys \u2013 ilgis 50 cm, gylis 50 cm, auk\u0161tis 158 cm Tinka vis\u0173 tip\u0173 kat\u0117ms Vir\u0161uje itin didel\u0117 aik\u0161tel\u0117 \u2013 tikras ap\u017evalgos bok\u0161tas Pagrindas storesnis (4 cm), u\u017etikrina stabilum\u0105 Matmenys pateikti nuotraukoje.  Produkto svoris su pakuote \u2013 34 kg, be pakuot\u0117s \u2013 31,6 kg. Pristatomas dviejose d\u0117\u017e\u0117se. Produktas turi CE sertifikat\u0105, gamintojas \u2013 Olandijos kokyb\u0117s prek\u0117s \u017eenklas PETREBELS. Investuojame \u012f kokyb\u0119!\" \/>\n<meta property=\"og:url\" content=\"https:\/\/miumjau.ee\/lt\/produktas\/draskykle-petrebels-ramses-158-kapucino\/\" \/>\n<meta property=\"og:site_name\" content=\"MiuMjau\" \/>\n<meta property=\"article:publisher\" content=\"https:\/\/www.facebook.com\/miumjaupood\/\" \/>\n<meta property=\"article:modified_time\" content=\"2026-01-07T18:55:42+00:00\" \/>\n<meta property=\"og:image\" content=\"https:\/\/miumjau.ee\/wp-content\/uploads\/2023\/09\/ramses-158-cappuccino-kassi-kraapimispuu-1.jpg\" \/>\n\t<meta property=\"og:image:width\" content=\"600\" \/>\n\t<meta property=\"og:image:height\" content=\"800\" \/>\n\t<meta property=\"og:image:type\" content=\"image\/jpeg\" \/>\n<meta name=\"twitter:card\" content=\"summary_large_image\" \/>\n<script type=\"application\/ld+json\" class=\"yoast-schema-graph\">{\"@context\":\"https:\/\/schema.org\",\"@graph\":[{\"@type\":\"WebPage\",\"@id\":\"https:\/\/miumjau.ee\/lt\/produktas\/draskykle-petrebels-ramses-158-kapucino\/\",\"url\":\"https:\/\/miumjau.ee\/lt\/produktas\/draskykle-petrebels-ramses-158-kapucino\/\",\"name\":\"Draskykl\u0117 Petrebels Ramses 158, kapu\u010dino - MiuMjau\",\"isPartOf\":{\"@id\":\"https:\/\/miumjau.ee\/#website\"},\"primaryImageOfPage\":{\"@id\":\"https:\/\/miumjau.ee\/lt\/produktas\/draskykle-petrebels-ramses-158-kapucino\/#primaryimage\"},\"image\":{\"@id\":\"https:\/\/miumjau.ee\/lt\/produktas\/draskykle-petrebels-ramses-158-kapucino\/#primaryimage\"},\"thumbnailUrl\":\"https:\/\/miumjau.ee\/wp-content\/uploads\/2023\/09\/ramses-158-cappuccino-kassi-kraapimispuu-1.jpg\",\"datePublished\":\"2023-09-13T11:48:47+00:00\",\"dateModified\":\"2026-01-07T18:55:42+00:00\",\"breadcrumb\":{\"@id\":\"https:\/\/miumjau.ee\/lt\/produktas\/draskykle-petrebels-ramses-158-kapucino\/#breadcrumb\"},\"inLanguage\":\"lt-LT\",\"potentialAction\":[{\"@type\":\"ReadAction\",\"target\":[\"https:\/\/miumjau.ee\/lt\/produktas\/draskykle-petrebels-ramses-158-kapucino\/\"]}]},{\"@type\":\"ImageObject\",\"inLanguage\":\"lt-LT\",\"@id\":\"https:\/\/miumjau.ee\/lt\/produktas\/draskykle-petrebels-ramses-158-kapucino\/#primaryimage\",\"url\":\"https:\/\/miumjau.ee\/wp-content\/uploads\/2023\/09\/ramses-158-cappuccino-kassi-kraapimispuu-1.jpg\",\"contentUrl\":\"https:\/\/miumjau.ee\/wp-content\/uploads\/2023\/09\/ramses-158-cappuccino-kassi-kraapimispuu-1.jpg\",\"width\":600,\"height\":800,\"caption\":\"Ramses 158 kassi kraapimispuu Petrebels\"},{\"@type\":\"BreadcrumbList\",\"@id\":\"https:\/\/miumjau.ee\/lt\/produktas\/draskykle-petrebels-ramses-158-kapucino\/#breadcrumb\",\"itemListElement\":[{\"@type\":\"ListItem\",\"position\":1,\"name\":\"Home\",\"item\":\"https:\/\/miumjau.ee\/lt\/\"},{\"@type\":\"ListItem\",\"position\":2,\"name\":\"Parduotuv\u0117\",\"item\":\"https:\/\/miumjau.ee\/lt\/parduotuve\/\"},{\"@type\":\"ListItem\",\"position\":3,\"name\":\"Draskykl\u0117 Petrebels Ramses 158, kapu\u010dino\"}]},{\"@type\":\"WebSite\",\"@id\":\"https:\/\/miumjau.ee\/#website\",\"url\":\"https:\/\/miumjau.ee\/\",\"name\":\"MiuMjau\",\"description\":\"Kraapimispuud kassidele\",\"publisher\":{\"@id\":\"https:\/\/miumjau.ee\/#organization\"},\"potentialAction\":[{\"@type\":\"SearchAction\",\"target\":{\"@type\":\"EntryPoint\",\"urlTemplate\":\"https:\/\/miumjau.ee\/?s={search_term_string}\"},\"query-input\":{\"@type\":\"PropertyValueSpecification\",\"valueRequired\":true,\"valueName\":\"search_term_string\"}}],\"inLanguage\":\"lt-LT\"},{\"@type\":\"Organization\",\"@id\":\"https:\/\/miumjau.ee\/#organization\",\"name\":\"MiuMjau O\u00dc\",\"url\":\"https:\/\/miumjau.ee\/\",\"logo\":{\"@type\":\"ImageObject\",\"inLanguage\":\"lt-LT\",\"@id\":\"https:\/\/miumjau.ee\/#\/schema\/logo\/image\/\",\"url\":\"https:\/\/miumjau.ee\/wp-content\/uploads\/2022\/04\/MiuMjau-logo-kollane.png\",\"contentUrl\":\"https:\/\/miumjau.ee\/wp-content\/uploads\/2022\/04\/MiuMjau-logo-kollane.png\",\"width\":219,\"height\":100,\"caption\":\"MiuMjau O\u00dc\"},\"image\":{\"@id\":\"https:\/\/miumjau.ee\/#\/schema\/logo\/image\/\"},\"sameAs\":[\"https:\/\/www.facebook.com\/miumjaupood\/\"]}]}<\/script>\n<!-- \/ Yoast SEO plugin. -->","yoast_head_json":{"title":"Draskykl\u0117 Petrebels Ramses 158, kapu\u010dino - MiuMjau","robots":{"index":"index","follow":"follow","max-snippet":"max-snippet:-1","max-image-preview":"max-image-preview:large","max-video-preview":"max-video-preview:-1"},"canonical":"https:\/\/miumjau.ee\/lt\/produktas\/draskykle-petrebels-ramses-158-kapucino\/","og_locale":"lt_LT","og_type":"article","og_title":"Draskykl\u0117 Petrebels Ramses 158, kapu\u010dino - MiuMjau","og_description":"Draskykl\u0117, tokio pat auk\u0161\u010dio kaip ir j\u016bs\u0173 sve\u010diai! Kat\u0117 gali visk\u0105 steb\u0117ti i\u0161 vir\u0161aus. Visi stulpai visi\u0161kai padengti sizaliu, tad ji gali draskyti kiek tik nori. Skirtingos platformos leid\u017eia laipioti ir \u0161okin\u0117ti, keli\u0173 auk\u0161t\u0173 namelis \u2013 poilsiui ar privatumui, o labai didelis guolis suteikia jaukumo. Jaunesn\u0117ms kat\u0117ms patinka miegoti ir \u017eaisti po vir\u0161utine platforma esan\u010diame hamake. Dizainas apgalvotas taip, kad b\u016bt\u0173 kompakti\u0161kas, stabilus ir neu\u017eimt\u0173 daug vietos. Modernu ir stilinga! Matmenys \u2013 ilgis 50 cm, gylis 50 cm, auk\u0161tis 158 cm Tinka vis\u0173 tip\u0173 kat\u0117ms Vir\u0161uje itin didel\u0117 aik\u0161tel\u0117 \u2013 tikras ap\u017evalgos bok\u0161tas Pagrindas storesnis (4 cm), u\u017etikrina stabilum\u0105 Matmenys pateikti nuotraukoje.  Produkto svoris su pakuote \u2013 34 kg, be pakuot\u0117s \u2013 31,6 kg. Pristatomas dviejose d\u0117\u017e\u0117se. Produktas turi CE sertifikat\u0105, gamintojas \u2013 Olandijos kokyb\u0117s prek\u0117s \u017eenklas PETREBELS. Investuojame \u012f kokyb\u0119!","og_url":"https:\/\/miumjau.ee\/lt\/produktas\/draskykle-petrebels-ramses-158-kapucino\/","og_site_name":"MiuMjau","article_publisher":"https:\/\/www.facebook.com\/miumjaupood\/","article_modified_time":"2026-01-07T18:55:42+00:00","og_image":[{"width":600,"height":800,"url":"https:\/\/miumjau.ee\/wp-content\/uploads\/2023\/09\/ramses-158-cappuccino-kassi-kraapimispuu-1.jpg","type":"image\/jpeg"}],"twitter_card":"summary_large_image","schema":{"@context":"https:\/\/schema.org","@graph":[{"@type":"WebPage","@id":"https:\/\/miumjau.ee\/lt\/produktas\/draskykle-petrebels-ramses-158-kapucino\/","url":"https:\/\/miumjau.ee\/lt\/produktas\/draskykle-petrebels-ramses-158-kapucino\/","name":"Draskykl\u0117 Petrebels Ramses 158, kapu\u010dino - MiuMjau","isPartOf":{"@id":"https:\/\/miumjau.ee\/#website"},"primaryImageOfPage":{"@id":"https:\/\/miumjau.ee\/lt\/produktas\/draskykle-petrebels-ramses-158-kapucino\/#primaryimage"},"image":{"@id":"https:\/\/miumjau.ee\/lt\/produktas\/draskykle-petrebels-ramses-158-kapucino\/#primaryimage"},"thumbnailUrl":"https:\/\/miumjau.ee\/wp-content\/uploads\/2023\/09\/ramses-158-cappuccino-kassi-kraapimispuu-1.jpg","datePublished":"2023-09-13T11:48:47+00:00","dateModified":"2026-01-07T18:55:42+00:00","breadcrumb":{"@id":"https:\/\/miumjau.ee\/lt\/produktas\/draskykle-petrebels-ramses-158-kapucino\/#breadcrumb"},"inLanguage":"lt-LT","potentialAction":[{"@type":"ReadAction","target":["https:\/\/miumjau.ee\/lt\/produktas\/draskykle-petrebels-ramses-158-kapucino\/"]}]},{"@type":"ImageObject","inLanguage":"lt-LT","@id":"https:\/\/miumjau.ee\/lt\/produktas\/draskykle-petrebels-ramses-158-kapucino\/#primaryimage","url":"https:\/\/miumjau.ee\/wp-content\/uploads\/2023\/09\/ramses-158-cappuccino-kassi-kraapimispuu-1.jpg","contentUrl":"https:\/\/miumjau.ee\/wp-content\/uploads\/2023\/09\/ramses-158-cappuccino-kassi-kraapimispuu-1.jpg","width":600,"height":800,"caption":"Ramses 158 kassi kraapimispuu Petrebels"},{"@type":"BreadcrumbList","@id":"https:\/\/miumjau.ee\/lt\/produktas\/draskykle-petrebels-ramses-158-kapucino\/#breadcrumb","itemListElement":[{"@type":"ListItem","position":1,"name":"Home","item":"https:\/\/miumjau.ee\/lt\/"},{"@type":"ListItem","position":2,"name":"Parduotuv\u0117","item":"https:\/\/miumjau.ee\/lt\/parduotuve\/"},{"@type":"ListItem","position":3,"name":"Draskykl\u0117 Petrebels Ramses 158, kapu\u010dino"}]},{"@type":"WebSite","@id":"https:\/\/miumjau.ee\/#website","url":"https:\/\/miumjau.ee\/","name":"MiuMjau","description":"Kraapimispuud kassidele","publisher":{"@id":"https:\/\/miumjau.ee\/#organization"},"potentialAction":[{"@type":"SearchAction","target":{"@type":"EntryPoint","urlTemplate":"https:\/\/miumjau.ee\/?s={search_term_string}"},"query-input":{"@type":"PropertyValueSpecification","valueRequired":true,"valueName":"search_term_string"}}],"inLanguage":"lt-LT"},{"@type":"Organization","@id":"https:\/\/miumjau.ee\/#organization","name":"MiuMjau O\u00dc","url":"https:\/\/miumjau.ee\/","logo":{"@type":"ImageObject","inLanguage":"lt-LT","@id":"https:\/\/miumjau.ee\/#\/schema\/logo\/image\/","url":"https:\/\/miumjau.ee\/wp-content\/uploads\/2022\/04\/MiuMjau-logo-kollane.png","contentUrl":"https:\/\/miumjau.ee\/wp-content\/uploads\/2022\/04\/MiuMjau-logo-kollane.png","width":219,"height":100,"caption":"MiuMjau O\u00dc"},"image":{"@id":"https:\/\/miumjau.ee\/#\/schema\/logo\/image\/"},"sameAs":["https:\/\/www.facebook.com\/miumjaupood\/"]}]}},"_links":{"self":[{"href":"https:\/\/miumjau.ee\/lt\/wp-json\/wp\/v2\/product\/41012","targetHints":{"allow":["GET"]}}],"collection":[{"href":"https:\/\/miumjau.ee\/lt\/wp-json\/wp\/v2\/product"}],"about":[{"href":"https:\/\/miumjau.ee\/lt\/wp-json\/wp\/v2\/types\/product"}],"wp:featuredmedia":[{"embeddable":true,"href":"https:\/\/miumjau.ee\/lt\/wp-json\/wp\/v2\/media\/42006"}],"wp:attachment":[{"href":"https:\/\/miumjau.ee\/lt\/wp-json\/wp\/v2\/media?parent=41012"}],"wp:term":[{"taxonomy":"product_brand","embeddable":true,"href":"https:\/\/miumjau.ee\/lt\/wp-json\/wp\/v2\/product_brand?post=41012"},{"taxonomy":"product_cat","embeddable":true,"href":"https:\/\/miumjau.ee\/lt\/wp-json\/wp\/v2\/product_cat?post=41012"},{"taxonomy":"product_tag","embeddable":true,"href":"https:\/\/miumjau.ee\/lt\/wp-json\/wp\/v2\/product_tag?post=41012"}],"curies":[{"name":"wp","href":"https:\/\/api.w.org\/{rel}","templated":true}]}}