{"id":41011,"date":"2023-09-13T12:13:23","date_gmt":"2023-09-13T09:13:23","guid":{"rendered":"https:\/\/miumjau.ee\/toode\/draskykle-petrebels-siberian-200-antracitine\/"},"modified":"2026-01-07T20:55:42","modified_gmt":"2026-01-07T18:55:42","slug":"draskykle-petrebels-siberian-200-antracitine","status":"publish","type":"product","link":"https:\/\/miumjau.ee\/lt\/produktas\/draskykle-petrebels-siberian-200-antracitine\/","title":{"rendered":"Draskykl\u0117 Petrebels Siberian 200, antracitin\u0117"},"content":{"rendered":"","protected":false},"excerpt":{"rendered":"<p>Draskykl\u0117 Siberian 200 skirta tikriems ka\u010di\u0173 myl\u0117tojams. Nieko n\u0117ra per gero j\u0173 murkliams, ta\u010diau galime dr\u0105siai teigti \u2013 \u0161i tikrai patiks j\u016bs\u0173 augintiniams! Draskykl\u0117 stabili, moderni, turi du itin didelius ir mink\u0161tais pagrindais namelius, dvi labai tvirtas pakabinamas guolius ir vir\u0161uje \u2013 beveik viso plo\u010dio gul\u0117jimo aik\u0161tel\u0119, kuri\u0105 kat\u0117s naudoja kaip ap\u017evalgos bok\u0161t\u0105. Tai tikras ka\u010di\u0173 rojus! Visi stori stulpai yra visi\u0161kai padengti draskomu sizaliu.<\/p>\n<p>Ilgis \u2013 118 cm, plotis \u2013 45 cm, auk\u0161tis \u2013 200 cm.<br \/>\nPakabinami guoliai 45 \u00d7 45 cm, laikomoji galia iki 25 kg.<br \/>\nDviej\u0173 dideli\u0173 nameli\u0173 matmenys \u2013 78 \u00d7 40 \u00d7 30 cm.<br \/>\nVir\u0161utin\u0117s gul\u0117jimo aik\u0161tel\u0117s dydis \u2013 118 \u00d7 41 cm.<\/p>\n<p>Tinka net labai didel\u0117ms ir sunkioms kat\u0117ms, tokioms kaip Maine Coon, Ragdoll ir Norvegijos mi\u0161ko kat\u0117s.<\/p>\n<p>Pastaba: nameliuose esantys mink\u0161ti pagrindai skalbiami ma\u0161inoje.<\/p>\n<p>Produktas pristatomas trijose d\u0117\u017e\u0117se:<br \/>\n1 pakuot\u0117 \u2013 120 \u00d7 48 \u00d7 19 cm;<br \/>\n2 pakuot\u0117 \u2013 81 \u00d7 64 \u00d7 43 cm;<br \/>\n3 pakuot\u0117 \u2013 82 \u00d7 62 \u00d7 42 cm.<br \/>\nSvoris be pakuot\u0117s \u2013 76,9 kg.<\/p>\n<p>Produktas turi CE sertifikat\u0105, gamintojas \u2013 Olandijos kokyb\u0117s prek\u0117s \u017eenklas PETREBELS. Investuojame \u012f kokyb\u0119!<\/p>\n","protected":false},"featured_media":41998,"template":"","meta":[],"product_brand":[],"product_cat":[515,524],"product_tag":[],"class_list":{"0":"post-41011","1":"product","2":"type-product","3":"status-publish","4":"has-post-thumbnail","6":"product_cat-petrebels-produktai-dideliems-katems","7":"product_cat-kaup24-lt","8":"product_shipping_class-pakiautomaati-sobimatu-lt","10":"first","11":"instock","12":"taxable","13":"shipping-taxable","14":"purchasable","15":"product-type-simple"},"yoast_head":"<!-- This site is optimized with the Yoast SEO plugin v27.2 - https:\/\/yoast.com\/product\/yoast-seo-wordpress\/ -->\n<title>Draskykl\u0117 Petrebels Siberian 200, antracitin\u0117 - MiuMjau<\/title>\n<meta name=\"robots\" content=\"index, follow, max-snippet:-1, max-image-preview:large, max-video-preview:-1\" \/>\n<link rel=\"canonical\" href=\"https:\/\/miumjau.ee\/lt\/produktas\/draskykle-petrebels-siberian-200-antracitine\/\" \/>\n<meta property=\"og:locale\" content=\"lt_LT\" \/>\n<meta property=\"og:type\" content=\"article\" \/>\n<meta property=\"og:title\" content=\"Draskykl\u0117 Petrebels Siberian 200, antracitin\u0117 - MiuMjau\" \/>\n<meta property=\"og:description\" content=\"Draskykl\u0117 Siberian 200 skirta tikriems ka\u010di\u0173 myl\u0117tojams. Nieko n\u0117ra per gero j\u0173 murkliams, ta\u010diau galime dr\u0105siai teigti \u2013 \u0161i tikrai patiks j\u016bs\u0173 augintiniams! Draskykl\u0117 stabili, moderni, turi du itin didelius ir mink\u0161tais pagrindais namelius, dvi labai tvirtas pakabinamas guolius ir vir\u0161uje \u2013 beveik viso plo\u010dio gul\u0117jimo aik\u0161tel\u0119, kuri\u0105 kat\u0117s naudoja kaip ap\u017evalgos bok\u0161t\u0105. Tai tikras ka\u010di\u0173 rojus! Visi stori stulpai yra visi\u0161kai padengti draskomu sizaliu. Ilgis \u2013 118 cm, plotis \u2013 45 cm, auk\u0161tis \u2013 200 cm.  Pakabinami guoliai 45 \u00d7 45 cm, laikomoji galia iki 25 kg.  Dviej\u0173 dideli\u0173 nameli\u0173 matmenys \u2013 78 \u00d7 40 \u00d7 30 cm.  Vir\u0161utin\u0117s gul\u0117jimo aik\u0161tel\u0117s dydis \u2013 118 \u00d7 41 cm. Tinka net labai didel\u0117ms ir sunkioms kat\u0117ms, tokioms kaip Maine Coon, Ragdoll ir Norvegijos mi\u0161ko kat\u0117s. Pastaba: nameliuose esantys mink\u0161ti pagrindai skalbiami ma\u0161inoje. Produktas pristatomas trijose d\u0117\u017e\u0117se:  1 pakuot\u0117 \u2013 120 \u00d7 48 \u00d7 19 cm;  2 pakuot\u0117 \u2013 81 \u00d7 64 \u00d7 43 cm;  3 pakuot\u0117 \u2013 82 \u00d7 62 \u00d7 42 cm.  Svoris be pakuot\u0117s \u2013 76,9 kg. Produktas turi CE sertifikat\u0105, gamintojas \u2013 Olandijos kokyb\u0117s prek\u0117s \u017eenklas PETREBELS. Investuojame \u012f kokyb\u0119!\" \/>\n<meta property=\"og:url\" content=\"https:\/\/miumjau.ee\/lt\/produktas\/draskykle-petrebels-siberian-200-antracitine\/\" \/>\n<meta property=\"og:site_name\" content=\"MiuMjau\" \/>\n<meta property=\"article:publisher\" content=\"https:\/\/www.facebook.com\/miumjaupood\/\" \/>\n<meta property=\"article:modified_time\" content=\"2026-01-07T18:55:42+00:00\" \/>\n<meta property=\"og:image\" content=\"https:\/\/miumjau.ee\/wp-content\/uploads\/2023\/09\/siberian200-antratsiit-petrebels-kassi-kraapimispuu12.jpg\" \/>\n\t<meta property=\"og:image:width\" content=\"600\" \/>\n\t<meta property=\"og:image:height\" content=\"800\" \/>\n\t<meta property=\"og:image:type\" content=\"image\/jpeg\" \/>\n<meta name=\"twitter:card\" content=\"summary_large_image\" \/>\n<script type=\"application\/ld+json\" class=\"yoast-schema-graph\">{\"@context\":\"https:\/\/schema.org\",\"@graph\":[{\"@type\":\"WebPage\",\"@id\":\"https:\/\/miumjau.ee\/lt\/produktas\/draskykle-petrebels-siberian-200-antracitine\/\",\"url\":\"https:\/\/miumjau.ee\/lt\/produktas\/draskykle-petrebels-siberian-200-antracitine\/\",\"name\":\"Draskykl\u0117 Petrebels Siberian 200, antracitin\u0117 - MiuMjau\",\"isPartOf\":{\"@id\":\"https:\/\/miumjau.ee\/#website\"},\"primaryImageOfPage\":{\"@id\":\"https:\/\/miumjau.ee\/lt\/produktas\/draskykle-petrebels-siberian-200-antracitine\/#primaryimage\"},\"image\":{\"@id\":\"https:\/\/miumjau.ee\/lt\/produktas\/draskykle-petrebels-siberian-200-antracitine\/#primaryimage\"},\"thumbnailUrl\":\"https:\/\/miumjau.ee\/wp-content\/uploads\/2023\/09\/siberian200-antratsiit-petrebels-kassi-kraapimispuu12.jpg\",\"datePublished\":\"2023-09-13T09:13:23+00:00\",\"dateModified\":\"2026-01-07T18:55:42+00:00\",\"breadcrumb\":{\"@id\":\"https:\/\/miumjau.ee\/lt\/produktas\/draskykle-petrebels-siberian-200-antracitine\/#breadcrumb\"},\"inLanguage\":\"lt-LT\",\"potentialAction\":[{\"@type\":\"ReadAction\",\"target\":[\"https:\/\/miumjau.ee\/lt\/produktas\/draskykle-petrebels-siberian-200-antracitine\/\"]}]},{\"@type\":\"ImageObject\",\"inLanguage\":\"lt-LT\",\"@id\":\"https:\/\/miumjau.ee\/lt\/produktas\/draskykle-petrebels-siberian-200-antracitine\/#primaryimage\",\"url\":\"https:\/\/miumjau.ee\/wp-content\/uploads\/2023\/09\/siberian200-antratsiit-petrebels-kassi-kraapimispuu12.jpg\",\"contentUrl\":\"https:\/\/miumjau.ee\/wp-content\/uploads\/2023\/09\/siberian200-antratsiit-petrebels-kassi-kraapimispuu12.jpg\",\"width\":600,\"height\":800,\"caption\":\"Siberian 200 Petrebels kassi kraapimispuu\"},{\"@type\":\"BreadcrumbList\",\"@id\":\"https:\/\/miumjau.ee\/lt\/produktas\/draskykle-petrebels-siberian-200-antracitine\/#breadcrumb\",\"itemListElement\":[{\"@type\":\"ListItem\",\"position\":1,\"name\":\"Home\",\"item\":\"https:\/\/miumjau.ee\/lt\/\"},{\"@type\":\"ListItem\",\"position\":2,\"name\":\"Parduotuv\u0117\",\"item\":\"https:\/\/miumjau.ee\/lt\/parduotuve\/\"},{\"@type\":\"ListItem\",\"position\":3,\"name\":\"Draskykl\u0117 Petrebels Siberian 200, antracitin\u0117\"}]},{\"@type\":\"WebSite\",\"@id\":\"https:\/\/miumjau.ee\/#website\",\"url\":\"https:\/\/miumjau.ee\/\",\"name\":\"MiuMjau\",\"description\":\"Kraapimispuud kassidele\",\"publisher\":{\"@id\":\"https:\/\/miumjau.ee\/#organization\"},\"potentialAction\":[{\"@type\":\"SearchAction\",\"target\":{\"@type\":\"EntryPoint\",\"urlTemplate\":\"https:\/\/miumjau.ee\/?s={search_term_string}\"},\"query-input\":{\"@type\":\"PropertyValueSpecification\",\"valueRequired\":true,\"valueName\":\"search_term_string\"}}],\"inLanguage\":\"lt-LT\"},{\"@type\":\"Organization\",\"@id\":\"https:\/\/miumjau.ee\/#organization\",\"name\":\"MiuMjau O\u00dc\",\"url\":\"https:\/\/miumjau.ee\/\",\"logo\":{\"@type\":\"ImageObject\",\"inLanguage\":\"lt-LT\",\"@id\":\"https:\/\/miumjau.ee\/#\/schema\/logo\/image\/\",\"url\":\"https:\/\/miumjau.ee\/wp-content\/uploads\/2022\/04\/MiuMjau-logo-kollane.png\",\"contentUrl\":\"https:\/\/miumjau.ee\/wp-content\/uploads\/2022\/04\/MiuMjau-logo-kollane.png\",\"width\":219,\"height\":100,\"caption\":\"MiuMjau O\u00dc\"},\"image\":{\"@id\":\"https:\/\/miumjau.ee\/#\/schema\/logo\/image\/\"},\"sameAs\":[\"https:\/\/www.facebook.com\/miumjaupood\/\"]}]}<\/script>\n<!-- \/ Yoast SEO plugin. -->","yoast_head_json":{"title":"Draskykl\u0117 Petrebels Siberian 200, antracitin\u0117 - MiuMjau","robots":{"index":"index","follow":"follow","max-snippet":"max-snippet:-1","max-image-preview":"max-image-preview:large","max-video-preview":"max-video-preview:-1"},"canonical":"https:\/\/miumjau.ee\/lt\/produktas\/draskykle-petrebels-siberian-200-antracitine\/","og_locale":"lt_LT","og_type":"article","og_title":"Draskykl\u0117 Petrebels Siberian 200, antracitin\u0117 - MiuMjau","og_description":"Draskykl\u0117 Siberian 200 skirta tikriems ka\u010di\u0173 myl\u0117tojams. Nieko n\u0117ra per gero j\u0173 murkliams, ta\u010diau galime dr\u0105siai teigti \u2013 \u0161i tikrai patiks j\u016bs\u0173 augintiniams! Draskykl\u0117 stabili, moderni, turi du itin didelius ir mink\u0161tais pagrindais namelius, dvi labai tvirtas pakabinamas guolius ir vir\u0161uje \u2013 beveik viso plo\u010dio gul\u0117jimo aik\u0161tel\u0119, kuri\u0105 kat\u0117s naudoja kaip ap\u017evalgos bok\u0161t\u0105. Tai tikras ka\u010di\u0173 rojus! Visi stori stulpai yra visi\u0161kai padengti draskomu sizaliu. Ilgis \u2013 118 cm, plotis \u2013 45 cm, auk\u0161tis \u2013 200 cm.  Pakabinami guoliai 45 \u00d7 45 cm, laikomoji galia iki 25 kg.  Dviej\u0173 dideli\u0173 nameli\u0173 matmenys \u2013 78 \u00d7 40 \u00d7 30 cm.  Vir\u0161utin\u0117s gul\u0117jimo aik\u0161tel\u0117s dydis \u2013 118 \u00d7 41 cm. Tinka net labai didel\u0117ms ir sunkioms kat\u0117ms, tokioms kaip Maine Coon, Ragdoll ir Norvegijos mi\u0161ko kat\u0117s. Pastaba: nameliuose esantys mink\u0161ti pagrindai skalbiami ma\u0161inoje. Produktas pristatomas trijose d\u0117\u017e\u0117se:  1 pakuot\u0117 \u2013 120 \u00d7 48 \u00d7 19 cm;  2 pakuot\u0117 \u2013 81 \u00d7 64 \u00d7 43 cm;  3 pakuot\u0117 \u2013 82 \u00d7 62 \u00d7 42 cm.  Svoris be pakuot\u0117s \u2013 76,9 kg. Produktas turi CE sertifikat\u0105, gamintojas \u2013 Olandijos kokyb\u0117s prek\u0117s \u017eenklas PETREBELS. Investuojame \u012f kokyb\u0119!","og_url":"https:\/\/miumjau.ee\/lt\/produktas\/draskykle-petrebels-siberian-200-antracitine\/","og_site_name":"MiuMjau","article_publisher":"https:\/\/www.facebook.com\/miumjaupood\/","article_modified_time":"2026-01-07T18:55:42+00:00","og_image":[{"width":600,"height":800,"url":"https:\/\/miumjau.ee\/wp-content\/uploads\/2023\/09\/siberian200-antratsiit-petrebels-kassi-kraapimispuu12.jpg","type":"image\/jpeg"}],"twitter_card":"summary_large_image","schema":{"@context":"https:\/\/schema.org","@graph":[{"@type":"WebPage","@id":"https:\/\/miumjau.ee\/lt\/produktas\/draskykle-petrebels-siberian-200-antracitine\/","url":"https:\/\/miumjau.ee\/lt\/produktas\/draskykle-petrebels-siberian-200-antracitine\/","name":"Draskykl\u0117 Petrebels Siberian 200, antracitin\u0117 - MiuMjau","isPartOf":{"@id":"https:\/\/miumjau.ee\/#website"},"primaryImageOfPage":{"@id":"https:\/\/miumjau.ee\/lt\/produktas\/draskykle-petrebels-siberian-200-antracitine\/#primaryimage"},"image":{"@id":"https:\/\/miumjau.ee\/lt\/produktas\/draskykle-petrebels-siberian-200-antracitine\/#primaryimage"},"thumbnailUrl":"https:\/\/miumjau.ee\/wp-content\/uploads\/2023\/09\/siberian200-antratsiit-petrebels-kassi-kraapimispuu12.jpg","datePublished":"2023-09-13T09:13:23+00:00","dateModified":"2026-01-07T18:55:42+00:00","breadcrumb":{"@id":"https:\/\/miumjau.ee\/lt\/produktas\/draskykle-petrebels-siberian-200-antracitine\/#breadcrumb"},"inLanguage":"lt-LT","potentialAction":[{"@type":"ReadAction","target":["https:\/\/miumjau.ee\/lt\/produktas\/draskykle-petrebels-siberian-200-antracitine\/"]}]},{"@type":"ImageObject","inLanguage":"lt-LT","@id":"https:\/\/miumjau.ee\/lt\/produktas\/draskykle-petrebels-siberian-200-antracitine\/#primaryimage","url":"https:\/\/miumjau.ee\/wp-content\/uploads\/2023\/09\/siberian200-antratsiit-petrebels-kassi-kraapimispuu12.jpg","contentUrl":"https:\/\/miumjau.ee\/wp-content\/uploads\/2023\/09\/siberian200-antratsiit-petrebels-kassi-kraapimispuu12.jpg","width":600,"height":800,"caption":"Siberian 200 Petrebels kassi kraapimispuu"},{"@type":"BreadcrumbList","@id":"https:\/\/miumjau.ee\/lt\/produktas\/draskykle-petrebels-siberian-200-antracitine\/#breadcrumb","itemListElement":[{"@type":"ListItem","position":1,"name":"Home","item":"https:\/\/miumjau.ee\/lt\/"},{"@type":"ListItem","position":2,"name":"Parduotuv\u0117","item":"https:\/\/miumjau.ee\/lt\/parduotuve\/"},{"@type":"ListItem","position":3,"name":"Draskykl\u0117 Petrebels Siberian 200, antracitin\u0117"}]},{"@type":"WebSite","@id":"https:\/\/miumjau.ee\/#website","url":"https:\/\/miumjau.ee\/","name":"MiuMjau","description":"Kraapimispuud kassidele","publisher":{"@id":"https:\/\/miumjau.ee\/#organization"},"potentialAction":[{"@type":"SearchAction","target":{"@type":"EntryPoint","urlTemplate":"https:\/\/miumjau.ee\/?s={search_term_string}"},"query-input":{"@type":"PropertyValueSpecification","valueRequired":true,"valueName":"search_term_string"}}],"inLanguage":"lt-LT"},{"@type":"Organization","@id":"https:\/\/miumjau.ee\/#organization","name":"MiuMjau O\u00dc","url":"https:\/\/miumjau.ee\/","logo":{"@type":"ImageObject","inLanguage":"lt-LT","@id":"https:\/\/miumjau.ee\/#\/schema\/logo\/image\/","url":"https:\/\/miumjau.ee\/wp-content\/uploads\/2022\/04\/MiuMjau-logo-kollane.png","contentUrl":"https:\/\/miumjau.ee\/wp-content\/uploads\/2022\/04\/MiuMjau-logo-kollane.png","width":219,"height":100,"caption":"MiuMjau O\u00dc"},"image":{"@id":"https:\/\/miumjau.ee\/#\/schema\/logo\/image\/"},"sameAs":["https:\/\/www.facebook.com\/miumjaupood\/"]}]}},"_links":{"self":[{"href":"https:\/\/miumjau.ee\/lt\/wp-json\/wp\/v2\/product\/41011","targetHints":{"allow":["GET"]}}],"collection":[{"href":"https:\/\/miumjau.ee\/lt\/wp-json\/wp\/v2\/product"}],"about":[{"href":"https:\/\/miumjau.ee\/lt\/wp-json\/wp\/v2\/types\/product"}],"wp:featuredmedia":[{"embeddable":true,"href":"https:\/\/miumjau.ee\/lt\/wp-json\/wp\/v2\/media\/41998"}],"wp:attachment":[{"href":"https:\/\/miumjau.ee\/lt\/wp-json\/wp\/v2\/media?parent=41011"}],"wp:term":[{"taxonomy":"product_brand","embeddable":true,"href":"https:\/\/miumjau.ee\/lt\/wp-json\/wp\/v2\/product_brand?post=41011"},{"taxonomy":"product_cat","embeddable":true,"href":"https:\/\/miumjau.ee\/lt\/wp-json\/wp\/v2\/product_cat?post=41011"},{"taxonomy":"product_tag","embeddable":true,"href":"https:\/\/miumjau.ee\/lt\/wp-json\/wp\/v2\/product_tag?post=41011"}],"curies":[{"name":"wp","href":"https:\/\/api.w.org\/{rel}","templated":true}]}}