{"id":41008,"date":"2023-08-31T12:48:03","date_gmt":"2023-08-31T09:48:03","guid":{"rendered":"https:\/\/miumjau.ee\/toode\/draskykle-petrebels-parklane-131-kremine\/"},"modified":"2026-01-07T20:55:42","modified_gmt":"2026-01-07T18:55:42","slug":"draskykle-petrebels-parklane-131-kremine","status":"publish","type":"product","link":"https:\/\/miumjau.ee\/lt\/produktas\/draskykle-petrebels-parklane-131-kremine\/","title":{"rendered":"Draskykl\u0117 Petrebels Parklane 131, kremin\u0117"},"content":{"rendered":"","protected":false},"excerpt":{"rendered":"<p>Draskykl\u0117 Parklane 131 i\u0161 Olandijos kokyb\u0117s prek\u0117s \u017eenklo PetRebels si\u016blo visk\u0105, ko galima tik\u0117tis i\u0161 geros draskykl\u0117s. Produktas yra vidutinio auk\u0161\u010dio \u2013 131 cm, ilgis 58 cm, plotis 45 cm. Tikslesni matmenys pateikti nuotraukoje. \u0160is medis tinka ka\u010diukams, vyresn\u0117ms ir net sunkioms kat\u0117ms. Pagrindo plok\u0161t\u0117 patvari ir tvirta, o stulpai stori ir visi\u0161kai dengti nat\u016braliu draskomu sizaliu. Miegamosios vietos itin erdvios \u2013 jokio ank\u0161tumo! Tikra prabanga!<\/p>\n<p>Produkto svoris be pakuot\u0117s 26,6 kg, o su pakuote 28,6 kg. D\u0117\u017e\u0117s matmenys: 60 \u00d7 47 \u00d7 42 cm.<\/p>\n<p>Mes parduodame PetRebels kokybi\u0161kus produktus, nes patys esame \u012fsitikin\u0119 j\u0173 privalumais. Jie tarnauja bent du kartus ilgiau nei pig\u016bs kin\u0173 gaminiai ir suteikia daug daugiau stabilumo bei estetikos. Kat\u0117ms suteikia pasitik\u0117jim\u0105 ir saugum\u0105 \u2013 nebereikia bijoti, kad medis nugrius kartu su \u0161okin\u0117jan\u010dia kate. Taip tiesiog nenutiks! Jei reikia patarimo renkantis draskykl\u0119, susisiekite su mumis \u2013 mielai pad\u0117sime!<\/p>\n","protected":false},"featured_media":41706,"template":"","meta":[],"product_brand":[],"product_cat":[515,524],"product_tag":[],"class_list":{"0":"post-41008","1":"product","2":"type-product","3":"status-publish","4":"has-post-thumbnail","6":"product_cat-petrebels-produktai-dideliems-katems","7":"product_cat-kaup24-lt","8":"product_shipping_class-pakiautomaati-sobimatu-lt","10":"first","11":"outofstock","12":"sale","13":"taxable","14":"shipping-taxable","15":"purchasable","16":"product-type-simple"},"yoast_head":"<!-- This site is optimized with the Yoast SEO plugin v27.2 - https:\/\/yoast.com\/product\/yoast-seo-wordpress\/ -->\n<title>Draskykl\u0117 Petrebels Parklane 131, kremin\u0117 - MiuMjau<\/title>\n<meta name=\"robots\" content=\"index, follow, max-snippet:-1, max-image-preview:large, max-video-preview:-1\" \/>\n<link rel=\"canonical\" href=\"https:\/\/miumjau.ee\/lt\/produktas\/draskykle-petrebels-parklane-131-kremine\/\" \/>\n<meta property=\"og:locale\" content=\"lt_LT\" \/>\n<meta property=\"og:type\" content=\"article\" \/>\n<meta property=\"og:title\" content=\"Draskykl\u0117 Petrebels Parklane 131, kremin\u0117 - MiuMjau\" \/>\n<meta property=\"og:description\" content=\"Draskykl\u0117 Parklane 131 i\u0161 Olandijos kokyb\u0117s prek\u0117s \u017eenklo PetRebels si\u016blo visk\u0105, ko galima tik\u0117tis i\u0161 geros draskykl\u0117s. Produktas yra vidutinio auk\u0161\u010dio \u2013 131 cm, ilgis 58 cm, plotis 45 cm. Tikslesni matmenys pateikti nuotraukoje. \u0160is medis tinka ka\u010diukams, vyresn\u0117ms ir net sunkioms kat\u0117ms. Pagrindo plok\u0161t\u0117 patvari ir tvirta, o stulpai stori ir visi\u0161kai dengti nat\u016braliu draskomu sizaliu. Miegamosios vietos itin erdvios \u2013 jokio ank\u0161tumo! Tikra prabanga! Produkto svoris be pakuot\u0117s 26,6 kg, o su pakuote 28,6 kg. D\u0117\u017e\u0117s matmenys: 60 \u00d7 47 \u00d7 42 cm. Mes parduodame PetRebels kokybi\u0161kus produktus, nes patys esame \u012fsitikin\u0119 j\u0173 privalumais. Jie tarnauja bent du kartus ilgiau nei pig\u016bs kin\u0173 gaminiai ir suteikia daug daugiau stabilumo bei estetikos. Kat\u0117ms suteikia pasitik\u0117jim\u0105 ir saugum\u0105 \u2013 nebereikia bijoti, kad medis nugrius kartu su \u0161okin\u0117jan\u010dia kate. Taip tiesiog nenutiks! Jei reikia patarimo renkantis draskykl\u0119, susisiekite su mumis \u2013 mielai pad\u0117sime!\" \/>\n<meta property=\"og:url\" content=\"https:\/\/miumjau.ee\/lt\/produktas\/draskykle-petrebels-parklane-131-kremine\/\" \/>\n<meta property=\"og:site_name\" content=\"MiuMjau\" \/>\n<meta property=\"article:publisher\" content=\"https:\/\/www.facebook.com\/miumjaupood\/\" \/>\n<meta property=\"article:modified_time\" content=\"2026-01-07T18:55:42+00:00\" \/>\n<meta property=\"og:image\" content=\"https:\/\/miumjau.ee\/wp-content\/uploads\/2023\/08\/Parklane131-kraapimispuu1.jpg\" \/>\n\t<meta property=\"og:image:width\" content=\"600\" \/>\n\t<meta property=\"og:image:height\" content=\"800\" \/>\n\t<meta property=\"og:image:type\" content=\"image\/jpeg\" \/>\n<meta name=\"twitter:card\" content=\"summary_large_image\" \/>\n<script type=\"application\/ld+json\" class=\"yoast-schema-graph\">{\"@context\":\"https:\/\/schema.org\",\"@graph\":[{\"@type\":\"WebPage\",\"@id\":\"https:\/\/miumjau.ee\/lt\/produktas\/draskykle-petrebels-parklane-131-kremine\/\",\"url\":\"https:\/\/miumjau.ee\/lt\/produktas\/draskykle-petrebels-parklane-131-kremine\/\",\"name\":\"Draskykl\u0117 Petrebels Parklane 131, kremin\u0117 - MiuMjau\",\"isPartOf\":{\"@id\":\"https:\/\/miumjau.ee\/#website\"},\"primaryImageOfPage\":{\"@id\":\"https:\/\/miumjau.ee\/lt\/produktas\/draskykle-petrebels-parklane-131-kremine\/#primaryimage\"},\"image\":{\"@id\":\"https:\/\/miumjau.ee\/lt\/produktas\/draskykle-petrebels-parklane-131-kremine\/#primaryimage\"},\"thumbnailUrl\":\"https:\/\/miumjau.ee\/wp-content\/uploads\/2023\/08\/Parklane131-kraapimispuu1.jpg\",\"datePublished\":\"2023-08-31T09:48:03+00:00\",\"dateModified\":\"2026-01-07T18:55:42+00:00\",\"breadcrumb\":{\"@id\":\"https:\/\/miumjau.ee\/lt\/produktas\/draskykle-petrebels-parklane-131-kremine\/#breadcrumb\"},\"inLanguage\":\"lt-LT\",\"potentialAction\":[{\"@type\":\"ReadAction\",\"target\":[\"https:\/\/miumjau.ee\/lt\/produktas\/draskykle-petrebels-parklane-131-kremine\/\"]}]},{\"@type\":\"ImageObject\",\"inLanguage\":\"lt-LT\",\"@id\":\"https:\/\/miumjau.ee\/lt\/produktas\/draskykle-petrebels-parklane-131-kremine\/#primaryimage\",\"url\":\"https:\/\/miumjau.ee\/wp-content\/uploads\/2023\/08\/Parklane131-kraapimispuu1.jpg\",\"contentUrl\":\"https:\/\/miumjau.ee\/wp-content\/uploads\/2023\/08\/Parklane131-kraapimispuu1.jpg\",\"width\":600,\"height\":800,\"caption\":\"Kassi kraapimispuu Parklane 131, PETREBELS\"},{\"@type\":\"BreadcrumbList\",\"@id\":\"https:\/\/miumjau.ee\/lt\/produktas\/draskykle-petrebels-parklane-131-kremine\/#breadcrumb\",\"itemListElement\":[{\"@type\":\"ListItem\",\"position\":1,\"name\":\"Home\",\"item\":\"https:\/\/miumjau.ee\/lt\/\"},{\"@type\":\"ListItem\",\"position\":2,\"name\":\"Parduotuv\u0117\",\"item\":\"https:\/\/miumjau.ee\/lt\/parduotuve\/\"},{\"@type\":\"ListItem\",\"position\":3,\"name\":\"Draskykl\u0117 Petrebels Parklane 131, kremin\u0117\"}]},{\"@type\":\"WebSite\",\"@id\":\"https:\/\/miumjau.ee\/#website\",\"url\":\"https:\/\/miumjau.ee\/\",\"name\":\"MiuMjau\",\"description\":\"Kraapimispuud kassidele\",\"publisher\":{\"@id\":\"https:\/\/miumjau.ee\/#organization\"},\"potentialAction\":[{\"@type\":\"SearchAction\",\"target\":{\"@type\":\"EntryPoint\",\"urlTemplate\":\"https:\/\/miumjau.ee\/?s={search_term_string}\"},\"query-input\":{\"@type\":\"PropertyValueSpecification\",\"valueRequired\":true,\"valueName\":\"search_term_string\"}}],\"inLanguage\":\"lt-LT\"},{\"@type\":\"Organization\",\"@id\":\"https:\/\/miumjau.ee\/#organization\",\"name\":\"MiuMjau O\u00dc\",\"url\":\"https:\/\/miumjau.ee\/\",\"logo\":{\"@type\":\"ImageObject\",\"inLanguage\":\"lt-LT\",\"@id\":\"https:\/\/miumjau.ee\/#\/schema\/logo\/image\/\",\"url\":\"https:\/\/miumjau.ee\/wp-content\/uploads\/2022\/04\/MiuMjau-logo-kollane.png\",\"contentUrl\":\"https:\/\/miumjau.ee\/wp-content\/uploads\/2022\/04\/MiuMjau-logo-kollane.png\",\"width\":219,\"height\":100,\"caption\":\"MiuMjau O\u00dc\"},\"image\":{\"@id\":\"https:\/\/miumjau.ee\/#\/schema\/logo\/image\/\"},\"sameAs\":[\"https:\/\/www.facebook.com\/miumjaupood\/\"]}]}<\/script>\n<!-- \/ Yoast SEO plugin. -->","yoast_head_json":{"title":"Draskykl\u0117 Petrebels Parklane 131, kremin\u0117 - MiuMjau","robots":{"index":"index","follow":"follow","max-snippet":"max-snippet:-1","max-image-preview":"max-image-preview:large","max-video-preview":"max-video-preview:-1"},"canonical":"https:\/\/miumjau.ee\/lt\/produktas\/draskykle-petrebels-parklane-131-kremine\/","og_locale":"lt_LT","og_type":"article","og_title":"Draskykl\u0117 Petrebels Parklane 131, kremin\u0117 - MiuMjau","og_description":"Draskykl\u0117 Parklane 131 i\u0161 Olandijos kokyb\u0117s prek\u0117s \u017eenklo PetRebels si\u016blo visk\u0105, ko galima tik\u0117tis i\u0161 geros draskykl\u0117s. Produktas yra vidutinio auk\u0161\u010dio \u2013 131 cm, ilgis 58 cm, plotis 45 cm. Tikslesni matmenys pateikti nuotraukoje. \u0160is medis tinka ka\u010diukams, vyresn\u0117ms ir net sunkioms kat\u0117ms. Pagrindo plok\u0161t\u0117 patvari ir tvirta, o stulpai stori ir visi\u0161kai dengti nat\u016braliu draskomu sizaliu. Miegamosios vietos itin erdvios \u2013 jokio ank\u0161tumo! Tikra prabanga! Produkto svoris be pakuot\u0117s 26,6 kg, o su pakuote 28,6 kg. D\u0117\u017e\u0117s matmenys: 60 \u00d7 47 \u00d7 42 cm. Mes parduodame PetRebels kokybi\u0161kus produktus, nes patys esame \u012fsitikin\u0119 j\u0173 privalumais. Jie tarnauja bent du kartus ilgiau nei pig\u016bs kin\u0173 gaminiai ir suteikia daug daugiau stabilumo bei estetikos. Kat\u0117ms suteikia pasitik\u0117jim\u0105 ir saugum\u0105 \u2013 nebereikia bijoti, kad medis nugrius kartu su \u0161okin\u0117jan\u010dia kate. Taip tiesiog nenutiks! Jei reikia patarimo renkantis draskykl\u0119, susisiekite su mumis \u2013 mielai pad\u0117sime!","og_url":"https:\/\/miumjau.ee\/lt\/produktas\/draskykle-petrebels-parklane-131-kremine\/","og_site_name":"MiuMjau","article_publisher":"https:\/\/www.facebook.com\/miumjaupood\/","article_modified_time":"2026-01-07T18:55:42+00:00","og_image":[{"width":600,"height":800,"url":"https:\/\/miumjau.ee\/wp-content\/uploads\/2023\/08\/Parklane131-kraapimispuu1.jpg","type":"image\/jpeg"}],"twitter_card":"summary_large_image","schema":{"@context":"https:\/\/schema.org","@graph":[{"@type":"WebPage","@id":"https:\/\/miumjau.ee\/lt\/produktas\/draskykle-petrebels-parklane-131-kremine\/","url":"https:\/\/miumjau.ee\/lt\/produktas\/draskykle-petrebels-parklane-131-kremine\/","name":"Draskykl\u0117 Petrebels Parklane 131, kremin\u0117 - MiuMjau","isPartOf":{"@id":"https:\/\/miumjau.ee\/#website"},"primaryImageOfPage":{"@id":"https:\/\/miumjau.ee\/lt\/produktas\/draskykle-petrebels-parklane-131-kremine\/#primaryimage"},"image":{"@id":"https:\/\/miumjau.ee\/lt\/produktas\/draskykle-petrebels-parklane-131-kremine\/#primaryimage"},"thumbnailUrl":"https:\/\/miumjau.ee\/wp-content\/uploads\/2023\/08\/Parklane131-kraapimispuu1.jpg","datePublished":"2023-08-31T09:48:03+00:00","dateModified":"2026-01-07T18:55:42+00:00","breadcrumb":{"@id":"https:\/\/miumjau.ee\/lt\/produktas\/draskykle-petrebels-parklane-131-kremine\/#breadcrumb"},"inLanguage":"lt-LT","potentialAction":[{"@type":"ReadAction","target":["https:\/\/miumjau.ee\/lt\/produktas\/draskykle-petrebels-parklane-131-kremine\/"]}]},{"@type":"ImageObject","inLanguage":"lt-LT","@id":"https:\/\/miumjau.ee\/lt\/produktas\/draskykle-petrebels-parklane-131-kremine\/#primaryimage","url":"https:\/\/miumjau.ee\/wp-content\/uploads\/2023\/08\/Parklane131-kraapimispuu1.jpg","contentUrl":"https:\/\/miumjau.ee\/wp-content\/uploads\/2023\/08\/Parklane131-kraapimispuu1.jpg","width":600,"height":800,"caption":"Kassi kraapimispuu Parklane 131, PETREBELS"},{"@type":"BreadcrumbList","@id":"https:\/\/miumjau.ee\/lt\/produktas\/draskykle-petrebels-parklane-131-kremine\/#breadcrumb","itemListElement":[{"@type":"ListItem","position":1,"name":"Home","item":"https:\/\/miumjau.ee\/lt\/"},{"@type":"ListItem","position":2,"name":"Parduotuv\u0117","item":"https:\/\/miumjau.ee\/lt\/parduotuve\/"},{"@type":"ListItem","position":3,"name":"Draskykl\u0117 Petrebels Parklane 131, kremin\u0117"}]},{"@type":"WebSite","@id":"https:\/\/miumjau.ee\/#website","url":"https:\/\/miumjau.ee\/","name":"MiuMjau","description":"Kraapimispuud kassidele","publisher":{"@id":"https:\/\/miumjau.ee\/#organization"},"potentialAction":[{"@type":"SearchAction","target":{"@type":"EntryPoint","urlTemplate":"https:\/\/miumjau.ee\/?s={search_term_string}"},"query-input":{"@type":"PropertyValueSpecification","valueRequired":true,"valueName":"search_term_string"}}],"inLanguage":"lt-LT"},{"@type":"Organization","@id":"https:\/\/miumjau.ee\/#organization","name":"MiuMjau O\u00dc","url":"https:\/\/miumjau.ee\/","logo":{"@type":"ImageObject","inLanguage":"lt-LT","@id":"https:\/\/miumjau.ee\/#\/schema\/logo\/image\/","url":"https:\/\/miumjau.ee\/wp-content\/uploads\/2022\/04\/MiuMjau-logo-kollane.png","contentUrl":"https:\/\/miumjau.ee\/wp-content\/uploads\/2022\/04\/MiuMjau-logo-kollane.png","width":219,"height":100,"caption":"MiuMjau O\u00dc"},"image":{"@id":"https:\/\/miumjau.ee\/#\/schema\/logo\/image\/"},"sameAs":["https:\/\/www.facebook.com\/miumjaupood\/"]}]}},"_links":{"self":[{"href":"https:\/\/miumjau.ee\/lt\/wp-json\/wp\/v2\/product\/41008","targetHints":{"allow":["GET"]}}],"collection":[{"href":"https:\/\/miumjau.ee\/lt\/wp-json\/wp\/v2\/product"}],"about":[{"href":"https:\/\/miumjau.ee\/lt\/wp-json\/wp\/v2\/types\/product"}],"wp:featuredmedia":[{"embeddable":true,"href":"https:\/\/miumjau.ee\/lt\/wp-json\/wp\/v2\/media\/41706"}],"wp:attachment":[{"href":"https:\/\/miumjau.ee\/lt\/wp-json\/wp\/v2\/media?parent=41008"}],"wp:term":[{"taxonomy":"product_brand","embeddable":true,"href":"https:\/\/miumjau.ee\/lt\/wp-json\/wp\/v2\/product_brand?post=41008"},{"taxonomy":"product_cat","embeddable":true,"href":"https:\/\/miumjau.ee\/lt\/wp-json\/wp\/v2\/product_cat?post=41008"},{"taxonomy":"product_tag","embeddable":true,"href":"https:\/\/miumjau.ee\/lt\/wp-json\/wp\/v2\/product_tag?post=41008"}],"curies":[{"name":"wp","href":"https:\/\/api.w.org\/{rel}","templated":true}]}}