{"id":41006,"date":"2023-07-28T19:53:24","date_gmt":"2023-07-28T16:53:24","guid":{"rendered":"https:\/\/miumjau.ee\/toode\/draskykle-petrebels-alexis-224-kremine\/"},"modified":"2026-01-07T20:55:49","modified_gmt":"2026-01-07T18:55:49","slug":"draskykle-petrebels-alexis-224-kremine","status":"publish","type":"product","link":"https:\/\/miumjau.ee\/lt\/produktas\/draskykle-petrebels-alexis-224-kremine\/","title":{"rendered":"Draskykl\u0117 Petrebels Alexis 224, kremin\u0117"},"content":{"rendered":"","protected":false},"excerpt":{"rendered":"<p>Draskymo stulpas Alexis 224<\/p>\n<p>Kiek poilsio ir laipiojimo viet\u0173 suskai\u010diuoji? Mes matome net septynias! Keturi erdv\u016bs paviljonai, du puik\u016bs gultai ir itin prabangus gultas vir\u0161uje. \u0160is itin auk\u0161tas draskymo stulpas \u2013 tikras d\u017eiaugsmas aktyvioms ir smalsioms kat\u0117ms. Norint pasiekti vir\u0161\u0173, reikia truput\u012f pasilyp\u0117ti draskymo stulpais. Sunku? Kiekviena platforma padengta \u0161velniu pliu\u0161u, kad b\u016bt\u0173 galima pails\u0117ti.<\/p>\n<ul>\n<li>Spalva \u2013 kremas<\/li>\n<li>Matmenys \u2013 ilgis 45 cm, plotis 35 cm, auk\u0161tis 224 cm<\/li>\n<li>Ypa\u010d stora baz\u0117 \u2013 labai stabilu<\/li>\n<li>Tinka vis\u0173 tip\u0173 kat\u0117ms<\/li>\n<li>Vir\u0161uje esantis gultas ir du mieli hamakai<\/li>\n<li>Draskykl\u0117 tvirtinama prie sienos var\u017etais.<\/li>\n<\/ul>\n<p>Draskykl\u0117 skirta vis\u0173 svorio kategorij\u0173 ir \u016bgio kat\u0117ms. Tinka ir patinams Maine Coon.<br \/>\nProduktas supakuotas \u012f 1 d\u0117\u017e\u0119, bendras svoris 22 kg<br \/>\nGrynasis svoris (be pakuot\u0117s) 20,8 kg<\/p>\n<p>Turime vietoje!<br \/>\nGamintojas PetRebels, olandi\u0161ka kokyb\u0117. Itin kokybi\u0161kos ir patogios ka\u010di\u0173 draskykl\u0117s, kurios tarnauja daugel\u012f met\u0173 ir puo\u0161ia j\u016bs\u0173 namus. J\u016bs\u0173 kat\u0117 bus d\u0117kinga!<\/p>\n","protected":false},"featured_media":41698,"template":"","meta":[],"product_brand":[],"product_cat":[513,524],"product_tag":[],"class_list":{"0":"post-41006","1":"product","2":"type-product","3":"status-publish","4":"has-post-thumbnail","6":"product_cat-vidutinio-dydzio-draskymo-medziai-petrebels","7":"product_cat-kaup24-lt","9":"first","10":"instock","11":"taxable","12":"shipping-taxable","13":"purchasable","14":"product-type-simple"},"yoast_head":"<!-- This site is optimized with the Yoast SEO plugin v27.2 - https:\/\/yoast.com\/product\/yoast-seo-wordpress\/ -->\n<title>Draskykl\u0117 Petrebels Alexis 224, kremin\u0117 - MiuMjau<\/title>\n<meta name=\"robots\" content=\"index, follow, max-snippet:-1, max-image-preview:large, max-video-preview:-1\" \/>\n<link rel=\"canonical\" href=\"https:\/\/miumjau.ee\/lt\/produktas\/draskykle-petrebels-alexis-224-kremine\/\" \/>\n<meta property=\"og:locale\" content=\"lt_LT\" \/>\n<meta property=\"og:type\" content=\"article\" \/>\n<meta property=\"og:title\" content=\"Draskykl\u0117 Petrebels Alexis 224, kremin\u0117 - MiuMjau\" \/>\n<meta property=\"og:description\" content=\"Draskymo stulpas Alexis 224 Kiek poilsio ir laipiojimo viet\u0173 suskai\u010diuoji? Mes matome net septynias! Keturi erdv\u016bs paviljonai, du puik\u016bs gultai ir itin prabangus gultas vir\u0161uje. \u0160is itin auk\u0161tas draskymo stulpas \u2013 tikras d\u017eiaugsmas aktyvioms ir smalsioms kat\u0117ms. Norint pasiekti vir\u0161\u0173, reikia truput\u012f pasilyp\u0117ti draskymo stulpais. Sunku? Kiekviena platforma padengta \u0161velniu pliu\u0161u, kad b\u016bt\u0173 galima pails\u0117ti. Spalva \u2013 kremas Matmenys \u2013 ilgis 45 cm, plotis 35 cm, auk\u0161tis 224 cm Ypa\u010d stora baz\u0117 \u2013 labai stabilu Tinka vis\u0173 tip\u0173 kat\u0117ms Vir\u0161uje esantis gultas ir du mieli hamakai Draskykl\u0117 tvirtinama prie sienos var\u017etais. Draskykl\u0117 skirta vis\u0173 svorio kategorij\u0173 ir \u016bgio kat\u0117ms. Tinka ir patinams Maine Coon. Produktas supakuotas \u012f 1 d\u0117\u017e\u0119, bendras svoris 22 kg Grynasis svoris (be pakuot\u0117s) 20,8 kg Turime vietoje! Gamintojas PetRebels, olandi\u0161ka kokyb\u0117. Itin kokybi\u0161kos ir patogios ka\u010di\u0173 draskykl\u0117s, kurios tarnauja daugel\u012f met\u0173 ir puo\u0161ia j\u016bs\u0173 namus. J\u016bs\u0173 kat\u0117 bus d\u0117kinga!\" \/>\n<meta property=\"og:url\" content=\"https:\/\/miumjau.ee\/lt\/produktas\/draskykle-petrebels-alexis-224-kremine\/\" \/>\n<meta property=\"og:site_name\" content=\"MiuMjau\" \/>\n<meta property=\"article:publisher\" content=\"https:\/\/www.facebook.com\/miumjaupood\/\" \/>\n<meta property=\"article:modified_time\" content=\"2026-01-07T18:55:49+00:00\" \/>\n<meta property=\"og:image\" content=\"https:\/\/miumjau.ee\/wp-content\/uploads\/2023\/07\/alexis-224-kreem-kassi-kraapimispuu-1.jpg\" \/>\n\t<meta property=\"og:image:width\" content=\"600\" \/>\n\t<meta property=\"og:image:height\" content=\"800\" \/>\n\t<meta property=\"og:image:type\" content=\"image\/jpeg\" \/>\n<meta name=\"twitter:card\" content=\"summary_large_image\" \/>\n<script type=\"application\/ld+json\" class=\"yoast-schema-graph\">{\"@context\":\"https:\/\/schema.org\",\"@graph\":[{\"@type\":\"WebPage\",\"@id\":\"https:\/\/miumjau.ee\/lt\/produktas\/draskykle-petrebels-alexis-224-kremine\/\",\"url\":\"https:\/\/miumjau.ee\/lt\/produktas\/draskykle-petrebels-alexis-224-kremine\/\",\"name\":\"Draskykl\u0117 Petrebels Alexis 224, kremin\u0117 - MiuMjau\",\"isPartOf\":{\"@id\":\"https:\/\/miumjau.ee\/#website\"},\"primaryImageOfPage\":{\"@id\":\"https:\/\/miumjau.ee\/lt\/produktas\/draskykle-petrebels-alexis-224-kremine\/#primaryimage\"},\"image\":{\"@id\":\"https:\/\/miumjau.ee\/lt\/produktas\/draskykle-petrebels-alexis-224-kremine\/#primaryimage\"},\"thumbnailUrl\":\"https:\/\/miumjau.ee\/wp-content\/uploads\/2023\/07\/alexis-224-kreem-kassi-kraapimispuu-1.jpg\",\"datePublished\":\"2023-07-28T16:53:24+00:00\",\"dateModified\":\"2026-01-07T18:55:49+00:00\",\"breadcrumb\":{\"@id\":\"https:\/\/miumjau.ee\/lt\/produktas\/draskykle-petrebels-alexis-224-kremine\/#breadcrumb\"},\"inLanguage\":\"lt-LT\",\"potentialAction\":[{\"@type\":\"ReadAction\",\"target\":[\"https:\/\/miumjau.ee\/lt\/produktas\/draskykle-petrebels-alexis-224-kremine\/\"]}]},{\"@type\":\"ImageObject\",\"inLanguage\":\"lt-LT\",\"@id\":\"https:\/\/miumjau.ee\/lt\/produktas\/draskykle-petrebels-alexis-224-kremine\/#primaryimage\",\"url\":\"https:\/\/miumjau.ee\/wp-content\/uploads\/2023\/07\/alexis-224-kreem-kassi-kraapimispuu-1.jpg\",\"contentUrl\":\"https:\/\/miumjau.ee\/wp-content\/uploads\/2023\/07\/alexis-224-kreem-kassi-kraapimispuu-1.jpg\",\"width\":600,\"height\":800,\"caption\":\"alexis 224 Petrebels kassi kraapimispost\"},{\"@type\":\"BreadcrumbList\",\"@id\":\"https:\/\/miumjau.ee\/lt\/produktas\/draskykle-petrebels-alexis-224-kremine\/#breadcrumb\",\"itemListElement\":[{\"@type\":\"ListItem\",\"position\":1,\"name\":\"Home\",\"item\":\"https:\/\/miumjau.ee\/lt\/\"},{\"@type\":\"ListItem\",\"position\":2,\"name\":\"Parduotuv\u0117\",\"item\":\"https:\/\/miumjau.ee\/lt\/parduotuve\/\"},{\"@type\":\"ListItem\",\"position\":3,\"name\":\"Draskykl\u0117 Petrebels Alexis 224, kremin\u0117\"}]},{\"@type\":\"WebSite\",\"@id\":\"https:\/\/miumjau.ee\/#website\",\"url\":\"https:\/\/miumjau.ee\/\",\"name\":\"MiuMjau\",\"description\":\"Kraapimispuud kassidele\",\"publisher\":{\"@id\":\"https:\/\/miumjau.ee\/#organization\"},\"potentialAction\":[{\"@type\":\"SearchAction\",\"target\":{\"@type\":\"EntryPoint\",\"urlTemplate\":\"https:\/\/miumjau.ee\/?s={search_term_string}\"},\"query-input\":{\"@type\":\"PropertyValueSpecification\",\"valueRequired\":true,\"valueName\":\"search_term_string\"}}],\"inLanguage\":\"lt-LT\"},{\"@type\":\"Organization\",\"@id\":\"https:\/\/miumjau.ee\/#organization\",\"name\":\"MiuMjau O\u00dc\",\"url\":\"https:\/\/miumjau.ee\/\",\"logo\":{\"@type\":\"ImageObject\",\"inLanguage\":\"lt-LT\",\"@id\":\"https:\/\/miumjau.ee\/#\/schema\/logo\/image\/\",\"url\":\"https:\/\/miumjau.ee\/wp-content\/uploads\/2022\/04\/MiuMjau-logo-kollane.png\",\"contentUrl\":\"https:\/\/miumjau.ee\/wp-content\/uploads\/2022\/04\/MiuMjau-logo-kollane.png\",\"width\":219,\"height\":100,\"caption\":\"MiuMjau O\u00dc\"},\"image\":{\"@id\":\"https:\/\/miumjau.ee\/#\/schema\/logo\/image\/\"},\"sameAs\":[\"https:\/\/www.facebook.com\/miumjaupood\/\"]}]}<\/script>\n<!-- \/ Yoast SEO plugin. -->","yoast_head_json":{"title":"Draskykl\u0117 Petrebels Alexis 224, kremin\u0117 - MiuMjau","robots":{"index":"index","follow":"follow","max-snippet":"max-snippet:-1","max-image-preview":"max-image-preview:large","max-video-preview":"max-video-preview:-1"},"canonical":"https:\/\/miumjau.ee\/lt\/produktas\/draskykle-petrebels-alexis-224-kremine\/","og_locale":"lt_LT","og_type":"article","og_title":"Draskykl\u0117 Petrebels Alexis 224, kremin\u0117 - MiuMjau","og_description":"Draskymo stulpas Alexis 224 Kiek poilsio ir laipiojimo viet\u0173 suskai\u010diuoji? Mes matome net septynias! Keturi erdv\u016bs paviljonai, du puik\u016bs gultai ir itin prabangus gultas vir\u0161uje. \u0160is itin auk\u0161tas draskymo stulpas \u2013 tikras d\u017eiaugsmas aktyvioms ir smalsioms kat\u0117ms. Norint pasiekti vir\u0161\u0173, reikia truput\u012f pasilyp\u0117ti draskymo stulpais. Sunku? Kiekviena platforma padengta \u0161velniu pliu\u0161u, kad b\u016bt\u0173 galima pails\u0117ti. Spalva \u2013 kremas Matmenys \u2013 ilgis 45 cm, plotis 35 cm, auk\u0161tis 224 cm Ypa\u010d stora baz\u0117 \u2013 labai stabilu Tinka vis\u0173 tip\u0173 kat\u0117ms Vir\u0161uje esantis gultas ir du mieli hamakai Draskykl\u0117 tvirtinama prie sienos var\u017etais. Draskykl\u0117 skirta vis\u0173 svorio kategorij\u0173 ir \u016bgio kat\u0117ms. Tinka ir patinams Maine Coon. Produktas supakuotas \u012f 1 d\u0117\u017e\u0119, bendras svoris 22 kg Grynasis svoris (be pakuot\u0117s) 20,8 kg Turime vietoje! Gamintojas PetRebels, olandi\u0161ka kokyb\u0117. Itin kokybi\u0161kos ir patogios ka\u010di\u0173 draskykl\u0117s, kurios tarnauja daugel\u012f met\u0173 ir puo\u0161ia j\u016bs\u0173 namus. J\u016bs\u0173 kat\u0117 bus d\u0117kinga!","og_url":"https:\/\/miumjau.ee\/lt\/produktas\/draskykle-petrebels-alexis-224-kremine\/","og_site_name":"MiuMjau","article_publisher":"https:\/\/www.facebook.com\/miumjaupood\/","article_modified_time":"2026-01-07T18:55:49+00:00","og_image":[{"width":600,"height":800,"url":"https:\/\/miumjau.ee\/wp-content\/uploads\/2023\/07\/alexis-224-kreem-kassi-kraapimispuu-1.jpg","type":"image\/jpeg"}],"twitter_card":"summary_large_image","schema":{"@context":"https:\/\/schema.org","@graph":[{"@type":"WebPage","@id":"https:\/\/miumjau.ee\/lt\/produktas\/draskykle-petrebels-alexis-224-kremine\/","url":"https:\/\/miumjau.ee\/lt\/produktas\/draskykle-petrebels-alexis-224-kremine\/","name":"Draskykl\u0117 Petrebels Alexis 224, kremin\u0117 - MiuMjau","isPartOf":{"@id":"https:\/\/miumjau.ee\/#website"},"primaryImageOfPage":{"@id":"https:\/\/miumjau.ee\/lt\/produktas\/draskykle-petrebels-alexis-224-kremine\/#primaryimage"},"image":{"@id":"https:\/\/miumjau.ee\/lt\/produktas\/draskykle-petrebels-alexis-224-kremine\/#primaryimage"},"thumbnailUrl":"https:\/\/miumjau.ee\/wp-content\/uploads\/2023\/07\/alexis-224-kreem-kassi-kraapimispuu-1.jpg","datePublished":"2023-07-28T16:53:24+00:00","dateModified":"2026-01-07T18:55:49+00:00","breadcrumb":{"@id":"https:\/\/miumjau.ee\/lt\/produktas\/draskykle-petrebels-alexis-224-kremine\/#breadcrumb"},"inLanguage":"lt-LT","potentialAction":[{"@type":"ReadAction","target":["https:\/\/miumjau.ee\/lt\/produktas\/draskykle-petrebels-alexis-224-kremine\/"]}]},{"@type":"ImageObject","inLanguage":"lt-LT","@id":"https:\/\/miumjau.ee\/lt\/produktas\/draskykle-petrebels-alexis-224-kremine\/#primaryimage","url":"https:\/\/miumjau.ee\/wp-content\/uploads\/2023\/07\/alexis-224-kreem-kassi-kraapimispuu-1.jpg","contentUrl":"https:\/\/miumjau.ee\/wp-content\/uploads\/2023\/07\/alexis-224-kreem-kassi-kraapimispuu-1.jpg","width":600,"height":800,"caption":"alexis 224 Petrebels kassi kraapimispost"},{"@type":"BreadcrumbList","@id":"https:\/\/miumjau.ee\/lt\/produktas\/draskykle-petrebels-alexis-224-kremine\/#breadcrumb","itemListElement":[{"@type":"ListItem","position":1,"name":"Home","item":"https:\/\/miumjau.ee\/lt\/"},{"@type":"ListItem","position":2,"name":"Parduotuv\u0117","item":"https:\/\/miumjau.ee\/lt\/parduotuve\/"},{"@type":"ListItem","position":3,"name":"Draskykl\u0117 Petrebels Alexis 224, kremin\u0117"}]},{"@type":"WebSite","@id":"https:\/\/miumjau.ee\/#website","url":"https:\/\/miumjau.ee\/","name":"MiuMjau","description":"Kraapimispuud kassidele","publisher":{"@id":"https:\/\/miumjau.ee\/#organization"},"potentialAction":[{"@type":"SearchAction","target":{"@type":"EntryPoint","urlTemplate":"https:\/\/miumjau.ee\/?s={search_term_string}"},"query-input":{"@type":"PropertyValueSpecification","valueRequired":true,"valueName":"search_term_string"}}],"inLanguage":"lt-LT"},{"@type":"Organization","@id":"https:\/\/miumjau.ee\/#organization","name":"MiuMjau O\u00dc","url":"https:\/\/miumjau.ee\/","logo":{"@type":"ImageObject","inLanguage":"lt-LT","@id":"https:\/\/miumjau.ee\/#\/schema\/logo\/image\/","url":"https:\/\/miumjau.ee\/wp-content\/uploads\/2022\/04\/MiuMjau-logo-kollane.png","contentUrl":"https:\/\/miumjau.ee\/wp-content\/uploads\/2022\/04\/MiuMjau-logo-kollane.png","width":219,"height":100,"caption":"MiuMjau O\u00dc"},"image":{"@id":"https:\/\/miumjau.ee\/#\/schema\/logo\/image\/"},"sameAs":["https:\/\/www.facebook.com\/miumjaupood\/"]}]}},"_links":{"self":[{"href":"https:\/\/miumjau.ee\/lt\/wp-json\/wp\/v2\/product\/41006","targetHints":{"allow":["GET"]}}],"collection":[{"href":"https:\/\/miumjau.ee\/lt\/wp-json\/wp\/v2\/product"}],"about":[{"href":"https:\/\/miumjau.ee\/lt\/wp-json\/wp\/v2\/types\/product"}],"wp:featuredmedia":[{"embeddable":true,"href":"https:\/\/miumjau.ee\/lt\/wp-json\/wp\/v2\/media\/41698"}],"wp:attachment":[{"href":"https:\/\/miumjau.ee\/lt\/wp-json\/wp\/v2\/media?parent=41006"}],"wp:term":[{"taxonomy":"product_brand","embeddable":true,"href":"https:\/\/miumjau.ee\/lt\/wp-json\/wp\/v2\/product_brand?post=41006"},{"taxonomy":"product_cat","embeddable":true,"href":"https:\/\/miumjau.ee\/lt\/wp-json\/wp\/v2\/product_cat?post=41006"},{"taxonomy":"product_tag","embeddable":true,"href":"https:\/\/miumjau.ee\/lt\/wp-json\/wp\/v2\/product_tag?post=41006"}],"curies":[{"name":"wp","href":"https:\/\/api.w.org\/{rel}","templated":true}]}}