{"id":41000,"date":"2023-07-28T18:50:23","date_gmt":"2023-07-28T15:50:23","guid":{"rendered":"https:\/\/miumjau.ee\/toode\/draskykle-petrebels-superdome-100-pipirine\/"},"modified":"2026-01-07T20:55:49","modified_gmt":"2026-01-07T18:55:49","slug":"draskykle-petrebels-superdome-100-pipirine","status":"publish","type":"product","link":"https:\/\/miumjau.ee\/lt\/produktas\/draskykle-petrebels-superdome-100-pipirine\/","title":{"rendered":"Draskykl\u0117 Petrebels Superdome 100, pipirin\u0117"},"content":{"rendered":"","protected":false},"excerpt":{"rendered":"<p>Prabangi draskykl\u0117<\/p>\n<p>Tai ne \u0161iaip dar vienas ka\u010di\u0173 namelis. Ne, tai m\u016bs\u0173 Superdome 100. \u0160i draskykl\u0117 padengta ypa\u010d tvirtu sizalio kilimu ir turi papildomai plat\u0173 skersmen\u012f. \u012e\u0117jimai taip pat platesni, kad kiekviena kat\u0117 lengvai pasiekt\u0173 savo mink\u0161t\u0105 poilsio viet\u0105. Tiek ma\u017eesn\u0117s kat\u0117s, tiek vyresn\u0117s. O prabangi \u017eaidim\u0173 virv\u0117 suteikia dar daugiau linksmybi\u0173 j\u016bs\u0173 mai\u0161tingoms kat\u0117ms. Kod\u0117l pavadinimas Superdome? Nes tai vienas stabiliausi\u0173 draskymo vamzd\u017ei\u0173, kokius galima rasti.<\/p>\n<ul>\n<li>Spalvos \u2013 antracito pliu\u0161as ir juodas sizalio kilimas<\/li>\n<li>Matmenys \u2013 skersmuo 49 cm, auk\u0161tis 98 cm<\/li>\n<li>Tinka visoms ka\u010di\u0173 veisl\u0117ms, \u012fskaitant dideles ir sunkias veisles<\/li>\n<li>Pridedami du skalbiami pagalv\u0117l\u0117s<\/li>\n<li>Stilingas dizainas ir puikus ton\u0173 derinys.<\/li>\n<\/ul>\n<p>Draskykl\u0117 skirta vis\u0173 svorio kategorij\u0173 ir \u016bgio kat\u0117ms. Tinka ir patinams Maine Coon.<br \/>\nProduktas supakuotas \u012f 1 d\u0117\u017e\u0119, bendras svoris 20 kg<br \/>\nGrynasis svoris (be pakuot\u0117s) 18,7 kg<\/p>\n<p>Turime vietoje!<br \/>\nGamintojas PetRebels, olandi\u0161ka kokyb\u0117. Itin kokybi\u0161kos ir patogios ka\u010di\u0173 draskykl\u0117s, kurios tarnauja daugel\u012f met\u0173 ir puo\u0161ia j\u016bs\u0173 namus. J\u016bs\u0173 kat\u0117 bus d\u0117kinga!<\/p>\n","protected":false},"featured_media":41650,"template":"","meta":[],"product_brand":[],"product_cat":[514,524],"product_tag":[],"class_list":{"0":"post-41000","1":"product","2":"type-product","3":"status-publish","4":"has-post-thumbnail","6":"product_cat-draskymo-bokstai-petrebels","7":"product_cat-kaup24-lt","8":"product_shipping_class-pakiautomaati-sobimatu-lt","10":"first","11":"instock","12":"taxable","13":"shipping-taxable","14":"purchasable","15":"product-type-simple"},"yoast_head":"<!-- This site is optimized with the Yoast SEO plugin v27.2 - https:\/\/yoast.com\/product\/yoast-seo-wordpress\/ -->\n<title>Draskykl\u0117 Petrebels Superdome 100, pipirin\u0117 - MiuMjau<\/title>\n<meta name=\"robots\" content=\"index, follow, max-snippet:-1, max-image-preview:large, max-video-preview:-1\" \/>\n<link rel=\"canonical\" href=\"https:\/\/miumjau.ee\/lt\/produktas\/draskykle-petrebels-superdome-100-pipirine\/\" \/>\n<meta property=\"og:locale\" content=\"lt_LT\" \/>\n<meta property=\"og:type\" content=\"article\" \/>\n<meta property=\"og:title\" content=\"Draskykl\u0117 Petrebels Superdome 100, pipirin\u0117 - MiuMjau\" \/>\n<meta property=\"og:description\" content=\"Prabangi draskykl\u0117 Tai ne \u0161iaip dar vienas ka\u010di\u0173 namelis. Ne, tai m\u016bs\u0173 Superdome 100. \u0160i draskykl\u0117 padengta ypa\u010d tvirtu sizalio kilimu ir turi papildomai plat\u0173 skersmen\u012f. \u012e\u0117jimai taip pat platesni, kad kiekviena kat\u0117 lengvai pasiekt\u0173 savo mink\u0161t\u0105 poilsio viet\u0105. Tiek ma\u017eesn\u0117s kat\u0117s, tiek vyresn\u0117s. O prabangi \u017eaidim\u0173 virv\u0117 suteikia dar daugiau linksmybi\u0173 j\u016bs\u0173 mai\u0161tingoms kat\u0117ms. Kod\u0117l pavadinimas Superdome? Nes tai vienas stabiliausi\u0173 draskymo vamzd\u017ei\u0173, kokius galima rasti. Spalvos \u2013 antracito pliu\u0161as ir juodas sizalio kilimas Matmenys \u2013 skersmuo 49 cm, auk\u0161tis 98 cm Tinka visoms ka\u010di\u0173 veisl\u0117ms, \u012fskaitant dideles ir sunkias veisles Pridedami du skalbiami pagalv\u0117l\u0117s Stilingas dizainas ir puikus ton\u0173 derinys.  Draskykl\u0117 skirta vis\u0173 svorio kategorij\u0173 ir \u016bgio kat\u0117ms. Tinka ir patinams Maine Coon. Produktas supakuotas \u012f 1 d\u0117\u017e\u0119, bendras svoris 20 kg Grynasis svoris (be pakuot\u0117s) 18,7 kg Turime vietoje! Gamintojas PetRebels, olandi\u0161ka kokyb\u0117. Itin kokybi\u0161kos ir patogios ka\u010di\u0173 draskykl\u0117s, kurios tarnauja daugel\u012f met\u0173 ir puo\u0161ia j\u016bs\u0173 namus. J\u016bs\u0173 kat\u0117 bus d\u0117kinga!\" \/>\n<meta property=\"og:url\" content=\"https:\/\/miumjau.ee\/lt\/produktas\/draskykle-petrebels-superdome-100-pipirine\/\" \/>\n<meta property=\"og:site_name\" content=\"MiuMjau\" \/>\n<meta property=\"article:publisher\" content=\"https:\/\/www.facebook.com\/miumjaupood\/\" \/>\n<meta property=\"article:modified_time\" content=\"2026-01-07T18:55:49+00:00\" \/>\n<meta property=\"og:image\" content=\"https:\/\/miumjau.ee\/wp-content\/uploads\/2023\/07\/Superdome-100-antratsiit-kassi-kraapimispuu-1.jpg\" \/>\n\t<meta property=\"og:image:width\" content=\"600\" \/>\n\t<meta property=\"og:image:height\" content=\"800\" \/>\n\t<meta property=\"og:image:type\" content=\"image\/jpeg\" \/>\n<meta name=\"twitter:card\" content=\"summary_large_image\" \/>\n<script type=\"application\/ld+json\" class=\"yoast-schema-graph\">{\"@context\":\"https:\/\/schema.org\",\"@graph\":[{\"@type\":\"WebPage\",\"@id\":\"https:\/\/miumjau.ee\/lt\/produktas\/draskykle-petrebels-superdome-100-pipirine\/\",\"url\":\"https:\/\/miumjau.ee\/lt\/produktas\/draskykle-petrebels-superdome-100-pipirine\/\",\"name\":\"Draskykl\u0117 Petrebels Superdome 100, pipirin\u0117 - MiuMjau\",\"isPartOf\":{\"@id\":\"https:\/\/miumjau.ee\/#website\"},\"primaryImageOfPage\":{\"@id\":\"https:\/\/miumjau.ee\/lt\/produktas\/draskykle-petrebels-superdome-100-pipirine\/#primaryimage\"},\"image\":{\"@id\":\"https:\/\/miumjau.ee\/lt\/produktas\/draskykle-petrebels-superdome-100-pipirine\/#primaryimage\"},\"thumbnailUrl\":\"https:\/\/miumjau.ee\/wp-content\/uploads\/2023\/07\/Superdome-100-antratsiit-kassi-kraapimispuu-1.jpg\",\"datePublished\":\"2023-07-28T15:50:23+00:00\",\"dateModified\":\"2026-01-07T18:55:49+00:00\",\"breadcrumb\":{\"@id\":\"https:\/\/miumjau.ee\/lt\/produktas\/draskykle-petrebels-superdome-100-pipirine\/#breadcrumb\"},\"inLanguage\":\"lt-LT\",\"potentialAction\":[{\"@type\":\"ReadAction\",\"target\":[\"https:\/\/miumjau.ee\/lt\/produktas\/draskykle-petrebels-superdome-100-pipirine\/\"]}]},{\"@type\":\"ImageObject\",\"inLanguage\":\"lt-LT\",\"@id\":\"https:\/\/miumjau.ee\/lt\/produktas\/draskykle-petrebels-superdome-100-pipirine\/#primaryimage\",\"url\":\"https:\/\/miumjau.ee\/wp-content\/uploads\/2023\/07\/Superdome-100-antratsiit-kassi-kraapimispuu-1.jpg\",\"contentUrl\":\"https:\/\/miumjau.ee\/wp-content\/uploads\/2023\/07\/Superdome-100-antratsiit-kassi-kraapimispuu-1.jpg\",\"width\":600,\"height\":800,\"caption\":\"Superdome 100 Petrebels kassi kraapimispost\"},{\"@type\":\"BreadcrumbList\",\"@id\":\"https:\/\/miumjau.ee\/lt\/produktas\/draskykle-petrebels-superdome-100-pipirine\/#breadcrumb\",\"itemListElement\":[{\"@type\":\"ListItem\",\"position\":1,\"name\":\"Home\",\"item\":\"https:\/\/miumjau.ee\/lt\/\"},{\"@type\":\"ListItem\",\"position\":2,\"name\":\"Parduotuv\u0117\",\"item\":\"https:\/\/miumjau.ee\/lt\/parduotuve\/\"},{\"@type\":\"ListItem\",\"position\":3,\"name\":\"Draskykl\u0117 Petrebels Superdome 100, pipirin\u0117\"}]},{\"@type\":\"WebSite\",\"@id\":\"https:\/\/miumjau.ee\/#website\",\"url\":\"https:\/\/miumjau.ee\/\",\"name\":\"MiuMjau\",\"description\":\"Kraapimispuud kassidele\",\"publisher\":{\"@id\":\"https:\/\/miumjau.ee\/#organization\"},\"potentialAction\":[{\"@type\":\"SearchAction\",\"target\":{\"@type\":\"EntryPoint\",\"urlTemplate\":\"https:\/\/miumjau.ee\/?s={search_term_string}\"},\"query-input\":{\"@type\":\"PropertyValueSpecification\",\"valueRequired\":true,\"valueName\":\"search_term_string\"}}],\"inLanguage\":\"lt-LT\"},{\"@type\":\"Organization\",\"@id\":\"https:\/\/miumjau.ee\/#organization\",\"name\":\"MiuMjau O\u00dc\",\"url\":\"https:\/\/miumjau.ee\/\",\"logo\":{\"@type\":\"ImageObject\",\"inLanguage\":\"lt-LT\",\"@id\":\"https:\/\/miumjau.ee\/#\/schema\/logo\/image\/\",\"url\":\"https:\/\/miumjau.ee\/wp-content\/uploads\/2022\/04\/MiuMjau-logo-kollane.png\",\"contentUrl\":\"https:\/\/miumjau.ee\/wp-content\/uploads\/2022\/04\/MiuMjau-logo-kollane.png\",\"width\":219,\"height\":100,\"caption\":\"MiuMjau O\u00dc\"},\"image\":{\"@id\":\"https:\/\/miumjau.ee\/#\/schema\/logo\/image\/\"},\"sameAs\":[\"https:\/\/www.facebook.com\/miumjaupood\/\"]}]}<\/script>\n<!-- \/ Yoast SEO plugin. -->","yoast_head_json":{"title":"Draskykl\u0117 Petrebels Superdome 100, pipirin\u0117 - MiuMjau","robots":{"index":"index","follow":"follow","max-snippet":"max-snippet:-1","max-image-preview":"max-image-preview:large","max-video-preview":"max-video-preview:-1"},"canonical":"https:\/\/miumjau.ee\/lt\/produktas\/draskykle-petrebels-superdome-100-pipirine\/","og_locale":"lt_LT","og_type":"article","og_title":"Draskykl\u0117 Petrebels Superdome 100, pipirin\u0117 - MiuMjau","og_description":"Prabangi draskykl\u0117 Tai ne \u0161iaip dar vienas ka\u010di\u0173 namelis. Ne, tai m\u016bs\u0173 Superdome 100. \u0160i draskykl\u0117 padengta ypa\u010d tvirtu sizalio kilimu ir turi papildomai plat\u0173 skersmen\u012f. \u012e\u0117jimai taip pat platesni, kad kiekviena kat\u0117 lengvai pasiekt\u0173 savo mink\u0161t\u0105 poilsio viet\u0105. Tiek ma\u017eesn\u0117s kat\u0117s, tiek vyresn\u0117s. O prabangi \u017eaidim\u0173 virv\u0117 suteikia dar daugiau linksmybi\u0173 j\u016bs\u0173 mai\u0161tingoms kat\u0117ms. Kod\u0117l pavadinimas Superdome? Nes tai vienas stabiliausi\u0173 draskymo vamzd\u017ei\u0173, kokius galima rasti. Spalvos \u2013 antracito pliu\u0161as ir juodas sizalio kilimas Matmenys \u2013 skersmuo 49 cm, auk\u0161tis 98 cm Tinka visoms ka\u010di\u0173 veisl\u0117ms, \u012fskaitant dideles ir sunkias veisles Pridedami du skalbiami pagalv\u0117l\u0117s Stilingas dizainas ir puikus ton\u0173 derinys.  Draskykl\u0117 skirta vis\u0173 svorio kategorij\u0173 ir \u016bgio kat\u0117ms. Tinka ir patinams Maine Coon. Produktas supakuotas \u012f 1 d\u0117\u017e\u0119, bendras svoris 20 kg Grynasis svoris (be pakuot\u0117s) 18,7 kg Turime vietoje! Gamintojas PetRebels, olandi\u0161ka kokyb\u0117. Itin kokybi\u0161kos ir patogios ka\u010di\u0173 draskykl\u0117s, kurios tarnauja daugel\u012f met\u0173 ir puo\u0161ia j\u016bs\u0173 namus. J\u016bs\u0173 kat\u0117 bus d\u0117kinga!","og_url":"https:\/\/miumjau.ee\/lt\/produktas\/draskykle-petrebels-superdome-100-pipirine\/","og_site_name":"MiuMjau","article_publisher":"https:\/\/www.facebook.com\/miumjaupood\/","article_modified_time":"2026-01-07T18:55:49+00:00","og_image":[{"width":600,"height":800,"url":"https:\/\/miumjau.ee\/wp-content\/uploads\/2023\/07\/Superdome-100-antratsiit-kassi-kraapimispuu-1.jpg","type":"image\/jpeg"}],"twitter_card":"summary_large_image","schema":{"@context":"https:\/\/schema.org","@graph":[{"@type":"WebPage","@id":"https:\/\/miumjau.ee\/lt\/produktas\/draskykle-petrebels-superdome-100-pipirine\/","url":"https:\/\/miumjau.ee\/lt\/produktas\/draskykle-petrebels-superdome-100-pipirine\/","name":"Draskykl\u0117 Petrebels Superdome 100, pipirin\u0117 - MiuMjau","isPartOf":{"@id":"https:\/\/miumjau.ee\/#website"},"primaryImageOfPage":{"@id":"https:\/\/miumjau.ee\/lt\/produktas\/draskykle-petrebels-superdome-100-pipirine\/#primaryimage"},"image":{"@id":"https:\/\/miumjau.ee\/lt\/produktas\/draskykle-petrebels-superdome-100-pipirine\/#primaryimage"},"thumbnailUrl":"https:\/\/miumjau.ee\/wp-content\/uploads\/2023\/07\/Superdome-100-antratsiit-kassi-kraapimispuu-1.jpg","datePublished":"2023-07-28T15:50:23+00:00","dateModified":"2026-01-07T18:55:49+00:00","breadcrumb":{"@id":"https:\/\/miumjau.ee\/lt\/produktas\/draskykle-petrebels-superdome-100-pipirine\/#breadcrumb"},"inLanguage":"lt-LT","potentialAction":[{"@type":"ReadAction","target":["https:\/\/miumjau.ee\/lt\/produktas\/draskykle-petrebels-superdome-100-pipirine\/"]}]},{"@type":"ImageObject","inLanguage":"lt-LT","@id":"https:\/\/miumjau.ee\/lt\/produktas\/draskykle-petrebels-superdome-100-pipirine\/#primaryimage","url":"https:\/\/miumjau.ee\/wp-content\/uploads\/2023\/07\/Superdome-100-antratsiit-kassi-kraapimispuu-1.jpg","contentUrl":"https:\/\/miumjau.ee\/wp-content\/uploads\/2023\/07\/Superdome-100-antratsiit-kassi-kraapimispuu-1.jpg","width":600,"height":800,"caption":"Superdome 100 Petrebels kassi kraapimispost"},{"@type":"BreadcrumbList","@id":"https:\/\/miumjau.ee\/lt\/produktas\/draskykle-petrebels-superdome-100-pipirine\/#breadcrumb","itemListElement":[{"@type":"ListItem","position":1,"name":"Home","item":"https:\/\/miumjau.ee\/lt\/"},{"@type":"ListItem","position":2,"name":"Parduotuv\u0117","item":"https:\/\/miumjau.ee\/lt\/parduotuve\/"},{"@type":"ListItem","position":3,"name":"Draskykl\u0117 Petrebels Superdome 100, pipirin\u0117"}]},{"@type":"WebSite","@id":"https:\/\/miumjau.ee\/#website","url":"https:\/\/miumjau.ee\/","name":"MiuMjau","description":"Kraapimispuud kassidele","publisher":{"@id":"https:\/\/miumjau.ee\/#organization"},"potentialAction":[{"@type":"SearchAction","target":{"@type":"EntryPoint","urlTemplate":"https:\/\/miumjau.ee\/?s={search_term_string}"},"query-input":{"@type":"PropertyValueSpecification","valueRequired":true,"valueName":"search_term_string"}}],"inLanguage":"lt-LT"},{"@type":"Organization","@id":"https:\/\/miumjau.ee\/#organization","name":"MiuMjau O\u00dc","url":"https:\/\/miumjau.ee\/","logo":{"@type":"ImageObject","inLanguage":"lt-LT","@id":"https:\/\/miumjau.ee\/#\/schema\/logo\/image\/","url":"https:\/\/miumjau.ee\/wp-content\/uploads\/2022\/04\/MiuMjau-logo-kollane.png","contentUrl":"https:\/\/miumjau.ee\/wp-content\/uploads\/2022\/04\/MiuMjau-logo-kollane.png","width":219,"height":100,"caption":"MiuMjau O\u00dc"},"image":{"@id":"https:\/\/miumjau.ee\/#\/schema\/logo\/image\/"},"sameAs":["https:\/\/www.facebook.com\/miumjaupood\/"]}]}},"_links":{"self":[{"href":"https:\/\/miumjau.ee\/lt\/wp-json\/wp\/v2\/product\/41000","targetHints":{"allow":["GET"]}}],"collection":[{"href":"https:\/\/miumjau.ee\/lt\/wp-json\/wp\/v2\/product"}],"about":[{"href":"https:\/\/miumjau.ee\/lt\/wp-json\/wp\/v2\/types\/product"}],"wp:featuredmedia":[{"embeddable":true,"href":"https:\/\/miumjau.ee\/lt\/wp-json\/wp\/v2\/media\/41650"}],"wp:attachment":[{"href":"https:\/\/miumjau.ee\/lt\/wp-json\/wp\/v2\/media?parent=41000"}],"wp:term":[{"taxonomy":"product_brand","embeddable":true,"href":"https:\/\/miumjau.ee\/lt\/wp-json\/wp\/v2\/product_brand?post=41000"},{"taxonomy":"product_cat","embeddable":true,"href":"https:\/\/miumjau.ee\/lt\/wp-json\/wp\/v2\/product_cat?post=41000"},{"taxonomy":"product_tag","embeddable":true,"href":"https:\/\/miumjau.ee\/lt\/wp-json\/wp\/v2\/product_tag?post=41000"}],"curies":[{"name":"wp","href":"https:\/\/api.w.org\/{rel}","templated":true}]}}