{"id":40998,"date":"2023-07-28T18:37:58","date_gmt":"2023-07-28T15:37:58","guid":{"rendered":"https:\/\/miumjau.ee\/toode\/petrebels-draskykle-lookout-198-antracitine\/"},"modified":"2026-01-07T20:55:56","modified_gmt":"2026-01-07T18:55:56","slug":"petrebels-draskykle-lookout-198-antracitine","status":"publish","type":"product","link":"https:\/\/miumjau.ee\/lt\/produktas\/petrebels-draskykle-lookout-198-antracitine\/","title":{"rendered":"Petrebels draskykl\u0117 Lookout 198, antracitin\u0117"},"content":{"rendered":"","protected":false},"excerpt":{"rendered":"<p>\u0160iuolaikin\u0117 draskykl\u0117 su tvirtu, \u201erobusti\u0161ku\u201c dizainu.<\/p>\n<p>Nuotykius m\u0117gstan\u010dios kat\u0117s gal\u0117s pasilepinti draskykle Lookout 198. \u0160ioje draskykl\u0117je \u012fmanoma viskas! Draskyti ypa\u010d storus, 15 cm skersmens stulpus, keliauti per medin\u012f tilt\u0105 ir miegoti vir\u0161utiniame auk\u0161te ar viename i\u0161 dviej\u0173 prabangi\u0173 hamak\u0173. XL poilsio gultas vir\u0161uje skirtas tiems mai\u0161tininkams, kurie m\u0117gsta s\u0117d\u0117ti ar gul\u0117ti auk\u0161tai. J\u016bs\u0173 kat\u0117 maloniai \u010dia knarks, o, \u017einoma, gal\u0117s ir steb\u0117ti, ar sve\u010diais galima pasitik\u0117ti.<\/p>\n<ul>\n<li>Spalvos \u2013 antracito pliu\u0161as ir juodas sizalis<\/li>\n<li>Matmenys \u2013 ilgis 100 cm, plotis 60 cm, auk\u0161tis 198 cm<\/li>\n<li>Komplekte \u017eaidim\u0173 virv\u0117<\/li>\n<li>Du poilsio gultai yra ypa\u010d tvirti<\/li>\n<li>Tinka visoms kat\u0117ms, taip pat didel\u0117ms ir veislin\u0117ms.<\/li>\n<\/ul>\n<p>Draskykl\u0117 skirta naudoti kat\u0117ms vis\u0173 svorio kategorij\u0173 ir \u016bgi\u0173. Tinka ir patinams Maine Coon.<br \/>\nProduktas supakuotas \u012f 3 d\u0117\u017ees, kuri\u0173 bendras svoris 77 kg<br \/>\nGrynasis svoris (be pakuot\u0117s) 75 kg<\/p>\n<p>Turime vietoje!<br \/>\nGamintojas PetRebels, olandi\u0161ka kokyb\u0117. Itin kokybi\u0161kos ir patogios ka\u010di\u0173 draskykl\u0117s, kurios tarnauja daugel\u012f met\u0173 ir puo\u0161ia j\u016bs\u0173 namus. J\u016bs\u0173 kat\u0117 bus d\u0117kinga!<\/p>\n","protected":false},"featured_media":41629,"template":"","meta":[],"product_brand":[],"product_cat":[515,524],"product_tag":[],"class_list":{"0":"post-40998","1":"product","2":"type-product","3":"status-publish","4":"has-post-thumbnail","6":"product_cat-petrebels-produktai-dideliems-katems","7":"product_cat-kaup24-lt","8":"product_shipping_class-pakiautomaati-sobimatu-lt","10":"first","11":"instock","12":"sale","13":"taxable","14":"shipping-taxable","15":"purchasable","16":"product-type-simple"},"yoast_head":"<!-- This site is optimized with the Yoast SEO plugin v27.2 - https:\/\/yoast.com\/product\/yoast-seo-wordpress\/ -->\n<title>Petrebels draskykl\u0117 Lookout 198, antracitin\u0117 - MiuMjau<\/title>\n<meta name=\"robots\" content=\"index, follow, max-snippet:-1, max-image-preview:large, max-video-preview:-1\" \/>\n<link rel=\"canonical\" href=\"https:\/\/miumjau.ee\/lt\/produktas\/petrebels-draskykle-lookout-198-antracitine\/\" \/>\n<meta property=\"og:locale\" content=\"lt_LT\" \/>\n<meta property=\"og:type\" content=\"article\" \/>\n<meta property=\"og:title\" content=\"Petrebels draskykl\u0117 Lookout 198, antracitin\u0117 - MiuMjau\" \/>\n<meta property=\"og:description\" content=\"\u0160iuolaikin\u0117 draskykl\u0117 su tvirtu, \u201erobusti\u0161ku\u201c dizainu. Nuotykius m\u0117gstan\u010dios kat\u0117s gal\u0117s pasilepinti draskykle Lookout 198. \u0160ioje draskykl\u0117je \u012fmanoma viskas! Draskyti ypa\u010d storus, 15 cm skersmens stulpus, keliauti per medin\u012f tilt\u0105 ir miegoti vir\u0161utiniame auk\u0161te ar viename i\u0161 dviej\u0173 prabangi\u0173 hamak\u0173. XL poilsio gultas vir\u0161uje skirtas tiems mai\u0161tininkams, kurie m\u0117gsta s\u0117d\u0117ti ar gul\u0117ti auk\u0161tai. J\u016bs\u0173 kat\u0117 maloniai \u010dia knarks, o, \u017einoma, gal\u0117s ir steb\u0117ti, ar sve\u010diais galima pasitik\u0117ti. Spalvos \u2013 antracito pliu\u0161as ir juodas sizalis Matmenys \u2013 ilgis 100 cm, plotis 60 cm, auk\u0161tis 198 cm Komplekte \u017eaidim\u0173 virv\u0117 Du poilsio gultai yra ypa\u010d tvirti Tinka visoms kat\u0117ms, taip pat didel\u0117ms ir veislin\u0117ms.  Draskykl\u0117 skirta naudoti kat\u0117ms vis\u0173 svorio kategorij\u0173 ir \u016bgi\u0173. Tinka ir patinams Maine Coon. Produktas supakuotas \u012f 3 d\u0117\u017ees, kuri\u0173 bendras svoris 77 kg Grynasis svoris (be pakuot\u0117s) 75 kg Turime vietoje! Gamintojas PetRebels, olandi\u0161ka kokyb\u0117. Itin kokybi\u0161kos ir patogios ka\u010di\u0173 draskykl\u0117s, kurios tarnauja daugel\u012f met\u0173 ir puo\u0161ia j\u016bs\u0173 namus. J\u016bs\u0173 kat\u0117 bus d\u0117kinga!\" \/>\n<meta property=\"og:url\" content=\"https:\/\/miumjau.ee\/lt\/produktas\/petrebels-draskykle-lookout-198-antracitine\/\" \/>\n<meta property=\"og:site_name\" content=\"MiuMjau\" \/>\n<meta property=\"article:publisher\" content=\"https:\/\/www.facebook.com\/miumjaupood\/\" \/>\n<meta property=\"article:modified_time\" content=\"2026-01-07T18:55:56+00:00\" \/>\n<meta property=\"og:image\" content=\"https:\/\/miumjau.ee\/wp-content\/uploads\/2023\/07\/Lookout-198-antrtsiit-kassi-kraapimispuu-1.jpg\" \/>\n\t<meta property=\"og:image:width\" content=\"600\" \/>\n\t<meta property=\"og:image:height\" content=\"800\" \/>\n\t<meta property=\"og:image:type\" content=\"image\/jpeg\" \/>\n<meta name=\"twitter:card\" content=\"summary_large_image\" \/>\n<script type=\"application\/ld+json\" class=\"yoast-schema-graph\">{\"@context\":\"https:\/\/schema.org\",\"@graph\":[{\"@type\":\"WebPage\",\"@id\":\"https:\/\/miumjau.ee\/lt\/produktas\/petrebels-draskykle-lookout-198-antracitine\/\",\"url\":\"https:\/\/miumjau.ee\/lt\/produktas\/petrebels-draskykle-lookout-198-antracitine\/\",\"name\":\"Petrebels draskykl\u0117 Lookout 198, antracitin\u0117 - MiuMjau\",\"isPartOf\":{\"@id\":\"https:\/\/miumjau.ee\/#website\"},\"primaryImageOfPage\":{\"@id\":\"https:\/\/miumjau.ee\/lt\/produktas\/petrebels-draskykle-lookout-198-antracitine\/#primaryimage\"},\"image\":{\"@id\":\"https:\/\/miumjau.ee\/lt\/produktas\/petrebels-draskykle-lookout-198-antracitine\/#primaryimage\"},\"thumbnailUrl\":\"https:\/\/miumjau.ee\/wp-content\/uploads\/2023\/07\/Lookout-198-antrtsiit-kassi-kraapimispuu-1.jpg\",\"datePublished\":\"2023-07-28T15:37:58+00:00\",\"dateModified\":\"2026-01-07T18:55:56+00:00\",\"breadcrumb\":{\"@id\":\"https:\/\/miumjau.ee\/lt\/produktas\/petrebels-draskykle-lookout-198-antracitine\/#breadcrumb\"},\"inLanguage\":\"lt-LT\",\"potentialAction\":[{\"@type\":\"ReadAction\",\"target\":[\"https:\/\/miumjau.ee\/lt\/produktas\/petrebels-draskykle-lookout-198-antracitine\/\"]}]},{\"@type\":\"ImageObject\",\"inLanguage\":\"lt-LT\",\"@id\":\"https:\/\/miumjau.ee\/lt\/produktas\/petrebels-draskykle-lookout-198-antracitine\/#primaryimage\",\"url\":\"https:\/\/miumjau.ee\/wp-content\/uploads\/2023\/07\/Lookout-198-antrtsiit-kassi-kraapimispuu-1.jpg\",\"contentUrl\":\"https:\/\/miumjau.ee\/wp-content\/uploads\/2023\/07\/Lookout-198-antrtsiit-kassi-kraapimispuu-1.jpg\",\"width\":600,\"height\":800,\"caption\":\"Lookout 198 Petrebels kassi kraapimispost\"},{\"@type\":\"BreadcrumbList\",\"@id\":\"https:\/\/miumjau.ee\/lt\/produktas\/petrebels-draskykle-lookout-198-antracitine\/#breadcrumb\",\"itemListElement\":[{\"@type\":\"ListItem\",\"position\":1,\"name\":\"Home\",\"item\":\"https:\/\/miumjau.ee\/lt\/\"},{\"@type\":\"ListItem\",\"position\":2,\"name\":\"Parduotuv\u0117\",\"item\":\"https:\/\/miumjau.ee\/lt\/parduotuve\/\"},{\"@type\":\"ListItem\",\"position\":3,\"name\":\"Petrebels draskykl\u0117 Lookout 198, antracitin\u0117\"}]},{\"@type\":\"WebSite\",\"@id\":\"https:\/\/miumjau.ee\/#website\",\"url\":\"https:\/\/miumjau.ee\/\",\"name\":\"MiuMjau\",\"description\":\"Kraapimispuud kassidele\",\"publisher\":{\"@id\":\"https:\/\/miumjau.ee\/#organization\"},\"potentialAction\":[{\"@type\":\"SearchAction\",\"target\":{\"@type\":\"EntryPoint\",\"urlTemplate\":\"https:\/\/miumjau.ee\/?s={search_term_string}\"},\"query-input\":{\"@type\":\"PropertyValueSpecification\",\"valueRequired\":true,\"valueName\":\"search_term_string\"}}],\"inLanguage\":\"lt-LT\"},{\"@type\":\"Organization\",\"@id\":\"https:\/\/miumjau.ee\/#organization\",\"name\":\"MiuMjau O\u00dc\",\"url\":\"https:\/\/miumjau.ee\/\",\"logo\":{\"@type\":\"ImageObject\",\"inLanguage\":\"lt-LT\",\"@id\":\"https:\/\/miumjau.ee\/#\/schema\/logo\/image\/\",\"url\":\"https:\/\/miumjau.ee\/wp-content\/uploads\/2022\/04\/MiuMjau-logo-kollane.png\",\"contentUrl\":\"https:\/\/miumjau.ee\/wp-content\/uploads\/2022\/04\/MiuMjau-logo-kollane.png\",\"width\":219,\"height\":100,\"caption\":\"MiuMjau O\u00dc\"},\"image\":{\"@id\":\"https:\/\/miumjau.ee\/#\/schema\/logo\/image\/\"},\"sameAs\":[\"https:\/\/www.facebook.com\/miumjaupood\/\"]}]}<\/script>\n<!-- \/ Yoast SEO plugin. -->","yoast_head_json":{"title":"Petrebels draskykl\u0117 Lookout 198, antracitin\u0117 - MiuMjau","robots":{"index":"index","follow":"follow","max-snippet":"max-snippet:-1","max-image-preview":"max-image-preview:large","max-video-preview":"max-video-preview:-1"},"canonical":"https:\/\/miumjau.ee\/lt\/produktas\/petrebels-draskykle-lookout-198-antracitine\/","og_locale":"lt_LT","og_type":"article","og_title":"Petrebels draskykl\u0117 Lookout 198, antracitin\u0117 - MiuMjau","og_description":"\u0160iuolaikin\u0117 draskykl\u0117 su tvirtu, \u201erobusti\u0161ku\u201c dizainu. Nuotykius m\u0117gstan\u010dios kat\u0117s gal\u0117s pasilepinti draskykle Lookout 198. \u0160ioje draskykl\u0117je \u012fmanoma viskas! Draskyti ypa\u010d storus, 15 cm skersmens stulpus, keliauti per medin\u012f tilt\u0105 ir miegoti vir\u0161utiniame auk\u0161te ar viename i\u0161 dviej\u0173 prabangi\u0173 hamak\u0173. XL poilsio gultas vir\u0161uje skirtas tiems mai\u0161tininkams, kurie m\u0117gsta s\u0117d\u0117ti ar gul\u0117ti auk\u0161tai. J\u016bs\u0173 kat\u0117 maloniai \u010dia knarks, o, \u017einoma, gal\u0117s ir steb\u0117ti, ar sve\u010diais galima pasitik\u0117ti. Spalvos \u2013 antracito pliu\u0161as ir juodas sizalis Matmenys \u2013 ilgis 100 cm, plotis 60 cm, auk\u0161tis 198 cm Komplekte \u017eaidim\u0173 virv\u0117 Du poilsio gultai yra ypa\u010d tvirti Tinka visoms kat\u0117ms, taip pat didel\u0117ms ir veislin\u0117ms.  Draskykl\u0117 skirta naudoti kat\u0117ms vis\u0173 svorio kategorij\u0173 ir \u016bgi\u0173. Tinka ir patinams Maine Coon. Produktas supakuotas \u012f 3 d\u0117\u017ees, kuri\u0173 bendras svoris 77 kg Grynasis svoris (be pakuot\u0117s) 75 kg Turime vietoje! Gamintojas PetRebels, olandi\u0161ka kokyb\u0117. Itin kokybi\u0161kos ir patogios ka\u010di\u0173 draskykl\u0117s, kurios tarnauja daugel\u012f met\u0173 ir puo\u0161ia j\u016bs\u0173 namus. J\u016bs\u0173 kat\u0117 bus d\u0117kinga!","og_url":"https:\/\/miumjau.ee\/lt\/produktas\/petrebels-draskykle-lookout-198-antracitine\/","og_site_name":"MiuMjau","article_publisher":"https:\/\/www.facebook.com\/miumjaupood\/","article_modified_time":"2026-01-07T18:55:56+00:00","og_image":[{"width":600,"height":800,"url":"https:\/\/miumjau.ee\/wp-content\/uploads\/2023\/07\/Lookout-198-antrtsiit-kassi-kraapimispuu-1.jpg","type":"image\/jpeg"}],"twitter_card":"summary_large_image","schema":{"@context":"https:\/\/schema.org","@graph":[{"@type":"WebPage","@id":"https:\/\/miumjau.ee\/lt\/produktas\/petrebels-draskykle-lookout-198-antracitine\/","url":"https:\/\/miumjau.ee\/lt\/produktas\/petrebels-draskykle-lookout-198-antracitine\/","name":"Petrebels draskykl\u0117 Lookout 198, antracitin\u0117 - MiuMjau","isPartOf":{"@id":"https:\/\/miumjau.ee\/#website"},"primaryImageOfPage":{"@id":"https:\/\/miumjau.ee\/lt\/produktas\/petrebels-draskykle-lookout-198-antracitine\/#primaryimage"},"image":{"@id":"https:\/\/miumjau.ee\/lt\/produktas\/petrebels-draskykle-lookout-198-antracitine\/#primaryimage"},"thumbnailUrl":"https:\/\/miumjau.ee\/wp-content\/uploads\/2023\/07\/Lookout-198-antrtsiit-kassi-kraapimispuu-1.jpg","datePublished":"2023-07-28T15:37:58+00:00","dateModified":"2026-01-07T18:55:56+00:00","breadcrumb":{"@id":"https:\/\/miumjau.ee\/lt\/produktas\/petrebels-draskykle-lookout-198-antracitine\/#breadcrumb"},"inLanguage":"lt-LT","potentialAction":[{"@type":"ReadAction","target":["https:\/\/miumjau.ee\/lt\/produktas\/petrebels-draskykle-lookout-198-antracitine\/"]}]},{"@type":"ImageObject","inLanguage":"lt-LT","@id":"https:\/\/miumjau.ee\/lt\/produktas\/petrebels-draskykle-lookout-198-antracitine\/#primaryimage","url":"https:\/\/miumjau.ee\/wp-content\/uploads\/2023\/07\/Lookout-198-antrtsiit-kassi-kraapimispuu-1.jpg","contentUrl":"https:\/\/miumjau.ee\/wp-content\/uploads\/2023\/07\/Lookout-198-antrtsiit-kassi-kraapimispuu-1.jpg","width":600,"height":800,"caption":"Lookout 198 Petrebels kassi kraapimispost"},{"@type":"BreadcrumbList","@id":"https:\/\/miumjau.ee\/lt\/produktas\/petrebels-draskykle-lookout-198-antracitine\/#breadcrumb","itemListElement":[{"@type":"ListItem","position":1,"name":"Home","item":"https:\/\/miumjau.ee\/lt\/"},{"@type":"ListItem","position":2,"name":"Parduotuv\u0117","item":"https:\/\/miumjau.ee\/lt\/parduotuve\/"},{"@type":"ListItem","position":3,"name":"Petrebels draskykl\u0117 Lookout 198, antracitin\u0117"}]},{"@type":"WebSite","@id":"https:\/\/miumjau.ee\/#website","url":"https:\/\/miumjau.ee\/","name":"MiuMjau","description":"Kraapimispuud kassidele","publisher":{"@id":"https:\/\/miumjau.ee\/#organization"},"potentialAction":[{"@type":"SearchAction","target":{"@type":"EntryPoint","urlTemplate":"https:\/\/miumjau.ee\/?s={search_term_string}"},"query-input":{"@type":"PropertyValueSpecification","valueRequired":true,"valueName":"search_term_string"}}],"inLanguage":"lt-LT"},{"@type":"Organization","@id":"https:\/\/miumjau.ee\/#organization","name":"MiuMjau O\u00dc","url":"https:\/\/miumjau.ee\/","logo":{"@type":"ImageObject","inLanguage":"lt-LT","@id":"https:\/\/miumjau.ee\/#\/schema\/logo\/image\/","url":"https:\/\/miumjau.ee\/wp-content\/uploads\/2022\/04\/MiuMjau-logo-kollane.png","contentUrl":"https:\/\/miumjau.ee\/wp-content\/uploads\/2022\/04\/MiuMjau-logo-kollane.png","width":219,"height":100,"caption":"MiuMjau O\u00dc"},"image":{"@id":"https:\/\/miumjau.ee\/#\/schema\/logo\/image\/"},"sameAs":["https:\/\/www.facebook.com\/miumjaupood\/"]}]}},"_links":{"self":[{"href":"https:\/\/miumjau.ee\/lt\/wp-json\/wp\/v2\/product\/40998","targetHints":{"allow":["GET"]}}],"collection":[{"href":"https:\/\/miumjau.ee\/lt\/wp-json\/wp\/v2\/product"}],"about":[{"href":"https:\/\/miumjau.ee\/lt\/wp-json\/wp\/v2\/types\/product"}],"wp:featuredmedia":[{"embeddable":true,"href":"https:\/\/miumjau.ee\/lt\/wp-json\/wp\/v2\/media\/41629"}],"wp:attachment":[{"href":"https:\/\/miumjau.ee\/lt\/wp-json\/wp\/v2\/media?parent=40998"}],"wp:term":[{"taxonomy":"product_brand","embeddable":true,"href":"https:\/\/miumjau.ee\/lt\/wp-json\/wp\/v2\/product_brand?post=40998"},{"taxonomy":"product_cat","embeddable":true,"href":"https:\/\/miumjau.ee\/lt\/wp-json\/wp\/v2\/product_cat?post=40998"},{"taxonomy":"product_tag","embeddable":true,"href":"https:\/\/miumjau.ee\/lt\/wp-json\/wp\/v2\/product_tag?post=40998"}],"curies":[{"name":"wp","href":"https:\/\/api.w.org\/{rel}","templated":true}]}}