{"id":40997,"date":"2023-07-25T20:32:44","date_gmt":"2023-07-25T17:32:44","guid":{"rendered":"https:\/\/miumjau.ee\/toode\/draskymo-stulpas-petrebels-savannah-86-balta-pilka\/"},"modified":"2026-01-07T20:55:56","modified_gmt":"2026-01-07T18:55:56","slug":"draskymo-stulpas-petrebels-savannah-86-balta-pilka","status":"publish","type":"product","link":"https:\/\/miumjau.ee\/lt\/produktas\/draskymo-stulpas-petrebels-savannah-86-balta-pilka\/","title":{"rendered":"Draskymo stulpas Petrebels Savannah 86, balta-pilka"},"content":{"rendered":"","protected":false},"excerpt":{"rendered":"<p>Draskymo stulpas kat\u0117ms, kuris yra ypa\u010d tvirtas ir tankus.<\/p>\n<p>Produkto matmenys: 50 \u00d7 50 \u00d7 86 cm<\/p>\n<p>Tinka vis\u0173 am\u017ei\u0173 ir dyd\u017ei\u0173 kat\u0117ms. Jei ie\u0161kote draskymo stulpo, kuris neapvirsta, radote b\u016btent t\u0105 \u2013 Savannah 86 yra geriausias! Itin plati pagrindo plok\u0161t\u0117 laiko stulp\u0105 vietoje ir neleid\u017eia jam virsti net ir per did\u017eiausius siaut\u0117jimus, laipiojim\u0105 ar draskym\u0105. Produktas suprojektuotas taip, kad tikt\u0173 ir sunkioms Maine Coon veisl\u0117s kat\u0117ms. Atkreipkite d\u0117mes\u012f: stulpo skersmuo net <strong>20<\/strong> cm, tod\u0117l j\u012f labai patogu draskyti i\u0161 bet kurios pus\u0117s.<\/p>\n<ul>\n<li>balta spalva + pilkas sizalis<\/li>\n<li>Plotis ir gylis 50 cm, o auk\u0161tis 86 cm.<\/li>\n<li>Tinka ir Maine Coon, Norvegijos mi\u0161ko kat\u0117ms bei Ragdoll.<\/li>\n<li>Sizalio storis 6 mm<\/li>\n<\/ul>\n<p>Turime vietoje!<\/p>\n","protected":false},"featured_media":41620,"template":"","meta":[],"product_brand":[],"product_cat":[524,516],"product_tag":[],"class_list":{"0":"post-40997","1":"product","2":"type-product","3":"status-publish","4":"has-post-thumbnail","6":"product_cat-kaup24-lt","7":"product_cat-mazi-draskymo-medziai-petrebels","8":"product_shipping_class-pakiautomaati-sobimatu-lt","10":"first","11":"instock","12":"taxable","13":"shipping-taxable","14":"purchasable","15":"product-type-simple"},"yoast_head":"<!-- This site is optimized with the Yoast SEO plugin v27.4 - https:\/\/yoast.com\/product\/yoast-seo-wordpress\/ -->\n<title>Draskymo stulpas Petrebels Savannah 86, balta-pilka - MiuMjau<\/title>\n<meta name=\"robots\" content=\"index, follow, max-snippet:-1, max-image-preview:large, max-video-preview:-1\" \/>\n<link rel=\"canonical\" href=\"https:\/\/miumjau.ee\/lt\/produktas\/draskymo-stulpas-petrebels-savannah-86-balta-pilka\/\" \/>\n<meta property=\"og:locale\" content=\"lt_LT\" \/>\n<meta property=\"og:type\" content=\"article\" \/>\n<meta property=\"og:title\" content=\"Draskymo stulpas Petrebels Savannah 86, balta-pilka - MiuMjau\" \/>\n<meta property=\"og:description\" content=\"Draskymo stulpas kat\u0117ms, kuris yra ypa\u010d tvirtas ir tankus. Produkto matmenys: 50 \u00d7 50 \u00d7 86 cm Tinka vis\u0173 am\u017ei\u0173 ir dyd\u017ei\u0173 kat\u0117ms. Jei ie\u0161kote draskymo stulpo, kuris neapvirsta, radote b\u016btent t\u0105 \u2013 Savannah 86 yra geriausias! Itin plati pagrindo plok\u0161t\u0117 laiko stulp\u0105 vietoje ir neleid\u017eia jam virsti net ir per did\u017eiausius siaut\u0117jimus, laipiojim\u0105 ar draskym\u0105. Produktas suprojektuotas taip, kad tikt\u0173 ir sunkioms Maine Coon veisl\u0117s kat\u0117ms. Atkreipkite d\u0117mes\u012f: stulpo skersmuo net 20 cm, tod\u0117l j\u012f labai patogu draskyti i\u0161 bet kurios pus\u0117s.  balta spalva + pilkas sizalis Plotis ir gylis 50 cm, o auk\u0161tis 86 cm. Tinka ir Maine Coon, Norvegijos mi\u0161ko kat\u0117ms bei Ragdoll. Sizalio storis 6 mm Turime vietoje!\" \/>\n<meta property=\"og:url\" content=\"https:\/\/miumjau.ee\/lt\/produktas\/draskymo-stulpas-petrebels-savannah-86-balta-pilka\/\" \/>\n<meta property=\"og:site_name\" content=\"MiuMjau\" \/>\n<meta property=\"article:publisher\" content=\"https:\/\/www.facebook.com\/miumjaupood\/\" \/>\n<meta property=\"article:modified_time\" content=\"2026-01-07T18:55:56+00:00\" \/>\n<meta property=\"og:image\" content=\"https:\/\/miumjau.ee\/wp-content\/uploads\/2023\/07\/savannah-86-valge-hall-kassi-kraapimispuu-2.jpg\" \/>\n\t<meta property=\"og:image:width\" content=\"600\" \/>\n\t<meta property=\"og:image:height\" content=\"800\" \/>\n\t<meta property=\"og:image:type\" content=\"image\/jpeg\" \/>\n<meta name=\"twitter:card\" content=\"summary_large_image\" \/>\n<script type=\"application\/ld+json\" class=\"yoast-schema-graph\">{\"@context\":\"https:\\\/\\\/schema.org\",\"@graph\":[{\"@type\":\"WebPage\",\"@id\":\"https:\\\/\\\/miumjau.ee\\\/lt\\\/produktas\\\/draskymo-stulpas-petrebels-savannah-86-balta-pilka\\\/\",\"url\":\"https:\\\/\\\/miumjau.ee\\\/lt\\\/produktas\\\/draskymo-stulpas-petrebels-savannah-86-balta-pilka\\\/\",\"name\":\"Draskymo stulpas Petrebels Savannah 86, balta-pilka - MiuMjau\",\"isPartOf\":{\"@id\":\"https:\\\/\\\/miumjau.ee\\\/#website\"},\"primaryImageOfPage\":{\"@id\":\"https:\\\/\\\/miumjau.ee\\\/lt\\\/produktas\\\/draskymo-stulpas-petrebels-savannah-86-balta-pilka\\\/#primaryimage\"},\"image\":{\"@id\":\"https:\\\/\\\/miumjau.ee\\\/lt\\\/produktas\\\/draskymo-stulpas-petrebels-savannah-86-balta-pilka\\\/#primaryimage\"},\"thumbnailUrl\":\"https:\\\/\\\/miumjau.ee\\\/wp-content\\\/uploads\\\/2023\\\/07\\\/savannah-86-valge-hall-kassi-kraapimispuu-2.jpg\",\"datePublished\":\"2023-07-25T17:32:44+00:00\",\"dateModified\":\"2026-01-07T18:55:56+00:00\",\"breadcrumb\":{\"@id\":\"https:\\\/\\\/miumjau.ee\\\/lt\\\/produktas\\\/draskymo-stulpas-petrebels-savannah-86-balta-pilka\\\/#breadcrumb\"},\"inLanguage\":\"lt-LT\",\"potentialAction\":[{\"@type\":\"ReadAction\",\"target\":[\"https:\\\/\\\/miumjau.ee\\\/lt\\\/produktas\\\/draskymo-stulpas-petrebels-savannah-86-balta-pilka\\\/\"]}]},{\"@type\":\"ImageObject\",\"inLanguage\":\"lt-LT\",\"@id\":\"https:\\\/\\\/miumjau.ee\\\/lt\\\/produktas\\\/draskymo-stulpas-petrebels-savannah-86-balta-pilka\\\/#primaryimage\",\"url\":\"https:\\\/\\\/miumjau.ee\\\/wp-content\\\/uploads\\\/2023\\\/07\\\/savannah-86-valge-hall-kassi-kraapimispuu-2.jpg\",\"contentUrl\":\"https:\\\/\\\/miumjau.ee\\\/wp-content\\\/uploads\\\/2023\\\/07\\\/savannah-86-valge-hall-kassi-kraapimispuu-2.jpg\",\"width\":600,\"height\":800,\"caption\":\"savannah 86 Petrebels kassi kraapimispost\"},{\"@type\":\"BreadcrumbList\",\"@id\":\"https:\\\/\\\/miumjau.ee\\\/lt\\\/produktas\\\/draskymo-stulpas-petrebels-savannah-86-balta-pilka\\\/#breadcrumb\",\"itemListElement\":[{\"@type\":\"ListItem\",\"position\":1,\"name\":\"Home\",\"item\":\"https:\\\/\\\/miumjau.ee\\\/lt\\\/\"},{\"@type\":\"ListItem\",\"position\":2,\"name\":\"Parduotuv\u0117\",\"item\":\"https:\\\/\\\/miumjau.ee\\\/lt\\\/parduotuve\\\/\"},{\"@type\":\"ListItem\",\"position\":3,\"name\":\"Draskymo stulpas Petrebels Savannah 86, balta-pilka\"}]},{\"@type\":\"WebSite\",\"@id\":\"https:\\\/\\\/miumjau.ee\\\/#website\",\"url\":\"https:\\\/\\\/miumjau.ee\\\/\",\"name\":\"MiuMjau\",\"description\":\"Kraapimispuud kassidele\",\"publisher\":{\"@id\":\"https:\\\/\\\/miumjau.ee\\\/#organization\"},\"potentialAction\":[{\"@type\":\"SearchAction\",\"target\":{\"@type\":\"EntryPoint\",\"urlTemplate\":\"https:\\\/\\\/miumjau.ee\\\/?s={search_term_string}\"},\"query-input\":{\"@type\":\"PropertyValueSpecification\",\"valueRequired\":true,\"valueName\":\"search_term_string\"}}],\"inLanguage\":\"lt-LT\"},{\"@type\":\"Organization\",\"@id\":\"https:\\\/\\\/miumjau.ee\\\/#organization\",\"name\":\"MiuMjau O\u00dc\",\"url\":\"https:\\\/\\\/miumjau.ee\\\/\",\"logo\":{\"@type\":\"ImageObject\",\"inLanguage\":\"lt-LT\",\"@id\":\"https:\\\/\\\/miumjau.ee\\\/#\\\/schema\\\/logo\\\/image\\\/\",\"url\":\"https:\\\/\\\/miumjau.ee\\\/wp-content\\\/uploads\\\/2022\\\/04\\\/MiuMjau-logo-kollane.png\",\"contentUrl\":\"https:\\\/\\\/miumjau.ee\\\/wp-content\\\/uploads\\\/2022\\\/04\\\/MiuMjau-logo-kollane.png\",\"width\":219,\"height\":100,\"caption\":\"MiuMjau O\u00dc\"},\"image\":{\"@id\":\"https:\\\/\\\/miumjau.ee\\\/#\\\/schema\\\/logo\\\/image\\\/\"},\"sameAs\":[\"https:\\\/\\\/www.facebook.com\\\/miumjaupood\\\/\"]}]}<\/script>\n<!-- \/ Yoast SEO plugin. -->","yoast_head_json":{"title":"Draskymo stulpas Petrebels Savannah 86, balta-pilka - MiuMjau","robots":{"index":"index","follow":"follow","max-snippet":"max-snippet:-1","max-image-preview":"max-image-preview:large","max-video-preview":"max-video-preview:-1"},"canonical":"https:\/\/miumjau.ee\/lt\/produktas\/draskymo-stulpas-petrebels-savannah-86-balta-pilka\/","og_locale":"lt_LT","og_type":"article","og_title":"Draskymo stulpas Petrebels Savannah 86, balta-pilka - MiuMjau","og_description":"Draskymo stulpas kat\u0117ms, kuris yra ypa\u010d tvirtas ir tankus. Produkto matmenys: 50 \u00d7 50 \u00d7 86 cm Tinka vis\u0173 am\u017ei\u0173 ir dyd\u017ei\u0173 kat\u0117ms. Jei ie\u0161kote draskymo stulpo, kuris neapvirsta, radote b\u016btent t\u0105 \u2013 Savannah 86 yra geriausias! Itin plati pagrindo plok\u0161t\u0117 laiko stulp\u0105 vietoje ir neleid\u017eia jam virsti net ir per did\u017eiausius siaut\u0117jimus, laipiojim\u0105 ar draskym\u0105. Produktas suprojektuotas taip, kad tikt\u0173 ir sunkioms Maine Coon veisl\u0117s kat\u0117ms. Atkreipkite d\u0117mes\u012f: stulpo skersmuo net 20 cm, tod\u0117l j\u012f labai patogu draskyti i\u0161 bet kurios pus\u0117s.  balta spalva + pilkas sizalis Plotis ir gylis 50 cm, o auk\u0161tis 86 cm. Tinka ir Maine Coon, Norvegijos mi\u0161ko kat\u0117ms bei Ragdoll. Sizalio storis 6 mm Turime vietoje!","og_url":"https:\/\/miumjau.ee\/lt\/produktas\/draskymo-stulpas-petrebels-savannah-86-balta-pilka\/","og_site_name":"MiuMjau","article_publisher":"https:\/\/www.facebook.com\/miumjaupood\/","article_modified_time":"2026-01-07T18:55:56+00:00","og_image":[{"width":600,"height":800,"url":"https:\/\/miumjau.ee\/wp-content\/uploads\/2023\/07\/savannah-86-valge-hall-kassi-kraapimispuu-2.jpg","type":"image\/jpeg"}],"twitter_card":"summary_large_image","schema":{"@context":"https:\/\/schema.org","@graph":[{"@type":"WebPage","@id":"https:\/\/miumjau.ee\/lt\/produktas\/draskymo-stulpas-petrebels-savannah-86-balta-pilka\/","url":"https:\/\/miumjau.ee\/lt\/produktas\/draskymo-stulpas-petrebels-savannah-86-balta-pilka\/","name":"Draskymo stulpas Petrebels Savannah 86, balta-pilka - MiuMjau","isPartOf":{"@id":"https:\/\/miumjau.ee\/#website"},"primaryImageOfPage":{"@id":"https:\/\/miumjau.ee\/lt\/produktas\/draskymo-stulpas-petrebels-savannah-86-balta-pilka\/#primaryimage"},"image":{"@id":"https:\/\/miumjau.ee\/lt\/produktas\/draskymo-stulpas-petrebels-savannah-86-balta-pilka\/#primaryimage"},"thumbnailUrl":"https:\/\/miumjau.ee\/wp-content\/uploads\/2023\/07\/savannah-86-valge-hall-kassi-kraapimispuu-2.jpg","datePublished":"2023-07-25T17:32:44+00:00","dateModified":"2026-01-07T18:55:56+00:00","breadcrumb":{"@id":"https:\/\/miumjau.ee\/lt\/produktas\/draskymo-stulpas-petrebels-savannah-86-balta-pilka\/#breadcrumb"},"inLanguage":"lt-LT","potentialAction":[{"@type":"ReadAction","target":["https:\/\/miumjau.ee\/lt\/produktas\/draskymo-stulpas-petrebels-savannah-86-balta-pilka\/"]}]},{"@type":"ImageObject","inLanguage":"lt-LT","@id":"https:\/\/miumjau.ee\/lt\/produktas\/draskymo-stulpas-petrebels-savannah-86-balta-pilka\/#primaryimage","url":"https:\/\/miumjau.ee\/wp-content\/uploads\/2023\/07\/savannah-86-valge-hall-kassi-kraapimispuu-2.jpg","contentUrl":"https:\/\/miumjau.ee\/wp-content\/uploads\/2023\/07\/savannah-86-valge-hall-kassi-kraapimispuu-2.jpg","width":600,"height":800,"caption":"savannah 86 Petrebels kassi kraapimispost"},{"@type":"BreadcrumbList","@id":"https:\/\/miumjau.ee\/lt\/produktas\/draskymo-stulpas-petrebels-savannah-86-balta-pilka\/#breadcrumb","itemListElement":[{"@type":"ListItem","position":1,"name":"Home","item":"https:\/\/miumjau.ee\/lt\/"},{"@type":"ListItem","position":2,"name":"Parduotuv\u0117","item":"https:\/\/miumjau.ee\/lt\/parduotuve\/"},{"@type":"ListItem","position":3,"name":"Draskymo stulpas Petrebels Savannah 86, balta-pilka"}]},{"@type":"WebSite","@id":"https:\/\/miumjau.ee\/#website","url":"https:\/\/miumjau.ee\/","name":"MiuMjau","description":"Kraapimispuud kassidele","publisher":{"@id":"https:\/\/miumjau.ee\/#organization"},"potentialAction":[{"@type":"SearchAction","target":{"@type":"EntryPoint","urlTemplate":"https:\/\/miumjau.ee\/?s={search_term_string}"},"query-input":{"@type":"PropertyValueSpecification","valueRequired":true,"valueName":"search_term_string"}}],"inLanguage":"lt-LT"},{"@type":"Organization","@id":"https:\/\/miumjau.ee\/#organization","name":"MiuMjau O\u00dc","url":"https:\/\/miumjau.ee\/","logo":{"@type":"ImageObject","inLanguage":"lt-LT","@id":"https:\/\/miumjau.ee\/#\/schema\/logo\/image\/","url":"https:\/\/miumjau.ee\/wp-content\/uploads\/2022\/04\/MiuMjau-logo-kollane.png","contentUrl":"https:\/\/miumjau.ee\/wp-content\/uploads\/2022\/04\/MiuMjau-logo-kollane.png","width":219,"height":100,"caption":"MiuMjau O\u00dc"},"image":{"@id":"https:\/\/miumjau.ee\/#\/schema\/logo\/image\/"},"sameAs":["https:\/\/www.facebook.com\/miumjaupood\/"]}]}},"_links":{"self":[{"href":"https:\/\/miumjau.ee\/lt\/wp-json\/wp\/v2\/product\/40997","targetHints":{"allow":["GET"]}}],"collection":[{"href":"https:\/\/miumjau.ee\/lt\/wp-json\/wp\/v2\/product"}],"about":[{"href":"https:\/\/miumjau.ee\/lt\/wp-json\/wp\/v2\/types\/product"}],"wp:featuredmedia":[{"embeddable":true,"href":"https:\/\/miumjau.ee\/lt\/wp-json\/wp\/v2\/media\/41620"}],"wp:attachment":[{"href":"https:\/\/miumjau.ee\/lt\/wp-json\/wp\/v2\/media?parent=40997"}],"wp:term":[{"taxonomy":"product_brand","embeddable":true,"href":"https:\/\/miumjau.ee\/lt\/wp-json\/wp\/v2\/product_brand?post=40997"},{"taxonomy":"product_cat","embeddable":true,"href":"https:\/\/miumjau.ee\/lt\/wp-json\/wp\/v2\/product_cat?post=40997"},{"taxonomy":"product_tag","embeddable":true,"href":"https:\/\/miumjau.ee\/lt\/wp-json\/wp\/v2\/product_tag?post=40997"}],"curies":[{"name":"wp","href":"https:\/\/api.w.org\/{rel}","templated":true}]}}