{"id":40996,"date":"2023-07-22T04:21:00","date_gmt":"2023-07-22T01:21:00","guid":{"rendered":"https:\/\/miumjau.ee\/toode\/petrebels-draskymo-stulpas-savannah-86-o20-cm-antracitine\/"},"modified":"2026-01-07T20:55:56","modified_gmt":"2026-01-07T18:55:56","slug":"petrebels-draskymo-stulpas-savannah-86-o20-cm-antracitine","status":"publish","type":"product","link":"https:\/\/miumjau.ee\/lt\/produktas\/petrebels-draskymo-stulpas-savannah-86-o20-cm-antracitine\/","title":{"rendered":"Petrebels draskymo stulpas Savannah 86, \u00f820 cm, antracitin\u0117"},"content":{"rendered":"","protected":false},"excerpt":{"rendered":"<p>Draskymo stulpas kat\u0117ms, kuris yra ypa\u010d tvirtas ir tankus.<\/p>\n<p>Produkto matmenys: 50 \u00d7 50 \u00d7 86 cm<\/p>\n<p>Tinka vis\u0173 am\u017ei\u0173 ir dyd\u017ei\u0173 kat\u0117ms. Jei ie\u0161kote draskymo stulpo, kuris neapvirsta, radote b\u016btent t\u0105 \u2013 Savannah 86 yra geriausias! Itin plati pagrindo plok\u0161t\u0117 laiko stulp\u0105 vietoje ir neleid\u017eia jam virsti net ir per did\u017eiausius siaut\u0117jimus, laipiojim\u0105 ar draskym\u0105. Produktas suprojektuotas taip, kad tikt\u0173 ir sunkioms Maine Coon veisl\u0117s kat\u0117ms. Atkreipkite d\u0117mes\u012f: stulpo skersmuo net 20 cm, tod\u0117l j\u012f labai patogu draskyti i\u0161 bet kurios pus\u0117s.<\/p>\n<ul>\n<li>Antracito atspalvis + juodas sizalis<\/li>\n<li>Plotis ir gylis 50 cm, o auk\u0161tis 86 cm.<\/li>\n<li>Tinka ir Maine Coon, Norvegijos mi\u0161ko kat\u0117ms bei Ragdoll.<\/li>\n<li>Sizalio storis 6 mm<\/li>\n<\/ul>\n<p>Turime vietoje; galima atvykti ir ap\u017ei\u016br\u0117ti ekspozicin\u012f model\u012f!<\/p>\n","protected":false},"featured_media":41611,"template":"","meta":[],"product_brand":[],"product_cat":[516,524],"product_tag":[],"class_list":{"0":"post-40996","1":"product","2":"type-product","3":"status-publish","4":"has-post-thumbnail","6":"product_cat-mazi-draskymo-medziai-petrebels","7":"product_cat-kaup24-lt","8":"product_shipping_class-pakiautomaati-sobimatu-lt","10":"first","11":"instock","12":"sale","13":"taxable","14":"shipping-taxable","15":"purchasable","16":"product-type-simple"},"yoast_head":"<!-- This site is optimized with the Yoast SEO plugin v27.2 - https:\/\/yoast.com\/product\/yoast-seo-wordpress\/ -->\n<title>Petrebels draskymo stulpas Savannah 86, \u00f820 cm, antracitin\u0117 - MiuMjau<\/title>\n<meta name=\"robots\" content=\"index, follow, max-snippet:-1, max-image-preview:large, max-video-preview:-1\" \/>\n<link rel=\"canonical\" href=\"https:\/\/miumjau.ee\/lt\/produktas\/petrebels-draskymo-stulpas-savannah-86-o20-cm-antracitine\/\" \/>\n<meta property=\"og:locale\" content=\"lt_LT\" \/>\n<meta property=\"og:type\" content=\"article\" \/>\n<meta property=\"og:title\" content=\"Petrebels draskymo stulpas Savannah 86, \u00f820 cm, antracitin\u0117 - MiuMjau\" \/>\n<meta property=\"og:description\" content=\"Draskymo stulpas kat\u0117ms, kuris yra ypa\u010d tvirtas ir tankus.  Produkto matmenys: 50 \u00d7 50 \u00d7 86 cm  Tinka vis\u0173 am\u017ei\u0173 ir dyd\u017ei\u0173 kat\u0117ms. Jei ie\u0161kote draskymo stulpo, kuris neapvirsta, radote b\u016btent t\u0105 \u2013 Savannah 86 yra geriausias! Itin plati pagrindo plok\u0161t\u0117 laiko stulp\u0105 vietoje ir neleid\u017eia jam virsti net ir per did\u017eiausius siaut\u0117jimus, laipiojim\u0105 ar draskym\u0105. Produktas suprojektuotas taip, kad tikt\u0173 ir sunkioms Maine Coon veisl\u0117s kat\u0117ms. Atkreipkite d\u0117mes\u012f: stulpo skersmuo net 20 cm, tod\u0117l j\u012f labai patogu draskyti i\u0161 bet kurios pus\u0117s.   Antracito atspalvis + juodas sizalis Plotis ir gylis 50 cm, o auk\u0161tis 86 cm. Tinka ir Maine Coon, Norvegijos mi\u0161ko kat\u0117ms bei Ragdoll. Sizalio storis 6 mm  Turime vietoje; galima atvykti ir ap\u017ei\u016br\u0117ti ekspozicin\u012f model\u012f!\" \/>\n<meta property=\"og:url\" content=\"https:\/\/miumjau.ee\/lt\/produktas\/petrebels-draskymo-stulpas-savannah-86-o20-cm-antracitine\/\" \/>\n<meta property=\"og:site_name\" content=\"MiuMjau\" \/>\n<meta property=\"article:publisher\" content=\"https:\/\/www.facebook.com\/miumjaupood\/\" \/>\n<meta property=\"article:modified_time\" content=\"2026-01-07T18:55:56+00:00\" \/>\n<meta property=\"og:image\" content=\"https:\/\/miumjau.ee\/wp-content\/uploads\/2023\/07\/Savannah86_kassi_kraapimispuu_antratsiit6.jpg\" \/>\n\t<meta property=\"og:image:width\" content=\"600\" \/>\n\t<meta property=\"og:image:height\" content=\"800\" \/>\n\t<meta property=\"og:image:type\" content=\"image\/jpeg\" \/>\n<meta name=\"twitter:card\" content=\"summary_large_image\" \/>\n<script type=\"application\/ld+json\" class=\"yoast-schema-graph\">{\"@context\":\"https:\/\/schema.org\",\"@graph\":[{\"@type\":\"WebPage\",\"@id\":\"https:\/\/miumjau.ee\/lt\/produktas\/petrebels-draskymo-stulpas-savannah-86-o20-cm-antracitine\/\",\"url\":\"https:\/\/miumjau.ee\/lt\/produktas\/petrebels-draskymo-stulpas-savannah-86-o20-cm-antracitine\/\",\"name\":\"Petrebels draskymo stulpas Savannah 86, \u00f820 cm, antracitin\u0117 - MiuMjau\",\"isPartOf\":{\"@id\":\"https:\/\/miumjau.ee\/#website\"},\"primaryImageOfPage\":{\"@id\":\"https:\/\/miumjau.ee\/lt\/produktas\/petrebels-draskymo-stulpas-savannah-86-o20-cm-antracitine\/#primaryimage\"},\"image\":{\"@id\":\"https:\/\/miumjau.ee\/lt\/produktas\/petrebels-draskymo-stulpas-savannah-86-o20-cm-antracitine\/#primaryimage\"},\"thumbnailUrl\":\"https:\/\/miumjau.ee\/wp-content\/uploads\/2023\/07\/Savannah86_kassi_kraapimispuu_antratsiit6.jpg\",\"datePublished\":\"2023-07-22T01:21:00+00:00\",\"dateModified\":\"2026-01-07T18:55:56+00:00\",\"breadcrumb\":{\"@id\":\"https:\/\/miumjau.ee\/lt\/produktas\/petrebels-draskymo-stulpas-savannah-86-o20-cm-antracitine\/#breadcrumb\"},\"inLanguage\":\"lt-LT\",\"potentialAction\":[{\"@type\":\"ReadAction\",\"target\":[\"https:\/\/miumjau.ee\/lt\/produktas\/petrebels-draskymo-stulpas-savannah-86-o20-cm-antracitine\/\"]}]},{\"@type\":\"ImageObject\",\"inLanguage\":\"lt-LT\",\"@id\":\"https:\/\/miumjau.ee\/lt\/produktas\/petrebels-draskymo-stulpas-savannah-86-o20-cm-antracitine\/#primaryimage\",\"url\":\"https:\/\/miumjau.ee\/wp-content\/uploads\/2023\/07\/Savannah86_kassi_kraapimispuu_antratsiit6.jpg\",\"contentUrl\":\"https:\/\/miumjau.ee\/wp-content\/uploads\/2023\/07\/Savannah86_kassi_kraapimispuu_antratsiit6.jpg\",\"width\":600,\"height\":800,\"caption\":\"Savannah 86 Petrebels kassi kraapimispuu\"},{\"@type\":\"BreadcrumbList\",\"@id\":\"https:\/\/miumjau.ee\/lt\/produktas\/petrebels-draskymo-stulpas-savannah-86-o20-cm-antracitine\/#breadcrumb\",\"itemListElement\":[{\"@type\":\"ListItem\",\"position\":1,\"name\":\"Home\",\"item\":\"https:\/\/miumjau.ee\/lt\/\"},{\"@type\":\"ListItem\",\"position\":2,\"name\":\"Parduotuv\u0117\",\"item\":\"https:\/\/miumjau.ee\/lt\/parduotuve\/\"},{\"@type\":\"ListItem\",\"position\":3,\"name\":\"Petrebels draskymo stulpas Savannah 86, \u00f820 cm, antracitin\u0117\"}]},{\"@type\":\"WebSite\",\"@id\":\"https:\/\/miumjau.ee\/#website\",\"url\":\"https:\/\/miumjau.ee\/\",\"name\":\"MiuMjau\",\"description\":\"Kraapimispuud kassidele\",\"publisher\":{\"@id\":\"https:\/\/miumjau.ee\/#organization\"},\"potentialAction\":[{\"@type\":\"SearchAction\",\"target\":{\"@type\":\"EntryPoint\",\"urlTemplate\":\"https:\/\/miumjau.ee\/?s={search_term_string}\"},\"query-input\":{\"@type\":\"PropertyValueSpecification\",\"valueRequired\":true,\"valueName\":\"search_term_string\"}}],\"inLanguage\":\"lt-LT\"},{\"@type\":\"Organization\",\"@id\":\"https:\/\/miumjau.ee\/#organization\",\"name\":\"MiuMjau O\u00dc\",\"url\":\"https:\/\/miumjau.ee\/\",\"logo\":{\"@type\":\"ImageObject\",\"inLanguage\":\"lt-LT\",\"@id\":\"https:\/\/miumjau.ee\/#\/schema\/logo\/image\/\",\"url\":\"https:\/\/miumjau.ee\/wp-content\/uploads\/2022\/04\/MiuMjau-logo-kollane.png\",\"contentUrl\":\"https:\/\/miumjau.ee\/wp-content\/uploads\/2022\/04\/MiuMjau-logo-kollane.png\",\"width\":219,\"height\":100,\"caption\":\"MiuMjau O\u00dc\"},\"image\":{\"@id\":\"https:\/\/miumjau.ee\/#\/schema\/logo\/image\/\"},\"sameAs\":[\"https:\/\/www.facebook.com\/miumjaupood\/\"]}]}<\/script>\n<!-- \/ Yoast SEO plugin. -->","yoast_head_json":{"title":"Petrebels draskymo stulpas Savannah 86, \u00f820 cm, antracitin\u0117 - MiuMjau","robots":{"index":"index","follow":"follow","max-snippet":"max-snippet:-1","max-image-preview":"max-image-preview:large","max-video-preview":"max-video-preview:-1"},"canonical":"https:\/\/miumjau.ee\/lt\/produktas\/petrebels-draskymo-stulpas-savannah-86-o20-cm-antracitine\/","og_locale":"lt_LT","og_type":"article","og_title":"Petrebels draskymo stulpas Savannah 86, \u00f820 cm, antracitin\u0117 - MiuMjau","og_description":"Draskymo stulpas kat\u0117ms, kuris yra ypa\u010d tvirtas ir tankus.  Produkto matmenys: 50 \u00d7 50 \u00d7 86 cm  Tinka vis\u0173 am\u017ei\u0173 ir dyd\u017ei\u0173 kat\u0117ms. Jei ie\u0161kote draskymo stulpo, kuris neapvirsta, radote b\u016btent t\u0105 \u2013 Savannah 86 yra geriausias! Itin plati pagrindo plok\u0161t\u0117 laiko stulp\u0105 vietoje ir neleid\u017eia jam virsti net ir per did\u017eiausius siaut\u0117jimus, laipiojim\u0105 ar draskym\u0105. Produktas suprojektuotas taip, kad tikt\u0173 ir sunkioms Maine Coon veisl\u0117s kat\u0117ms. Atkreipkite d\u0117mes\u012f: stulpo skersmuo net 20 cm, tod\u0117l j\u012f labai patogu draskyti i\u0161 bet kurios pus\u0117s.   Antracito atspalvis + juodas sizalis Plotis ir gylis 50 cm, o auk\u0161tis 86 cm. Tinka ir Maine Coon, Norvegijos mi\u0161ko kat\u0117ms bei Ragdoll. Sizalio storis 6 mm  Turime vietoje; galima atvykti ir ap\u017ei\u016br\u0117ti ekspozicin\u012f model\u012f!","og_url":"https:\/\/miumjau.ee\/lt\/produktas\/petrebels-draskymo-stulpas-savannah-86-o20-cm-antracitine\/","og_site_name":"MiuMjau","article_publisher":"https:\/\/www.facebook.com\/miumjaupood\/","article_modified_time":"2026-01-07T18:55:56+00:00","og_image":[{"width":600,"height":800,"url":"https:\/\/miumjau.ee\/wp-content\/uploads\/2023\/07\/Savannah86_kassi_kraapimispuu_antratsiit6.jpg","type":"image\/jpeg"}],"twitter_card":"summary_large_image","schema":{"@context":"https:\/\/schema.org","@graph":[{"@type":"WebPage","@id":"https:\/\/miumjau.ee\/lt\/produktas\/petrebels-draskymo-stulpas-savannah-86-o20-cm-antracitine\/","url":"https:\/\/miumjau.ee\/lt\/produktas\/petrebels-draskymo-stulpas-savannah-86-o20-cm-antracitine\/","name":"Petrebels draskymo stulpas Savannah 86, \u00f820 cm, antracitin\u0117 - MiuMjau","isPartOf":{"@id":"https:\/\/miumjau.ee\/#website"},"primaryImageOfPage":{"@id":"https:\/\/miumjau.ee\/lt\/produktas\/petrebels-draskymo-stulpas-savannah-86-o20-cm-antracitine\/#primaryimage"},"image":{"@id":"https:\/\/miumjau.ee\/lt\/produktas\/petrebels-draskymo-stulpas-savannah-86-o20-cm-antracitine\/#primaryimage"},"thumbnailUrl":"https:\/\/miumjau.ee\/wp-content\/uploads\/2023\/07\/Savannah86_kassi_kraapimispuu_antratsiit6.jpg","datePublished":"2023-07-22T01:21:00+00:00","dateModified":"2026-01-07T18:55:56+00:00","breadcrumb":{"@id":"https:\/\/miumjau.ee\/lt\/produktas\/petrebels-draskymo-stulpas-savannah-86-o20-cm-antracitine\/#breadcrumb"},"inLanguage":"lt-LT","potentialAction":[{"@type":"ReadAction","target":["https:\/\/miumjau.ee\/lt\/produktas\/petrebels-draskymo-stulpas-savannah-86-o20-cm-antracitine\/"]}]},{"@type":"ImageObject","inLanguage":"lt-LT","@id":"https:\/\/miumjau.ee\/lt\/produktas\/petrebels-draskymo-stulpas-savannah-86-o20-cm-antracitine\/#primaryimage","url":"https:\/\/miumjau.ee\/wp-content\/uploads\/2023\/07\/Savannah86_kassi_kraapimispuu_antratsiit6.jpg","contentUrl":"https:\/\/miumjau.ee\/wp-content\/uploads\/2023\/07\/Savannah86_kassi_kraapimispuu_antratsiit6.jpg","width":600,"height":800,"caption":"Savannah 86 Petrebels kassi kraapimispuu"},{"@type":"BreadcrumbList","@id":"https:\/\/miumjau.ee\/lt\/produktas\/petrebels-draskymo-stulpas-savannah-86-o20-cm-antracitine\/#breadcrumb","itemListElement":[{"@type":"ListItem","position":1,"name":"Home","item":"https:\/\/miumjau.ee\/lt\/"},{"@type":"ListItem","position":2,"name":"Parduotuv\u0117","item":"https:\/\/miumjau.ee\/lt\/parduotuve\/"},{"@type":"ListItem","position":3,"name":"Petrebels draskymo stulpas Savannah 86, \u00f820 cm, antracitin\u0117"}]},{"@type":"WebSite","@id":"https:\/\/miumjau.ee\/#website","url":"https:\/\/miumjau.ee\/","name":"MiuMjau","description":"Kraapimispuud kassidele","publisher":{"@id":"https:\/\/miumjau.ee\/#organization"},"potentialAction":[{"@type":"SearchAction","target":{"@type":"EntryPoint","urlTemplate":"https:\/\/miumjau.ee\/?s={search_term_string}"},"query-input":{"@type":"PropertyValueSpecification","valueRequired":true,"valueName":"search_term_string"}}],"inLanguage":"lt-LT"},{"@type":"Organization","@id":"https:\/\/miumjau.ee\/#organization","name":"MiuMjau O\u00dc","url":"https:\/\/miumjau.ee\/","logo":{"@type":"ImageObject","inLanguage":"lt-LT","@id":"https:\/\/miumjau.ee\/#\/schema\/logo\/image\/","url":"https:\/\/miumjau.ee\/wp-content\/uploads\/2022\/04\/MiuMjau-logo-kollane.png","contentUrl":"https:\/\/miumjau.ee\/wp-content\/uploads\/2022\/04\/MiuMjau-logo-kollane.png","width":219,"height":100,"caption":"MiuMjau O\u00dc"},"image":{"@id":"https:\/\/miumjau.ee\/#\/schema\/logo\/image\/"},"sameAs":["https:\/\/www.facebook.com\/miumjaupood\/"]}]}},"_links":{"self":[{"href":"https:\/\/miumjau.ee\/lt\/wp-json\/wp\/v2\/product\/40996","targetHints":{"allow":["GET"]}}],"collection":[{"href":"https:\/\/miumjau.ee\/lt\/wp-json\/wp\/v2\/product"}],"about":[{"href":"https:\/\/miumjau.ee\/lt\/wp-json\/wp\/v2\/types\/product"}],"wp:featuredmedia":[{"embeddable":true,"href":"https:\/\/miumjau.ee\/lt\/wp-json\/wp\/v2\/media\/41611"}],"wp:attachment":[{"href":"https:\/\/miumjau.ee\/lt\/wp-json\/wp\/v2\/media?parent=40996"}],"wp:term":[{"taxonomy":"product_brand","embeddable":true,"href":"https:\/\/miumjau.ee\/lt\/wp-json\/wp\/v2\/product_brand?post=40996"},{"taxonomy":"product_cat","embeddable":true,"href":"https:\/\/miumjau.ee\/lt\/wp-json\/wp\/v2\/product_cat?post=40996"},{"taxonomy":"product_tag","embeddable":true,"href":"https:\/\/miumjau.ee\/lt\/wp-json\/wp\/v2\/product_tag?post=40996"}],"curies":[{"name":"wp","href":"https:\/\/api.w.org\/{rel}","templated":true}]}}