{"id":40995,"date":"2023-07-21T07:37:29","date_gmt":"2023-07-21T04:37:29","guid":{"rendered":"https:\/\/miumjau.ee\/toode\/petrebels-draskykle-lodge-107-sviesiai-pilka\/"},"modified":"2026-01-07T20:55:56","modified_gmt":"2026-01-07T18:55:56","slug":"petrebels-draskykle-lodge-107-sviesiai-pilka","status":"publish","type":"product","link":"https:\/\/miumjau.ee\/lt\/produktas\/petrebels-draskykle-lodge-107-sviesiai-pilka\/","title":{"rendered":"Petrebels draskykl\u0117 Lodge 107, \u0161viesiai pilka"},"content":{"rendered":"","protected":false},"excerpt":{"rendered":"<p>Draskykl\u0117 kat\u0117ms, tinkanti vis\u0173 am\u017ei\u0173 augintiniams \u2013 ka\u010diukams, vidutin\u0117ms, didel\u0117ms ir senjor\u0117ms. Namelis tvirtas, stabilus, didelis ir labai dailus \u2013 tiks bet kuriuose namuose. Ka\u010diukai gal\u0117s i\u0161lieti vis\u0105 energij\u0105, nes \u010dia be galo daug laipiojimo ir draskymo. Vir\u0161uje \u2013 ypa\u010d mink\u0161tas gultas \u201egro\u017eio miegui\u201c. \u017dinoma, miegoti galima ir dviejuose skirtinguose nameliuose. Apatinis, labai didelis namelis atviras, o vir\u0161utinis \u2013 su u\u017edaromis \u0161onin\u0117mis sienel\u0117mis, jei katei norisi privatumo.<\/p>\n<ul>\n<li>Draskykl\u0117je yra galinga draskymo ir \u017eaidimo virv\u0117!<\/li>\n<li>Spalva \u2013 pilka, sizalis \u2013 nat\u016bralios spalvos<\/li>\n<li>Bendri matmenys: 59 \u00d7 59 \u00d7 107 cm (\u017er. papildomus matmenis nuotraukoje)<\/li>\n<li>Sizalio storis 6 mm<\/li>\n<\/ul>\n<p>Pakuot\u0117s matmenys 62 \u00d7 62 \u00d7 35 cm<br \/>\nProdukto svoris 25,55 kg<br \/>\nSvoris su pakuote 29,5 kg.<\/p>\n<p>Turime vietoje!<br \/>\nGamintojas PetRebels, olandi\u0161ka kokyb\u0117. Itin kokybi\u0161kos ir patogios ka\u010di\u0173 draskykl\u0117s, kurios tarnauja daugel\u012f met\u0173 ir puo\u0161ia j\u016bs\u0173 namus. J\u016bs\u0173 kat\u0117 bus d\u0117kinga!<\/p>\n","protected":false},"featured_media":41603,"template":"","meta":[],"product_brand":[],"product_cat":[516,524],"product_tag":[],"class_list":{"0":"post-40995","1":"product","2":"type-product","3":"status-publish","4":"has-post-thumbnail","6":"product_cat-mazi-draskymo-medziai-petrebels","7":"product_cat-kaup24-lt","8":"product_shipping_class-pakiautomaati-sobimatu-lt","10":"first","11":"outofstock","12":"sale","13":"taxable","14":"shipping-taxable","15":"purchasable","16":"product-type-simple"},"yoast_head":"<!-- This site is optimized with the Yoast SEO plugin v27.2 - https:\/\/yoast.com\/product\/yoast-seo-wordpress\/ -->\n<title>Petrebels draskykl\u0117 Lodge 107, \u0161viesiai pilka - MiuMjau<\/title>\n<meta name=\"robots\" content=\"index, follow, max-snippet:-1, max-image-preview:large, max-video-preview:-1\" \/>\n<link rel=\"canonical\" href=\"https:\/\/miumjau.ee\/lt\/produktas\/petrebels-draskykle-lodge-107-sviesiai-pilka\/\" \/>\n<meta property=\"og:locale\" content=\"lt_LT\" \/>\n<meta property=\"og:type\" content=\"article\" \/>\n<meta property=\"og:title\" content=\"Petrebels draskykl\u0117 Lodge 107, \u0161viesiai pilka - MiuMjau\" \/>\n<meta property=\"og:description\" content=\"Draskykl\u0117 kat\u0117ms, tinkanti vis\u0173 am\u017ei\u0173 augintiniams \u2013 ka\u010diukams, vidutin\u0117ms, didel\u0117ms ir senjor\u0117ms. Namelis tvirtas, stabilus, didelis ir labai dailus \u2013 tiks bet kuriuose namuose. Ka\u010diukai gal\u0117s i\u0161lieti vis\u0105 energij\u0105, nes \u010dia be galo daug laipiojimo ir draskymo. Vir\u0161uje \u2013 ypa\u010d mink\u0161tas gultas \u201egro\u017eio miegui\u201c. \u017dinoma, miegoti galima ir dviejuose skirtinguose nameliuose. Apatinis, labai didelis namelis atviras, o vir\u0161utinis \u2013 su u\u017edaromis \u0161onin\u0117mis sienel\u0117mis, jei katei norisi privatumo.   Draskykl\u0117je yra galinga draskymo ir \u017eaidimo virv\u0117!  Spalva \u2013 pilka, sizalis \u2013 nat\u016bralios spalvos  Bendri matmenys: 59 \u00d7 59 \u00d7 107 cm (\u017er. papildomus matmenis nuotraukoje)  Sizalio storis 6 mm  Pakuot\u0117s matmenys 62 \u00d7 62 \u00d7 35 cm Produkto svoris 25,55 kg Svoris su pakuote 29,5 kg.  Turime vietoje! Gamintojas PetRebels, olandi\u0161ka kokyb\u0117. Itin kokybi\u0161kos ir patogios ka\u010di\u0173 draskykl\u0117s, kurios tarnauja daugel\u012f met\u0173 ir puo\u0161ia j\u016bs\u0173 namus. J\u016bs\u0173 kat\u0117 bus d\u0117kinga!\" \/>\n<meta property=\"og:url\" content=\"https:\/\/miumjau.ee\/lt\/produktas\/petrebels-draskykle-lodge-107-sviesiai-pilka\/\" \/>\n<meta property=\"og:site_name\" content=\"MiuMjau\" \/>\n<meta property=\"article:publisher\" content=\"https:\/\/www.facebook.com\/miumjaupood\/\" \/>\n<meta property=\"article:modified_time\" content=\"2026-01-07T18:55:56+00:00\" \/>\n<meta property=\"og:image\" content=\"https:\/\/miumjau.ee\/wp-content\/uploads\/2023\/07\/Lodge107_hall_kassi_kraapimispuu2.jpg\" \/>\n\t<meta property=\"og:image:width\" content=\"600\" \/>\n\t<meta property=\"og:image:height\" content=\"800\" \/>\n\t<meta property=\"og:image:type\" content=\"image\/jpeg\" \/>\n<meta name=\"twitter:card\" content=\"summary_large_image\" \/>\n<script type=\"application\/ld+json\" class=\"yoast-schema-graph\">{\"@context\":\"https:\/\/schema.org\",\"@graph\":[{\"@type\":\"WebPage\",\"@id\":\"https:\/\/miumjau.ee\/lt\/produktas\/petrebels-draskykle-lodge-107-sviesiai-pilka\/\",\"url\":\"https:\/\/miumjau.ee\/lt\/produktas\/petrebels-draskykle-lodge-107-sviesiai-pilka\/\",\"name\":\"Petrebels draskykl\u0117 Lodge 107, \u0161viesiai pilka - MiuMjau\",\"isPartOf\":{\"@id\":\"https:\/\/miumjau.ee\/#website\"},\"primaryImageOfPage\":{\"@id\":\"https:\/\/miumjau.ee\/lt\/produktas\/petrebels-draskykle-lodge-107-sviesiai-pilka\/#primaryimage\"},\"image\":{\"@id\":\"https:\/\/miumjau.ee\/lt\/produktas\/petrebels-draskykle-lodge-107-sviesiai-pilka\/#primaryimage\"},\"thumbnailUrl\":\"https:\/\/miumjau.ee\/wp-content\/uploads\/2023\/07\/Lodge107_hall_kassi_kraapimispuu2.jpg\",\"datePublished\":\"2023-07-21T04:37:29+00:00\",\"dateModified\":\"2026-01-07T18:55:56+00:00\",\"breadcrumb\":{\"@id\":\"https:\/\/miumjau.ee\/lt\/produktas\/petrebels-draskykle-lodge-107-sviesiai-pilka\/#breadcrumb\"},\"inLanguage\":\"lt-LT\",\"potentialAction\":[{\"@type\":\"ReadAction\",\"target\":[\"https:\/\/miumjau.ee\/lt\/produktas\/petrebels-draskykle-lodge-107-sviesiai-pilka\/\"]}]},{\"@type\":\"ImageObject\",\"inLanguage\":\"lt-LT\",\"@id\":\"https:\/\/miumjau.ee\/lt\/produktas\/petrebels-draskykle-lodge-107-sviesiai-pilka\/#primaryimage\",\"url\":\"https:\/\/miumjau.ee\/wp-content\/uploads\/2023\/07\/Lodge107_hall_kassi_kraapimispuu2.jpg\",\"contentUrl\":\"https:\/\/miumjau.ee\/wp-content\/uploads\/2023\/07\/Lodge107_hall_kassi_kraapimispuu2.jpg\",\"width\":600,\"height\":800,\"caption\":\"Lodge 107 hall Petrebels kassi kraapimispuu\"},{\"@type\":\"BreadcrumbList\",\"@id\":\"https:\/\/miumjau.ee\/lt\/produktas\/petrebels-draskykle-lodge-107-sviesiai-pilka\/#breadcrumb\",\"itemListElement\":[{\"@type\":\"ListItem\",\"position\":1,\"name\":\"Home\",\"item\":\"https:\/\/miumjau.ee\/lt\/\"},{\"@type\":\"ListItem\",\"position\":2,\"name\":\"Parduotuv\u0117\",\"item\":\"https:\/\/miumjau.ee\/lt\/parduotuve\/\"},{\"@type\":\"ListItem\",\"position\":3,\"name\":\"Petrebels draskykl\u0117 Lodge 107, \u0161viesiai pilka\"}]},{\"@type\":\"WebSite\",\"@id\":\"https:\/\/miumjau.ee\/#website\",\"url\":\"https:\/\/miumjau.ee\/\",\"name\":\"MiuMjau\",\"description\":\"Kraapimispuud kassidele\",\"publisher\":{\"@id\":\"https:\/\/miumjau.ee\/#organization\"},\"potentialAction\":[{\"@type\":\"SearchAction\",\"target\":{\"@type\":\"EntryPoint\",\"urlTemplate\":\"https:\/\/miumjau.ee\/?s={search_term_string}\"},\"query-input\":{\"@type\":\"PropertyValueSpecification\",\"valueRequired\":true,\"valueName\":\"search_term_string\"}}],\"inLanguage\":\"lt-LT\"},{\"@type\":\"Organization\",\"@id\":\"https:\/\/miumjau.ee\/#organization\",\"name\":\"MiuMjau O\u00dc\",\"url\":\"https:\/\/miumjau.ee\/\",\"logo\":{\"@type\":\"ImageObject\",\"inLanguage\":\"lt-LT\",\"@id\":\"https:\/\/miumjau.ee\/#\/schema\/logo\/image\/\",\"url\":\"https:\/\/miumjau.ee\/wp-content\/uploads\/2022\/04\/MiuMjau-logo-kollane.png\",\"contentUrl\":\"https:\/\/miumjau.ee\/wp-content\/uploads\/2022\/04\/MiuMjau-logo-kollane.png\",\"width\":219,\"height\":100,\"caption\":\"MiuMjau O\u00dc\"},\"image\":{\"@id\":\"https:\/\/miumjau.ee\/#\/schema\/logo\/image\/\"},\"sameAs\":[\"https:\/\/www.facebook.com\/miumjaupood\/\"]}]}<\/script>\n<!-- \/ Yoast SEO plugin. -->","yoast_head_json":{"title":"Petrebels draskykl\u0117 Lodge 107, \u0161viesiai pilka - MiuMjau","robots":{"index":"index","follow":"follow","max-snippet":"max-snippet:-1","max-image-preview":"max-image-preview:large","max-video-preview":"max-video-preview:-1"},"canonical":"https:\/\/miumjau.ee\/lt\/produktas\/petrebels-draskykle-lodge-107-sviesiai-pilka\/","og_locale":"lt_LT","og_type":"article","og_title":"Petrebels draskykl\u0117 Lodge 107, \u0161viesiai pilka - MiuMjau","og_description":"Draskykl\u0117 kat\u0117ms, tinkanti vis\u0173 am\u017ei\u0173 augintiniams \u2013 ka\u010diukams, vidutin\u0117ms, didel\u0117ms ir senjor\u0117ms. Namelis tvirtas, stabilus, didelis ir labai dailus \u2013 tiks bet kuriuose namuose. Ka\u010diukai gal\u0117s i\u0161lieti vis\u0105 energij\u0105, nes \u010dia be galo daug laipiojimo ir draskymo. Vir\u0161uje \u2013 ypa\u010d mink\u0161tas gultas \u201egro\u017eio miegui\u201c. \u017dinoma, miegoti galima ir dviejuose skirtinguose nameliuose. Apatinis, labai didelis namelis atviras, o vir\u0161utinis \u2013 su u\u017edaromis \u0161onin\u0117mis sienel\u0117mis, jei katei norisi privatumo.   Draskykl\u0117je yra galinga draskymo ir \u017eaidimo virv\u0117!  Spalva \u2013 pilka, sizalis \u2013 nat\u016bralios spalvos  Bendri matmenys: 59 \u00d7 59 \u00d7 107 cm (\u017er. papildomus matmenis nuotraukoje)  Sizalio storis 6 mm  Pakuot\u0117s matmenys 62 \u00d7 62 \u00d7 35 cm Produkto svoris 25,55 kg Svoris su pakuote 29,5 kg.  Turime vietoje! Gamintojas PetRebels, olandi\u0161ka kokyb\u0117. Itin kokybi\u0161kos ir patogios ka\u010di\u0173 draskykl\u0117s, kurios tarnauja daugel\u012f met\u0173 ir puo\u0161ia j\u016bs\u0173 namus. J\u016bs\u0173 kat\u0117 bus d\u0117kinga!","og_url":"https:\/\/miumjau.ee\/lt\/produktas\/petrebels-draskykle-lodge-107-sviesiai-pilka\/","og_site_name":"MiuMjau","article_publisher":"https:\/\/www.facebook.com\/miumjaupood\/","article_modified_time":"2026-01-07T18:55:56+00:00","og_image":[{"width":600,"height":800,"url":"https:\/\/miumjau.ee\/wp-content\/uploads\/2023\/07\/Lodge107_hall_kassi_kraapimispuu2.jpg","type":"image\/jpeg"}],"twitter_card":"summary_large_image","schema":{"@context":"https:\/\/schema.org","@graph":[{"@type":"WebPage","@id":"https:\/\/miumjau.ee\/lt\/produktas\/petrebels-draskykle-lodge-107-sviesiai-pilka\/","url":"https:\/\/miumjau.ee\/lt\/produktas\/petrebels-draskykle-lodge-107-sviesiai-pilka\/","name":"Petrebels draskykl\u0117 Lodge 107, \u0161viesiai pilka - MiuMjau","isPartOf":{"@id":"https:\/\/miumjau.ee\/#website"},"primaryImageOfPage":{"@id":"https:\/\/miumjau.ee\/lt\/produktas\/petrebels-draskykle-lodge-107-sviesiai-pilka\/#primaryimage"},"image":{"@id":"https:\/\/miumjau.ee\/lt\/produktas\/petrebels-draskykle-lodge-107-sviesiai-pilka\/#primaryimage"},"thumbnailUrl":"https:\/\/miumjau.ee\/wp-content\/uploads\/2023\/07\/Lodge107_hall_kassi_kraapimispuu2.jpg","datePublished":"2023-07-21T04:37:29+00:00","dateModified":"2026-01-07T18:55:56+00:00","breadcrumb":{"@id":"https:\/\/miumjau.ee\/lt\/produktas\/petrebels-draskykle-lodge-107-sviesiai-pilka\/#breadcrumb"},"inLanguage":"lt-LT","potentialAction":[{"@type":"ReadAction","target":["https:\/\/miumjau.ee\/lt\/produktas\/petrebels-draskykle-lodge-107-sviesiai-pilka\/"]}]},{"@type":"ImageObject","inLanguage":"lt-LT","@id":"https:\/\/miumjau.ee\/lt\/produktas\/petrebels-draskykle-lodge-107-sviesiai-pilka\/#primaryimage","url":"https:\/\/miumjau.ee\/wp-content\/uploads\/2023\/07\/Lodge107_hall_kassi_kraapimispuu2.jpg","contentUrl":"https:\/\/miumjau.ee\/wp-content\/uploads\/2023\/07\/Lodge107_hall_kassi_kraapimispuu2.jpg","width":600,"height":800,"caption":"Lodge 107 hall Petrebels kassi kraapimispuu"},{"@type":"BreadcrumbList","@id":"https:\/\/miumjau.ee\/lt\/produktas\/petrebels-draskykle-lodge-107-sviesiai-pilka\/#breadcrumb","itemListElement":[{"@type":"ListItem","position":1,"name":"Home","item":"https:\/\/miumjau.ee\/lt\/"},{"@type":"ListItem","position":2,"name":"Parduotuv\u0117","item":"https:\/\/miumjau.ee\/lt\/parduotuve\/"},{"@type":"ListItem","position":3,"name":"Petrebels draskykl\u0117 Lodge 107, \u0161viesiai pilka"}]},{"@type":"WebSite","@id":"https:\/\/miumjau.ee\/#website","url":"https:\/\/miumjau.ee\/","name":"MiuMjau","description":"Kraapimispuud kassidele","publisher":{"@id":"https:\/\/miumjau.ee\/#organization"},"potentialAction":[{"@type":"SearchAction","target":{"@type":"EntryPoint","urlTemplate":"https:\/\/miumjau.ee\/?s={search_term_string}"},"query-input":{"@type":"PropertyValueSpecification","valueRequired":true,"valueName":"search_term_string"}}],"inLanguage":"lt-LT"},{"@type":"Organization","@id":"https:\/\/miumjau.ee\/#organization","name":"MiuMjau O\u00dc","url":"https:\/\/miumjau.ee\/","logo":{"@type":"ImageObject","inLanguage":"lt-LT","@id":"https:\/\/miumjau.ee\/#\/schema\/logo\/image\/","url":"https:\/\/miumjau.ee\/wp-content\/uploads\/2022\/04\/MiuMjau-logo-kollane.png","contentUrl":"https:\/\/miumjau.ee\/wp-content\/uploads\/2022\/04\/MiuMjau-logo-kollane.png","width":219,"height":100,"caption":"MiuMjau O\u00dc"},"image":{"@id":"https:\/\/miumjau.ee\/#\/schema\/logo\/image\/"},"sameAs":["https:\/\/www.facebook.com\/miumjaupood\/"]}]}},"_links":{"self":[{"href":"https:\/\/miumjau.ee\/lt\/wp-json\/wp\/v2\/product\/40995","targetHints":{"allow":["GET"]}}],"collection":[{"href":"https:\/\/miumjau.ee\/lt\/wp-json\/wp\/v2\/product"}],"about":[{"href":"https:\/\/miumjau.ee\/lt\/wp-json\/wp\/v2\/types\/product"}],"wp:featuredmedia":[{"embeddable":true,"href":"https:\/\/miumjau.ee\/lt\/wp-json\/wp\/v2\/media\/41603"}],"wp:attachment":[{"href":"https:\/\/miumjau.ee\/lt\/wp-json\/wp\/v2\/media?parent=40995"}],"wp:term":[{"taxonomy":"product_brand","embeddable":true,"href":"https:\/\/miumjau.ee\/lt\/wp-json\/wp\/v2\/product_brand?post=40995"},{"taxonomy":"product_cat","embeddable":true,"href":"https:\/\/miumjau.ee\/lt\/wp-json\/wp\/v2\/product_cat?post=40995"},{"taxonomy":"product_tag","embeddable":true,"href":"https:\/\/miumjau.ee\/lt\/wp-json\/wp\/v2\/product_tag?post=40995"}],"curies":[{"name":"wp","href":"https:\/\/api.w.org\/{rel}","templated":true}]}}