{"id":40990,"date":"2023-07-19T04:43:05","date_gmt":"2023-07-19T01:43:05","guid":{"rendered":"https:\/\/miumjau.ee\/toode\/draskykle-petrebels-victoria-125-juoda-pavyzdys\/"},"modified":"2026-01-07T20:56:03","modified_gmt":"2026-01-07T18:56:03","slug":"draskykle-petrebels-victoria-125-juoda-pavyzdys","status":"publish","type":"product","link":"https:\/\/miumjau.ee\/lt\/produktas\/draskykle-petrebels-victoria-125-juoda-pavyzdys\/","title":{"rendered":"Draskykl\u0117 Petrebels Victoria 125, juoda PAVYZDYS"},"content":{"rendered":"","protected":false},"excerpt":{"rendered":"<p>NB! \u0160iuo metu sand\u0117lyje paskutinis \u0161ios spalvos, t. y. surinktas modelis; atsiimti reikia patiems.<\/p>\n<p>Draskykl\u0117 kat\u0117ms, tinkanti vis\u0173 am\u017ei\u0173 augintiniams \u2013 ka\u010diukams, vidutin\u0117ms, didel\u0117ms ir senjor\u0117ms. U\u017eima ma\u017eai vietos! Stulpai tvirti ir galingi \u2013 12 cm skersmens, o aik\u0161tel\u0117s dengtos ypatingai mink\u0161tu pliu\u0161u. \u010cia yra viskas, ko reikia katei: vieta draskyti, dvi vir\u0161uje esan\u010dios gult\u0173 \u201eki\u0161en\u0117s\u201c tingiai poilsiauti, \u017eaidim\u0173 tunelis ir mielas namelis pasisl\u0117pti.<\/p>\n<p>Ir pliu\u0161as, ir draskomas sizalis yra vientisos juodos spalvos. Pastaba: namelyje esantis mink\u0161tas pagrindinis kilim\u0117lis skalbiamas.<br \/>\nMatmenys: ilgis 48,5 cm, plotis 48,5 cm, auk\u0161tis 125 cm.<br \/>\nVir\u0161uje esan\u010di\u0173 gult\u0173 \u201eki\u0161eni\u0173\u201c dydis 40 \u00d7 40 cm, auk\u0161tis 20 cm (pakankamai auk\u0161tos, kad kat\u0117s nety\u010dia nei\u0161krist\u0173 miegodamos).<br \/>\nApatinis namelis 40 \u00d7 40 cm, auk\u0161tis 30 cm.<br \/>\nSizalio storis 6 mm.<\/p>\n<p>Pakuot\u0117s matmenys 54 \u00d7 54 \u00d7 62 cm<br \/>\nProdukto svoris 22 kg<br \/>\nSvoris su pakuote 24 kg.<\/p>\n<p>Turime vietoje!<br \/>\nGamintojas PetRebels, olandi\u0161ka kokyb\u0117. Itin kokybi\u0161kos ir patogios ka\u010di\u0173 draskykl\u0117s, kurios tarnauja daugel\u012f met\u0173 ir puo\u0161ia j\u016bs\u0173 namus. J\u016bs\u0173 kat\u0117 bus d\u0117kinga!<\/p>\n","protected":false},"featured_media":41558,"template":"","meta":[],"product_brand":[],"product_cat":[513,524],"product_tag":[],"class_list":{"0":"post-40990","1":"product","2":"type-product","3":"status-publish","4":"has-post-thumbnail","6":"product_cat-vidutinio-dydzio-draskymo-medziai-petrebels","7":"product_cat-kaup24-lt","8":"product_shipping_class-naidised-lt","10":"first","11":"instock","12":"sale","13":"taxable","14":"shipping-taxable","15":"purchasable","16":"product-type-simple"},"yoast_head":"<!-- This site is optimized with the Yoast SEO plugin v27.2 - https:\/\/yoast.com\/product\/yoast-seo-wordpress\/ -->\n<title>Draskykl\u0117 Petrebels Victoria 125, juoda PAVYZDYS - MiuMjau<\/title>\n<meta name=\"robots\" content=\"index, follow, max-snippet:-1, max-image-preview:large, max-video-preview:-1\" \/>\n<link rel=\"canonical\" href=\"https:\/\/miumjau.ee\/lt\/produktas\/draskykle-petrebels-victoria-125-juoda-pavyzdys\/\" \/>\n<meta property=\"og:locale\" content=\"lt_LT\" \/>\n<meta property=\"og:type\" content=\"article\" \/>\n<meta property=\"og:title\" content=\"Draskykl\u0117 Petrebels Victoria 125, juoda PAVYZDYS - MiuMjau\" \/>\n<meta property=\"og:description\" content=\"NB! \u0160iuo metu sand\u0117lyje paskutinis \u0161ios spalvos, t. y. surinktas modelis; atsiimti reikia patiems. Draskykl\u0117 kat\u0117ms, tinkanti vis\u0173 am\u017ei\u0173 augintiniams \u2013 ka\u010diukams, vidutin\u0117ms, didel\u0117ms ir senjor\u0117ms. U\u017eima ma\u017eai vietos! Stulpai tvirti ir galingi \u2013 12 cm skersmens, o aik\u0161tel\u0117s dengtos ypatingai mink\u0161tu pliu\u0161u. \u010cia yra viskas, ko reikia katei: vieta draskyti, dvi vir\u0161uje esan\u010dios gult\u0173 \u201eki\u0161en\u0117s\u201c tingiai poilsiauti, \u017eaidim\u0173 tunelis ir mielas namelis pasisl\u0117pti. Ir pliu\u0161as, ir draskomas sizalis yra vientisos juodos spalvos. Pastaba: namelyje esantis mink\u0161tas pagrindinis kilim\u0117lis skalbiamas. Matmenys: ilgis 48,5 cm, plotis 48,5 cm, auk\u0161tis 125 cm. Vir\u0161uje esan\u010di\u0173 gult\u0173 \u201eki\u0161eni\u0173\u201c dydis 40 \u00d7 40 cm, auk\u0161tis 20 cm (pakankamai auk\u0161tos, kad kat\u0117s nety\u010dia nei\u0161krist\u0173 miegodamos). Apatinis namelis 40 \u00d7 40 cm, auk\u0161tis 30 cm. Sizalio storis 6 mm.  Pakuot\u0117s matmenys 54 \u00d7 54 \u00d7 62 cm Produkto svoris 22 kg Svoris su pakuote 24 kg. Turime vietoje! Gamintojas PetRebels, olandi\u0161ka kokyb\u0117. Itin kokybi\u0161kos ir patogios ka\u010di\u0173 draskykl\u0117s, kurios tarnauja daugel\u012f met\u0173 ir puo\u0161ia j\u016bs\u0173 namus. J\u016bs\u0173 kat\u0117 bus d\u0117kinga!\" \/>\n<meta property=\"og:url\" content=\"https:\/\/miumjau.ee\/lt\/produktas\/draskykle-petrebels-victoria-125-juoda-pavyzdys\/\" \/>\n<meta property=\"og:site_name\" content=\"MiuMjau\" \/>\n<meta property=\"article:publisher\" content=\"https:\/\/www.facebook.com\/miumjaupood\/\" \/>\n<meta property=\"article:modified_time\" content=\"2026-01-07T18:56:03+00:00\" \/>\n<meta property=\"og:image\" content=\"https:\/\/miumjau.ee\/wp-content\/uploads\/2023\/07\/Victoria_125_must_Petrebels8.jpg\" \/>\n\t<meta property=\"og:image:width\" content=\"600\" \/>\n\t<meta property=\"og:image:height\" content=\"800\" \/>\n\t<meta property=\"og:image:type\" content=\"image\/jpeg\" \/>\n<meta name=\"twitter:card\" content=\"summary_large_image\" \/>\n<script type=\"application\/ld+json\" class=\"yoast-schema-graph\">{\"@context\":\"https:\/\/schema.org\",\"@graph\":[{\"@type\":\"WebPage\",\"@id\":\"https:\/\/miumjau.ee\/lt\/produktas\/draskykle-petrebels-victoria-125-juoda-pavyzdys\/\",\"url\":\"https:\/\/miumjau.ee\/lt\/produktas\/draskykle-petrebels-victoria-125-juoda-pavyzdys\/\",\"name\":\"Draskykl\u0117 Petrebels Victoria 125, juoda PAVYZDYS - MiuMjau\",\"isPartOf\":{\"@id\":\"https:\/\/miumjau.ee\/#website\"},\"primaryImageOfPage\":{\"@id\":\"https:\/\/miumjau.ee\/lt\/produktas\/draskykle-petrebels-victoria-125-juoda-pavyzdys\/#primaryimage\"},\"image\":{\"@id\":\"https:\/\/miumjau.ee\/lt\/produktas\/draskykle-petrebels-victoria-125-juoda-pavyzdys\/#primaryimage\"},\"thumbnailUrl\":\"https:\/\/miumjau.ee\/wp-content\/uploads\/2023\/07\/Victoria_125_must_Petrebels8.jpg\",\"datePublished\":\"2023-07-19T01:43:05+00:00\",\"dateModified\":\"2026-01-07T18:56:03+00:00\",\"breadcrumb\":{\"@id\":\"https:\/\/miumjau.ee\/lt\/produktas\/draskykle-petrebels-victoria-125-juoda-pavyzdys\/#breadcrumb\"},\"inLanguage\":\"lt-LT\",\"potentialAction\":[{\"@type\":\"ReadAction\",\"target\":[\"https:\/\/miumjau.ee\/lt\/produktas\/draskykle-petrebels-victoria-125-juoda-pavyzdys\/\"]}]},{\"@type\":\"ImageObject\",\"inLanguage\":\"lt-LT\",\"@id\":\"https:\/\/miumjau.ee\/lt\/produktas\/draskykle-petrebels-victoria-125-juoda-pavyzdys\/#primaryimage\",\"url\":\"https:\/\/miumjau.ee\/wp-content\/uploads\/2023\/07\/Victoria_125_must_Petrebels8.jpg\",\"contentUrl\":\"https:\/\/miumjau.ee\/wp-content\/uploads\/2023\/07\/Victoria_125_must_Petrebels8.jpg\",\"width\":600,\"height\":800,\"caption\":\"Kraapimispuu PetRebels Victoria 125\"},{\"@type\":\"BreadcrumbList\",\"@id\":\"https:\/\/miumjau.ee\/lt\/produktas\/draskykle-petrebels-victoria-125-juoda-pavyzdys\/#breadcrumb\",\"itemListElement\":[{\"@type\":\"ListItem\",\"position\":1,\"name\":\"Home\",\"item\":\"https:\/\/miumjau.ee\/lt\/\"},{\"@type\":\"ListItem\",\"position\":2,\"name\":\"Parduotuv\u0117\",\"item\":\"https:\/\/miumjau.ee\/lt\/parduotuve\/\"},{\"@type\":\"ListItem\",\"position\":3,\"name\":\"Draskykl\u0117 Petrebels Victoria 125, juoda PAVYZDYS\"}]},{\"@type\":\"WebSite\",\"@id\":\"https:\/\/miumjau.ee\/#website\",\"url\":\"https:\/\/miumjau.ee\/\",\"name\":\"MiuMjau\",\"description\":\"Kraapimispuud kassidele\",\"publisher\":{\"@id\":\"https:\/\/miumjau.ee\/#organization\"},\"potentialAction\":[{\"@type\":\"SearchAction\",\"target\":{\"@type\":\"EntryPoint\",\"urlTemplate\":\"https:\/\/miumjau.ee\/?s={search_term_string}\"},\"query-input\":{\"@type\":\"PropertyValueSpecification\",\"valueRequired\":true,\"valueName\":\"search_term_string\"}}],\"inLanguage\":\"lt-LT\"},{\"@type\":\"Organization\",\"@id\":\"https:\/\/miumjau.ee\/#organization\",\"name\":\"MiuMjau O\u00dc\",\"url\":\"https:\/\/miumjau.ee\/\",\"logo\":{\"@type\":\"ImageObject\",\"inLanguage\":\"lt-LT\",\"@id\":\"https:\/\/miumjau.ee\/#\/schema\/logo\/image\/\",\"url\":\"https:\/\/miumjau.ee\/wp-content\/uploads\/2022\/04\/MiuMjau-logo-kollane.png\",\"contentUrl\":\"https:\/\/miumjau.ee\/wp-content\/uploads\/2022\/04\/MiuMjau-logo-kollane.png\",\"width\":219,\"height\":100,\"caption\":\"MiuMjau O\u00dc\"},\"image\":{\"@id\":\"https:\/\/miumjau.ee\/#\/schema\/logo\/image\/\"},\"sameAs\":[\"https:\/\/www.facebook.com\/miumjaupood\/\"]}]}<\/script>\n<!-- \/ Yoast SEO plugin. -->","yoast_head_json":{"title":"Draskykl\u0117 Petrebels Victoria 125, juoda PAVYZDYS - MiuMjau","robots":{"index":"index","follow":"follow","max-snippet":"max-snippet:-1","max-image-preview":"max-image-preview:large","max-video-preview":"max-video-preview:-1"},"canonical":"https:\/\/miumjau.ee\/lt\/produktas\/draskykle-petrebels-victoria-125-juoda-pavyzdys\/","og_locale":"lt_LT","og_type":"article","og_title":"Draskykl\u0117 Petrebels Victoria 125, juoda PAVYZDYS - MiuMjau","og_description":"NB! \u0160iuo metu sand\u0117lyje paskutinis \u0161ios spalvos, t. y. surinktas modelis; atsiimti reikia patiems. Draskykl\u0117 kat\u0117ms, tinkanti vis\u0173 am\u017ei\u0173 augintiniams \u2013 ka\u010diukams, vidutin\u0117ms, didel\u0117ms ir senjor\u0117ms. U\u017eima ma\u017eai vietos! Stulpai tvirti ir galingi \u2013 12 cm skersmens, o aik\u0161tel\u0117s dengtos ypatingai mink\u0161tu pliu\u0161u. \u010cia yra viskas, ko reikia katei: vieta draskyti, dvi vir\u0161uje esan\u010dios gult\u0173 \u201eki\u0161en\u0117s\u201c tingiai poilsiauti, \u017eaidim\u0173 tunelis ir mielas namelis pasisl\u0117pti. Ir pliu\u0161as, ir draskomas sizalis yra vientisos juodos spalvos. Pastaba: namelyje esantis mink\u0161tas pagrindinis kilim\u0117lis skalbiamas. Matmenys: ilgis 48,5 cm, plotis 48,5 cm, auk\u0161tis 125 cm. Vir\u0161uje esan\u010di\u0173 gult\u0173 \u201eki\u0161eni\u0173\u201c dydis 40 \u00d7 40 cm, auk\u0161tis 20 cm (pakankamai auk\u0161tos, kad kat\u0117s nety\u010dia nei\u0161krist\u0173 miegodamos). Apatinis namelis 40 \u00d7 40 cm, auk\u0161tis 30 cm. Sizalio storis 6 mm.  Pakuot\u0117s matmenys 54 \u00d7 54 \u00d7 62 cm Produkto svoris 22 kg Svoris su pakuote 24 kg. Turime vietoje! Gamintojas PetRebels, olandi\u0161ka kokyb\u0117. Itin kokybi\u0161kos ir patogios ka\u010di\u0173 draskykl\u0117s, kurios tarnauja daugel\u012f met\u0173 ir puo\u0161ia j\u016bs\u0173 namus. J\u016bs\u0173 kat\u0117 bus d\u0117kinga!","og_url":"https:\/\/miumjau.ee\/lt\/produktas\/draskykle-petrebels-victoria-125-juoda-pavyzdys\/","og_site_name":"MiuMjau","article_publisher":"https:\/\/www.facebook.com\/miumjaupood\/","article_modified_time":"2026-01-07T18:56:03+00:00","og_image":[{"width":600,"height":800,"url":"https:\/\/miumjau.ee\/wp-content\/uploads\/2023\/07\/Victoria_125_must_Petrebels8.jpg","type":"image\/jpeg"}],"twitter_card":"summary_large_image","schema":{"@context":"https:\/\/schema.org","@graph":[{"@type":"WebPage","@id":"https:\/\/miumjau.ee\/lt\/produktas\/draskykle-petrebels-victoria-125-juoda-pavyzdys\/","url":"https:\/\/miumjau.ee\/lt\/produktas\/draskykle-petrebels-victoria-125-juoda-pavyzdys\/","name":"Draskykl\u0117 Petrebels Victoria 125, juoda PAVYZDYS - MiuMjau","isPartOf":{"@id":"https:\/\/miumjau.ee\/#website"},"primaryImageOfPage":{"@id":"https:\/\/miumjau.ee\/lt\/produktas\/draskykle-petrebels-victoria-125-juoda-pavyzdys\/#primaryimage"},"image":{"@id":"https:\/\/miumjau.ee\/lt\/produktas\/draskykle-petrebels-victoria-125-juoda-pavyzdys\/#primaryimage"},"thumbnailUrl":"https:\/\/miumjau.ee\/wp-content\/uploads\/2023\/07\/Victoria_125_must_Petrebels8.jpg","datePublished":"2023-07-19T01:43:05+00:00","dateModified":"2026-01-07T18:56:03+00:00","breadcrumb":{"@id":"https:\/\/miumjau.ee\/lt\/produktas\/draskykle-petrebels-victoria-125-juoda-pavyzdys\/#breadcrumb"},"inLanguage":"lt-LT","potentialAction":[{"@type":"ReadAction","target":["https:\/\/miumjau.ee\/lt\/produktas\/draskykle-petrebels-victoria-125-juoda-pavyzdys\/"]}]},{"@type":"ImageObject","inLanguage":"lt-LT","@id":"https:\/\/miumjau.ee\/lt\/produktas\/draskykle-petrebels-victoria-125-juoda-pavyzdys\/#primaryimage","url":"https:\/\/miumjau.ee\/wp-content\/uploads\/2023\/07\/Victoria_125_must_Petrebels8.jpg","contentUrl":"https:\/\/miumjau.ee\/wp-content\/uploads\/2023\/07\/Victoria_125_must_Petrebels8.jpg","width":600,"height":800,"caption":"Kraapimispuu PetRebels Victoria 125"},{"@type":"BreadcrumbList","@id":"https:\/\/miumjau.ee\/lt\/produktas\/draskykle-petrebels-victoria-125-juoda-pavyzdys\/#breadcrumb","itemListElement":[{"@type":"ListItem","position":1,"name":"Home","item":"https:\/\/miumjau.ee\/lt\/"},{"@type":"ListItem","position":2,"name":"Parduotuv\u0117","item":"https:\/\/miumjau.ee\/lt\/parduotuve\/"},{"@type":"ListItem","position":3,"name":"Draskykl\u0117 Petrebels Victoria 125, juoda PAVYZDYS"}]},{"@type":"WebSite","@id":"https:\/\/miumjau.ee\/#website","url":"https:\/\/miumjau.ee\/","name":"MiuMjau","description":"Kraapimispuud kassidele","publisher":{"@id":"https:\/\/miumjau.ee\/#organization"},"potentialAction":[{"@type":"SearchAction","target":{"@type":"EntryPoint","urlTemplate":"https:\/\/miumjau.ee\/?s={search_term_string}"},"query-input":{"@type":"PropertyValueSpecification","valueRequired":true,"valueName":"search_term_string"}}],"inLanguage":"lt-LT"},{"@type":"Organization","@id":"https:\/\/miumjau.ee\/#organization","name":"MiuMjau O\u00dc","url":"https:\/\/miumjau.ee\/","logo":{"@type":"ImageObject","inLanguage":"lt-LT","@id":"https:\/\/miumjau.ee\/#\/schema\/logo\/image\/","url":"https:\/\/miumjau.ee\/wp-content\/uploads\/2022\/04\/MiuMjau-logo-kollane.png","contentUrl":"https:\/\/miumjau.ee\/wp-content\/uploads\/2022\/04\/MiuMjau-logo-kollane.png","width":219,"height":100,"caption":"MiuMjau O\u00dc"},"image":{"@id":"https:\/\/miumjau.ee\/#\/schema\/logo\/image\/"},"sameAs":["https:\/\/www.facebook.com\/miumjaupood\/"]}]}},"_links":{"self":[{"href":"https:\/\/miumjau.ee\/lt\/wp-json\/wp\/v2\/product\/40990","targetHints":{"allow":["GET"]}}],"collection":[{"href":"https:\/\/miumjau.ee\/lt\/wp-json\/wp\/v2\/product"}],"about":[{"href":"https:\/\/miumjau.ee\/lt\/wp-json\/wp\/v2\/types\/product"}],"wp:featuredmedia":[{"embeddable":true,"href":"https:\/\/miumjau.ee\/lt\/wp-json\/wp\/v2\/media\/41558"}],"wp:attachment":[{"href":"https:\/\/miumjau.ee\/lt\/wp-json\/wp\/v2\/media?parent=40990"}],"wp:term":[{"taxonomy":"product_brand","embeddable":true,"href":"https:\/\/miumjau.ee\/lt\/wp-json\/wp\/v2\/product_brand?post=40990"},{"taxonomy":"product_cat","embeddable":true,"href":"https:\/\/miumjau.ee\/lt\/wp-json\/wp\/v2\/product_cat?post=40990"},{"taxonomy":"product_tag","embeddable":true,"href":"https:\/\/miumjau.ee\/lt\/wp-json\/wp\/v2\/product_tag?post=40990"}],"curies":[{"name":"wp","href":"https:\/\/api.w.org\/{rel}","templated":true}]}}