{"id":46124,"date":"2024-07-16T21:58:04","date_gmt":"2024-07-16T18:58:04","guid":{"rendered":"https:\/\/miumjau.ee\/?page_id=46124"},"modified":"2025-12-02T11:39:14","modified_gmt":"2025-12-02T09:39:14","slug":"paaukoti","status":"publish","type":"page","link":"https:\/\/miumjau.ee\/lt\/paaukoti\/","title":{"rendered":"Paaukoti"},"content":{"rendered":"<div class=\"fusion-fullwidth fullwidth-box fusion-builder-row-1 fusion-flex-container has-pattern-background has-mask-background nonhundred-percent-fullwidth non-hundred-percent-height-scrolling\" style=\"--awb-border-radius-top-left:0px;--awb-border-radius-top-right:0px;--awb-border-radius-bottom-right:0px;--awb-border-radius-bottom-left:0px;--awb-flex-wrap:wrap;\" ><div class=\"fusion-builder-row fusion-row fusion-flex-align-items-flex-start fusion-flex-content-wrap\" style=\"max-width:1248px;margin-left: calc(-4% \/ 2 );margin-right: calc(-4% \/ 2 );\"><div class=\"fusion-layout-column fusion_builder_column fusion-builder-column-0 fusion_builder_column_1_2 1_2 fusion-flex-column\" style=\"--awb-bg-size:cover;--awb-width-large:50%;--awb-margin-top-large:0px;--awb-spacing-right-large:3.84%;--awb-margin-bottom-large:20px;--awb-spacing-left-large:3.84%;--awb-width-medium:50%;--awb-order-medium:0;--awb-spacing-right-medium:3.84%;--awb-spacing-left-medium:3.84%;--awb-width-small:100%;--awb-order-small:0;--awb-spacing-right-small:1.92%;--awb-spacing-left-small:1.92%;\"><div class=\"fusion-column-wrapper fusion-column-has-shadow fusion-flex-justify-content-flex-start fusion-content-layout-column\"><div class=\"fusion-text fusion-text-1\"><p>Tie, kas jau seka m\u016bs\u0173 veikl\u0105, \u017eino, kad mes kiekvienais metais vykdome labdaros projektus. Mes remiame prieglaudas, NVO ir globos namus pagal savo galimybes. Taip pat norime suteikti savo klientams galimyb\u0119 paaukoti bendradarbi\u0173 reikalingas prekes. Esame d\u0117kingi tiems, kurie padeda tiems, kurie patys negali sav\u0119s pad\u0117ti. Absoliu\u010diai kiekvienas paaukotas daiktas yra labai reikalingas ir laukiamas. Ka\u010di\u0173 maisto, Ka\u010di\u0173 kraikas ir draskymo med\u017eiai s\u0105naudos ka\u010di\u0173 guoliuose yra \u017eymios.<\/p>\n<h3>Kaip pad\u0117ti?<\/h3>\n<ol>\n<li>Prid\u0117kite pasirinktus produktus \u012f krep\u0161el\u012f<\/li>\n<li>Pasirinkite pristatymo b\u016bd\u0105 \u201ePaaukoti\u201c ir kasos puslapyje nurodykite NVO pavadinim\u0105, kur\u012f norite paremti. Pristatymo i\u0161laidas iki gav\u0117jo padengsime mes. Jei NVO nepasirinkote, si\u0173sime auk\u0105 vienam i\u0161 m\u016bs\u0173 bendradarbi\u0173 partneri\u0173 s\u0105ra\u0161o.<\/li>\n<li>Apmok\u0117kite u\u017e auk\u0105<\/li>\n<\/ol>\n<h3>Kaip b\u016bti tikriems, kad auka pasieks gav\u0117j\u0105?<\/h3>\n<p>Mes siun\u010diame aukas gav\u0117jams kart\u0105 per m\u0117nes\u012f, o da\u017eniau, jei tai suderinta su organizacijomis. M\u016bs\u0173 internetin\u0117 parduotuv\u0117 spar\u010diai auga, ir mes stengiam\u0117s, kad b\u016bt\u0173 daugiau tinkam\u0173 pigi\u0173 produkt\u0173 aukoms. Jei auk\u0173 bus pakankamai, apie j\u0173 perdavim\u0105 paskelbsime su nuotrauka ir m\u016bs\u0173 Facebook puslapyje <a href=\"https:\/\/www.facebook.com\/miumjaupood\/\" target=\"_blank\" rel=\"noopener\">MiuMjau kraapimispuud<\/a><\/p>\n<h3>M\u016bs\u0173 bendradarbi\u0173 partneriai:<\/h3>\n<p><a href=\"https:\/\/www.catshelp.ee\/\" target=\"_blank\" rel=\"noopener\"><strong>Cats Help NVO<\/strong><\/a><\/p>\n<p>NVO Cats Help yra savanori\u0173 organizacija, padedanti apleistoms kat\u0117ms. M\u016bs\u0173 misija \u2013 u\u017etikrinti i\u0161gelb\u0117t\u0173 ka\u010di\u0173 gydym\u0105 ir \u010dipavim\u0105, sustabdyti nepageidaujam\u0105 dauginim\u0105si ir surasti naujus namus. Gyv\u016bnus galime pad\u0117ti tik d\u0117l ger\u0173 r\u0117m\u0117j\u0173.<\/p>\n<\/div><\/div><\/div><div class=\"fusion-layout-column fusion_builder_column fusion-builder-column-1 fusion_builder_column_1_2 1_2 fusion-flex-column\" style=\"--awb-bg-size:cover;--awb-width-large:50%;--awb-margin-top-large:0px;--awb-spacing-right-large:3.84%;--awb-margin-bottom-large:20px;--awb-spacing-left-large:3.84%;--awb-width-medium:50%;--awb-order-medium:0;--awb-spacing-right-medium:3.84%;--awb-spacing-left-medium:3.84%;--awb-width-small:100%;--awb-order-small:0;--awb-spacing-right-small:1.92%;--awb-spacing-left-small:1.92%;\"><div class=\"fusion-column-wrapper fusion-column-has-shadow fusion-flex-justify-content-flex-start fusion-content-layout-column\"><div class=\"fusion-image-element \" style=\"--awb-caption-title-font-family:var(--h2_typography-font-family);--awb-caption-title-font-weight:var(--h2_typography-font-weight);--awb-caption-title-font-style:var(--h2_typography-font-style);--awb-caption-title-size:var(--h2_typography-font-size);--awb-caption-title-transform:var(--h2_typography-text-transform);--awb-caption-title-line-height:var(--h2_typography-line-height);--awb-caption-title-letter-spacing:var(--h2_typography-letter-spacing);\"><span class=\" fusion-imageframe imageframe-none imageframe-1 hover-type-none\"><img decoding=\"async\" width=\"600\" height=\"1200\" title=\"anneta-lt\" src=\"https:\/\/miumjau.ee\/wp-content\/uploads\/2025\/12\/anneta-lt.webp\" alt class=\"img-responsive wp-image-46495\" srcset=\"https:\/\/miumjau.ee\/wp-content\/uploads\/2025\/12\/anneta-lt-500x1000.webp 500w, https:\/\/miumjau.ee\/wp-content\/uploads\/2025\/12\/anneta-lt-512x1024.webp 512w, https:\/\/miumjau.ee\/wp-content\/uploads\/2025\/12\/anneta-lt.webp 600w\" sizes=\"(max-width: 600px) 100vw, 600px\" \/><\/span><\/div><\/div><\/div><\/div><\/div>\n","protected":false},"excerpt":{"rendered":"","protected":false},"author":1,"featured_media":0,"parent":0,"menu_order":0,"comment_status":"closed","ping_status":"closed","template":"","meta":{"footnotes":""},"class_list":["post-46124","page","type-page","status-publish","hentry"],"yoast_head":"<!-- This site is optimized with the Yoast SEO plugin v27.2 - https:\/\/yoast.com\/product\/yoast-seo-wordpress\/ -->\n<title>Paaukoti - MiuMjau<\/title>\n<meta name=\"robots\" content=\"index, follow, max-snippet:-1, max-image-preview:large, max-video-preview:-1\" \/>\n<link rel=\"canonical\" href=\"https:\/\/miumjau.ee\/lt\/paaukoti\/\" \/>\n<meta property=\"og:locale\" content=\"lt_LT\" \/>\n<meta property=\"og:type\" content=\"article\" \/>\n<meta property=\"og:title\" content=\"Paaukoti - MiuMjau\" \/>\n<meta property=\"og:url\" content=\"https:\/\/miumjau.ee\/lt\/paaukoti\/\" \/>\n<meta property=\"og:site_name\" content=\"MiuMjau\" \/>\n<meta property=\"article:publisher\" content=\"https:\/\/www.facebook.com\/miumjaupood\/\" \/>\n<meta property=\"article:modified_time\" content=\"2025-12-02T09:39:14+00:00\" \/>\n<meta name=\"twitter:card\" content=\"summary_large_image\" \/>\n<meta name=\"twitter:label1\" content=\"Est. reading time\" \/>\n\t<meta name=\"twitter:data1\" content=\"2 minut\u0117s\" \/>\n<script type=\"application\/ld+json\" class=\"yoast-schema-graph\">{\"@context\":\"https:\/\/schema.org\",\"@graph\":[{\"@type\":\"WebPage\",\"@id\":\"https:\/\/miumjau.ee\/lt\/paaukoti\/\",\"url\":\"https:\/\/miumjau.ee\/lt\/paaukoti\/\",\"name\":\"Paaukoti - MiuMjau\",\"isPartOf\":{\"@id\":\"https:\/\/miumjau.ee\/#website\"},\"datePublished\":\"2024-07-16T18:58:04+00:00\",\"dateModified\":\"2025-12-02T09:39:14+00:00\",\"breadcrumb\":{\"@id\":\"https:\/\/miumjau.ee\/lt\/paaukoti\/#breadcrumb\"},\"inLanguage\":\"lt-LT\",\"potentialAction\":[{\"@type\":\"ReadAction\",\"target\":[\"https:\/\/miumjau.ee\/lt\/paaukoti\/\"]}]},{\"@type\":\"BreadcrumbList\",\"@id\":\"https:\/\/miumjau.ee\/lt\/paaukoti\/#breadcrumb\",\"itemListElement\":[{\"@type\":\"ListItem\",\"position\":1,\"name\":\"Home\",\"item\":\"https:\/\/miumjau.ee\/lt\/\"},{\"@type\":\"ListItem\",\"position\":2,\"name\":\"Paaukoti\"}]},{\"@type\":\"WebSite\",\"@id\":\"https:\/\/miumjau.ee\/#website\",\"url\":\"https:\/\/miumjau.ee\/\",\"name\":\"MiuMjau\",\"description\":\"Kraapimispuud kassidele\",\"publisher\":{\"@id\":\"https:\/\/miumjau.ee\/#organization\"},\"potentialAction\":[{\"@type\":\"SearchAction\",\"target\":{\"@type\":\"EntryPoint\",\"urlTemplate\":\"https:\/\/miumjau.ee\/?s={search_term_string}\"},\"query-input\":{\"@type\":\"PropertyValueSpecification\",\"valueRequired\":true,\"valueName\":\"search_term_string\"}}],\"inLanguage\":\"lt-LT\"},{\"@type\":\"Organization\",\"@id\":\"https:\/\/miumjau.ee\/#organization\",\"name\":\"MiuMjau O\u00dc\",\"url\":\"https:\/\/miumjau.ee\/\",\"logo\":{\"@type\":\"ImageObject\",\"inLanguage\":\"lt-LT\",\"@id\":\"https:\/\/miumjau.ee\/#\/schema\/logo\/image\/\",\"url\":\"https:\/\/miumjau.ee\/wp-content\/uploads\/2022\/04\/MiuMjau-logo-kollane.png\",\"contentUrl\":\"https:\/\/miumjau.ee\/wp-content\/uploads\/2022\/04\/MiuMjau-logo-kollane.png\",\"width\":219,\"height\":100,\"caption\":\"MiuMjau O\u00dc\"},\"image\":{\"@id\":\"https:\/\/miumjau.ee\/#\/schema\/logo\/image\/\"},\"sameAs\":[\"https:\/\/www.facebook.com\/miumjaupood\/\"]}]}<\/script>\n<!-- \/ Yoast SEO plugin. -->","yoast_head_json":{"title":"Paaukoti - MiuMjau","robots":{"index":"index","follow":"follow","max-snippet":"max-snippet:-1","max-image-preview":"max-image-preview:large","max-video-preview":"max-video-preview:-1"},"canonical":"https:\/\/miumjau.ee\/lt\/paaukoti\/","og_locale":"lt_LT","og_type":"article","og_title":"Paaukoti - MiuMjau","og_url":"https:\/\/miumjau.ee\/lt\/paaukoti\/","og_site_name":"MiuMjau","article_publisher":"https:\/\/www.facebook.com\/miumjaupood\/","article_modified_time":"2025-12-02T09:39:14+00:00","twitter_card":"summary_large_image","twitter_misc":{"Est. reading time":"2 minut\u0117s"},"schema":{"@context":"https:\/\/schema.org","@graph":[{"@type":"WebPage","@id":"https:\/\/miumjau.ee\/lt\/paaukoti\/","url":"https:\/\/miumjau.ee\/lt\/paaukoti\/","name":"Paaukoti - MiuMjau","isPartOf":{"@id":"https:\/\/miumjau.ee\/#website"},"datePublished":"2024-07-16T18:58:04+00:00","dateModified":"2025-12-02T09:39:14+00:00","breadcrumb":{"@id":"https:\/\/miumjau.ee\/lt\/paaukoti\/#breadcrumb"},"inLanguage":"lt-LT","potentialAction":[{"@type":"ReadAction","target":["https:\/\/miumjau.ee\/lt\/paaukoti\/"]}]},{"@type":"BreadcrumbList","@id":"https:\/\/miumjau.ee\/lt\/paaukoti\/#breadcrumb","itemListElement":[{"@type":"ListItem","position":1,"name":"Home","item":"https:\/\/miumjau.ee\/lt\/"},{"@type":"ListItem","position":2,"name":"Paaukoti"}]},{"@type":"WebSite","@id":"https:\/\/miumjau.ee\/#website","url":"https:\/\/miumjau.ee\/","name":"MiuMjau","description":"Kraapimispuud kassidele","publisher":{"@id":"https:\/\/miumjau.ee\/#organization"},"potentialAction":[{"@type":"SearchAction","target":{"@type":"EntryPoint","urlTemplate":"https:\/\/miumjau.ee\/?s={search_term_string}"},"query-input":{"@type":"PropertyValueSpecification","valueRequired":true,"valueName":"search_term_string"}}],"inLanguage":"lt-LT"},{"@type":"Organization","@id":"https:\/\/miumjau.ee\/#organization","name":"MiuMjau O\u00dc","url":"https:\/\/miumjau.ee\/","logo":{"@type":"ImageObject","inLanguage":"lt-LT","@id":"https:\/\/miumjau.ee\/#\/schema\/logo\/image\/","url":"https:\/\/miumjau.ee\/wp-content\/uploads\/2022\/04\/MiuMjau-logo-kollane.png","contentUrl":"https:\/\/miumjau.ee\/wp-content\/uploads\/2022\/04\/MiuMjau-logo-kollane.png","width":219,"height":100,"caption":"MiuMjau O\u00dc"},"image":{"@id":"https:\/\/miumjau.ee\/#\/schema\/logo\/image\/"},"sameAs":["https:\/\/www.facebook.com\/miumjaupood\/"]}]}},"_links":{"self":[{"href":"https:\/\/miumjau.ee\/lt\/wp-json\/wp\/v2\/pages\/46124","targetHints":{"allow":["GET"]}}],"collection":[{"href":"https:\/\/miumjau.ee\/lt\/wp-json\/wp\/v2\/pages"}],"about":[{"href":"https:\/\/miumjau.ee\/lt\/wp-json\/wp\/v2\/types\/page"}],"author":[{"embeddable":true,"href":"https:\/\/miumjau.ee\/lt\/wp-json\/wp\/v2\/users\/1"}],"replies":[{"embeddable":true,"href":"https:\/\/miumjau.ee\/lt\/wp-json\/wp\/v2\/comments?post=46124"}],"version-history":[{"count":4,"href":"https:\/\/miumjau.ee\/lt\/wp-json\/wp\/v2\/pages\/46124\/revisions"}],"predecessor-version":[{"id":46502,"href":"https:\/\/miumjau.ee\/lt\/wp-json\/wp\/v2\/pages\/46124\/revisions\/46502"}],"wp:attachment":[{"href":"https:\/\/miumjau.ee\/lt\/wp-json\/wp\/v2\/media?parent=46124"}],"curies":[{"name":"wp","href":"https:\/\/api.w.org\/{rel}","templated":true}]}}