{"id":46094,"date":"2022-04-05T12:30:45","date_gmt":"2022-04-05T09:30:45","guid":{"rendered":"https:\/\/miumjau.ee\/?page_id=46094"},"modified":"2025-11-29T16:07:46","modified_gmt":"2025-11-29T14:07:46","slug":"duk","status":"publish","type":"page","link":"https:\/\/miumjau.ee\/lt\/duk\/","title":{"rendered":"Da\u017eniausiai u\u017eduodami klausimai"},"content":{"rendered":"<div class=\"fusion-fullwidth fullwidth-box fusion-builder-row-1 fusion-flex-container nonhundred-percent-fullwidth non-hundred-percent-height-scrolling\" style=\"--awb-border-radius-top-left:0px;--awb-border-radius-top-right:0px;--awb-border-radius-bottom-right:0px;--awb-border-radius-bottom-left:0px;--awb-flex-wrap:wrap;\" ><div class=\"fusion-builder-row fusion-row fusion-flex-align-items-flex-start fusion-flex-content-wrap\" style=\"max-width:1248px;margin-left: calc(-4% \/ 2 );margin-right: calc(-4% \/ 2 );\"><div class=\"fusion-layout-column fusion_builder_column fusion-builder-column-0 fusion_builder_column_4_5 4_5 fusion-flex-column\" style=\"--awb-bg-size:cover;--awb-width-large:80%;--awb-margin-top-large:0px;--awb-spacing-right-large:2.4%;--awb-margin-bottom-large:0px;--awb-spacing-left-large:2.4%;--awb-width-medium:80%;--awb-spacing-right-medium:2.4%;--awb-spacing-left-medium:2.4%;--awb-width-small:100%;--awb-spacing-right-small:1.92%;--awb-spacing-left-small:1.92%;\"><div class=\"fusion-column-wrapper fusion-flex-justify-content-flex-start fusion-content-layout-column\"><div class=\"fusion-text fusion-text-1\" style=\"--awb-text-transform:none;\"><h2>Kaip i\u0161sirinkti \u201cteising\u0105\u201d draskymo med\u012f?<\/h2>\n<p>Teising\u0105 draskymo med\u012f geriausia pasirinkti atvykus \u012f viet\u0105. Tai vienintelis b\u016bdas, kaip pirk\u0117jas gali b\u016bti tikras d\u0117l prek\u0117s dyd\u017eio, med\u017eiagos un galimybi\u0173 kat\u0117ms. Da\u017enai ekrane nurodyti matmenys neleid\u017eia tiksliai suprasti, koks didelis ar ma\u017eas yra draskymo medis i\u0161 tikr\u0173j\u0173. Labai svarbu \u012fsitikinti, kad matmenys atitinka \u2013 pvz., ar platformoje telpa kat\u0117 gul\u0117ti ir ar \u012f\u0117jimas \u012f namel\u012f pakankamai didelis, kad kat\u0117 gal\u0117t\u0173 \u012feiti. Produkto svoris gali b\u016bti naudinga indikacija, kokio svorio prek\u0119 pasirinkti katei. (Pavyzd\u017eiui, 3 kg svorio ma\u017eas draskymo medis tikrai netiks 3 kg katei, nes jis gali gri\u016bti, apvirsti ir kat\u0117 negal\u0117s ant jo u\u017elipti.) Jei vietos pakanka, da\u017eniausiai \u201cdideliai draskymo med\u017eiai\u201d yra saugus pasirinkimas, ypa\u010d jei planuojama dovanoti. Pagalvokite, ar katei tikrai reikia namelio, ar ji m\u0117gsta sl\u0117ptis. Ar svarb\u016bs draskymo stulpai, ar j\u0173 reikia daugiau? Kiek ji \u0161okin\u0117ja \u2013 ar medis pakankamai auk\u0161tas ir stabilus \u0161uoliams? Ar ka\u010di\u0173 trikdo vaikai ar \u0161unys \u2013 ar reikalinga auk\u0161tesn\u0117 platforma? \u012e visus \u0161iuos klausimus verta atsakyti prie\u0161 pirkim\u0105, kad rastum\u0117te tinkamiausi\u0105 model\u012f savo katei. Kilus klausimams, visada galite konsultuotis. Mes esame pasiruo\u0161\u0119 patarti pagal m\u016bs\u0173 \u017einias.<\/p>\n<h2>Kaip greitai vykdomas u\u017esakymas?<\/h2>\n<p>Mes darome visk\u0105, kad visi kurjerio ir pa\u0161tomato siuntiniai b\u016bt\u0173 i\u0161si\u0173sti per 48 valandas po apmok\u0117jimo gavimo (darbo dienomis). I\u0161imtiniais atvejais tai gali u\u017etrukti ilgiau. Jei jums labai skubu, rekomenduojame, jei \u012fmanoma, atvykti pasiimti prek\u0119.<\/p>\n<h2>Kiek kainuoja prek\u0117s pristatymas?<\/h2>\n<p>Prek\u0117s pristatymas, nepriklausomai nuo modelio, 2022 m. baland\u017eio duomenimis kainuoja 8 eurus u\u017e siuntin\u012f. Mes atnaujiname kainas pagal naudojamos kurjeri\u0173 \u012fmon\u0117s kainyn\u0105. Pa\u0161tomato kainynas nustatomas automati\u0161kai paslaugos teik\u0117jo. Papildom\u0173 pakavimo mokes\u010di\u0173 nepridedama. Yra tik realios transportavimo i\u0161laidos.<\/p>\n<h2>Ar prek\u0119 galima pasiimti pa\u010diam?<\/h2>\n<p>Prek\u0119 galima atsiimti i\u0161 anksto sutartu laiku adresu K\u00e4bliku 5, Talinas. Laik\u0105 galima suderinti paskambinus telefonu 58121217.<\/p>\n<h2>Ar prekei galioja garantija?<\/h2>\n<p>Prekei galioja garantija pagal Estijos Respublikos \u012fstatymus. Jei prek\u0117 turi tr\u016bkum\u0173, mes j\u0105 nedelsiant pakei\u010diame. Klientas tur\u0117t\u0173 atsi\u0173sti tiksli\u0105 informacij\u0105 ir nuotraukas apie konkret\u0173 produkt\u0105. Produkto pakuot\u0117 turi b\u016bti i\u0161saugota, o prek\u0117 \u2013 nenaudota. Tr\u016bkumo atveju mes apmokame transportavimo i\u0161laidas.<\/p>\n<h2>Ar draskymo med\u017eius galima ap\u017ei\u016br\u0117ti?<\/h2>\n<p>Visus draskymo med\u017eius galima ap\u017ei\u016br\u0117ti i\u0161 anksto sutartu laiku adresu K\u00e4bliku 5, Talinas. Laik\u0105 suderinti galite paskambin\u0119 58121217 arba atsiunt\u0119 el. lai\u0161k\u0105 adresu anettetuulik@gmail.com<\/p>\n<\/div><\/div><\/div><\/div><\/div>\n","protected":false},"excerpt":{"rendered":"","protected":false},"author":1,"featured_media":0,"parent":0,"menu_order":0,"comment_status":"closed","ping_status":"closed","template":"","meta":{"footnotes":""},"class_list":["post-46094","page","type-page","status-publish","hentry"],"yoast_head":"<!-- This site is optimized with the Yoast SEO plugin v27.2 - https:\/\/yoast.com\/product\/yoast-seo-wordpress\/ -->\n<title>Da\u017eniausiai u\u017eduodami klausimai - MiuMjau<\/title>\n<meta name=\"robots\" content=\"index, follow, max-snippet:-1, max-image-preview:large, max-video-preview:-1\" \/>\n<link rel=\"canonical\" href=\"https:\/\/miumjau.ee\/lt\/duk\/\" \/>\n<meta property=\"og:locale\" content=\"lt_LT\" \/>\n<meta property=\"og:type\" content=\"article\" \/>\n<meta property=\"og:title\" content=\"Da\u017eniausiai u\u017eduodami klausimai - MiuMjau\" \/>\n<meta property=\"og:url\" content=\"https:\/\/miumjau.ee\/lt\/duk\/\" \/>\n<meta property=\"og:site_name\" content=\"MiuMjau\" \/>\n<meta property=\"article:publisher\" content=\"https:\/\/www.facebook.com\/miumjaupood\/\" \/>\n<meta property=\"article:modified_time\" content=\"2025-11-29T14:07:46+00:00\" \/>\n<meta name=\"twitter:card\" content=\"summary_large_image\" \/>\n<meta name=\"twitter:label1\" content=\"Est. reading time\" \/>\n\t<meta name=\"twitter:data1\" content=\"2 minut\u0117s\" \/>\n<script type=\"application\/ld+json\" class=\"yoast-schema-graph\">{\"@context\":\"https:\/\/schema.org\",\"@graph\":[{\"@type\":\"WebPage\",\"@id\":\"https:\/\/miumjau.ee\/lt\/duk\/\",\"url\":\"https:\/\/miumjau.ee\/lt\/duk\/\",\"name\":\"Da\u017eniausiai u\u017eduodami klausimai - MiuMjau\",\"isPartOf\":{\"@id\":\"https:\/\/miumjau.ee\/#website\"},\"datePublished\":\"2022-04-05T09:30:45+00:00\",\"dateModified\":\"2025-11-29T14:07:46+00:00\",\"breadcrumb\":{\"@id\":\"https:\/\/miumjau.ee\/lt\/duk\/#breadcrumb\"},\"inLanguage\":\"lt-LT\",\"potentialAction\":[{\"@type\":\"ReadAction\",\"target\":[\"https:\/\/miumjau.ee\/lt\/duk\/\"]}]},{\"@type\":\"BreadcrumbList\",\"@id\":\"https:\/\/miumjau.ee\/lt\/duk\/#breadcrumb\",\"itemListElement\":[{\"@type\":\"ListItem\",\"position\":1,\"name\":\"Home\",\"item\":\"https:\/\/miumjau.ee\/lt\/\"},{\"@type\":\"ListItem\",\"position\":2,\"name\":\"Da\u017eniausiai u\u017eduodami klausimai\"}]},{\"@type\":\"WebSite\",\"@id\":\"https:\/\/miumjau.ee\/#website\",\"url\":\"https:\/\/miumjau.ee\/\",\"name\":\"MiuMjau\",\"description\":\"Kraapimispuud kassidele\",\"publisher\":{\"@id\":\"https:\/\/miumjau.ee\/#organization\"},\"potentialAction\":[{\"@type\":\"SearchAction\",\"target\":{\"@type\":\"EntryPoint\",\"urlTemplate\":\"https:\/\/miumjau.ee\/?s={search_term_string}\"},\"query-input\":{\"@type\":\"PropertyValueSpecification\",\"valueRequired\":true,\"valueName\":\"search_term_string\"}}],\"inLanguage\":\"lt-LT\"},{\"@type\":\"Organization\",\"@id\":\"https:\/\/miumjau.ee\/#organization\",\"name\":\"MiuMjau O\u00dc\",\"url\":\"https:\/\/miumjau.ee\/\",\"logo\":{\"@type\":\"ImageObject\",\"inLanguage\":\"lt-LT\",\"@id\":\"https:\/\/miumjau.ee\/#\/schema\/logo\/image\/\",\"url\":\"https:\/\/miumjau.ee\/wp-content\/uploads\/2022\/04\/MiuMjau-logo-kollane.png\",\"contentUrl\":\"https:\/\/miumjau.ee\/wp-content\/uploads\/2022\/04\/MiuMjau-logo-kollane.png\",\"width\":219,\"height\":100,\"caption\":\"MiuMjau O\u00dc\"},\"image\":{\"@id\":\"https:\/\/miumjau.ee\/#\/schema\/logo\/image\/\"},\"sameAs\":[\"https:\/\/www.facebook.com\/miumjaupood\/\"]}]}<\/script>\n<!-- \/ Yoast SEO plugin. -->","yoast_head_json":{"title":"Da\u017eniausiai u\u017eduodami klausimai - MiuMjau","robots":{"index":"index","follow":"follow","max-snippet":"max-snippet:-1","max-image-preview":"max-image-preview:large","max-video-preview":"max-video-preview:-1"},"canonical":"https:\/\/miumjau.ee\/lt\/duk\/","og_locale":"lt_LT","og_type":"article","og_title":"Da\u017eniausiai u\u017eduodami klausimai - MiuMjau","og_url":"https:\/\/miumjau.ee\/lt\/duk\/","og_site_name":"MiuMjau","article_publisher":"https:\/\/www.facebook.com\/miumjaupood\/","article_modified_time":"2025-11-29T14:07:46+00:00","twitter_card":"summary_large_image","twitter_misc":{"Est. reading time":"2 minut\u0117s"},"schema":{"@context":"https:\/\/schema.org","@graph":[{"@type":"WebPage","@id":"https:\/\/miumjau.ee\/lt\/duk\/","url":"https:\/\/miumjau.ee\/lt\/duk\/","name":"Da\u017eniausiai u\u017eduodami klausimai - MiuMjau","isPartOf":{"@id":"https:\/\/miumjau.ee\/#website"},"datePublished":"2022-04-05T09:30:45+00:00","dateModified":"2025-11-29T14:07:46+00:00","breadcrumb":{"@id":"https:\/\/miumjau.ee\/lt\/duk\/#breadcrumb"},"inLanguage":"lt-LT","potentialAction":[{"@type":"ReadAction","target":["https:\/\/miumjau.ee\/lt\/duk\/"]}]},{"@type":"BreadcrumbList","@id":"https:\/\/miumjau.ee\/lt\/duk\/#breadcrumb","itemListElement":[{"@type":"ListItem","position":1,"name":"Home","item":"https:\/\/miumjau.ee\/lt\/"},{"@type":"ListItem","position":2,"name":"Da\u017eniausiai u\u017eduodami klausimai"}]},{"@type":"WebSite","@id":"https:\/\/miumjau.ee\/#website","url":"https:\/\/miumjau.ee\/","name":"MiuMjau","description":"Kraapimispuud kassidele","publisher":{"@id":"https:\/\/miumjau.ee\/#organization"},"potentialAction":[{"@type":"SearchAction","target":{"@type":"EntryPoint","urlTemplate":"https:\/\/miumjau.ee\/?s={search_term_string}"},"query-input":{"@type":"PropertyValueSpecification","valueRequired":true,"valueName":"search_term_string"}}],"inLanguage":"lt-LT"},{"@type":"Organization","@id":"https:\/\/miumjau.ee\/#organization","name":"MiuMjau O\u00dc","url":"https:\/\/miumjau.ee\/","logo":{"@type":"ImageObject","inLanguage":"lt-LT","@id":"https:\/\/miumjau.ee\/#\/schema\/logo\/image\/","url":"https:\/\/miumjau.ee\/wp-content\/uploads\/2022\/04\/MiuMjau-logo-kollane.png","contentUrl":"https:\/\/miumjau.ee\/wp-content\/uploads\/2022\/04\/MiuMjau-logo-kollane.png","width":219,"height":100,"caption":"MiuMjau O\u00dc"},"image":{"@id":"https:\/\/miumjau.ee\/#\/schema\/logo\/image\/"},"sameAs":["https:\/\/www.facebook.com\/miumjaupood\/"]}]}},"_links":{"self":[{"href":"https:\/\/miumjau.ee\/lt\/wp-json\/wp\/v2\/pages\/46094","targetHints":{"allow":["GET"]}}],"collection":[{"href":"https:\/\/miumjau.ee\/lt\/wp-json\/wp\/v2\/pages"}],"about":[{"href":"https:\/\/miumjau.ee\/lt\/wp-json\/wp\/v2\/types\/page"}],"author":[{"embeddable":true,"href":"https:\/\/miumjau.ee\/lt\/wp-json\/wp\/v2\/users\/1"}],"replies":[{"embeddable":true,"href":"https:\/\/miumjau.ee\/lt\/wp-json\/wp\/v2\/comments?post=46094"}],"version-history":[{"count":1,"href":"https:\/\/miumjau.ee\/lt\/wp-json\/wp\/v2\/pages\/46094\/revisions"}],"predecessor-version":[{"id":46095,"href":"https:\/\/miumjau.ee\/lt\/wp-json\/wp\/v2\/pages\/46094\/revisions\/46095"}],"wp:attachment":[{"href":"https:\/\/miumjau.ee\/lt\/wp-json\/wp\/v2\/media?parent=46094"}],"curies":[{"name":"wp","href":"https:\/\/api.w.org\/{rel}","templated":true}]}}