{"id":46081,"date":"2022-04-05T12:31:12","date_gmt":"2022-04-05T09:31:12","guid":{"rendered":"https:\/\/miumjau.ee\/?page_id=46081"},"modified":"2025-11-29T15:05:36","modified_gmt":"2025-11-29T13:05:36","slug":"pardavimo-salygos","status":"publish","type":"page","link":"https:\/\/miumjau.ee\/lt\/pardavimo-salygos\/","title":{"rendered":"Pardavimo s\u0105lygos"},"content":{"rendered":"<div class=\"fusion-fullwidth fullwidth-box fusion-builder-row-1 fusion-flex-container nonhundred-percent-fullwidth non-hundred-percent-height-scrolling\" style=\"--awb-border-radius-top-left:0px;--awb-border-radius-top-right:0px;--awb-border-radius-bottom-right:0px;--awb-border-radius-bottom-left:0px;--awb-flex-wrap:wrap;\" ><div class=\"fusion-builder-row fusion-row fusion-flex-align-items-flex-start fusion-flex-content-wrap\" style=\"max-width:1248px;margin-left: calc(-4% \/ 2 );margin-right: calc(-4% \/ 2 );\"><div class=\"fusion-layout-column fusion_builder_column fusion-builder-column-0 fusion_builder_column_4_5 4_5 fusion-flex-column\" style=\"--awb-bg-size:cover;--awb-width-large:80%;--awb-margin-top-large:0px;--awb-spacing-right-large:2.4%;--awb-margin-bottom-large:0px;--awb-spacing-left-large:2.4%;--awb-width-medium:80%;--awb-spacing-right-medium:2.4%;--awb-spacing-left-medium:2.4%;--awb-width-small:100%;--awb-spacing-right-small:1.92%;--awb-spacing-left-small:1.92%;\"><div class=\"fusion-column-wrapper fusion-flex-justify-content-flex-start fusion-content-layout-column\"><div class=\"fusion-text fusion-text-1\"><p>Internetin\u0117s parduotuv\u0117s https:\/\/miumjau.ee\/ (toliau \u2013 Parduotuv\u0117) savininkas yra MiuMjau O\u00dc (\u012fmon\u0117s kodas 14687325), adresas K\u00e4bliku 5, Talinas, 13426, Harjumaa.<\/p>\n<h3>Pardavimo sutarties galiojimas, preki\u0173 ir kain\u0173 informacija<\/h3>\n<p>Pardavimo s\u0105lygos galioja perkant prekes Parduotuv\u0117je.<\/p>\n<p>Informacija apie prek\u0119 pateikiama Parduotuv\u0117je tiesiogiai prie preki\u0173.<\/p>\n<p>Parduotuv\u0117je si\u016blom\u0173 produkt\u0173 kainos nurodytos prie preki\u0173. Prie kainos pridedama pristatymo mokestis.<\/p>\n<p>Pristatymo mokestis priklauso nuo pirk\u0117jo vietos ir pristatymo b\u016bdo. Mokestis rodomas pirk\u0117jui u\u017esakymo metu.<\/p>\n<p>Pristatymo mokes\u010diai Lietuvoje:<\/p>\n<ul>\n<li>Omniva pa\u0161tomate, nuo \u2013 3 \u20ac;<\/li>\n<li>Kurjeris fiksuotas mokestis iki 30kg siuntiniui \u2013 8 \u20ac.<\/li>\n<li>Kurjeris fiksuotas mokestis 30kg+ siuntiniui \u2013 15 \u20ac.<\/li>\n<\/ul>\n<p>\u0160iuo metu si\u016blome kurjerio paslaug\u0105 ir \u012f Suomij\u0105, Latvij\u0105 bei Estij\u0105. Kaina automati\u0161kai apskai\u010diuojama pagal produkto svor\u012f u\u017esakymo metu.<\/p>\n<h3>U\u017esakymo pateikimas<\/h3>\n<p>Norint u\u017esisakyti prek\u0119, reikia \u012fd\u0117ti norimas prekes \u012f krep\u0161el\u012f. U\u017esakymo pateikimui reikia u\u017epildyti reikiamus duomenis ir pasirinkti tinkam\u0105 preki\u0173 pristatymo b\u016bd\u0105. Tuomet ekrane rodoma suma, kuri\u0105 galima sumok\u0117ti bankiniu pavedimu. S\u0105skaita automati\u0161kai siun\u010diama pirk\u0117jo el. pa\u0161tu.<\/p>\n<p>Sutartis \u012fsigalioja nuo sumos gavimo Parduotuv\u0117s s\u0105skaitoje.<\/p>\n<p>Jei u\u017esakyta prek\u0117 n\u0117ra prieinama arba d\u0117l kit\u0173 prie\u017eas\u010di\u0173, pirk\u0117jas informuojamas kuo grei\u010diau, o sumok\u0117ti pinigai (\u012fskaitant pristatymo i\u0161laidas) gr\u0105\u017einami ne v\u0117liau kaip per 14 dien\u0173 nuo prane\u0161imo i\u0161siuntimo.<\/p>\n<h3>Pristatymas<\/h3>\n<p>Prek\u0117s siun\u010diamos \u012f \u0161alis: Europos S\u0105jungos valstyb\u0117s nar\u0117s.<\/p>\n<p>Pristatymo i\u0161laidas apmoka pirk\u0117jas, o atitinkama informacija rodoma \u0161alia pristatymo b\u016bdo.<\/p>\n<p>Lietuvoje vidaus siuntos paprastai pasiekia pirk\u0117jo nurodyt\u0105 viet\u0105 per 1\u20133 darbo dienas nuo pardavimo sutarties \u012fsigaliojimo. U\u017e Lietuvos rib\u0173 pristatymas vyksta per 14 kalendorini\u0173 dien\u0173.<\/p>\n<p>I\u0161imtiniais atvejais prek\u0117 gali b\u016bti pristatyta per 30 kalendorini\u0173 dien\u0173.<\/p>\n<h3>Atsisakymo teis\u0117<\/h3>\n<p>Gav\u0119s u\u017esakym\u0105, pirk\u0117jas turi teis\u0119 atsisakyti sutarties per 14 dien\u0173.<\/p>\n<p>Atsisakymo teis\u0117 netaikoma juridiniams asmenims.<\/p>\n<p>Norint pasinaudoti 14 dien\u0173 teise, prek\u0117s negalima naudoti kitokiu b\u016bdu, kaip b\u016btina \u012fsitikinti prek\u0117s pob\u016bd\u017eiu, savyb\u0117mis ir veikimu, taip kaip leid\u017eiama prekei i\u0161bandyti fizin\u0117je parduotuv\u0117je.<\/p>\n<p>Jei prek\u0117 buvo naudota kitaip arba matomi nusid\u0117v\u0117jimo ar pa\u017eeidimo po\u017eymiai, Parduotuv\u0117 turi teis\u0119 suma\u017einti gr\u0105\u017einam\u0105 sum\u0105 pagal prek\u0117s vert\u0117s suma\u017e\u0117jim\u0105. (Paprastai pra\u0161ome atsi\u0173sti prek\u0117s nuotraukas, kad \u012frodytume, jog ji nebuvo naudota.)<\/p>\n<p>Prek\u0117s gr\u0105\u017einimui reikia pateikti <a href=\"https:\/\/miumjau.ee\/wp-content\/uploads\/2022\/04\/taganemise-avaldus.pdf\" target=\"_blank\" rel=\"noopener noreferrer\">parei\u0161kim\u0105 d\u0117l atsisakymo nuo prek\u0117s pirkimo<\/a> ir atsi\u0173sti j\u012f el. pa\u0161tu miumjaupood@gmail.com ne v\u0117liau kaip per 14 dien\u0173 nuo prek\u0117s gavimo.<\/p>\n<p>Prek\u0117s gr\u0105\u017einimo i\u0161laidas apmoka pirk\u0117jas, i\u0161skyrus atvejus, kai gr\u0105\u017einimo prie\u017eastis susijusi su prek\u0117s neatitikimu u\u017esakymui (pvz., neteisinga arba su defektais prek\u0117).<\/p>\n<p>Pirk\u0117jas turi gr\u0105\u017einti prek\u0119 per 14 dien\u0173 nuo parei\u0161kimo pateikimo arba pateikti \u012frodym\u0105, kad per nurodyt\u0105 laikotarp\u012f prek\u0119 perdav\u0117 ve\u017e\u0117jui. Prek\u0117 turi b\u016bti gr\u0105\u017einta originalioje pakuot\u0117je, tokioje, koki\u0105 ji gauta, ir tokioje pa\u010dioje b\u016bkl\u0117je, kaip buvo i\u0161si\u0173sta. Jei pakuot\u0117 pa\u017eeista arba i\u0161mesta, pirk\u0117jas nedelsiant informuoja Parduotuv\u0119, o Parduotuv\u0117 turi teis\u0119 reikalauti kompensacijos iki 20% prek\u0117s vert\u0117s. Jei produktas laikytas ne\u0161varioje aplinkoje arba turi tabako kvap\u0105, produktas laikomas naudotu, nes jis nebuvo gr\u0105\u017eintas tokioje b\u016bkl\u0117je, kaip buvo i\u0161si\u0173stas. Tai ypa\u010d svarbu draskymo med\u017eiai, kuriuose yra daug tekstil\u0117s, sugerian\u010dios kvapus.<\/p>\n<p>Parduotuv\u0117 gr\u0105\u017eina pirk\u0117jui sumok\u0117t\u0105 sum\u0105 ne v\u0117liau kaip per 14 dien\u0173 nuo parei\u0161kimo gavimo. Jei u\u017esakymas gr\u0105\u017einamas dalinai, proporcingai gr\u0105\u017einamas pristatymo mokestis. Prek\u0117 patikrinama, ir, jei viskas atitinka taisykles, suma gr\u0105\u017einama nedelsiant.<\/p>\n<p>Parduotuv\u0117 gali atsisakyti gr\u0105\u017einti pinigus tol, kol gavo prek\u0119 atgal arba kol pirk\u0117jas pateik\u0117 \u012frodymus, kad prek\u0119 i\u0161siunt\u0117, priklausomai nuo to, kas \u012fvyks anks\u010diau.<\/p>\n<p>Jei pirk\u0117jas pasirink\u0119s kit\u0105 pristatymo b\u016bd\u0105 nei Parduotuv\u0117s pigiausias standartinis variantas, Parduotuv\u0117 neprivalo gr\u0105\u017einti papildom\u0173 i\u0161laid\u0173.<\/p>\n<p>Parduotuvei priklauso teis\u0117 atsisakyti pardavimo sandorio ir reikalauti gr\u0105\u017einti prek\u0119, jei prek\u0117s kaina Parduotuv\u0117je klaidos d\u0117l \u017eenkliai ma\u017eesn\u0117 nei rinkos kaina.<\/p>\n<h3>Pretenzij\u0173 pateikimo teis\u0117<\/h3>\n<p>Parduotuv\u0117 atsako u\u017e preki\u0173 neatitikim\u0105 sutarties s\u0105lygoms arba tr\u016bkumus, kurie buvo jau prek\u0117s perdavimo metu ir kurie atsiranda per dvejus metus nuo preki\u0173 gavimo. Per pirmuosius \u0161e\u0161is m\u0117nesius laikoma, kad tr\u016bkumas egzistavo jau perdavimo metu. Parduotuv\u0117 gali \u012frodyti prie\u0161ingai.<\/p>\n<p>Pirk\u0117jas tr\u016bkumo atveju turi teis\u0119 kreiptis \u012f Parduotuv\u0119 per 2 m\u0117nesius, si\u0173sdamas el. lai\u0161k\u0105 miumjaupood@gmail.com arba skambindamas +372 5812 1217.<\/p>\n<p>Parduotuv\u0117 neatsako u\u017e tr\u016bkumus, atsiradusius po prek\u0117s gavimo.<\/p>\n<p>Jei Parduotuv\u0117s parduota prek\u0117 turi tr\u016bkum\u0173, Parduotuv\u0117 j\u0105 taiso arba pakei\u010dia. Jei tai ne\u012fmanoma, Parduotuv\u0117 gr\u0105\u017eina visus sutarties metu sumok\u0117tus mokes\u010dius.<\/p>\n<p>Parduotuv\u0117 atsako \u012f vartotojo skund\u0105 ra\u0161tu arba kitu ra\u0161ytiniu b\u016bdu per 15 dien\u0173.<\/p>\n<h3>Asmens duomen\u0173 tvarkymas<\/h3>\n<p>Parduotuv\u0117 naudoja pirk\u0117jo pateiktus asmens duomenis (vardas, telefono numeris, adresas, el. pa\u0161tas, banko rekvizitai) tik u\u017esakymo apdorojimui ir preki\u0173 pristatymui. Parduotuv\u0117 perduoda duomenis transporto \u012fmon\u0117ms preki\u0173 pristatymui.<\/p>\n<h3>Gin\u010d\u0173 sprendimas<\/h3>\n<p>Jei pirk\u0117jas turi skund\u0173 d\u0117l Parduotuv\u0117s, juos reikia si\u0173sti el. pa\u0161tu miumjaupood@gmail.com arba skambinti +372 5812 1217.<\/p>\n<p>Jei pirk\u0117jas ir Parduotuv\u0117 negali susitarti, pirk\u0117jas gali kreiptis \u012f Vartotoj\u0173 gin\u010d\u0173 komisij\u0105. Proced\u016br\u0173 s\u0105lygas galima rasti ir pateikti parai\u0161k\u0105 <a href=\"https:\/\/komisjon.ee\/et\" target=\"_blank\" rel=\"noopener noreferrer\">Vartotoj\u0173 gin\u010d\u0173 komisijos svetain\u0117je<\/a>.<\/p>\n<p>Vartotoj\u0173 gin\u010d\u0173 komisija nagrin\u0117ja gin\u010dus tarp pirk\u0117jo ir Parduotuv\u0117s, kylan\u010dius i\u0161 sudarytos sutarties. Parai\u0161kos pateikimas komisijai yra nemokamas.<\/p>\n<p>Pirk\u0117jas taip pat gali kreiptis \u012f <a href=\"https:\/\/ec.europa.eu\/consumers\/odr\/main\/index.cfm?event=main.home.chooseLanguage\" target=\"_blank\" rel=\"noopener noreferrer\">Europos S\u0105jungos vartotoj\u0173 gin\u010d\u0173 sprendimo platform\u0105<\/a>.<\/p>\n<\/div><\/div><\/div><\/div><\/div>\n","protected":false},"excerpt":{"rendered":"","protected":false},"author":1,"featured_media":0,"parent":0,"menu_order":0,"comment_status":"closed","ping_status":"closed","template":"","meta":{"footnotes":""},"class_list":["post-46081","page","type-page","status-publish","hentry"],"yoast_head":"<!-- This site is optimized with the Yoast SEO plugin v27.2 - https:\/\/yoast.com\/product\/yoast-seo-wordpress\/ -->\n<title>Pardavimo s\u0105lygos - MiuMjau<\/title>\n<meta name=\"robots\" content=\"index, follow, max-snippet:-1, max-image-preview:large, max-video-preview:-1\" \/>\n<link rel=\"canonical\" href=\"https:\/\/miumjau.ee\/lt\/pardavimo-salygos\/\" \/>\n<meta property=\"og:locale\" content=\"lt_LT\" \/>\n<meta property=\"og:type\" content=\"article\" \/>\n<meta property=\"og:title\" content=\"Pardavimo s\u0105lygos - MiuMjau\" \/>\n<meta property=\"og:url\" content=\"https:\/\/miumjau.ee\/lt\/pardavimo-salygos\/\" \/>\n<meta property=\"og:site_name\" content=\"MiuMjau\" \/>\n<meta property=\"article:publisher\" content=\"https:\/\/www.facebook.com\/miumjaupood\/\" \/>\n<meta property=\"article:modified_time\" content=\"2025-11-29T13:05:36+00:00\" \/>\n<meta name=\"twitter:card\" content=\"summary_large_image\" \/>\n<meta name=\"twitter:label1\" content=\"Est. reading time\" \/>\n\t<meta name=\"twitter:data1\" content=\"5 minut\u0117s\" \/>\n<script type=\"application\/ld+json\" class=\"yoast-schema-graph\">{\"@context\":\"https:\/\/schema.org\",\"@graph\":[{\"@type\":\"WebPage\",\"@id\":\"https:\/\/miumjau.ee\/lt\/pardavimo-salygos\/\",\"url\":\"https:\/\/miumjau.ee\/lt\/pardavimo-salygos\/\",\"name\":\"Pardavimo s\u0105lygos - MiuMjau\",\"isPartOf\":{\"@id\":\"https:\/\/miumjau.ee\/#website\"},\"datePublished\":\"2022-04-05T09:31:12+00:00\",\"dateModified\":\"2025-11-29T13:05:36+00:00\",\"breadcrumb\":{\"@id\":\"https:\/\/miumjau.ee\/lt\/pardavimo-salygos\/#breadcrumb\"},\"inLanguage\":\"lt-LT\",\"potentialAction\":[{\"@type\":\"ReadAction\",\"target\":[\"https:\/\/miumjau.ee\/lt\/pardavimo-salygos\/\"]}]},{\"@type\":\"BreadcrumbList\",\"@id\":\"https:\/\/miumjau.ee\/lt\/pardavimo-salygos\/#breadcrumb\",\"itemListElement\":[{\"@type\":\"ListItem\",\"position\":1,\"name\":\"Home\",\"item\":\"https:\/\/miumjau.ee\/lt\/\"},{\"@type\":\"ListItem\",\"position\":2,\"name\":\"Pardavimo s\u0105lygos\"}]},{\"@type\":\"WebSite\",\"@id\":\"https:\/\/miumjau.ee\/#website\",\"url\":\"https:\/\/miumjau.ee\/\",\"name\":\"MiuMjau\",\"description\":\"Kraapimispuud kassidele\",\"publisher\":{\"@id\":\"https:\/\/miumjau.ee\/#organization\"},\"potentialAction\":[{\"@type\":\"SearchAction\",\"target\":{\"@type\":\"EntryPoint\",\"urlTemplate\":\"https:\/\/miumjau.ee\/?s={search_term_string}\"},\"query-input\":{\"@type\":\"PropertyValueSpecification\",\"valueRequired\":true,\"valueName\":\"search_term_string\"}}],\"inLanguage\":\"lt-LT\"},{\"@type\":\"Organization\",\"@id\":\"https:\/\/miumjau.ee\/#organization\",\"name\":\"MiuMjau O\u00dc\",\"url\":\"https:\/\/miumjau.ee\/\",\"logo\":{\"@type\":\"ImageObject\",\"inLanguage\":\"lt-LT\",\"@id\":\"https:\/\/miumjau.ee\/#\/schema\/logo\/image\/\",\"url\":\"https:\/\/miumjau.ee\/wp-content\/uploads\/2022\/04\/MiuMjau-logo-kollane.png\",\"contentUrl\":\"https:\/\/miumjau.ee\/wp-content\/uploads\/2022\/04\/MiuMjau-logo-kollane.png\",\"width\":219,\"height\":100,\"caption\":\"MiuMjau O\u00dc\"},\"image\":{\"@id\":\"https:\/\/miumjau.ee\/#\/schema\/logo\/image\/\"},\"sameAs\":[\"https:\/\/www.facebook.com\/miumjaupood\/\"]}]}<\/script>\n<!-- \/ Yoast SEO plugin. -->","yoast_head_json":{"title":"Pardavimo s\u0105lygos - MiuMjau","robots":{"index":"index","follow":"follow","max-snippet":"max-snippet:-1","max-image-preview":"max-image-preview:large","max-video-preview":"max-video-preview:-1"},"canonical":"https:\/\/miumjau.ee\/lt\/pardavimo-salygos\/","og_locale":"lt_LT","og_type":"article","og_title":"Pardavimo s\u0105lygos - MiuMjau","og_url":"https:\/\/miumjau.ee\/lt\/pardavimo-salygos\/","og_site_name":"MiuMjau","article_publisher":"https:\/\/www.facebook.com\/miumjaupood\/","article_modified_time":"2025-11-29T13:05:36+00:00","twitter_card":"summary_large_image","twitter_misc":{"Est. reading time":"5 minut\u0117s"},"schema":{"@context":"https:\/\/schema.org","@graph":[{"@type":"WebPage","@id":"https:\/\/miumjau.ee\/lt\/pardavimo-salygos\/","url":"https:\/\/miumjau.ee\/lt\/pardavimo-salygos\/","name":"Pardavimo s\u0105lygos - MiuMjau","isPartOf":{"@id":"https:\/\/miumjau.ee\/#website"},"datePublished":"2022-04-05T09:31:12+00:00","dateModified":"2025-11-29T13:05:36+00:00","breadcrumb":{"@id":"https:\/\/miumjau.ee\/lt\/pardavimo-salygos\/#breadcrumb"},"inLanguage":"lt-LT","potentialAction":[{"@type":"ReadAction","target":["https:\/\/miumjau.ee\/lt\/pardavimo-salygos\/"]}]},{"@type":"BreadcrumbList","@id":"https:\/\/miumjau.ee\/lt\/pardavimo-salygos\/#breadcrumb","itemListElement":[{"@type":"ListItem","position":1,"name":"Home","item":"https:\/\/miumjau.ee\/lt\/"},{"@type":"ListItem","position":2,"name":"Pardavimo s\u0105lygos"}]},{"@type":"WebSite","@id":"https:\/\/miumjau.ee\/#website","url":"https:\/\/miumjau.ee\/","name":"MiuMjau","description":"Kraapimispuud kassidele","publisher":{"@id":"https:\/\/miumjau.ee\/#organization"},"potentialAction":[{"@type":"SearchAction","target":{"@type":"EntryPoint","urlTemplate":"https:\/\/miumjau.ee\/?s={search_term_string}"},"query-input":{"@type":"PropertyValueSpecification","valueRequired":true,"valueName":"search_term_string"}}],"inLanguage":"lt-LT"},{"@type":"Organization","@id":"https:\/\/miumjau.ee\/#organization","name":"MiuMjau O\u00dc","url":"https:\/\/miumjau.ee\/","logo":{"@type":"ImageObject","inLanguage":"lt-LT","@id":"https:\/\/miumjau.ee\/#\/schema\/logo\/image\/","url":"https:\/\/miumjau.ee\/wp-content\/uploads\/2022\/04\/MiuMjau-logo-kollane.png","contentUrl":"https:\/\/miumjau.ee\/wp-content\/uploads\/2022\/04\/MiuMjau-logo-kollane.png","width":219,"height":100,"caption":"MiuMjau O\u00dc"},"image":{"@id":"https:\/\/miumjau.ee\/#\/schema\/logo\/image\/"},"sameAs":["https:\/\/www.facebook.com\/miumjaupood\/"]}]}},"_links":{"self":[{"href":"https:\/\/miumjau.ee\/lt\/wp-json\/wp\/v2\/pages\/46081","targetHints":{"allow":["GET"]}}],"collection":[{"href":"https:\/\/miumjau.ee\/lt\/wp-json\/wp\/v2\/pages"}],"about":[{"href":"https:\/\/miumjau.ee\/lt\/wp-json\/wp\/v2\/types\/page"}],"author":[{"embeddable":true,"href":"https:\/\/miumjau.ee\/lt\/wp-json\/wp\/v2\/users\/1"}],"replies":[{"embeddable":true,"href":"https:\/\/miumjau.ee\/lt\/wp-json\/wp\/v2\/comments?post=46081"}],"version-history":[{"count":1,"href":"https:\/\/miumjau.ee\/lt\/wp-json\/wp\/v2\/pages\/46081\/revisions"}],"predecessor-version":[{"id":46082,"href":"https:\/\/miumjau.ee\/lt\/wp-json\/wp\/v2\/pages\/46081\/revisions\/46082"}],"wp:attachment":[{"href":"https:\/\/miumjau.ee\/lt\/wp-json\/wp\/v2\/media?parent=46081"}],"curies":[{"name":"wp","href":"https:\/\/api.w.org\/{rel}","templated":true}]}}