{"id":44763,"date":"2022-04-05T12:31:32","date_gmt":"2022-04-05T09:31:32","guid":{"rendered":"https:\/\/miumjau.ee\/?page_id=44763"},"modified":"2025-11-24T16:37:40","modified_gmt":"2025-11-24T14:37:40","slug":"privatumo-politika","status":"publish","type":"page","link":"https:\/\/miumjau.ee\/lt\/privatumo-politika\/","title":{"rendered":"Privatumo politika"},"content":{"rendered":"<div class=\"fusion-fullwidth fullwidth-box fusion-builder-row-1 fusion-flex-container nonhundred-percent-fullwidth non-hundred-percent-height-scrolling\" style=\"--awb-border-radius-top-left:0px;--awb-border-radius-top-right:0px;--awb-border-radius-bottom-right:0px;--awb-border-radius-bottom-left:0px;--awb-flex-wrap:wrap;\" ><div class=\"fusion-builder-row fusion-row fusion-flex-align-items-flex-start fusion-flex-content-wrap\" style=\"max-width:1248px;margin-left: calc(-4% \/ 2 );margin-right: calc(-4% \/ 2 );\"><div class=\"fusion-layout-column fusion_builder_column fusion-builder-column-0 fusion_builder_column_5_6 5_6 fusion-flex-column\" style=\"--awb-bg-size:cover;--awb-width-large:83.333333333333%;--awb-margin-top-large:0px;--awb-spacing-right-large:2.304%;--awb-margin-bottom-large:0px;--awb-spacing-left-large:2.304%;--awb-width-medium:83.333333333333%;--awb-spacing-right-medium:2.304%;--awb-spacing-left-medium:2.304%;--awb-width-small:100%;--awb-spacing-right-small:1.92%;--awb-spacing-left-small:1.92%;\"><div class=\"fusion-column-wrapper fusion-flex-justify-content-flex-start fusion-content-layout-column\"><div class=\"fusion-text fusion-text-1\"><p>\u0160i privatumo politika ir slapuk\u0173 naudojimo prane\u0161imas (toliau \u2013 prane\u0161imas) pateikia nauding\u0105 informacij\u0105 apie tai, kaip ir kokiu tikslu MiuMjau O\u00dc renka, tvarko ir dalijasi asmens duomenimis (duomenimis). Privatumo politika grind\u017eiama Bendruoju duomen\u0173 apsaugos reglamentu (GDPR \u2013 General Data Protection Regulation).<\/p>\n<p>Privatumo politikos tikslas \u2013 apsaugoti klient\u0173 privatum\u0105 laikantis Estijos Respublikos \u012fstatym\u0173 ir Europos S\u0105jungos teis\u0117s akt\u0173.<\/p>\n<p>Naudodami m\u016bs\u0173 svetain\u0119, sutinkate su slapuk\u0173 naudojimu ir asmens duomen\u0173 tvarkymo s\u0105lygomis, kaip apra\u0161yta m\u016bs\u0173 Privatumo politikoje ir slapuk\u0173 naudojime.<\/p>\n<p>Galioja nuo 10.01.2019<\/p>\n<h3>Asmens duomen\u0173 rinkimas ir naudojimas<\/h3>\n<p>\u201eAsmens duomenys\u201c yra bet kokia informacija apie identifikuot\u0105 ar identifikuojam\u0105 fizin\u012f asmen\u012f, pvz., vardas, adresas, el. pa\u0161to adresas ir informacija apie m\u016bs\u0173 svetain\u0117s apsilankymus, socialini\u0173 tinkl\u0173 kanalus bei m\u016bs\u0173 paslaug\u0173 naudojim\u0105.<\/p>\n<p>Asmens duomenis tvarkome, kad \u012fvykdytume savo sutartinius \u012fsipareigojimus ir pasi\u016blytume potencialiems klientams kokybi\u0161kesnes paslaugas bei informacij\u0105.<\/p>\n<p>I\u0161 MiuMjau O\u00dc rinkodaros kanal\u0173 (\u012fskaitant svetain\u0119) renkame duomenis apie j\u0173 naudojim\u0105 ir potenciali\u0173 klient\u0173 interesus, kad geriau suprastume klient\u0173 poreikius, pateiktume kokybi\u0161kesn\u0119 informacij\u0105 ir pagerintume svetain\u0117s funkcionalum\u0105 bei vartotojo patirt\u012f.<\/p>\n<p>\u0160iuo atveju tvarkymo teis\u0117tas pagrindas yra m\u016bs\u0173 teis\u0117tas interesas geriau suprasti klient\u0173 poreikius ir pasi\u016blyti geresn\u0119 paslaug\u0105.<\/p>\n<p>Pavyzd\u017eiui, MiuMjau O\u00dc tvarko duomenis apie kliento pirkimo \u012fpro\u010dius, kad pateikt\u0173 jam tinkamus pasi\u016blymus ir turin\u012f.<\/p>\n<p>MiuMjau O\u00dc yra atsakingas asmens duomen\u0173 tvarkytojas, o klausimais ra\u0161ykite miumjaupood@gmail.com.<\/p>\n<p>Asmens duomenys gali b\u016bti renkami \u0161iais b\u016bdais:<\/p>\n<ul>\n<li>pateikiant kontaktinius duomenis (\u012fskaitant vard\u0105, pa\u0161to adres\u0105, telefono numer\u012f, el. pa\u0161to adres\u0105) m\u016bs\u0173 svetain\u0117je arba kitur (pvz., m\u016bs\u0173 mokymuose, dirbtuv\u0117se, parodose);<\/li>\n<li>naudojant svetain\u0119 su slapukais (cookies) (\u012fskaitant nar\u0161ykl\u0117s tip\u0105, \u012frenginio tip\u0105, s\u0105veikos kalb\u0105, svetain\u0117s adres\u0105, i\u0161 kur atvyko vartotojas, kokius puslapius per\u017ei\u016br\u0117jo, IP adres\u0105 ir kitus srauto duomenis);<\/li>\n<li>atlikus pirkim\u0105 ar u\u017esakym\u0105 m\u016bs\u0173 dirbtuv\u0117se, mokymuose, parodose ar internetin\u0117je parduotuv\u0117je;<\/li>\n<li>vartotojo veiksmai, susij\u0119 su MiuMjau O\u00dc el. lai\u0161kais;<\/li>\n<li>kiti asmens duomenys, kuriuos vartotojas padar\u0117 vie\u0161ai prieinamus arba kurie tapo prieinami per tre\u010di\u0173j\u0173 \u0161ali\u0173 socialinius tinklus, pvz., LinkedIn, Facebook, Google Plus, Instagram ir kt. MiuMjau O\u00dc kaip atsakingas tvarkytojas neapdoroja ypating\u0173 kategorij\u0173 asmens duomen\u0173.<\/li>\n<\/ul>\n<h3>Kaip renkami duomenys<\/h3>\n<p>Paprastai asmens duomenis renkame tiesiogiai i\u0161 duomen\u0173 subjekt\u0173 ir j\u0173 sutikimu. Be to, naudojame automatines duomen\u0173 rinkimo priemones, \u012fskaitant slapukus ir kitus sekimo \u012frankius, kad optimizuotume svetain\u0117s naudojimo patirt\u012f ir pasi\u016blytume klientams geresnes paslaugas.<\/p>\n<h3>Slapukai ir j\u0173 i\u0161jungimas<\/h3>\n<p>Slapukas (cookie) yra nedidelis teksto failas, kur\u012f interneto serveris siun\u010dia \u012f vartotojo nar\u0161ykl\u0119 ir kuris saugomas vartotojo kompiuteryje, leid\u017eiant atsiminti vartotojo nustatymus, pvz., teksto dyd\u012f, kalb\u0105, \u012frenginio informacij\u0105, apsilankymo statistik\u0105 ir pan.<\/p>\n<p>Visos nar\u0161ykl\u0117s pagal nutyl\u0117jim\u0105 leid\u017eia slapukus, ta\u010diau nar\u0161ykl\u0117s nustatymus galima pakeisti, kad visi\u0161kai blokuot\u0173 slapukus, blokuot\u0173 tre\u010di\u0173j\u0173 \u0161ali\u0173 slapukus arba informuot\u0173 vartotoj\u0105 apie kiekvien\u0105 slapuk\u0105.<\/p>\n<p>MiuMjau O\u00dc naudoja \u0161iuos slapukus:<\/p>\n<ul>\n<li>Sesijos slapukai (laikini slapukai), leid\u017eiantys naudotis paslauga.<\/li>\n<li>Nuolatiniai slapukai (i\u0161saugomi vartotojo kompiuteryje po nar\u0161ykl\u0117s u\u017edarymo), leid\u017eiantys prisiminti kliento pasirinkimus MiuMjau O\u00dc svetain\u0117se.<\/li>\n<\/ul>\n<p>Detaliau MiuMjau O\u00dc naudoja:<\/p>\n<ul>\n<li>analitinius slapukus, renkan\u010dius informacij\u0105 apie svetain\u0117s naudojim\u0105, pvz., kurios puslapiai lankomi da\u017eniausiai arba ko ie\u0161ko vartotojai. \u0160ie slapukai nesuteikia galimyb\u0117s tiesiogiai identifikuoti vartotojo. \u012e \u0161i\u0105 kategorij\u0105 \u012feina Google Analytics ir Hotjar slapukai.<\/li>\n<li>tre\u010di\u0173j\u0173 \u0161ali\u0173 slapukus, pvz., YouTube ir Google Maps. \u017dem\u0117lapi\u0173 ir vaizdo \u012fra\u0161\u0173 nebus rodomi, jei nesutiksite su privatumo s\u0105lygomis. Technin\u012f \u012fgyvendinim\u0105 u\u017etikrina Avada dizaino privacy_embeds slapukas.<\/li>\n<\/ul>\n<p>Vartotojas gali atsisakyti slapuk\u0173 saugojimo kompiuteryje, pakeisdamas nar\u0161ykl\u0117s nustatymus.<\/p>\n<p>Vairuotoj\u0173 gaires populiariausi\u0173 nar\u0161ykli\u0173 nustatymams:<\/p>\n<p>Internet Explorer: http:\/\/support.microsoft.com\/kb\/278835<br \/>\nChrome: https:\/\/support.google.com\/chrome\/answer\/95647?hl=en<br \/>\nFirefox: https:\/\/support.mozilla.org\/en-US\/kb\/Clear%20Recent%20History<br \/>\nOpera: http:\/\/www.opera.com\/browser\/tutorials\/security\/privacy<br \/>\nSafari: https:\/\/support.apple.com\/guide\/safari\/manage-cookies-and-website-data-sfri11471\/mac<\/p>\n<p>Blokuojant slapukus, dalis svetain\u0117s funkcij\u0173 gali neveikti.<\/p>\n<h3>Asmens duomen\u0173 dalijimasis<\/h3>\n<p>MiuMjau O\u00dc neperduoda klient\u0173 duomen\u0173 u\u017e Europos (ES) ekonomin\u0117s zonos rib\u0173.<\/p>\n<p>MiuMjau O\u00dc neperduoda klient\u0173 duomen\u0173 tretiesiems asmenims, i\u0161skyrus nurodytas s\u0105lygas. Visi duomenys naudojami tik komunikacijai ir geresniam produktui ar paslaugai teikti.<\/p>\n<p>Asmens duomenis galime dalytis \u0161iais atvejais:<\/p>\n<p>&#8211; U\u017esakyt\u0173 preki\u0173 pristatymas \u2013 pristatymo paslaug\u0173 teik\u0117jai ar tarpininkai.<br \/>\n&#8211; Skol\u0173 i\u0161ie\u0161kojimas \u2013 skol\u0173 i\u0161ie\u0161kojimo paslaug\u0173 teik\u0117jai, mok\u0117jim\u0173 v\u0117lavimo registrai.<br \/>\n&#8211; Valstybin\u0117s prie\u017ei\u016bros institucijos ir policija.<br \/>\n&#8211; Vie\u0161as atsiliepimas su kliento sutikimu.<\/p>\n<h3>Asmens duomen\u0173 saugumas, naudojimas ir saugojimas<\/h3>\n<p><strong>Asmens duomen\u0173 saugumas<\/strong><\/p>\n<p>Asmens duomen\u0173 saugus saugojimas yra MiuMjau O\u00dc auk\u0161\u010diausias prioritetas. Stengiam\u0117s u\u017ekirsti keli\u0105 neleistinam prieigai, atskleidimui ar kitokiam neteis\u0117tam tvarkymui. Apsaugome konfidencialum\u0105 ir u\u017etikriname prieig\u0105 prie duomen\u0173 pagal galiojan\u010dius teis\u0117s aktus.<\/p>\n<p>\u012egyvendinome tinkamas organizacines, technines ir fizines priemones, kad apsaugotume asmens duomenis. Priemoni\u0173 pasirinkimas priklauso nuo duomen\u0173 tipo ir galim\u0173 pavoj\u0173.<\/p>\n<p>MiuMjau O\u00dc taiko reikiamas technines, fizines ir organizacines saugumo priemones, kad apsaugot\u0173 klient\u0173 asmens duomenis nuo praradimo ar neteis\u0117tos tvarkymo.<\/p>\n<p>Visi MiuMjau O\u00dc e. parduotuv\u0117s apsilankymo ir pirkimo metu surinkti klient\u0173 duomenys laikomi konfidencialiais. \u0160ifruotas ry\u0161io kanalas su bankais u\u017etikrina saug\u0173 pirkimo metu perduodam\u0173 duomen\u0173 naudojim\u0105.<\/p>\n<p><strong>Saugojimo terminas<\/strong><\/p>\n<p>MiuMjau O\u00dc saugo asmens duomenis tik tiek, kiek b\u016btina j\u0173 rinkimo tikslui pasiekti. Terminas priklauso nuo poreikio atsakyti \u012f u\u017eklausas, spr\u0119sti problemas ir laikytis teis\u0117s akt\u0173 reikalavim\u0173.<\/p>\n<p>Kai duomen\u0173 nebereikia ir teis\u0117s aktai nereikalauja j\u0173 saugojimo, jie yra i\u0161trinami.<\/p>\n<p>Duomenys gali b\u016bti naudojami statistikos tikslais tik pseudonimizuotu arba anonimizuotu pavidalu.<\/p>\n<p>Kilus klausimams ra\u0161ykite miumjaupood@gmail.com<\/p>\n<h3>Kliento (duomen\u0173 subjekto) teis\u0117s<\/h3>\n<p>Klientas turi teis\u0119 prieiti prie savo duomen\u0173 ir reikalauti netiksli\u0173 duomen\u0173 taisymo.<\/p>\n<p>Jeigu turite klausim\u0173 ar manote, kad MiuMjau O\u00dc pa\u017eeid\u0117 j\u016bs\u0173 teises, ra\u0161ykite miumjaupood@gmail.com.<\/p>\n<p>Duomen\u0173 subjekto teis\u0117s:<\/p>\n<p>&#8211; Taisyti \u2013 reikalauti netiksli\u0173 duomen\u0173 taisymo nedelsiant.<br \/>\n&#8211; I\u0161trinti \u2013 reikalauti duomen\u0173 i\u0161trynimo, jei \u012fvykdomos tam tikros s\u0105lygos.<br \/>\n&#8211; Apriboti \u2013 tam tikrais atvejais apriboti duomen\u0173 tvarkym\u0105.<br \/>\n&#8211; Per\u017ei\u016br\u0117ti \u2013 teis\u0117 per\u017ei\u016br\u0117ti savo duomenis ir perduoti kitam duomen\u0173 valdytojui, jei techni\u0161kai \u012fmanoma ir vykdoma pagal sutikim\u0105 ar sutart\u012f.<br \/>\n&#8211; Prie\u0161tarauti \u2013 bet kada prie\u0161tarauti duomen\u0173 tvarkymui pagal teis\u0117s aktus ar automatizuotai.<br \/>\n&#8211; At\u0161aukti sutikim\u0105 \u2013 jei tvarkymas pagr\u012fstas sutikimu, galima j\u012f at\u0161aukti bet kada, ne\u012ftakojant ankstesn\u0117s teis\u0117tos tvarkymo teis\u0117tumo.<\/p>\n<p>Jei norite pasinaudoti \u0161iomis teis\u0117mis, susisiekite su mumis.<\/p>\n<p>Jei si\u016blomas sprendimas j\u016bs\u0173 netenkina, galite kreiptis \u012f Estijos duomen\u0173 apsaugos inspekcij\u0105 arba teism\u0105.<\/p>\n<h3>Kiti nustatymai<\/h3>\n<p>MiuMjau O\u00dc pasilieka teis\u0119 vienpusi\u0161kai keisti Privatumo politik\u0105 ir slapuk\u0173 naudojim\u0105. Naujausia versija visada pasiekiama \u0161ioje svetain\u0117je.<\/p>\n<p>\u0160i privatumo politika ir slapuk\u0173 naudojimas reglamentuojami Estijos Respublikos \u012fstatymais. Gin\u010dus ar reikalavimus nagrin\u0117ja Talino Harju apygardos teismas.<\/p>\n<\/div><\/div><\/div><\/div><\/div>\n","protected":false},"excerpt":{"rendered":"","protected":false},"author":1,"featured_media":0,"parent":0,"menu_order":0,"comment_status":"closed","ping_status":"closed","template":"","meta":{"footnotes":""},"class_list":["post-44763","page","type-page","status-publish","hentry"],"yoast_head":"<!-- This site is optimized with the Yoast SEO plugin v27.2 - https:\/\/yoast.com\/product\/yoast-seo-wordpress\/ -->\n<title>Privatumo politika - MiuMjau<\/title>\n<meta name=\"robots\" content=\"index, follow, max-snippet:-1, max-image-preview:large, max-video-preview:-1\" \/>\n<link rel=\"canonical\" href=\"https:\/\/miumjau.ee\/lt\/privatumo-politika\/\" \/>\n<meta property=\"og:locale\" content=\"lt_LT\" \/>\n<meta property=\"og:type\" content=\"article\" \/>\n<meta property=\"og:title\" content=\"Privatumo politika - MiuMjau\" \/>\n<meta property=\"og:url\" content=\"https:\/\/miumjau.ee\/lt\/privatumo-politika\/\" \/>\n<meta property=\"og:site_name\" content=\"MiuMjau\" \/>\n<meta property=\"article:publisher\" content=\"https:\/\/www.facebook.com\/miumjaupood\/\" \/>\n<meta property=\"article:modified_time\" content=\"2025-11-24T14:37:40+00:00\" \/>\n<meta name=\"twitter:card\" content=\"summary_large_image\" \/>\n<meta name=\"twitter:label1\" content=\"Est. reading time\" \/>\n\t<meta name=\"twitter:data1\" content=\"6 minut\u0117s\" \/>\n<script type=\"application\/ld+json\" class=\"yoast-schema-graph\">{\"@context\":\"https:\/\/schema.org\",\"@graph\":[{\"@type\":\"WebPage\",\"@id\":\"https:\/\/miumjau.ee\/lt\/privatumo-politika\/\",\"url\":\"https:\/\/miumjau.ee\/lt\/privatumo-politika\/\",\"name\":\"Privatumo politika - MiuMjau\",\"isPartOf\":{\"@id\":\"https:\/\/miumjau.ee\/#website\"},\"datePublished\":\"2022-04-05T09:31:32+00:00\",\"dateModified\":\"2025-11-24T14:37:40+00:00\",\"breadcrumb\":{\"@id\":\"https:\/\/miumjau.ee\/lt\/privatumo-politika\/#breadcrumb\"},\"inLanguage\":\"lt-LT\",\"potentialAction\":[{\"@type\":\"ReadAction\",\"target\":[\"https:\/\/miumjau.ee\/lt\/privatumo-politika\/\"]}]},{\"@type\":\"BreadcrumbList\",\"@id\":\"https:\/\/miumjau.ee\/lt\/privatumo-politika\/#breadcrumb\",\"itemListElement\":[{\"@type\":\"ListItem\",\"position\":1,\"name\":\"Home\",\"item\":\"https:\/\/miumjau.ee\/lt\/\"},{\"@type\":\"ListItem\",\"position\":2,\"name\":\"Privatumo politika\"}]},{\"@type\":\"WebSite\",\"@id\":\"https:\/\/miumjau.ee\/#website\",\"url\":\"https:\/\/miumjau.ee\/\",\"name\":\"MiuMjau\",\"description\":\"Kraapimispuud kassidele\",\"publisher\":{\"@id\":\"https:\/\/miumjau.ee\/#organization\"},\"potentialAction\":[{\"@type\":\"SearchAction\",\"target\":{\"@type\":\"EntryPoint\",\"urlTemplate\":\"https:\/\/miumjau.ee\/?s={search_term_string}\"},\"query-input\":{\"@type\":\"PropertyValueSpecification\",\"valueRequired\":true,\"valueName\":\"search_term_string\"}}],\"inLanguage\":\"lt-LT\"},{\"@type\":\"Organization\",\"@id\":\"https:\/\/miumjau.ee\/#organization\",\"name\":\"MiuMjau O\u00dc\",\"url\":\"https:\/\/miumjau.ee\/\",\"logo\":{\"@type\":\"ImageObject\",\"inLanguage\":\"lt-LT\",\"@id\":\"https:\/\/miumjau.ee\/#\/schema\/logo\/image\/\",\"url\":\"https:\/\/miumjau.ee\/wp-content\/uploads\/2022\/04\/MiuMjau-logo-kollane.png\",\"contentUrl\":\"https:\/\/miumjau.ee\/wp-content\/uploads\/2022\/04\/MiuMjau-logo-kollane.png\",\"width\":219,\"height\":100,\"caption\":\"MiuMjau O\u00dc\"},\"image\":{\"@id\":\"https:\/\/miumjau.ee\/#\/schema\/logo\/image\/\"},\"sameAs\":[\"https:\/\/www.facebook.com\/miumjaupood\/\"]}]}<\/script>\n<!-- \/ Yoast SEO plugin. -->","yoast_head_json":{"title":"Privatumo politika - MiuMjau","robots":{"index":"index","follow":"follow","max-snippet":"max-snippet:-1","max-image-preview":"max-image-preview:large","max-video-preview":"max-video-preview:-1"},"canonical":"https:\/\/miumjau.ee\/lt\/privatumo-politika\/","og_locale":"lt_LT","og_type":"article","og_title":"Privatumo politika - MiuMjau","og_url":"https:\/\/miumjau.ee\/lt\/privatumo-politika\/","og_site_name":"MiuMjau","article_publisher":"https:\/\/www.facebook.com\/miumjaupood\/","article_modified_time":"2025-11-24T14:37:40+00:00","twitter_card":"summary_large_image","twitter_misc":{"Est. reading time":"6 minut\u0117s"},"schema":{"@context":"https:\/\/schema.org","@graph":[{"@type":"WebPage","@id":"https:\/\/miumjau.ee\/lt\/privatumo-politika\/","url":"https:\/\/miumjau.ee\/lt\/privatumo-politika\/","name":"Privatumo politika - MiuMjau","isPartOf":{"@id":"https:\/\/miumjau.ee\/#website"},"datePublished":"2022-04-05T09:31:32+00:00","dateModified":"2025-11-24T14:37:40+00:00","breadcrumb":{"@id":"https:\/\/miumjau.ee\/lt\/privatumo-politika\/#breadcrumb"},"inLanguage":"lt-LT","potentialAction":[{"@type":"ReadAction","target":["https:\/\/miumjau.ee\/lt\/privatumo-politika\/"]}]},{"@type":"BreadcrumbList","@id":"https:\/\/miumjau.ee\/lt\/privatumo-politika\/#breadcrumb","itemListElement":[{"@type":"ListItem","position":1,"name":"Home","item":"https:\/\/miumjau.ee\/lt\/"},{"@type":"ListItem","position":2,"name":"Privatumo politika"}]},{"@type":"WebSite","@id":"https:\/\/miumjau.ee\/#website","url":"https:\/\/miumjau.ee\/","name":"MiuMjau","description":"Kraapimispuud kassidele","publisher":{"@id":"https:\/\/miumjau.ee\/#organization"},"potentialAction":[{"@type":"SearchAction","target":{"@type":"EntryPoint","urlTemplate":"https:\/\/miumjau.ee\/?s={search_term_string}"},"query-input":{"@type":"PropertyValueSpecification","valueRequired":true,"valueName":"search_term_string"}}],"inLanguage":"lt-LT"},{"@type":"Organization","@id":"https:\/\/miumjau.ee\/#organization","name":"MiuMjau O\u00dc","url":"https:\/\/miumjau.ee\/","logo":{"@type":"ImageObject","inLanguage":"lt-LT","@id":"https:\/\/miumjau.ee\/#\/schema\/logo\/image\/","url":"https:\/\/miumjau.ee\/wp-content\/uploads\/2022\/04\/MiuMjau-logo-kollane.png","contentUrl":"https:\/\/miumjau.ee\/wp-content\/uploads\/2022\/04\/MiuMjau-logo-kollane.png","width":219,"height":100,"caption":"MiuMjau O\u00dc"},"image":{"@id":"https:\/\/miumjau.ee\/#\/schema\/logo\/image\/"},"sameAs":["https:\/\/www.facebook.com\/miumjaupood\/"]}]}},"_links":{"self":[{"href":"https:\/\/miumjau.ee\/lt\/wp-json\/wp\/v2\/pages\/44763","targetHints":{"allow":["GET"]}}],"collection":[{"href":"https:\/\/miumjau.ee\/lt\/wp-json\/wp\/v2\/pages"}],"about":[{"href":"https:\/\/miumjau.ee\/lt\/wp-json\/wp\/v2\/types\/page"}],"author":[{"embeddable":true,"href":"https:\/\/miumjau.ee\/lt\/wp-json\/wp\/v2\/users\/1"}],"replies":[{"embeddable":true,"href":"https:\/\/miumjau.ee\/lt\/wp-json\/wp\/v2\/comments?post=44763"}],"version-history":[{"count":1,"href":"https:\/\/miumjau.ee\/lt\/wp-json\/wp\/v2\/pages\/44763\/revisions"}],"predecessor-version":[{"id":44764,"href":"https:\/\/miumjau.ee\/lt\/wp-json\/wp\/v2\/pages\/44763\/revisions\/44764"}],"wp:attachment":[{"href":"https:\/\/miumjau.ee\/lt\/wp-json\/wp\/v2\/media?parent=44763"}],"curies":[{"name":"wp","href":"https:\/\/api.w.org\/{rel}","templated":true}]}}