{"id":57785,"date":"2026-04-08T14:18:24","date_gmt":"2026-04-08T11:18:24","guid":{"rendered":"https:\/\/miumjau.ee\/toode\/hirvensarvi-frigera-1-kpl-xl\/"},"modified":"2026-04-08T14:18:24","modified_gmt":"2026-04-08T11:18:24","slug":"hirvensarvi-frigera-1-kpl-xl","status":"publish","type":"product","link":"https:\/\/miumjau.ee\/fi\/tuote\/hirvensarvi-frigera-1-kpl-xl\/","title":{"rendered":"Hirvensarvi Frigera 1 kpl, XL"},"content":{"rendered":"","protected":false},"excerpt":{"rendered":"<p data-start=\"1096\" data-end=\"1315\">Mit\u00e4 ajattelet, kun mietit t\u00e4ysin luonnollista ja lajityypillist\u00e4 puruluuta? Tietenkin \u2013 hirvensarvia! Ne sopivat t\u00e4ydellisesti koirien luonnolliseen k\u00e4ytt\u00e4ytymiseen, jossa ne pyydyst\u00e4v\u00e4t saaliin ja sy\u00f6v\u00e4t sen kokonaan.<\/p>\n<p data-start=\"1317\" data-end=\"1602\">friGERA hirvensarvet on hell\u00e4varaisesti kuivattu, jotta ne muodostavat maukkaan herkun rakkaalle koirallesi. Kovuutensa ansiosta ne sopivat erinomaisesti koirille, joilla on lis\u00e4\u00e4ntynyt pureskelutarve. Pureskelu auttaa poistamaan plakkia hampaista ja pit\u00e4\u00e4 yst\u00e4v\u00e4si pitk\u00e4\u00e4n kiireisen\u00e4!<\/p>\n<p data-start=\"1604\" data-end=\"1826\">Lis\u00e4ksi \u2013 tiesitk\u00f6, ett\u00e4 hirvensarvet ovat rikkaita t\u00e4rkeist\u00e4 ravintoaineista, kuten kalsiumista, magnesiumista, fosforista, raudasta ja sinkist\u00e4? N\u00e4m\u00e4 mineraalit ovat v\u00e4ltt\u00e4m\u00e4tt\u00f6mi\u00e4 koirasi luiden ja lihasten terveydelle.<\/p>\n<p data-start=\"1828\" data-end=\"1894\">\u00c4l\u00e4 ep\u00e4r\u00f6i en\u00e4\u00e4 ja anna koirasi seurata sen alkuper\u00e4isi\u00e4 vaistoja!<\/p>\n<p data-start=\"1896\" data-end=\"2100\">Ruokintaohjeet: Anna aterioiden v\u00e4lill\u00e4 herkkuna tai palkkiona osana tasapainoista ruokavaliota. Valvo aina koiraasi ruokinnan aikana. Tarjoa aina riitt\u00e4v\u00e4sti raikasta vett\u00e4.<br data-start=\"2070\" data-end=\"2073\" \/>Ei sovellu ihmisravinnoksi.<\/p>\n<p data-start=\"2102\" data-end=\"2170\">Analyyttiset ainesosat: Proteiini 37,5 %; Rasva 0,2 %; Kosteus 9,1 %<\/p>\n","protected":false},"featured_media":57129,"template":"","meta":[],"product_brand":[],"product_cat":[480],"product_tag":[],"class_list":{"0":"post-57785","1":"product","2":"type-product","3":"status-publish","4":"has-post-thumbnail","6":"product_cat-herkut-koirille","8":"first","9":"instock","10":"taxable","11":"shipping-taxable","12":"purchasable","13":"product-type-simple"},"yoast_head":"<!-- This site is optimized with the Yoast SEO plugin v27.2 - https:\/\/yoast.com\/product\/yoast-seo-wordpress\/ -->\n<title>Hirvensarvi Frigera 1 kpl, XL - MiuMjau<\/title>\n<meta name=\"robots\" content=\"index, follow, max-snippet:-1, max-image-preview:large, max-video-preview:-1\" \/>\n<link rel=\"canonical\" href=\"https:\/\/miumjau.ee\/fi\/tuote\/hirvensarvi-frigera-1-kpl-xl\/\" \/>\n<meta property=\"og:locale\" content=\"fi_FI\" \/>\n<meta property=\"og:type\" content=\"article\" \/>\n<meta property=\"og:title\" content=\"Hirvensarvi Frigera 1 kpl, XL - MiuMjau\" \/>\n<meta property=\"og:description\" content=\"Mit\u00e4 ajattelet, kun mietit t\u00e4ysin luonnollista ja lajityypillist\u00e4 puruluuta? Tietenkin \u2013 hirvensarvia! Ne sopivat t\u00e4ydellisesti koirien luonnolliseen k\u00e4ytt\u00e4ytymiseen, jossa ne pyydyst\u00e4v\u00e4t saaliin ja sy\u00f6v\u00e4t sen kokonaan. friGERA hirvensarvet on hell\u00e4varaisesti kuivattu, jotta ne muodostavat maukkaan herkun rakkaalle koirallesi. Kovuutensa ansiosta ne sopivat erinomaisesti koirille, joilla on lis\u00e4\u00e4ntynyt pureskelutarve. Pureskelu auttaa poistamaan plakkia hampaista ja pit\u00e4\u00e4 yst\u00e4v\u00e4si pitk\u00e4\u00e4n kiireisen\u00e4! Lis\u00e4ksi \u2013 tiesitk\u00f6, ett\u00e4 hirvensarvet ovat rikkaita t\u00e4rkeist\u00e4 ravintoaineista, kuten kalsiumista, magnesiumista, fosforista, raudasta ja sinkist\u00e4? N\u00e4m\u00e4 mineraalit ovat v\u00e4ltt\u00e4m\u00e4tt\u00f6mi\u00e4 koirasi luiden ja lihasten terveydelle. \u00c4l\u00e4 ep\u00e4r\u00f6i en\u00e4\u00e4 ja anna koirasi seurata sen alkuper\u00e4isi\u00e4 vaistoja! Ruokintaohjeet: Anna aterioiden v\u00e4lill\u00e4 herkkuna tai palkkiona osana tasapainoista ruokavaliota. Valvo aina koiraasi ruokinnan aikana. Tarjoa aina riitt\u00e4v\u00e4sti raikasta vett\u00e4.Ei sovellu ihmisravinnoksi. Analyyttiset ainesosat: Proteiini 37,5 %; Rasva 0,2 %; Kosteus 9,1 %\" \/>\n<meta property=\"og:url\" content=\"https:\/\/miumjau.ee\/fi\/tuote\/hirvensarvi-frigera-1-kpl-xl\/\" \/>\n<meta property=\"og:site_name\" content=\"MiuMjau\" \/>\n<meta property=\"article:publisher\" content=\"https:\/\/www.facebook.com\/miumjaupood\/\" \/>\n<meta property=\"og:image\" content=\"https:\/\/miumjau.ee\/wp-content\/uploads\/2026\/04\/hirve-sarv-xl.jpg\" \/>\n\t<meta property=\"og:image:width\" content=\"600\" \/>\n\t<meta property=\"og:image:height\" content=\"800\" \/>\n\t<meta property=\"og:image:type\" content=\"image\/jpeg\" \/>\n<meta name=\"twitter:card\" content=\"summary_large_image\" \/>\n<script type=\"application\/ld+json\" class=\"yoast-schema-graph\">{\"@context\":\"https:\/\/schema.org\",\"@graph\":[{\"@type\":\"WebPage\",\"@id\":\"https:\/\/miumjau.ee\/fi\/tuote\/hirvensarvi-frigera-1-kpl-xl\/\",\"url\":\"https:\/\/miumjau.ee\/fi\/tuote\/hirvensarvi-frigera-1-kpl-xl\/\",\"name\":\"Hirvensarvi Frigera 1 kpl, XL - MiuMjau\",\"isPartOf\":{\"@id\":\"https:\/\/miumjau.ee\/#website\"},\"primaryImageOfPage\":{\"@id\":\"https:\/\/miumjau.ee\/fi\/tuote\/hirvensarvi-frigera-1-kpl-xl\/#primaryimage\"},\"image\":{\"@id\":\"https:\/\/miumjau.ee\/fi\/tuote\/hirvensarvi-frigera-1-kpl-xl\/#primaryimage\"},\"thumbnailUrl\":\"https:\/\/miumjau.ee\/wp-content\/uploads\/2026\/04\/hirve-sarv-xl.jpg\",\"datePublished\":\"2026-04-08T11:18:24+00:00\",\"breadcrumb\":{\"@id\":\"https:\/\/miumjau.ee\/fi\/tuote\/hirvensarvi-frigera-1-kpl-xl\/#breadcrumb\"},\"inLanguage\":\"fi\",\"potentialAction\":[{\"@type\":\"ReadAction\",\"target\":[\"https:\/\/miumjau.ee\/fi\/tuote\/hirvensarvi-frigera-1-kpl-xl\/\"]}]},{\"@type\":\"ImageObject\",\"inLanguage\":\"fi\",\"@id\":\"https:\/\/miumjau.ee\/fi\/tuote\/hirvensarvi-frigera-1-kpl-xl\/#primaryimage\",\"url\":\"https:\/\/miumjau.ee\/wp-content\/uploads\/2026\/04\/hirve-sarv-xl.jpg\",\"contentUrl\":\"https:\/\/miumjau.ee\/wp-content\/uploads\/2026\/04\/hirve-sarv-xl.jpg\",\"width\":600,\"height\":800,\"caption\":\"Hirve sarv Frigera 1tk, XL\"},{\"@type\":\"BreadcrumbList\",\"@id\":\"https:\/\/miumjau.ee\/fi\/tuote\/hirvensarvi-frigera-1-kpl-xl\/#breadcrumb\",\"itemListElement\":[{\"@type\":\"ListItem\",\"position\":1,\"name\":\"Home\",\"item\":\"https:\/\/miumjau.ee\/fi\/\"},{\"@type\":\"ListItem\",\"position\":2,\"name\":\"Kauppa\",\"item\":\"https:\/\/miumjau.ee\/fi\/kauppa\/\"},{\"@type\":\"ListItem\",\"position\":3,\"name\":\"Hirvensarvi Frigera 1 kpl, XL\"}]},{\"@type\":\"WebSite\",\"@id\":\"https:\/\/miumjau.ee\/#website\",\"url\":\"https:\/\/miumjau.ee\/\",\"name\":\"MiuMjau\",\"description\":\"Kraapimispuud kassidele\",\"publisher\":{\"@id\":\"https:\/\/miumjau.ee\/#organization\"},\"potentialAction\":[{\"@type\":\"SearchAction\",\"target\":{\"@type\":\"EntryPoint\",\"urlTemplate\":\"https:\/\/miumjau.ee\/?s={search_term_string}\"},\"query-input\":{\"@type\":\"PropertyValueSpecification\",\"valueRequired\":true,\"valueName\":\"search_term_string\"}}],\"inLanguage\":\"fi\"},{\"@type\":\"Organization\",\"@id\":\"https:\/\/miumjau.ee\/#organization\",\"name\":\"MiuMjau O\u00dc\",\"url\":\"https:\/\/miumjau.ee\/\",\"logo\":{\"@type\":\"ImageObject\",\"inLanguage\":\"fi\",\"@id\":\"https:\/\/miumjau.ee\/#\/schema\/logo\/image\/\",\"url\":\"https:\/\/miumjau.ee\/wp-content\/uploads\/2022\/04\/MiuMjau-logo-kollane.png\",\"contentUrl\":\"https:\/\/miumjau.ee\/wp-content\/uploads\/2022\/04\/MiuMjau-logo-kollane.png\",\"width\":219,\"height\":100,\"caption\":\"MiuMjau O\u00dc\"},\"image\":{\"@id\":\"https:\/\/miumjau.ee\/#\/schema\/logo\/image\/\"},\"sameAs\":[\"https:\/\/www.facebook.com\/miumjaupood\/\"]}]}<\/script>\n<!-- \/ Yoast SEO plugin. -->","yoast_head_json":{"title":"Hirvensarvi Frigera 1 kpl, XL - MiuMjau","robots":{"index":"index","follow":"follow","max-snippet":"max-snippet:-1","max-image-preview":"max-image-preview:large","max-video-preview":"max-video-preview:-1"},"canonical":"https:\/\/miumjau.ee\/fi\/tuote\/hirvensarvi-frigera-1-kpl-xl\/","og_locale":"fi_FI","og_type":"article","og_title":"Hirvensarvi Frigera 1 kpl, XL - MiuMjau","og_description":"Mit\u00e4 ajattelet, kun mietit t\u00e4ysin luonnollista ja lajityypillist\u00e4 puruluuta? Tietenkin \u2013 hirvensarvia! Ne sopivat t\u00e4ydellisesti koirien luonnolliseen k\u00e4ytt\u00e4ytymiseen, jossa ne pyydyst\u00e4v\u00e4t saaliin ja sy\u00f6v\u00e4t sen kokonaan. friGERA hirvensarvet on hell\u00e4varaisesti kuivattu, jotta ne muodostavat maukkaan herkun rakkaalle koirallesi. Kovuutensa ansiosta ne sopivat erinomaisesti koirille, joilla on lis\u00e4\u00e4ntynyt pureskelutarve. Pureskelu auttaa poistamaan plakkia hampaista ja pit\u00e4\u00e4 yst\u00e4v\u00e4si pitk\u00e4\u00e4n kiireisen\u00e4! Lis\u00e4ksi \u2013 tiesitk\u00f6, ett\u00e4 hirvensarvet ovat rikkaita t\u00e4rkeist\u00e4 ravintoaineista, kuten kalsiumista, magnesiumista, fosforista, raudasta ja sinkist\u00e4? N\u00e4m\u00e4 mineraalit ovat v\u00e4ltt\u00e4m\u00e4tt\u00f6mi\u00e4 koirasi luiden ja lihasten terveydelle. \u00c4l\u00e4 ep\u00e4r\u00f6i en\u00e4\u00e4 ja anna koirasi seurata sen alkuper\u00e4isi\u00e4 vaistoja! Ruokintaohjeet: Anna aterioiden v\u00e4lill\u00e4 herkkuna tai palkkiona osana tasapainoista ruokavaliota. Valvo aina koiraasi ruokinnan aikana. Tarjoa aina riitt\u00e4v\u00e4sti raikasta vett\u00e4.Ei sovellu ihmisravinnoksi. Analyyttiset ainesosat: Proteiini 37,5 %; Rasva 0,2 %; Kosteus 9,1 %","og_url":"https:\/\/miumjau.ee\/fi\/tuote\/hirvensarvi-frigera-1-kpl-xl\/","og_site_name":"MiuMjau","article_publisher":"https:\/\/www.facebook.com\/miumjaupood\/","og_image":[{"width":600,"height":800,"url":"https:\/\/miumjau.ee\/wp-content\/uploads\/2026\/04\/hirve-sarv-xl.jpg","type":"image\/jpeg"}],"twitter_card":"summary_large_image","schema":{"@context":"https:\/\/schema.org","@graph":[{"@type":"WebPage","@id":"https:\/\/miumjau.ee\/fi\/tuote\/hirvensarvi-frigera-1-kpl-xl\/","url":"https:\/\/miumjau.ee\/fi\/tuote\/hirvensarvi-frigera-1-kpl-xl\/","name":"Hirvensarvi Frigera 1 kpl, XL - MiuMjau","isPartOf":{"@id":"https:\/\/miumjau.ee\/#website"},"primaryImageOfPage":{"@id":"https:\/\/miumjau.ee\/fi\/tuote\/hirvensarvi-frigera-1-kpl-xl\/#primaryimage"},"image":{"@id":"https:\/\/miumjau.ee\/fi\/tuote\/hirvensarvi-frigera-1-kpl-xl\/#primaryimage"},"thumbnailUrl":"https:\/\/miumjau.ee\/wp-content\/uploads\/2026\/04\/hirve-sarv-xl.jpg","datePublished":"2026-04-08T11:18:24+00:00","breadcrumb":{"@id":"https:\/\/miumjau.ee\/fi\/tuote\/hirvensarvi-frigera-1-kpl-xl\/#breadcrumb"},"inLanguage":"fi","potentialAction":[{"@type":"ReadAction","target":["https:\/\/miumjau.ee\/fi\/tuote\/hirvensarvi-frigera-1-kpl-xl\/"]}]},{"@type":"ImageObject","inLanguage":"fi","@id":"https:\/\/miumjau.ee\/fi\/tuote\/hirvensarvi-frigera-1-kpl-xl\/#primaryimage","url":"https:\/\/miumjau.ee\/wp-content\/uploads\/2026\/04\/hirve-sarv-xl.jpg","contentUrl":"https:\/\/miumjau.ee\/wp-content\/uploads\/2026\/04\/hirve-sarv-xl.jpg","width":600,"height":800,"caption":"Hirve sarv Frigera 1tk, XL"},{"@type":"BreadcrumbList","@id":"https:\/\/miumjau.ee\/fi\/tuote\/hirvensarvi-frigera-1-kpl-xl\/#breadcrumb","itemListElement":[{"@type":"ListItem","position":1,"name":"Home","item":"https:\/\/miumjau.ee\/fi\/"},{"@type":"ListItem","position":2,"name":"Kauppa","item":"https:\/\/miumjau.ee\/fi\/kauppa\/"},{"@type":"ListItem","position":3,"name":"Hirvensarvi Frigera 1 kpl, XL"}]},{"@type":"WebSite","@id":"https:\/\/miumjau.ee\/#website","url":"https:\/\/miumjau.ee\/","name":"MiuMjau","description":"Kraapimispuud kassidele","publisher":{"@id":"https:\/\/miumjau.ee\/#organization"},"potentialAction":[{"@type":"SearchAction","target":{"@type":"EntryPoint","urlTemplate":"https:\/\/miumjau.ee\/?s={search_term_string}"},"query-input":{"@type":"PropertyValueSpecification","valueRequired":true,"valueName":"search_term_string"}}],"inLanguage":"fi"},{"@type":"Organization","@id":"https:\/\/miumjau.ee\/#organization","name":"MiuMjau O\u00dc","url":"https:\/\/miumjau.ee\/","logo":{"@type":"ImageObject","inLanguage":"fi","@id":"https:\/\/miumjau.ee\/#\/schema\/logo\/image\/","url":"https:\/\/miumjau.ee\/wp-content\/uploads\/2022\/04\/MiuMjau-logo-kollane.png","contentUrl":"https:\/\/miumjau.ee\/wp-content\/uploads\/2022\/04\/MiuMjau-logo-kollane.png","width":219,"height":100,"caption":"MiuMjau O\u00dc"},"image":{"@id":"https:\/\/miumjau.ee\/#\/schema\/logo\/image\/"},"sameAs":["https:\/\/www.facebook.com\/miumjaupood\/"]}]}},"_links":{"self":[{"href":"https:\/\/miumjau.ee\/fi\/wp-json\/wp\/v2\/product\/57785","targetHints":{"allow":["GET"]}}],"collection":[{"href":"https:\/\/miumjau.ee\/fi\/wp-json\/wp\/v2\/product"}],"about":[{"href":"https:\/\/miumjau.ee\/fi\/wp-json\/wp\/v2\/types\/product"}],"wp:featuredmedia":[{"embeddable":true,"href":"https:\/\/miumjau.ee\/fi\/wp-json\/wp\/v2\/media\/57129"}],"wp:attachment":[{"href":"https:\/\/miumjau.ee\/fi\/wp-json\/wp\/v2\/media?parent=57785"}],"wp:term":[{"taxonomy":"product_brand","embeddable":true,"href":"https:\/\/miumjau.ee\/fi\/wp-json\/wp\/v2\/product_brand?post=57785"},{"taxonomy":"product_cat","embeddable":true,"href":"https:\/\/miumjau.ee\/fi\/wp-json\/wp\/v2\/product_cat?post=57785"},{"taxonomy":"product_tag","embeddable":true,"href":"https:\/\/miumjau.ee\/fi\/wp-json\/wp\/v2\/product_tag?post=57785"}],"curies":[{"name":"wp","href":"https:\/\/api.w.org\/{rel}","templated":true}]}}