{"id":57774,"date":"2026-04-08T14:18:34","date_gmt":"2026-04-08T11:18:34","guid":{"rendered":"https:\/\/miumjau.ee\/toode\/puhvelinsarvi-s-frigera-1-kpl\/"},"modified":"2026-04-08T14:18:34","modified_gmt":"2026-04-08T11:18:34","slug":"puhvelinsarvi-s-frigera-1-kpl","status":"publish","type":"product","link":"https:\/\/miumjau.ee\/fi\/tuote\/puhvelinsarvi-s-frigera-1-kpl\/","title":{"rendered":"Puhvelinsarvi S Frigera, 1 kpl"},"content":{"rendered":"","protected":false},"excerpt":{"rendered":"<p data-start=\"1230\" data-end=\"1440\">Pureskeleeko koirasi kaikki herkut hetkess\u00e4? Oletko jo kokeillut kaikki luonnolliset puruluuvaihtoehdot? \u00c4l\u00e4 etsi en\u00e4\u00e4 \u2013 friGERA puhvelinsarven p\u00e4\u00e4t ovat edullinen puruherkku, jota karvainen yst\u00e4v\u00e4si tarvitsee!<\/p>\n<p data-start=\"1442\" data-end=\"2015\">Puhvelinsarven p\u00e4\u00e4t ovat per\u00e4isin vapaana kasvatetuista, ruoholla ruokituista puhveleista. Keruun j\u00e4lkeen ne liotetaan kuumassa vedess\u00e4, puhdistetaan ja hiotaan ter\u00e4vien reunojen poistamiseksi, mink\u00e4 j\u00e4lkeen ne kuivataan huolellisesti. Puhvelinsarven p\u00e4\u00e4t koostuvat eritt\u00e4in kest\u00e4v\u00e4st\u00e4 keratiinista ja kest\u00e4v\u00e4t viikkoja tai jopa kuukausia. T\u00e4m\u00e4 tekee niist\u00e4 erityisen sopivan valinnan ahdistuneille koirille, joilla on voimakas pureskelutarve, sill\u00e4 intensiivinen pureskelu vapauttaa paljon endorfiineja. T\u00e4m\u00e4 auttaa koiraasi tuntemaan olonsa onnelliseksi ja rauhalliseksi.<\/p>\n<p data-start=\"2017\" data-end=\"2207\">Koska ne ovat v\u00e4h\u00e4rasvaisia mutta sis\u00e4lt\u00e4v\u00e4t runsaasti proteiinia, kalsiumia ja fosforia, ne eiv\u00e4t vaikuta merkitt\u00e4v\u00e4sti koiran painoon, mutta tukevat terveiden luiden ja lihasten kehityst\u00e4!<\/p>\n<p data-start=\"2209\" data-end=\"2225\">Nettopaino: 80 g<\/p>\n<p data-start=\"2227\" data-end=\"2251\">Koostumus: 100 % puhveli<\/p>\n<p data-start=\"2253\" data-end=\"2457\">Ruokintaohjeet: Anna aterioiden v\u00e4lill\u00e4 herkkuna tai palkkiona osana tasapainoista ruokavaliota. Valvo aina koiraasi ruokinnan aikana. Tarjoa aina riitt\u00e4v\u00e4sti raikasta vett\u00e4.<br data-start=\"2427\" data-end=\"2430\" \/>Ei sovellu ihmisravinnoksi.<\/p>\n<p data-start=\"2459\" data-end=\"2525\">Analyyttiset ainesosat: Proteiini 82,5 %; Rasva 4,5 %; Kosteus 5 %<\/p>\n","protected":false},"featured_media":57141,"template":"","meta":[],"product_brand":[],"product_cat":[480],"product_tag":[],"class_list":{"0":"post-57774","1":"product","2":"type-product","3":"status-publish","4":"has-post-thumbnail","6":"product_cat-herkut-koirille","8":"first","9":"instock","10":"taxable","11":"shipping-taxable","12":"purchasable","13":"product-type-simple"},"yoast_head":"<!-- This site is optimized with the Yoast SEO plugin v27.2 - https:\/\/yoast.com\/product\/yoast-seo-wordpress\/ -->\n<title>Puhvelinsarvi S Frigera, 1 kpl - MiuMjau<\/title>\n<meta name=\"robots\" content=\"index, follow, max-snippet:-1, max-image-preview:large, max-video-preview:-1\" \/>\n<link rel=\"canonical\" href=\"https:\/\/miumjau.ee\/fi\/tuote\/puhvelinsarvi-s-frigera-1-kpl\/\" \/>\n<meta property=\"og:locale\" content=\"fi_FI\" \/>\n<meta property=\"og:type\" content=\"article\" \/>\n<meta property=\"og:title\" content=\"Puhvelinsarvi S Frigera, 1 kpl - MiuMjau\" \/>\n<meta property=\"og:description\" content=\"Pureskeleeko koirasi kaikki herkut hetkess\u00e4? Oletko jo kokeillut kaikki luonnolliset puruluuvaihtoehdot? \u00c4l\u00e4 etsi en\u00e4\u00e4 \u2013 friGERA puhvelinsarven p\u00e4\u00e4t ovat edullinen puruherkku, jota karvainen yst\u00e4v\u00e4si tarvitsee! Puhvelinsarven p\u00e4\u00e4t ovat per\u00e4isin vapaana kasvatetuista, ruoholla ruokituista puhveleista. Keruun j\u00e4lkeen ne liotetaan kuumassa vedess\u00e4, puhdistetaan ja hiotaan ter\u00e4vien reunojen poistamiseksi, mink\u00e4 j\u00e4lkeen ne kuivataan huolellisesti. Puhvelinsarven p\u00e4\u00e4t koostuvat eritt\u00e4in kest\u00e4v\u00e4st\u00e4 keratiinista ja kest\u00e4v\u00e4t viikkoja tai jopa kuukausia. T\u00e4m\u00e4 tekee niist\u00e4 erityisen sopivan valinnan ahdistuneille koirille, joilla on voimakas pureskelutarve, sill\u00e4 intensiivinen pureskelu vapauttaa paljon endorfiineja. T\u00e4m\u00e4 auttaa koiraasi tuntemaan olonsa onnelliseksi ja rauhalliseksi. Koska ne ovat v\u00e4h\u00e4rasvaisia mutta sis\u00e4lt\u00e4v\u00e4t runsaasti proteiinia, kalsiumia ja fosforia, ne eiv\u00e4t vaikuta merkitt\u00e4v\u00e4sti koiran painoon, mutta tukevat terveiden luiden ja lihasten kehityst\u00e4! Nettopaino: 80 g Koostumus: 100 % puhveli Ruokintaohjeet: Anna aterioiden v\u00e4lill\u00e4 herkkuna tai palkkiona osana tasapainoista ruokavaliota. Valvo aina koiraasi ruokinnan aikana. Tarjoa aina riitt\u00e4v\u00e4sti raikasta vett\u00e4.Ei sovellu ihmisravinnoksi. Analyyttiset ainesosat: Proteiini 82,5 %; Rasva 4,5 %; Kosteus 5 %\" \/>\n<meta property=\"og:url\" content=\"https:\/\/miumjau.ee\/fi\/tuote\/puhvelinsarvi-s-frigera-1-kpl\/\" \/>\n<meta property=\"og:site_name\" content=\"MiuMjau\" \/>\n<meta property=\"article:publisher\" content=\"https:\/\/www.facebook.com\/miumjaupood\/\" \/>\n<meta property=\"og:image\" content=\"https:\/\/miumjau.ee\/wp-content\/uploads\/2026\/04\/puhvli-sarv-S.jpg\" \/>\n\t<meta property=\"og:image:width\" content=\"600\" \/>\n\t<meta property=\"og:image:height\" content=\"800\" \/>\n\t<meta property=\"og:image:type\" content=\"image\/jpeg\" \/>\n<meta name=\"twitter:card\" content=\"summary_large_image\" \/>\n<script type=\"application\/ld+json\" class=\"yoast-schema-graph\">{\"@context\":\"https:\/\/schema.org\",\"@graph\":[{\"@type\":\"WebPage\",\"@id\":\"https:\/\/miumjau.ee\/fi\/tuote\/puhvelinsarvi-s-frigera-1-kpl\/\",\"url\":\"https:\/\/miumjau.ee\/fi\/tuote\/puhvelinsarvi-s-frigera-1-kpl\/\",\"name\":\"Puhvelinsarvi S Frigera, 1 kpl - MiuMjau\",\"isPartOf\":{\"@id\":\"https:\/\/miumjau.ee\/#website\"},\"primaryImageOfPage\":{\"@id\":\"https:\/\/miumjau.ee\/fi\/tuote\/puhvelinsarvi-s-frigera-1-kpl\/#primaryimage\"},\"image\":{\"@id\":\"https:\/\/miumjau.ee\/fi\/tuote\/puhvelinsarvi-s-frigera-1-kpl\/#primaryimage\"},\"thumbnailUrl\":\"https:\/\/miumjau.ee\/wp-content\/uploads\/2026\/04\/puhvli-sarv-S.jpg\",\"datePublished\":\"2026-04-08T11:18:34+00:00\",\"breadcrumb\":{\"@id\":\"https:\/\/miumjau.ee\/fi\/tuote\/puhvelinsarvi-s-frigera-1-kpl\/#breadcrumb\"},\"inLanguage\":\"fi\",\"potentialAction\":[{\"@type\":\"ReadAction\",\"target\":[\"https:\/\/miumjau.ee\/fi\/tuote\/puhvelinsarvi-s-frigera-1-kpl\/\"]}]},{\"@type\":\"ImageObject\",\"inLanguage\":\"fi\",\"@id\":\"https:\/\/miumjau.ee\/fi\/tuote\/puhvelinsarvi-s-frigera-1-kpl\/#primaryimage\",\"url\":\"https:\/\/miumjau.ee\/wp-content\/uploads\/2026\/04\/puhvli-sarv-S.jpg\",\"contentUrl\":\"https:\/\/miumjau.ee\/wp-content\/uploads\/2026\/04\/puhvli-sarv-S.jpg\",\"width\":600,\"height\":800,\"caption\":\"P\u00fchvli sarv S Frigera, 1 tk\"},{\"@type\":\"BreadcrumbList\",\"@id\":\"https:\/\/miumjau.ee\/fi\/tuote\/puhvelinsarvi-s-frigera-1-kpl\/#breadcrumb\",\"itemListElement\":[{\"@type\":\"ListItem\",\"position\":1,\"name\":\"Home\",\"item\":\"https:\/\/miumjau.ee\/fi\/\"},{\"@type\":\"ListItem\",\"position\":2,\"name\":\"Kauppa\",\"item\":\"https:\/\/miumjau.ee\/fi\/kauppa\/\"},{\"@type\":\"ListItem\",\"position\":3,\"name\":\"Puhvelinsarvi S Frigera, 1 kpl\"}]},{\"@type\":\"WebSite\",\"@id\":\"https:\/\/miumjau.ee\/#website\",\"url\":\"https:\/\/miumjau.ee\/\",\"name\":\"MiuMjau\",\"description\":\"Kraapimispuud kassidele\",\"publisher\":{\"@id\":\"https:\/\/miumjau.ee\/#organization\"},\"potentialAction\":[{\"@type\":\"SearchAction\",\"target\":{\"@type\":\"EntryPoint\",\"urlTemplate\":\"https:\/\/miumjau.ee\/?s={search_term_string}\"},\"query-input\":{\"@type\":\"PropertyValueSpecification\",\"valueRequired\":true,\"valueName\":\"search_term_string\"}}],\"inLanguage\":\"fi\"},{\"@type\":\"Organization\",\"@id\":\"https:\/\/miumjau.ee\/#organization\",\"name\":\"MiuMjau O\u00dc\",\"url\":\"https:\/\/miumjau.ee\/\",\"logo\":{\"@type\":\"ImageObject\",\"inLanguage\":\"fi\",\"@id\":\"https:\/\/miumjau.ee\/#\/schema\/logo\/image\/\",\"url\":\"https:\/\/miumjau.ee\/wp-content\/uploads\/2022\/04\/MiuMjau-logo-kollane.png\",\"contentUrl\":\"https:\/\/miumjau.ee\/wp-content\/uploads\/2022\/04\/MiuMjau-logo-kollane.png\",\"width\":219,\"height\":100,\"caption\":\"MiuMjau O\u00dc\"},\"image\":{\"@id\":\"https:\/\/miumjau.ee\/#\/schema\/logo\/image\/\"},\"sameAs\":[\"https:\/\/www.facebook.com\/miumjaupood\/\"]}]}<\/script>\n<!-- \/ Yoast SEO plugin. -->","yoast_head_json":{"title":"Puhvelinsarvi S Frigera, 1 kpl - MiuMjau","robots":{"index":"index","follow":"follow","max-snippet":"max-snippet:-1","max-image-preview":"max-image-preview:large","max-video-preview":"max-video-preview:-1"},"canonical":"https:\/\/miumjau.ee\/fi\/tuote\/puhvelinsarvi-s-frigera-1-kpl\/","og_locale":"fi_FI","og_type":"article","og_title":"Puhvelinsarvi S Frigera, 1 kpl - MiuMjau","og_description":"Pureskeleeko koirasi kaikki herkut hetkess\u00e4? Oletko jo kokeillut kaikki luonnolliset puruluuvaihtoehdot? \u00c4l\u00e4 etsi en\u00e4\u00e4 \u2013 friGERA puhvelinsarven p\u00e4\u00e4t ovat edullinen puruherkku, jota karvainen yst\u00e4v\u00e4si tarvitsee! Puhvelinsarven p\u00e4\u00e4t ovat per\u00e4isin vapaana kasvatetuista, ruoholla ruokituista puhveleista. Keruun j\u00e4lkeen ne liotetaan kuumassa vedess\u00e4, puhdistetaan ja hiotaan ter\u00e4vien reunojen poistamiseksi, mink\u00e4 j\u00e4lkeen ne kuivataan huolellisesti. Puhvelinsarven p\u00e4\u00e4t koostuvat eritt\u00e4in kest\u00e4v\u00e4st\u00e4 keratiinista ja kest\u00e4v\u00e4t viikkoja tai jopa kuukausia. T\u00e4m\u00e4 tekee niist\u00e4 erityisen sopivan valinnan ahdistuneille koirille, joilla on voimakas pureskelutarve, sill\u00e4 intensiivinen pureskelu vapauttaa paljon endorfiineja. T\u00e4m\u00e4 auttaa koiraasi tuntemaan olonsa onnelliseksi ja rauhalliseksi. Koska ne ovat v\u00e4h\u00e4rasvaisia mutta sis\u00e4lt\u00e4v\u00e4t runsaasti proteiinia, kalsiumia ja fosforia, ne eiv\u00e4t vaikuta merkitt\u00e4v\u00e4sti koiran painoon, mutta tukevat terveiden luiden ja lihasten kehityst\u00e4! Nettopaino: 80 g Koostumus: 100 % puhveli Ruokintaohjeet: Anna aterioiden v\u00e4lill\u00e4 herkkuna tai palkkiona osana tasapainoista ruokavaliota. Valvo aina koiraasi ruokinnan aikana. Tarjoa aina riitt\u00e4v\u00e4sti raikasta vett\u00e4.Ei sovellu ihmisravinnoksi. Analyyttiset ainesosat: Proteiini 82,5 %; Rasva 4,5 %; Kosteus 5 %","og_url":"https:\/\/miumjau.ee\/fi\/tuote\/puhvelinsarvi-s-frigera-1-kpl\/","og_site_name":"MiuMjau","article_publisher":"https:\/\/www.facebook.com\/miumjaupood\/","og_image":[{"width":600,"height":800,"url":"https:\/\/miumjau.ee\/wp-content\/uploads\/2026\/04\/puhvli-sarv-S.jpg","type":"image\/jpeg"}],"twitter_card":"summary_large_image","schema":{"@context":"https:\/\/schema.org","@graph":[{"@type":"WebPage","@id":"https:\/\/miumjau.ee\/fi\/tuote\/puhvelinsarvi-s-frigera-1-kpl\/","url":"https:\/\/miumjau.ee\/fi\/tuote\/puhvelinsarvi-s-frigera-1-kpl\/","name":"Puhvelinsarvi S Frigera, 1 kpl - MiuMjau","isPartOf":{"@id":"https:\/\/miumjau.ee\/#website"},"primaryImageOfPage":{"@id":"https:\/\/miumjau.ee\/fi\/tuote\/puhvelinsarvi-s-frigera-1-kpl\/#primaryimage"},"image":{"@id":"https:\/\/miumjau.ee\/fi\/tuote\/puhvelinsarvi-s-frigera-1-kpl\/#primaryimage"},"thumbnailUrl":"https:\/\/miumjau.ee\/wp-content\/uploads\/2026\/04\/puhvli-sarv-S.jpg","datePublished":"2026-04-08T11:18:34+00:00","breadcrumb":{"@id":"https:\/\/miumjau.ee\/fi\/tuote\/puhvelinsarvi-s-frigera-1-kpl\/#breadcrumb"},"inLanguage":"fi","potentialAction":[{"@type":"ReadAction","target":["https:\/\/miumjau.ee\/fi\/tuote\/puhvelinsarvi-s-frigera-1-kpl\/"]}]},{"@type":"ImageObject","inLanguage":"fi","@id":"https:\/\/miumjau.ee\/fi\/tuote\/puhvelinsarvi-s-frigera-1-kpl\/#primaryimage","url":"https:\/\/miumjau.ee\/wp-content\/uploads\/2026\/04\/puhvli-sarv-S.jpg","contentUrl":"https:\/\/miumjau.ee\/wp-content\/uploads\/2026\/04\/puhvli-sarv-S.jpg","width":600,"height":800,"caption":"P\u00fchvli sarv S Frigera, 1 tk"},{"@type":"BreadcrumbList","@id":"https:\/\/miumjau.ee\/fi\/tuote\/puhvelinsarvi-s-frigera-1-kpl\/#breadcrumb","itemListElement":[{"@type":"ListItem","position":1,"name":"Home","item":"https:\/\/miumjau.ee\/fi\/"},{"@type":"ListItem","position":2,"name":"Kauppa","item":"https:\/\/miumjau.ee\/fi\/kauppa\/"},{"@type":"ListItem","position":3,"name":"Puhvelinsarvi S Frigera, 1 kpl"}]},{"@type":"WebSite","@id":"https:\/\/miumjau.ee\/#website","url":"https:\/\/miumjau.ee\/","name":"MiuMjau","description":"Kraapimispuud kassidele","publisher":{"@id":"https:\/\/miumjau.ee\/#organization"},"potentialAction":[{"@type":"SearchAction","target":{"@type":"EntryPoint","urlTemplate":"https:\/\/miumjau.ee\/?s={search_term_string}"},"query-input":{"@type":"PropertyValueSpecification","valueRequired":true,"valueName":"search_term_string"}}],"inLanguage":"fi"},{"@type":"Organization","@id":"https:\/\/miumjau.ee\/#organization","name":"MiuMjau O\u00dc","url":"https:\/\/miumjau.ee\/","logo":{"@type":"ImageObject","inLanguage":"fi","@id":"https:\/\/miumjau.ee\/#\/schema\/logo\/image\/","url":"https:\/\/miumjau.ee\/wp-content\/uploads\/2022\/04\/MiuMjau-logo-kollane.png","contentUrl":"https:\/\/miumjau.ee\/wp-content\/uploads\/2022\/04\/MiuMjau-logo-kollane.png","width":219,"height":100,"caption":"MiuMjau O\u00dc"},"image":{"@id":"https:\/\/miumjau.ee\/#\/schema\/logo\/image\/"},"sameAs":["https:\/\/www.facebook.com\/miumjaupood\/"]}]}},"_links":{"self":[{"href":"https:\/\/miumjau.ee\/fi\/wp-json\/wp\/v2\/product\/57774","targetHints":{"allow":["GET"]}}],"collection":[{"href":"https:\/\/miumjau.ee\/fi\/wp-json\/wp\/v2\/product"}],"about":[{"href":"https:\/\/miumjau.ee\/fi\/wp-json\/wp\/v2\/types\/product"}],"wp:featuredmedia":[{"embeddable":true,"href":"https:\/\/miumjau.ee\/fi\/wp-json\/wp\/v2\/media\/57141"}],"wp:attachment":[{"href":"https:\/\/miumjau.ee\/fi\/wp-json\/wp\/v2\/media?parent=57774"}],"wp:term":[{"taxonomy":"product_brand","embeddable":true,"href":"https:\/\/miumjau.ee\/fi\/wp-json\/wp\/v2\/product_brand?post=57774"},{"taxonomy":"product_cat","embeddable":true,"href":"https:\/\/miumjau.ee\/fi\/wp-json\/wp\/v2\/product_cat?post=57774"},{"taxonomy":"product_tag","embeddable":true,"href":"https:\/\/miumjau.ee\/fi\/wp-json\/wp\/v2\/product_tag?post=57774"}],"curies":[{"name":"wp","href":"https:\/\/api.w.org\/{rel}","templated":true}]}}