{"id":57770,"date":"2026-04-08T14:18:36","date_gmt":"2026-04-08T11:18:36","guid":{"rendered":"https:\/\/miumjau.ee\/toode\/naudan-paanahka-karvoilla-frigera-60-cm-1-kpl\/"},"modified":"2026-04-08T14:18:36","modified_gmt":"2026-04-08T11:18:36","slug":"naudan-paanahka-karvoilla-frigera-60-cm-1-kpl","status":"publish","type":"product","link":"https:\/\/miumjau.ee\/fi\/tuote\/naudan-paanahka-karvoilla-frigera-60-cm-1-kpl\/","title":{"rendered":"Naudan p\u00e4\u00e4nahka karvoilla Frigera 60 cm, 1 kpl"},"content":{"rendered":"","protected":false},"excerpt":{"rendered":"<p data-start=\"1581\" data-end=\"1725\">FriGERA premium naudannahka \u2013 ihanteellinen koirille, joilla on eritt\u00e4in voimakas pureskelutarve, nyt tikun muotoisena pidemp\u00e4\u00e4n pureskeluiloon!<\/p>\n<p data-start=\"1727\" data-end=\"2065\">Premium-naudannahkamme on maukas herkku, joka on valmistettu hell\u00e4varaisesti kuivatusta, paksusta luonnollisesta nahasta Saksan korkealaatuisista naudoista. T\u00e4m\u00e4 herkku on runsasproteiininen, v\u00e4h\u00e4rasvainen eik\u00e4 sis\u00e4ll\u00e4 keinotekoisia v\u00e4riaineita tai s\u00e4il\u00f6nt\u00e4aineita. Korkea kollageenipitoisuus auttaa yll\u00e4pit\u00e4m\u00e4\u00e4n ihon ja turkin terveytt\u00e4.<\/p>\n<p data-start=\"2067\" data-end=\"2255\">Lis\u00e4ksi karva voi tukea koiran suoliston luonnollista puhdistumista! T\u00e4m\u00e4 vastaa hyvin koirien luontaista k\u00e4ytt\u00e4ytymist\u00e4, jossa ne sy\u00f6v\u00e4t saaliin kokonaisena, mukaan lukien karvat ja luut.<\/p>\n<p data-start=\"2257\" data-end=\"2722\">Koska koirasi joutuu tekem\u00e4\u00e4n erityisen kovasti t\u00f6it\u00e4 pehment\u00e4\u00e4kseen nahkaa pureskellessaan, t\u00e4m\u00e4 herkku ominaisella tuoksullaan on ihanteellinen pit\u00e4m\u00e4\u00e4n sen viel\u00e4 pidemp\u00e4\u00e4n kiireisen\u00e4 samalla vahvistaen leukalihaksia. Kirsikkana kakun p\u00e4\u00e4ll\u00e4 se tukee my\u00f6s hampaiden ja ikenien terveytt\u00e4 sek\u00e4 parantaa henkist\u00e4 hyvinvointia! Pitk\u00e4 muoto kannustaa koiraa olemaan kekseli\u00e4s ja luova, tarjoten lis\u00e4ksi leikkisyytt\u00e4 ja henkist\u00e4 stimulaatiota. Ajankulua parhaimmillaan!<\/p>\n<p data-start=\"2724\" data-end=\"2750\">Nettopaino: noin 200\u2013220 g<\/p>\n<p data-start=\"2752\" data-end=\"2955\">Ruokintaohjeet<br data-start=\"2766\" data-end=\"2769\" \/>Anna aterioiden v\u00e4lill\u00e4 herkkuna tai palkkiona osana tasapainoista ruokavaliota. Valvo aina koiraasi ruokinnan aikana. Tarjoa aina riitt\u00e4v\u00e4sti raikasta vett\u00e4. Ei sovellu ihmisravinnoksi.<\/p>\n<p data-start=\"2957\" data-end=\"3112\">PS: Pituuden vuoksi emme toimita pakettiautomaatteihin, mutta kuriiritoimitus on saatavilla \ud83d\ude42 Tuote on pakkaamaton, ja pakkaamme sen muoviin tai paperiin.<\/p>\n","protected":false},"featured_media":57159,"template":"","meta":[],"product_brand":[],"product_cat":[480],"product_tag":[],"class_list":{"0":"post-57770","1":"product","2":"type-product","3":"status-publish","4":"has-post-thumbnail","6":"product_cat-herkut-koirille","8":"first","9":"instock","10":"taxable","11":"shipping-taxable","12":"purchasable","13":"product-type-simple"},"yoast_head":"<!-- This site is optimized with the Yoast SEO plugin v27.2 - https:\/\/yoast.com\/product\/yoast-seo-wordpress\/ -->\n<title>Naudan p\u00e4\u00e4nahka karvoilla Frigera 60 cm, 1 kpl - MiuMjau<\/title>\n<meta name=\"robots\" content=\"index, follow, max-snippet:-1, max-image-preview:large, max-video-preview:-1\" \/>\n<link rel=\"canonical\" href=\"https:\/\/miumjau.ee\/fi\/tuote\/naudan-paanahka-karvoilla-frigera-60-cm-1-kpl\/\" \/>\n<meta property=\"og:locale\" content=\"fi_FI\" \/>\n<meta property=\"og:type\" content=\"article\" \/>\n<meta property=\"og:title\" content=\"Naudan p\u00e4\u00e4nahka karvoilla Frigera 60 cm, 1 kpl - MiuMjau\" \/>\n<meta property=\"og:description\" content=\"FriGERA premium naudannahka \u2013 ihanteellinen koirille, joilla on eritt\u00e4in voimakas pureskelutarve, nyt tikun muotoisena pidemp\u00e4\u00e4n pureskeluiloon! Premium-naudannahkamme on maukas herkku, joka on valmistettu hell\u00e4varaisesti kuivatusta, paksusta luonnollisesta nahasta Saksan korkealaatuisista naudoista. T\u00e4m\u00e4 herkku on runsasproteiininen, v\u00e4h\u00e4rasvainen eik\u00e4 sis\u00e4ll\u00e4 keinotekoisia v\u00e4riaineita tai s\u00e4il\u00f6nt\u00e4aineita. Korkea kollageenipitoisuus auttaa yll\u00e4pit\u00e4m\u00e4\u00e4n ihon ja turkin terveytt\u00e4. Lis\u00e4ksi karva voi tukea koiran suoliston luonnollista puhdistumista! T\u00e4m\u00e4 vastaa hyvin koirien luontaista k\u00e4ytt\u00e4ytymist\u00e4, jossa ne sy\u00f6v\u00e4t saaliin kokonaisena, mukaan lukien karvat ja luut. Koska koirasi joutuu tekem\u00e4\u00e4n erityisen kovasti t\u00f6it\u00e4 pehment\u00e4\u00e4kseen nahkaa pureskellessaan, t\u00e4m\u00e4 herkku ominaisella tuoksullaan on ihanteellinen pit\u00e4m\u00e4\u00e4n sen viel\u00e4 pidemp\u00e4\u00e4n kiireisen\u00e4 samalla vahvistaen leukalihaksia. Kirsikkana kakun p\u00e4\u00e4ll\u00e4 se tukee my\u00f6s hampaiden ja ikenien terveytt\u00e4 sek\u00e4 parantaa henkist\u00e4 hyvinvointia! Pitk\u00e4 muoto kannustaa koiraa olemaan kekseli\u00e4s ja luova, tarjoten lis\u00e4ksi leikkisyytt\u00e4 ja henkist\u00e4 stimulaatiota. Ajankulua parhaimmillaan! Nettopaino: noin 200\u2013220 g RuokintaohjeetAnna aterioiden v\u00e4lill\u00e4 herkkuna tai palkkiona osana tasapainoista ruokavaliota. Valvo aina koiraasi ruokinnan aikana. Tarjoa aina riitt\u00e4v\u00e4sti raikasta vett\u00e4. Ei sovellu ihmisravinnoksi. PS: Pituuden vuoksi emme toimita pakettiautomaatteihin, mutta kuriiritoimitus on saatavilla \ud83d\ude42 Tuote on pakkaamaton, ja pakkaamme sen muoviin tai paperiin.\" \/>\n<meta property=\"og:url\" content=\"https:\/\/miumjau.ee\/fi\/tuote\/naudan-paanahka-karvoilla-frigera-60-cm-1-kpl\/\" \/>\n<meta property=\"og:site_name\" content=\"MiuMjau\" \/>\n<meta property=\"article:publisher\" content=\"https:\/\/www.facebook.com\/miumjaupood\/\" \/>\n<meta property=\"og:image\" content=\"https:\/\/miumjau.ee\/wp-content\/uploads\/2026\/04\/veise-peanahk-karvaga-60cm.jpg\" \/>\n\t<meta property=\"og:image:width\" content=\"600\" \/>\n\t<meta property=\"og:image:height\" content=\"800\" \/>\n\t<meta property=\"og:image:type\" content=\"image\/jpeg\" \/>\n<meta name=\"twitter:card\" content=\"summary_large_image\" \/>\n<script type=\"application\/ld+json\" class=\"yoast-schema-graph\">{\"@context\":\"https:\/\/schema.org\",\"@graph\":[{\"@type\":\"WebPage\",\"@id\":\"https:\/\/miumjau.ee\/fi\/tuote\/naudan-paanahka-karvoilla-frigera-60-cm-1-kpl\/\",\"url\":\"https:\/\/miumjau.ee\/fi\/tuote\/naudan-paanahka-karvoilla-frigera-60-cm-1-kpl\/\",\"name\":\"Naudan p\u00e4\u00e4nahka karvoilla Frigera 60 cm, 1 kpl - MiuMjau\",\"isPartOf\":{\"@id\":\"https:\/\/miumjau.ee\/#website\"},\"primaryImageOfPage\":{\"@id\":\"https:\/\/miumjau.ee\/fi\/tuote\/naudan-paanahka-karvoilla-frigera-60-cm-1-kpl\/#primaryimage\"},\"image\":{\"@id\":\"https:\/\/miumjau.ee\/fi\/tuote\/naudan-paanahka-karvoilla-frigera-60-cm-1-kpl\/#primaryimage\"},\"thumbnailUrl\":\"https:\/\/miumjau.ee\/wp-content\/uploads\/2026\/04\/veise-peanahk-karvaga-60cm.jpg\",\"datePublished\":\"2026-04-08T11:18:36+00:00\",\"breadcrumb\":{\"@id\":\"https:\/\/miumjau.ee\/fi\/tuote\/naudan-paanahka-karvoilla-frigera-60-cm-1-kpl\/#breadcrumb\"},\"inLanguage\":\"fi\",\"potentialAction\":[{\"@type\":\"ReadAction\",\"target\":[\"https:\/\/miumjau.ee\/fi\/tuote\/naudan-paanahka-karvoilla-frigera-60-cm-1-kpl\/\"]}]},{\"@type\":\"ImageObject\",\"inLanguage\":\"fi\",\"@id\":\"https:\/\/miumjau.ee\/fi\/tuote\/naudan-paanahka-karvoilla-frigera-60-cm-1-kpl\/#primaryimage\",\"url\":\"https:\/\/miumjau.ee\/wp-content\/uploads\/2026\/04\/veise-peanahk-karvaga-60cm.jpg\",\"contentUrl\":\"https:\/\/miumjau.ee\/wp-content\/uploads\/2026\/04\/veise-peanahk-karvaga-60cm.jpg\",\"width\":600,\"height\":800,\"caption\":\"Veise peanahk karvadega Frigera 60cm, 1tk\"},{\"@type\":\"BreadcrumbList\",\"@id\":\"https:\/\/miumjau.ee\/fi\/tuote\/naudan-paanahka-karvoilla-frigera-60-cm-1-kpl\/#breadcrumb\",\"itemListElement\":[{\"@type\":\"ListItem\",\"position\":1,\"name\":\"Home\",\"item\":\"https:\/\/miumjau.ee\/fi\/\"},{\"@type\":\"ListItem\",\"position\":2,\"name\":\"Kauppa\",\"item\":\"https:\/\/miumjau.ee\/fi\/kauppa\/\"},{\"@type\":\"ListItem\",\"position\":3,\"name\":\"Naudan p\u00e4\u00e4nahka karvoilla Frigera 60 cm, 1 kpl\"}]},{\"@type\":\"WebSite\",\"@id\":\"https:\/\/miumjau.ee\/#website\",\"url\":\"https:\/\/miumjau.ee\/\",\"name\":\"MiuMjau\",\"description\":\"Kraapimispuud kassidele\",\"publisher\":{\"@id\":\"https:\/\/miumjau.ee\/#organization\"},\"potentialAction\":[{\"@type\":\"SearchAction\",\"target\":{\"@type\":\"EntryPoint\",\"urlTemplate\":\"https:\/\/miumjau.ee\/?s={search_term_string}\"},\"query-input\":{\"@type\":\"PropertyValueSpecification\",\"valueRequired\":true,\"valueName\":\"search_term_string\"}}],\"inLanguage\":\"fi\"},{\"@type\":\"Organization\",\"@id\":\"https:\/\/miumjau.ee\/#organization\",\"name\":\"MiuMjau O\u00dc\",\"url\":\"https:\/\/miumjau.ee\/\",\"logo\":{\"@type\":\"ImageObject\",\"inLanguage\":\"fi\",\"@id\":\"https:\/\/miumjau.ee\/#\/schema\/logo\/image\/\",\"url\":\"https:\/\/miumjau.ee\/wp-content\/uploads\/2022\/04\/MiuMjau-logo-kollane.png\",\"contentUrl\":\"https:\/\/miumjau.ee\/wp-content\/uploads\/2022\/04\/MiuMjau-logo-kollane.png\",\"width\":219,\"height\":100,\"caption\":\"MiuMjau O\u00dc\"},\"image\":{\"@id\":\"https:\/\/miumjau.ee\/#\/schema\/logo\/image\/\"},\"sameAs\":[\"https:\/\/www.facebook.com\/miumjaupood\/\"]}]}<\/script>\n<!-- \/ Yoast SEO plugin. -->","yoast_head_json":{"title":"Naudan p\u00e4\u00e4nahka karvoilla Frigera 60 cm, 1 kpl - MiuMjau","robots":{"index":"index","follow":"follow","max-snippet":"max-snippet:-1","max-image-preview":"max-image-preview:large","max-video-preview":"max-video-preview:-1"},"canonical":"https:\/\/miumjau.ee\/fi\/tuote\/naudan-paanahka-karvoilla-frigera-60-cm-1-kpl\/","og_locale":"fi_FI","og_type":"article","og_title":"Naudan p\u00e4\u00e4nahka karvoilla Frigera 60 cm, 1 kpl - MiuMjau","og_description":"FriGERA premium naudannahka \u2013 ihanteellinen koirille, joilla on eritt\u00e4in voimakas pureskelutarve, nyt tikun muotoisena pidemp\u00e4\u00e4n pureskeluiloon! Premium-naudannahkamme on maukas herkku, joka on valmistettu hell\u00e4varaisesti kuivatusta, paksusta luonnollisesta nahasta Saksan korkealaatuisista naudoista. T\u00e4m\u00e4 herkku on runsasproteiininen, v\u00e4h\u00e4rasvainen eik\u00e4 sis\u00e4ll\u00e4 keinotekoisia v\u00e4riaineita tai s\u00e4il\u00f6nt\u00e4aineita. Korkea kollageenipitoisuus auttaa yll\u00e4pit\u00e4m\u00e4\u00e4n ihon ja turkin terveytt\u00e4. Lis\u00e4ksi karva voi tukea koiran suoliston luonnollista puhdistumista! T\u00e4m\u00e4 vastaa hyvin koirien luontaista k\u00e4ytt\u00e4ytymist\u00e4, jossa ne sy\u00f6v\u00e4t saaliin kokonaisena, mukaan lukien karvat ja luut. Koska koirasi joutuu tekem\u00e4\u00e4n erityisen kovasti t\u00f6it\u00e4 pehment\u00e4\u00e4kseen nahkaa pureskellessaan, t\u00e4m\u00e4 herkku ominaisella tuoksullaan on ihanteellinen pit\u00e4m\u00e4\u00e4n sen viel\u00e4 pidemp\u00e4\u00e4n kiireisen\u00e4 samalla vahvistaen leukalihaksia. Kirsikkana kakun p\u00e4\u00e4ll\u00e4 se tukee my\u00f6s hampaiden ja ikenien terveytt\u00e4 sek\u00e4 parantaa henkist\u00e4 hyvinvointia! Pitk\u00e4 muoto kannustaa koiraa olemaan kekseli\u00e4s ja luova, tarjoten lis\u00e4ksi leikkisyytt\u00e4 ja henkist\u00e4 stimulaatiota. Ajankulua parhaimmillaan! Nettopaino: noin 200\u2013220 g RuokintaohjeetAnna aterioiden v\u00e4lill\u00e4 herkkuna tai palkkiona osana tasapainoista ruokavaliota. Valvo aina koiraasi ruokinnan aikana. Tarjoa aina riitt\u00e4v\u00e4sti raikasta vett\u00e4. Ei sovellu ihmisravinnoksi. PS: Pituuden vuoksi emme toimita pakettiautomaatteihin, mutta kuriiritoimitus on saatavilla \ud83d\ude42 Tuote on pakkaamaton, ja pakkaamme sen muoviin tai paperiin.","og_url":"https:\/\/miumjau.ee\/fi\/tuote\/naudan-paanahka-karvoilla-frigera-60-cm-1-kpl\/","og_site_name":"MiuMjau","article_publisher":"https:\/\/www.facebook.com\/miumjaupood\/","og_image":[{"width":600,"height":800,"url":"https:\/\/miumjau.ee\/wp-content\/uploads\/2026\/04\/veise-peanahk-karvaga-60cm.jpg","type":"image\/jpeg"}],"twitter_card":"summary_large_image","schema":{"@context":"https:\/\/schema.org","@graph":[{"@type":"WebPage","@id":"https:\/\/miumjau.ee\/fi\/tuote\/naudan-paanahka-karvoilla-frigera-60-cm-1-kpl\/","url":"https:\/\/miumjau.ee\/fi\/tuote\/naudan-paanahka-karvoilla-frigera-60-cm-1-kpl\/","name":"Naudan p\u00e4\u00e4nahka karvoilla Frigera 60 cm, 1 kpl - MiuMjau","isPartOf":{"@id":"https:\/\/miumjau.ee\/#website"},"primaryImageOfPage":{"@id":"https:\/\/miumjau.ee\/fi\/tuote\/naudan-paanahka-karvoilla-frigera-60-cm-1-kpl\/#primaryimage"},"image":{"@id":"https:\/\/miumjau.ee\/fi\/tuote\/naudan-paanahka-karvoilla-frigera-60-cm-1-kpl\/#primaryimage"},"thumbnailUrl":"https:\/\/miumjau.ee\/wp-content\/uploads\/2026\/04\/veise-peanahk-karvaga-60cm.jpg","datePublished":"2026-04-08T11:18:36+00:00","breadcrumb":{"@id":"https:\/\/miumjau.ee\/fi\/tuote\/naudan-paanahka-karvoilla-frigera-60-cm-1-kpl\/#breadcrumb"},"inLanguage":"fi","potentialAction":[{"@type":"ReadAction","target":["https:\/\/miumjau.ee\/fi\/tuote\/naudan-paanahka-karvoilla-frigera-60-cm-1-kpl\/"]}]},{"@type":"ImageObject","inLanguage":"fi","@id":"https:\/\/miumjau.ee\/fi\/tuote\/naudan-paanahka-karvoilla-frigera-60-cm-1-kpl\/#primaryimage","url":"https:\/\/miumjau.ee\/wp-content\/uploads\/2026\/04\/veise-peanahk-karvaga-60cm.jpg","contentUrl":"https:\/\/miumjau.ee\/wp-content\/uploads\/2026\/04\/veise-peanahk-karvaga-60cm.jpg","width":600,"height":800,"caption":"Veise peanahk karvadega Frigera 60cm, 1tk"},{"@type":"BreadcrumbList","@id":"https:\/\/miumjau.ee\/fi\/tuote\/naudan-paanahka-karvoilla-frigera-60-cm-1-kpl\/#breadcrumb","itemListElement":[{"@type":"ListItem","position":1,"name":"Home","item":"https:\/\/miumjau.ee\/fi\/"},{"@type":"ListItem","position":2,"name":"Kauppa","item":"https:\/\/miumjau.ee\/fi\/kauppa\/"},{"@type":"ListItem","position":3,"name":"Naudan p\u00e4\u00e4nahka karvoilla Frigera 60 cm, 1 kpl"}]},{"@type":"WebSite","@id":"https:\/\/miumjau.ee\/#website","url":"https:\/\/miumjau.ee\/","name":"MiuMjau","description":"Kraapimispuud kassidele","publisher":{"@id":"https:\/\/miumjau.ee\/#organization"},"potentialAction":[{"@type":"SearchAction","target":{"@type":"EntryPoint","urlTemplate":"https:\/\/miumjau.ee\/?s={search_term_string}"},"query-input":{"@type":"PropertyValueSpecification","valueRequired":true,"valueName":"search_term_string"}}],"inLanguage":"fi"},{"@type":"Organization","@id":"https:\/\/miumjau.ee\/#organization","name":"MiuMjau O\u00dc","url":"https:\/\/miumjau.ee\/","logo":{"@type":"ImageObject","inLanguage":"fi","@id":"https:\/\/miumjau.ee\/#\/schema\/logo\/image\/","url":"https:\/\/miumjau.ee\/wp-content\/uploads\/2022\/04\/MiuMjau-logo-kollane.png","contentUrl":"https:\/\/miumjau.ee\/wp-content\/uploads\/2022\/04\/MiuMjau-logo-kollane.png","width":219,"height":100,"caption":"MiuMjau O\u00dc"},"image":{"@id":"https:\/\/miumjau.ee\/#\/schema\/logo\/image\/"},"sameAs":["https:\/\/www.facebook.com\/miumjaupood\/"]}]}},"_links":{"self":[{"href":"https:\/\/miumjau.ee\/fi\/wp-json\/wp\/v2\/product\/57770","targetHints":{"allow":["GET"]}}],"collection":[{"href":"https:\/\/miumjau.ee\/fi\/wp-json\/wp\/v2\/product"}],"about":[{"href":"https:\/\/miumjau.ee\/fi\/wp-json\/wp\/v2\/types\/product"}],"wp:featuredmedia":[{"embeddable":true,"href":"https:\/\/miumjau.ee\/fi\/wp-json\/wp\/v2\/media\/57159"}],"wp:attachment":[{"href":"https:\/\/miumjau.ee\/fi\/wp-json\/wp\/v2\/media?parent=57770"}],"wp:term":[{"taxonomy":"product_brand","embeddable":true,"href":"https:\/\/miumjau.ee\/fi\/wp-json\/wp\/v2\/product_brand?post=57770"},{"taxonomy":"product_cat","embeddable":true,"href":"https:\/\/miumjau.ee\/fi\/wp-json\/wp\/v2\/product_cat?post=57770"},{"taxonomy":"product_tag","embeddable":true,"href":"https:\/\/miumjau.ee\/fi\/wp-json\/wp\/v2\/product_tag?post=57770"}],"curies":[{"name":"wp","href":"https:\/\/api.w.org\/{rel}","templated":true}]}}