{"id":57749,"date":"2026-04-08T14:18:42","date_gmt":"2026-04-08T11:18:42","guid":{"rendered":"https:\/\/miumjau.ee\/toode\/lampaan-sarvi-frigera-1-kpl\/"},"modified":"2026-04-08T14:18:42","modified_gmt":"2026-04-08T11:18:42","slug":"lampaan-sarvi-frigera-1-kpl","status":"publish","type":"product","link":"https:\/\/miumjau.ee\/fi\/tuote\/lampaan-sarvi-frigera-1-kpl\/","title":{"rendered":"Lampaan sarvi Frigera, 1 kpl"},"content":{"rendered":"","protected":false},"excerpt":{"rendered":"<p data-start=\"1700\" data-end=\"1896\">Pureskeleeko koirasi jokaisen herkun hetkess\u00e4? Oletko jo kokeillut kaikki luonnolliset puruherkut? \u00c4l\u00e4 etsi en\u00e4\u00e4 \u2013 Frigera lampaan sarvi on edullinen puruherkku, jota karvainen yst\u00e4v\u00e4si tarvitsee!<\/p>\n<p data-start=\"1898\" data-end=\"2503\">Lampaan sarvemme ovat per\u00e4isin vapaana laiduntaneista, ruoholla ruokituista karitsoista. Ker\u00e4yksen j\u00e4lkeen ne liotetaan kuumassa vedess\u00e4, puhdistetaan ja kiillotetaan ter\u00e4vien reunojen poistamiseksi, mink\u00e4 j\u00e4lkeen ne kuivataan huolellisesti. Lampaan sarvet koostuvat eritt\u00e4in kest\u00e4v\u00e4st\u00e4 keratiinista ja kest\u00e4v\u00e4t viikoista jopa kuukausiin (koiran koosta ja kiinnostuksesta riippuen). T\u00e4m\u00e4 tekee niist\u00e4 erityisen sopivia ahdistuneille koirille, joilla on voimakas pureskelutarve, sill\u00e4 intensiivinen pureskelu vapauttaa paljon endorfiineja. T\u00e4m\u00e4 auttaa koiraa tuntemaan olonsa onnelliseksi ja rauhalliseksi.<\/p>\n<p data-start=\"2505\" data-end=\"2695\">Koska ne ovat v\u00e4h\u00e4rasvaisia mutta sis\u00e4lt\u00e4v\u00e4t runsaasti proteiinia, kalsiumia ja fosforia, ne eiv\u00e4t vaikuta merkitt\u00e4v\u00e4sti koiran painoon, mutta tukevat terveiden luiden ja lihasten kehityst\u00e4.<\/p>\n<p data-start=\"2697\" data-end=\"3088\">Vinkki: voit t\u00e4ytt\u00e4\u00e4 sarven p\u00e4\u00e4t mill\u00e4 tahansa koirasi suosimalla \u2013 maukkaalla koiratahnalla, lihalla, m\u00e4rk\u00e4ruoalla jne. Mahdollisuudet ovat rajattomat! T\u00e4m\u00e4 on erinomainen ja edullinen tapa opettaa oikeaa puruk\u00e4ytt\u00e4ytymist\u00e4. Sen sijaan ett\u00e4 t\u00e4ytteen loputtua j\u00e4isi j\u00e4ljelle ravitsemuksellisesti arvoton synteettinen lelu, tyhj\u00e4 sarvi voi toimia lis\u00e4palkintona koulutuksen ja leikin j\u00e4lkeen.<\/p>\n<p data-start=\"3090\" data-end=\"3121\">100 % lammas ja paino noin 80 g<\/p>\n<p data-start=\"3123\" data-end=\"3309\">Ruokintaohjeet<br data-start=\"3137\" data-end=\"3140\" \/>Anna herkkuna aterioiden v\u00e4lill\u00e4 osana tasapainoista ruokavaliota. Valvo koiraa aina sy\u00f6misen aikana. Tarjoa aina riitt\u00e4v\u00e4sti raikasta vett\u00e4. Ei sovellu ihmisravinnoksi.<\/p>\n<p data-start=\"3311\" data-end=\"3379\">Analyyttiset ainesosat: Proteiini 76,26 %; Rasva 2 %; Kosteus 7,93 %<\/p>\n","protected":false},"featured_media":57135,"template":"","meta":[],"product_brand":[],"product_cat":[480],"product_tag":[],"class_list":{"0":"post-57749","1":"product","2":"type-product","3":"status-publish","4":"has-post-thumbnail","6":"product_cat-herkut-koirille","8":"first","9":"instock","10":"taxable","11":"shipping-taxable","12":"purchasable","13":"product-type-simple"},"yoast_head":"<!-- This site is optimized with the Yoast SEO plugin v27.2 - https:\/\/yoast.com\/product\/yoast-seo-wordpress\/ -->\n<title>Lampaan sarvi Frigera, 1 kpl - MiuMjau<\/title>\n<meta name=\"robots\" content=\"index, follow, max-snippet:-1, max-image-preview:large, max-video-preview:-1\" \/>\n<link rel=\"canonical\" href=\"https:\/\/miumjau.ee\/fi\/tuote\/lampaan-sarvi-frigera-1-kpl\/\" \/>\n<meta property=\"og:locale\" content=\"fi_FI\" \/>\n<meta property=\"og:type\" content=\"article\" \/>\n<meta property=\"og:title\" content=\"Lampaan sarvi Frigera, 1 kpl - MiuMjau\" \/>\n<meta property=\"og:description\" content=\"Pureskeleeko koirasi jokaisen herkun hetkess\u00e4? Oletko jo kokeillut kaikki luonnolliset puruherkut? \u00c4l\u00e4 etsi en\u00e4\u00e4 \u2013 Frigera lampaan sarvi on edullinen puruherkku, jota karvainen yst\u00e4v\u00e4si tarvitsee! Lampaan sarvemme ovat per\u00e4isin vapaana laiduntaneista, ruoholla ruokituista karitsoista. Ker\u00e4yksen j\u00e4lkeen ne liotetaan kuumassa vedess\u00e4, puhdistetaan ja kiillotetaan ter\u00e4vien reunojen poistamiseksi, mink\u00e4 j\u00e4lkeen ne kuivataan huolellisesti. Lampaan sarvet koostuvat eritt\u00e4in kest\u00e4v\u00e4st\u00e4 keratiinista ja kest\u00e4v\u00e4t viikoista jopa kuukausiin (koiran koosta ja kiinnostuksesta riippuen). T\u00e4m\u00e4 tekee niist\u00e4 erityisen sopivia ahdistuneille koirille, joilla on voimakas pureskelutarve, sill\u00e4 intensiivinen pureskelu vapauttaa paljon endorfiineja. T\u00e4m\u00e4 auttaa koiraa tuntemaan olonsa onnelliseksi ja rauhalliseksi. Koska ne ovat v\u00e4h\u00e4rasvaisia mutta sis\u00e4lt\u00e4v\u00e4t runsaasti proteiinia, kalsiumia ja fosforia, ne eiv\u00e4t vaikuta merkitt\u00e4v\u00e4sti koiran painoon, mutta tukevat terveiden luiden ja lihasten kehityst\u00e4. Vinkki: voit t\u00e4ytt\u00e4\u00e4 sarven p\u00e4\u00e4t mill\u00e4 tahansa koirasi suosimalla \u2013 maukkaalla koiratahnalla, lihalla, m\u00e4rk\u00e4ruoalla jne. Mahdollisuudet ovat rajattomat! T\u00e4m\u00e4 on erinomainen ja edullinen tapa opettaa oikeaa puruk\u00e4ytt\u00e4ytymist\u00e4. Sen sijaan ett\u00e4 t\u00e4ytteen loputtua j\u00e4isi j\u00e4ljelle ravitsemuksellisesti arvoton synteettinen lelu, tyhj\u00e4 sarvi voi toimia lis\u00e4palkintona koulutuksen ja leikin j\u00e4lkeen. 100 % lammas ja paino noin 80 g RuokintaohjeetAnna herkkuna aterioiden v\u00e4lill\u00e4 osana tasapainoista ruokavaliota. Valvo koiraa aina sy\u00f6misen aikana. Tarjoa aina riitt\u00e4v\u00e4sti raikasta vett\u00e4. Ei sovellu ihmisravinnoksi. Analyyttiset ainesosat: Proteiini 76,26 %; Rasva 2 %; Kosteus 7,93 %\" \/>\n<meta property=\"og:url\" content=\"https:\/\/miumjau.ee\/fi\/tuote\/lampaan-sarvi-frigera-1-kpl\/\" \/>\n<meta property=\"og:site_name\" content=\"MiuMjau\" \/>\n<meta property=\"article:publisher\" content=\"https:\/\/www.facebook.com\/miumjaupood\/\" \/>\n<meta property=\"og:image\" content=\"https:\/\/miumjau.ee\/wp-content\/uploads\/2026\/04\/lamba-sarv-frigera.jpg\" \/>\n\t<meta property=\"og:image:width\" content=\"600\" \/>\n\t<meta property=\"og:image:height\" content=\"800\" \/>\n\t<meta property=\"og:image:type\" content=\"image\/jpeg\" \/>\n<meta name=\"twitter:card\" content=\"summary_large_image\" \/>\n<script type=\"application\/ld+json\" class=\"yoast-schema-graph\">{\"@context\":\"https:\/\/schema.org\",\"@graph\":[{\"@type\":\"WebPage\",\"@id\":\"https:\/\/miumjau.ee\/fi\/tuote\/lampaan-sarvi-frigera-1-kpl\/\",\"url\":\"https:\/\/miumjau.ee\/fi\/tuote\/lampaan-sarvi-frigera-1-kpl\/\",\"name\":\"Lampaan sarvi Frigera, 1 kpl - MiuMjau\",\"isPartOf\":{\"@id\":\"https:\/\/miumjau.ee\/#website\"},\"primaryImageOfPage\":{\"@id\":\"https:\/\/miumjau.ee\/fi\/tuote\/lampaan-sarvi-frigera-1-kpl\/#primaryimage\"},\"image\":{\"@id\":\"https:\/\/miumjau.ee\/fi\/tuote\/lampaan-sarvi-frigera-1-kpl\/#primaryimage\"},\"thumbnailUrl\":\"https:\/\/miumjau.ee\/wp-content\/uploads\/2026\/04\/lamba-sarv-frigera.jpg\",\"datePublished\":\"2026-04-08T11:18:42+00:00\",\"breadcrumb\":{\"@id\":\"https:\/\/miumjau.ee\/fi\/tuote\/lampaan-sarvi-frigera-1-kpl\/#breadcrumb\"},\"inLanguage\":\"fi\",\"potentialAction\":[{\"@type\":\"ReadAction\",\"target\":[\"https:\/\/miumjau.ee\/fi\/tuote\/lampaan-sarvi-frigera-1-kpl\/\"]}]},{\"@type\":\"ImageObject\",\"inLanguage\":\"fi\",\"@id\":\"https:\/\/miumjau.ee\/fi\/tuote\/lampaan-sarvi-frigera-1-kpl\/#primaryimage\",\"url\":\"https:\/\/miumjau.ee\/wp-content\/uploads\/2026\/04\/lamba-sarv-frigera.jpg\",\"contentUrl\":\"https:\/\/miumjau.ee\/wp-content\/uploads\/2026\/04\/lamba-sarv-frigera.jpg\",\"width\":600,\"height\":800,\"caption\":\"Lamba sarv Frigera, 1 tk\"},{\"@type\":\"BreadcrumbList\",\"@id\":\"https:\/\/miumjau.ee\/fi\/tuote\/lampaan-sarvi-frigera-1-kpl\/#breadcrumb\",\"itemListElement\":[{\"@type\":\"ListItem\",\"position\":1,\"name\":\"Home\",\"item\":\"https:\/\/miumjau.ee\/fi\/\"},{\"@type\":\"ListItem\",\"position\":2,\"name\":\"Kauppa\",\"item\":\"https:\/\/miumjau.ee\/fi\/kauppa\/\"},{\"@type\":\"ListItem\",\"position\":3,\"name\":\"Lampaan sarvi Frigera, 1 kpl\"}]},{\"@type\":\"WebSite\",\"@id\":\"https:\/\/miumjau.ee\/#website\",\"url\":\"https:\/\/miumjau.ee\/\",\"name\":\"MiuMjau\",\"description\":\"Kraapimispuud kassidele\",\"publisher\":{\"@id\":\"https:\/\/miumjau.ee\/#organization\"},\"potentialAction\":[{\"@type\":\"SearchAction\",\"target\":{\"@type\":\"EntryPoint\",\"urlTemplate\":\"https:\/\/miumjau.ee\/?s={search_term_string}\"},\"query-input\":{\"@type\":\"PropertyValueSpecification\",\"valueRequired\":true,\"valueName\":\"search_term_string\"}}],\"inLanguage\":\"fi\"},{\"@type\":\"Organization\",\"@id\":\"https:\/\/miumjau.ee\/#organization\",\"name\":\"MiuMjau O\u00dc\",\"url\":\"https:\/\/miumjau.ee\/\",\"logo\":{\"@type\":\"ImageObject\",\"inLanguage\":\"fi\",\"@id\":\"https:\/\/miumjau.ee\/#\/schema\/logo\/image\/\",\"url\":\"https:\/\/miumjau.ee\/wp-content\/uploads\/2022\/04\/MiuMjau-logo-kollane.png\",\"contentUrl\":\"https:\/\/miumjau.ee\/wp-content\/uploads\/2022\/04\/MiuMjau-logo-kollane.png\",\"width\":219,\"height\":100,\"caption\":\"MiuMjau O\u00dc\"},\"image\":{\"@id\":\"https:\/\/miumjau.ee\/#\/schema\/logo\/image\/\"},\"sameAs\":[\"https:\/\/www.facebook.com\/miumjaupood\/\"]}]}<\/script>\n<!-- \/ Yoast SEO plugin. -->","yoast_head_json":{"title":"Lampaan sarvi Frigera, 1 kpl - MiuMjau","robots":{"index":"index","follow":"follow","max-snippet":"max-snippet:-1","max-image-preview":"max-image-preview:large","max-video-preview":"max-video-preview:-1"},"canonical":"https:\/\/miumjau.ee\/fi\/tuote\/lampaan-sarvi-frigera-1-kpl\/","og_locale":"fi_FI","og_type":"article","og_title":"Lampaan sarvi Frigera, 1 kpl - MiuMjau","og_description":"Pureskeleeko koirasi jokaisen herkun hetkess\u00e4? Oletko jo kokeillut kaikki luonnolliset puruherkut? \u00c4l\u00e4 etsi en\u00e4\u00e4 \u2013 Frigera lampaan sarvi on edullinen puruherkku, jota karvainen yst\u00e4v\u00e4si tarvitsee! Lampaan sarvemme ovat per\u00e4isin vapaana laiduntaneista, ruoholla ruokituista karitsoista. Ker\u00e4yksen j\u00e4lkeen ne liotetaan kuumassa vedess\u00e4, puhdistetaan ja kiillotetaan ter\u00e4vien reunojen poistamiseksi, mink\u00e4 j\u00e4lkeen ne kuivataan huolellisesti. Lampaan sarvet koostuvat eritt\u00e4in kest\u00e4v\u00e4st\u00e4 keratiinista ja kest\u00e4v\u00e4t viikoista jopa kuukausiin (koiran koosta ja kiinnostuksesta riippuen). T\u00e4m\u00e4 tekee niist\u00e4 erityisen sopivia ahdistuneille koirille, joilla on voimakas pureskelutarve, sill\u00e4 intensiivinen pureskelu vapauttaa paljon endorfiineja. T\u00e4m\u00e4 auttaa koiraa tuntemaan olonsa onnelliseksi ja rauhalliseksi. Koska ne ovat v\u00e4h\u00e4rasvaisia mutta sis\u00e4lt\u00e4v\u00e4t runsaasti proteiinia, kalsiumia ja fosforia, ne eiv\u00e4t vaikuta merkitt\u00e4v\u00e4sti koiran painoon, mutta tukevat terveiden luiden ja lihasten kehityst\u00e4. Vinkki: voit t\u00e4ytt\u00e4\u00e4 sarven p\u00e4\u00e4t mill\u00e4 tahansa koirasi suosimalla \u2013 maukkaalla koiratahnalla, lihalla, m\u00e4rk\u00e4ruoalla jne. Mahdollisuudet ovat rajattomat! T\u00e4m\u00e4 on erinomainen ja edullinen tapa opettaa oikeaa puruk\u00e4ytt\u00e4ytymist\u00e4. Sen sijaan ett\u00e4 t\u00e4ytteen loputtua j\u00e4isi j\u00e4ljelle ravitsemuksellisesti arvoton synteettinen lelu, tyhj\u00e4 sarvi voi toimia lis\u00e4palkintona koulutuksen ja leikin j\u00e4lkeen. 100 % lammas ja paino noin 80 g RuokintaohjeetAnna herkkuna aterioiden v\u00e4lill\u00e4 osana tasapainoista ruokavaliota. Valvo koiraa aina sy\u00f6misen aikana. Tarjoa aina riitt\u00e4v\u00e4sti raikasta vett\u00e4. Ei sovellu ihmisravinnoksi. Analyyttiset ainesosat: Proteiini 76,26 %; Rasva 2 %; Kosteus 7,93 %","og_url":"https:\/\/miumjau.ee\/fi\/tuote\/lampaan-sarvi-frigera-1-kpl\/","og_site_name":"MiuMjau","article_publisher":"https:\/\/www.facebook.com\/miumjaupood\/","og_image":[{"width":600,"height":800,"url":"https:\/\/miumjau.ee\/wp-content\/uploads\/2026\/04\/lamba-sarv-frigera.jpg","type":"image\/jpeg"}],"twitter_card":"summary_large_image","schema":{"@context":"https:\/\/schema.org","@graph":[{"@type":"WebPage","@id":"https:\/\/miumjau.ee\/fi\/tuote\/lampaan-sarvi-frigera-1-kpl\/","url":"https:\/\/miumjau.ee\/fi\/tuote\/lampaan-sarvi-frigera-1-kpl\/","name":"Lampaan sarvi Frigera, 1 kpl - MiuMjau","isPartOf":{"@id":"https:\/\/miumjau.ee\/#website"},"primaryImageOfPage":{"@id":"https:\/\/miumjau.ee\/fi\/tuote\/lampaan-sarvi-frigera-1-kpl\/#primaryimage"},"image":{"@id":"https:\/\/miumjau.ee\/fi\/tuote\/lampaan-sarvi-frigera-1-kpl\/#primaryimage"},"thumbnailUrl":"https:\/\/miumjau.ee\/wp-content\/uploads\/2026\/04\/lamba-sarv-frigera.jpg","datePublished":"2026-04-08T11:18:42+00:00","breadcrumb":{"@id":"https:\/\/miumjau.ee\/fi\/tuote\/lampaan-sarvi-frigera-1-kpl\/#breadcrumb"},"inLanguage":"fi","potentialAction":[{"@type":"ReadAction","target":["https:\/\/miumjau.ee\/fi\/tuote\/lampaan-sarvi-frigera-1-kpl\/"]}]},{"@type":"ImageObject","inLanguage":"fi","@id":"https:\/\/miumjau.ee\/fi\/tuote\/lampaan-sarvi-frigera-1-kpl\/#primaryimage","url":"https:\/\/miumjau.ee\/wp-content\/uploads\/2026\/04\/lamba-sarv-frigera.jpg","contentUrl":"https:\/\/miumjau.ee\/wp-content\/uploads\/2026\/04\/lamba-sarv-frigera.jpg","width":600,"height":800,"caption":"Lamba sarv Frigera, 1 tk"},{"@type":"BreadcrumbList","@id":"https:\/\/miumjau.ee\/fi\/tuote\/lampaan-sarvi-frigera-1-kpl\/#breadcrumb","itemListElement":[{"@type":"ListItem","position":1,"name":"Home","item":"https:\/\/miumjau.ee\/fi\/"},{"@type":"ListItem","position":2,"name":"Kauppa","item":"https:\/\/miumjau.ee\/fi\/kauppa\/"},{"@type":"ListItem","position":3,"name":"Lampaan sarvi Frigera, 1 kpl"}]},{"@type":"WebSite","@id":"https:\/\/miumjau.ee\/#website","url":"https:\/\/miumjau.ee\/","name":"MiuMjau","description":"Kraapimispuud kassidele","publisher":{"@id":"https:\/\/miumjau.ee\/#organization"},"potentialAction":[{"@type":"SearchAction","target":{"@type":"EntryPoint","urlTemplate":"https:\/\/miumjau.ee\/?s={search_term_string}"},"query-input":{"@type":"PropertyValueSpecification","valueRequired":true,"valueName":"search_term_string"}}],"inLanguage":"fi"},{"@type":"Organization","@id":"https:\/\/miumjau.ee\/#organization","name":"MiuMjau O\u00dc","url":"https:\/\/miumjau.ee\/","logo":{"@type":"ImageObject","inLanguage":"fi","@id":"https:\/\/miumjau.ee\/#\/schema\/logo\/image\/","url":"https:\/\/miumjau.ee\/wp-content\/uploads\/2022\/04\/MiuMjau-logo-kollane.png","contentUrl":"https:\/\/miumjau.ee\/wp-content\/uploads\/2022\/04\/MiuMjau-logo-kollane.png","width":219,"height":100,"caption":"MiuMjau O\u00dc"},"image":{"@id":"https:\/\/miumjau.ee\/#\/schema\/logo\/image\/"},"sameAs":["https:\/\/www.facebook.com\/miumjaupood\/"]}]}},"_links":{"self":[{"href":"https:\/\/miumjau.ee\/fi\/wp-json\/wp\/v2\/product\/57749","targetHints":{"allow":["GET"]}}],"collection":[{"href":"https:\/\/miumjau.ee\/fi\/wp-json\/wp\/v2\/product"}],"about":[{"href":"https:\/\/miumjau.ee\/fi\/wp-json\/wp\/v2\/types\/product"}],"wp:featuredmedia":[{"embeddable":true,"href":"https:\/\/miumjau.ee\/fi\/wp-json\/wp\/v2\/media\/57135"}],"wp:attachment":[{"href":"https:\/\/miumjau.ee\/fi\/wp-json\/wp\/v2\/media?parent=57749"}],"wp:term":[{"taxonomy":"product_brand","embeddable":true,"href":"https:\/\/miumjau.ee\/fi\/wp-json\/wp\/v2\/product_brand?post=57749"},{"taxonomy":"product_cat","embeddable":true,"href":"https:\/\/miumjau.ee\/fi\/wp-json\/wp\/v2\/product_cat?post=57749"},{"taxonomy":"product_tag","embeddable":true,"href":"https:\/\/miumjau.ee\/fi\/wp-json\/wp\/v2\/product_tag?post=57749"}],"curies":[{"name":"wp","href":"https:\/\/api.w.org\/{rel}","templated":true}]}}